{"id":6732,"date":"2025-03-08T08:08:32","date_gmt":"2025-03-08T08:08:32","guid":{"rendered":"https:\/\/afrycom.com\/product\/chaise-dordinateur-de-jeu-uvr-pour-fille-chaise-de-bureau-inclinable-a-la-maison-dossier-ergonomique-confort-sedentaire-chaise-dordinateur-reglable\/"},"modified":"2025-07-10T16:47:56","modified_gmt":"2025-07-10T16:47:56","slug":"chaise-dordinateur-de-jeu-uvr-pour-fille-chaise-de-bureau-inclinable-a-la-maison-dossier-ergonomique-confort-sedentaire-chaise-dordinateur-reglable","status":"publish","type":"product","link":"https:\/\/afrycom.com\/fr\/produit\/chaise-dordinateur-de-jeu-uvr-pour-fille-chaise-de-bureau-inclinable-a-la-maison-dossier-ergonomique-confort-sedentaire-chaise-dordinateur-reglable\/","title":{"rendered":"Chaise d'ordinateur de jeu UVR pour fille, chaise de bureau inclinable \u00e0 la maison, dossier ergonomique, confort s\u00e9dentaire, chaise d'ordinateur r\u00e9glable"},"content":{"rendered":"<p>&nbsp;<\/p>\n<div class=\"product-specs-list-container\">\n<ul class=\"product-specs-list util-clearfix\">\n<li class=\"product-prop line-limit-length\"><span class=\"property-title\">Chimique Hign-concern\u00e9 :\u00a0<\/span><span class=\"property-desc line-limit-length\">Aucun<\/span><\/li>\n<li class=\"product-prop line-limit-length\"><span class=\"property-title\">M\u00e9thode d'installation :\u00a0<\/span><span class=\"property-desc line-limit-length\">Assemblage<\/span><\/li>\n<li class=\"product-prop line-limit-length\"><span class=\"property-title\">Est rotatif :\u00a0<\/span><span class=\"property-desc line-limit-length\">Oui<\/span><\/li>\n<li class=\"product-prop line-limit-length\"><span class=\"property-title\">Avec mains courantes :\u00a0<\/span><span class=\"property-desc line-limit-length\">OUI<\/span><\/li>\n<li class=\"product-prop line-limit-length\"><span class=\"property-title\">Hauteur du dossier :\u00a0<\/span><span class=\"property-desc line-limit-length\">&lt;=125mm<\/span><\/li>\n<li class=\"product-prop line-limit-length\"><span class=\"property-title\">Avec roulettes :\u00a0<\/span><span class=\"property-desc line-limit-length\">Oui<\/span><\/li>\n<li class=\"product-prop line-limit-length\"><span class=\"property-title\">Personnalis\u00e9 :\u00a0<\/span><span class=\"property-desc line-limit-length\">Oui<\/span><\/li>\n<li class=\"product-prop line-limit-length\"><span class=\"property-title\">Origine :\u00a0<\/span><span class=\"property-desc line-limit-length\">CN (Origine)<\/span><\/li>\n<li class=\"product-prop line-limit-length\"><span class=\"property-title\">Utilisation g\u00e9n\u00e9rale :\u00a0<\/span><span class=\"property-desc line-limit-length\">Meubles commerciaux<\/span><\/li>\n<li class=\"product-prop line-limit-length\"><span class=\"property-title\">Num\u00e9ro de Mod\u00e8le :\u00a0<\/span><span class=\"property-desc line-limit-length\">UVR-1<\/span><\/li>\n<li class=\"product-prop line-limit-length\"><span class=\"property-title\">Nom de marque :\u00a0<\/span><span class=\"property-desc line-limit-length\">UVR<\/span><\/li>\n<li class=\"product-prop line-limit-length\"><span class=\"property-title\">Utilisation sp\u00e9cifique :\u00a0<\/span><span class=\"property-desc line-limit-length\">CHAISE DE BUREAU<\/span><\/li>\n<li class=\"product-prop line-limit-length\"><span class=\"property-title\">Type :\u00a0<\/span><span class=\"property-desc line-limit-length\">meubles de bureau<\/span><\/li>\n<li class=\"product-prop line-limit-length\"><span class=\"property-title\">Pli\u00e9 :\u00a0<\/span><span class=\"property-desc line-limit-length\">Pas de<\/span><\/li>\n<li class=\"product-prop line-limit-length\"><span class=\"property-title\">Mat\u00e9riau :\u00a0<\/span><span class=\"property-desc line-limit-length\">Cuir Synth\u00e9tique<\/span><\/li>\n<li class=\"product-prop line-limit-length\"><span class=\"property-title\">Style :\u00a0<\/span><span class=\"property-desc line-limit-length\">Chaise ex\u00e9cutive,Fauteuil releveur,chaise pivotante<\/span><\/li>\n<\/ul>\n<\/div>\n<div class=\"detailmodule_html\">\n<div class=\"detail-desc-decorate-richtext\">\n<p><img decoding=\"async\" style=\"width: 790px; height: 1500px;\" src=\"https:\/\/cdn.translate.alibaba.com\/r\/f40a2ba9ca1941c9b09b15955d19dff7.jpg\" width=\"790px\" height=\"1500px\" \/><img decoding=\"async\" style=\"width: 790px; height: 1121px;\" src=\"https:\/\/cdn.translate.alibaba.com\/r\/410cfe00efe142e093efbf3fc8989f5b.jpg\" width=\"790px\" height=\"1121px\" \/><img decoding=\"async\" style=\"width: 790px; height: 1500px;\" src=\"https:\/\/cdn.translate.alibaba.com\/r\/ee8d55d2e799478cb3f55a45a9dd7d1b.jpg\" width=\"790px\" height=\"1500px\" \/><img decoding=\"async\" style=\"width: 790px; height: 1185px;\" src=\"https:\/\/cdn.translate.alibaba.com\/r\/1d9ec69e127a4878a97b485570477133.jpg\" width=\"790px\" height=\"1185px\" \/><img decoding=\"async\" style=\"width: 790px; height: 1500px;\" src=\"https:\/\/cdn.translate.alibaba.com\/r\/cfbfd0efece845d084cc09d22cb1104a.jpg\" width=\"790px\" height=\"1500px\" \/><img decoding=\"async\" style=\"width: 790px; height: 1397px;\" src=\"https:\/\/cdn.translate.alibaba.com\/r\/435648885d1748e3bc09cbcb536790bc.jpg\" width=\"790px\" height=\"1397px\" \/><img decoding=\"async\" style=\"width: 790px; height: 1500px;\" src=\"https:\/\/cdn.translate.alibaba.com\/r\/f5a107c1ad7a469690c80b2e13aa8eac.jpg\" width=\"790px\" height=\"1500px\" \/><img decoding=\"async\" style=\"width: 790px; height: 1415px;\" src=\"https:\/\/cdn.translate.alibaba.com\/r\/108c6c116e374fc48d3eb054d641d851.jpg\" width=\"790px\" height=\"1415px\" \/><img decoding=\"async\" style=\"width: 790px; height: 1500px;\" src=\"https:\/\/cdn.translate.alibaba.com\/r\/098a1c5c7e3d486cb80c67d024c02c2b.jpg\" width=\"790px\" height=\"1500px\" \/><img decoding=\"async\" style=\"width: 790px; height: 1500px;\" src=\"https:\/\/cdn.translate.alibaba.com\/r\/9de264c5c56849f08f2a4f4765f32a1a.jpg\" width=\"790px\" height=\"1500px\" \/><img decoding=\"async\" style=\"width: 790px; height: 690px;\" src=\"https:\/\/cdn.translate.alibaba.com\/r\/78517d54f7124d12aff3d8a1e6abdb45.jpg\" width=\"790px\" height=\"690px\" \/><img decoding=\"async\" style=\"width: 790px; height: 924px;\" src=\"https:\/\/cdn.translate.alibaba.com\/r\/4f69ea906a154cbb8baf5d0697297433.jpg\" width=\"790px\" height=\"924px\" \/><img decoding=\"async\" style=\"width: 790px; height: 1267px;\" src=\"https:\/\/cdn.translate.alibaba.com\/r\/b5101fce56f54eb2ba9847a9f3b3c9fa.jpg\" width=\"790px\" height=\"1267px\" \/><\/p>\n<\/div>\n<\/div>","protected":false},"excerpt":{"rendered":"<p>&nbsp; Chimique Hign-concern\u00e9:\u00a0Aucun M\u00e9thode d\u2019installation:\u00a0Assemblage Est rotatif:\u00a0Oui Avec mains courantes:\u00a0YES Hauteur du dossier:\u00a0&lt;=125mm Avec roulettes:\u00a0Oui Personnalis\u00e9:\u00a0Oui Origine:\u00a0CN (Origine) Utilisation g\u00e9n\u00e9rale:\u00a0Meubles<\/p>","protected":false},"featured_media":6733,"comment_status":"open","ping_status":"closed","template":"","meta":[],"product_brand":[],"product_cat":[41,4691],"product_tag":[],"class_list":{"0":"post-6732","1":"product","2":"type-product","3":"status-publish","4":"has-post-thumbnail","6":"product_cat-gaming-electronics","7":"product_cat-gaming-chairs","9":"first","10":"instock","11":"shipping-taxable","12":"purchasable","13":"product-type-variable"},"jetpack_sharing_enabled":true,"_links":{"self":[{"href":"https:\/\/afrycom.com\/fr\/wp-json\/wp\/v2\/product\/6732","targetHints":{"allow":["GET"]}}],"collection":[{"href":"https:\/\/afrycom.com\/fr\/wp-json\/wp\/v2\/product"}],"about":[{"href":"https:\/\/afrycom.com\/fr\/wp-json\/wp\/v2\/types\/product"}],"replies":[{"embeddable":true,"href":"https:\/\/afrycom.com\/fr\/wp-json\/wp\/v2\/comments?post=6732"}],"wp:featuredmedia":[{"embeddable":true,"href":"https:\/\/afrycom.com\/fr\/wp-json\/wp\/v2\/media\/6733"}],"wp:attachment":[{"href":"https:\/\/afrycom.com\/fr\/wp-json\/wp\/v2\/media?parent=6732"}],"wp:term":[{"taxonomy":"product_brand","embeddable":true,"href":"https:\/\/afrycom.com\/fr\/wp-json\/wp\/v2\/product_brand?post=6732"},{"taxonomy":"product_cat","embeddable":true,"href":"https:\/\/afrycom.com\/fr\/wp-json\/wp\/v2\/product_cat?post=6732"},{"taxonomy":"product_tag","embeddable":true,"href":"https:\/\/afrycom.com\/fr\/wp-json\/wp\/v2\/product_tag?post=6732"}],"curies":[{"name":"wp","href":"https:\/\/api.w.org\/{rel}","templated":true}]}}