{"id":6699,"date":"2025-03-08T08:08:27","date_gmt":"2025-03-08T08:08:27","guid":{"rendered":"https:\/\/afrycom.com\/product\/jean-dechire-et-artificiel-astique-pour-homme-pantalon-crayon-en-denim-style-retro-gris-fjvintage-decontracte-a-la-mode\/"},"modified":"2025-08-07T16:04:25","modified_gmt":"2025-08-07T16:04:25","slug":"jean-dechire-et-artificiel-astique-pour-homme-pantalon-crayon-en-denim-style-retro-gris-fjvintage-decontracte-a-la-mode","status":"publish","type":"product","link":"https:\/\/afrycom.com\/fr\/produit\/jean-dechire-et-artificiel-astique-pour-homme-pantalon-crayon-en-denim-style-retro-gris-fjvintage-decontracte-a-la-mode\/","title":{"rendered":"Jean D\u00e9chir\u00e9 et artificiel astique pour Homme, Pantalon Crayon en Denim, Style R\u00e9tro, Gris, FjVintage, D\u00e9contract\u00e9, \u00e0 la Mode"},"content":{"rendered":"<div class=\"product-specs-list-container\">\n<ul class=\"product-specs-list util-clearfix\">\n<li class=\"product-prop line-limit-length\"><span\n                                        class=\"property-title\">Artisanat du tissage :&nbsp;<\/span><span\n                                        class=\"property-desc line-limit-length\">Tricoter<\/span>\n                            <\/li>\n<li class=\"product-prop line-limit-length\"><span\n                                        class=\"property-title\">Saison Applicable :&nbsp;<\/span><span\n                                        class=\"property-desc line-limit-length\">Quatre saisons<\/span>\n                            <\/li>\n<li class=\"product-prop line-limit-length\"><span\n                                        class=\"property-title\">Sc\u00e8ne applicable :&nbsp;<\/span><span\n                                        class=\"property-desc line-limit-length\">CASUAL<\/span>\n                            <\/li>\n<li class=\"product-prop line-limit-length\"><span\n                                        class=\"property-title\">Lieu du0027origine :&nbsp;<\/span><span\n                                        class=\"property-desc line-limit-length\">Chine (continent)<\/span>\n                            <\/li>\n<li class=\"product-prop line-limit-length\"><span\n                                        class=\"property-title\">D\u00e9coration :&nbsp;<\/span><span\n                                        class=\"property-desc line-limit-length\">Bouton<\/span>\n                            <\/li>\n<li class=\"product-prop line-limit-length\"><span\n                                        class=\"property-title\">Type de Motif :&nbsp;<\/span><span\n                                        class=\"property-desc line-limit-length\">Solide<\/span>\n                            <\/li>\n<li class=\"product-prop line-limit-length\"><span\n                                        class=\"property-title\">Num\u00e9ro de Mod\u00e8le :&nbsp;<\/span><span\n                                        class=\"property-desc line-limit-length\">8913<\/span>\n                            <\/li>\n<li class=\"product-prop line-limit-length\"><span\n                                        class=\"property-title\">Style :&nbsp;<\/span><span\n                                        class=\"property-desc line-limit-length\">Le sport<\/span>\n                            <\/li>\n<li class=\"product-prop line-limit-length\"><span\n                                        class=\"property-title\">Longueur :&nbsp;<\/span><span\n                                        class=\"property-desc line-limit-length\">pleine longueur<\/span>\n                            <\/li>\n<li class=\"product-prop line-limit-length\"><span\n                                        class=\"property-title\">\u00c9paisseur :&nbsp;<\/span><span\n                                        class=\"property-desc line-limit-length\">Mi-lourd<\/span>\n                            <\/li>\n<li class=\"product-prop line-limit-length\"><span\n                                        class=\"property-title\">Style jeans :&nbsp;<\/span><span\n                                        class=\"property-desc line-limit-length\">crayon pantalon<\/span>\n                            <\/li>\n<li class=\"product-prop line-limit-length\"><span\n                                        class=\"property-title\">Type de tissu :&nbsp;<\/span><span\n                                        class=\"property-desc line-limit-length\">\u00c9pluchage<\/span>\n                            <\/li>\n<li class=\"product-prop line-limit-length\"><span\n                                        class=\"property-title\">Type de taille :&nbsp;<\/span><span\n                                        class=\"property-desc line-limit-length\">MID<\/span>\n                            <\/li>\n<li class=\"product-prop line-limit-length\"><span\n                                        class=\"property-title\">Type d'ajustement :&nbsp;<\/span><span\n                                        class=\"property-desc line-limit-length\">Mince<\/span>\n                            <\/li>\n<li class=\"product-prop line-limit-length\"><span\n                                        class=\"property-title\">Laver :&nbsp;<\/span><span\n                                        class=\"property-desc line-limit-length\">Medium,Afflig\u00e9,Lavage de singe,Effet moustache<\/span>\n                            <\/li>\n<li class=\"product-prop line-limit-length\"><span\n                                        class=\"property-title\">Type de Fermeture :&nbsp;<\/span><span\n                                        class=\"property-desc line-limit-length\">mouche fermeture \u00e9clair<\/span>\n                            <\/li>\n<li class=\"product-prop line-limit-length\"><span\n                                        class=\"property-title\">Mat\u00e9riau :&nbsp;<\/span><span\n                                        class=\"property-desc line-limit-length\">Toile<\/span>\n                            <\/li>\n<li class=\"product-prop line-limit-length\"><span\n                                        class=\"property-title\">Origine :&nbsp;<\/span><span\n                                        class=\"property-desc line-limit-length\">CN (Origine)<\/span>\n                            <\/li>\n<li class=\"product-prop line-limit-length\"><span\n                                        class=\"property-title\">Sexe :&nbsp;<\/span><span\n                                        class=\"property-desc line-limit-length\">MEN<\/span>\n                            <\/li>\n<li class=\"product-prop line-limit-length\"><span\n                                        class=\"property-title\">Type d'article :&nbsp;<\/span><span\n                                        class=\"property-desc line-limit-length\">JEANS<\/span>\n                            <\/li>\n<li class=\"product-prop line-limit-length\"><span\n                                        class=\"property-title\">CN :&nbsp;<\/span><span\n                                        class=\"property-desc line-limit-length\">Anhui<\/span>\n                            <\/li>\n<li class=\"product-prop line-limit-length\"><span\n                                        class=\"property-title\">Couleur :&nbsp;<\/span><span\n                                        class=\"property-desc line-limit-length\">Gris bleu\/Gris fonc\u00e9\/Gris clair<\/span>\n                            <\/li>\n<li class=\"product-prop line-limit-length\"><span\n                                        class=\"property-title\">Taille :&nbsp;<\/span><span\n                                        class=\"property-desc line-limit-length\">W28\/W29\/W30\/W31\/W32\/W33\/W34\/W36<\/span>\n                            <\/li>\n<li class=\"product-prop line-limit-length\"><span\n                                        class=\"property-title\">Mat\u00e9riau :&nbsp;<\/span><span\n                                        class=\"property-desc line-limit-length\">74.3% Coton 1.2% Spandex 24.5% Polyster<\/span>\n                            <\/li>\n<\/ul><\/div>\n<div class=\"detailmodule_html\">\n<div class=\"detail-desc-decorate-richtext\">\n<div class=\"detailmodule_text-image\"><img decoding=\"async\" style=\"margin-bottom:10px\" class=\"detail-desc-decorate-image\" src=\"https:\/\/ae01.alicdn.com\/kf\/S1728a59f816649dd8a8479f059fb0fe9a.jpg\" slate-data-type=\"image\"\/><\/div>\n<div class=\"detailmodule_text-image\"><img decoding=\"async\" style=\"margin-bottom:10px\" class=\"detail-desc-decorate-image\" src=\"https:\/\/ae01.alicdn.com\/kf\/S16474d4d22fc4bdf83d3c9b3af0ffdcbg.jpg\" slate-data-type=\"image\"\/><img decoding=\"async\" style=\"margin-bottom:10px\" class=\"detail-desc-decorate-image\" src=\"https:\/\/ae01.alicdn.com\/kf\/S0ef289d6e75946eeb4f6bd5227ee139dA.jpg\" slate-data-type=\"image\"\/><img decoding=\"async\" style=\"margin-bottom:10px\" class=\"detail-desc-decorate-image\" src=\"https:\/\/ae01.alicdn.com\/kf\/S77f98fff3edf41fab1f45f54ce5532bfM.jpg\" slate-data-type=\"image\"\/><img decoding=\"async\" style=\"margin-bottom:10px\" class=\"detail-desc-decorate-image\" src=\"https:\/\/ae01.alicdn.com\/kf\/S1104e025c4094e43a32b6f20330f1dabi.jpg\" slate-data-type=\"image\"\/><img decoding=\"async\" style=\"margin-bottom:10px\" class=\"detail-desc-decorate-image\" src=\"https:\/\/ae01.alicdn.com\/kf\/S56a9421031284fab9c7345b415217511y.jpg\" slate-data-type=\"image\"\/><img decoding=\"async\" style=\"margin-bottom:10px\" class=\"detail-desc-decorate-image\" src=\"https:\/\/ae01.alicdn.com\/kf\/Sc06cd513a5ba41c4a0b513998f1f92efR.jpg\" slate-data-type=\"image\"\/><img decoding=\"async\" style=\"margin-bottom:10px\" class=\"detail-desc-decorate-image\" src=\"https:\/\/ae01.alicdn.com\/kf\/S5e9d9414df2143fa8530d050536ecbfdc.jpg\" slate-data-type=\"image\"\/><img decoding=\"async\" style=\"margin-bottom:10px\" class=\"detail-desc-decorate-image\" src=\"https:\/\/ae01.alicdn.com\/kf\/Scd4eeab6bda4410cb8e6d17586c6b0ffe.jpg\" slate-data-type=\"image\"\/><img decoding=\"async\" style=\"margin-bottom:10px\" class=\"detail-desc-decorate-image\" src=\"https:\/\/ae01.alicdn.com\/kf\/S317bdc05cd244150a77248c5cc4a6094o.jpg\" slate-data-type=\"image\"\/><\/div>\n<div class=\"detailmodule_text-image\"><img decoding=\"async\" style=\"margin-bottom:10px\" class=\"detail-desc-decorate-image\" src=\"https:\/\/ae01.alicdn.com\/kf\/Sf0067227f8704905b71f65ecb6ddb5a4r.jpg\" slate-data-type=\"image\"\/><img decoding=\"async\" style=\"margin-bottom:10px\" class=\"detail-desc-decorate-image\" src=\"https:\/\/ae01.alicdn.com\/kf\/S2d2bc2e17bd8448b90ea178f9f891407M.jpg\" slate-data-type=\"image\"\/><img decoding=\"async\" style=\"margin-bottom:10px\" class=\"detail-desc-decorate-image\" src=\"https:\/\/ae01.alicdn.com\/kf\/S5fabae8378f443b09bd8de4acc1bd1e6h.jpg\" slate-data-type=\"image\"\/><img decoding=\"async\" style=\"margin-bottom:10px\" class=\"detail-desc-decorate-image\" src=\"https:\/\/ae01.alicdn.com\/kf\/Saeaca52d34884f7786e4f622008a153fr.jpg\" slate-data-type=\"image\"\/><img decoding=\"async\" style=\"margin-bottom:10px\" class=\"detail-desc-decorate-image\" src=\"https:\/\/ae01.alicdn.com\/kf\/S2b30c584b6a64f98b57db9219f785ec1Y.jpg\" slate-data-type=\"image\"\/><img decoding=\"async\" style=\"margin-bottom:10px\" class=\"detail-desc-decorate-image\" src=\"https:\/\/ae01.alicdn.com\/kf\/Sb0b28f4ad4af4b7693db5b83c4313940k.jpg\" slate-data-type=\"image\"\/><img decoding=\"async\" style=\"margin-bottom:10px\" class=\"detail-desc-decorate-image\" src=\"https:\/\/ae01.alicdn.com\/kf\/S96ae72d9acd5455caad910d73beffe9fv.jpg\" slate-data-type=\"image\"\/><\/div>\n<div class=\"detailmodule_text-image\"><img decoding=\"async\" style=\"margin-bottom:10px\" class=\"detail-desc-decorate-image\" src=\"https:\/\/ae01.alicdn.com\/kf\/S3f5d5e3696294bc1a70cd689b27ad7490.jpg\" slate-data-type=\"image\"\/><img decoding=\"async\" style=\"margin-bottom:10px\" class=\"detail-desc-decorate-image\" src=\"https:\/\/ae01.alicdn.com\/kf\/S318cee750f96435595b9b637d8b74e0eh.jpg\" slate-data-type=\"image\"\/><img decoding=\"async\" style=\"margin-bottom:10px\" class=\"detail-desc-decorate-image\" src=\"https:\/\/ae01.alicdn.com\/kf\/S7e7cecc367724a9db8f4bfbc5d456505G.jpg\" slate-data-type=\"image\"\/><img decoding=\"async\" style=\"margin-bottom:10px\" class=\"detail-desc-decorate-image\" src=\"https:\/\/ae01.alicdn.com\/kf\/S52b659f30c8c45d48bf13b3519497b7bS.jpg\" slate-data-type=\"image\"\/><img decoding=\"async\" style=\"margin-bottom:10px\" class=\"detail-desc-decorate-image\" src=\"https:\/\/ae01.alicdn.com\/kf\/Saea4c49ec8534d6f8ecd3fc26b59cbd7w.jpg\" slate-data-type=\"image\"\/><img decoding=\"async\" style=\"margin-bottom:10px\" class=\"detail-desc-decorate-image\" src=\"https:\/\/ae01.alicdn.com\/kf\/Scba8463df42d497da8e8239fefa07014H.jpg\" slate-data-type=\"image\"\/><img decoding=\"async\" style=\"margin-bottom:10px\" class=\"detail-desc-decorate-image\" src=\"https:\/\/ae01.alicdn.com\/kf\/Sc762feef42264fe384716edfaf0c1688a.jpg\" slate-data-type=\"image\"\/><\/div>\n<div class=\"detailmodule_text-image\"><img decoding=\"async\" style=\"margin-bottom:10px\" class=\"detail-desc-decorate-image\" src=\"https:\/\/ae01.alicdn.com\/kf\/S744ca7a895cc4437a63cdfa0a991e494A.jpg\" slate-data-type=\"image\"\/><img decoding=\"async\" style=\"margin-bottom:10px\" class=\"detail-desc-decorate-image\" src=\"https:\/\/ae01.alicdn.com\/kf\/S3c1a6b98d6664febacd19b1c0785e2a6O.jpg\" slate-data-type=\"image\"\/><\/div>\n<p><\/p>\n<\/div>\n<\/div>","protected":false},"excerpt":{"rendered":"<p>Artisanat du tissage:&nbsp;Tricoter Saison Applicable:&nbsp;Quatre saisons Applicable Scene:&nbsp;CASUAL Lieu du0027origine:&nbsp;Chine (continent) D\u00e9coration:&nbsp;Bouton Type de Motif:&nbsp;Solide Num\u00e9ro de Mod\u00e8le:&nbsp;8913 Style:&nbsp;Sport Longueur:&nbsp;pleine<\/p>","protected":false},"featured_media":6700,"comment_status":"open","ping_status":"closed","template":"","meta":[],"product_brand":[],"product_cat":[1450,4981],"product_tag":[],"class_list":{"0":"post-6699","1":"product","2":"type-product","3":"status-publish","4":"has-post-thumbnail","6":"product_cat-mens-section","7":"product_cat-pants-jeans","9":"first","10":"instock","11":"shipping-taxable","12":"purchasable","13":"product-type-variable"},"jetpack_sharing_enabled":true,"_links":{"self":[{"href":"https:\/\/afrycom.com\/fr\/wp-json\/wp\/v2\/product\/6699","targetHints":{"allow":["GET"]}}],"collection":[{"href":"https:\/\/afrycom.com\/fr\/wp-json\/wp\/v2\/product"}],"about":[{"href":"https:\/\/afrycom.com\/fr\/wp-json\/wp\/v2\/types\/product"}],"replies":[{"embeddable":true,"href":"https:\/\/afrycom.com\/fr\/wp-json\/wp\/v2\/comments?post=6699"}],"wp:featuredmedia":[{"embeddable":true,"href":"https:\/\/afrycom.com\/fr\/wp-json\/wp\/v2\/media\/6700"}],"wp:attachment":[{"href":"https:\/\/afrycom.com\/fr\/wp-json\/wp\/v2\/media?parent=6699"}],"wp:term":[{"taxonomy":"product_brand","embeddable":true,"href":"https:\/\/afrycom.com\/fr\/wp-json\/wp\/v2\/product_brand?post=6699"},{"taxonomy":"product_cat","embeddable":true,"href":"https:\/\/afrycom.com\/fr\/wp-json\/wp\/v2\/product_cat?post=6699"},{"taxonomy":"product_tag","embeddable":true,"href":"https:\/\/afrycom.com\/fr\/wp-json\/wp\/v2\/product_tag?post=6699"}],"curies":[{"name":"wp","href":"https:\/\/api.w.org\/{rel}","templated":true}]}}