{"id":6664,"date":"2025-03-08T08:08:24","date_gmt":"2025-03-08T08:08:24","guid":{"rendered":"https:\/\/afrycom.com\/product\/jean-gris-de-couleur-pure-pour-hommes-taille-elastique-slim-extensible-sans-dechire-streetwear-pantalon-en-denim-noir-2021\/"},"modified":"2025-08-07T16:04:37","modified_gmt":"2025-08-07T16:04:37","slug":"jean-gris-de-couleur-pure-pour-hommes-taille-elastique-slim-extensible-sans-dechire-streetwear-pantalon-en-denim-noir-2021","status":"publish","type":"product","link":"https:\/\/afrycom.com\/fr\/produit\/jean-gris-de-couleur-pure-pour-hommes-taille-elastique-slim-extensible-sans-dechire-streetwear-pantalon-en-denim-noir-2021\/","title":{"rendered":"Jean gris de couleur Pure pour hommes, taille \u00e9lastique, slim, extensible, sans d\u00e9chir\u00e9, Streetwear, pantalon en Denim noir, 2021"},"content":{"rendered":"<div class=\"product-specs-list-container\">\n<ul class=\"product-specs-list util-clearfix\">\n<li class=\"product-prop line-limit-length\"><span\n                                        class=\"property-title\">Chimique Hign-concern\u00e9 :&nbsp;<\/span><span\n                                        class=\"property-desc line-limit-length\">Aucun<\/span>\n                            <\/li>\n<li class=\"product-prop line-limit-length\"><span\n                                        class=\"property-title\">Saison Applicable :&nbsp;<\/span><span\n                                        class=\"property-desc line-limit-length\">Printemps et automne<\/span>\n                            <\/li>\n<li class=\"product-prop line-limit-length\"><span\n                                        class=\"property-title\">Sc\u00e8ne applicable :&nbsp;<\/span><span\n                                        class=\"property-desc line-limit-length\">CASUAL<\/span>\n                            <\/li>\n<li class=\"product-prop line-limit-length\"><span\n                                        class=\"property-title\">D\u00e9coration :&nbsp;<\/span><span\n                                        class=\"property-desc line-limit-length\">AUCUN<\/span>\n                            <\/li>\n<li class=\"product-prop line-limit-length\"><span\n                                        class=\"property-title\">Type de Motif :&nbsp;<\/span><span\n                                        class=\"property-desc line-limit-length\">Solide<\/span>\n                            <\/li>\n<li class=\"product-prop line-limit-length\"><span\n                                        class=\"property-title\">Num\u00e9ro de Mod\u00e8le :&nbsp;<\/span><span\n                                        class=\"property-desc line-limit-length\">DY011<\/span>\n                            <\/li>\n<li class=\"product-prop line-limit-length\"><span\n                                        class=\"property-title\">Style :&nbsp;<\/span><span\n                                        class=\"property-desc line-limit-length\">Le sport<\/span>\n                            <\/li>\n<li class=\"product-prop line-limit-length\"><span\n                                        class=\"property-title\">Longueur :&nbsp;<\/span><span\n                                        class=\"property-desc line-limit-length\">pleine longueur<\/span>\n                            <\/li>\n<li class=\"product-prop line-limit-length\"><span\n                                        class=\"property-title\">\u00c9paisseur :&nbsp;<\/span><span\n                                        class=\"property-desc line-limit-length\">Mi-lourd<\/span>\n                            <\/li>\n<li class=\"product-prop line-limit-length\"><span\n                                        class=\"property-title\">Style jeans :&nbsp;<\/span><span\n                                        class=\"property-desc line-limit-length\">crayon pantalon<\/span>\n                            <\/li>\n<li class=\"product-prop line-limit-length\"><span\n                                        class=\"property-title\">Type de tissu :&nbsp;<\/span><span\n                                        class=\"property-desc line-limit-length\">adoucisseur<\/span>\n                            <\/li>\n<li class=\"product-prop line-limit-length\"><span\n                                        class=\"property-title\">Type de taille :&nbsp;<\/span><span\n                                        class=\"property-desc line-limit-length\">MID<\/span>\n                            <\/li>\n<li class=\"product-prop line-limit-length\"><span\n                                        class=\"property-title\">Type d'ajustement :&nbsp;<\/span><span\n                                        class=\"property-desc line-limit-length\">maigre<\/span>\n                            <\/li>\n<li class=\"product-prop line-limit-length\"><span\n                                        class=\"property-title\">Laver :&nbsp;<\/span><span\n                                        class=\"property-desc line-limit-length\">lumi\u00e8re<\/span>\n                            <\/li>\n<li class=\"product-prop line-limit-length\"><span\n                                        class=\"property-title\">Type de Fermeture :&nbsp;<\/span><span\n                                        class=\"property-desc line-limit-length\">mouche fermeture \u00e9clair<\/span>\n                            <\/li>\n<li class=\"product-prop line-limit-length\"><span\n                                        class=\"property-title\">Origine :&nbsp;<\/span><span\n                                        class=\"property-desc line-limit-length\">CN (Origine)<\/span>\n                            <\/li>\n<li class=\"product-prop line-limit-length\"><span\n                                        class=\"property-title\">CN :&nbsp;<\/span><span\n                                        class=\"property-desc line-limit-length\">Guangdong<\/span>\n                            <\/li>\n<li class=\"product-prop line-limit-length\"><span\n                                        class=\"property-title\">Sexe :&nbsp;<\/span><span\n                                        class=\"property-desc line-limit-length\">MEN<\/span>\n                            <\/li>\n<li class=\"product-prop line-limit-length\"><span\n                                        class=\"property-title\">Mat\u00e9riau :&nbsp;<\/span><span\n                                        class=\"property-desc line-limit-length\">Toile<\/span>\n                            <\/li>\n<li class=\"product-prop line-limit-length\"><span\n                                        class=\"property-title\">Type d'article :&nbsp;<\/span><span\n                                        class=\"property-desc line-limit-length\">JEANS<\/span>\n                            <\/li>\n<\/ul><\/div>\n<div class=\"detailmodule_html\">\n<div class=\"detail-desc-decorate-richtext\">\n<div class=\"detailmodule_html\">\n<div class=\"detail-desc-decorate-richtext\">\n<div><kse:widget data-widget-type=\"customText\" id=\"1005000001094093\" title=\"\" type=\"custom\"><\/kse:widget><\/div>\n<div>&nbsp;<\/div>\n<div>\n<p class=\"detail-desc-decorate-title\" style=\"font-family:OpenSans;font-size:20px;font-weight:900;line-height:28px;white-space:pre-wrap;color:rgb(0, 0, 0);margin-bottom:12px\">Bienvenue dans notre boutique, la qualit\u00e9 d'abord, le service d'abord, votre satisfaction est notre plus grande motivation.<\/p>\n<p>Design de mode, 100 % neuf, de haute qualit\u00e9 !<\/p>\n<p>Taille : S M L XL 2XL 3XL<\/p>\n<p>Genre : hommes<\/p>\n<p>Saison : printemps, automne, hiver.<\/p>\n<p>La diff\u00e9rence entre 2 cm et 3 cm a \u00e9t\u00e9 mesur\u00e9e manuellement. Veuillez v\u00e9rifier attentivement la feuille de taille avant d'acheter ce produit. Il y a une l\u00e9g\u00e8re diff\u00e9rence de couleur entre les diff\u00e9rents moniteurs. Une l\u00e9g\u00e8re couleur est normale.<\/p>\n<p>Ce que vous obtenez :<\/p>\n<p>1 x jean pour homme<\/p>\n<p>Promesse<\/p>\n<p>Si le produit pr\u00e9sente des probl\u00e8mes de qualit\u00e9, n'h\u00e9sitez pas \u00e0 nous contacter, nous vous aiderons \u00e0 r\u00e9soudre le probl\u00e8me le plus rapidement possible<\/p>\n<p>Merci, je vous souhaite un bon shopping !<\/p>\n<\/div>\n<div>\n<p class=\"detail-desc-decorate-title\" style=\"font-family:OpenSans;font-size:20px;font-weight:900;line-height:28px;white-space:pre-wrap;color:rgb(0, 0, 0);margin-bottom:12px\">Tableau des tailles<\/p>\n<div><img decoding=\"async\" referrerpolicy=\"no-referrer\" slate-data-type=\"image\" src=\"https:\/\/ae01.alicdn.com\/kf\/Hcd49534244f24f3fa1f6f8fe5f5969156.jpg\"><\/div>\n<\/div>\n<div>\n<p class=\"detail-desc-decorate-title\" style=\"font-family:OpenSans;font-size:20px;font-weight:900;line-height:28px;white-space:pre-wrap;color:rgb(0, 0, 0);margin-bottom:12px\">Exposition de produits<\/p>\n<div><img decoding=\"async\" referrerpolicy=\"no-referrer\" slate-data-type=\"image\" src=\"https:\/\/ae01.alicdn.com\/kf\/H83071175a29d4510b0b5e09123be52754.jpg\"> <img decoding=\"async\" referrerpolicy=\"no-referrer\" slate-data-type=\"image\" src=\"https:\/\/ae01.alicdn.com\/kf\/Hd424b71e363f4319bd6c9e3a344c89deb.jpg\"> <img decoding=\"async\" referrerpolicy=\"no-referrer\" slate-data-type=\"image\" src=\"https:\/\/ae01.alicdn.com\/kf\/H7f3b896ef92045ab93a2331e192e1ad5u.jpg\"> <img decoding=\"async\" referrerpolicy=\"no-referrer\" slate-data-type=\"image\" src=\"https:\/\/ae01.alicdn.com\/kf\/H4009d87690c74871ae3ad3076c1e5333E.jpg\"> <img decoding=\"async\" referrerpolicy=\"no-referrer\" slate-data-type=\"image\" src=\"https:\/\/ae01.alicdn.com\/kf\/H3c430e74bd1e476d997ceb20ee77397fy.jpg\"> <img decoding=\"async\" referrerpolicy=\"no-referrer\" slate-data-type=\"image\" src=\"https:\/\/ae01.alicdn.com\/kf\/Hf99ddd80c64e4a45b60d14af6547f802c.jpg\"> <img decoding=\"async\" referrerpolicy=\"no-referrer\" slate-data-type=\"image\" src=\"https:\/\/ae01.alicdn.com\/kf\/Ha7bbe0dfa07c4c9e9ed40bdf847c4273b.jpg\"> <img decoding=\"async\" referrerpolicy=\"no-referrer\" slate-data-type=\"image\" src=\"https:\/\/ae01.alicdn.com\/kf\/H224cd6ac7fb141fab7a7334e089a5133Q.jpg\"> <img decoding=\"async\" referrerpolicy=\"no-referrer\" slate-data-type=\"image\" src=\"https:\/\/ae01.alicdn.com\/kf\/H3055fde37a9e42ea9efe31379c8a43edO.jpg\"><\/div>\n<\/div>\n<div><img decoding=\"async\" class=\"detail-desc-decorate-image\" referrerpolicy=\"no-referrer\" slate-data-type=\"image\" src=\"https:\/\/ae01.alicdn.com\/kf\/Haeb442b064874af1bcbff5ec443d202fH.jpg\"> <img decoding=\"async\" class=\"detail-desc-decorate-image\" referrerpolicy=\"no-referrer\" slate-data-type=\"image\" src=\"https:\/\/ae01.alicdn.com\/kf\/He6272f73ce8c421291be9109ab4ed9efE.jpg\"> <img decoding=\"async\" class=\"detail-desc-decorate-image\" referrerpolicy=\"no-referrer\" slate-data-type=\"image\" src=\"https:\/\/ae01.alicdn.com\/kf\/Hf7f0404b842a44b4846684a3210f6fd6Z.jpg\"> <img decoding=\"async\" class=\"detail-desc-decorate-image\" referrerpolicy=\"no-referrer\" slate-data-type=\"image\" src=\"https:\/\/ae01.alicdn.com\/kf\/H289e1d7f7d0a438faeed2068a3349521y.jpg\"> <img decoding=\"async\" class=\"detail-desc-decorate-image\" referrerpolicy=\"no-referrer\" slate-data-type=\"image\" src=\"https:\/\/ae01.alicdn.com\/kf\/H2ddf1a05bc5544708328f0809168afb5o.jpg\"><\/div>\n<p>&nbsp;<\/p>\n<div><kse:widget data-widget-type=\"relatedProduct\" id=\"1005000001093286\" title=\"\" type=\"relation\"><\/kse:widget><\/div>\n<\/div>\n<\/div>\n<\/div>\n<\/div>","protected":false},"excerpt":{"rendered":"<p>Chimique Hign-concern\u00e9:&nbsp;Aucun Saison Applicable:&nbsp;Spring and Autumn Applicable Scene:&nbsp;CASUAL D\u00e9coration:&nbsp;NONE Type de Motif:&nbsp;Solide Num\u00e9ro de Mod\u00e8le:&nbsp;DY011 Style:&nbsp;Sport Longueur:&nbsp;pleine longueur \u00c9paisseur:&nbsp;Mi-lourd Style<\/p>","protected":false},"featured_media":6666,"comment_status":"open","ping_status":"closed","template":"","meta":[],"product_brand":[],"product_cat":[1450,4981],"product_tag":[],"class_list":{"0":"post-6664","1":"product","2":"type-product","3":"status-publish","4":"has-post-thumbnail","6":"product_cat-mens-section","7":"product_cat-pants-jeans","9":"first","10":"instock","11":"shipping-taxable","12":"purchasable","13":"product-type-variable"},"jetpack_sharing_enabled":true,"_links":{"self":[{"href":"https:\/\/afrycom.com\/fr\/wp-json\/wp\/v2\/product\/6664","targetHints":{"allow":["GET"]}}],"collection":[{"href":"https:\/\/afrycom.com\/fr\/wp-json\/wp\/v2\/product"}],"about":[{"href":"https:\/\/afrycom.com\/fr\/wp-json\/wp\/v2\/types\/product"}],"replies":[{"embeddable":true,"href":"https:\/\/afrycom.com\/fr\/wp-json\/wp\/v2\/comments?post=6664"}],"wp:featuredmedia":[{"embeddable":true,"href":"https:\/\/afrycom.com\/fr\/wp-json\/wp\/v2\/media\/6666"}],"wp:attachment":[{"href":"https:\/\/afrycom.com\/fr\/wp-json\/wp\/v2\/media?parent=6664"}],"wp:term":[{"taxonomy":"product_brand","embeddable":true,"href":"https:\/\/afrycom.com\/fr\/wp-json\/wp\/v2\/product_brand?post=6664"},{"taxonomy":"product_cat","embeddable":true,"href":"https:\/\/afrycom.com\/fr\/wp-json\/wp\/v2\/product_cat?post=6664"},{"taxonomy":"product_tag","embeddable":true,"href":"https:\/\/afrycom.com\/fr\/wp-json\/wp\/v2\/product_tag?post=6664"}],"curies":[{"name":"wp","href":"https:\/\/api.w.org\/{rel}","templated":true}]}}