{"id":6337,"date":"2025-03-08T08:08:01","date_gmt":"2025-03-08T08:08:01","guid":{"rendered":"https:\/\/afrycom.com\/product\/mode-haute-qualite-100-coton-decontracte-a-manches-longues-chemises-pour-hommes-coupe-ajustee-formelle-plaine-chemise-pied-de-poule-plaid-haut-rose-vetements\/"},"modified":"2025-08-07T16:05:31","modified_gmt":"2025-08-07T16:05:31","slug":"mode-haute-qualite-100-coton-decontracte-a-manches-longues-chemises-pour-hommes-coupe-ajustee-formelle-plaine-chemise-pied-de-poule-plaid-haut-rose-vetements","status":"publish","type":"product","link":"https:\/\/afrycom.com\/fr\/produit\/mode-haute-qualite-100-coton-decontracte-a-manches-longues-chemises-pour-hommes-coupe-ajustee-formelle-plaine-chemise-pied-de-poule-plaid-haut-rose-vetements\/","title":{"rendered":"Mode haute qualit\u00e9 100% coton d\u00e9contract\u00e9 \u00e0 manches longues chemises pour hommes coupe ajust\u00e9e formelle plaine chemise pied-de-poule plaid haut rose v\u00eatements"},"content":{"rendered":"<div class=\"product-specs-list-container\">\n<ul class=\"product-specs-list util-clearfix\">\n<li class=\"product-prop line-limit-length\"><span\n                                        class=\"property-title\">Chimique Hign-concern\u00e9 :&nbsp;<\/span><span\n                                        class=\"property-desc line-limit-length\">Aucun<\/span>\n                            <\/li>\n<li class=\"product-prop line-limit-length\"><span\n                                        class=\"property-title\">Saison Applicable :&nbsp;<\/span><span\n                                        class=\"property-desc line-limit-length\">Printemps et automne<\/span>\n                            <\/li>\n<li class=\"product-prop line-limit-length\"><span\n                                        class=\"property-title\">Sc\u00e8ne applicable :&nbsp;<\/span><span\n                                        class=\"property-desc line-limit-length\">CASUAL<\/span>\n                            <\/li>\n<li class=\"product-prop line-limit-length\"><span\n                                        class=\"property-title\">Lieu du0027origine :&nbsp;<\/span><span\n                                        class=\"property-desc line-limit-length\">Chine (continent)<\/span>\n                            <\/li>\n<li class=\"product-prop line-limit-length\"><span\n                                        class=\"property-title\">Type de fermeture :&nbsp;<\/span><span\n                                        class=\"property-desc line-limit-length\">Seins simples<\/span>\n                            <\/li>\n<li class=\"product-prop line-limit-length\"><span\n                                        class=\"property-title\">Type de Motif :&nbsp;<\/span><span\n                                        class=\"property-desc line-limit-length\">Plaid<\/span>\n                            <\/li>\n<li class=\"product-prop line-limit-length\"><span\n                                        class=\"property-title\">Style de Manches :&nbsp;<\/span><span\n                                        class=\"property-desc line-limit-length\">R\u00c9GULIER<\/span>\n                            <\/li>\n<li class=\"product-prop line-limit-length\"><span\n                                        class=\"property-title\">Num\u00e9ro de Mod\u00e8le :&nbsp;<\/span><span\n                                        class=\"property-desc line-limit-length\">sn\/2405<\/span>\n                            <\/li>\n<li class=\"product-prop line-limit-length\"><span\n                                        class=\"property-title\">Type de tissu :&nbsp;<\/span><span\n                                        class=\"property-desc line-limit-length\">Oxford (en anglais)<\/span>\n                            <\/li>\n<li class=\"product-prop line-limit-length\"><span\n                                        class=\"property-title\">Style :&nbsp;<\/span><span\n                                        class=\"property-desc line-limit-length\">Le sport<\/span>\n                            <\/li>\n<li class=\"product-prop line-limit-length\"><span\n                                        class=\"property-title\">Collier :&nbsp;<\/span><span\n                                        class=\"property-desc line-limit-length\">\u00c0 col rabattu<\/span>\n                            <\/li>\n<li class=\"product-prop line-limit-length\"><span\n                                        class=\"property-title\">Longueur de Manche (cm) :&nbsp;<\/span><span\n                                        class=\"property-desc line-limit-length\">Plein<\/span>\n                            <\/li>\n<li class=\"product-prop line-limit-length\"><span\n                                        class=\"property-title\">Mat\u00e9riau :&nbsp;<\/span><span\n                                        class=\"property-desc line-limit-length\">COTON<\/span>\n                            <\/li>\n<li class=\"product-prop line-limit-length\"><span\n                                        class=\"property-title\">Type de Chemises :&nbsp;<\/span><span\n                                        class=\"property-desc line-limit-length\">CHEMISES D\u00c9CONTRACT\u00c9ES<\/span>\n                            <\/li>\n<li class=\"product-prop line-limit-length\"><span\n                                        class=\"property-title\">Nom de marque :&nbsp;<\/span><span\n                                        class=\"property-desc line-limit-length\">qi xiu cai<\/span>\n                            <\/li>\n<li class=\"product-prop line-limit-length\"><span\n                                        class=\"property-title\">Origine :&nbsp;<\/span><span\n                                        class=\"property-desc line-limit-length\">CN (Origine)<\/span>\n                            <\/li>\n<li class=\"product-prop line-limit-length\"><span\n                                        class=\"property-title\">CN :&nbsp;<\/span><span\n                                        class=\"property-desc line-limit-length\">Zhejiang<\/span>\n                            <\/li>\n<li class=\"product-prop line-limit-length\"><span\n                                        class=\"property-title\">Sexe :&nbsp;<\/span><span\n                                        class=\"property-desc line-limit-length\">MEN<\/span>\n                            <\/li>\n<li class=\"product-prop line-limit-length\"><span\n                                        class=\"property-title\">Type d'article :&nbsp;<\/span><span\n                                        class=\"property-desc line-limit-length\">Chemises<\/span>\n                            <\/li>\n<li class=\"product-prop line-limit-length\"><span\n                                        class=\"property-title\">Mat\u00e9riau :&nbsp;<\/span><span\n                                        class=\"property-desc line-limit-length\">100%cotton<\/span>\n                            <\/li>\n<li class=\"product-prop line-limit-length\"><span\n                                        class=\"property-title\">Type de mod\u00e8le 1 :&nbsp;<\/span><span\n                                        class=\"property-desc line-limit-length\">\u00e9cossais<\/span>\n                            <\/li>\n<li class=\"product-prop line-limit-length\"><span\n                                        class=\"property-title\">Type de motif 2 :&nbsp;<\/span><span\n                                        class=\"property-desc line-limit-length\">ray\u00e9<\/span>\n                            <\/li>\n<\/ul><\/div>\n<div class=\"detailmodule_html\">\n<div class=\"detail-desc-decorate-richtext\">\n<div class=\"detailmodule_html\">\n<div class=\"detail-desc-decorate-richtext\">\n<div style=\"text-align: center;\"><kse:widget data-widget-type=\"relatedProduct\" id=\"1005000002308012\" type=\"relation\"><\/kse:widget><\/div>\n<p data-spm-anchor-id=\"a2g0o.detail.1000023.i0.497c2ca8xNqTNb\" style=\"box-sizing: border-box; -webkit-tap-highlight-color: transparent; outline: 0px; margin: 0px; padding: 0px; line-height: inherit; color: rgb(34, 34, 34); font-family: &quot;Open Sans&quot;, Roboto, Arial, Helvetica, sans-serif, SimSun; font-size: 14px; font-style: normal; font-variant-ligatures: normal; font-variant-caps: normal; font-weight: 400; letter-spacing: normal; orphans: 2; text-indent: 0px; text-transform: none; white-space: normal; widows: 2; word-spacing: 0px; -webkit-text-stroke-width: 0px; text-decoration-style: initial; text-decoration-color: initial; background-color: rgb(255, 255, 255); text-align: center;\">*La taille asiatique est environ 2 tailles 3 plus petites que la taille US\/UK\/AU\/EU !<br style=\"box-sizing: border-box; -webkit-tap-highlight-color: transparent; outline: 0px;\">Si vous n'\u00eates pas s\u00fbr de la taille, vous pouvez nous indiquer votre taille (cm)<br style=\"box-sizing: border-box; -webkit-tap-highlight-color: transparent; outline: 0px;\">Et poids (kg) avant de faire vos achats!!Nous vous aiderons \u00e0 en choisir un<br style=\"box-sizing: border-box; -webkit-tap-highlight-color: transparent; outline: 0px;\">Taille adapt\u00e9e !<\/p>\n<p data-spm-anchor-id=\"a2g0o.detail.1000023.i0.6282513amCZd4P\" style=\"box-sizing: border-box; -webkit-tap-highlight-color: transparent; outline: 0px; margin: 0px; padding: 0px; line-height: inherit; color: rgb(34, 34, 34); font-family: &quot;Open Sans&quot;, Roboto, Arial, Helvetica, sans-serif, SimSun; font-size: 14px; font-style: normal; font-variant-ligatures: normal; font-variant-caps: normal; font-weight: 400; letter-spacing: normal; orphans: 2; text-indent: 0px; text-transform: none; white-space: normal; widows: 2; word-spacing: 0px; -webkit-text-stroke-width: 0px; text-decoration-style: initial; text-decoration-color: initial; background-color: rgb(255, 255, 255); text-align: center;\">Veuillez permettre une erreur de 2 \u00e0 4 cm en raison de la mesure manuelle !<br \/>\n<img decoding=\"async\" referrerpolicy=\"no-referrer\" src=\"https:\/\/ae01.alicdn.com\/kf\/H740bb7aee9c64b218a5952922ef2e7d0j.jpg?width=900&amp;height=291&amp;hash=1191\"><img decoding=\"async\" referrerpolicy=\"no-referrer\" src=\"https:\/\/ae01.alicdn.com\/kf\/S58cbe73bca944ffa8f2986266e2150b8q.jpg?width=800&amp;height=638&amp;hash=1438\"><img decoding=\"async\" referrerpolicy=\"no-referrer\" src=\"https:\/\/ae01.alicdn.com\/kf\/S334b3af307c3486fbe8ab2ca7f7f5802E.jpg?width=800&amp;height=626&amp;hash=1426\"><img decoding=\"async\" referrerpolicy=\"no-referrer\" src=\"https:\/\/ae01.alicdn.com\/kf\/S3bad19e14f16453ba5b4e3758140700fo.jpg?width=790&amp;height=928&amp;hash=1718\"><img decoding=\"async\" referrerpolicy=\"no-referrer\" src=\"https:\/\/ae01.alicdn.com\/kf\/S39649b5fc29f43bca7c7e542436d1c576.jpg?width=790&amp;height=1239&amp;hash=2029\"><img decoding=\"async\" referrerpolicy=\"no-referrer\" src=\"https:\/\/ae01.alicdn.com\/kf\/Sd06c67168b684a54992a21b77b9cc7e33.jpg?width=790&amp;height=1002&amp;hash=1792\"><img decoding=\"async\" referrerpolicy=\"no-referrer\" src=\"https:\/\/ae01.alicdn.com\/kf\/S92446a54b15b4892a1724120303106e8B.jpg?width=790&amp;height=982&amp;hash=1772\"><img decoding=\"async\" referrerpolicy=\"no-referrer\" src=\"https:\/\/ae01.alicdn.com\/kf\/S771ab6219a304c228306a0b83cd6c466N.jpg?width=790&amp;height=1564&amp;hash=2354\"><img decoding=\"async\" referrerpolicy=\"no-referrer\" src=\"https:\/\/ae01.alicdn.com\/kf\/Sba036025a0d04136bd7536305af7aa73c.jpg?width=790&amp;height=1575&amp;hash=2365\"><img decoding=\"async\" referrerpolicy=\"no-referrer\" src=\"https:\/\/ae01.alicdn.com\/kf\/Se9d487b43e944f178f56f48c200b3541J.jpg?width=790&amp;height=862&amp;hash=1652\"><img decoding=\"async\" referrerpolicy=\"no-referrer\" src=\"https:\/\/ae01.alicdn.com\/kf\/Sfb37fe0621754a06a2cc7303fec83459X.jpg?width=790&amp;height=1165&amp;hash=1955\"><img decoding=\"async\" referrerpolicy=\"no-referrer\" src=\"https:\/\/ae01.alicdn.com\/kf\/S286d68118755408fa11873ba8a8277d7M.jpg?width=790&amp;height=1164&amp;hash=1954\"><img decoding=\"async\" referrerpolicy=\"no-referrer\" src=\"https:\/\/ae01.alicdn.com\/kf\/S5f034e62a6f64cebbffb69e0bd7aec0eR.jpg?width=790&amp;height=1165&amp;hash=1955\"><img decoding=\"async\" referrerpolicy=\"no-referrer\" src=\"https:\/\/ae01.alicdn.com\/kf\/S312ff730a2d74a92a0d391f81d9d76a9q.jpg?width=790&amp;height=1165&amp;hash=1955\"><img decoding=\"async\" referrerpolicy=\"no-referrer\" src=\"https:\/\/ae01.alicdn.com\/kf\/Sda4bf339d8a44c0fa8ba857f8201b646G.jpg?width=790&amp;height=1165&amp;hash=1955\"><img decoding=\"async\" referrerpolicy=\"no-referrer\" src=\"https:\/\/ae01.alicdn.com\/kf\/S1fe20ed7833b40d4a98918449fc2a300L.jpg?width=790&amp;height=1164&amp;hash=1954\"><img decoding=\"async\" referrerpolicy=\"no-referrer\" src=\"https:\/\/ae01.alicdn.com\/kf\/S38e8236ce59a440b9620db1fc79c426as.jpg?width=790&amp;height=1165&amp;hash=1955\"><img decoding=\"async\" referrerpolicy=\"no-referrer\" src=\"https:\/\/ae01.alicdn.com\/kf\/Sc83a4572fb0a4a009db925e84f3b68d2b.jpg?width=790&amp;height=1165&amp;hash=1955\"><img decoding=\"async\" referrerpolicy=\"no-referrer\" src=\"https:\/\/ae01.alicdn.com\/kf\/S3ab83d15de8d407dbfb05a166a04dbbff.jpg?width=790&amp;height=1164&amp;hash=1954\"><img decoding=\"async\" referrerpolicy=\"no-referrer\" src=\"https:\/\/ae01.alicdn.com\/kf\/S5407aae0fe6c40e493be64d94fc25b325.jpg?width=790&amp;height=1165&amp;hash=1955\"><img decoding=\"async\" referrerpolicy=\"no-referrer\" src=\"https:\/\/ae01.alicdn.com\/kf\/S6b5427c544e847499704c482efb7a7f8z.jpg?width=790&amp;height=1183&amp;hash=1973\"><img decoding=\"async\" referrerpolicy=\"no-referrer\" src=\"https:\/\/ae01.alicdn.com\/kf\/H7e0b50c509c44e6099d96aed38e8e6c5y.jpg?width=900&amp;height=955&amp;hash=1855\"><img decoding=\"async\" referrerpolicy=\"no-referrer\" src=\"https:\/\/ae01.alicdn.com\/kf\/H04a5ca8bb2694537bd66c42936e8afa5k.jpg?width=900&amp;height=766&amp;hash=1666\"><img decoding=\"async\" referrerpolicy=\"no-referrer\" src=\"https:\/\/ae01.alicdn.com\/kf\/H69bfedbb9765497b9f7065bede6eb73cT.jpg?width=900&amp;height=694&amp;hash=1594\"><\/p>\n<\/div>\n<\/div>\n<\/div>\n<\/div>","protected":false},"excerpt":{"rendered":"<p>Chimique Hign-concern\u00e9:&nbsp;Aucun Saison Applicable:&nbsp;Spring and Autumn Applicable Scene:&nbsp;CASUAL Lieu du0027origine:&nbsp;Chine (continent) Type de fermeture:&nbsp;Seins simples Type de Motif:&nbsp;Plaid Style de<\/p>","protected":false},"featured_media":6338,"comment_status":"open","ping_status":"closed","template":"","meta":[],"product_brand":[],"product_cat":[1450,4978],"product_tag":[],"class_list":{"0":"post-6337","1":"product","2":"type-product","3":"status-publish","4":"has-post-thumbnail","6":"product_cat-mens-section","7":"product_cat-t-shirt-shirts","9":"first","10":"instock","11":"shipping-taxable","12":"purchasable","13":"product-type-variable"},"jetpack_sharing_enabled":true,"_links":{"self":[{"href":"https:\/\/afrycom.com\/fr\/wp-json\/wp\/v2\/product\/6337","targetHints":{"allow":["GET"]}}],"collection":[{"href":"https:\/\/afrycom.com\/fr\/wp-json\/wp\/v2\/product"}],"about":[{"href":"https:\/\/afrycom.com\/fr\/wp-json\/wp\/v2\/types\/product"}],"replies":[{"embeddable":true,"href":"https:\/\/afrycom.com\/fr\/wp-json\/wp\/v2\/comments?post=6337"}],"wp:featuredmedia":[{"embeddable":true,"href":"https:\/\/afrycom.com\/fr\/wp-json\/wp\/v2\/media\/6338"}],"wp:attachment":[{"href":"https:\/\/afrycom.com\/fr\/wp-json\/wp\/v2\/media?parent=6337"}],"wp:term":[{"taxonomy":"product_brand","embeddable":true,"href":"https:\/\/afrycom.com\/fr\/wp-json\/wp\/v2\/product_brand?post=6337"},{"taxonomy":"product_cat","embeddable":true,"href":"https:\/\/afrycom.com\/fr\/wp-json\/wp\/v2\/product_cat?post=6337"},{"taxonomy":"product_tag","embeddable":true,"href":"https:\/\/afrycom.com\/fr\/wp-json\/wp\/v2\/product_tag?post=6337"}],"curies":[{"name":"wp","href":"https:\/\/api.w.org\/{rel}","templated":true}]}}