{"id":6133,"date":"2025-03-08T08:07:49","date_gmt":"2025-03-08T08:07:49","guid":{"rendered":"https:\/\/afrycom.com\/product\/chemise-a-manches-longues-anti-rides-pour-hommes-sans-fer-respirante-a-la-mode-formelle-affaires-bureau-decontracte-fete-vetements-pour-hommes\/"},"modified":"2025-07-10T16:46:07","modified_gmt":"2025-07-10T16:46:07","slug":"chemise-a-manches-longues-anti-rides-pour-hommes-sans-fer-respirante-a-la-mode-formelle-affaires-bureau-decontracte-fete-vetements-pour-hommes","status":"publish","type":"product","link":"https:\/\/afrycom.com\/fr\/produit\/chemise-a-manches-longues-anti-rides-pour-hommes-sans-fer-respirante-a-la-mode-formelle-affaires-bureau-decontracte-fete-vetements-pour-hommes\/","title":{"rendered":"Chemise \u00e0 manches longues anti-rides pour hommes, sans fer, respirante, \u00e0 la mode, formelle, affaires, bureau, d\u00e9contract\u00e9, f\u00eate, v\u00eatements pour hommes"},"content":{"rendered":"<p>&nbsp;<\/p>\n<div class=\"product-specs-list-container\">\n<ul class=\"product-specs-list util-clearfix\">\n<li class=\"product-prop line-limit-length\"><span class=\"property-title\">Chimique Hign-concern\u00e9 :\u00a0<\/span><span class=\"property-desc line-limit-length\">Aucun<\/span><\/li>\n<li class=\"product-prop line-limit-length\"><span class=\"property-title\">Saison Applicable :\u00a0<\/span><span class=\"property-desc line-limit-length\">Quatre saisons<\/span><\/li>\n<li class=\"product-prop line-limit-length\"><span class=\"property-title\">Sc\u00e8ne applicable :\u00a0<\/span><span class=\"property-desc line-limit-length\">Les affaires<\/span><\/li>\n<li class=\"product-prop line-limit-length\"><span class=\"property-title\">Lieu du0027origine :\u00a0<\/span><span class=\"property-desc line-limit-length\">Chine (continent)<\/span><\/li>\n<li class=\"product-prop line-limit-length\"><span class=\"property-title\">Type de fermeture :\u00a0<\/span><span class=\"property-desc line-limit-length\">Seins simples<\/span><\/li>\n<li class=\"product-prop line-limit-length\"><span class=\"property-title\">Type de Motif :\u00a0<\/span><span class=\"property-desc line-limit-length\">Solide<\/span><\/li>\n<li class=\"product-prop line-limit-length\"><span class=\"property-title\">Style de Manches :\u00a0<\/span><span class=\"property-desc line-limit-length\">R\u00c9GULIER<\/span><\/li>\n<li class=\"product-prop line-limit-length\"><span class=\"property-title\">Num\u00e9ro de Mod\u00e8le :\u00a0<\/span><span class=\"property-desc line-limit-length\">CL2328<\/span><\/li>\n<li class=\"product-prop line-limit-length\"><span class=\"property-title\">Type de tissu :\u00a0<\/span><span class=\"property-desc line-limit-length\">Drap fin<\/span><\/li>\n<li class=\"product-prop line-limit-length\"><span class=\"property-title\">Style :\u00a0<\/span><span class=\"property-desc line-limit-length\">D\u00e9contract\u00e9e et \u00e9l\u00e9gante<\/span><\/li>\n<li class=\"product-prop line-limit-length\"><span class=\"property-title\">Collier :\u00a0<\/span><span class=\"property-desc line-limit-length\">\u00c0 col rabattu<\/span><\/li>\n<li class=\"product-prop line-limit-length\"><span class=\"property-title\">Longueur de Manche (cm) :\u00a0<\/span><span class=\"property-desc line-limit-length\">Plein<\/span><\/li>\n<li class=\"product-prop line-limit-length\"><span class=\"property-title\">Mat\u00e9riau :\u00a0<\/span><span class=\"property-desc line-limit-length\">POLYESTER, SPANDEX<\/span><\/li>\n<li class=\"product-prop line-limit-length\"><span class=\"property-title\">Type de Chemises :\u00a0<\/span><span class=\"property-desc line-limit-length\">CHEMISES HABILL\u00c9ES<\/span><\/li>\n<li class=\"product-prop line-limit-length\"><span class=\"property-title\">Origine :\u00a0<\/span><span class=\"property-desc line-limit-length\">CN (Origine)<\/span><\/li>\n<li class=\"product-prop line-limit-length\"><span class=\"property-title\">CN :\u00a0<\/span><span class=\"property-desc line-limit-length\">Zhejiang<\/span><\/li>\n<li class=\"product-prop line-limit-length\"><span class=\"property-title\">Sexe :\u00a0<\/span><span class=\"property-desc line-limit-length\">MEN<\/span><\/li>\n<li class=\"product-prop line-limit-length\"><span class=\"property-title\">Type d'article :\u00a0<\/span><span class=\"property-desc line-limit-length\">Chemises<\/span><\/li>\n<\/ul>\n<\/div>\n<div class=\"detailmodule_html\">\n<div class=\"detail-desc-decorate-richtext\">\n<p>&nbsp;<\/p>\n<div class=\"detailmodule_html\">\n<div class=\"detail-desc-decorate-richtext\">\n<p style=\"text-align: left;\" align=\"left\"><strong><span id=\"tl_1\" style=\"background-color: #ffffff; color: #000000; font-size: 18px; font-family: OpenSans;\">Nous soutenons le dropshipping !<\/span><\/strong><\/p>\n<p style=\"text-align: left;\" align=\"left\"><span id=\"tl_2\" style=\"background-color: #ffffff; color: #000000; font-size: 16px; font-family: OpenSans;\"><br \/>\nBonjour, ami ! Bienvenue dans notre boutique !!! Nous vous fournissons un service de haute qualit\u00e9 et de haute qualit\u00e9 !!<br \/>\nN'h\u00e9sitez pas \u00e0 nous contacter si vous avez des questions.<\/span><\/p>\n<p style=\"text-align: left;\" align=\"left\">\n<p style=\"text-align: left;\" align=\"left\"><span style=\"font-size: 18px;\"><strong id=\"tl_3\">Conseils d'attention<\/strong><\/span><\/p>\n<p style=\"text-align: left;\" align=\"left\"><span id=\"tl_4\" style=\"font-size: 16px;\">1) Si vous ne pouvez pas comprendre notre description de taille ou si vous avez des doutes sur la taille, veuillez nous contacter. Vous pouvez \u00e9galement noter votre taille, votre poids et d'autres mesures dans l'ordre, par exemple 180cm \/80kg ou 5'11\"\/175lb.<\/span><\/p>\n<p style=\"text-align: left;\" align=\"left\">\n<p style=\"text-align: left;\" align=\"left\"><span id=\"tl_5\" style=\"font-size: 16px;\">2) Normalement, la taille de la chemise doit \u00eatre plus grande que la taille de votre corps. Vous pouvez v\u00e9rifier votre chemise habituelle. Si votre poitrine est de 100cm, nous vous sugg\u00e9rons de choisir une chemise de 104cm ou 108cm.<\/span><\/p>\n<p style=\"text-align: left;\" align=\"left\">\n<p style=\"text-align: left;\" align=\"left\"><span id=\"tl_6\" style=\"font-size: 16px;\">3) Veuillez v\u00e9rifier attentivement la taille de la commande ou contactez-nous avant de passer la commande. Il peut y avoir 1-3 cm d'erreur de mesure.<\/span><\/p>\n<div><\/div>\n<\/div>\n<\/div>\n<div class=\"detailmodule_html\">\n<div class=\"detail-desc-decorate-richtext\">\n<p style=\"text-align: left;\" align=\"left\"><img decoding=\"async\" src=\"https:\/\/ae01.alicdn.com\/kf\/S20f9f4f07fe445eb9fc31e61bbdb1cc4a.jpg\" \/><img decoding=\"async\" src=\"https:\/\/ae01.alicdn.com\/kf\/Sadaf5924c3924f94acc6829eb4d6c910I.jpg\" \/><\/p>\n<\/div>\n<\/div>\n<p><img decoding=\"async\" src=\"https:\/\/ae01.alicdn.com\/kf\/S80a49b54cc474428b8c3d72da6730780E.jpg\" \/><img decoding=\"async\" src=\"https:\/\/ae01.alicdn.com\/kf\/S87c5cbff2d394372a612810beb23cd1bP.jpg\" \/><img decoding=\"async\" src=\"https:\/\/ae01.alicdn.com\/kf\/S60f34df3db16420d8b3377cb135130acj.jpg\" \/><img decoding=\"async\" src=\"https:\/\/ae01.alicdn.com\/kf\/Se1ec802306664753887952a6cae2e8afT.jpg\" \/><img decoding=\"async\" src=\"https:\/\/ae01.alicdn.com\/kf\/S250938b8b3b54e538cbc909f3ae425d7W.jpg\" \/><img decoding=\"async\" src=\"https:\/\/ae01.alicdn.com\/kf\/S93068b59c3f14add88366130ea979eac6.jpg\" \/><\/p>\n<p><img decoding=\"async\" src=\"https:\/\/ae01.alicdn.com\/kf\/S613c7aaff7ad4598a032eb43def4aecde.jpg\" \/><img decoding=\"async\" src=\"https:\/\/ae01.alicdn.com\/kf\/S950fe42512ba47ffabf7758b6c01c401j.jpg\" \/><\/p>\n<p>&nbsp;<\/p>\n<p><img decoding=\"async\" src=\"https:\/\/ae01.alicdn.com\/kf\/S2169af7b8cad4f16b9fa0fd311513c923.jpg\" \/><img decoding=\"async\" src=\"https:\/\/ae01.alicdn.com\/kf\/S754a9c88835840928918865610a2f6b38.jpg\" \/><img decoding=\"async\" src=\"https:\/\/ae01.alicdn.com\/kf\/Se50cf48d31954836bea324315069a9ca6.jpg\" \/><img decoding=\"async\" src=\"https:\/\/ae01.alicdn.com\/kf\/Sd9ec14b51ae6483b91cdc3c179d233df1.jpg\" \/><img decoding=\"async\" src=\"https:\/\/ae01.alicdn.com\/kf\/S9d1d6a81d64442ebbb44409ef7e9b0da2.jpg\" \/><img decoding=\"async\" src=\"https:\/\/ae01.alicdn.com\/kf\/S10f9ec5eae974da890225457907e9fd5Q.jpg\" \/><img decoding=\"async\" src=\"https:\/\/ae01.alicdn.com\/kf\/S8b6d7c6a40194da4866153f00608ce555.jpg\" \/><img decoding=\"async\" src=\"https:\/\/ae01.alicdn.com\/kf\/S03db59e9191f4989999c496617aba442M.jpg\" \/><img decoding=\"async\" src=\"https:\/\/ae01.alicdn.com\/kf\/S32555846afd3475aa7a242bae38b3890M.jpg\" \/><img decoding=\"async\" src=\"https:\/\/ae01.alicdn.com\/kf\/S9927ef2344394434b3a8cc9ad274e69cF.jpg\" \/><img decoding=\"async\" src=\"https:\/\/ae01.alicdn.com\/kf\/S692976aeece740fd90e5a8dce1972f39n.jpg\" \/><\/p>\n<p>&nbsp;<\/p>\n<\/div>\n<\/div>","protected":false},"excerpt":{"rendered":"<p>&nbsp; Chimique Hign-concern\u00e9:\u00a0Aucun Saison Applicable:\u00a0Quatre saisons Applicable Scene:\u00a0Les affaires Lieu du0027origine:\u00a0Chine (continent) Type de fermeture:\u00a0Seins simples Type de Motif:\u00a0Solide Style<\/p>","protected":false},"featured_media":6146,"comment_status":"open","ping_status":"closed","template":"","meta":[],"product_brand":[],"product_cat":[1450,4978],"product_tag":[],"class_list":{"0":"post-6133","1":"product","2":"type-product","3":"status-publish","4":"has-post-thumbnail","6":"product_cat-mens-section","7":"product_cat-t-shirt-shirts","9":"first","10":"instock","11":"shipping-taxable","12":"purchasable","13":"product-type-variable"},"jetpack_sharing_enabled":true,"_links":{"self":[{"href":"https:\/\/afrycom.com\/fr\/wp-json\/wp\/v2\/product\/6133","targetHints":{"allow":["GET"]}}],"collection":[{"href":"https:\/\/afrycom.com\/fr\/wp-json\/wp\/v2\/product"}],"about":[{"href":"https:\/\/afrycom.com\/fr\/wp-json\/wp\/v2\/types\/product"}],"replies":[{"embeddable":true,"href":"https:\/\/afrycom.com\/fr\/wp-json\/wp\/v2\/comments?post=6133"}],"wp:featuredmedia":[{"embeddable":true,"href":"https:\/\/afrycom.com\/fr\/wp-json\/wp\/v2\/media\/6146"}],"wp:attachment":[{"href":"https:\/\/afrycom.com\/fr\/wp-json\/wp\/v2\/media?parent=6133"}],"wp:term":[{"taxonomy":"product_brand","embeddable":true,"href":"https:\/\/afrycom.com\/fr\/wp-json\/wp\/v2\/product_brand?post=6133"},{"taxonomy":"product_cat","embeddable":true,"href":"https:\/\/afrycom.com\/fr\/wp-json\/wp\/v2\/product_cat?post=6133"},{"taxonomy":"product_tag","embeddable":true,"href":"https:\/\/afrycom.com\/fr\/wp-json\/wp\/v2\/product_tag?post=6133"}],"curies":[{"name":"wp","href":"https:\/\/api.w.org\/{rel}","templated":true}]}}