{"id":6037,"date":"2025-03-08T08:07:44","date_gmt":"2025-03-08T08:07:44","guid":{"rendered":"https:\/\/afrycom.com\/product\/luxe-de-haute-qualite-100-coton-pied-de-poule-chemises-completes-pour-hommes-coupe-ajustee-chemise-decontractee-a-manches-longues-plaid-doux-vetements-de-createur-ropa\/"},"modified":"2025-08-07T16:05:47","modified_gmt":"2025-08-07T16:05:47","slug":"luxe-de-haute-qualite-100-coton-pied-de-poule-chemises-completes-pour-hommes-coupe-ajustee-chemise-decontractee-a-manches-longues-plaid-doux-vetements-de-createur-ropa","status":"publish","type":"product","link":"https:\/\/afrycom.com\/fr\/produit\/luxe-de-haute-qualite-100-coton-pied-de-poule-chemises-completes-pour-hommes-coupe-ajustee-chemise-decontractee-a-manches-longues-plaid-doux-vetements-de-createur-ropa\/","title":{"rendered":"Luxe de haute qualit\u00e9 100 % coton pied-de-poule chemises compl\u00e8tes pour hommes coupe ajust\u00e9e chemise d\u00e9contract\u00e9e \u00e0 manches longues plaid doux v\u00eatements de cr\u00e9ateur ropa"},"content":{"rendered":"<div class=\"product-specs-list-container\">\n<ul class=\"product-specs-list util-clearfix\">\n<li class=\"product-prop line-limit-length\"><span\n                                        class=\"property-title\">Si l'ouverture compl\u00e8te :&nbsp;<\/span><span\n                                        class=\"property-desc line-limit-length\">Oui<\/span>\n                            <\/li>\n<li class=\"product-prop line-limit-length\"><span\n                                        class=\"property-title\">Chimique Hign-concern\u00e9 :&nbsp;<\/span><span\n                                        class=\"property-desc line-limit-length\">Aucun<\/span>\n                            <\/li>\n<li class=\"product-prop line-limit-length\"><span\n                                        class=\"property-title\">Artisanat du tissage :&nbsp;<\/span><span\n                                        class=\"property-desc line-limit-length\">Tat<\/span>\n                            <\/li>\n<li class=\"product-prop line-limit-length\"><span\n                                        class=\"property-title\">Saison Applicable :&nbsp;<\/span><span\n                                        class=\"property-desc line-limit-length\">AUTOMNE<\/span>\n                            <\/li>\n<li class=\"product-prop line-limit-length\"><span\n                                        class=\"property-title\">Sc\u00e8ne applicable :&nbsp;<\/span><span\n                                        class=\"property-desc line-limit-length\">CASUAL<\/span>\n                            <\/li>\n<li class=\"product-prop line-limit-length\"><span\n                                        class=\"property-title\">Lieu du0027origine :&nbsp;<\/span><span\n                                        class=\"property-desc line-limit-length\">Chine (continent)<\/span>\n                            <\/li>\n<li class=\"product-prop line-limit-length\"><span\n                                        class=\"property-title\">Type de fermeture :&nbsp;<\/span><span\n                                        class=\"property-desc line-limit-length\">Seins simples<\/span>\n                            <\/li>\n<li class=\"product-prop line-limit-length\"><span\n                                        class=\"property-title\">Type de Motif :&nbsp;<\/span><span\n                                        class=\"property-desc line-limit-length\">Plaid<\/span>\n                            <\/li>\n<li class=\"product-prop line-limit-length\"><span\n                                        class=\"property-title\">Style de Manches :&nbsp;<\/span><span\n                                        class=\"property-desc line-limit-length\">R\u00c9GULIER<\/span>\n                            <\/li>\n<li class=\"product-prop line-limit-length\"><span\n                                        class=\"property-title\">Num\u00e9ro de Mod\u00e8le :&nbsp;<\/span><span\n                                        class=\"property-desc line-limit-length\">wz\/18-622<\/span>\n                            <\/li>\n<li class=\"product-prop line-limit-length\"><span\n                                        class=\"property-title\">Type de tissu :&nbsp;<\/span><span\n                                        class=\"property-desc line-limit-length\">Batik<\/span>\n                            <\/li>\n<li class=\"product-prop line-limit-length\"><span\n                                        class=\"property-title\">Style :&nbsp;<\/span><span\n                                        class=\"property-desc line-limit-length\">Le sport<\/span>\n                            <\/li>\n<li class=\"product-prop line-limit-length\"><span\n                                        class=\"property-title\">Collier :&nbsp;<\/span><span\n                                        class=\"property-desc line-limit-length\">\u00c0 col rabattu<\/span>\n                            <\/li>\n<li class=\"product-prop line-limit-length\"><span\n                                        class=\"property-title\">Longueur de Manche (cm) :&nbsp;<\/span><span\n                                        class=\"property-desc line-limit-length\">Plein<\/span>\n                            <\/li>\n<li class=\"product-prop line-limit-length\"><span\n                                        class=\"property-title\">Mat\u00e9riau :&nbsp;<\/span><span\n                                        class=\"property-desc line-limit-length\">COTON<\/span>\n                            <\/li>\n<li class=\"product-prop line-limit-length\"><span\n                                        class=\"property-title\">Type de Chemises :&nbsp;<\/span><span\n                                        class=\"property-desc line-limit-length\">CHEMISES D\u00c9CONTRACT\u00c9ES<\/span>\n                            <\/li>\n<li class=\"product-prop line-limit-length\"><span\n                                        class=\"property-title\">Nom de marque :&nbsp;<\/span><span\n                                        class=\"property-desc line-limit-length\">qi xiu cai<\/span>\n                            <\/li>\n<li class=\"product-prop line-limit-length\"><span\n                                        class=\"property-title\">Origine :&nbsp;<\/span><span\n                                        class=\"property-desc line-limit-length\">CN (Origine)<\/span>\n                            <\/li>\n<li class=\"product-prop line-limit-length\"><span\n                                        class=\"property-title\">CN :&nbsp;<\/span><span\n                                        class=\"property-desc line-limit-length\">Zhejiang<\/span>\n                            <\/li>\n<li class=\"product-prop line-limit-length\"><span\n                                        class=\"property-title\">Sexe :&nbsp;<\/span><span\n                                        class=\"property-desc line-limit-length\">MEN<\/span>\n                            <\/li>\n<li class=\"product-prop line-limit-length\"><span\n                                        class=\"property-title\">Type d'article :&nbsp;<\/span><span\n                                        class=\"property-desc line-limit-length\">Chemises<\/span>\n                            <\/li>\n<li class=\"product-prop line-limit-length\"><span\n                                        class=\"property-title\">Taille de commande :&nbsp;<\/span><span\n                                        class=\"property-desc line-limit-length\">Taille asiatique<\/span>\n                            <\/li>\n<li class=\"product-prop line-limit-length\"><span\n                                        class=\"property-title\">Mat\u00e9riau :&nbsp;<\/span><span\n                                        class=\"property-desc line-limit-length\">100%Cotton)<\/span>\n                            <\/li>\n<li class=\"product-prop line-limit-length\"><span\n                                        class=\"property-title\">Type de mod\u00e8le 1 :&nbsp;<\/span><span\n                                        class=\"property-desc line-limit-length\">couleur unie<\/span>\n                            <\/li>\n<li class=\"product-prop line-limit-length\"><span\n                                        class=\"property-title\">Type de motif 2 :&nbsp;<\/span><span\n                                        class=\"property-desc line-limit-length\">ray\u00e9<\/span>\n                            <\/li>\n<li class=\"product-prop line-limit-length\"><span\n                                        class=\"property-title\">Type de motif 3 :&nbsp;<\/span><span\n                                        class=\"property-desc line-limit-length\">\u00e9cossais<\/span>\n                            <\/li>\n<\/ul><\/div>\n<div class=\"detailmodule_html\">\n<div class=\"detail-desc-decorate-richtext\">\n<div class=\"detailmodule_html\">\n<div class=\"detail-desc-decorate-richtext\">\n<p data-spm-anchor-id=\"a2g0o.detail.1000023.i0.20b27407XYney2\" style=\"box-sizing: border-box; -webkit-tap-highlight-color: transparent; outline: 0px; margin: 0px; font-size: 14px; line-height: inherit; font-weight: 400; padding: 0px; color: rgb(34, 34, 34); font-family: &quot;Open Sans&quot;, Roboto, Arial, Helvetica, sans-serif, SimSun; font-style: normal; font-variant-ligatures: normal; font-variant-caps: normal; letter-spacing: normal; orphans: 2; text-indent: 0px; text-transform: none; white-space: normal; widows: 2; word-spacing: 0px; -webkit-text-stroke-width: 0px; text-decoration-style: initial; text-decoration-color: initial; background-color: rgb(255, 255, 255); text-align: center;\"><kse:widget data-widget-type=\"relatedProduct\" id=\"1005000002308012\" type=\"relation\"><\/kse:widget><br \/>\n&nbsp;<\/p>\n<div data-spm-anchor-id=\"a2g0o.detail.1000023.i0.78f14bdcEu50N2\" style=\"box-sizing: content-box; -webkit-tap-highlight-color: transparent; outline: 0px; margin: 0px; padding: 0px; color: rgb(34, 34, 34); font-family: &quot;Open Sans&quot;, Roboto, Arial, Helvetica, sans-serif, SimSun; font-size: 14px; font-style: normal; font-variant-ligatures: normal; font-variant-caps: normal; font-weight: 400; letter-spacing: normal; orphans: 2; text-indent: 0px; text-transform: none; white-space: normal; widows: 2; word-spacing: 0px; -webkit-text-stroke-width: 0px; background-color: rgb(255, 255, 255); text-decoration-style: initial; text-decoration-color: initial; text-align: center;\">*La taille asiatique est environ 2 tailles 3 plus petites que la taille US\/UK\/AU\/EU !<br style=\"box-sizing: border-box; -webkit-tap-highlight-color: transparent; outline: 0px;\">Si vous n'\u00eates pas s\u00fbr de la taille, vous pouvez nous indiquer votre taille (cm)<br style=\"box-sizing: border-box; -webkit-tap-highlight-color: transparent; outline: 0px;\">Et poids (kg) avant de faire vos achats!!Nous vous aiderons \u00e0 en choisir un<br style=\"box-sizing: border-box; -webkit-tap-highlight-color: transparent; outline: 0px;\">Taille adapt\u00e9e !<\/div>\n<p style=\"box-sizing: border-box; -webkit-tap-highlight-color: transparent; outline: 0px; margin: 0px; font-size: 14px; line-height: inherit; font-weight: 400; padding: 0px; color: rgb(34, 34, 34); font-family: &quot;Open Sans&quot;, Roboto, Arial, Helvetica, sans-serif, SimSun; font-style: normal; font-variant-ligatures: normal; font-variant-caps: normal; letter-spacing: normal; orphans: 2; text-indent: 0px; text-transform: none; white-space: normal; widows: 2; word-spacing: 0px; -webkit-text-stroke-width: 0px; background-color: rgb(255, 255, 255); text-decoration-style: initial; text-decoration-color: initial; text-align: center;\">&nbsp;<\/p>\n<p data-spm-anchor-id=\"a2g0o.detail.1000023.i0.6282513amCZd4P\" style=\"box-sizing: border-box; -webkit-tap-highlight-color: transparent; outline: 0px; margin: 0px; font-size: 14px; line-height: inherit; font-weight: 400; padding: 0px; color: rgb(34, 34, 34); font-family: &quot;Open Sans&quot;, Roboto, Arial, Helvetica, sans-serif, SimSun; font-style: normal; font-variant-ligatures: normal; font-variant-caps: normal; letter-spacing: normal; orphans: 2; text-indent: 0px; text-transform: none; white-space: normal; widows: 2; word-spacing: 0px; -webkit-text-stroke-width: 0px; text-decoration-style: initial; text-decoration-color: initial; background-color: rgb(255, 255, 255); text-align: center;\">Veuillez permettre une erreur de 2 \u00e0 4 cm en raison de la mesure manuelle !<img decoding=\"async\" referrerpolicy=\"no-referrer\" src=\"https:\/\/ae01.alicdn.com\/kf\/Sf6f98ceac46345fa8fc307fedaa953efX.jpg?width=900&amp;height=291&amp;hash=1191\"><\/p>\n<p style=\"margin:0;display: block;width: 100%;\"><img decoding=\"async\" referrerpolicy=\"no-referrer\" src=\"https:\/\/ae01.alicdn.com\/kf\/S12c3aaa4320f48469dc999588a797604m.jpg?width=800&amp;height=498&amp;hash=1298\"><img decoding=\"async\" referrerpolicy=\"no-referrer\" src=\"https:\/\/ae01.alicdn.com\/kf\/Sed0a8c6cd0284d89b6018b6c2e2ce9a8Q.jpg?width=800&amp;height=660&amp;hash=1460\"><img decoding=\"async\" referrerpolicy=\"no-referrer\" src=\"https:\/\/ae01.alicdn.com\/kf\/S011f6d6e11fe4c5e9949fee6bf52a3c33.jpg?width=800&amp;height=800&amp;hash=1600\"><img decoding=\"async\" referrerpolicy=\"no-referrer\" src=\"https:\/\/ae01.alicdn.com\/kf\/S1a1c46f1ace14ab7b60db6e5592d4ee09.jpg?width=800&amp;height=800&amp;hash=1600\"><img decoding=\"async\" referrerpolicy=\"no-referrer\" src=\"https:\/\/ae01.alicdn.com\/kf\/Se145d3b651f7485c8bde664a43bb64c8y.jpg?width=800&amp;height=800&amp;hash=1600\"><img decoding=\"async\" referrerpolicy=\"no-referrer\" src=\"https:\/\/ae01.alicdn.com\/kf\/See83d31b5f874fa08089e5c73d8c877d6.jpg?width=800&amp;height=800&amp;hash=1600\"><img decoding=\"async\" referrerpolicy=\"no-referrer\" src=\"https:\/\/ae01.alicdn.com\/kf\/S4aa28911303e4dc1ae98a33a9dadfcb4v.jpg?width=800&amp;height=800&amp;hash=1600\"><img decoding=\"async\" referrerpolicy=\"no-referrer\" src=\"https:\/\/ae01.alicdn.com\/kf\/S309b2217a84941198f85299bc6a0740dq.jpg?width=800&amp;height=800&amp;hash=1600\"><img decoding=\"async\" referrerpolicy=\"no-referrer\" src=\"https:\/\/ae01.alicdn.com\/kf\/Se2363fcfe6284fcc8cf113703bb49101k.jpg?width=800&amp;height=800&amp;hash=1600\"><img decoding=\"async\" referrerpolicy=\"no-referrer\" src=\"https:\/\/ae01.alicdn.com\/kf\/Seb9ecbf076924b9db6c5183b8b5b4505k.jpg?width=800&amp;height=800&amp;hash=1600\"><img decoding=\"async\" referrerpolicy=\"no-referrer\" src=\"https:\/\/ae01.alicdn.com\/kf\/Saa48ea661108474ca570bc62d836c5cah.jpg?width=750&amp;height=554&amp;hash=1304\"><img decoding=\"async\" referrerpolicy=\"no-referrer\" src=\"https:\/\/ae01.alicdn.com\/kf\/S32b659c7587f4347a674a726d45fd53d8.jpg?width=750&amp;height=528&amp;hash=1278\"><img decoding=\"async\" referrerpolicy=\"no-referrer\" src=\"https:\/\/ae01.alicdn.com\/kf\/Sc4ca6c0fa0f54813959ac6fa1f06e9d31.jpg?width=750&amp;height=527&amp;hash=1277\"><img decoding=\"async\" referrerpolicy=\"no-referrer\" src=\"https:\/\/ae01.alicdn.com\/kf\/S87d3fdf31bf84fc5be079aa6a60916cfY.jpg?width=750&amp;height=531&amp;hash=1281\"><img decoding=\"async\" referrerpolicy=\"no-referrer\" src=\"https:\/\/ae01.alicdn.com\/kf\/S8b8627d2cda64ad4939493d154b1a3cea.jpg?width=900&amp;height=955&amp;hash=1855\"><img decoding=\"async\" referrerpolicy=\"no-referrer\" src=\"https:\/\/ae01.alicdn.com\/kf\/Scb4188f3ea124331b132309376497327q.jpg?width=900&amp;height=766&amp;hash=1666\"><img decoding=\"async\" referrerpolicy=\"no-referrer\" src=\"https:\/\/ae01.alicdn.com\/kf\/Sa81693255cb944d9962a1f636c20df7f3.jpg?width=900&amp;height=694&amp;hash=1594\"><\/p>\n<\/div>\n<\/div>\n<\/div>\n<\/div>","protected":false},"excerpt":{"rendered":"<p>Si l&#039;ouverture compl\u00e8te:&nbsp;Oui Chimique Hign-concern\u00e9:&nbsp;Aucun Artisanat du tissage:&nbsp;Tat Saison Applicable:&nbsp;AUTUMN Applicable Scene:&nbsp;CASUAL Lieu du0027origine:&nbsp;Chine (continent) Type de fermeture:&nbsp;Seins simples Type<\/p>","protected":false},"featured_media":6038,"comment_status":"open","ping_status":"closed","template":"","meta":[],"product_brand":[],"product_cat":[1450,4978],"product_tag":[],"class_list":{"0":"post-6037","1":"product","2":"type-product","3":"status-publish","4":"has-post-thumbnail","6":"product_cat-mens-section","7":"product_cat-t-shirt-shirts","9":"first","10":"instock","11":"shipping-taxable","12":"purchasable","13":"product-type-variable"},"jetpack_sharing_enabled":true,"_links":{"self":[{"href":"https:\/\/afrycom.com\/fr\/wp-json\/wp\/v2\/product\/6037","targetHints":{"allow":["GET"]}}],"collection":[{"href":"https:\/\/afrycom.com\/fr\/wp-json\/wp\/v2\/product"}],"about":[{"href":"https:\/\/afrycom.com\/fr\/wp-json\/wp\/v2\/types\/product"}],"replies":[{"embeddable":true,"href":"https:\/\/afrycom.com\/fr\/wp-json\/wp\/v2\/comments?post=6037"}],"wp:featuredmedia":[{"embeddable":true,"href":"https:\/\/afrycom.com\/fr\/wp-json\/wp\/v2\/media\/6038"}],"wp:attachment":[{"href":"https:\/\/afrycom.com\/fr\/wp-json\/wp\/v2\/media?parent=6037"}],"wp:term":[{"taxonomy":"product_brand","embeddable":true,"href":"https:\/\/afrycom.com\/fr\/wp-json\/wp\/v2\/product_brand?post=6037"},{"taxonomy":"product_cat","embeddable":true,"href":"https:\/\/afrycom.com\/fr\/wp-json\/wp\/v2\/product_cat?post=6037"},{"taxonomy":"product_tag","embeddable":true,"href":"https:\/\/afrycom.com\/fr\/wp-json\/wp\/v2\/product_tag?post=6037"}],"curies":[{"name":"wp","href":"https:\/\/api.w.org\/{rel}","templated":true}]}}