{"id":5893,"date":"2025-03-08T08:07:34","date_gmt":"2025-03-08T08:07:34","guid":{"rendered":"https:\/\/afrycom.com\/product\/nouveau-dans-la-chemise-ovresize-a-manches-longues-100-chemises-en-coton-pour-hommes-coupe-ajustee-chemise-unie-formelle-plaine-a-carreaux-hauts-decontractes-vetements-noirs-de-createur\/"},"modified":"2025-08-07T16:06:03","modified_gmt":"2025-08-07T16:06:03","slug":"nouveau-dans-la-chemise-ovresize-a-manches-longues-100-chemises-en-coton-pour-hommes-coupe-ajustee-chemise-unie-formelle-plaine-a-carreaux-hauts-decontractes-vetements-noirs-de-createur","status":"publish","type":"product","link":"https:\/\/afrycom.com\/fr\/produit\/nouveau-dans-la-chemise-ovresize-a-manches-longues-100-chemises-en-coton-pour-hommes-coupe-ajustee-chemise-unie-formelle-plaine-a-carreaux-hauts-decontractes-vetements-noirs-de-createur\/","title":{"rendered":"Nouveau dans la chemise ovresize \u00e0 manches longues 100% chemises en coton pour hommes coupe ajust\u00e9e chemise unie formelle plaine \u00e0 carreaux hauts d\u00e9contract\u00e9s v\u00eatements noirs de cr\u00e9ateur"},"content":{"rendered":"<div class=\"product-specs-list-container\">\n<ul class=\"product-specs-list util-clearfix\">\n<li class=\"product-prop line-limit-length\"><span\n                                        class=\"property-title\">Saison Applicable :&nbsp;<\/span><span\n                                        class=\"property-desc line-limit-length\">Quatre saisons<\/span>\n                            <\/li>\n<li class=\"product-prop line-limit-length\"><span\n                                        class=\"property-title\">Sc\u00e8ne applicable :&nbsp;<\/span><span\n                                        class=\"property-desc line-limit-length\">CASUAL<\/span>\n                            <\/li>\n<li class=\"product-prop line-limit-length\"><span\n                                        class=\"property-title\">Lieu du0027origine :&nbsp;<\/span><span\n                                        class=\"property-desc line-limit-length\">Chine (continent)<\/span>\n                            <\/li>\n<li class=\"product-prop line-limit-length\"><span\n                                        class=\"property-title\">Type de fermeture :&nbsp;<\/span><span\n                                        class=\"property-desc line-limit-length\">Seins simples<\/span>\n                            <\/li>\n<li class=\"product-prop line-limit-length\"><span\n                                        class=\"property-title\">Type de Motif :&nbsp;<\/span><span\n                                        class=\"property-desc line-limit-length\">Plaid<\/span>\n                            <\/li>\n<li class=\"product-prop line-limit-length\"><span\n                                        class=\"property-title\">Style de Manches :&nbsp;<\/span><span\n                                        class=\"property-desc line-limit-length\">R\u00c9GULIER<\/span>\n                            <\/li>\n<li class=\"product-prop line-limit-length\"><span\n                                        class=\"property-title\">Num\u00e9ro de Mod\u00e8le :&nbsp;<\/span><span\n                                        class=\"property-desc line-limit-length\">cl\/NJF-1806<\/span>\n                            <\/li>\n<li class=\"product-prop line-limit-length\"><span\n                                        class=\"property-title\">Type de tissu :&nbsp;<\/span><span\n                                        class=\"property-desc line-limit-length\">Oxford (en anglais)<\/span>\n                            <\/li>\n<li class=\"product-prop line-limit-length\"><span\n                                        class=\"property-title\">Style :&nbsp;<\/span><span\n                                        class=\"property-desc line-limit-length\">Le sport<\/span>\n                            <\/li>\n<li class=\"product-prop line-limit-length\"><span\n                                        class=\"property-title\">Collier :&nbsp;<\/span><span\n                                        class=\"property-desc line-limit-length\">\u00c0 col rabattu<\/span>\n                            <\/li>\n<li class=\"product-prop line-limit-length\"><span\n                                        class=\"property-title\">Longueur de Manche (cm) :&nbsp;<\/span><span\n                                        class=\"property-desc line-limit-length\">Plein<\/span>\n                            <\/li>\n<li class=\"product-prop line-limit-length\"><span\n                                        class=\"property-title\">Mat\u00e9riau :&nbsp;<\/span><span\n                                        class=\"property-desc line-limit-length\">COTON<\/span>\n                            <\/li>\n<li class=\"product-prop line-limit-length\"><span\n                                        class=\"property-title\">Type de Chemises :&nbsp;<\/span><span\n                                        class=\"property-desc line-limit-length\">CHEMISES D\u00c9CONTRACT\u00c9ES<\/span>\n                            <\/li>\n<li class=\"product-prop line-limit-length\"><span\n                                        class=\"property-title\">Nom de marque :&nbsp;<\/span><span\n                                        class=\"property-desc line-limit-length\">qi xiu cai<\/span>\n                            <\/li>\n<li class=\"product-prop line-limit-length\"><span\n                                        class=\"property-title\">Origine :&nbsp;<\/span><span\n                                        class=\"property-desc line-limit-length\">CN (Origine)<\/span>\n                            <\/li>\n<li class=\"product-prop line-limit-length\"><span\n                                        class=\"property-title\">CN :&nbsp;<\/span><span\n                                        class=\"property-desc line-limit-length\">Zhejiang<\/span>\n                            <\/li>\n<li class=\"product-prop line-limit-length\"><span\n                                        class=\"property-title\">Sexe :&nbsp;<\/span><span\n                                        class=\"property-desc line-limit-length\">MEN<\/span>\n                            <\/li>\n<li class=\"product-prop line-limit-length\"><span\n                                        class=\"property-title\">Type d'article :&nbsp;<\/span><span\n                                        class=\"property-desc line-limit-length\">Chemises<\/span>\n                            <\/li>\n<li class=\"product-prop line-limit-length\"><span\n                                        class=\"property-title\">Mat\u00e9riau :&nbsp;<\/span><span\n                                        class=\"property-desc line-limit-length\">100%cotton<\/span>\n                            <\/li>\n<li class=\"product-prop line-limit-length\"><span\n                                        class=\"property-title\">Type de mod\u00e8le 1 :&nbsp;<\/span><span\n                                        class=\"property-desc line-limit-length\">couleur unie<\/span>\n                            <\/li>\n<li class=\"product-prop line-limit-length\"><span\n                                        class=\"property-title\">Type de motif 2 :&nbsp;<\/span><span\n                                        class=\"property-desc line-limit-length\">ray\u00e9<\/span>\n                            <\/li>\n<li class=\"product-prop line-limit-length\"><span\n                                        class=\"property-title\">Type de motif 3 :&nbsp;<\/span><span\n                                        class=\"property-desc line-limit-length\">\u00e9cossais<\/span>\n                            <\/li>\n<\/ul><\/div>\n<div class=\"detailmodule_html\">\n<div class=\"detail-desc-decorate-richtext\">\n<div class=\"detailmodule_html\">\n<div class=\"detail-desc-decorate-richtext\">\n<div data-spm-anchor-id=\"a2g0o.detail.1000023.i0.44f0lw8blw8buz\" style=\"box-sizing: content-box; -webkit-tap-highlight-color: transparent; outline: 0px; margin: 0px; padding: 0px; color: rgb(34, 34, 34); font-family: &quot;Open Sans&quot;, Roboto, Arial, Helvetica, sans-serif, SimSun; font-size: 14px; font-style: normal; font-variant-ligatures: normal; font-variant-caps: normal; font-weight: 400; letter-spacing: normal; orphans: 2; text-indent: 0px; text-transform: none; white-space: normal; widows: 2; word-spacing: 0px; -webkit-text-stroke-width: 0px; text-decoration-style: initial; text-decoration-color: initial; text-align: center;\"><kse:widget data-widget-type=\"relatedProduct\" id=\"1005000005888424\" type=\"relation\"><\/kse:widget><br \/>*La taille asiatique est environ 2 tailles 3 plus petites que la taille US\/UK\/AU\/EU !<br style=\"box-sizing: border-box; -webkit-tap-highlight-color: transparent; outline: 0px;\">Si vous n'\u00eates pas s\u00fbr de la taille, vous pouvez nous indiquer votre taille (cm)<br style=\"box-sizing: border-box; -webkit-tap-highlight-color: transparent; outline: 0px;\">Et poids (kg) avant de faire vos achats!!Nous vous aiderons \u00e0 en choisir un<br style=\"box-sizing: border-box; -webkit-tap-highlight-color: transparent; outline: 0px;\">Taille adapt\u00e9e !<\/div>\n<p style=\"box-sizing: border-box; -webkit-tap-highlight-color: transparent; outline: 0px; margin: 0px; padding: 0px; line-height: inherit; color: rgb(34, 34, 34); font-family: &quot;Open Sans&quot;, Roboto, Arial, Helvetica, sans-serif, SimSun; font-size: 14px; font-style: normal; font-variant-ligatures: normal; font-variant-caps: normal; font-weight: 400; letter-spacing: normal; orphans: 2; text-indent: 0px; text-transform: none; white-space: normal; widows: 2; word-spacing: 0px; -webkit-text-stroke-width: 0px; text-decoration-style: initial; text-decoration-color: initial; text-align: center;\">&nbsp;<\/p>\n<p data-spm-anchor-id=\"a2g0o.detail.1000023.i0.6282513amCZd4P\" style=\"box-sizing: border-box; -webkit-tap-highlight-color: transparent; outline: 0px; margin: 0px; padding: 0px; line-height: inherit; color: rgb(34, 34, 34); font-family: &quot;Open Sans&quot;, Roboto, Arial, Helvetica, sans-serif, SimSun; font-size: 14px; font-style: normal; font-variant-ligatures: normal; font-variant-caps: normal; font-weight: 400; letter-spacing: normal; orphans: 2; text-indent: 0px; text-transform: none; white-space: normal; widows: 2; word-spacing: 0px; -webkit-text-stroke-width: 0px; text-decoration-style: initial; text-decoration-color: initial; background-color: rgb(255, 255, 255); text-align: center;\">Veuillez permettre une erreur de 2 \u00e0 4 cm en raison de la mesure manuelle !<\/p>\n<p style=\"margin:0;display: block;width: 100%;\"><img decoding=\"async\" referrerpolicy=\"no-referrer\" src=\"https:\/\/ae01.alicdn.com\/kf\/S21285729290f43e880ce867bf3d8408bm.jpg?width=900&amp;height=291&amp;hash=1191\"><img decoding=\"async\" referrerpolicy=\"no-referrer\" src=\"https:\/\/ae01.alicdn.com\/kf\/Scce444927d7f4d65bd02608a6ce83ff89.jpg?width=800&amp;height=498&amp;hash=1298\"><img decoding=\"async\" referrerpolicy=\"no-referrer\" src=\"https:\/\/ae01.alicdn.com\/kf\/S1a7e0828e38441dfadb6d2189f5acab72.jpg?width=800&amp;height=660&amp;hash=1460\"><img decoding=\"async\" referrerpolicy=\"no-referrer\" src=\"https:\/\/ae01.alicdn.com\/kf\/Scbdcce05da034d72910c9c25a25c44ebd.jpg?width=790&amp;height=1090&amp;hash=1880\"><img decoding=\"async\" referrerpolicy=\"no-referrer\" src=\"https:\/\/ae01.alicdn.com\/kf\/S5cced24af3ac4363a3d25f3e28a8111fs.jpg?width=790&amp;height=745&amp;hash=1535\"><img decoding=\"async\" referrerpolicy=\"no-referrer\" src=\"https:\/\/ae01.alicdn.com\/kf\/S2ac87068f850436782fe409b374e0e48X.jpg?width=790&amp;height=1350&amp;hash=2140\"><img decoding=\"async\" referrerpolicy=\"no-referrer\" src=\"https:\/\/ae01.alicdn.com\/kf\/Se06b7f49035e4ee9922aaf09557c9844e.jpg?width=790&amp;height=986&amp;hash=1776\"><img decoding=\"async\" referrerpolicy=\"no-referrer\" src=\"https:\/\/ae01.alicdn.com\/kf\/S08ffd93cd4c44c38b5f56d12a388b452x.jpg?width=790&amp;height=1234&amp;hash=2024\"><img decoding=\"async\" referrerpolicy=\"no-referrer\" src=\"https:\/\/ae01.alicdn.com\/kf\/Scf0d2def7e814e2e999c69316eb2f801a.jpg?width=790&amp;height=1263&amp;hash=2053\"><img decoding=\"async\" referrerpolicy=\"no-referrer\" src=\"https:\/\/ae01.alicdn.com\/kf\/Se155f4a68a4d4a7f8f0e9274240aa70bb.jpg?width=790&amp;height=776&amp;hash=1566\"><img decoding=\"async\" referrerpolicy=\"no-referrer\" src=\"https:\/\/ae01.alicdn.com\/kf\/Sd77215ef6533499b9c38830a295a9be0b.jpg?width=790&amp;height=1343&amp;hash=2133\"><img decoding=\"async\" referrerpolicy=\"no-referrer\" src=\"https:\/\/ae01.alicdn.com\/kf\/Sb71d7bb591704131b39c05ce640d19517.jpg?width=790&amp;height=1354&amp;hash=2144\"><img decoding=\"async\" referrerpolicy=\"no-referrer\" src=\"https:\/\/ae01.alicdn.com\/kf\/Se50a860df8814171929f9fd0e294b513j.jpg?width=800&amp;height=800&amp;hash=1600\"><img decoding=\"async\" referrerpolicy=\"no-referrer\" src=\"https:\/\/ae01.alicdn.com\/kf\/S66b42e94af3f4931acb14427e8d0c426m.jpg?width=800&amp;height=800&amp;hash=1600\"><img decoding=\"async\" referrerpolicy=\"no-referrer\" src=\"https:\/\/ae01.alicdn.com\/kf\/Sa3a35c15912b4743a93c785bd24f4d41C.jpg?width=800&amp;height=800&amp;hash=1600\"><img decoding=\"async\" referrerpolicy=\"no-referrer\" src=\"https:\/\/ae01.alicdn.com\/kf\/S819fa52a8eca4e6fad58e3ff0bd29122W.jpg?width=800&amp;height=800&amp;hash=1600\"><img decoding=\"async\" referrerpolicy=\"no-referrer\" src=\"https:\/\/ae01.alicdn.com\/kf\/Sda91da69b8b7425e88b3a0fbf1b7a4d0q.jpg?width=800&amp;height=800&amp;hash=1600\"><img decoding=\"async\" referrerpolicy=\"no-referrer\" src=\"https:\/\/ae01.alicdn.com\/kf\/Se1ea2b1428004fb2848c712b0b1561c59.jpg?width=800&amp;height=800&amp;hash=1600\"><img decoding=\"async\" referrerpolicy=\"no-referrer\" src=\"https:\/\/ae01.alicdn.com\/kf\/S7497b1a2ecc44fb5942946a4acac5fecW.jpg?width=800&amp;height=800&amp;hash=1600\"><img decoding=\"async\" referrerpolicy=\"no-referrer\" src=\"https:\/\/ae01.alicdn.com\/kf\/S9507b679bab248f7b7cb7357fdad32cdD.jpg?width=800&amp;height=800&amp;hash=1600\"><img decoding=\"async\" referrerpolicy=\"no-referrer\" src=\"https:\/\/ae01.alicdn.com\/kf\/S96630f7766984df78bc2cdc494b78466C.jpg?width=800&amp;height=800&amp;hash=1600\"><img decoding=\"async\" referrerpolicy=\"no-referrer\" src=\"https:\/\/ae01.alicdn.com\/kf\/Sf7ae86f658fe4bdf98882cdf6be56d35c.jpg?width=800&amp;height=800&amp;hash=1600\"><img decoding=\"async\" referrerpolicy=\"no-referrer\" src=\"https:\/\/ae01.alicdn.com\/kf\/S41b9b60b51094b89b9d32dd3a6116fc1v.jpg?width=800&amp;height=800&amp;hash=1600\"><img decoding=\"async\" referrerpolicy=\"no-referrer\" src=\"https:\/\/ae01.alicdn.com\/kf\/S77b5a4a753184d078ed68b9022cea94eK.jpg?width=800&amp;height=800&amp;hash=1600\"><img decoding=\"async\" referrerpolicy=\"no-referrer\" src=\"https:\/\/ae01.alicdn.com\/kf\/S81e4594dab1343ceb8683d0cee010004J.jpg?width=800&amp;height=800&amp;hash=1600\"><img decoding=\"async\" referrerpolicy=\"no-referrer\" src=\"https:\/\/ae01.alicdn.com\/kf\/Se6c5f7a01c95466abae8d17466efd871l.jpg?width=800&amp;height=800&amp;hash=1600\"><img decoding=\"async\" referrerpolicy=\"no-referrer\" src=\"https:\/\/ae01.alicdn.com\/kf\/Scfdd9ab99f45448fb5491c19fafdd90bN.jpg?width=800&amp;height=800&amp;hash=1600\"><\/p>\n<\/div>\n<\/div>\n<\/div>\n<\/div>","protected":false},"excerpt":{"rendered":"<p>Saison Applicable:&nbsp;Quatre saisons Applicable Scene:&nbsp;CASUAL Lieu du0027origine:&nbsp;Chine (continent) Type de fermeture:&nbsp;Seins simples Type de Motif:&nbsp;Plaid Style de Manches:&nbsp;REGULAR Num\u00e9ro de<\/p>","protected":false},"featured_media":5894,"comment_status":"open","ping_status":"closed","template":"","meta":[],"product_brand":[],"product_cat":[1450,4978],"product_tag":[],"class_list":{"0":"post-5893","1":"product","2":"type-product","3":"status-publish","4":"has-post-thumbnail","6":"product_cat-mens-section","7":"product_cat-t-shirt-shirts","9":"first","10":"instock","11":"shipping-taxable","12":"purchasable","13":"product-type-variable"},"jetpack_sharing_enabled":true,"_links":{"self":[{"href":"https:\/\/afrycom.com\/fr\/wp-json\/wp\/v2\/product\/5893","targetHints":{"allow":["GET"]}}],"collection":[{"href":"https:\/\/afrycom.com\/fr\/wp-json\/wp\/v2\/product"}],"about":[{"href":"https:\/\/afrycom.com\/fr\/wp-json\/wp\/v2\/types\/product"}],"replies":[{"embeddable":true,"href":"https:\/\/afrycom.com\/fr\/wp-json\/wp\/v2\/comments?post=5893"}],"wp:featuredmedia":[{"embeddable":true,"href":"https:\/\/afrycom.com\/fr\/wp-json\/wp\/v2\/media\/5894"}],"wp:attachment":[{"href":"https:\/\/afrycom.com\/fr\/wp-json\/wp\/v2\/media?parent=5893"}],"wp:term":[{"taxonomy":"product_brand","embeddable":true,"href":"https:\/\/afrycom.com\/fr\/wp-json\/wp\/v2\/product_brand?post=5893"},{"taxonomy":"product_cat","embeddable":true,"href":"https:\/\/afrycom.com\/fr\/wp-json\/wp\/v2\/product_cat?post=5893"},{"taxonomy":"product_tag","embeddable":true,"href":"https:\/\/afrycom.com\/fr\/wp-json\/wp\/v2\/product_tag?post=5893"}],"curies":[{"name":"wp","href":"https:\/\/api.w.org\/{rel}","templated":true}]}}