{"id":5863,"date":"2025-03-08T08:07:25","date_gmt":"2025-03-08T08:07:25","guid":{"rendered":"https:\/\/afrycom.com\/product\/jeans-dechires-de-style-italien-pour-hommes-pantalons-en-denim-decontractes-coupe-couvertes-retro-mode-vintage-trou-fjpatched-zones-bre\/"},"modified":"2025-08-07T16:07:28","modified_gmt":"2025-08-07T16:07:28","slug":"jeans-dechires-de-style-italien-pour-hommes-pantalons-en-denim-decontractes-coupe-couvertes-retro-mode-vintage-trou-fjpatched-zones-bre","status":"publish","type":"product","link":"https:\/\/afrycom.com\/fr\/produit\/jeans-dechires-de-style-italien-pour-hommes-pantalons-en-denim-decontractes-coupe-couvertes-retro-mode-vintage-trou-fjpatched-zones-bre\/","title":{"rendered":"Jeans d\u00e9chir\u00e9s de style italien pour hommes, pantalons en denim d\u00e9contract\u00e9s, coupe couvertes r\u00e9tro, mode vintage, trou, fjPatched, zones bre"},"content":{"rendered":"<p>&nbsp;<\/p>\n<div class=\"product-specs-list-container\">\n<ul class=\"product-specs-list util-clearfix\">\n<li class=\"product-prop line-limit-length\"><span class=\"property-title\">Chimique Hign-concern\u00e9 :\u00a0<\/span><span class=\"property-desc line-limit-length\">Aucun<\/span><\/li>\n<li class=\"product-prop line-limit-length\"><span class=\"property-title\">Artisanat du tissage :\u00a0<\/span><span class=\"property-desc line-limit-length\">Tricoter<\/span><\/li>\n<li class=\"product-prop line-limit-length\"><span class=\"property-title\">Saison Applicable :\u00a0<\/span><span class=\"property-desc line-limit-length\">Quatre saisons<\/span><\/li>\n<li class=\"product-prop line-limit-length\"><span class=\"property-title\">Sc\u00e8ne applicable :\u00a0<\/span><span class=\"property-desc line-limit-length\">CASUAL<\/span><\/li>\n<li class=\"product-prop line-limit-length\"><span class=\"property-title\">Lieu du0027origine :\u00a0<\/span><span class=\"property-desc line-limit-length\">Chine (continent)<\/span><\/li>\n<li class=\"product-prop line-limit-length\"><span class=\"property-title\">D\u00e9coration :\u00a0<\/span><span class=\"property-desc line-limit-length\">Patchwork<\/span><\/li>\n<li class=\"product-prop line-limit-length\"><span class=\"property-title\">Type de Motif :\u00a0<\/span><span class=\"property-desc line-limit-length\">Solide<\/span><\/li>\n<li class=\"product-prop line-limit-length\"><span class=\"property-title\">Num\u00e9ro de Mod\u00e8le :\u00a0<\/span><span class=\"property-desc line-limit-length\">DFY704RL<\/span><\/li>\n<li class=\"product-prop line-limit-length\"><span class=\"property-title\">Style :\u00a0<\/span><span class=\"property-desc line-limit-length\">mill\u00e9sime<\/span><\/li>\n<li class=\"product-prop line-limit-length\"><span class=\"property-title\">Longueur :\u00a0<\/span><span class=\"property-desc line-limit-length\">pleine longueur<\/span><\/li>\n<li class=\"product-prop line-limit-length\"><span class=\"property-title\">\u00c9paisseur :\u00a0<\/span><span class=\"property-desc line-limit-length\">Mi-lourd<\/span><\/li>\n<li class=\"product-prop line-limit-length\"><span class=\"property-title\">Style jeans :\u00a0<\/span><span class=\"property-desc line-limit-length\">DROIT<\/span><\/li>\n<li class=\"product-prop line-limit-length\"><span class=\"property-title\">Type de tissu :\u00a0<\/span><span class=\"property-desc line-limit-length\">\u00c9pluchage<\/span><\/li>\n<li class=\"product-prop line-limit-length\"><span class=\"property-title\">Type de taille :\u00a0<\/span><span class=\"property-desc line-limit-length\">MID<\/span><\/li>\n<li class=\"product-prop line-limit-length\"><span class=\"property-title\">Type d'ajustement :\u00a0<\/span><span class=\"property-desc line-limit-length\">Mince<\/span><\/li>\n<li class=\"product-prop line-limit-length\"><span class=\"property-title\">Laver :\u00a0<\/span><span class=\"property-desc line-limit-length\">Medium,Afflig\u00e9,Lavage de singe,Effet moustache<\/span><\/li>\n<li class=\"product-prop line-limit-length\"><span class=\"property-title\">Type de Fermeture :\u00a0<\/span><span class=\"property-desc line-limit-length\">mouche fermeture \u00e9clair<\/span><\/li>\n<li class=\"product-prop line-limit-length\"><span class=\"property-title\">Mat\u00e9riau :\u00a0<\/span><span class=\"property-desc line-limit-length\">Toile<\/span><\/li>\n<li class=\"product-prop line-limit-length\"><span class=\"property-title\">Origine :\u00a0<\/span><span class=\"property-desc line-limit-length\">CN (Origine)<\/span><\/li>\n<li class=\"product-prop line-limit-length\"><span class=\"property-title\">Sexe :\u00a0<\/span><span class=\"property-desc line-limit-length\">MEN<\/span><\/li>\n<li class=\"product-prop line-limit-length\"><span class=\"property-title\">Type d'article :\u00a0<\/span><span class=\"property-desc line-limit-length\">JEANS<\/span><\/li>\n<li class=\"product-prop line-limit-length\"><span class=\"property-title\">CN :\u00a0<\/span><span class=\"property-desc line-limit-length\">Anhui<\/span><\/li>\n<li class=\"product-prop line-limit-length\"><span class=\"property-title\">Couleur :\u00a0<\/span><span class=\"property-desc line-limit-length\">R\u00e9tro jaune bleu<\/span><\/li>\n<li class=\"product-prop line-limit-length\"><span class=\"property-title\">Taille :\u00a0<\/span><span class=\"property-desc line-limit-length\">W28\/W29\/W30\/W31\/W32\/W33\/W34\/W36\/W38<\/span><\/li>\n<li class=\"product-prop line-limit-length\"><span class=\"property-title\">Mat\u00e9riau :\u00a0<\/span><span class=\"property-desc line-limit-length\">99.2% Coton 0.8% Spandex<\/span><\/li>\n<\/ul>\n<\/div>\n<div class=\"detailmodule_html\">\n<div class=\"detail-desc-decorate-richtext\">\n<div class=\"detailmodule_text-image\"><\/div>\n<div class=\"detailmodule_text-image\"><\/div>\n<\/div>\n<\/div>","protected":false},"excerpt":{"rendered":"<p>&nbsp; Chimique Hign-concern\u00e9:\u00a0Aucun Artisanat du tissage:\u00a0Tricoter Saison Applicable:\u00a0Quatre saisons Applicable Scene:\u00a0CASUAL Lieu du0027origine:\u00a0Chine (continent) D\u00e9coration:\u00a0Patchwork Type de Motif:\u00a0Solide Num\u00e9ro de<\/p>","protected":false},"featured_media":5865,"comment_status":"open","ping_status":"closed","template":"","meta":[],"product_brand":[],"product_cat":[1450,4981],"product_tag":[],"class_list":{"0":"post-5863","1":"product","2":"type-product","3":"status-publish","4":"has-post-thumbnail","6":"product_cat-mens-section","7":"product_cat-pants-jeans","9":"first","10":"instock","11":"sale","12":"shipping-taxable","13":"purchasable","14":"product-type-variable"},"jetpack_sharing_enabled":true,"_links":{"self":[{"href":"https:\/\/afrycom.com\/fr\/wp-json\/wp\/v2\/product\/5863","targetHints":{"allow":["GET"]}}],"collection":[{"href":"https:\/\/afrycom.com\/fr\/wp-json\/wp\/v2\/product"}],"about":[{"href":"https:\/\/afrycom.com\/fr\/wp-json\/wp\/v2\/types\/product"}],"replies":[{"embeddable":true,"href":"https:\/\/afrycom.com\/fr\/wp-json\/wp\/v2\/comments?post=5863"}],"wp:featuredmedia":[{"embeddable":true,"href":"https:\/\/afrycom.com\/fr\/wp-json\/wp\/v2\/media\/5865"}],"wp:attachment":[{"href":"https:\/\/afrycom.com\/fr\/wp-json\/wp\/v2\/media?parent=5863"}],"wp:term":[{"taxonomy":"product_brand","embeddable":true,"href":"https:\/\/afrycom.com\/fr\/wp-json\/wp\/v2\/product_brand?post=5863"},{"taxonomy":"product_cat","embeddable":true,"href":"https:\/\/afrycom.com\/fr\/wp-json\/wp\/v2\/product_cat?post=5863"},{"taxonomy":"product_tag","embeddable":true,"href":"https:\/\/afrycom.com\/fr\/wp-json\/wp\/v2\/product_tag?post=5863"}],"curies":[{"name":"wp","href":"https:\/\/api.w.org\/{rel}","templated":true}]}}