{"id":5718,"date":"2025-03-08T08:06:55","date_gmt":"2025-03-08T08:06:55","guid":{"rendered":"https:\/\/afrycom.com\/product\/2024-hiver-veste-en-jean-male-mode-trench-coat-tendance-veste-hommes-vestes-decontractee-hommes-style-classique-denim-manteau-hommes-complet-m-4xl\/"},"modified":"2025-08-07T16:08:04","modified_gmt":"2025-08-07T16:08:04","slug":"veste-en-jean-male-mode-trench-coat-tendance-veste-hommes-vestes-decontractee-hommes-style-classique-denim-manteau-hommes","status":"publish","type":"product","link":"https:\/\/afrycom.com\/fr\/produit\/veste-en-jean-male-mode-trench-coat-tendance-veste-hommes-vestes-decontractee-hommes-style-classique-denim-manteau-hommes\/","title":{"rendered":"Veste en jean m\u00e2le mode Trench Coat tendance veste hommes vestes d\u00e9contract\u00e9e hommes style classique denim manteau hommes"},"content":{"rendered":"<p>&nbsp;<\/p>\n<div class=\"product-specs-list-container\">\n<ul class=\"product-specs-list util-clearfix\">\n<li class=\"product-prop line-limit-length\"><span class=\"property-title\">Saison Applicable :\u00a0<\/span><span class=\"property-desc line-limit-length\">Quatre saisons<\/span><\/li>\n<li class=\"product-prop line-limit-length\"><span class=\"property-title\">Sc\u00e8ne applicable :\u00a0<\/span><span class=\"property-desc line-limit-length\">CASUAL<\/span><\/li>\n<li class=\"product-prop line-limit-length\"><span class=\"property-title\">Lieu du0027origine :\u00a0<\/span><span class=\"property-desc line-limit-length\">Chine (continent)<\/span><\/li>\n<li class=\"product-prop line-limit-length\"><span class=\"property-title\">D\u00e9coration :\u00a0<\/span><span class=\"property-desc line-limit-length\">POCHES<\/span><\/li>\n<li class=\"product-prop line-limit-length\"><span class=\"property-title\">Style de Manches :\u00a0<\/span><span class=\"property-desc line-limit-length\">R\u00c9GULIER<\/span><\/li>\n<li class=\"product-prop line-limit-length\"><span class=\"property-title\">\u00c0 capuche :\u00a0<\/span><span class=\"property-desc line-limit-length\">Pas de<\/span><\/li>\n<li class=\"product-prop line-limit-length\"><span class=\"property-title\">Type :\u00a0<\/span><span class=\"property-desc line-limit-length\">Mince<\/span><\/li>\n<li class=\"product-prop line-limit-length\"><span class=\"property-title\">Partie d\u00e9tachable :\u00a0<\/span><span class=\"property-desc line-limit-length\">AUCUN<\/span><\/li>\n<li class=\"product-prop line-limit-length\"><span class=\"property-title\">\u00c9paisseur :\u00a0<\/span><span class=\"property-desc line-limit-length\">\u00c9pais<\/span><\/li>\n<li class=\"product-prop line-limit-length\"><span class=\"property-title\">Mat\u00e9riel Doublure :\u00a0<\/span><span class=\"property-desc line-limit-length\">POLYESTER<\/span><\/li>\n<li class=\"product-prop line-limit-length\"><span class=\"property-title\">Type de fermeture :\u00a0<\/span><span class=\"property-desc line-limit-length\">Seins simples<\/span><\/li>\n<li class=\"product-prop line-limit-length\"><span class=\"property-title\">Style manchette :\u00a0<\/span><span class=\"property-desc line-limit-length\">Conventionnel<\/span><\/li>\n<li class=\"product-prop line-limit-length\"><span class=\"property-title\">Type de Motif :\u00a0<\/span><span class=\"property-desc line-limit-length\">Solide<\/span><\/li>\n<li class=\"product-prop line-limit-length\"><span class=\"property-title\">Collier :\u00a0<\/span><span class=\"property-desc line-limit-length\">\u00c0 col rabattu<\/span><\/li>\n<li class=\"product-prop line-limit-length\"><span class=\"property-title\">Style :\u00a0<\/span><span class=\"property-desc line-limit-length\">Le sport<\/span><\/li>\n<li class=\"product-prop line-limit-length\"><span class=\"property-title\">Longueur de V\u00eatement :\u00a0<\/span><span class=\"property-desc line-limit-length\">R\u00c9GULIER<\/span><\/li>\n<li class=\"product-prop line-limit-length\"><span class=\"property-title\">Mat\u00e9riau :\u00a0<\/span><span class=\"property-desc line-limit-length\">POLYESTER<\/span><\/li>\n<li class=\"product-prop line-limit-length\"><span class=\"property-title\">Nom de marque :\u00a0<\/span><span class=\"property-desc line-limit-length\">KOLMAKOV<\/span><\/li>\n<li class=\"product-prop line-limit-length\"><span class=\"property-title\">Origine :\u00a0<\/span><span class=\"property-desc line-limit-length\">CN (Origine)<\/span><\/li>\n<li class=\"product-prop line-limit-length\"><span class=\"property-title\">CN :\u00a0<\/span><span class=\"property-desc line-limit-length\">HUBEI<\/span><\/li>\n<li class=\"product-prop line-limit-length\"><span class=\"property-title\">Type de manteaux :\u00a0<\/span><span class=\"property-desc line-limit-length\">VESTES<\/span><\/li>\n<li class=\"product-prop line-limit-length\"><span class=\"property-title\">Sexe :\u00a0<\/span><span class=\"property-desc line-limit-length\">MEN<\/span><\/li>\n<li class=\"product-prop line-limit-length\"><span class=\"property-title\">Type d'article :\u00a0<\/span><span class=\"property-desc line-limit-length\">Manteaux<\/span><\/li>\n<\/ul>\n<\/div>\n<div class=\"detailmodule_html\">\n<div class=\"detail-desc-decorate-richtext\">\n<div style=\"font-family: 'Open Sans', Roboto, Arial, Helvetica, sans-serif, SimSun; font-size: 14px; font-weight: 400; letter-spacing: normal; text-align: start; white-space: normal; color: #222222; margin: 0px; padding: 0px; box-sizing: content-box;\" align=\"start\"><span style=\"font-size: 18px;\"><span style=\"color: #ff0000;\"><strong>Chers clients :<\/strong><\/span><\/span><\/div>\n<div style=\"font-family: 'Open Sans', Roboto, Arial, Helvetica, sans-serif, SimSun; font-size: 14px; font-weight: 400; letter-spacing: normal; text-align: start; white-space: normal; color: #222222; margin: 0px; padding: 0px; box-sizing: content-box;\" align=\"start\"><span style=\"font-size: 18px;\">Bienvenue dans notre magasin<\/span><\/div>\n<div style=\"font-family: 'Open Sans', Roboto, Arial, Helvetica, sans-serif, SimSun; font-size: 14px; font-weight: 400; letter-spacing: normal; text-align: start; white-space: normal; color: #222222; margin: 0px; padding: 0px; box-sizing: content-box;\" align=\"start\"><span style=\"font-size: 18px;\">Je vous souhaite un agr\u00e9able moment de shopping!!!<\/span><\/div>\n<div style=\"font-family: 'Open Sans', Roboto, Arial, Helvetica, sans-serif, SimSun; font-size: 14px; font-weight: 400; letter-spacing: normal; text-align: start; white-space: normal; color: #222222; margin: 0px; padding: 0px; box-sizing: content-box;\" align=\"start\"><span style=\"font-size: 18px;\">Avant de passer une commande, nous vous sugg\u00e9rons de v\u00e9rifier les conseils d&#8217;achat suivants,<\/span><\/div>\n<div style=\"font-family: 'Open Sans', Roboto, Arial, Helvetica, sans-serif, SimSun; font-size: 14px; font-weight: 400; letter-spacing: normal; text-align: start; white-space: normal; color: #222222; margin: 0px; padding: 0px; box-sizing: content-box;\" align=\"start\"><span style=\"font-size: 18px;\">afin que vous ayez une exp\u00e9rience d&#8217;achat r\u00e9ussie :<\/span><\/div>\n<div style=\"font-family: 'Open Sans', Roboto, Arial, Helvetica, sans-serif, SimSun; font-size: 14px; font-weight: 400; letter-spacing: normal; text-align: start; white-space: normal; color: #222222; margin: 0px; padding: 0px; box-sizing: content-box;\" align=\"start\"><span style=\"font-size: 18px;\">1.Taille : il s&#8217;agit d&#8217;une taille asiatique, environ 2 tailles plus petites que la taille am\u00e9ricaine\/europ\u00e9enne.<\/span><\/div>\n<div style=\"font-family: 'Open Sans', Roboto, Arial, Helvetica, sans-serif, SimSun; font-size: 14px; font-weight: 400; letter-spacing: normal; text-align: start; white-space: normal; color: #222222; margin: 0px; padding: 0px; box-sizing: content-box;\" align=\"start\"><span style=\"font-size: 18px;\">2.Les commentaires sont tr\u00e8s importants pour nous, veuillez nous donner un commentaire positif de 5 \u00e9toiles.<\/span><\/div>\n<div style=\"font-family: 'Open Sans', Roboto, Arial, Helvetica, sans-serif, SimSun; font-size: 14px; font-weight: 400; letter-spacing: normal; text-align: start; white-space: normal; color: #222222; margin: 0px; padding: 0px; box-sizing: content-box;\" align=\"start\"><span style=\"font-size: 18px;\">Si vous rencontrez des probl\u00e8mes, essayez de nous contacter, nous serons heureux de vous aider \u00e0 les r\u00e9soudre.<\/span><\/div>\n<div style=\"font-family: 'Open Sans', Roboto, Arial, Helvetica, sans-serif, SimSun; font-size: 14px; font-weight: 400; letter-spacing: normal; text-align: start; white-space: normal; color: #222222; margin: 0px; padding: 0px; box-sizing: content-box;\" align=\"start\"><span style=\"font-size: 18px;\">3.Nous exp\u00e9dierons le colis dans 3 \u00e0 7 jours apr\u00e8s le paiement.<\/span><\/div>\n<div style=\"font-family: 'Open Sans', Roboto, Arial, Helvetica, sans-serif, SimSun; font-size: 14px; font-weight: 400; letter-spacing: normal; text-align: start; white-space: normal; color: #222222; margin: 0px; padding: 0px; box-sizing: content-box;\" align=\"start\"><span style=\"font-size: 18px;\">Veuillez noter votre taille de poids lorsque vous passez commande si vous n&#8217;\u00eates pas s\u00fbr de votre taille<\/span><\/div>\n<div style=\"font-family: 'Open Sans', Roboto, Arial, Helvetica, sans-serif, SimSun; font-size: 14px; font-weight: 400; letter-spacing: normal; text-align: start; white-space: normal; color: #222222; margin: 0px; padding: 0px; box-sizing: content-box;\" align=\"start\"><span style=\"font-size: 18px;\">Il peut y avoir une diff\u00e9rence de 1 \u00e0 3 cm = 2,54 cm 1 cm = 0,39 pouce<\/span><\/div>\n<div style=\"font-family: 'Open Sans', Roboto, Arial, Helvetica, sans-serif, SimSun; font-size: 14px; font-weight: 400; letter-spacing: normal; text-align: start; white-space: normal; color: #222222; margin: 0px; padding: 0px; box-sizing: content-box;\" align=\"start\"><span style=\"font-size: 18px;\">Le code des marchandises:<\/span><\/div>\n<div style=\"font-family: 'Open Sans', Roboto, Arial, Helvetica, sans-serif, SimSun; font-size: 14px; font-weight: 400; letter-spacing: normal; text-align: start; white-space: normal; color: #222222; margin: 0px; padding: 0px; box-sizing: content-box;\" align=\"start\"><\/div>\n<p>&nbsp;<\/p>\n<\/div>\n<\/div>","protected":false},"excerpt":{"rendered":"<p>&nbsp; Saison Applicable:\u00a0Quatre saisons Applicable Scene:\u00a0CASUAL Lieu du0027origine:\u00a0Chine (continent) D\u00e9coration:\u00a0POCHES Style de Manches:\u00a0REGULAR \u00c0 capuche:\u00a0Pas de Type:\u00a0Mince Partie d\u00e9tachable:\u00a0NONE \u00c9paisseur:\u00a0\u00c9pais<\/p>","protected":false},"featured_media":5719,"comment_status":"open","ping_status":"closed","template":"","meta":[],"product_brand":[],"product_cat":[4980,1450],"product_tag":[],"class_list":{"0":"post-5718","1":"product","2":"type-product","3":"status-publish","4":"has-post-thumbnail","6":"product_cat-coats-jackets","7":"product_cat-mens-section","9":"first","10":"instock","11":"sale","12":"shipping-taxable","13":"purchasable","14":"product-type-variable"},"jetpack_sharing_enabled":true,"_links":{"self":[{"href":"https:\/\/afrycom.com\/fr\/wp-json\/wp\/v2\/product\/5718","targetHints":{"allow":["GET"]}}],"collection":[{"href":"https:\/\/afrycom.com\/fr\/wp-json\/wp\/v2\/product"}],"about":[{"href":"https:\/\/afrycom.com\/fr\/wp-json\/wp\/v2\/types\/product"}],"replies":[{"embeddable":true,"href":"https:\/\/afrycom.com\/fr\/wp-json\/wp\/v2\/comments?post=5718"}],"wp:featuredmedia":[{"embeddable":true,"href":"https:\/\/afrycom.com\/fr\/wp-json\/wp\/v2\/media\/5719"}],"wp:attachment":[{"href":"https:\/\/afrycom.com\/fr\/wp-json\/wp\/v2\/media?parent=5718"}],"wp:term":[{"taxonomy":"product_brand","embeddable":true,"href":"https:\/\/afrycom.com\/fr\/wp-json\/wp\/v2\/product_brand?post=5718"},{"taxonomy":"product_cat","embeddable":true,"href":"https:\/\/afrycom.com\/fr\/wp-json\/wp\/v2\/product_cat?post=5718"},{"taxonomy":"product_tag","embeddable":true,"href":"https:\/\/afrycom.com\/fr\/wp-json\/wp\/v2\/product_tag?post=5718"}],"curies":[{"name":"wp","href":"https:\/\/api.w.org\/{rel}","templated":true}]}}