{"id":5702,"date":"2025-03-08T08:06:50","date_gmt":"2025-03-08T08:06:50","guid":{"rendered":"https:\/\/afrycom.com\/product\/veste-en-denim-pour-homme-streetwear-mode-retro-delave-detruit-patchwork-styliste-dechire-manteaux-hip-hop\/"},"modified":"2025-08-07T16:08:24","modified_gmt":"2025-08-07T16:08:24","slug":"veste-en-denim-pour-homme-streetwear-mode-retro-delave-detruit-patchwork-styliste-dechire-manteaux-hip-hop","status":"publish","type":"product","link":"https:\/\/afrycom.com\/fr\/produit\/veste-en-denim-pour-homme-streetwear-mode-retro-delave-detruit-patchwork-styliste-dechire-manteaux-hip-hop\/","title":{"rendered":"Veste en Denim pour homme, Streetwear, mode, r\u00e9tro, d\u00e9lav\u00e9, d\u00e9truit, Patchwork, styliste, d\u00e9chir\u00e9, manteaux, Hip Hop"},"content":{"rendered":"<div class=\"product-specs-list-container\">\n<ul class=\"product-specs-list util-clearfix\">\n<li class=\"product-prop line-limit-length\"><span\n                                        class=\"property-title\">Saison Applicable :&nbsp;<\/span><span\n                                        class=\"property-desc line-limit-length\">Printemps et automne<\/span>\n                            <\/li>\n<li class=\"product-prop line-limit-length\"><span\n                                        class=\"property-title\">Sc\u00e8ne applicable :&nbsp;<\/span><span\n                                        class=\"property-desc line-limit-length\">CASUAL<\/span>\n                            <\/li>\n<li class=\"product-prop line-limit-length\"><span\n                                        class=\"property-title\">Lieu du0027origine :&nbsp;<\/span><span\n                                        class=\"property-desc line-limit-length\">Chine (continent)<\/span>\n                            <\/li>\n<li class=\"product-prop line-limit-length\"><span\n                                        class=\"property-title\">D\u00e9coration :&nbsp;<\/span><span\n                                        class=\"property-desc line-limit-length\">Broderie<\/span>\n                            <\/li>\n<li class=\"product-prop line-limit-length\"><span\n                                        class=\"property-title\">Style de Manches :&nbsp;<\/span><span\n                                        class=\"property-desc line-limit-length\">R\u00c9GULIER<\/span>\n                            <\/li>\n<li class=\"product-prop line-limit-length\"><span\n                                        class=\"property-title\">Num\u00e9ro de Mod\u00e8le :&nbsp;<\/span><span\n                                        class=\"property-desc line-limit-length\">UF35<\/span>\n                            <\/li>\n<li class=\"product-prop line-limit-length\"><span\n                                        class=\"property-title\">\u00c0 capuche :&nbsp;<\/span><span\n                                        class=\"property-desc line-limit-length\">Pas de<\/span>\n                            <\/li>\n<li class=\"product-prop line-limit-length\"><span\n                                        class=\"property-title\">Type :&nbsp;<\/span><span\n                                        class=\"property-desc line-limit-length\">R\u00c9GULIER<\/span>\n                            <\/li>\n<li class=\"product-prop line-limit-length\"><span\n                                        class=\"property-title\">Partie d\u00e9tachable :&nbsp;<\/span><span\n                                        class=\"property-desc line-limit-length\">AUCUN<\/span>\n                            <\/li>\n<li class=\"product-prop line-limit-length\"><span\n                                        class=\"property-title\">\u00c9paisseur :&nbsp;<\/span><span\n                                        class=\"property-desc line-limit-length\">Norme<\/span>\n                            <\/li>\n<li class=\"product-prop line-limit-length\"><span\n                                        class=\"property-title\">Mat\u00e9riel Doublure :&nbsp;<\/span><span\n                                        class=\"property-desc line-limit-length\">COTON<\/span>\n                            <\/li>\n<li class=\"product-prop line-limit-length\"><span\n                                        class=\"property-title\">Type de fermeture :&nbsp;<\/span><span\n                                        class=\"property-desc line-limit-length\">Seins simples<\/span>\n                            <\/li>\n<li class=\"product-prop line-limit-length\"><span\n                                        class=\"property-title\">Style manchette :&nbsp;<\/span><span\n                                        class=\"property-desc line-limit-length\">Conventionnel<\/span>\n                            <\/li>\n<li class=\"product-prop line-limit-length\"><span\n                                        class=\"property-title\">Type de Motif :&nbsp;<\/span><span\n                                        class=\"property-desc line-limit-length\">Solide<\/span>\n                            <\/li>\n<li class=\"product-prop line-limit-length\"><span\n                                        class=\"property-title\">Collier :&nbsp;<\/span><span\n                                        class=\"property-desc line-limit-length\">\u00c0 col rabattu<\/span>\n                            <\/li>\n<li class=\"product-prop line-limit-length\"><span\n                                        class=\"property-title\">Style :&nbsp;<\/span><span\n                                        class=\"property-desc line-limit-length\">Le sport<\/span>\n                            <\/li>\n<li class=\"product-prop line-limit-length\"><span\n                                        class=\"property-title\">Longueur de V\u00eatement :&nbsp;<\/span><span\n                                        class=\"property-desc line-limit-length\">R\u00c9GULIER<\/span>\n                            <\/li>\n<li class=\"product-prop line-limit-length\"><span\n                                        class=\"property-title\">Mat\u00e9riau :&nbsp;<\/span><span\n                                        class=\"property-desc line-limit-length\">COTON, Viscose<\/span>\n                            <\/li>\n<li class=\"product-prop line-limit-length\"><span\n                                        class=\"property-title\">Origine :&nbsp;<\/span><span\n                                        class=\"property-desc line-limit-length\">CN (Origine)<\/span>\n                            <\/li>\n<li class=\"product-prop line-limit-length\"><span\n                                        class=\"property-title\">Sexe :&nbsp;<\/span><span\n                                        class=\"property-desc line-limit-length\">MEN<\/span>\n                            <\/li>\n<li class=\"product-prop line-limit-length\"><span\n                                        class=\"property-title\">Type de manteaux :&nbsp;<\/span><span\n                                        class=\"property-desc line-limit-length\">VESTES<\/span>\n                            <\/li>\n<li class=\"product-prop line-limit-length\"><span\n                                        class=\"property-title\">Type d'article :&nbsp;<\/span><span\n                                        class=\"property-desc line-limit-length\">Manteaux<\/span>\n                            <\/li>\n<li class=\"product-prop line-limit-length\"><span\n                                        class=\"property-title\">CN :&nbsp;<\/span><span\n                                        class=\"property-desc line-limit-length\">Anhui<\/span>\n                            <\/li>\n<li class=\"product-prop line-limit-length\"><span\n                                        class=\"property-title\">Couleur :&nbsp;<\/span><span\n                                        class=\"property-desc line-limit-length\">R\u00e9tro jaune bleu<\/span>\n                            <\/li>\n<li class=\"product-prop line-limit-length\"><span\n                                        class=\"property-title\">Taille :&nbsp;<\/span><span\n                                        class=\"property-desc line-limit-length\">S\/M\/L\/XL\/2XL\/3XL\/4XL\/5XL<\/span>\n                            <\/li>\n<li class=\"product-prop line-limit-length\"><span\n                                        class=\"property-title\">Mat\u00e9riau :&nbsp;<\/span><span\n                                        class=\"property-desc line-limit-length\">100% Coton<\/span>\n                            <\/li>\n<\/ul><\/div>\n<div class=\"detailmodule_html\">\n<div class=\"detail-desc-decorate-richtext\">\n<div class=\"detailmodule_text-image\">\n <img decoding=\"async\" class=\"detail-desc-decorate-image\" src=\"https:\/\/ae01.alicdn.com\/kf\/Sd2dd1bc6128e48fd8415f095d12d00fcU.jpg\" slate-data-type=\"image\" \/>\n<\/div>\n<div class=\"detailmodule_text-image\">\n <img decoding=\"async\" style=\"margin-bottom:10px\" class=\"detail-desc-decorate-image\" src=\"https:\/\/ae01.alicdn.com\/kf\/S915e69114002459cbbd80795163e6e21z.jpg\" slate-data-type=\"image\" \/><br \/>\n <img decoding=\"async\" style=\"margin-bottom:10px\" class=\"detail-desc-decorate-image\" src=\"https:\/\/ae01.alicdn.com\/kf\/Sfb919798e672452ca6b869863e69405a7.jpg\" slate-data-type=\"image\" \/><br \/>\n <img decoding=\"async\" style=\"margin-bottom:10px\" class=\"detail-desc-decorate-image\" src=\"https:\/\/ae01.alicdn.com\/kf\/S602b17d84a9c478ea2f72d9e091adf29A.jpg\" slate-data-type=\"image\" \/><br \/>\n <img decoding=\"async\" style=\"margin-bottom:10px\" class=\"detail-desc-decorate-image\" src=\"https:\/\/ae01.alicdn.com\/kf\/S5055f00baf864a0495a9624ac244fb3eu.jpg\" slate-data-type=\"image\" \/><br \/>\n <img decoding=\"async\" style=\"margin-bottom:10px\" class=\"detail-desc-decorate-image\" src=\"https:\/\/ae01.alicdn.com\/kf\/S0e6b27b9159c46a9ab24b16d7c2b57c2I.jpg\" slate-data-type=\"image\" \/><br \/>\n <img decoding=\"async\" style=\"margin-bottom:10px\" class=\"detail-desc-decorate-image\" src=\"https:\/\/ae01.alicdn.com\/kf\/S8379f07247864dbeac5b06f920f16a97D.jpg\" slate-data-type=\"image\" \/>\n<\/div>\n<div class=\"detailmodule_text-image\">\n <img decoding=\"async\" style=\"margin-bottom:10px\" class=\"detail-desc-decorate-image\" src=\"https:\/\/ae01.alicdn.com\/kf\/Se753a68ab9884e6ea8753a667753c6bbT.jpg\" slate-data-type=\"image\" \/><br \/>\n <img decoding=\"async\" style=\"margin-bottom:10px\" class=\"detail-desc-decorate-image\" src=\"https:\/\/ae01.alicdn.com\/kf\/Se95f68e9c3644c94a39256c8afaec006B.jpg\" slate-data-type=\"image\" \/><br \/>\n <img decoding=\"async\" style=\"margin-bottom:10px\" class=\"detail-desc-decorate-image\" src=\"https:\/\/ae01.alicdn.com\/kf\/S8d1b51052d9c4b14bf25f7f80a5c481ck.jpg\" slate-data-type=\"image\" \/><br \/>\n <img decoding=\"async\" style=\"margin-bottom:10px\" class=\"detail-desc-decorate-image\" src=\"https:\/\/ae01.alicdn.com\/kf\/Sf1b97c511f3e447a8bb999ff9bc918f8B.jpg\" slate-data-type=\"image\" \/><br \/>\n <img decoding=\"async\" style=\"margin-bottom:10px\" class=\"detail-desc-decorate-image\" src=\"https:\/\/ae01.alicdn.com\/kf\/S3a742a08ed544f629ed4c918b6062661F.jpg\" slate-data-type=\"image\" \/><br \/>\n <img decoding=\"async\" style=\"margin-bottom:10px\" class=\"detail-desc-decorate-image\" src=\"https:\/\/ae01.alicdn.com\/kf\/S8d390e0a32bf448dbbd7733adef7e6d97.jpg\" slate-data-type=\"image\" \/><br \/>\n <img decoding=\"async\" style=\"margin-bottom:10px\" class=\"detail-desc-decorate-image\" src=\"https:\/\/ae01.alicdn.com\/kf\/S03b3dbecaebd4c83a9f6e3158908291b0.jpg\" slate-data-type=\"image\" \/><br \/>\n <img decoding=\"async\" style=\"margin-bottom:10px\" class=\"detail-desc-decorate-image\" src=\"https:\/\/ae01.alicdn.com\/kf\/S6259fe9b4b174f7a8f42a334ec514ee6m.jpg\" slate-data-type=\"image\" \/><br \/>\n <img decoding=\"async\" style=\"margin-bottom:10px\" class=\"detail-desc-decorate-image\" src=\"https:\/\/ae01.alicdn.com\/kf\/S1126a7854957498383d450e09471bde6T.jpg\" slate-data-type=\"image\" \/><br \/>\n <img decoding=\"async\" style=\"margin-bottom:10px\" class=\"detail-desc-decorate-image\" src=\"https:\/\/ae01.alicdn.com\/kf\/S6db8cab1ab4c42faabf7473a370055a6d.jpg\" slate-data-type=\"image\" \/>\n<\/div>\n<div class=\"detailmodule_text-image\">\n <img decoding=\"async\" style=\"margin-bottom:10px\" class=\"detail-desc-decorate-image\" src=\"https:\/\/ae01.alicdn.com\/kf\/S3c1a6b98d6664febacd19b1c0785e2a6O.jpg\" slate-data-type=\"image\" \/>\n<\/div>\n<p><\/p>\n<\/div>\n<\/div>","protected":false},"excerpt":{"rendered":"<p>Saison Applicable:&nbsp;Spring and Autumn Applicable Scene:&nbsp;CASUAL Lieu du0027origine:&nbsp;Chine (continent) D\u00e9coration:&nbsp;Broderie Style de Manches:&nbsp;REGULAR Num\u00e9ro de Mod\u00e8le:&nbsp;UF35 \u00c0 capuche:&nbsp;Pas de Type:&nbsp;REGULAR<\/p>","protected":false},"featured_media":5703,"comment_status":"open","ping_status":"closed","template":"","meta":[],"product_brand":[],"product_cat":[4980,1450],"product_tag":[],"class_list":{"0":"post-5702","1":"product","2":"type-product","3":"status-publish","4":"has-post-thumbnail","6":"product_cat-coats-jackets","7":"product_cat-mens-section","9":"first","10":"instock","11":"shipping-taxable","12":"purchasable","13":"product-type-variable"},"jetpack_sharing_enabled":true,"_links":{"self":[{"href":"https:\/\/afrycom.com\/fr\/wp-json\/wp\/v2\/product\/5702","targetHints":{"allow":["GET"]}}],"collection":[{"href":"https:\/\/afrycom.com\/fr\/wp-json\/wp\/v2\/product"}],"about":[{"href":"https:\/\/afrycom.com\/fr\/wp-json\/wp\/v2\/types\/product"}],"replies":[{"embeddable":true,"href":"https:\/\/afrycom.com\/fr\/wp-json\/wp\/v2\/comments?post=5702"}],"wp:featuredmedia":[{"embeddable":true,"href":"https:\/\/afrycom.com\/fr\/wp-json\/wp\/v2\/media\/5703"}],"wp:attachment":[{"href":"https:\/\/afrycom.com\/fr\/wp-json\/wp\/v2\/media?parent=5702"}],"wp:term":[{"taxonomy":"product_brand","embeddable":true,"href":"https:\/\/afrycom.com\/fr\/wp-json\/wp\/v2\/product_brand?post=5702"},{"taxonomy":"product_cat","embeddable":true,"href":"https:\/\/afrycom.com\/fr\/wp-json\/wp\/v2\/product_cat?post=5702"},{"taxonomy":"product_tag","embeddable":true,"href":"https:\/\/afrycom.com\/fr\/wp-json\/wp\/v2\/product_tag?post=5702"}],"curies":[{"name":"wp","href":"https:\/\/api.w.org\/{rel}","templated":true}]}}