{"id":5673,"date":"2025-03-08T08:06:39","date_gmt":"2025-03-08T08:06:39","guid":{"rendered":"https:\/\/afrycom.com\/product\/boya-by-v3-sans-fil-lavalier-revers-mirophone-micro-rechargeable-antibruit-pour-iphone-android-camera-diffusion-en-direct-vlogging\/"},"modified":"2025-08-07T16:09:13","modified_gmt":"2025-08-07T16:09:13","slug":"boya-by-v3-sans-fil-lavalier-revers-mirophone-micro-rechargeable-antibruit-pour-iphone-android","status":"publish","type":"product","link":"https:\/\/afrycom.com\/fr\/produit\/boya-by-v3-sans-fil-lavalier-revers-mirophone-micro-rechargeable-antibruit-pour-iphone-android\/","title":{"rendered":"BOYA BY-V3 sans fil Lavalier revers Mirophone micro Rechargeable antibruit pour iPhone Android"},"content":{"rendered":"<p>&nbsp;<\/p>\n<div class=\"product-specs-list-container\">\n<ul class=\"product-specs-list util-clearfix\">\n<li class=\"product-prop line-limit-length\"><span class=\"property-title\">Chimique Hign-concern\u00e9 :\u00a0<\/span><span class=\"property-desc line-limit-length\">Aucun<\/span><\/li>\n<li class=\"product-prop line-limit-length\"><span class=\"property-title\">Diaphragme :\u00a0<\/span><span class=\"property-desc line-limit-length\">S-Mall<\/span><\/li>\n<li class=\"product-prop line-limit-length\"><span class=\"property-title\">Motifs polaires :\u00a0<\/span><span class=\"property-desc line-limit-length\">Omnidirectionnelle<\/span><\/li>\n<li class=\"product-prop line-limit-length\"><span class=\"property-title\">Communication :\u00a0<\/span><span class=\"property-desc line-limit-length\">sans fil<\/span><\/li>\n<li class=\"product-prop line-limit-length\"><span class=\"property-title\">Type D'ensemble :\u00a0<\/span><span class=\"property-desc line-limit-length\">Kits multi-microphones<\/span><\/li>\n<li class=\"product-prop line-limit-length\"><span class=\"property-title\">Transducteur :\u00a0<\/span><span class=\"property-desc line-limit-length\">Micro \u00e0 condensateur<\/span><\/li>\n<li class=\"product-prop line-limit-length\"><span class=\"property-title\">Utiliser :\u00a0<\/span><span class=\"property-desc line-limit-length\">Studio PRO<\/span><\/li>\n<li class=\"product-prop line-limit-length\"><span class=\"property-title\">Style :\u00a0<\/span><span class=\"property-desc line-limit-length\">Microphone Lavalier<\/span><\/li>\n<li class=\"product-prop line-limit-length\"><span class=\"property-title\">Nom de marque :\u00a0<\/span><span class=\"property-desc line-limit-length\">BOYA<\/span><\/li>\n<li class=\"product-prop line-limit-length\"><span class=\"property-title\">Origine :\u00a0<\/span><span class=\"property-desc line-limit-length\">CN (Origine)<\/span><\/li>\n<li class=\"product-prop line-limit-length\"><span class=\"property-title\">Certification :\u00a0<\/span><span class=\"property-desc line-limit-length\">CE, FCC<\/span><\/li>\n<li class=\"product-prop line-limit-length\"><span class=\"property-title\">Couleur :\u00a0<\/span><span class=\"property-desc line-limit-length\">Noir<\/span><\/li>\n<li class=\"product-prop line-limit-length\"><span class=\"property-title\">Type de transmission :\u00a0<\/span><span class=\"property-desc line-limit-length\">Microphone sans fil 2.4Ghz<\/span><\/li>\n<li class=\"product-prop line-limit-length\"><span class=\"property-title\">Microphone Lapel R\u00e9ponse en fr\u00e9quence :\u00a0<\/span><span class=\"property-desc line-limit-length\">20Hz-16kHz<\/span><\/li>\n<li class=\"product-prop line-limit-length\"><span class=\"property-title\">Microphone Sans fil Rapport signal\/bruit :\u00a0<\/span><span class=\"property-desc line-limit-length\">80dB<\/span><\/li>\n<li class=\"product-prop line-limit-length\"><span class=\"property-title\">microphone sans fil Sensibilit\u00e9 :\u00a0<\/span><span class=\"property-desc line-limit-length\">-42dB<\/span><\/li>\n<li class=\"product-prop line-limit-length\"><span class=\"property-title\">Microphone sans fil Port\u00e9e de fonctionnement :\u00a0<\/span><span class=\"property-desc line-limit-length\">100m<\/span><\/li>\n<li class=\"product-prop line-limit-length\"><span class=\"property-title\">microphone sans fil Puissance de sortie RF :\u00a0<\/span><span class=\"property-desc line-limit-length\">10dBm<\/span><\/li>\n<li class=\"product-prop line-limit-length\"><span class=\"property-title\">microphone sans fil Port de chargement :\u00a0<\/span><span class=\"property-desc line-limit-length\">USB-C<\/span><\/li>\n<li class=\"product-prop line-limit-length\"><span class=\"property-title\">micro sans fil TX Capacit\u00e9 de la batterie :\u00a0<\/span><span class=\"property-desc line-limit-length\">95mAh<\/span><\/li>\n<li class=\"product-prop line-limit-length\"><span class=\"property-title\">micro sans fil TX Temps de charge :\u00a0<\/span><span class=\"property-desc line-limit-length\">Environ 2 heures<\/span><\/li>\n<li class=\"product-prop line-limit-length\"><span class=\"property-title\">micro sans fil TX Autonomie de la batterie :\u00a0<\/span><span class=\"property-desc line-limit-length\">Environ 9 heures<\/span><\/li>\n<li class=\"product-prop line-limit-length\"><span class=\"property-title\">Microphone TX Alimentation :\u00a0<\/span><span class=\"property-desc line-limit-length\">Batterie Li-ion int\u00e9gr\u00e9e<\/span><\/li>\n<li class=\"product-prop line-limit-length\"><span class=\"property-title\">Microphone RX Alimentation :\u00a0<\/span><span class=\"property-desc line-limit-length\">Batterie lithium-ion int\u00e9gr\u00e9e<\/span><\/li>\n<li class=\"product-prop line-limit-length\"><span class=\"property-title\">lavalier Mic TX Poids :\u00a0<\/span><span class=\"property-desc line-limit-length\">10.5g<\/span><\/li>\n<li class=\"product-prop line-limit-length\"><span class=\"property-title\">micro sans fil RX Capacit\u00e9 de la batterie :\u00a0<\/span><span class=\"property-desc line-limit-length\">130 mAh<\/span><\/li>\n<li class=\"product-prop line-limit-length\"><span class=\"property-title\">micro-cravate pour :\u00a0<\/span><span class=\"property-desc line-limit-length\">iPhone\/ipad\/iPhone 15-16<\/span><\/li>\n<li class=\"product-prop line-limit-length\"><span class=\"property-title\">micro-cravate sans fil pour :\u00a0<\/span><span class=\"property-desc line-limit-length\">Appareils Android\/Type-c<\/span><\/li>\n<li class=\"product-prop line-limit-length\"><span class=\"property-title\">microphone sans fil pour iphone :\u00a0<\/span><span class=\"property-desc line-limit-length\">pour Live Broadcast Gaming Recording Interview Vlog<\/span><\/li>\n<li class=\"product-prop line-limit-length\"><span class=\"property-title\">microphone boya :\u00a0<\/span><span class=\"property-desc line-limit-length\">microphone sans fil pour smartphone<\/span><\/li>\n<li class=\"product-prop line-limit-length\"><span class=\"property-title\">BY-V10\/V20\/V30 pour :\u00a0<\/span><span class=\"property-desc line-limit-length\">Android, smartphone de type C<\/span><\/li>\n<li class=\"product-prop line-limit-length\"><span class=\"property-title\">BY-V1\/V2\/V3 pour :\u00a0<\/span><span class=\"property-desc line-limit-length\">iPhone, ipad, dispositifs Lightning<\/span><\/li>\n<li class=\"product-prop line-limit-length\"><span class=\"property-title\">BY-V35 pour :\u00a0<\/span><span class=\"property-desc line-limit-length\">Appareil photo\/DSLR\/appareils de 3,5 mm<\/span><\/li>\n<li class=\"product-prop line-limit-length\"><span class=\"property-title\">BY-V3 Combo pour :\u00a0<\/span><span class=\"property-desc line-limit-length\">Type-c\/\u00e9clair\/appareils t\u00e9l\u00e9phoniques<\/span><\/li>\n<\/ul>\n<\/div>\n<div class=\"detailmodule_html\">\n<div class=\"detail-desc-decorate-richtext\">\n<div class=\"detailmodule_text-image\">\n<p class=\"detail-desc-decorate-title\" style=\"font-family: OpenSans; font-size: 20px; font-weight: 900; line-height: 28px; white-space: pre-wrap; color: #000000; margin-bottom: 12px;\">Boutique officielle BOYA (microphone Lavalier sans fil portable rechargeable avec suppression de bruit s\u00e9rie BY-V3)<\/p>\n<p style=\"font-size: 16px; font-weight: bold; color: #0b82f2;\">BY-V1,BY-V10,BY-V2,BY-V20 Sans bo\u00eetier de chargement<\/p>\n<p>BY-V3,BY-V30,BY-V35,BY-V3 Combo Avec bo\u00eetier de chargement<\/p>\n<div><\/div>\n<\/div>\n<div class=\"detailmodule_text\">\n<p style=\"font-size: 16px; font-weight: bold; color: #ce70a7;\">Pour l'iPhone 15 vers la s\u00e9rie iPhone 16 ou les versions plus r\u00e9centes, veuillez choisir un microphone de type C.<\/p>\n<p>Veuillez choisir le bon microphone en fonction du port de votre appareil et assurez-vous de le v\u00e9rifier avant de passer votre commande. !!!<\/p>\n<div><\/div>\n<\/div>\n<div class=\"detailmodule_text-image\">\n<p style=\"font-size: 16px; font-weight: normal;\">BY-V, un 2. l\u00e9ger et facile \u00e0 utiliser.Syst\u00e8me de microphone sans fil 4 G, facilite l'utilisation et une flexibilit\u00e9 remarquable pour un enregistrement de haute qualit\u00e9.Le syst\u00e8me de microphone prend en charge la connexion d'un r\u00e9cepteur \u00e0 2 \u00e9metteurs pour l'enregistrement de 2 personnes, id\u00e9al pour la cr\u00e9ation de contenu, la diffusion en direct, le vlogging, le journal intime et bien plus encore.<\/p>\n<\/div>\n<div class=\"detailmodule_text-image\">\n<p style=\"font-size: 16px; font-weight: normal;\">L'\u00e9metteur dispose d'un microphone int\u00e9gr\u00e9 et d'un clip de ceinture qui pivote \u00e0 360 degr\u00e9s pour un positionnement flexible de l'\u00e9metteur sur les v\u00eatements.Le BY-Voffre plusieurs confgurations avec trois types d'options de r\u00e9cepteur qui prennent en charge USB-C, Lightning et 3.Sorties TRS 5 mm, ce qui le rend largement compatible avec les smartphones, ordinateurs et appareils photo.Tous ces troiserreceivers permettent aux utilisateurs de lire l'audio directement sans d\u00e9brancher le r\u00e9cepteur.De plus, lors de l'utilisation du r\u00e9cepteur BY-V-RXU ou BY-V-RXD avec un smartphone, le port USB-C du r\u00e9cepteur peut \u00eatre connect\u00e9 \u00e0 un c\u00e2ble de chargement pour charger le t\u00e9l\u00e9phone.Le r\u00e9cepteur BY-V-RX prend en charge les modes d'enregistrement mono et st\u00e9r\u00e9o, offrant une farence pour diff\u00e9rents sc\u00e9narios d'enregistrement.Chaque \u00e9metteur offre 9 heures d'enregistrement sur une seule charge. De plus, l'\u00e9tui de chargement vous permet de charger les \u00e9metteurs lors de vos d\u00e9placements.<\/p>\n<\/div>\n<div class=\"detailmodule_text-image\"><img decoding=\"async\" src=\"https:\/\/ae01.alicdn.com\/kf\/S92af7271205943a780be97ef6de5e6ecs.jpg\" \/><\/div>\n<div class=\"detailmodule_text\">\n<p style=\"font-size: 16px; font-weight: normal;\">.TX ne p\u00e8se que 10,5 g<br \/>\nPort\u00e9e de transmission jusqu'\u00e0 100 m,<\/p>\n<p style=\"font-size: 16px; font-weight: normal;\">Version appareil photo : autonomie de 45 h aliment\u00e9e par un \u00e9tui de chargement<\/p>\n<p style=\"font-size: 16px; font-weight: normal;\">Version USB-C\/Lightning : autonomie de 36 heures aliment\u00e9e par un \u00e9tui de chargement ;.<br \/>\nClip rotatif et motif polaire omnidirectionnel.<br \/>\nSuppression du bruit avec rev\u00eatement en mousse et algorithme<\/p>\n<\/div>\n<div class=\"detailmodule_text-image\"><img decoding=\"async\" src=\"https:\/\/ae01.alicdn.com\/kf\/S9d9b4b65691946448a14e4078e1ca444z.jpg\" \/> \u00a0<img decoding=\"async\" class=\"detail-desc-decorate-image\" src=\"https:\/\/ae-pic-a1.aliexpress-media.com\/kf\/S3b5243486e2a426580ba5789a2f5e14bU.jpg\" \/> <img decoding=\"async\" class=\"detail-desc-decorate-image\" src=\"https:\/\/ae-pic-a1.aliexpress-media.com\/kf\/S47fa6701252d41d1ba01fa6f8d44285ea.jpg\" \/><\/div>\n<div class=\"detailmodule_text-image\"><\/div>\n<p>&nbsp;<\/p>\n<\/div>\n<\/div>","protected":false},"excerpt":{"rendered":"<p>&nbsp; Chimique Hign-concern\u00e9:\u00a0Aucun Diaphragme:\u00a0S-Mall Motifs polaires:\u00a0Omnidirectionnelle Communication:\u00a0wireless Type D&#8217;ensemble:\u00a0Kits multi-microphones Transducteur:\u00a0Micro \u00e0 condensateur Utiliser:\u00a0PRO studio Style:\u00a0Lavalier Microphone Nom de marque:\u00a0BOYA<\/p>","protected":false},"featured_media":5675,"comment_status":"open","ping_status":"closed","template":"","meta":[],"product_brand":[],"product_cat":[5772,5769],"product_tag":[],"class_list":{"0":"post-5673","1":"product","2":"type-product","3":"status-publish","4":"has-post-thumbnail","6":"product_cat-microphones-photograhy-accessories","7":"product_cat-photograhy-accessories","9":"first","10":"instock","11":"shipping-taxable","12":"purchasable","13":"product-type-variable"},"jetpack_sharing_enabled":true,"_links":{"self":[{"href":"https:\/\/afrycom.com\/fr\/wp-json\/wp\/v2\/product\/5673","targetHints":{"allow":["GET"]}}],"collection":[{"href":"https:\/\/afrycom.com\/fr\/wp-json\/wp\/v2\/product"}],"about":[{"href":"https:\/\/afrycom.com\/fr\/wp-json\/wp\/v2\/types\/product"}],"replies":[{"embeddable":true,"href":"https:\/\/afrycom.com\/fr\/wp-json\/wp\/v2\/comments?post=5673"}],"wp:featuredmedia":[{"embeddable":true,"href":"https:\/\/afrycom.com\/fr\/wp-json\/wp\/v2\/media\/5675"}],"wp:attachment":[{"href":"https:\/\/afrycom.com\/fr\/wp-json\/wp\/v2\/media?parent=5673"}],"wp:term":[{"taxonomy":"product_brand","embeddable":true,"href":"https:\/\/afrycom.com\/fr\/wp-json\/wp\/v2\/product_brand?post=5673"},{"taxonomy":"product_cat","embeddable":true,"href":"https:\/\/afrycom.com\/fr\/wp-json\/wp\/v2\/product_cat?post=5673"},{"taxonomy":"product_tag","embeddable":true,"href":"https:\/\/afrycom.com\/fr\/wp-json\/wp\/v2\/product_tag?post=5673"}],"curies":[{"name":"wp","href":"https:\/\/api.w.org\/{rel}","templated":true}]}}