{"id":5665,"date":"2025-03-08T08:06:35","date_gmt":"2025-03-08T08:06:35","guid":{"rendered":"https:\/\/afrycom.com\/product\/nouveau-microphone-lavalier-sans-fil-enregistrement-audio-et-video-mini-micro-pour-iphone-android-ordinateur-portable-jeu-en-direct-telephone-portable\/"},"modified":"2025-08-07T16:08:59","modified_gmt":"2025-08-07T16:08:59","slug":"nouveau-microphone-lavalier-sans-fil-enregistrement-audio-et-video-mini-micro-pour-iphone-android-ordinateur-portable-jeu-en-direct-telephone-portable","status":"publish","type":"product","link":"https:\/\/afrycom.com\/fr\/produit\/nouveau-microphone-lavalier-sans-fil-enregistrement-audio-et-video-mini-micro-pour-iphone-android-ordinateur-portable-jeu-en-direct-telephone-portable\/","title":{"rendered":"Nouveau Microphone Lavalier sans fil, enregistrement Audio et vid\u00e9o, Mini micro pour iPhone, Android, ordinateur portable, jeu en direct, t\u00e9l\u00e9phone portable"},"content":{"rendered":"<div class=\"product-specs-list-container\">\n<ul class=\"product-specs-list util-clearfix\">\n<li class=\"product-prop line-limit-length\"><span\n                                        class=\"property-title\">Chimique Hign-concern\u00e9 :&nbsp;<\/span><span\n                                        class=\"property-desc line-limit-length\">Aucun<\/span>\n                            <\/li>\n<li class=\"product-prop line-limit-length\"><span\n                                        class=\"property-title\">Diaphragme :&nbsp;<\/span><span\n                                        class=\"property-desc line-limit-length\">S-Mall<\/span>\n                            <\/li>\n<li class=\"product-prop line-limit-length\"><span\n                                        class=\"property-title\">Motifs polaires :&nbsp;<\/span><span\n                                        class=\"property-desc line-limit-length\">Omnidirectionnelle<\/span>\n                            <\/li>\n<li class=\"product-prop line-limit-length\"><span\n                                        class=\"property-title\">Paquet :&nbsp;<\/span><span\n                                        class=\"property-desc line-limit-length\">Oui<\/span>\n                            <\/li>\n<li class=\"product-prop line-limit-length\"><span\n                                        class=\"property-title\">Communication :&nbsp;<\/span><span\n                                        class=\"property-desc line-limit-length\">sans fil<\/span>\n                            <\/li>\n<li class=\"product-prop line-limit-length\"><span\n                                        class=\"property-title\">Type D'ensemble :&nbsp;<\/span><span\n                                        class=\"property-desc line-limit-length\">Ensembles \u00e9metteurs<\/span>\n                            <\/li>\n<li class=\"product-prop line-limit-length\"><span\n                                        class=\"property-title\">Transducteur :&nbsp;<\/span><span\n                                        class=\"property-desc line-limit-length\">Microphone dynamique<\/span>\n                            <\/li>\n<li class=\"product-prop line-limit-length\"><span\n                                        class=\"property-title\">Utiliser :&nbsp;<\/span><span\n                                        class=\"property-desc line-limit-length\">Home studio<\/span>\n                            <\/li>\n<li class=\"product-prop line-limit-length\"><span\n                                        class=\"property-title\">Style :&nbsp;<\/span><span\n                                        class=\"property-desc line-limit-length\">Microphone Lavalier<\/span>\n                            <\/li>\n<li class=\"product-prop line-limit-length\"><span\n                                        class=\"property-title\">Nom de marque :&nbsp;<\/span><span\n                                        class=\"property-desc line-limit-length\">EARDOTS<\/span>\n                            <\/li>\n<li class=\"product-prop line-limit-length\"><span\n                                        class=\"property-title\">Origine :&nbsp;<\/span><span\n                                        class=\"property-desc line-limit-length\">CN (Origine)<\/span>\n                            <\/li>\n<li class=\"product-prop line-limit-length\"><span\n                                        class=\"property-title\">Certification :&nbsp;<\/span><span\n                                        class=\"property-desc line-limit-length\">CE, FCC, ROHS<\/span>\n                            <\/li>\n<li class=\"product-prop line-limit-length\"><span\n                                        class=\"property-title\">Microphone :&nbsp;<\/span><span\n                                        class=\"property-desc line-limit-length\">Un pour deux<\/span>\n                            <\/li>\n<li class=\"product-prop line-limit-length\"><span\n                                        class=\"property-title\">Distance de r\u00e9ception :&nbsp;<\/span><span\n                                        class=\"property-desc line-limit-length\">20M<\/span>\n                            <\/li>\n<li class=\"product-prop line-limit-length\"><span\n                                        class=\"property-title\">Batterie :&nbsp;<\/span><span\n                                        class=\"property-desc line-limit-length\">4-6 heures<\/span>\n                            <\/li>\n<\/ul><\/div>\n<div class=\"detailmodule_html\">\n<div class=\"detail-desc-decorate-richtext\">\n<div class=\"detailmodule_text\">\n<p><kse:widget data-widget-type=\"customText\" id=\"1005000000942949\" type=\"relation\"><\/kse:widget><\/p>\n<div><\/div>\n<p>Microphone Lavalier sans fil, enregistrement Audio et vid\u00e9o, Mini micro pour iPhone iPad, ordinateur portable Android, Gaming en direct, t\u00e9l\u00e9phone portable<\/p>\n<\/div>\n<div class=\"detailmodule_text\">\n<div><\/div>\n<p>Caract\u00e9ristiques :<\/p>\n<\/div>\n<div class=\"detailmodule_text\">\n<p>1.latence ultra-faible de 9 ms, r\u00e9ception sans obstacle de 20 m, il peut utiliser une diffusion en direct en ext\u00e9rieur et prendre une petite vid\u00e9o.<\/p>\n<\/div>\n<div class=\"detailmodule_text\">\n<p>2 Il n'a pas besoin d'application, plug-and-play, connexion en un clic, facile \u00e0 porter.<\/p>\n<\/div>\n<div class=\"detailmodule_text\">\n<p>3.r\u00e9duction intelligente du bruit, longue endurance de 10 heures, facile \u00e0 g\u00e9rer toutes sortes d'environnements bruyants, prise de vue sans souci, r\u00e9pond \u00e0 vos besoins pendant une journ\u00e9e.<\/p>\n<\/div>\n<div class=\"detailmodule_text\">\n<p>4.prise en charge compl\u00e8te \u00e0 360 \u00b0, enregistrez chaque d\u00e9tail du son.<\/p>\n<\/div>\n<div class=\"detailmodule_text\">\n<p>5. petit et pratique, il est compatible avec divers appareils, prend en charge le t\u00e9l\u00e9phone mobile, la tablette, l'appareil photo, l'ordinateur portable, etc.<\/p>\n<\/div>\n<div class=\"detailmodule_text\">\n<p>Sp\u00e9cification :<\/p>\n<\/div>\n<div class=\"detailmodule_text\">\n<p>Tension d'entr\u00e9e : DC4,8-5,4 V.<\/p>\n<\/div>\n<div class=\"detailmodule_text\">\n<p>Port de charge : pour Lightning\/pour Type-C<\/p>\n<\/div>\n<div class=\"detailmodule_text\">\n<p>Capacit\u00e9 de la batterie : 80 mAh<\/p>\n<\/div>\n<div class=\"detailmodule_text\">\n<p>Distance de transmission : 8 m barri\u00e8re, 20 m sans obstacle<\/p>\n<\/div>\n<div class=\"detailmodule_text\">\n<p>Taille du microphone : 62*23*28mm<\/p>\n<\/div>\n<div class=\"detailmodule_text\">\n<p>Poids du microphone : 7g<\/p>\n<\/div>\n<div class=\"detailmodule_text\">\n<p>Taille du r\u00e9cepteur : 45*27*7mm<\/p>\n<\/div>\n<div class=\"detailmodule_text\">\n<p>Poids du r\u00e9cepteur : 4g<\/p>\n<\/div>\n<div class=\"detailmodule_text\">\n<p>Emballage inclus :<\/p>\n<\/div>\n<div class=\"detailmodule_text\">\n<p>1 ou 2 x microphone sans fil rechargeable<\/p>\n<\/div>\n<div class=\"detailmodule_text\">\n<p>1 x r\u00e9cepteur<\/p>\n<\/div>\n<div class=\"detailmodule_text\">\n<p>1 x manuel en anglais<\/p>\n<\/div>\n<div class=\"detailmodule_text\">\n<p>1 x c\u00e2ble USB<\/p>\n<\/div>\n<div class=\"detailmodule_image\"><img decoding=\"async\" src=\"https:\/\/ae01.alicdn.com\/kf\/S92633f8c636f4ca390e6a29ba066748dU.jpg\" slate-data-type=\"image\"><img decoding=\"async\" src=\"https:\/\/ae01.alicdn.com\/kf\/S6d75d4bc7c5d4e60b98fd5b64c713937B.jpg\" slate-data-type=\"image\"><img decoding=\"async\" src=\"https:\/\/ae01.alicdn.com\/kf\/S517a383ade0d49c4aec17ddabd2935927.jpg\" slate-data-type=\"image\"><img decoding=\"async\" src=\"https:\/\/ae01.alicdn.com\/kf\/S1d04664a54ee42daaf87fb3389fa793ak.jpg\" slate-data-type=\"image\"><img decoding=\"async\" src=\"https:\/\/ae01.alicdn.com\/kf\/Scbefd3b722dd4be4874ad61d32308a5em.jpg\" slate-data-type=\"image\"><img decoding=\"async\" src=\"https:\/\/ae01.alicdn.com\/kf\/Sfb6c71f9a229408b92898ea58b72aa30K.jpg\" slate-data-type=\"image\"><\/div>\n<p><\/p>\n<\/div>\n<\/div>","protected":false},"excerpt":{"rendered":"<p>Chimique Hign-concern\u00e9:&nbsp;Aucun Diaphragme:&nbsp;S-Mall Motifs polaires:&nbsp;Omnidirectionnelle Paquet:&nbsp;Oui Communication:&nbsp;wireless Type D&#039;ensemble:&nbsp;Ensembles \u00e9metteurs Transducteur:&nbsp;Microphone dynamique Utiliser:&nbsp;Home studio Style:&nbsp;Lavalier Microphone Nom de marque:&nbsp;EARDOTS Origine:&nbsp;CN<\/p>","protected":false},"featured_media":5667,"comment_status":"open","ping_status":"closed","template":"","meta":[],"product_brand":[],"product_cat":[5772,5769],"product_tag":[],"class_list":{"0":"post-5665","1":"product","2":"type-product","3":"status-publish","4":"has-post-thumbnail","6":"product_cat-microphones-photograhy-accessories","7":"product_cat-photograhy-accessories","9":"first","10":"instock","11":"shipping-taxable","12":"purchasable","13":"product-type-variable"},"jetpack_sharing_enabled":true,"_links":{"self":[{"href":"https:\/\/afrycom.com\/fr\/wp-json\/wp\/v2\/product\/5665","targetHints":{"allow":["GET"]}}],"collection":[{"href":"https:\/\/afrycom.com\/fr\/wp-json\/wp\/v2\/product"}],"about":[{"href":"https:\/\/afrycom.com\/fr\/wp-json\/wp\/v2\/types\/product"}],"replies":[{"embeddable":true,"href":"https:\/\/afrycom.com\/fr\/wp-json\/wp\/v2\/comments?post=5665"}],"wp:featuredmedia":[{"embeddable":true,"href":"https:\/\/afrycom.com\/fr\/wp-json\/wp\/v2\/media\/5667"}],"wp:attachment":[{"href":"https:\/\/afrycom.com\/fr\/wp-json\/wp\/v2\/media?parent=5665"}],"wp:term":[{"taxonomy":"product_brand","embeddable":true,"href":"https:\/\/afrycom.com\/fr\/wp-json\/wp\/v2\/product_brand?post=5665"},{"taxonomy":"product_cat","embeddable":true,"href":"https:\/\/afrycom.com\/fr\/wp-json\/wp\/v2\/product_cat?post=5665"},{"taxonomy":"product_tag","embeddable":true,"href":"https:\/\/afrycom.com\/fr\/wp-json\/wp\/v2\/product_tag?post=5665"}],"curies":[{"name":"wp","href":"https:\/\/api.w.org\/{rel}","templated":true}]}}