{"id":5619,"date":"2025-03-08T08:06:25","date_gmt":"2025-03-08T08:06:25","guid":{"rendered":"https:\/\/afrycom.com\/product\/soutien-gorge-push-up-invisible-pour-femmes-dos-nu-sans-bretelles-sans-couture-fermeture-frontale-sous-vetements-bralette-coussinet-de-soutien-gorge-auto-adhesif-en-silicone\/"},"modified":"2025-03-08T08:06:32","modified_gmt":"2025-03-08T08:06:32","slug":"soutien-gorge-push-up-invisible-pour-femmes-dos-nu-sans-bretelles-sans-couture-fermeture-frontale-sous-vetements-bralette-coussinet-de-soutien-gorge-auto-adhesif-en-silicone","status":"publish","type":"product","link":"https:\/\/afrycom.com\/fr\/produit\/soutien-gorge-push-up-invisible-pour-femmes-dos-nu-sans-bretelles-sans-couture-fermeture-frontale-sous-vetements-bralette-coussinet-de-soutien-gorge-auto-adhesif-en-silicone\/","title":{"rendered":"Soutien-gorge Push Up Invisible pour femmes, dos nu, sans bretelles, sans couture, fermeture frontale, sous-v\u00eatements Bralette, coussinet de soutien-gorge auto-adh\u00e9sif en Silicone"},"content":{"rendered":"<div class=\"product-specs-list-container\">\n<ul class=\"product-specs-list util-clearfix\">\n<li class=\"product-prop line-limit-length\"><span\n                                        class=\"property-title\">Chimique Hign-concern\u00e9 :&nbsp;<\/span><span\n                                        class=\"property-desc line-limit-length\">Aucun<\/span>\n                            <\/li>\n<li class=\"product-prop line-limit-length\"><span\n                                        class=\"property-title\">Artisanat du tissage :&nbsp;<\/span><span\n                                        class=\"property-desc line-limit-length\">autre<\/span>\n                            <\/li>\n<li class=\"product-prop line-limit-length\"><span\n                                        class=\"property-title\">Sexuellement suggestif :&nbsp;<\/span><span\n                                        class=\"property-desc line-limit-length\">Pas de<\/span>\n                            <\/li>\n<li class=\"product-prop line-limit-length\"><span\n                                        class=\"property-title\">Image D'obsc\u00e8ne :&nbsp;<\/span><span\n                                        class=\"property-desc line-limit-length\">Pas de<\/span>\n                            <\/li>\n<li class=\"product-prop line-limit-length\"><span\n                                        class=\"property-title\">Type de Motif :&nbsp;<\/span><span\n                                        class=\"property-desc line-limit-length\">Solide<\/span>\n                            <\/li>\n<li class=\"product-prop line-limit-length\"><span\n                                        class=\"property-title\">Type de support :&nbsp;<\/span><span\n                                        class=\"property-desc line-limit-length\">Sans fil<\/span>\n                            <\/li>\n<li class=\"product-prop line-limit-length\"><span\n                                        class=\"property-title\">Style :&nbsp;<\/span><span\n                                        class=\"property-desc line-limit-length\">SEXY<\/span>\n                            <\/li>\n<li class=\"product-prop line-limit-length\"><span\n                                        class=\"property-title\">Forme de tasse :&nbsp;<\/span><span\n                                        class=\"property-desc line-limit-length\">Demi-tasse (1\/2 tasse)<\/span>\n                            <\/li>\n<li class=\"product-prop line-limit-length\"><span\n                                        class=\"property-title\">Style de Soutien-gorge :&nbsp;<\/span><span\n                                        class=\"property-desc line-limit-length\">Sans soudure,push up,Pigeonnant,Soutiens-gorge adh\u00e9sifs<\/span>\n                            <\/li>\n<li class=\"product-prop line-limit-length\"><span\n                                        class=\"property-title\">Mat\u00e9riau :&nbsp;<\/span><span\n                                        class=\"property-desc line-limit-length\">Gel de la silice<\/span>\n                            <\/li>\n<li class=\"product-prop line-limit-length\"><span\n                                        class=\"property-title\">Nom de marque :&nbsp;<\/span><span\n                                        class=\"property-desc line-limit-length\">MOONBIFFY<\/span>\n                            <\/li>\n<li class=\"product-prop line-limit-length\"><span\n                                        class=\"property-title\">Origine :&nbsp;<\/span><span\n                                        class=\"property-desc line-limit-length\">CN (Origine)<\/span>\n                            <\/li>\n<li class=\"product-prop line-limit-length\"><span\n                                        class=\"property-title\">CN :&nbsp;<\/span><span\n                                        class=\"property-desc line-limit-length\">HUBEI<\/span>\n                            <\/li>\n<li class=\"product-prop line-limit-length\"><span\n                                        class=\"property-title\">Type d'article :&nbsp;<\/span><span\n                                        class=\"property-desc line-limit-length\">Bras<\/span>\n                            <\/li>\n<li class=\"product-prop line-limit-length\"><span\n                                        class=\"property-title\">Sexe :&nbsp;<\/span><span\n                                        class=\"property-desc line-limit-length\">FEMMES<\/span>\n                            <\/li>\n<li class=\"product-prop line-limit-length\"><span\n                                        class=\"property-title\">Taille :&nbsp;<\/span><span\n                                        class=\"property-desc line-limit-length\">A\/B\/C\/D<\/span>\n                            <\/li>\n<li class=\"product-prop line-limit-length\"><span\n                                        class=\"property-title\">Materials:&nbsp;<\/span><span\n                                        class=\"property-desc line-limit-length\">Nylon, Silicone<\/span>\n                            <\/li>\n<\/ul><\/div>\n<div class=\"detailmodule_html\">\n<div class=\"detail-desc-decorate-richtext\">\n<div class=\"detailmodule_html\">\n<div class=\"detail-desc-decorate-richtext\">\n<div>\n<div>\n<div>\n<p><strong><\/strong><\/p>\n<p><span style=\"font-size:24px\"><strong>Soutien-gorge Invisible sans bretelles, b\u00e2ton adh\u00e9sif, Push Up, sans bretelles, Lingerie pour femmes, couvre-t\u00e9tons en Silicone sans couture, sous-v\u00eatements Bralette<\/strong><\/span><\/p>\n<p><span style=\"font-size:24px\"><strong><\/strong><\/span><\/p>\n<p><strong>Nom du produit : soutien-gorge autocollant de poitrine invisible en silicone.<\/strong><\/p>\n<div>Couleur : noir, teint<br \/>Version : Une pi\u00e8ce<br \/>Caract\u00e9ristiques : respirant, invisible, fronc\u00e9, sans anneau en acier.<br \/>Sc\u00e8nes applicables : banquet de mariage, camisole, rendez-vous, spectacles, natation, photos de voyage, etc.<br \/>Mat\u00e9riau : nylon, silicone.<br \/>Taille : A\/B\/C\/D<br \/>quantit\u00e9 : 1<\/p>\n<p><strong>description :<\/strong><br \/>1.Bonnet de soutien-gorge autocollant, pas facile \u00e0 tomber, gratuit et facile<br \/>2.Pas de bandouli\u00e8re, pas d&#8217;extension lat\u00e9rale et arri\u00e8re<br \/>3.Il a un effet fronc\u00e9, gonfle la poitrine et renforce le d\u00e9collet\u00e9<br \/>4.Invisible, parfait avec un dos nu, un dos nu ou une robe de soir\u00e9e<br \/>5.Facile \u00e0 nettoyer et r\u00e9utilisable<\/p>\n<p><strong>la m\u00e9thode de nettoyage:<\/strong><br \/>1.Trempez une petite quantit\u00e9 de mousse dans la paume de votre main et lavez d\u00e9licatement dans des mouvements circulaires.N&#8217;utilisez pas de savon nourrissant contenant de la cr\u00e8me<br \/>2.Rincez la mousse \u00e0 l&#8217;eau ti\u00e8de, n&#8217;oubliez pas de ne pas utiliser vos ongles pour \u00e9viter les rayures<br \/>3.Apr\u00e8s le nettoyage, accrochez-le au s\u00e9choir, gardez l&#8217;endroit suspendu a\u00e9r\u00e9 et \u00e9vitez la lumi\u00e8re directe du soleil<br \/>4.Apr\u00e8s s\u00e9chage, fixez le film protecteur attach\u00e9 pour \u00e9viter la poussi\u00e8re et la perte de viscosit\u00e9<\/p>\n<p>Le forfait comprend : 1 * autocollant de poitrine<\/p><\/div>\n<\/div>\n<hr>\n<p align=\"center\" style=\"text-align:center\"><img decoding=\"async\" referrerpolicy=\"no-referrer\" slate-data-type=\"image\" src=\"https:\/\/ae01.alicdn.com\/kf\/S566ff0c86da946e48702cb3bf1750fb1v.jpg?width=1000&amp;height=1000&amp;hash=2000\" width=\"800px\"><img decoding=\"async\" referrerpolicy=\"no-referrer\" slate-data-type=\"image\" src=\"https:\/\/ae01.alicdn.com\/kf\/S9fa4ce9be95b41888ae6da37da675da0O.jpg\" width=\"800px\"><img decoding=\"async\" referrerpolicy=\"no-referrer\" slate-data-type=\"image\" src=\"https:\/\/ae01.alicdn.com\/kf\/S81afb954f7a5461fb3e7e77b48669757d.jpg?width=800&amp;height=800&amp;hash=1600\" width=\"800px\"><img decoding=\"async\" referrerpolicy=\"no-referrer\" slate-data-type=\"image\" src=\"https:\/\/ae01.alicdn.com\/kf\/S30d9497b3fec441083ede5bbe7a6bcbdv.jpg?width=1000&amp;height=1000&amp;hash=2000\" width=\"800px\"><img decoding=\"async\" referrerpolicy=\"no-referrer\" slate-data-type=\"image\" src=\"https:\/\/ae01.alicdn.com\/kf\/S755cbb5ab7584b25966ee3652c99a7e5P.jpg?width=600&amp;height=600&amp;hash=1200\" width=\"800px\"><img decoding=\"async\" referrerpolicy=\"no-referrer\" slate-data-type=\"image\" src=\"https:\/\/ae01.alicdn.com\/kf\/S795f6a59e39b48b3ab43b65e02ad5267K.jpg?width=1000&amp;height=1000&amp;hash=2000\" width=\"800px\"><img decoding=\"async\" referrerpolicy=\"no-referrer\" slate-data-type=\"image\" src=\"https:\/\/ae01.alicdn.com\/kf\/See8ea4cb12f843358c3b1cd49dead78az.jpg?width=1000&amp;height=1000&amp;hash=2000\" width=\"800px\"><img decoding=\"async\" referrerpolicy=\"no-referrer\" slate-data-type=\"image\" src=\"https:\/\/ae01.alicdn.com\/kf\/Se0f31a92d21e41afbf0d77e272a19a6ar.jpg?width=600&amp;height=600&amp;hash=1200\" width=\"800px\"><img decoding=\"async\" referrerpolicy=\"no-referrer\" slate-data-type=\"image\" src=\"https:\/\/ae01.alicdn.com\/kf\/S959820072d08436d89a0e1a6965e83cfm.jpg?width=600&amp;height=600&amp;hash=1200\" width=\"800px\"><img decoding=\"async\" referrerpolicy=\"no-referrer\" slate-data-type=\"image\" src=\"https:\/\/ae01.alicdn.com\/kf\/Sfd1ce896351e4ddf98911315c96a720cN.jpg?width=600&amp;height=600&amp;hash=1200\" width=\"800px\"><img decoding=\"async\" referrerpolicy=\"no-referrer\" slate-data-type=\"image\" src=\"https:\/\/ae01.alicdn.com\/kf\/S868adf66967147ac86f4b6df7787e568p.jpg?width=1000&amp;height=1000&amp;hash=2000\" width=\"800px\"><img decoding=\"async\" referrerpolicy=\"no-referrer\" slate-data-type=\"image\" src=\"https:\/\/ae01.alicdn.com\/kf\/S90d8f6b85b8743108303730dafeb25fbp.jpg?width=1000&amp;height=1000&amp;hash=2000\" width=\"800px\"><img decoding=\"async\" referrerpolicy=\"no-referrer\" slate-data-type=\"image\" src=\"https:\/\/ae01.alicdn.com\/kf\/S8aac9d540c6044308d97436f611145f8d.jpg?width=1000&amp;height=1000&amp;hash=2000\" width=\"800px\"><img decoding=\"async\" referrerpolicy=\"no-referrer\" slate-data-type=\"image\" src=\"https:\/\/ae01.alicdn.com\/kf\/S4413417c0fc349a9bb48dcb301f2e7a3G.jpg?width=1000&amp;height=1000&amp;hash=2000\" width=\"800px\"><img decoding=\"async\" referrerpolicy=\"no-referrer\" slate-data-type=\"image\" src=\"https:\/\/ae01.alicdn.com\/kf\/Saca2e637e501411fb3f5473928f9b9f4V.jpg?width=600&amp;height=600&amp;hash=1200\" width=\"800px\"><img decoding=\"async\" referrerpolicy=\"no-referrer\" slate-data-type=\"image\" src=\"https:\/\/ae01.alicdn.com\/kf\/Sd505a9c5c050493b8d48db0a7af3997ex.jpg?width=1000&amp;height=1000&amp;hash=2000\" width=\"800px\"><img decoding=\"async\" referrerpolicy=\"no-referrer\" slate-data-type=\"image\" src=\"https:\/\/ae01.alicdn.com\/kf\/S5019ab5907b64d1aaec88cc3334ab65eS.jpg?width=1000&amp;height=1000&amp;hash=2000\" width=\"800px\"><img decoding=\"async\" referrerpolicy=\"no-referrer\" slate-data-type=\"image\" src=\"https:\/\/ae01.alicdn.com\/kf\/S9cff9475df9a44ec8035ea73b249d250q.jpg?width=1000&amp;height=1000&amp;hash=2000\" width=\"800px\"><\/p>\n<div>&nbsp;<\/div>\n<\/div>\n<\/div>\n<p>&nbsp;<\/p>\n<\/div>\n<\/div>\n<\/div>\n<\/div>","protected":false},"excerpt":{"rendered":"<p>Chimique Hign-concern\u00e9:&nbsp;Aucun Artisanat du tissage:&nbsp;autre Sexuellement Suggestive:&nbsp;Pas de Image D&#039;obsc\u00e8ne:&nbsp;Pas de Type de Motif:&nbsp;Solide Type de support:&nbsp;Sans fil Style:&nbsp;SEXY Forme<\/p>","protected":false},"featured_media":5621,"comment_status":"open","ping_status":"closed","template":"","meta":[],"product_brand":[],"product_cat":[15],"product_tag":[],"class_list":{"0":"post-5619","1":"product","2":"type-product","3":"status-publish","4":"has-post-thumbnail","6":"product_cat-uncategorized","8":"first","9":"instock","10":"shipping-taxable","11":"purchasable","12":"product-type-variable"},"jetpack_sharing_enabled":true,"_links":{"self":[{"href":"https:\/\/afrycom.com\/fr\/wp-json\/wp\/v2\/product\/5619","targetHints":{"allow":["GET"]}}],"collection":[{"href":"https:\/\/afrycom.com\/fr\/wp-json\/wp\/v2\/product"}],"about":[{"href":"https:\/\/afrycom.com\/fr\/wp-json\/wp\/v2\/types\/product"}],"replies":[{"embeddable":true,"href":"https:\/\/afrycom.com\/fr\/wp-json\/wp\/v2\/comments?post=5619"}],"wp:featuredmedia":[{"embeddable":true,"href":"https:\/\/afrycom.com\/fr\/wp-json\/wp\/v2\/media\/5621"}],"wp:attachment":[{"href":"https:\/\/afrycom.com\/fr\/wp-json\/wp\/v2\/media?parent=5619"}],"wp:term":[{"taxonomy":"product_brand","embeddable":true,"href":"https:\/\/afrycom.com\/fr\/wp-json\/wp\/v2\/product_brand?post=5619"},{"taxonomy":"product_cat","embeddable":true,"href":"https:\/\/afrycom.com\/fr\/wp-json\/wp\/v2\/product_cat?post=5619"},{"taxonomy":"product_tag","embeddable":true,"href":"https:\/\/afrycom.com\/fr\/wp-json\/wp\/v2\/product_tag?post=5619"}],"curies":[{"name":"wp","href":"https:\/\/api.w.org\/{rel}","templated":true}]}}