{"id":5593,"date":"2025-03-08T08:06:21","date_gmt":"2025-03-08T08:06:21","guid":{"rendered":"https:\/\/afrycom.com\/product\/soutien-gorge-push-up-invisible-pour-femmes-dos-nu-sans-bretelles-sans-couture-fermeture-frontale-sous-vetements-bralette-coussinets-de-soutien-gorge-auto-adhesifs-en-silicone\/"},"modified":"2025-08-07T16:10:05","modified_gmt":"2025-08-07T16:10:05","slug":"soutien-gorge-push-up-invisible-pour-femmes-dos-nu-sans-bretelles-sans-couture-fermeture-frontale-sous-vetements-bralette-coussinets-de-soutien-gorge-auto-adhesifs-en-silicone","status":"publish","type":"product","link":"https:\/\/afrycom.com\/fr\/produit\/soutien-gorge-push-up-invisible-pour-femmes-dos-nu-sans-bretelles-sans-couture-fermeture-frontale-sous-vetements-bralette-coussinets-de-soutien-gorge-auto-adhesifs-en-silicone\/","title":{"rendered":"Soutien-gorge Push Up Invisible pour femmes, dos nu, sans bretelles, sans couture, fermeture frontale, sous-v\u00eatements Bralette, coussinets de soutien-gorge auto-adh\u00e9sifs en Silicone"},"content":{"rendered":"<div class=\"product-specs-list-container\">\n<ul class=\"product-specs-list util-clearfix\">\n<li class=\"product-prop line-limit-length\"><span\n                                        class=\"property-title\">Chimique Hign-concern\u00e9 :&nbsp;<\/span><span\n                                        class=\"property-desc line-limit-length\">Aucun<\/span>\n                            <\/li>\n<li class=\"product-prop line-limit-length\"><span\n                                        class=\"property-title\">Artisanat du tissage :&nbsp;<\/span><span\n                                        class=\"property-desc line-limit-length\">autre<\/span>\n                            <\/li>\n<li class=\"product-prop line-limit-length\"><span\n                                        class=\"property-title\">Sexuellement suggestif :&nbsp;<\/span><span\n                                        class=\"property-desc line-limit-length\">Pas de<\/span>\n                            <\/li>\n<li class=\"product-prop line-limit-length\"><span\n                                        class=\"property-title\">Image D'obsc\u00e8ne :&nbsp;<\/span><span\n                                        class=\"property-desc line-limit-length\">Pas de<\/span>\n                            <\/li>\n<li class=\"product-prop line-limit-length\"><span\n                                        class=\"property-title\">Type de Motif :&nbsp;<\/span><span\n                                        class=\"property-desc line-limit-length\">Solide<\/span>\n                            <\/li>\n<li class=\"product-prop line-limit-length\"><span\n                                        class=\"property-title\">D\u00e9coration :&nbsp;<\/span><span\n                                        class=\"property-desc line-limit-length\">AUCUN<\/span>\n                            <\/li>\n<li class=\"product-prop line-limit-length\"><span\n                                        class=\"property-title\">Type de support :&nbsp;<\/span><span\n                                        class=\"property-desc line-limit-length\">Sans fil<\/span>\n                            <\/li>\n<li class=\"product-prop line-limit-length\"><span\n                                        class=\"property-title\">Style :&nbsp;<\/span><span\n                                        class=\"property-desc line-limit-length\">SEXY<\/span>\n                            <\/li>\n<li class=\"product-prop line-limit-length\"><span\n                                        class=\"property-title\">Type de fermeture :&nbsp;<\/span><span\n                                        class=\"property-desc line-limit-length\">AUCUN<\/span>\n                            <\/li>\n<li class=\"product-prop line-limit-length\"><span\n                                        class=\"property-title\">Type de courroie :&nbsp;<\/span><span\n                                        class=\"property-desc line-limit-length\">STRAPLESS<\/span>\n                            <\/li>\n<li class=\"product-prop line-limit-length\"><span\n                                        class=\"property-title\">Forme de tasse :&nbsp;<\/span><span\n                                        class=\"property-desc line-limit-length\">Demi-tasse (1\/2 tasse)<\/span>\n                            <\/li>\n<li class=\"product-prop line-limit-length\"><span\n                                        class=\"property-title\">Style de Soutien-gorge :&nbsp;<\/span><span\n                                        class=\"property-desc line-limit-length\">une seule pi\u00e8ce,push up<\/span>\n                            <\/li>\n<li class=\"product-prop line-limit-length\"><span\n                                        class=\"property-title\">Mat\u00e9riau :&nbsp;<\/span><span\n                                        class=\"property-desc line-limit-length\">SPANDEX,Gel de la silice<\/span>\n                            <\/li>\n<li class=\"product-prop line-limit-length\"><span\n                                        class=\"property-title\">Nom de marque :&nbsp;<\/span><span\n                                        class=\"property-desc line-limit-length\">MOONBIFFY<\/span>\n                            <\/li>\n<li class=\"product-prop line-limit-length\"><span\n                                        class=\"property-title\">Origine :&nbsp;<\/span><span\n                                        class=\"property-desc line-limit-length\">CN (Origine)<\/span>\n                            <\/li>\n<li class=\"product-prop line-limit-length\"><span\n                                        class=\"property-title\">CN :&nbsp;<\/span><span\n                                        class=\"property-desc line-limit-length\">Guangdong<\/span>\n                            <\/li>\n<li class=\"product-prop line-limit-length\"><span\n                                        class=\"property-title\">Type d'article :&nbsp;<\/span><span\n                                        class=\"property-desc line-limit-length\">Bras<\/span>\n                            <\/li>\n<li class=\"product-prop line-limit-length\"><span\n                                        class=\"property-title\">Sexe :&nbsp;<\/span><span\n                                        class=\"property-desc line-limit-length\">FEMMES<\/span>\n                            <\/li>\n<li class=\"product-prop line-limit-length\"><span\n                                        class=\"property-title\">CN :&nbsp;<\/span><span\n                                        class=\"property-desc line-limit-length\">Zhejiang<\/span>\n                            <\/li>\n<li class=\"product-prop line-limit-length\"><span\n                                        class=\"property-title\">Type :&nbsp;<\/span><span\n                                        class=\"property-desc line-limit-length\">Silicone invisible bra<\/span>\n                            <\/li>\n<li class=\"product-prop line-limit-length\"><span\n                                        class=\"property-title\">Taille :&nbsp;<\/span><span\n                                        class=\"property-desc line-limit-length\">A\/B\/C\/D<\/span>\n                            <\/li>\n<li class=\"product-prop line-limit-length\"><span\n                                        class=\"property-title\">Materials:&nbsp;<\/span><span\n                                        class=\"property-desc line-limit-length\">Nylon, Silicone<\/span>\n                            <\/li>\n<\/ul><\/div>\n<div class=\"detailmodule_html\">\n<div class=\"detail-desc-decorate-richtext\">\n<div class=\"detailmodule_html\">\n<div class=\"detail-desc-decorate-richtext\">\n<div>\n<div>\n<p><span style=\"font-size:18px\"><span style=\"background-color:rgb(255, 255, 255);color:rgb(34, 34, 34);font-size:14px;font-family:&quot;Open Sans&quot;, Roboto, Arial, Helvetica, sans-serif, SimSun\"><strong><span style=\"font-size:22px\"><span style=\"font-family:Arial, Helvetica, sans-serif\"><span style=\"background-color:rgb(241, 196, 15)\">Description :<\/span><\/span><\/span><\/strong><\/span><\/span><span style=\"font-size:18px\"><span style=\"font-family:Arial, Helvetica, sans-serif\"><br \/>Mat\u00e9riau : nylon, silicone.<br \/>Taille : A\/B\/C\/D<br \/>Caract\u00e9ristiques : respirant, invisible, fronc\u00e9, sans anneau en acier.<br \/>Sc\u00e8nes applicables : pour banquet de mariage, camisole, rendez-vous, spectacles, natation, photos de voyage, etc.<br \/>Quantit\u00e9: 1 pi\u00e8ces<\/span><\/span><\/p>\n<p><span style=\"font-size:18px\"><strong><span style=\"color:rgb(34, 34, 34);font-size:22px;font-family:&quot;Open Sans&quot;, Roboto, Arial, Helvetica, sans-serif, SimSun\"><span style=\"font-family:Arial, Helvetica, sans-serif\"><span style=\"background-color:rgb(241, 196, 15)\">Sp\u00e9cification :<\/span><\/span><\/span><\/strong><\/span><span style=\"font-size:18px\"><span style=\"font-family:Arial, Helvetica, sans-serif\"><br \/>1.Bonnet de soutien-gorge autocollant, pas facile \u00e0 tomber, gratuit et facile.<br \/>2.Pas de bandouli\u00e8re, pas d&#8217;extension lat\u00e9rale et arri\u00e8re.<br \/>3.Il a un effet fronc\u00e9, gonfle la poitrine et renforce le d\u00e9collet\u00e9.<br \/>4.Invisible, parfait avec un dos nu, un dos nu ou une robe de soir\u00e9e.<br \/>5. Facile \u00e0 nettoyer et r\u00e9utilisable.<\/span><\/span><\/p>\n<p><img decoding=\"async\" referrerpolicy=\"no-referrer\" slate-data-type=\"image\" src=\"https:\/\/ae01.alicdn.com\/kf\/Sdc46aa79a1b443ef8a5805da5c9017ed0.jpg?width=1000&amp;height=1000&amp;hash=2000\" style=\"width:800px\" width=\"800px\"><img decoding=\"async\" referrerpolicy=\"no-referrer\" slate-data-type=\"image\" src=\"https:\/\/ae01.alicdn.com\/kf\/S8d958478e4cd4a6295decd5ad4fdf867w.jpg?width=1000&amp;height=1000&amp;hash=2000\" style=\"width:800px\" width=\"800px\"><img decoding=\"async\" referrerpolicy=\"no-referrer\" slate-data-type=\"image\" src=\"https:\/\/ae01.alicdn.com\/kf\/S379cc927bc4741418db9b6b350d95b120.jpg?width=600&amp;height=600&amp;hash=1200\" style=\"width:900px\" width=\"900px\"><img decoding=\"async\" referrerpolicy=\"no-referrer\" slate-data-type=\"image\" src=\"https:\/\/ae01.alicdn.com\/kf\/S101276792bfb40eeb6c6e70cc08c6d77l.jpg?width=600&amp;height=600&amp;hash=1200\" style=\"width:800px\" width=\"800px\"><img decoding=\"async\" referrerpolicy=\"no-referrer\" slate-data-type=\"image\" src=\"https:\/\/ae01.alicdn.com\/kf\/Sec9b14dee17541e8950aa8689bcfd214I.jpg?width=1000&amp;height=1000&amp;hash=2000\" style=\"width:800px\" width=\"800px\"><img decoding=\"async\" referrerpolicy=\"no-referrer\" slate-data-type=\"image\" src=\"https:\/\/ae01.alicdn.com\/kf\/S27ffb7b9412644e2b5bf8436e95caaf6c.jpg?width=1000&amp;height=1000&amp;hash=2000\" style=\"width:800px\" width=\"800px\"><img decoding=\"async\" referrerpolicy=\"no-referrer\" slate-data-type=\"image\" src=\"https:\/\/ae01.alicdn.com\/kf\/S901a073bc6054953896c86ea2655c6dbf.jpg?width=1000&amp;height=1000&amp;hash=2000\" style=\"width:800px\" width=\"800px\"><img decoding=\"async\" referrerpolicy=\"no-referrer\" slate-data-type=\"image\" src=\"https:\/\/ae01.alicdn.com\/kf\/S80b2cad2710c4650bc8155fa2c8ae1dcX.jpg?width=1000&amp;height=1000&amp;hash=2000\" style=\"width:800px\" width=\"800px\"><img decoding=\"async\" referrerpolicy=\"no-referrer\" slate-data-type=\"image\" src=\"https:\/\/ae01.alicdn.com\/kf\/S101276792bfb40eeb6c6e70cc08c6d77l.jpg?width=600&amp;height=600&amp;hash=1200\" style=\"width:800px\" width=\"800px\"><img decoding=\"async\" referrerpolicy=\"no-referrer\" slate-data-type=\"image\" src=\"https:\/\/ae01.alicdn.com\/kf\/S26678c1f358b41bea15c7ddd7c753bdbP.jpg?width=790&amp;height=930&amp;hash=1720\" style=\"width:800px\" width=\"800px\"><img decoding=\"async\" referrerpolicy=\"no-referrer\" slate-data-type=\"image\" src=\"https:\/\/ae01.alicdn.com\/kf\/Sf016e397755e496ba5e07ca269402be9T.jpg?width=790&amp;height=581&amp;hash=1371\" style=\"width:800px\" width=\"800px\"><img decoding=\"async\" referrerpolicy=\"no-referrer\" slate-data-type=\"image\" src=\"https:\/\/ae01.alicdn.com\/kf\/S98e6c0d8438d46e68f8c11899d2db4589.jpg?width=790&amp;height=576&amp;hash=1366\" style=\"width:800px\" width=\"800px\"><img decoding=\"async\" referrerpolicy=\"no-referrer\" slate-data-type=\"image\" src=\"https:\/\/ae01.alicdn.com\/kf\/S67226155f2094df2b84fbad35aff3668t.jpg?width=790&amp;height=1028&amp;hash=1818\" style=\"width:800px\" width=\"800px\"><img decoding=\"async\" referrerpolicy=\"no-referrer\" slate-data-type=\"image\" src=\"https:\/\/ae01.alicdn.com\/kf\/S3baf436f272043b9b0fa293a162d5390n.jpg?width=790&amp;height=924&amp;hash=1714\" style=\"width:800px\" width=\"800px\"><span style=\"font-size:10.5pt\"><span><\/span><\/span><br \/>\n<img decoding=\"async\" referrerpolicy=\"no-referrer\" slate-data-type=\"image\" src=\"https:\/\/ae01.alicdn.com\/kf\/Sd455433239594d1b896cfd89caa56fc5O.jpg?width=600&amp;height=600&amp;hash=1200\" style=\"width:900px\" width=\"900px\"><img decoding=\"async\" referrerpolicy=\"no-referrer\" slate-data-type=\"image\" src=\"https:\/\/ae01.alicdn.com\/kf\/Sa1fb26e428f341c6af8689bb730716e5V.jpg?width=600&amp;height=600&amp;hash=1200\" style=\"width:900px\" width=\"900px\"><img decoding=\"async\" referrerpolicy=\"no-referrer\" slate-data-type=\"image\" src=\"https:\/\/ae01.alicdn.com\/kf\/Sbf47d4782e7344d69f8e7b14ef83023fQ.jpg?width=600&amp;height=600&amp;hash=1200\" style=\"width:900px\" width=\"900px\"><img decoding=\"async\" referrerpolicy=\"no-referrer\" slate-data-type=\"image\" src=\"https:\/\/ae01.alicdn.com\/kf\/Sd94aca1496174e89aa8b0cefa62cdafbh.jpg?width=800&amp;height=800&amp;hash=1600\" style=\"width:900px\" width=\"900px\"><img decoding=\"async\" referrerpolicy=\"no-referrer\" slate-data-type=\"image\" src=\"https:\/\/ae01.alicdn.com\/kf\/Sd55d3287477342a9b8664e1f30151d63p.jpg?width=800&amp;height=800&amp;hash=1600\" style=\"width:900px\" width=\"900px\"><\/p>\n<\/div>\n<\/div>\n<\/div>\n<\/div>\n<\/div>\n<\/div>","protected":false},"excerpt":{"rendered":"<p>Chimique Hign-concern\u00e9:&nbsp;Aucun Artisanat du tissage:&nbsp;autre Sexuellement Suggestive:&nbsp;Pas de Image D&#039;obsc\u00e8ne:&nbsp;Pas de Type de Motif:&nbsp;Solide D\u00e9coration:&nbsp;NONE Type de support:&nbsp;Sans fil Style:&nbsp;SEXY<\/p>","protected":false},"featured_media":5594,"comment_status":"open","ping_status":"closed","template":"","meta":[],"product_brand":[],"product_cat":[4991,1451],"product_tag":[],"class_list":{"0":"post-5593","1":"product","2":"type-product","3":"status-publish","4":"has-post-thumbnail","6":"product_cat-lingerie-nightwear","7":"product_cat-womens-section","9":"first","10":"instock","11":"shipping-taxable","12":"purchasable","13":"product-type-variable"},"jetpack_sharing_enabled":true,"_links":{"self":[{"href":"https:\/\/afrycom.com\/fr\/wp-json\/wp\/v2\/product\/5593","targetHints":{"allow":["GET"]}}],"collection":[{"href":"https:\/\/afrycom.com\/fr\/wp-json\/wp\/v2\/product"}],"about":[{"href":"https:\/\/afrycom.com\/fr\/wp-json\/wp\/v2\/types\/product"}],"replies":[{"embeddable":true,"href":"https:\/\/afrycom.com\/fr\/wp-json\/wp\/v2\/comments?post=5593"}],"wp:featuredmedia":[{"embeddable":true,"href":"https:\/\/afrycom.com\/fr\/wp-json\/wp\/v2\/media\/5594"}],"wp:attachment":[{"href":"https:\/\/afrycom.com\/fr\/wp-json\/wp\/v2\/media?parent=5593"}],"wp:term":[{"taxonomy":"product_brand","embeddable":true,"href":"https:\/\/afrycom.com\/fr\/wp-json\/wp\/v2\/product_brand?post=5593"},{"taxonomy":"product_cat","embeddable":true,"href":"https:\/\/afrycom.com\/fr\/wp-json\/wp\/v2\/product_cat?post=5593"},{"taxonomy":"product_tag","embeddable":true,"href":"https:\/\/afrycom.com\/fr\/wp-json\/wp\/v2\/product_tag?post=5593"}],"curies":[{"name":"wp","href":"https:\/\/api.w.org\/{rel}","templated":true}]}}