{"id":5546,"date":"2025-03-08T08:06:17","date_gmt":"2025-03-08T08:06:17","guid":{"rendered":"https:\/\/afrycom.com\/product\/soutien-gorge-de-sport-bralette-sexy-grande-taille-sans-anneau-en-acier-lingerie-push-up-respirant-sous-vetements-pour-femmes-tasse-mince-soutien-gorge-brillant-mujer\/"},"modified":"2025-08-07T16:09:52","modified_gmt":"2025-08-07T16:09:52","slug":"soutien-gorge-de-sport-bralette-sexy-grande-taille-sans-anneau-en-acier-lingerie-push-up-respirant-sous-vetements-pour-femmes-tasse-mince-soutien-gorge-brillant-mujer","status":"publish","type":"product","link":"https:\/\/afrycom.com\/fr\/produit\/soutien-gorge-de-sport-bralette-sexy-grande-taille-sans-anneau-en-acier-lingerie-push-up-respirant-sous-vetements-pour-femmes-tasse-mince-soutien-gorge-brillant-mujer\/","title":{"rendered":"Soutien-gorge de sport Bralette Sexy grande taille sans anneau en acier Lingerie Push Up respirant sous-v\u00eatements pour femmes tasse soutien mince-gorge brillant Mujer"},"content":{"rendered":"<div class=\"product-specs-list-container\">\n<ul class=\"product-specs-list util-clearfix\">\n<li class=\"product-prop line-limit-length\"><span\n                                        class=\"property-title\">Chimique Hign-concern\u00e9 :&nbsp;<\/span><span\n                                        class=\"property-desc line-limit-length\">Aucun<\/span>\n                            <\/li>\n<li class=\"product-prop line-limit-length\"><span\n                                        class=\"property-title\">Artisanat du tissage :&nbsp;<\/span><span\n                                        class=\"property-desc line-limit-length\">Tat<\/span>\n                            <\/li>\n<li class=\"product-prop line-limit-length\"><span\n                                        class=\"property-title\">Sexuellement suggestif :&nbsp;<\/span><span\n                                        class=\"property-desc line-limit-length\">Pas de<\/span>\n                            <\/li>\n<li class=\"product-prop line-limit-length\"><span\n                                        class=\"property-title\">Image D'obsc\u00e8ne :&nbsp;<\/span><span\n                                        class=\"property-desc line-limit-length\">Pas de<\/span>\n                            <\/li>\n<li class=\"product-prop line-limit-length\"><span\n                                        class=\"property-title\">Num\u00e9ro de Mod\u00e8le :&nbsp;<\/span><span\n                                        class=\"property-desc line-limit-length\">No Steel Ring Bra<\/span>\n                            <\/li>\n<li class=\"product-prop line-limit-length\"><span\n                                        class=\"property-title\">Type de Motif :&nbsp;<\/span><span\n                                        class=\"property-desc line-limit-length\">Solide<\/span>\n                            <\/li>\n<li class=\"product-prop line-limit-length\"><span\n                                        class=\"property-title\">Type de courroie :&nbsp;<\/span><span\n                                        class=\"property-desc line-limit-length\">Sangles ajust\u00e9es<\/span>\n                            <\/li>\n<li class=\"product-prop line-limit-length\"><span\n                                        class=\"property-title\">Type de support :&nbsp;<\/span><span\n                                        class=\"property-desc line-limit-length\">Sans fil<\/span>\n                            <\/li>\n<li class=\"product-prop line-limit-length\"><span\n                                        class=\"property-title\">Style :&nbsp;<\/span><span\n                                        class=\"property-desc line-limit-length\">Tous les jours<\/span>\n                            <\/li>\n<li class=\"product-prop line-limit-length\"><span\n                                        class=\"property-title\">Type de fermeture :&nbsp;<\/span><span\n                                        class=\"property-desc line-limit-length\">Quatre fermoirs crochets et oeillets<\/span>\n                            <\/li>\n<li class=\"product-prop line-limit-length\"><span\n                                        class=\"property-title\">Style de Soutien-gorge :&nbsp;<\/span><span\n                                        class=\"property-desc line-limit-length\">Pigeonnant<\/span>\n                            <\/li>\n<li class=\"product-prop line-limit-length\"><span\n                                        class=\"property-title\">Mat\u00e9riau :&nbsp;<\/span><span\n                                        class=\"property-desc line-limit-length\">SPANDEX<\/span>\n                            <\/li>\n<li class=\"product-prop line-limit-length\"><span\n                                        class=\"property-title\">Nom de marque :&nbsp;<\/span><span\n                                        class=\"property-desc line-limit-length\">MOONBIFFY<\/span>\n                            <\/li>\n<li class=\"product-prop line-limit-length\"><span\n                                        class=\"property-title\">Origine :&nbsp;<\/span><span\n                                        class=\"property-desc line-limit-length\">CN (Origine)<\/span>\n                            <\/li>\n<li class=\"product-prop line-limit-length\"><span\n                                        class=\"property-title\">CN :&nbsp;<\/span><span\n                                        class=\"property-desc line-limit-length\">HUBEI<\/span>\n                            <\/li>\n<\/ul><\/div>\n<div class=\"detailmodule_html\">\n<div class=\"detail-desc-decorate-richtext\">\n<div class=\"detailmodule_html\">\n<div class=\"detail-desc-decorate-richtext\">\n<div style=\"margin:10px auto 0 !important;display:inline-block !important;max-width:100% !important;\"><img decoding=\"async\" src=\"https:\/\/ae01.alicdn.com\/kf\/Sca9f3d35bcf34de7ba5ea5555d65d9a4m.jpg\" style=\"width:932px !important;\"><\/p>\n<div style=\"margin-top:-74.46% !important;\">\n<div style=\"margin-left:0.0% !important;margin-top:0.0% !important;width:25.0% !important; \"><a href=\"http:\/\/www.aliexpress.com\/item\/detail\/1005006613595993.html\" target=\"_blank\" rel=\"noopener\"><img decoding=\"async\" src=\"https:\/\/ae01.alicdn.com\/kf\/S518a9ed0b46d4637936847b3533b4f85m.png?width=233&amp;height=347&amp;hash=580\" style=\"width:233px !important;height:347px !important;\"><\/a><\/div>\n<div style=\"margin-left:25.0% !important;margin-top:-37.23% !important;width:25.0% !important; \"><a href=\"http:\/\/www.aliexpress.com\/item\/detail\/1005005802051628.html\" target=\"_blank\" rel=\"noopener\"><img decoding=\"async\" src=\"https:\/\/ae01.alicdn.com\/kf\/S518a9ed0b46d4637936847b3533b4f85m.png?width=233&amp;height=347&amp;hash=580\" style=\"width:233px !important;height:347px !important;\"><\/a><\/div>\n<div style=\"margin-left:50.0% !important;margin-top:-37.23% !important;width:25.0% !important; \"><a href=\"http:\/\/www.aliexpress.com\/item\/detail\/1005006609509667.html\" target=\"_blank\" rel=\"noopener\"><img decoding=\"async\" src=\"https:\/\/ae01.alicdn.com\/kf\/S518a9ed0b46d4637936847b3533b4f85m.png?width=233&amp;height=347&amp;hash=580\" style=\"width:233px !important;height:347px !important;\"><\/a><\/div>\n<div style=\"margin-left:75.0% !important;margin-top:-37.23% !important;width:25.0% !important; \"><a href=\"http:\/\/www.aliexpress.com\/item\/detail\/1005006039899179.html\" target=\"_blank\" rel=\"noopener\"><img decoding=\"async\" src=\"https:\/\/ae01.alicdn.com\/kf\/S518a9ed0b46d4637936847b3533b4f85m.png?width=233&amp;height=347&amp;hash=580\" style=\"width:233px !important;height:347px !important;\"><\/a><\/div>\n<div style=\"margin-left:0.0% !important;margin-top:0.0% !important;width:25.0% !important; \"><a href=\"http:\/\/www.aliexpress.com\/item\/detail\/1005006061364253.html\" target=\"_blank\" rel=\"noopener\"><img decoding=\"async\" src=\"https:\/\/ae01.alicdn.com\/kf\/S518a9ed0b46d4637936847b3533b4f85m.png?width=233&amp;height=347&amp;hash=580\" style=\"width:233px !important;height:347px !important;\"><\/a><\/div>\n<div style=\"margin-left:25.0% !important;margin-top:-37.23% !important;width:25.0% !important; \"><a href=\"http:\/\/www.aliexpress.com\/item\/detail\/1005005802076861.html\" target=\"_blank\" rel=\"noopener\"><img decoding=\"async\" src=\"https:\/\/ae01.alicdn.com\/kf\/S518a9ed0b46d4637936847b3533b4f85m.png?width=233&amp;height=347&amp;hash=580\" style=\"width:233px !important;height:347px !important;\"><\/a><\/div>\n<div style=\"margin-left:50.0% !important;margin-top:-37.23% !important;width:25.0% !important; \"><a href=\"http:\/\/www.aliexpress.com\/item\/detail\/1005006897703007.html\" target=\"_blank\" rel=\"noopener\"><img decoding=\"async\" src=\"https:\/\/ae01.alicdn.com\/kf\/S518a9ed0b46d4637936847b3533b4f85m.png?width=233&amp;height=347&amp;hash=580\" style=\"width:233px !important;height:347px !important;\"><\/a><\/div>\n<div style=\"margin-left:75.0% !important;margin-top:-37.23% !important;width:25.0% !important; \"><a href=\"http:\/\/www.aliexpress.com\/item\/detail\/1005006870476831.html\" target=\"_blank\" rel=\"noopener\"><img decoding=\"async\" src=\"https:\/\/ae01.alicdn.com\/kf\/S518a9ed0b46d4637936847b3533b4f85m.png?width=233&amp;height=347&amp;hash=580\" style=\"width:233px !important;height:347px !important;\"><\/a><\/div>\n<\/div>\n<\/div>\n<div>\n<div>\n<div>\n<div>\n<div id=\"offer-template-0\">\n<div><span style=\"font-size:14px\"><span style=\"color:rgb(34, 34, 34)\"><span style=\"font-family:&quot;Open Sans&quot;, Roboto, Arial, Helvetica, sans-serif, SimSun\"><strong><span class=\"15\" style=\"font-size:13.5pt\"><span style=\"background-color:rgb(255, 255, 255)\"><span style=\"color:rgb(0, 0, 0)\"><span>Comment choisir la taille.<\/span><\/span><\/span><\/span><\/strong><\/span><\/span><\/span><\/div>\n<p align=\"start\" class=\"p\" style=\"text-align:start;margin:0pt 0pt 0pt 0px;margin-bottom:0pt;margin-top:0pt;margin-left:0px;margin-right:0pt;padding:0pt 0pt 0pt 0em;padding-bottom:0pt;padding-top:0pt;padding-right:0pt\"><span style=\"font-size:14px\"><span style=\"color:rgb(34, 34, 34)\"><span style=\"font-family:&quot;Open Sans&quot;, Roboto, Arial, Helvetica, sans-serif, SimSun\"><strong><span class=\"15\" style=\"font-size:13.5pt\"><span style=\"background-color:rgb(255, 255, 255)\"><span style=\"color:rgb(0, 0, 0)\"><span>1.<\/span><\/span><\/span><\/span><\/strong><\/span><\/span><\/span><strong><span style=\"color:rgb(34, 34, 34)\"><span style=\"font-size:14px\"><span style=\"font-family:&quot;Times New Roman&quot;\"><span class=\"15\" style=\"font-size:13.5pt\"><span style=\"background-color:rgb(255, 255, 255)\"><span style=\"color:rgb(0, 0, 0)\"><span><span style=\"font-family:&quot;Open Sans&quot;, Roboto, Arial, Helvetica, sans-serif, SimSun\">Mesurez la circonf\u00e9rence sur le soulignement de votre buste.<\/span><\/span><\/span><\/span><\/span><\/span><\/span><\/span><\/strong><\/p>\n<p align=\"start\" class=\"p\" style=\"text-align:start;margin:0pt;margin-bottom:0pt;margin-top:0pt;margin-left:0pt;margin-right:0pt;padding:0pt 0pt 0pt 0em;padding-bottom:0pt;padding-top:0pt;padding-right:0pt\"><span style=\"font-size:14px\"><span style=\"color:rgb(34, 34, 34)\"><span style=\"font-family:&quot;Open Sans&quot;, Roboto, Arial, Helvetica, sans-serif, SimSun\"><span style=\"font-size:13.5pt\"><span style=\"background-color:rgb(255, 255, 255)\"><span style=\"font-family:&quot;Times New Roman&quot;\"><span style=\"color:rgb(0, 0, 0)\"><span>Taille: 36\/80, sous le buste: 78-82 cm<\/span><\/span><\/span><\/span><\/span><\/span><\/span><\/span><\/p>\n<p align=\"start\" class=\"p\" style=\"text-align:start;margin:0pt;margin-bottom:0pt;margin-top:0pt;margin-left:0pt;margin-right:0pt;padding:0pt 0pt 0pt 0em;padding-bottom:0pt;padding-top:0pt;padding-right:0pt\"><span style=\"font-size:14px\"><span style=\"color:rgb(34, 34, 34)\"><span style=\"font-family:&quot;Open Sans&quot;, Roboto, Arial, Helvetica, sans-serif, SimSun\"><span style=\"font-size:13.5pt\"><span style=\"background-color:rgb(255, 255, 255)\"><span style=\"font-family:&quot;Times New Roman&quot;\"><span style=\"color:rgb(0, 0, 0)\"><span>Taille: 38\/85, sous le buste: 82-87 cm<\/span><\/span><\/span><\/span><\/span><\/span><\/span><\/span><\/p>\n<p align=\"start\" class=\"p\" style=\"text-align:start;margin:0pt;margin-bottom:0pt;margin-top:0pt;margin-left:0pt;margin-right:0pt;padding:0pt 0pt 0pt 0em;padding-bottom:0pt;padding-top:0pt;padding-right:0pt\"><span style=\"font-size:14px\"><span style=\"color:rgb(34, 34, 34)\"><span style=\"font-family:&quot;Open Sans&quot;, Roboto, Arial, Helvetica, sans-serif, SimSun\"><span style=\"font-size:13.5pt\"><span style=\"background-color:rgb(255, 255, 255)\"><span style=\"font-family:&quot;Times New Roman&quot;\"><span style=\"color:rgb(0, 0, 0)\"><span>Taille: 40\/90, sous le buste: 88-92 cm<\/span><\/span><\/span><\/span><\/span><\/span><\/span><\/span><\/p>\n<p align=\"start\" class=\"p\" style=\"text-align:start;margin:0pt;margin-bottom:0pt;margin-top:0pt;margin-left:0pt;margin-right:0pt;padding:0pt 0pt 0pt 0em;padding-bottom:0pt;padding-top:0pt;padding-right:0pt\"><span style=\"font-size:14px\"><span style=\"color:rgb(34, 34, 34)\"><span style=\"font-family:&quot;Open Sans&quot;, Roboto, Arial, Helvetica, sans-serif, SimSun\"><span style=\"font-size:13.5pt\"><span style=\"background-color:rgb(255, 255, 255)\"><span style=\"font-family:&quot;Times New Roman&quot;\"><span style=\"color:rgb(0, 0, 0)\"><span>Taille: 42\/95, sous le buste: 93-97 cm<\/span><\/span><\/span><\/span><\/span><\/span><\/span><\/span><\/p>\n<p align=\"start\" class=\"p\" style=\"text-align:start;margin:0pt;margin-bottom:0pt;margin-top:0pt;margin-left:0pt;margin-right:0pt;padding:0pt 0pt 0pt 0em;padding-bottom:0pt;padding-top:0pt;padding-right:0pt\"><span style=\"font-size:14px\"><span style=\"color:rgb(34, 34, 34)\"><span style=\"font-family:&quot;Open Sans&quot;, Roboto, Arial, Helvetica, sans-serif, SimSun\"><span style=\"font-size:13.5pt\"><span style=\"background-color:rgb(255, 255, 255)\"><span style=\"font-family:&quot;Times New Roman&quot;\"><span style=\"color:rgb(0, 0, 0)\"><span>Taille: 44\/100, sous le buste: 98-102 cm<br \/>\n<img decoding=\"async\" referrerpolicy=\"no-referrer\" src=\"https:\/\/ae01.alicdn.com\/kf\/S119f3fcd95d449079fa64547c3d68847X.jpg\"><\/span><\/span><\/span><\/span><\/span><\/span><\/span><\/span><\/p>\n<p align=\"start\" class=\"p\" style=\"text-align:start;margin:0pt;margin-bottom:0pt;margin-top:0pt;margin-left:0pt;margin-right:0pt;padding:0pt 0pt 0pt 0em;padding-bottom:0pt;padding-top:0pt;padding-right:0pt\">\n<img decoding=\"async\" referrerpolicy=\"no-referrer\" slate-data-type=\"image\" src=\"https:\/\/ae01.alicdn.com\/kf\/Se2b8487b25b946c2bd1717d16d4c4dc6a.jpg?width=790&amp;height=1069&amp;hash=1859\" style=\"font-family:&quot;Open Sans&quot;, Roboto, Arial, Helvetica, sans-serif, SimSun;font-size:14px;font-weight:400;letter-spacing:normal;text-align:start;white-space:normal;color:rgb(34, 34, 34);border:0px;margin:0px;margin-bottom:0px;margin-top:0px;margin-left:0px;margin-right:0px;padding:0px;padding-bottom:0px;padding-top:0px;padding-left:0px;padding-right:0px;display:inline-block;max-width:100%;box-sizing:border-box\"> <img decoding=\"async\" referrerpolicy=\"no-referrer\" slate-data-type=\"image\" src=\"https:\/\/ae01.alicdn.com\/kf\/S8dcc7f4cbb78489d9649fbf86bb02abd6.jpg?width=790&amp;height=1372&amp;hash=2162\" style=\"font-family:&quot;Open Sans&quot;, Roboto, Arial, Helvetica, sans-serif, SimSun;font-size:14px;font-weight:400;letter-spacing:normal;text-align:start;white-space:normal;color:rgb(34, 34, 34);border:0px;margin:0px;margin-bottom:0px;margin-top:0px;margin-left:0px;margin-right:0px;padding:0px;padding-bottom:0px;padding-top:0px;padding-left:0px;padding-right:0px;display:inline-block;max-width:100%;box-sizing:border-box\"> <img decoding=\"async\" referrerpolicy=\"no-referrer\" slate-data-type=\"image\" src=\"https:\/\/ae01.alicdn.com\/kf\/S17d446cb1dea4f9290221fd27cb78b95a.jpg?width=790&amp;height=1045&amp;hash=1835\" style=\"font-family:&quot;Open Sans&quot;, Roboto, Arial, Helvetica, sans-serif, SimSun;font-size:14px;font-weight:400;letter-spacing:normal;text-align:start;white-space:normal;color:rgb(34, 34, 34);border:0px;margin:0px;margin-bottom:0px;margin-top:0px;margin-left:0px;margin-right:0px;padding:0px;padding-bottom:0px;padding-top:0px;padding-left:0px;padding-right:0px;display:inline-block;max-width:100%;box-sizing:border-box\"> <img decoding=\"async\" referrerpolicy=\"no-referrer\" slate-data-type=\"image\" src=\"https:\/\/ae01.alicdn.com\/kf\/S8e10abf998e74a0a9758685495e4653ay.jpg?width=790&amp;height=405&amp;hash=1195\" style=\"font-family:&quot;Open Sans&quot;, Roboto, Arial, Helvetica, sans-serif, SimSun;font-size:14px;font-weight:400;letter-spacing:normal;text-align:start;white-space:normal;color:rgb(34, 34, 34);border:0px;margin:0px;margin-bottom:0px;margin-top:0px;margin-left:0px;margin-right:0px;padding:0px;padding-bottom:0px;padding-top:0px;padding-left:0px;padding-right:0px;display:inline-block;max-width:100%;box-sizing:border-box\"> <img decoding=\"async\" referrerpolicy=\"no-referrer\" slate-data-type=\"image\" src=\"https:\/\/ae01.alicdn.com\/kf\/S9ccb96a451a945acba462c929ccd361d1.jpg?width=790&amp;height=1207&amp;hash=1997\" style=\"font-family:&quot;Open Sans&quot;, Roboto, Arial, Helvetica, sans-serif, SimSun;font-size:14px;font-weight:400;letter-spacing:normal;text-align:start;white-space:normal;color:rgb(34, 34, 34);border:0px;margin:0px;margin-bottom:0px;margin-top:0px;margin-left:0px;margin-right:0px;padding:0px;padding-bottom:0px;padding-top:0px;padding-left:0px;padding-right:0px;display:inline-block;max-width:100%;box-sizing:border-box\"> <img decoding=\"async\" referrerpolicy=\"no-referrer\" slate-data-type=\"image\" src=\"https:\/\/ae01.alicdn.com\/kf\/S8ab69273a07e4cc29580b88daa9ea9bd5.jpg?width=790&amp;height=1227&amp;hash=2017\" style=\"font-family:&quot;Open Sans&quot;, Roboto, Arial, Helvetica, sans-serif, SimSun;font-size:14px;font-weight:400;letter-spacing:normal;text-align:start;white-space:normal;color:rgb(34, 34, 34);border:0px;margin:0px;margin-bottom:0px;margin-top:0px;margin-left:0px;margin-right:0px;padding:0px;padding-bottom:0px;padding-top:0px;padding-left:0px;padding-right:0px;display:inline-block;max-width:100%;box-sizing:border-box\"> <img decoding=\"async\" referrerpolicy=\"no-referrer\" slate-data-type=\"image\" src=\"https:\/\/ae01.alicdn.com\/kf\/Sfd9b35471ed2418b8f0a48389de4fcb9u.jpg?width=790&amp;height=1193&amp;hash=1983\" style=\"font-family:&quot;Open Sans&quot;, Roboto, Arial, Helvetica, sans-serif, SimSun;font-size:14px;font-weight:400;letter-spacing:normal;text-align:start;white-space:normal;color:rgb(34, 34, 34);border:0px;margin:0px;margin-bottom:0px;margin-top:0px;margin-left:0px;margin-right:0px;padding:0px;padding-bottom:0px;padding-top:0px;padding-left:0px;padding-right:0px;display:inline-block;max-width:100%;box-sizing:border-box\"> <img decoding=\"async\" referrerpolicy=\"no-referrer\" slate-data-type=\"image\" src=\"https:\/\/ae01.alicdn.com\/kf\/S94890307460245e987321888754b3e7cp.jpg?width=790&amp;height=1212&amp;hash=2002\" style=\"font-family:&quot;Open Sans&quot;, Roboto, Arial, Helvetica, sans-serif, SimSun;font-size:14px;font-weight:400;letter-spacing:normal;text-align:start;white-space:normal;color:rgb(34, 34, 34);border:0px;margin:0px;margin-bottom:0px;margin-top:0px;margin-left:0px;margin-right:0px;padding:0px;padding-bottom:0px;padding-top:0px;padding-left:0px;padding-right:0px;display:inline-block;max-width:100%;box-sizing:border-box\"> <img decoding=\"async\" referrerpolicy=\"no-referrer\" slate-data-type=\"image\" src=\"https:\/\/ae01.alicdn.com\/kf\/S895f4290e5f7490386389b6f054602fdP.jpg?width=790&amp;height=1230&amp;hash=2020\" style=\"font-family:&quot;Open Sans&quot;, Roboto, Arial, Helvetica, sans-serif, SimSun;font-size:14px;font-weight:400;letter-spacing:normal;text-align:start;white-space:normal;color:rgb(34, 34, 34);border:0px;margin:0px;margin-bottom:0px;margin-top:0px;margin-left:0px;margin-right:0px;padding:0px;padding-bottom:0px;padding-top:0px;padding-left:0px;padding-right:0px;display:inline-block;max-width:100%;box-sizing:border-box\"> <img decoding=\"async\" referrerpolicy=\"no-referrer\" slate-data-type=\"image\" src=\"https:\/\/ae01.alicdn.com\/kf\/Sef7e57d81c3f49d5a7013b501ab75b399.jpg?width=790&amp;height=902&amp;hash=1692\" style=\"font-family:&quot;Open Sans&quot;, Roboto, Arial, Helvetica, sans-serif, SimSun;font-size:14px;font-weight:400;letter-spacing:normal;text-align:start;white-space:normal;color:rgb(34, 34, 34);border:0px;margin:0px;margin-bottom:0px;margin-top:0px;margin-left:0px;margin-right:0px;padding:0px;padding-bottom:0px;padding-top:0px;padding-left:0px;padding-right:0px;display:inline-block;max-width:100%;box-sizing:border-box\"> <img decoding=\"async\" referrerpolicy=\"no-referrer\" slate-data-type=\"image\" src=\"https:\/\/ae01.alicdn.com\/kf\/S1760ce46aade4293b57f9818272751b0E.jpg?width=790&amp;height=1008&amp;hash=1798\" style=\"font-family:&quot;Open Sans&quot;, Roboto, Arial, Helvetica, sans-serif, SimSun;font-size:14px;font-weight:400;letter-spacing:normal;text-align:start;white-space:normal;color:rgb(34, 34, 34);border:0px;margin:0px;margin-bottom:0px;margin-top:0px;margin-left:0px;margin-right:0px;padding:0px;padding-bottom:0px;padding-top:0px;padding-left:0px;padding-right:0px;display:inline-block;max-width:100%;box-sizing:border-box\"> <img decoding=\"async\" referrerpolicy=\"no-referrer\" slate-data-type=\"image\" src=\"https:\/\/ae01.alicdn.com\/kf\/S0b2bcf4c62ad4775a1c45a2fe9370db4C.jpg?width=790&amp;height=1196&amp;hash=1986\" style=\"font-family:&quot;Open Sans&quot;, Roboto, Arial, Helvetica, sans-serif, SimSun;font-size:14px;font-weight:400;letter-spacing:normal;text-align:start;white-space:normal;color:rgb(34, 34, 34);border:0px;margin:0px;margin-bottom:0px;margin-top:0px;margin-left:0px;margin-right:0px;padding:0px;padding-bottom:0px;padding-top:0px;padding-left:0px;padding-right:0px;display:inline-block;max-width:100%;box-sizing:border-box\"> <img decoding=\"async\" referrerpolicy=\"no-referrer\" slate-data-type=\"image\" src=\"https:\/\/ae01.alicdn.com\/kf\/S106fdfba3f204fa3a3c17fb9af435009q.jpg?width=790&amp;height=907&amp;hash=1697\" style=\"font-family:&quot;Open Sans&quot;, Roboto, Arial, Helvetica, sans-serif, SimSun;font-size:14px;font-weight:400;letter-spacing:normal;text-align:start;white-space:normal;color:rgb(34, 34, 34);border:0px;margin:0px;margin-bottom:0px;margin-top:0px;margin-left:0px;margin-right:0px;padding:0px;padding-bottom:0px;padding-top:0px;padding-left:0px;padding-right:0px;display:inline-block;max-width:100%;box-sizing:border-box\"> <img decoding=\"async\" referrerpolicy=\"no-referrer\" slate-data-type=\"image\" src=\"https:\/\/ae01.alicdn.com\/kf\/Se49e308ba3714a6cb49811f3a07da7baR.jpg?width=790&amp;height=958&amp;hash=1748\" style=\"font-family:&quot;Open Sans&quot;, Roboto, Arial, Helvetica, sans-serif, SimSun;font-size:14px;font-weight:400;letter-spacing:normal;text-align:start;white-space:normal;color:rgb(34, 34, 34);border:0px;margin:0px;margin-bottom:0px;margin-top:0px;margin-left:0px;margin-right:0px;padding:0px;padding-bottom:0px;padding-top:0px;padding-left:0px;padding-right:0px;display:inline-block;max-width:100%;box-sizing:border-box\"> <img decoding=\"async\" referrerpolicy=\"no-referrer\" slate-data-type=\"image\" src=\"https:\/\/ae01.alicdn.com\/kf\/Sb2ebf06775f34ed58ded06ab10d530302.jpg?width=790&amp;height=946&amp;hash=1736\" style=\"font-family:&quot;Open Sans&quot;, Roboto, Arial, Helvetica, sans-serif, SimSun;font-size:14px;font-weight:400;letter-spacing:normal;text-align:start;white-space:normal;color:rgb(34, 34, 34);border:0px;margin:0px;margin-bottom:0px;margin-top:0px;margin-left:0px;margin-right:0px;padding:0px;padding-bottom:0px;padding-top:0px;padding-left:0px;padding-right:0px;display:inline-block;max-width:100%;box-sizing:border-box\"> <img decoding=\"async\" referrerpolicy=\"no-referrer\" slate-data-type=\"image\" src=\"https:\/\/ae01.alicdn.com\/kf\/Seb1cb4860a8c4c8e89f8e6da82fa96d2S.jpg?width=790&amp;height=927&amp;hash=1717\" style=\"font-family:&quot;Open Sans&quot;, Roboto, Arial, Helvetica, sans-serif, SimSun;font-size:14px;font-weight:400;letter-spacing:normal;text-align:start;white-space:normal;color:rgb(34, 34, 34);border:0px;margin:0px;margin-bottom:0px;margin-top:0px;margin-left:0px;margin-right:0px;padding:0px;padding-bottom:0px;padding-top:0px;padding-left:0px;padding-right:0px;display:inline-block;max-width:100%;box-sizing:border-box\"><\/p>\n<\/div>\n<\/div>\n<\/div>\n<\/div>\n<\/div>\n<\/div>\n<\/div>\n<\/div>\n<\/div>","protected":false},"excerpt":{"rendered":"<p>Chimique Hign-concern\u00e9:&nbsp;Aucun Artisanat du tissage:&nbsp;Tat Sexuellement Suggestive:&nbsp;Pas de Image D&#039;obsc\u00e8ne:&nbsp;Pas de Num\u00e9ro de Mod\u00e8le:&nbsp;No Steel Ring Bra Type de Motif:&nbsp;Solide<\/p>","protected":false},"featured_media":5547,"comment_status":"open","ping_status":"closed","template":"","meta":[],"product_brand":[],"product_cat":[4991,1451],"product_tag":[],"class_list":{"0":"post-5546","1":"product","2":"type-product","3":"status-publish","4":"has-post-thumbnail","6":"product_cat-lingerie-nightwear","7":"product_cat-womens-section","9":"first","10":"instock","11":"shipping-taxable","12":"purchasable","13":"product-type-variable"},"jetpack_sharing_enabled":true,"_links":{"self":[{"href":"https:\/\/afrycom.com\/fr\/wp-json\/wp\/v2\/product\/5546","targetHints":{"allow":["GET"]}}],"collection":[{"href":"https:\/\/afrycom.com\/fr\/wp-json\/wp\/v2\/product"}],"about":[{"href":"https:\/\/afrycom.com\/fr\/wp-json\/wp\/v2\/types\/product"}],"replies":[{"embeddable":true,"href":"https:\/\/afrycom.com\/fr\/wp-json\/wp\/v2\/comments?post=5546"}],"wp:featuredmedia":[{"embeddable":true,"href":"https:\/\/afrycom.com\/fr\/wp-json\/wp\/v2\/media\/5547"}],"wp:attachment":[{"href":"https:\/\/afrycom.com\/fr\/wp-json\/wp\/v2\/media?parent=5546"}],"wp:term":[{"taxonomy":"product_brand","embeddable":true,"href":"https:\/\/afrycom.com\/fr\/wp-json\/wp\/v2\/product_brand?post=5546"},{"taxonomy":"product_cat","embeddable":true,"href":"https:\/\/afrycom.com\/fr\/wp-json\/wp\/v2\/product_cat?post=5546"},{"taxonomy":"product_tag","embeddable":true,"href":"https:\/\/afrycom.com\/fr\/wp-json\/wp\/v2\/product_tag?post=5546"}],"curies":[{"name":"wp","href":"https:\/\/api.w.org\/{rel}","templated":true}]}}