{"id":5500,"date":"2025-03-08T08:06:09","date_gmt":"2025-03-08T08:06:09","guid":{"rendered":"https:\/\/afrycom.com\/product\/soutien-gorge-confortable-pour-femmes-grande-taille-sans-anneau-en-acier-haut-absorbant-la-sueur-sexy-bonnet-fin-soutien-gorge-doux-pour-femmes\/"},"modified":"2025-08-07T16:09:36","modified_gmt":"2025-08-07T16:09:36","slug":"soutien-gorge-confortable-pour-femmes-grande-taille-sans-anneau-en-acier-haut-absorbant-la-sueur-sexy-bonnet-fin-soutien-gorge-doux-pour-femmes","status":"publish","type":"product","link":"https:\/\/afrycom.com\/fr\/produit\/soutien-gorge-confortable-pour-femmes-grande-taille-sans-anneau-en-acier-haut-absorbant-la-sueur-sexy-bonnet-fin-soutien-gorge-doux-pour-femmes\/","title":{"rendered":"Soutien-gorge confortable pour femmes, grande taille, sans anneau en acier, haut absorbant la sueur, Sexy, bonnet fin, soutien-gorge doux pour femmes"},"content":{"rendered":"<div class=\"product-specs-list-container\">\n<ul class=\"product-specs-list util-clearfix\">\n<li class=\"product-prop line-limit-length\"><span\n                                        class=\"property-title\">Chimique Hign-concern\u00e9 :&nbsp;<\/span><span\n                                        class=\"property-desc line-limit-length\">Aucun<\/span>\n                            <\/li>\n<li class=\"product-prop line-limit-length\"><span\n                                        class=\"property-title\">Artisanat du tissage :&nbsp;<\/span><span\n                                        class=\"property-desc line-limit-length\">Tat<\/span>\n                            <\/li>\n<li class=\"product-prop line-limit-length\"><span\n                                        class=\"property-title\">Moule \u00c9paisseur :&nbsp;<\/span><span\n                                        class=\"property-desc line-limit-length\">Moule mince Tasse<\/span>\n                            <\/li>\n<li class=\"product-prop line-limit-length\"><span\n                                        class=\"property-title\">Sexuellement suggestif :&nbsp;<\/span><span\n                                        class=\"property-desc line-limit-length\">Pas de<\/span>\n                            <\/li>\n<li class=\"product-prop line-limit-length\"><span\n                                        class=\"property-title\">Image D'obsc\u00e8ne :&nbsp;<\/span><span\n                                        class=\"property-desc line-limit-length\">Pas de<\/span>\n                            <\/li>\n<li class=\"product-prop line-limit-length\"><span\n                                        class=\"property-title\">Type de Motif :&nbsp;<\/span><span\n                                        class=\"property-desc line-limit-length\">G\u00c9OM\u00c9TRIQUE<\/span>\n                            <\/li>\n<li class=\"product-prop line-limit-length\"><span\n                                        class=\"property-title\">D\u00e9coration :&nbsp;<\/span><span\n                                        class=\"property-desc line-limit-length\">Appliques<\/span>\n                            <\/li>\n<li class=\"product-prop line-limit-length\"><span\n                                        class=\"property-title\">Type de support :&nbsp;<\/span><span\n                                        class=\"property-desc line-limit-length\">Sans fil<\/span>\n                            <\/li>\n<li class=\"product-prop line-limit-length\"><span\n                                        class=\"property-title\">Style :&nbsp;<\/span><span\n                                        class=\"property-desc line-limit-length\">Tous les jours<\/span>\n                            <\/li>\n<li class=\"product-prop line-limit-length\"><span\n                                        class=\"property-title\">Type de fermeture :&nbsp;<\/span><span\n                                        class=\"property-desc line-limit-length\">Fermeture arri\u00e8re,Quatre fermoirs crochets et oeillets<\/span>\n                            <\/li>\n<li class=\"product-prop line-limit-length\"><span\n                                        class=\"property-title\">Type de courroie :&nbsp;<\/span><span\n                                        class=\"property-desc line-limit-length\">Sangles ajust\u00e9es<\/span>\n                            <\/li>\n<li class=\"product-prop line-limit-length\"><span\n                                        class=\"property-title\">Forme de tasse :&nbsp;<\/span><span\n                                        class=\"property-desc line-limit-length\">embo\u00eetant<\/span>\n                            <\/li>\n<li class=\"product-prop line-limit-length\"><span\n                                        class=\"property-title\">Style de Soutien-gorge :&nbsp;<\/span><span\n                                        class=\"property-desc line-limit-length\">pousser vers le haut<\/span>\n                            <\/li>\n<li class=\"product-prop line-limit-length\"><span\n                                        class=\"property-title\">Mat\u00e9riau :&nbsp;<\/span><span\n                                        class=\"property-desc line-limit-length\">POLYESTER<\/span>\n                            <\/li>\n<li class=\"product-prop line-limit-length\"><span\n                                        class=\"property-title\">Nom de marque :&nbsp;<\/span><span\n                                        class=\"property-desc line-limit-length\">MOONBIFFY<\/span>\n                            <\/li>\n<li class=\"product-prop line-limit-length\"><span\n                                        class=\"property-title\">Origine :&nbsp;<\/span><span\n                                        class=\"property-desc line-limit-length\">CN (Origine)<\/span>\n                            <\/li>\n<li class=\"product-prop line-limit-length\"><span\n                                        class=\"property-title\">CN :&nbsp;<\/span><span\n                                        class=\"property-desc line-limit-length\">Zhejiang<\/span>\n                            <\/li>\n<li class=\"product-prop line-limit-length\"><span\n                                        class=\"property-title\">Type d'article :&nbsp;<\/span><span\n                                        class=\"property-desc line-limit-length\">Bras<\/span>\n                            <\/li>\n<li class=\"product-prop line-limit-length\"><span\n                                        class=\"property-title\">Sexe :&nbsp;<\/span><span\n                                        class=\"property-desc line-limit-length\">FEMMES<\/span>\n                            <\/li>\n<li class=\"product-prop line-limit-length\"><span\n                                        class=\"property-title\">Caract\u00e9ristique1 :&nbsp;<\/span><span\n                                        class=\"property-desc line-limit-length\">Soutien-gorge push-up pour femmes<\/span>\n                            <\/li>\n<li class=\"product-prop line-limit-length\"><span\n                                        class=\"property-title\">Caract\u00e9ristique2 :&nbsp;<\/span><span\n                                        class=\"property-desc line-limit-length\">Soutien-gorge souples pour femmes<\/span>\n                            <\/li>\n<li class=\"product-prop line-limit-length\"><span\n                                        class=\"property-title\">Caract\u00e9ristique3 :&nbsp;<\/span><span\n                                        class=\"property-desc line-limit-length\">Bralette respirante et confortable<\/span>\n                            <\/li>\n<li class=\"product-prop line-limit-length\"><span\n                                        class=\"property-title\">Caract\u00e9ristique4 :&nbsp;<\/span><span\n                                        class=\"property-desc line-limit-length\">Sous-v\u00eatements minces sans fil<\/span>\n                            <\/li>\n<li class=\"product-prop line-limit-length\"><span\n                                        class=\"property-title\">Caract\u00e9ristique5 :&nbsp;<\/span><span\n                                        class=\"property-desc line-limit-length\">Soutien-gorge confortable<\/span>\n                            <\/li>\n<li class=\"product-prop line-limit-length\"><span\n                                        class=\"property-title\">Caract\u00e9ristique6 :&nbsp;<\/span><span\n                                        class=\"property-desc line-limit-length\">brasieres para mujer<\/span>\n                            <\/li>\n<\/ul><\/div>\n<div class=\"detailmodule_html\">\n<div class=\"detail-desc-decorate-richtext\">\n<p><img decoding=\"async\" referrerpolicy=\"no-referrer\" slate-data-type=\"image\" src=\"https:\/\/ae01.alicdn.com\/kf\/S2d1640d0896f480195c2e0cadf74efc0b.jpg?width=790&amp;height=1362&amp;hash=2152\" \/><img decoding=\"async\" referrerpolicy=\"no-referrer\" slate-data-type=\"image\" src=\"https:\/\/ae01.alicdn.com\/kf\/S19df461f585948d3a25462dcce47dfb9V.jpg?width=790&amp;height=1362&amp;hash=2152\" \/><img decoding=\"async\" referrerpolicy=\"no-referrer\" slate-data-type=\"image\" src=\"https:\/\/ae01.alicdn.com\/kf\/S207658a87c5847ef90b53b46248cc9dbF.jpg?width=790&amp;height=1363&amp;hash=2153\" \/><img decoding=\"async\" referrerpolicy=\"no-referrer\" slate-data-type=\"image\" src=\"https:\/\/ae01.alicdn.com\/kf\/S3c01f466217746448bed77da625202f2j.jpg?width=790&amp;height=1362&amp;hash=2152\" \/><img decoding=\"async\" referrerpolicy=\"no-referrer\" slate-data-type=\"image\" src=\"https:\/\/ae01.alicdn.com\/kf\/Sdaaaaeddf2e845769b818ec501ba0dbf0.jpg?width=790&amp;height=1362&amp;hash=2152\" \/><img decoding=\"async\" referrerpolicy=\"no-referrer\" slate-data-type=\"image\" src=\"https:\/\/ae01.alicdn.com\/kf\/Sfa63a7fa204949189e5eef33c33c6927Y.jpg?width=790&amp;height=1362&amp;hash=2152\" \/><img decoding=\"async\" referrerpolicy=\"no-referrer\" slate-data-type=\"image\" src=\"https:\/\/ae01.alicdn.com\/kf\/Sa0fe7e9a7ff14b5290142a74ca07bd96E.jpg?width=790&amp;height=1362&amp;hash=2152\" \/><img decoding=\"async\" referrerpolicy=\"no-referrer\" slate-data-type=\"image\" src=\"https:\/\/ae01.alicdn.com\/kf\/Sd90d565e3d744c0e912b24a0133fe858N.jpg?width=790&amp;height=1362&amp;hash=2152\" \/><img decoding=\"async\" referrerpolicy=\"no-referrer\" slate-data-type=\"image\" src=\"https:\/\/ae01.alicdn.com\/kf\/Sf9a9ca8c07c842fcafee1a92560260a17.jpg?width=790&amp;height=1362&amp;hash=2152\" \/><img decoding=\"async\" referrerpolicy=\"no-referrer\" slate-data-type=\"image\" src=\"https:\/\/ae01.alicdn.com\/kf\/S9d0699c17b244c79a0d8ebac67fe95e0a.jpg?width=790&amp;height=1362&amp;hash=2152\" \/><img decoding=\"async\" referrerpolicy=\"no-referrer\" slate-data-type=\"image\" src=\"https:\/\/ae01.alicdn.com\/kf\/S6053a1fe2860455a8bc82cc2eaa3ad0dn.jpg?width=790&amp;height=1363&amp;hash=2153\" \/><img decoding=\"async\" referrerpolicy=\"no-referrer\" slate-data-type=\"image\" src=\"https:\/\/ae01.alicdn.com\/kf\/Sc4786ed27e4b438091d7368e42b7b0e5U.jpg?width=790&amp;height=1362&amp;hash=2152\" \/><img decoding=\"async\" referrerpolicy=\"no-referrer\" slate-data-type=\"image\" src=\"https:\/\/ae01.alicdn.com\/kf\/Sb3cf9395f3d54a208a5c41256e5e0badU.jpg?width=790&amp;height=1362&amp;hash=2152\" \/><img decoding=\"async\" referrerpolicy=\"no-referrer\" slate-data-type=\"image\" src=\"https:\/\/ae01.alicdn.com\/kf\/S646cdea6a60540048bbc103a0e45f029i.jpg?width=800&amp;height=800&amp;hash=1600\" \/><img decoding=\"async\" referrerpolicy=\"no-referrer\" slate-data-type=\"image\" src=\"https:\/\/ae01.alicdn.com\/kf\/S31db8c7e99fa4b2ea18e19e68886f76ao.jpg?width=800&amp;height=800&amp;hash=1600\" \/><img decoding=\"async\" referrerpolicy=\"no-referrer\" slate-data-type=\"image\" src=\"https:\/\/ae01.alicdn.com\/kf\/S945893830aea401bbc875bd472699f32k.jpg?width=800&amp;height=800&amp;hash=1600\" \/><img decoding=\"async\" referrerpolicy=\"no-referrer\" slate-data-type=\"image\" src=\"https:\/\/ae01.alicdn.com\/kf\/S963e27bc07d04888a7ec0cdd802fd484A.jpg?width=800&amp;height=800&amp;hash=1600\" \/><img decoding=\"async\" referrerpolicy=\"no-referrer\" slate-data-type=\"image\" src=\"https:\/\/ae01.alicdn.com\/kf\/Se613ce7265ef409eaba64f26c9cdb1c1r.jpg?width=800&amp;height=800&amp;hash=1600\" \/><img decoding=\"async\" referrerpolicy=\"no-referrer\" slate-data-type=\"image\" src=\"https:\/\/ae01.alicdn.com\/kf\/S19645666cc4744e6913d6b62dd36d46bJ.jpg?width=800&amp;height=800&amp;hash=1600\" \/><br \/> <img decoding=\"async\" referrerpolicy=\"no-referrer\" slate-data-type=\"image\" src=\"https:\/\/ae01.alicdn.com\/kf\/S234e109386fa4521965fb16bf84ba1f6Y.jpg?width=882&amp;height=1723&amp;hash=2605\" \/><\/p>\n<\/div>\n<\/div>","protected":false},"excerpt":{"rendered":"<p>Chimique Hign-concern\u00e9:&nbsp;Aucun Artisanat du tissage:&nbsp;Tat Moule \u00c9paisseur:&nbsp;Moule mince Tasse Sexuellement Suggestive:&nbsp;Pas de Image D&#039;obsc\u00e8ne:&nbsp;Pas de Type de Motif:&nbsp;GEOMETRIC D\u00e9coration:&nbsp;Appliques Type<\/p>","protected":false},"featured_media":5501,"comment_status":"open","ping_status":"closed","template":"","meta":[],"product_brand":[],"product_cat":[4991,1451],"product_tag":[],"class_list":{"0":"post-5500","1":"product","2":"type-product","3":"status-publish","4":"has-post-thumbnail","6":"product_cat-lingerie-nightwear","7":"product_cat-womens-section","9":"first","10":"instock","11":"shipping-taxable","12":"purchasable","13":"product-type-variable"},"jetpack_sharing_enabled":true,"_links":{"self":[{"href":"https:\/\/afrycom.com\/fr\/wp-json\/wp\/v2\/product\/5500","targetHints":{"allow":["GET"]}}],"collection":[{"href":"https:\/\/afrycom.com\/fr\/wp-json\/wp\/v2\/product"}],"about":[{"href":"https:\/\/afrycom.com\/fr\/wp-json\/wp\/v2\/types\/product"}],"replies":[{"embeddable":true,"href":"https:\/\/afrycom.com\/fr\/wp-json\/wp\/v2\/comments?post=5500"}],"wp:featuredmedia":[{"embeddable":true,"href":"https:\/\/afrycom.com\/fr\/wp-json\/wp\/v2\/media\/5501"}],"wp:attachment":[{"href":"https:\/\/afrycom.com\/fr\/wp-json\/wp\/v2\/media?parent=5500"}],"wp:term":[{"taxonomy":"product_brand","embeddable":true,"href":"https:\/\/afrycom.com\/fr\/wp-json\/wp\/v2\/product_brand?post=5500"},{"taxonomy":"product_cat","embeddable":true,"href":"https:\/\/afrycom.com\/fr\/wp-json\/wp\/v2\/product_cat?post=5500"},{"taxonomy":"product_tag","embeddable":true,"href":"https:\/\/afrycom.com\/fr\/wp-json\/wp\/v2\/product_tag?post=5500"}],"curies":[{"name":"wp","href":"https:\/\/api.w.org\/{rel}","templated":true}]}}