{"id":5480,"date":"2025-03-08T08:05:54","date_gmt":"2025-03-08T08:05:54","guid":{"rendered":"https:\/\/afrycom.com\/product\/xiaomi-nouveau-vibration-fascia-pistolet-bouton-de-charge-relaxation-musculaire-massage-fascia-vibrant-sante-equipement-de-fitness-pistolet-de-massage\/"},"modified":"2025-03-08T08:06:03","modified_gmt":"2025-03-08T08:06:03","slug":"xiaomi-nouveau-vibration-fascia-pistolet-bouton-de-charge-relaxation-musculaire-massage-fascia-vibrant-sante-equipement-de-fitness-pistolet-de-massage","status":"publish","type":"product","link":"https:\/\/afrycom.com\/fr\/produit\/xiaomi-nouveau-vibration-fascia-pistolet-bouton-de-charge-relaxation-musculaire-massage-fascia-vibrant-sante-equipement-de-fitness-pistolet-de-massage\/","title":{"rendered":"Xiaomi nouveau Vibration Fascia pistolet bouton de charge Relaxation musculaire Massage Fascia vibrant sant\u00e9 \u00e9quipement de Fitness pistolet de Massage"},"content":{"rendered":"<div class=\"product-specs-list-container\">\n<ul class=\"product-specs-list util-clearfix\">\n<li class=\"product-prop line-limit-length\"><span\n                                        class=\"property-title\">Chimique Hign-concern\u00e9 :&nbsp;<\/span><span\n                                        class=\"property-desc line-limit-length\">Aucun<\/span>\n                            <\/li>\n<li class=\"product-prop line-limit-length\"><span\n                                        class=\"property-title\">Nom de marque :&nbsp;<\/span><span\n                                        class=\"property-desc line-limit-length\">MIJIA<\/span>\n                            <\/li>\n<li class=\"product-prop line-limit-length\"><span\n                                        class=\"property-title\">Origine :&nbsp;<\/span><span\n                                        class=\"property-desc line-limit-length\">CN (Origine)<\/span>\n                            <\/li>\n<li class=\"product-prop line-limit-length\"><span\n                                        class=\"property-title\">Type :&nbsp;<\/span><span\n                                        class=\"property-desc line-limit-length\">Pi\u00e8ces de purificateurs d\u2019air<\/span>\n                            <\/li>\n<\/ul><\/div>\n<div class=\"detailmodule_html\">\n<div class=\"detail-desc-decorate-richtext\">\n<p><\/p>\n<div id=\"nav-description\" style=\"font-family:&quot;TT Norms Pro&quot;, &quot;Open Sans&quot;, Roboto, Arial, Helvetica, sans-serif, SimSun;font-size:14px;font-weight:400;letter-spacing:normal;text-align:start;white-space:normal;color:rgb(34, 34, 34);margin:-156px 0px 0px;margin-bottom:0px;margin-top:-156px;margin-left:0px;margin-right:0px;padding:156px 0px 0px;padding-bottom:0px;padding-top:156px;padding-left:0px;padding-right:0px;box-sizing:border-box\" class=\"description--wrap--LscZ0He\" align=\"start\">\n<div style=\"margin:0px;margin-bottom:0px;margin-top:0px;margin-left:0px;margin-right:0px;padding:0px;padding-bottom:0px;padding-top:0px;padding-left:0px;padding-right:0px;box-sizing:border-box\">\n<div style=\"margin:0px;margin-bottom:0px;margin-top:0px;margin-left:0px;margin-right:0px;padding:0px;padding-bottom:0px;padding-top:0px;padding-left:0px;padding-right:0px;overflow:hidden;position:relative;box-sizing:border-box\" class=\"extend--content--VuIQZia\">\n<div style=\"margin:0px;margin-bottom:0px;margin-top:0px;margin-left:0px;margin-right:0px;padding:0px;padding-bottom:0px;padding-top:0px;padding-left:0px;padding-right:0px;box-sizing:border-box\">\n<div id=\"product-description\" style=\"margin:0px;margin-bottom:0px;margin-top:0px;margin-left:0px;margin-right:0px;padding:0px;padding-bottom:0px;padding-top:0px;padding-left:0px;padding-right:0px;max-width:944px;overflow:hidden;position:relative;box-sizing:border-box\" class=\"description--product-description--Mjtql28\">\n<div style=\"margin:0px;margin-bottom:0px;margin-top:0px;margin-left:0px;margin-right:0px;padding:0px;padding-bottom:0px;padding-top:0px;padding-left:0px;padding-right:0px;box-sizing:border-box\" class=\"description--origin-part--rWy05pE\">\n<h1 style=\"font-family:&quot;Amazon Ember&quot;, Arial, sans-serif;font-size:16px;font-weight:700;letter-spacing:normal;line-height:24px;text-align:start;white-space:normal;color:rgb(15, 17, 17);background-color:rgb(255, 255, 255);margin:0px;margin-bottom:0px;margin-top:0px;margin-left:0px;margin-right:0px;padding:0px 0px 4px;padding-bottom:4px;padding-top:0px;padding-left:0px;padding-right:0px;box-sizing:border-box\" class=\"a-size-base-plus a-text-bold\" align=\"start\">\u00c0 propos de cet article<\/h1>\n<ul style=\"font-family:&quot;Amazon Ember&quot;, Arial, sans-serif;font-size:14px;font-weight:400;letter-spacing:normal;text-align:start;white-space:normal;color:rgb(15, 17, 17);background-color:rgb(255, 255, 255);margin:0px 0px 0px 18px;margin-bottom:0px;margin-top:0px;margin-left:18px;margin-right:0px;padding:0px;padding-bottom:0px;padding-top:0px;padding-left:0px;padding-right:0px;list-style:disc;box-sizing:border-box\" class=\"a-unordered-list a-vertical a-spacing-mini\" align=\"start\">\n<li style=\"margin:0px;margin-bottom:0px;margin-top:0px;margin-left:0px;margin-right:0px;padding:0px;padding-bottom:0px;padding-top:0px;padding-left:0px;padding-right:0px;list-style:disc;box-sizing:border-box\" class=\"a-spacing-mini\">\n<p style=\"line-height:inherit;margin:0px;margin-bottom:0px;margin-top:0px;margin-left:0px;margin-right:0px;padding:0px;padding-bottom:0px;padding-top:0px;padding-left:0px;padding-right:0px;box-sizing:border-box\"><span class=\"a-list-item\" style=\"color:rgb(15, 17, 17);font-size:18px\">[Pistolet de massage multifonctionnel] Le pistolet de massage des tissus profonds dispose de 9 t\u00eates de massage diff\u00e9rentes, chacune \u00e9tant destin\u00e9e \u00e0 diff\u00e9rents muscles.Une fois que le pistolet de massage a frapp\u00e9 les muscles, il peut favoriser la circulation sanguine, d\u00e9composer l&#8217;acide lactique et soulager les douleurs musculaires apr\u00e8s l&#8217;exercice.<\/span><\/p>\n<\/li>\n<\/ul>\n<p style=\"line-height:inherit;margin:0px;margin-bottom:0px;margin-top:0px;margin-left:0px;margin-right:0px;padding:0px;padding-bottom:0px;padding-top:0px;padding-left:0px;padding-right:0px;box-sizing:border-box\"><\/p>\n<ul style=\"font-family:&quot;Amazon Ember&quot;, Arial, sans-serif;font-size:14px;font-weight:400;letter-spacing:normal;text-align:start;white-space:normal;color:rgb(15, 17, 17);background-color:rgb(255, 255, 255);margin:0px 0px 0px 18px;margin-bottom:0px;margin-top:0px;margin-left:18px;margin-right:0px;padding:0px;padding-bottom:0px;padding-top:0px;padding-left:0px;padding-right:0px;list-style:disc;box-sizing:border-box\" class=\"a-unordered-list a-vertical a-spacing-mini\" align=\"start\">\n<li style=\"margin:0px;margin-bottom:0px;margin-top:0px;margin-left:0px;margin-right:0px;padding:0px;padding-bottom:0px;padding-top:0px;padding-left:0px;padding-right:0px;list-style:disc;box-sizing:border-box\" class=\"a-spacing-mini\">\n<p style=\"line-height:inherit;margin:0px;margin-bottom:0px;margin-top:0px;margin-left:0px;margin-right:0px;padding:0px;padding-bottom:0px;padding-top:0px;padding-left:0px;padding-right:0px;box-sizing:border-box\"><span class=\"a-list-item\" style=\"color:rgb(15, 17, 17);font-size:18px\">[9 niveaux] La fr\u00e9quence peut \u00eatre ajust\u00e9e en fonction des diff\u00e9rentes parties du massage.Le moteur haute puissance apportera 1 500 \u00e0 3 000 frappes par minute.L&#8217;utilisateur peut modifier la vitesse du pistolet de massage selon ses besoins pour procurer un massage relaxant \u00e0 chaque muscle.<\/span><\/p>\n<\/li>\n<\/ul>\n<p style=\"line-height:inherit;margin:0px;margin-bottom:0px;margin-top:0px;margin-left:0px;margin-right:0px;padding:0px;padding-bottom:0px;padding-top:0px;padding-left:0px;padding-right:0px;box-sizing:border-box\"><\/p>\n<ul style=\"font-family:&quot;Amazon Ember&quot;, Arial, sans-serif;font-size:14px;font-weight:400;letter-spacing:normal;text-align:start;white-space:normal;color:rgb(15, 17, 17);background-color:rgb(255, 255, 255);margin:0px 0px 0px 18px;margin-bottom:0px;margin-top:0px;margin-left:18px;margin-right:0px;padding:0px;padding-bottom:0px;padding-top:0px;padding-left:0px;padding-right:0px;list-style:disc;box-sizing:border-box\" class=\"a-unordered-list a-vertical a-spacing-mini\" align=\"start\">\n<li style=\"margin:0px;margin-bottom:0px;margin-top:0px;margin-left:0px;margin-right:0px;padding:0px;padding-bottom:0px;padding-top:0px;padding-left:0px;padding-right:0px;list-style:disc;box-sizing:border-box\" class=\"a-spacing-mini\">\n<p style=\"line-height:inherit;margin:0px;margin-bottom:0px;margin-top:0px;margin-left:0px;margin-right:0px;padding:0px;padding-bottom:0px;padding-top:0px;padding-left:0px;padding-right:0px;box-sizing:border-box\"><span class=\"a-list-item\" style=\"color:rgb(15, 17, 17);font-size:18px\">[Conception ultra silencieuse] Le moteur de haute qualit\u00e9 du pistolet de massage par percussion rend le pistolet de massage musculaire presque sans bruit, garantissant que vous ne d\u00e9rangerez pas les autres lors de l&#8217;utilisation de notre pistolet de massage dans les lieux publics.<\/span><\/p>\n<\/li>\n<\/ul>\n<p style=\"line-height:inherit;margin:0px;margin-bottom:0px;margin-top:0px;margin-left:0px;margin-right:0px;padding:0px;padding-bottom:0px;padding-top:0px;padding-left:0px;padding-right:0px;box-sizing:border-box\"><\/p>\n<ul style=\"font-family:&quot;Amazon Ember&quot;, Arial, sans-serif;font-size:14px;font-weight:400;letter-spacing:normal;text-align:start;white-space:normal;color:rgb(15, 17, 17);background-color:rgb(255, 255, 255);margin:0px 0px 0px 18px;margin-bottom:0px;margin-top:0px;margin-left:18px;margin-right:0px;padding:0px;padding-bottom:0px;padding-top:0px;padding-left:0px;padding-right:0px;list-style:disc;box-sizing:border-box\" class=\"a-unordered-list a-vertical a-spacing-mini\" align=\"start\">\n<li style=\"margin:0px;margin-bottom:0px;margin-top:0px;margin-left:0px;margin-right:0px;padding:0px;padding-bottom:0px;padding-top:0px;padding-left:0px;padding-right:0px;list-style:disc;box-sizing:border-box\" class=\"a-spacing-mini\">\n<p style=\"line-height:inherit;margin:0px;margin-bottom:0px;margin-top:0px;margin-left:0px;margin-right:0px;padding:0px;padding-bottom:0px;padding-top:0px;padding-left:0px;padding-right:0px;box-sizing:border-box\"><span class=\"a-list-item\" style=\"color:rgb(15, 17, 17);font-size:18px\">[Applicable \u00e0 un large \u00e9ventail de personnes] Le pistolet de massage peut \u00eatre un masseur de dos\/un pistolet de massage du cou pour les employ\u00e9s de bureau s\u00e9dentaires, ou un pistolet de massage musculaire profond pour les athl\u00e8tes et les bodybuilders.Si vous avez encore des maux de t\u00eate lorsque vous choisissez des cadeaux de No\u00ebl, alors ce pistolet de massage doit \u00eatre le meilleur choix pour offrir en cadeau!<\/span><\/p>\n<\/li>\n<\/ul>\n<p style=\"line-height:inherit;margin:0px;margin-bottom:0px;margin-top:0px;margin-left:0px;margin-right:0px;padding:0px;padding-bottom:0px;padding-top:0px;padding-left:0px;padding-right:0px;box-sizing:border-box\"><\/p>\n<ul style=\"font-family:&quot;Amazon Ember&quot;, Arial, sans-serif;font-size:14px;font-weight:400;letter-spacing:normal;text-align:start;white-space:normal;color:rgb(15, 17, 17);background-color:rgb(255, 255, 255);margin:0px 0px 0px 18px;margin-bottom:0px;margin-top:0px;margin-left:18px;margin-right:0px;padding:0px;padding-bottom:0px;padding-top:0px;padding-left:0px;padding-right:0px;list-style:disc;box-sizing:border-box\" class=\"a-unordered-list a-vertical a-spacing-mini\" align=\"start\">\n<li style=\"margin:0px;margin-bottom:0px;margin-top:0px;margin-left:0px;margin-right:0px;padding:0px;padding-bottom:0px;padding-top:0px;padding-left:0px;padding-right:0px;list-style:disc;box-sizing:border-box\" class=\"a-spacing-mini\">\n<p style=\"line-height:inherit;margin:0px;margin-bottom:0px;margin-top:0px;margin-left:0px;margin-right:0px;padding:0px;padding-bottom:0px;padding-top:0px;padding-left:0px;padding-right:0px;box-sizing:border-box\"><span class=\"a-list-item\" style=\"color:rgb(15, 17, 17);font-size:18px\">[Conception triangulaire] Belle conception en forme de triangle que vous pouvez le tenir confortablement et vous pouvez l&#8217;utiliser facilement.<\/span><\/p>\n<\/li>\n<\/ul>\n<p style=\"line-height:inherit;text-align:center;margin:0px;margin-bottom:0px;margin-top:0px;margin-left:0px;margin-right:0px;padding:0px;padding-bottom:0px;padding-top:0px;padding-left:0px;padding-right:0px;box-sizing:border-box\" align=\"center\"><img decoding=\"async\" style=\"border:0px;margin:0px;margin-bottom:0px;margin-top:0px;margin-left:0px;margin-right:0px;padding:0px;padding-bottom:0px;padding-top:0px;padding-left:0px;padding-right:0px;max-width:100%;box-sizing:border-box\" src=\"https:\/\/ae01.alicdn.com\/kf\/Sfa11003705b54b70b52029878c929848t.jpg\" slate-data-type=\"image\"><img decoding=\"async\" style=\"border:0px;margin:0px;margin-bottom:0px;margin-top:0px;margin-left:0px;margin-right:0px;padding:0px;padding-bottom:0px;padding-top:0px;padding-left:0px;padding-right:0px;max-width:100%;box-sizing:border-box\" src=\"https:\/\/ae01.alicdn.com\/kf\/S6456104abdfa4363b934138b55ae9e4ay.jpg\" slate-data-type=\"image\"><img decoding=\"async\" style=\"border:0px;margin:0px;margin-bottom:0px;margin-top:0px;margin-left:0px;margin-right:0px;padding:0px;padding-bottom:0px;padding-top:0px;padding-left:0px;padding-right:0px;max-width:100%;box-sizing:border-box\" src=\"https:\/\/ae01.alicdn.com\/kf\/S7737bea6e87a4b1eaed74205bc2a4de2n.jpg\" slate-data-type=\"image\"><img decoding=\"async\" style=\"border:0px;margin:0px;margin-bottom:0px;margin-top:0px;margin-left:0px;margin-right:0px;padding:0px;padding-bottom:0px;padding-top:0px;padding-left:0px;padding-right:0px;max-width:100%;box-sizing:border-box\" src=\"https:\/\/ae01.alicdn.com\/kf\/Se404581424c34b6eb976a3b927185b9eg.jpg\" slate-data-type=\"image\"><img decoding=\"async\" style=\"border:0px;margin:0px;margin-bottom:0px;margin-top:0px;margin-left:0px;margin-right:0px;padding:0px;padding-bottom:0px;padding-top:0px;padding-left:0px;padding-right:0px;max-width:100%;box-sizing:border-box\" src=\"https:\/\/ae01.alicdn.com\/kf\/S1f533ef825334139b447d8ee5504f22dF.jpg\" slate-data-type=\"image\"><img decoding=\"async\" style=\"border:0px;margin:0px;margin-bottom:0px;margin-top:0px;margin-left:0px;margin-right:0px;padding:0px;padding-bottom:0px;padding-top:0px;padding-left:0px;padding-right:0px;max-width:100%;box-sizing:border-box\" src=\"https:\/\/ae01.alicdn.com\/kf\/Sf449c44712024cd78563d716c7e0731cc.jpg\" slate-data-type=\"image\"><img decoding=\"async\" style=\"border:0px;margin:0px;margin-bottom:0px;margin-top:0px;margin-left:0px;margin-right:0px;padding:0px;padding-bottom:0px;padding-top:0px;padding-left:0px;padding-right:0px;max-width:100%;box-sizing:border-box\" src=\"https:\/\/ae01.alicdn.com\/kf\/S830ca5c8c2a444c9a80276974f0ef17aq.jpg\" slate-data-type=\"image\"><img decoding=\"async\" style=\"border:0px;margin:0px;margin-bottom:0px;margin-top:0px;margin-left:0px;margin-right:0px;padding:0px;padding-bottom:0px;padding-top:0px;padding-left:0px;padding-right:0px;max-width:100%;box-sizing:border-box\" src=\"https:\/\/ae01.alicdn.com\/kf\/Sab36ad8e6a8740e7bdeb99b93e4c1bd6p.jpg\" slate-data-type=\"image\"><img decoding=\"async\" style=\"border:0px;margin:0px;margin-bottom:0px;margin-top:0px;margin-left:0px;margin-right:0px;padding:0px;padding-bottom:0px;padding-top:0px;padding-left:0px;padding-right:0px;max-width:100%;box-sizing:border-box\" src=\"https:\/\/ae01.alicdn.com\/kf\/S6158c74b90634dbc8a5135bbb08a0d39w.jpg\" slate-data-type=\"image\"><\/p>\n<\/div>\n<div style=\"margin:10px 0px 0px;margin-bottom:0px;margin-top:10px;margin-left:0px;margin-right:0px;padding:0px;padding-bottom:0px;padding-top:0px;padding-left:0px;padding-right:0px;overflow:hidden;box-sizing:border-box\" class=\"description--seoDesc--HH6oTD3\">Sp\u00e9cification<\/p>\n<p>Application : CORPS complet<br \/>Origine : Chine continentale<br \/>Batterie : Lithium 1500 mAh<br \/>Bouton : bouton num\u00e9rique<br \/>Taille du produit: 20*21,5*6,5 CM<\/p>\n<p>Caract\u00e9ristiques du pistolet de massage Dacorm :<\/p>\n<p>[ELMultifonctionnel pour pistolet de massage] Le pistolet de massage des tissus profonds dispose de 9 t\u00eates de massage diff\u00e9rentes, chacune \u00e9tant destin\u00e9e \u00e0 diff\u00e9rents muscles.Une fois que le pistolet de massage a frapp\u00e9 les muscles, il peut favoriser la circulation sanguine, d\u00e9composer l&#8217;acide lactique et soulager les douleurs musculaires apr\u00e8s l&#8217;exercice.<\/p>\n<p>[9 niveaux] La fr\u00e9quence peut \u00eatre ajust\u00e9e en fonction des diff\u00e9rentes parties du massage.Le moteur haute puissance apportera 1 500 \u00e0 3 000 frappes par minute.L&#8217;utilisateur peut modifier la vitesse du pistolet de massage selon ses besoins pour procurer un massage relaxant \u00e0 chaque muscle.<\/p>\n<p>[Conception ultra silencieuse] Le moteur de haute qualit\u00e9 du pistolet de massage raemao rend le pistolet de massage musculaire presque sans bruit, garantissant que vous ne d\u00e9rangerez pas les autres lors de l&#8217;utilisation de notre pistolet de massage dans les lieux publics.<\/p>\n<p>[Applicable \u00e0 un large \u00e9ventail de personnes] Le pistolet de massage maxkare peut \u00eatre un masseur de dos\/un pistolet de massage du cou pour les employ\u00e9s de bureau s\u00e9dentaires, ou un pistolet de massage musculaire profond pour les athl\u00e8tes et les bodybuilders.Si vous avez encore des maux de t\u00eate lorsque vous choisissez des cadeaux de No\u00ebl, alors ce pistolet de massage doit \u00eatre le meilleur choix pour offrir en cadeau!<\/p>\n<p>[Conception triangulaire] Belle conception en forme de triangle que vous pouvez tenir parfaitement, il n&#8217;y a pas de chargeur de pistolet de massage mais seulement la conception du c\u00e2ble de charge, plus pratique \u00e0 utiliser et \u00e0 charger.<\/p><\/div>\n<\/div>\n<\/div>\n<\/div>\n<\/div>\n<\/div>\n<p><\/p>\n<\/div>\n<\/div>","protected":false},"excerpt":{"rendered":"<p>Chimique Hign-concern\u00e9:&nbsp;Aucun Nom de marque:&nbsp;MIJIA Origine:&nbsp;CN (Origine) Type:&nbsp;Pi\u00e8ces de purificateurs d\u2019air \u00c0 propos de cet article [Pistolet de massage multifonctionnel]<\/p>","protected":false},"featured_media":5482,"comment_status":"open","ping_status":"closed","template":"","meta":[],"product_brand":[],"product_cat":[34],"product_tag":[],"class_list":{"0":"post-5480","1":"product","2":"type-product","3":"status-publish","4":"has-post-thumbnail","6":"product_cat-beauty-care","8":"first","9":"instock","10":"shipping-taxable","11":"purchasable","12":"product-type-variable"},"jetpack_sharing_enabled":true,"_links":{"self":[{"href":"https:\/\/afrycom.com\/fr\/wp-json\/wp\/v2\/product\/5480","targetHints":{"allow":["GET"]}}],"collection":[{"href":"https:\/\/afrycom.com\/fr\/wp-json\/wp\/v2\/product"}],"about":[{"href":"https:\/\/afrycom.com\/fr\/wp-json\/wp\/v2\/types\/product"}],"replies":[{"embeddable":true,"href":"https:\/\/afrycom.com\/fr\/wp-json\/wp\/v2\/comments?post=5480"}],"wp:featuredmedia":[{"embeddable":true,"href":"https:\/\/afrycom.com\/fr\/wp-json\/wp\/v2\/media\/5482"}],"wp:attachment":[{"href":"https:\/\/afrycom.com\/fr\/wp-json\/wp\/v2\/media?parent=5480"}],"wp:term":[{"taxonomy":"product_brand","embeddable":true,"href":"https:\/\/afrycom.com\/fr\/wp-json\/wp\/v2\/product_brand?post=5480"},{"taxonomy":"product_cat","embeddable":true,"href":"https:\/\/afrycom.com\/fr\/wp-json\/wp\/v2\/product_cat?post=5480"},{"taxonomy":"product_tag","embeddable":true,"href":"https:\/\/afrycom.com\/fr\/wp-json\/wp\/v2\/product_tag?post=5480"}],"curies":[{"name":"wp","href":"https:\/\/api.w.org\/{rel}","templated":true}]}}