{"id":5467,"date":"2025-03-08T08:05:47","date_gmt":"2025-03-08T08:05:47","guid":{"rendered":"https:\/\/afrycom.com\/product\/phoenix-pistolet-de-massage-musculaire-a2-masseur-de-tissus-a-usage-profond-outil-de-therapie-soulagement-de-la-douleur-musculaire-modelage-du-corps\/"},"modified":"2025-10-02T13:32:45","modified_gmt":"2025-10-02T13:32:45","slug":"phoenix-pistolet-de-massage-musculaire-a2-masseur-de-tissus-a-usage-profond-outil-de-therapie-soulagement-de-la-douleur-musculaire-modelage-du-corps","status":"publish","type":"product","link":"https:\/\/afrycom.com\/fr\/produit\/phoenix-pistolet-de-massage-musculaire-a2-masseur-de-tissus-a-usage-profond-outil-de-therapie-soulagement-de-la-douleur-musculaire-modelage-du-corps\/","title":{"rendered":"Phoenix - pistolet de Massage musculaire A2, masseur de tissus \u00e0 usage profond, outil de th\u00e9rapie, soulagement de la douleur musculaire, modelage du corps"},"content":{"rendered":"<p>&nbsp;<\/p>\n<div class=\"product-specs-list-container\">\n<ul class=\"product-specs-list util-clearfix\">\n<li class=\"product-prop line-limit-length\"><span class=\"property-title\">Site de formation :\u00a0<\/span><span class=\"property-desc line-limit-length\">Appareil de relex musculaire<\/span><\/li>\n<li class=\"product-prop line-limit-length\"><span class=\"property-title\">Num\u00e9ro de Mod\u00e8le :\u00a0<\/span><span class=\"property-desc line-limit-length\">Pistolet de massage des tissus musculaires profonds<\/span><\/li>\n<li class=\"product-prop line-limit-length\"><span class=\"property-title\">Mode d'enseignement :\u00a0<\/span><span class=\"property-desc line-limit-length\">Massage et relaxation<\/span><\/li>\n<li class=\"product-prop line-limit-length\"><span class=\"property-title\">Class\u00e9 par num\u00e9ro d'exerciseur :\u00a0<\/span><span class=\"property-desc line-limit-length\">Massage et relaxation<\/span><\/li>\n<li class=\"product-prop line-limit-length\"><span class=\"property-title\">Fonction :\u00a0<\/span><span class=\"property-desc line-limit-length\">Appareil de relex musculaire<\/span><\/li>\n<li class=\"product-prop line-limit-length\"><span class=\"property-title\">Type de Sport :\u00a0<\/span><span class=\"property-desc line-limit-length\">Muscle La Relaxation<\/span><\/li>\n<li class=\"product-prop line-limit-length\"><span class=\"property-title\">Origine :\u00a0<\/span><span class=\"property-desc line-limit-length\">CN (Origine)<\/span><\/li>\n<li class=\"product-prop line-limit-length\"><span class=\"property-title\">Type d'article :\u00a0<\/span><span class=\"property-desc line-limit-length\">Massage et relaxation<\/span><\/li>\n<li class=\"product-prop line-limit-length\"><span class=\"property-title\">Article :\u00a0<\/span><span class=\"property-desc line-limit-length\">Pistolet de massage des tissus Masseur musculaire<\/span><\/li>\n<li class=\"product-prop line-limit-length\"><span class=\"property-title\">Tension de charge :\u00a0<\/span><span class=\"property-desc line-limit-length\">110-240 v<\/span><\/li>\n<li class=\"product-prop line-limit-length\"><span class=\"property-title\">Tension nominale :\u00a0<\/span><span class=\"property-desc line-limit-length\">24v<\/span><\/li>\n<li class=\"product-prop line-limit-length\"><span class=\"property-title\">Fr\u00e9quence :\u00a0<\/span><span class=\"property-desc line-limit-length\">1800 \/ 2400 \/ 3200 tr\/min r\u00e9glable<\/span><\/li>\n<li class=\"product-prop line-limit-length\"><span class=\"property-title\">Temps de travail :\u00a0<\/span><span class=\"property-desc line-limit-length\">2 heures<\/span><\/li>\n<li class=\"product-prop line-limit-length\"><span class=\"property-title\">Fonctionnalit\u00e9 :\u00a0<\/span><span class=\"property-desc line-limit-length\">s'\u00e9teint automatiquement lorsqu'il est compl\u00e8tement charg\u00e9<\/span><\/li>\n<li class=\"product-prop line-limit-length\"><span class=\"property-title\">Fonction :\u00a0<\/span><span class=\"property-desc line-limit-length\">Massage musculaire, amincissement du corps, modelage du corps, massage quotidien de d\u00e9tente<\/span><\/li>\n<li class=\"product-prop line-limit-length\"><span class=\"property-title\">Sutirable pour :\u00a0<\/span><span class=\"property-desc line-limit-length\">Tout le corps sauf la t\u00eate<\/span><\/li>\n<\/ul>\n<\/div>\n<div class=\"detailmodule_html\">\n<div class=\"detail-desc-decorate-richtext\">\n<div class=\"detailmodule_media\">\n<div class=\"video-container-229531508540\">\n<div id=\"229531508540\" class=\"detail-video\" data-previewurl=\"https:\/\/img.alicdn.com\/imgextra\/i3\/6000000006985\/O1CN01Bjp17t21TB3h27VGC_!!6000000006985-0-tbvideo.jpg\"><\/div>\n<\/div>\n<\/div>\n<div class=\"detailmodule_media\">\n<h1 id=\"tl_1\" class=\"detail-video\">Phoenix A2 pistolet de Massage \u00e0 Percussion personnel masseur musculaire athl\u00e9tique masseur de tissus profonds r\u00e9cup\u00e9ration musculaire remplacer pour Theragun<\/h1>\n<\/div>\n<div class=\"detailmodule_html\">\n<p class=\"detail-desc-decorate-richtext\"><img decoding=\"async\" style=\"width: 970px;\" src=\"https:\/\/ae01.alicdn.com\/kf\/Habda47b85c4c4485b8e07045bca08cb5o.jpg\" width=\"970px\" \/><\/p>\n<p class=\"detail-desc-decorate-richtext\"><span id=\"tl_2\" style=\"font-family: 'font-size:17px;background-color:#FFFFFF;color:#111111;';\">\u00c0 propos du produit<\/span><\/p>\n<div class=\"detail-desc-decorate-richtext\">\n<ul class=\"a-unordered-list a-vertical a-spacing-none collapsedFeatureBullets list-paddingleft-2\" style=\"font-family: 'font-size:13px;background-color:#FFFFFF;color:#111111;margin-left:18px;'; max-width: 680px; box-sizing: border-box;\">\n<li><span id=\"tl_3\" class=\"a-list-item\">\u3010PISTOLET DE MASSAGE MULTIFONCTIONNEL \u3011: Le pistolet de massage PHOENIX est utilis\u00e9 pour soulager la raideur et les douleurs musculaires, favoriser la circulation sanguine et lymphatique. Pour les athl\u00e8tes, il peut acc\u00e9l\u00e9rer la r\u00e9cup\u00e9ration apr\u00e8s l&#8217;entra\u00eenement et l&#8217;exercice blessure. Pour un usage personnel ou personnel, c&#8217;est un pistolet de physioth\u00e9rapie, qui peut am\u00e9liorer la sant\u00e9 globale des tissus mous du corps, pr\u00e9venir l&#8217;inflammation caus\u00e9e par l&#8217;adh\u00e9sion entre le fascia et les muscles.<\/span><\/li>\n<li><span id=\"tl_4\" class=\"a-list-item\">\u3010 4 T\u00caTES DE MASSAGE REMPLA\u00c7ABLES ET 3 NIVEAUX DE VITESSE R\u00c9GLABLES \u3011: Le masseur PHOENIX est \u00e9quip\u00e9 de quatre t\u00eates de massage de formes diff\u00e9rentes pour aider l&#8217;utilisateur \u00e0 d\u00e9tendre diff\u00e9rentes parties du corps. La t\u00eate de massage \u00e0 fourche est con\u00e7ue pour la colonne vert\u00e9brale; plat, pour n&#8217;importe quelle partie du corps; balle un, pour les articulations; rond un, pour le grand groupe musculaire; l&#8217;utilisateur peut modifier la vitesse du pistolet de massage selon ses besoins. La t\u00eate de massage peut tourner 1800 fois par minute lorsqu&#8217;elle est au niveau un; 2400, au niveau deux; 3200, au niveau trois.<\/span><\/li>\n<li><span id=\"tl_5\" class=\"a-list-item\">\u3010VERSION AM\u00c9LIOR\u00c9E \u3011: le masseur PHOENIX adopte un moteur de haute qualit\u00e9, a une fonction de dissipation de la chaleur ultra-forte, pas de crash, il peut fonctionner pendant une longue p\u00e9riode et ne cessera pas de fonctionner car le mouvement est surchauff\u00e9; dans le m\u00eame temps, le moule de haute pr\u00e9cision rend la t\u00eate de la machine et le corps \u00e9troitement connect\u00e9s, Le bruit dans le processus de fonctionnement peut \u00eatre efficacement r\u00e9duit par glissement en douceur, PHOENIX 5.2 est plus silencieux compar\u00e9 \u00e0 60 d\u00e9cibels d&#8217;autres fournisseurs<\/span><\/li>\n<li><span id=\"tl_6\" class=\"a-list-item\">\u3010LONGUE DUR\u00c9E DE TRAVAIL \u3011: le masseur sans fil PHOENIX est \u00e9quip\u00e9 d&#8217;une batterie au lithium de haute qualit\u00e9 de 2500mAh, de sorte qu&#8217;il peut continuer \u00e0 fonctionner environ 4 \u00e0 6 heures apr\u00e8s chaque charge. Le masseur corporel a un indicateur de batterie LED pour que vous n&#8217;ayez pas \u00e0 vous soucier des pannes de courant<\/span><\/li>\n<li><span id=\"tl_7\" class=\"a-list-item\">\u3010CONCEPTION RATIONNEL\u3011: le masseur portatif PHOENIX ne p\u00e8se qu&#8217;un kilogramme (2,2 lb), la poign\u00e9e ergonomique minimise les vibrations externes et la poign\u00e9e en silicone antid\u00e9rapante durable rend le masseur plus facile et confortable \u00e0 tenir pour votre plaisir<\/span><\/li>\n<\/ul>\n<\/div>\n<p>&nbsp;<\/p>\n<p><span class=\"a-list-item\"><span id=\"tl_8\" style=\"font-family: 'font-size:small;background-color:#FFFFFF;font-weight:700;color:#333333;';\">Caract\u00e9ristiques :<\/span><\/span><span class=\"a-list-item\"><br \/>\n<\/span><span class=\"a-list-item\"><span id=\"tl_9\" style=\"font-family: 'font-size:small;background-color:#FFFFFF;color:#333333;';\">1. Y compris 4 t\u00eates de massage diff\u00e9rentes, r\u00e9pondant \u00e0 diverses demandes.<\/span><\/span><span class=\"a-list-item\"><br \/>\n<\/span><span class=\"a-list-item\"><span id=\"tl_10\" style=\"font-family: 'font-size:small;background-color:#FFFFFF;color:#333333;';\">2. R\u00e9duit efficacement la raideur musculaire et les douleurs, augmentant la circulation sanguine.<\/span><\/span><span class=\"a-list-item\"><br \/>\n<\/span><span class=\"a-list-item\"><span id=\"tl_11\" style=\"font-family: 'font-size:small;background-color:#FFFFFF;color:#333333;';\">3. R\u00e9glage \u00e0 3 vitesses, vous pouvez choisir celui qui vous convient.<\/span><\/span><span class=\"a-list-item\"><br \/>\n<\/span><span class=\"a-list-item\"><span id=\"tl_12\" style=\"font-family: 'font-size:small;background-color:#FFFFFF;color:#333333;';\">4. Le chronom\u00e9trage intelligent de 10 minutes garantit une longue dur\u00e9e de vie de la machine.<\/span><\/span><span class=\"a-list-item\"><br \/>\n<\/span><span class=\"a-list-item\"><span id=\"tl_13\" style=\"font-family: 'font-size:small;background-color:#FFFFFF;color:#333333;';\">5. batterie au lithium de grande capacit\u00e9 2500mha.<\/span><\/span><span class=\"a-list-item\"><br \/>\n<\/span><span class=\"a-list-item\"><span id=\"tl_14\" style=\"font-family: 'font-size:small;background-color:#FFFFFF;color:#333333;';\">6. Avec surprotection, protection contre la surchauffe et autres dispositifs de protection de s\u00e9curit\u00e9, utilisation s\u00fbre.<\/span><\/span><span class=\"a-list-item\"><br \/>\n<\/span><span class=\"a-list-item\"><span id=\"tl_15\" style=\"font-family: 'font-size:small;background-color:#FFFFFF;color:#333333;';\">7. Convient pour la r\u00e9cup\u00e9ration apr\u00e8s la fatigue sportive, la r\u00e9\u00e9ducation apr\u00e8s une blessure sportive, la douleur<\/span><\/span><span class=\"a-list-item\"><br \/>\n<\/span><span class=\"a-list-item\"><span id=\"tl_16\" style=\"font-family: 'font-size:small;background-color:#FFFFFF;color:#333333;';\">Soulagement pendant la p\u00e9riode de convalescence de la chirurgie, ainsi que la r\u00e9duction de l&#8217;inflammation<\/span><\/span><span class=\"a-list-item\"><br \/>\n<\/span><span class=\"a-list-item\"><span id=\"tl_17\" style=\"font-family: 'font-size:small;background-color:#FFFFFF;color:#333333;';\">R\u00e9action.<\/span><\/span><\/p>\n<p><span class=\"a-list-item\"><span id=\"tl_18\" style=\"font-family: 'font-size:small;background-color:#FFFFFF;font-weight:700;color:#333333;';\">Sp\u00e9cifications :<\/span><\/span><span class=\"a-list-item\"><br \/>\n<\/span><span class=\"a-list-item\"><span id=\"tl_19\" style=\"font-family: 'font-size:small;background-color:#FFFFFF;color:#333333;';\">Chargeur de puissance<\/span><\/span><span class=\"a-list-item\"><br \/>\n<\/span><span class=\"a-list-item\"><span id=\"tl_20\" style=\"font-family: 'font-size:small;background-color:#FFFFFF;color:#333333;';\">&#8212; Entr\u00e9e \u00e9valu\u00e9e: 100 ~ 240V 50\/60Hz 1A<\/span><\/span><\/p>\n<p><span class=\"a-list-item\"><span id=\"tl_21\" style=\"font-family: 'font-size:small;background-color:#FFFFFF;color:#333333;';\">Batterie<\/span><\/span><span class=\"a-list-item\"><br \/>\n<\/span><span class=\"a-list-item\"><span id=\"tl_22\" style=\"font-family: 'font-size:small;background-color:#FFFFFF;color:#333333;';\">- Tension nominale : 24V DC<\/span><\/span><span class=\"a-list-item\"><br \/>\n<\/span><span class=\"a-list-item\"><span id=\"tl_23\" style=\"font-family: 'font-size:small;background-color:#FFFFFF;color:#333333;';\">- Type : Li-ion<\/span><\/span><span class=\"a-list-item\"><br \/>\n<\/span><span class=\"a-list-item\"><span id=\"tl_24\" style=\"font-family: 'font-size:small;background-color:#FFFFFF;color:#333333;';\">&#8212; Capacit\u00e9: 2500mAh<\/span><\/span><span class=\"a-list-item\"><br \/>\n<\/span><span class=\"a-list-item\"><span id=\"tl_25\" style=\"font-family: 'font-size:small;background-color:#FFFFFF;color:#333333;';\">- Heure de travail : 3.5-6 heures<\/span><\/span><\/p>\n<p><span class=\"a-list-item\"><span id=\"tl_26\" style=\"font-family: 'font-size:small;background-color:#FFFFFF;color:#333333;';\">Masseur<\/span><\/span><span class=\"a-list-item\"><br \/>\n<\/span><span class=\"a-list-item\"><span id=\"tl_27\" style=\"font-family: 'font-size:small;background-color:#FFFFFF;color:#333333;';\">&#8212; Vitesse \u00e0 vide: 1800-3200r\/min<\/span><\/span><span class=\"a-list-item\"><br \/>\n<\/span><span class=\"a-list-item\"><span id=\"tl_28\" style=\"font-family: 'font-size:small;background-color:#FFFFFF;color:#333333;';\">- Poids : 1.5kg<\/span><\/span><span class=\"a-list-item\"><br \/>\n<\/span><span class=\"a-list-item\"><span id=\"tl_29\" style=\"font-family: 'font-size:small;background-color:#FFFFFF;color:#333333;';\">- Dimension : 25x23cm<\/span><\/span><span class=\"a-list-item\"><br \/>\n<\/span><span class=\"a-list-item\"><span id=\"tl_30\" style=\"font-family: 'font-size:small;background-color:#FFFFFF;color:#333333;';\">&#8212; R\u00e9glage de 3 niveaux: Niveau 1 &#8211; 1800\/min, Niveau 2 &#8211; 2400\/min, Niveau 3 &#8211; 3200r\/min<\/span><\/span><\/p>\n<p><span class=\"a-list-item\"><span id=\"tl_31\" style=\"font-family: 'font-size:small;background-color:#FFFFFF;font-weight:700;color:#333333;';\">Le paquet comprend :<\/span><\/span><span class=\"a-list-item\"><br \/>\n<\/span><span class=\"a-list-item\"><span id=\"tl_32\" style=\"font-family: 'font-size:small;background-color:#FFFFFF;color:#333333;';\">1 x Pistolet de Massage<\/span><\/span><span class=\"a-list-item\"><br \/>\n<\/span><span class=\"a-list-item\"><span id=\"tl_33\" style=\"font-family: 'font-size:small;background-color:#FFFFFF;color:#333333;';\">4 x Conseils de massage<\/span><\/span><span class=\"a-list-item\"><br \/>\n<\/span><span class=\"a-list-item\"><span id=\"tl_34\" style=\"font-family: 'font-size:small;background-color:#FFFFFF;color:#333333;';\">1 x batterie Li-ion<\/span><\/span><span class=\"a-list-item\"><br \/>\n<\/span><span class=\"a-list-item\"><span id=\"tl_35\" style=\"font-family: 'font-size:small;background-color:#FFFFFF;color:#333333;';\">1 x Chargeur d'alimentation<\/span><\/span><span class=\"a-list-item\"><br \/>\n<\/span><span class=\"a-list-item\"><span id=\"tl_36\" style=\"font-family: 'font-size:small;background-color:#FFFFFF;color:#333333;';\">1 x bo\u00eete de papier dur<\/span><\/span><\/p>\n<p>&nbsp;<\/p>\n<p id=\"tl_37\">Avant d&#8217;allumer PHOENIX, faites en sorte que ce masseur atteigne d&#8217;abord votre corps, appuyez doucement sur le masseur et d\u00e9placez-le lentement sur votre corps. Nous vous recommandons de r\u00e9gler la vitesse de mouvement \u00e0 1 pouce par seconde, et chaque cycle de massage devrait durer de 12 \u00e0 15 minutes.<\/p>\n<p>&nbsp;<\/p>\n<p><img decoding=\"async\" style=\"width: 970px;\" src=\"https:\/\/ae01.alicdn.com\/kf\/Ha4fd720db94646c3b032968390c4870dO.jpg\" width=\"970px\" \/><\/p>\n<p><img decoding=\"async\" style=\"width: 300px;\" src=\"https:\/\/ae01.alicdn.com\/kf\/H51a2cd4c67954775a6fc5226a6890567l.jpg\" width=\"300px\" \/><\/p>\n<p style=\"font-family: 'font-size:13px;background-color:#FFFFFF;color:#111111;'; margin-bottom: 14px; box-sizing: border-box;\"><span id=\"tl_38\" class=\"a-text-bold\">Vous aider \u00e0 d\u00e9tendre les muscles tendus et r\u00e9duire les sorenss<\/span><\/p>\n<p style=\"font-family: 'font-size:13px;background-color:#FFFFFF;color:#111111;'; margin-bottom: 14px; box-sizing: border-box;\"><span id=\"tl_39\" style=\"color: #333333; font-size: 16px; font-family: sans-serif;\">Le PHOENIX est dot\u00e9 de notre technologie brevet\u00e9e Quiet Glide. Cette innovation a \u00e9t\u00e9 d\u00e9velopp\u00e9e en collaboration avec des ing\u00e9nieurs a\u00e9rospatiaux pour offrir une combinaison parfaite de puissance, de performance et de variabilit\u00e9, tout en \u00e9tant silencieux.<\/span><\/p>\n<p><img decoding=\"async\" style=\"width: 300px;\" src=\"https:\/\/ae01.alicdn.com\/kf\/He32f52a22e0a471a95a6e8e13736102e9.jpg\" width=\"300px\" \/><\/p>\n<p style=\"font-family: 'font-size:13px;background-color:#FFFFFF;color:#111111;'; margin-bottom: 14px; box-sizing: border-box;\"><span id=\"tl_40\" class=\"a-text-bold\">Pourquoi utiliser PHOENIX Pistolet de massage ?<\/span><\/p>\n<p id=\"tl_41\" style=\"font-family: 'font-size:13px;background-color:#FFFFFF;color:#111111;'; margin-bottom: 14px; box-sizing: border-box;\">C&#8217;est un appareil de massage th\u00e9rapeutique \u00e0 mobilit\u00e9 \u00e9lectrique \u00e0 haute fr\u00e9quence.<\/p>\n<ul class=\"a-unordered-list a-vertical list-paddingleft-2\" style=\"font-family: 'font-size:13px;background-color:#FFFFFF;margin-bottom:18px !important;margin-left:18px !important;padding:0px !important;color:#aaaaaa;'; box-sizing: border-box;\">\n<li><span id=\"tl_42\" class=\"a-list-item\" style=\"color: #333333;\">Pour l&#8217;entra\u00eenement des athl\u00e8tes: soulager les douleurs musculaires apr\u00e8s un entra\u00eenement athl\u00e9tique et crossfit.<\/span><\/li>\n<li><span id=\"tl_43\" class=\"a-list-item\" style=\"color: #333333;\">Pour la physioth\u00e9rapie personnelle: soulagement de la douleur des tissus mous et assistance chiropraticien.<\/span><\/li>\n<\/ul>\n<p style=\"font-family: 'font-size:13px;background-color:#FFFFFF;color:#111111;'; margin-bottom: 14px; box-sizing: border-box;\"><span id=\"tl_44\" class=\"a-text-bold\">Quatre attaches de t\u00eate interchangeables:<\/span><\/p>\n<ul class=\"a-unordered-list a-vertical list-paddingleft-2\" style=\"font-family: 'font-size:13px;background-color:#FFFFFF;margin-bottom:18px !important;margin-left:18px !important;padding:0px !important;color:#aaaaaa;'; box-sizing: border-box;\">\n<li><span id=\"tl_45\" class=\"a-list-item\" style=\"color: #333333;\">Big Ball Head: Principalement utilis\u00e9 pour les grands groupes musculaires.<\/span><\/li>\n<li><span id=\"tl_46\" class=\"a-list-item\" style=\"color: #333333;\">T\u00eate plate: Convient \u00e0 toutes les parties du corps, telles que le dos et les jambes.<\/span><\/li>\n<li><span id=\"tl_47\" class=\"a-list-item\" style=\"color: #333333;\">T\u00eate en U: Principalement utilis\u00e9 pour la colonne vert\u00e9brale, les \u00e9paules et le cou.<\/span><\/li>\n<li><span id=\"tl_48\" class=\"a-list-item\" style=\"color: #333333;\">T\u00eate de balle: Principalement utilis\u00e9 pour les articulations et les points de d\u00e9clenchement.<\/span><\/li>\n<\/ul>\n<p><img decoding=\"async\" style=\"width: 300px;\" src=\"https:\/\/ae01.alicdn.com\/kf\/H602ab4be8cfe43feae897399c987b71ff.jpg\" width=\"300px\" \/><\/p>\n<p>&nbsp;<\/p>\n<ul class=\"a-unordered-list a-vertical list-paddingleft-2\" style=\"font-family: 'font-size:13px;background-color:#FFFFFF;margin-bottom:18px !important;margin-left:18px !important;padding:0px !important;color:#aaaaaa;'; box-sizing: border-box;\">\n<li><span id=\"tl_49\" class=\"a-list-item\" style=\"color: #333333;\">Entr\u00e9e \u00e9valu\u00e9e: 100-240V ~ 50\/50Hz, 16W<\/span><\/li>\n<li><span id=\"tl_50\" class=\"a-list-item\" style=\"color: #333333;\">Sortie \u00e9valu\u00e9e: 24V\/1A<\/span><\/li>\n<li><span id=\"tl_51\" class=\"a-list-item\" style=\"color: #333333;\">Type: batterie au lithium \u00e0 haute \u00e9nergie<\/span><\/li>\n<li><span id=\"tl_52\" class=\"a-list-item\" style=\"color: #333333;\">Capacit\u00e9: 2500mAh<\/span><\/li>\n<li><span id=\"tl_53\" class=\"a-list-item\" style=\"color: #333333;\">Temps de travail : 180-240min<\/span><\/li>\n<li><span id=\"tl_54\" class=\"a-list-item\" style=\"color: #333333;\">Temps de charge : 30min<\/span><\/li>\n<li><span id=\"tl_55\" class=\"a-list-item\" style=\"color: #333333;\">Vitesse d\u00e9charg\u00e9e: 1800-3200\/min max<\/span><\/li>\n<li><span id=\"tl_56\" class=\"a-list-item\" style=\"color: #333333;\">Fr\u00e9quence: 20-50Hz<\/span><\/li>\n<li><span id=\"tl_57\" class=\"a-list-item\" style=\"color: #333333;\">Niveau de pression acoustique : 40dB(A)-80dB<\/span><\/li>\n<\/ul>\n<p><img decoding=\"async\" style=\"width: 300px;\" src=\"https:\/\/ae01.alicdn.com\/kf\/Hc2dd40c02a834d768d887bb3964852284.jpg\" width=\"300px\" \/><\/p>\n<p>&nbsp;<\/p>\n<ul class=\"a-unordered-list a-vertical list-paddingleft-2\" style=\"font-family: 'font-size:13px;background-color:#FFFFFF;margin-bottom:18px !important;margin-left:18px !important;padding:0px !important;color:#aaaaaa;'; box-sizing: border-box;\">\n<li><span id=\"tl_58\" class=\"a-list-item\" style=\"color: #333333;\">Le masseur \u00e0 percussion PHOENIX avec moule de haute pr\u00e9cision permet de relier \u00e9troitement la t\u00eate de la machine et le corps.<\/span><\/li>\n<li><span id=\"tl_59\" class=\"a-list-item\" style=\"color: #333333;\">Le bruit en cours d&#8217;ex\u00e9cution peut \u00eatre efficacement r\u00e9duit par glissement en douceur.<\/span><\/li>\n<li><span id=\"tl_60\" class=\"a-list-item\" style=\"color: #333333;\">PHOENIX 5.2 est moins bruyant que les 60 d\u00e9cibels des autres masseurs, vous pouvez donc utiliser notre masseur au bureau ou \u00e0 la maison sans interrompre les autres.<\/span><\/li>\n<\/ul>\n<p><img decoding=\"async\" style=\"width: 1000px;\" src=\"https:\/\/ae01.alicdn.com\/kf\/H9e5cdad1f0bb42269d605032b74cce22V.jpg\" width=\"1000px\" \/><img decoding=\"async\" style=\"width: 1000px;\" src=\"https:\/\/ae01.alicdn.com\/kf\/H008017870a3940afaec61a8f78e023d2v.jpg\" width=\"1000px\" \/><img decoding=\"async\" style=\"width: 1200px;\" src=\"https:\/\/ae01.alicdn.com\/kf\/He0bbc3eb33684c4ab8339cfeb590dab2E.jpg\" width=\"1200px\" \/><img decoding=\"async\" style=\"width: 1000px;\" src=\"https:\/\/ae01.alicdn.com\/kf\/Hee4093485a584ad1bcb9dd86281bd6d9e.jpg\" width=\"1000px\" \/><img decoding=\"async\" style=\"width: 1000px;\" src=\"https:\/\/ae01.alicdn.com\/kf\/Ha8ed305854594e0ab40bcad0f31abe6bg.jpg\" width=\"1000px\" \/><img decoding=\"async\" style=\"width: 1000px;\" src=\"https:\/\/ae01.alicdn.com\/kf\/H8e90b68fec634dc2bb7926781d1404951.jpg\" width=\"1000px\" \/><\/p>\n<\/div>\n<p>&nbsp;<\/p>\n<\/div>\n<\/div>","protected":false},"excerpt":{"rendered":"<p>&nbsp; Site de formation:\u00a0Appareil de relex musculaire Num\u00e9ro de Mod\u00e8le:\u00a0Deep Muscle Tissue Massage Gun Mode d\u2019enseignement:\u00a0Massage &amp; Relaxation Class\u00e9 par<\/p>","protected":false},"featured_media":5468,"comment_status":"open","ping_status":"closed","template":"","meta":[],"product_brand":[],"product_cat":[34,1508],"product_tag":[],"class_list":{"0":"post-5467","1":"product","2":"type-product","3":"status-publish","4":"has-post-thumbnail","6":"product_cat-beauty-care","7":"product_cat-massage-gun","9":"first","10":"instock","11":"shipping-taxable","12":"purchasable","13":"product-type-variable"},"jetpack_sharing_enabled":true,"_links":{"self":[{"href":"https:\/\/afrycom.com\/fr\/wp-json\/wp\/v2\/product\/5467","targetHints":{"allow":["GET"]}}],"collection":[{"href":"https:\/\/afrycom.com\/fr\/wp-json\/wp\/v2\/product"}],"about":[{"href":"https:\/\/afrycom.com\/fr\/wp-json\/wp\/v2\/types\/product"}],"replies":[{"embeddable":true,"href":"https:\/\/afrycom.com\/fr\/wp-json\/wp\/v2\/comments?post=5467"}],"wp:featuredmedia":[{"embeddable":true,"href":"https:\/\/afrycom.com\/fr\/wp-json\/wp\/v2\/media\/5468"}],"wp:attachment":[{"href":"https:\/\/afrycom.com\/fr\/wp-json\/wp\/v2\/media?parent=5467"}],"wp:term":[{"taxonomy":"product_brand","embeddable":true,"href":"https:\/\/afrycom.com\/fr\/wp-json\/wp\/v2\/product_brand?post=5467"},{"taxonomy":"product_cat","embeddable":true,"href":"https:\/\/afrycom.com\/fr\/wp-json\/wp\/v2\/product_cat?post=5467"},{"taxonomy":"product_tag","embeddable":true,"href":"https:\/\/afrycom.com\/fr\/wp-json\/wp\/v2\/product_tag?post=5467"}],"curies":[{"name":"wp","href":"https:\/\/api.w.org\/{rel}","templated":true}]}}