{"id":5426,"date":"2025-03-08T08:05:23","date_gmt":"2025-03-08T08:05:23","guid":{"rendered":"https:\/\/afrycom.com\/product\/anlan-cou-visage-appareil-de-beaute-ems-visage-cou-levage-3-couleurs-lumiere-soins-de-la-peau-peau-serrer-reduire-le-double-menton-outils-de-soins-de-la-peau\/"},"modified":"2025-03-16T08:15:34","modified_gmt":"2025-03-16T08:15:34","slug":"appareil-de-raffermissement-facial","status":"publish","type":"product","link":"https:\/\/afrycom.com\/fr\/produit\/appareil-de-raffermissement-facial\/","title":{"rendered":"Appareil de raffermissement facial"},"content":{"rendered":"<p>&nbsp;<\/p>\n<div class=\"product-specs-list-container\">\n<ul class=\"product-specs-list util-clearfix\">\n<li class=\"product-prop line-limit-length\"><span class=\"property-title\">Chimique Hign-concern\u00e9 :\u00a0<\/span><span class=\"property-desc line-limit-length\">Aucun<\/span><\/li>\n<li class=\"product-prop line-limit-length\"><span class=\"property-title\">Certification de Qualit\u00e9 des Produits :\u00a0<\/span><span class=\"property-desc line-limit-length\">ce<\/span><\/li>\n<li class=\"product-prop line-limit-length\"><span class=\"property-title\">Fonction :\u00a0<\/span><span class=\"property-desc line-limit-length\">Rajeunissement de la peau,Mouisture de la peau,Raffermissement de la peau,nettoyage du visage,Anti-acn\u00e9,Suppression Des imperfections,Anti-Rides,De levage<\/span><\/li>\n<li class=\"product-prop line-limit-length\"><span class=\"property-title\">Source D'alimentation :\u00a0<\/span><span class=\"property-desc line-limit-length\">accumulateur \u00e9lectrique<\/span><\/li>\n<li class=\"product-prop line-limit-length\"><span class=\"property-title\">Mat\u00e9riau :\u00a0<\/span><span class=\"property-desc line-limit-length\">Acrylique<\/span><\/li>\n<li class=\"product-prop line-limit-length\"><span class=\"property-title\">Nom de marque :\u00a0<\/span><span class=\"property-desc line-limit-length\">Anlan<\/span><\/li>\n<li class=\"product-prop line-limit-length\"><span class=\"property-title\">Origine :\u00a0<\/span><span class=\"property-desc line-limit-length\">CN (Origine)<\/span><\/li>\n<li class=\"product-prop line-limit-length\"><span class=\"property-title\">Caract\u00e9ristique 1 :\u00a0<\/span><span class=\"property-desc line-limit-length\">outils de soins de la peau<\/span><\/li>\n<li class=\"product-prop line-limit-length\"><span class=\"property-title\">Caract\u00e9ristique 2 :\u00a0<\/span><span class=\"property-desc line-limit-length\">soins de la peau<\/span><\/li>\n<li class=\"product-prop line-limit-length\"><span class=\"property-title\">Caract\u00e9ristique 3 :\u00a0<\/span><span class=\"property-desc line-limit-length\">machine de soins de la peau<\/span><\/li>\n<li class=\"product-prop line-limit-length\"><span class=\"property-title\">Caract\u00e9ristique 4 :\u00a0<\/span><span class=\"property-desc line-limit-length\">dispositif de resserrement de la peau<\/span><\/li>\n<li class=\"product-prop line-limit-length\"><span class=\"property-title\">Caract\u00e9ristique 5 :\u00a0<\/span><span class=\"property-desc line-limit-length\">resserrement de la peau<\/span><\/li>\n<li class=\"product-prop line-limit-length\"><span class=\"property-title\">Caract\u00e9ristique 6 :\u00a0<\/span><span class=\"property-desc line-limit-length\">masseur cervical<\/span><\/li>\n<li class=\"product-prop line-limit-length\"><span class=\"property-title\">Article 7 :\u00a0<\/span><span class=\"property-desc line-limit-length\">rajeunissement de la peau<\/span><\/li>\n<li class=\"product-prop line-limit-length\"><span class=\"property-title\">Article 8 :\u00a0<\/span><span class=\"property-desc line-limit-length\">R\u00e9duire le double menton<\/span><\/li>\n<li class=\"product-prop line-limit-length\"><span class=\"property-title\">Caract\u00e9ristique 9 :\u00a0<\/span><span class=\"property-desc line-limit-length\">Th\u00e9rapie par photons LED<\/span><\/li>\n<li class=\"product-prop line-limit-length\"><span class=\"property-title\">Caract\u00e9ristique 10 :\u00a0<\/span><span class=\"property-desc line-limit-length\">Outil de levage du visage<\/span><\/li>\n<li class=\"product-prop line-limit-length\"><span class=\"property-title\">Caract\u00e9ristique 11 :\u00a0<\/span><span class=\"property-desc line-limit-length\">massageadores faciais<\/span><\/li>\n<\/ul>\n<\/div>\n<div class=\"detailmodule_html\">\n<div class=\"detail-desc-decorate-richtext\">\n<div class=\"detailmodule_html\">\n<div class=\"detail-desc-decorate-richtext\">\n<div class=\"detailmodule_text\">\n<p class=\"detail-desc-decorate-title\" style=\"font-family: OpenSans; font-size: 20px; font-weight: 900; line-height: 28px; white-space: pre-wrap; color: #000000; margin-bottom: 12px;\">Sp\u00e9cifications :<\/p>\n<p class=\"detail-desc-decorate-content\" style=\"font-family: OpenSans; font-size: 14px; font-weight: 300; line-height: 20px; white-space: pre-wrap; color: #000000; margin-bottom: 12px;\">Nom : appareil de beaut\u00e9 du cou.<br \/>\nMod\u00e8le : ES-081<br \/>\nMat\u00e9riel : ABS<br \/>\nTension de sortie : 3,7 V<br \/>\nCapacit\u00e9 de la batterie : 500 mAh<br \/>\nPuissance : 2,5 W<br \/>\nTension d'entr\u00e9e : 5 V = 1 A.<br \/>\nTaille : 89x47x120mm<br \/>\nArr\u00eat automatique : environ 5 minutes<br \/>\nTemps de charge : environ 2h<\/p>\n<\/div>\n<div class=\"detailmodule_text\">\n<p class=\"detail-desc-decorate-title\" style=\"font-family: OpenSans; font-size: 20px; font-weight: 900; line-height: 28px; white-space: pre-wrap; color: #000000; margin-bottom: 12px;\">3 modes :<\/p>\n<p class=\"detail-desc-decorate-content\" style=\"font-family: OpenSans; font-size: 14px; font-weight: 300; line-height: 20px; white-space: pre-wrap; color: #000000; margin-bottom: 12px;\">1 mode nettoyage (NETTOYAGE)<br \/>\nNettoyez les d\u00e9chets des pores profonds pour r\u00e9tr\u00e9cir les pores, \u00e9liminez l'acn\u00e9 et r\u00e9solvez la peau terne.<br \/>\n2 modes EMS (EMS)<br \/>\nStimule et d\u00e9tend efficacement la peau et aide le produit de soin de la peau \u00e0 aller profond\u00e9ment pour garder la peau humide.<br \/>\n3 Mode humide (CHAUD)<br \/>\nR\u00e9veille et d\u00e9tend en douceur la peau, aidant la peau \u00e0 retrouver sa vitalit\u00e9.<\/p>\n<\/div>\n<div class=\"detailmodule_text\">\n<p class=\"detail-desc-decorate-title\" style=\"font-family: OpenSans; font-size: 20px; font-weight: 900; line-height: 28px; white-space: pre-wrap; color: #000000; margin-bottom: 12px;\">6 caract\u00e9ristiques :<\/p>\n<p class=\"detail-desc-decorate-content\" style=\"font-family: OpenSans; font-size: 14px; font-weight: 300; line-height: 20px; white-space: pre-wrap; color: #000000; margin-bottom: 12px;\">1Ions positifs et n\u00e9gatifs : utilisez le principe d'absorption des ions positifs et n\u00e9gatifs pour \u00e9liminer la salet\u00e9 dans les pores profonds et<br \/>\nnettoyez-les en profondeur ; gr\u00e2ce \u00e0 l'ionophor\u00e8se, les ingr\u00e9dients de beaut\u00e9 p\u00e9n\u00e8trent dans la peau.<br \/>\n2Vibration : utilisez des vibrations m\u00e9caniques et une stimulation de tension pour resserrer la peau, augmenter l'\u00e9lasticit\u00e9 et augmenter le m\u00e9tabolisme.<br \/>\n3Chaud : le massage chaud favorise l'absorption, de sorte que les rides puissent \u00eatre \u00e9tir\u00e9es et que la peau devienne plus pleine.<br \/>\n4Lumi\u00e8re rouge : peut stimuler efficacement la peau, revitaliser le collag\u00e8ne, am\u00e9liorer la peau fonc\u00e9e et r\u00e9duire les rides et ridules.<br \/>\n5 Lumi\u00e8re bleue : elle peut am\u00e9liorer efficacement les probl\u00e8mes de peau, r\u00e9duire l'acn\u00e9 et les boutons et aider \u00e0 tuer les bact\u00e9ries.Une utilisation \u00e0 long terme peut rajeunir la peau et conduire \u00e0 une peau saine.<br \/>\n6 Lumi\u00e8re verte : elle peut favoriser la microcirculation de la surface du corps, drainer la lymphe et drainer le gonflement.<\/p>\n<\/div>\n<div class=\"detailmodule_text\">\n<p class=\"detail-desc-decorate-title\" style=\"font-family: OpenSans; font-size: 20px; font-weight: 900; line-height: 28px; white-space: pre-wrap; color: #000000; margin-bottom: 12px;\">Le forfait comprend :<\/p>\n<p class=\"detail-desc-decorate-content\" style=\"font-family: OpenSans; font-size: 14px; font-weight: 300; line-height: 20px; white-space: pre-wrap; color: #000000; margin-bottom: 12px;\">Appareil de beaut\u00e9 du cou * 1<br \/>\nC\u00e2ble de chargement USB * 1<br \/>\nManuel d'utilisation*1<\/p>\n<\/div>\n<div class=\"detailmodule_image\"><\/div>\n<div class=\"detailmodule_text-image\">\n<p class=\"detail-desc-decorate-title\" style=\"font-family: OpenSans; font-size: 20px; font-weight: 900; line-height: 28px; white-space: pre-wrap; color: #000000; margin-bottom: 12px;\">Lumi\u00e8re 3 couleurs<\/p>\n<p class=\"detail-desc-decorate-content\" style=\"font-family: OpenSans; font-size: 14px; font-weight: 300; line-height: 20px; white-space: pre-wrap; color: #000000; margin-bottom: 12px;\">Lumi\u00e8re rouge : \u00e9limine les rides, r\u00e9pare la peau endommag\u00e9e, prolif\u00e8re le collag\u00e8ne<br \/>\nLumi\u00e8re bleue : inhibe rapidement l'inflammation et \u00e9limine l'acn\u00e9<br \/>\nLumi\u00e8re verte : favorise la microcirculation de la surface du corps, draine la lymphe et draine le gonflement<\/p>\n<div><\/div>\n<\/div>\n<div class=\"detailmodule_text-image\">\n<p class=\"detail-desc-decorate-title\" style=\"font-family: OpenSans; font-size: 20px; font-weight: 900; line-height: 28px; white-space: pre-wrap; color: #000000; margin-bottom: 12px;\">Vibration sonore<\/p>\n<p class=\"detail-desc-decorate-content\" style=\"font-family: OpenSans; font-size: 14px; font-weight: 300; line-height: 20px; white-space: pre-wrap; color: #000000; margin-bottom: 12px;\">Lorsque la t\u00eate de l'appareil touche la peau, le produit vibre.<\/p>\n<p>T\u00eate de massage 45\u00b0 le sens de la temp\u00e9rature et le massage par vibration sonore pourraient favoriser la circulation sanguine et ralentir le vieillissement des cellules \u00e9pidermiques.Cela r\u00e9duira l'apparence des lignes du cou, r\u00e9duira les poches et restaurera l'\u00e9lasticit\u00e9 cellulaire.<\/p>\n<div><\/div>\n<\/div>\n<div class=\"detailmodule_text-image\">\n<p class=\"detail-desc-decorate-title\" style=\"font-family: OpenSans; font-size: 20px; font-weight: 900; line-height: 28px; white-space: pre-wrap; color: #000000; margin-bottom: 12px;\">Lmporter l'essence dans la peau<\/p>\n<p class=\"detail-desc-decorate-content\" style=\"font-family: OpenSans; font-size: 14px; font-weight: 300; line-height: 20px; white-space: pre-wrap; color: #000000; margin-bottom: 12px;\">L'ion sonore aide la peau \u00e0 mieux absorber les nutriments.<\/p>\n<div><\/div>\n<\/div>\n<div class=\"detailmodule_text-image\">\n<p class=\"detail-desc-decorate-title\" style=\"font-family: OpenSans; font-size: 20px; font-weight: 900; line-height: 28px; white-space: pre-wrap; color: #000000; margin-bottom: 12px;\">Soins multifonctionnels complets<\/p>\n<\/div>\n<div class=\"detailmodule_image\"><\/div>\n<div class=\"detailmodule_text-image\">\n<p class=\"detail-desc-decorate-content\" style=\"font-family: OpenSans; font-size: 14px; font-weight: 300; line-height: 20px; white-space: pre-wrap; color: #000000; margin-bottom: 12px;\">R\u00e9duit les rides du cou et lisse la peau.<br \/>\nSoulagez le rel\u00e2chement cutan\u00e9 du visage et du bas du front.<\/p>\n<div><\/div>\n<\/div>\n<p>&nbsp;<\/p>\n<p>&nbsp;<\/p>\n<div><\/div>\n<\/div>\n<\/div>\n<p>&nbsp;<\/p>\n<p>&nbsp;<\/p>\n<p>&nbsp;<\/p>\n<p>&nbsp;<\/p>\n<p>&nbsp;<\/p>\n<p>&nbsp;<\/p>\n<p>&nbsp;<\/p>\n<p>&nbsp;<\/p>\n<p>&nbsp;<\/p>\n<p>&nbsp;<\/p>\n<p>&nbsp;<\/p>\n<p>&nbsp;<\/p>\n<\/div>\n<\/div>","protected":false},"excerpt":{"rendered":"<p>\"Obtenez une peau plus ferme et plus lisse avec notre appareil de beaut\u00e9 EMS visage. R\u00e9duisez le double menton, raffermissez la peau du cou et profitez de r\u00e9sultats professionnels chez vous. Achetez maintenant !\"<\/p>","protected":false},"featured_media":5427,"comment_status":"open","ping_status":"closed","template":"","meta":[],"product_brand":[],"product_cat":[34,1452],"product_tag":[],"class_list":{"0":"post-5426","1":"product","2":"type-product","3":"status-publish","4":"has-post-thumbnail","6":"product_cat-beauty-care","7":"product_cat-facial-mask-and-skincare","9":"first","10":"instock","11":"shipping-taxable","12":"purchasable","13":"product-type-variable"},"jetpack_sharing_enabled":true,"_links":{"self":[{"href":"https:\/\/afrycom.com\/fr\/wp-json\/wp\/v2\/product\/5426","targetHints":{"allow":["GET"]}}],"collection":[{"href":"https:\/\/afrycom.com\/fr\/wp-json\/wp\/v2\/product"}],"about":[{"href":"https:\/\/afrycom.com\/fr\/wp-json\/wp\/v2\/types\/product"}],"replies":[{"embeddable":true,"href":"https:\/\/afrycom.com\/fr\/wp-json\/wp\/v2\/comments?post=5426"}],"wp:featuredmedia":[{"embeddable":true,"href":"https:\/\/afrycom.com\/fr\/wp-json\/wp\/v2\/media\/5427"}],"wp:attachment":[{"href":"https:\/\/afrycom.com\/fr\/wp-json\/wp\/v2\/media?parent=5426"}],"wp:term":[{"taxonomy":"product_brand","embeddable":true,"href":"https:\/\/afrycom.com\/fr\/wp-json\/wp\/v2\/product_brand?post=5426"},{"taxonomy":"product_cat","embeddable":true,"href":"https:\/\/afrycom.com\/fr\/wp-json\/wp\/v2\/product_cat?post=5426"},{"taxonomy":"product_tag","embeddable":true,"href":"https:\/\/afrycom.com\/fr\/wp-json\/wp\/v2\/product_tag?post=5426"}],"curies":[{"name":"wp","href":"https:\/\/api.w.org\/{rel}","templated":true}]}}