{"id":5371,"date":"2025-03-08T08:05:01","date_gmt":"2025-03-08T08:05:01","guid":{"rendered":"https:\/\/afrycom.com\/product\/anlan-appareil-de-soins-de-la-peau-multifonction-pro-18k-or-visage-radiofrequence-avec-chaud-froid-ems-lifting-du-visage-beaute-soins-de-la-peau-masseur\/"},"modified":"2025-06-10T02:44:28","modified_gmt":"2025-06-10T02:44:28","slug":"anlan-appareil-de-soins-de-la-peau-multifonction-pro-18k-or-visage-radiofrequence-avec-chaud-froid-ems-lifting-du-visage-beaute-soins-de-la-peau-masseur","status":"publish","type":"product","link":"https:\/\/afrycom.com\/fr\/produit\/anlan-appareil-de-soins-de-la-peau-multifonction-pro-18k-or-visage-radiofrequence-avec-chaud-froid-ems-lifting-du-visage-beaute-soins-de-la-peau-masseur\/","title":{"rendered":"ANLAN appareil de soins de la peau multifonction Pro 18K or visage radiofr\u00e9quence avec chaud froid EMS Lifting du visage beaut\u00e9 soins de la peau masseur"},"content":{"rendered":"<p>&nbsp;<\/p>\n<div class=\"product-specs-list-container\">\n<ul class=\"product-specs-list util-clearfix\">\n<li class=\"product-prop line-limit-length\"><span class=\"property-title\">Chimique Hign-concern\u00e9 :\u00a0<\/span><span class=\"property-desc line-limit-length\">Aucun<\/span><\/li>\n<li class=\"product-prop line-limit-length\"><span class=\"property-title\">Principe de travail :\u00a0<\/span><span class=\"property-desc line-limit-length\">ION +,D'IONS,LED,EMS,Chaud,Cold,massage vibratoire<\/span><\/li>\n<li class=\"product-prop line-limit-length\"><span class=\"property-title\">Fonction :\u00a0<\/span><span class=\"property-desc line-limit-length\">Anti-acn\u00e9,Suppression Des imperfections,Anti-Rides,Blanchiment,De levage<\/span><\/li>\n<li class=\"product-prop line-limit-length\"><span class=\"property-title\">Type :\u00a0<\/span><span class=\"property-desc line-limit-length\">Appareil de beaut\u00e9<\/span><\/li>\n<li class=\"product-prop line-limit-length\"><span class=\"property-title\">Num\u00e9ro de Mod\u00e8le :\u00a0<\/span><span class=\"property-desc line-limit-length\">Appareil de beaut\u00e9 multipolaire Pro<\/span><\/li>\n<li class=\"product-prop line-limit-length\"><span class=\"property-title\">Certification de Qualit\u00e9 des Produits :\u00a0<\/span><span class=\"property-desc line-limit-length\">ce<\/span><\/li>\n<li class=\"product-prop line-limit-length\"><span class=\"property-title\">Source D'alimentation :\u00a0<\/span><span class=\"property-desc line-limit-length\">\u00c9lectrique,accumulateur \u00e9lectrique,USB CHARGER<\/span><\/li>\n<li class=\"product-prop line-limit-length\"><span class=\"property-title\">Nom de marque :\u00a0<\/span><span class=\"property-desc line-limit-length\">Anlan<\/span><\/li>\n<li class=\"product-prop line-limit-length\"><span class=\"property-title\">Origine :\u00a0<\/span><span class=\"property-desc line-limit-length\">CN (Origine)<\/span><\/li>\n<li class=\"product-prop line-limit-length\"><span class=\"property-title\">Certification :\u00a0<\/span><span class=\"property-desc line-limit-length\">ROHS,KC,FCC,CE<\/span><\/li>\n<li class=\"product-prop line-limit-length\"><span class=\"property-title\">Nombre de pi\u00e8ces :\u00a0<\/span><span class=\"property-desc line-limit-length\">Une Unit\u00e9<\/span><\/li>\n<li class=\"product-prop line-limit-length\"><span class=\"property-title\">Caract\u00e9ristique 1 :\u00a0<\/span><span class=\"property-desc line-limit-length\">masseurs faciaux<\/span><\/li>\n<li class=\"product-prop line-limit-length\"><span class=\"property-title\">Caract\u00e9ristique 2 :\u00a0<\/span><span class=\"property-desc line-limit-length\">masajeadores faciales<\/span><\/li>\n<li class=\"product-prop line-limit-length\"><span class=\"property-title\">Caract\u00e9ristique 3 :\u00a0<\/span><span class=\"property-desc line-limit-length\">machine de resserrement de la peau<\/span><\/li>\n<li class=\"product-prop line-limit-length\"><span class=\"property-title\">Caract\u00e9ristique 5 :\u00a0<\/span><span class=\"property-desc line-limit-length\">appareil m\u00e9nager<\/span><\/li>\n<li class=\"product-prop line-limit-length\"><span class=\"property-title\">Caract\u00e9ristique 6 :\u00a0<\/span><span class=\"property-desc line-limit-length\">soins de la peau<\/span><\/li>\n<li class=\"product-prop line-limit-length\"><span class=\"property-title\">Article 7 :\u00a0<\/span><span class=\"property-desc line-limit-length\">Salon de beaut\u00e9<\/span><\/li>\n<li class=\"product-prop line-limit-length\"><span class=\"property-title\">Article 8 :\u00a0<\/span><span class=\"property-desc line-limit-length\">machine de lifting du visage<\/span><\/li>\n<li class=\"product-prop line-limit-length\"><span class=\"property-title\">Caract\u00e9ristique 9 :\u00a0<\/span><span class=\"property-desc line-limit-length\">machine hydrafacial<\/span><\/li>\n<li class=\"product-prop line-limit-length\"><span class=\"property-title\">Caract\u00e9ristique 10 :\u00a0<\/span><span class=\"property-desc line-limit-length\">soins de la peau en cor\u00e9en<\/span><\/li>\n<li class=\"product-prop line-limit-length\"><span class=\"property-title\">Caract\u00e9ristique 11 :\u00a0<\/span><span class=\"property-desc line-limit-length\">produits cor\u00e9ens de soins de la peau<\/span><\/li>\n<\/ul>\n<\/div>\n<div class=\"detailmodule_html\">\n<div class=\"detail-desc-decorate-richtext\">\n<div class=\"detailmodule_media\">\n<div class=\"video-container-5000194668635\">\n<div id=\"5000194668635\" class=\"detail-video\" data-previewurl=\"https:\/\/ae01.alicdn.com\/kf\/S86351b8fbb3f4766be37dd02881ece7f9.jpg\"><\/div>\n<\/div>\n<\/div>\n<div class=\"detailmodule_text\">\n<p class=\"detail-desc-decorate-title\" style=\"font-family: OpenSans; font-size: 20px; font-weight: 900; line-height: 28px; white-space: pre-wrap; color: #000000; margin-bottom: 12px;\">Attention !!!<\/p>\n<p style=\"color: #000000;\">Les pays de l'UE exigent une taxe suppl\u00e9mentaire pour les achats sup\u00e9rieurs \u00e0 150 euros.Les commer\u00e7ants ne sont pas responsables des taxes correspondantes.<\/p>\n<\/div>\n<div class=\"detailmodule_text\">\n<p class=\"detail-desc-decorate-title\" style=\"font-family: OpenSans; font-size: 20px; font-weight: 900; line-height: 28px; white-space: pre-wrap; color: #000000; margin-bottom: 12px;\">Attention !!!<\/p>\n<p style=\"color: #000000;\">L'appareil de beaut\u00e9 radiofr\u00e9quence multipolaire vendu sur AliExpress n'est pas livr\u00e9 avec un adaptateur.<\/p>\n<\/div>\n<div class=\"detailmodule_text\">\n<p class=\"detail-desc-decorate-title\" style=\"font-family: OpenSans; font-size: 20px; font-weight: 900; line-height: 28px; white-space: pre-wrap; color: #000000; margin-bottom: 12px;\">Version am\u00e9lior\u00e9e !!!<\/p>\n<p style=\"color: #000000;\">Attention !!! Leader en or 18 carats, la peau sensible peut \u00e9galement \u00eatre utilis\u00e9e, mises \u00e0 niveau des puces, meilleur effet, plus adapt\u00e9 aux personnes anti-vieilles de 30 ans et plus<\/p>\n<\/div>\n<div class=\"detailmodule_text\">\n<p class=\"detail-desc-decorate-title\" style=\"font-family: OpenSans; font-size: 20px; font-weight: 900; line-height: 28px; white-space: pre-wrap; color: #000000; margin-bottom: 12px;\">D\u00e9tails du produit<\/p>\n<p style=\"color: #000000;\">1.T\u00eate de guidage antiallergique en or 18 carats : plus respectueuse des peaux sensibles, plus r\u00e9sistante \u00e0 l'usure et \u00e0 la corrosion que les mat\u00e9riaux ordinaires.<\/p>\n<p>2.Brevet PMR : profond\u00e9ment dans la peau 3 mm, fort et doux, le chauffage par radiofr\u00e9quence \u00e0 impulsion continue du derme favorise la contraction des fibres de collag\u00e8ne et la prolif\u00e9ration du collag\u00e8ne, la radiofr\u00e9quence multipolaire double l'anti-\u00e2ge<\/p>\n<p>3.Conversion de fr\u00e9quence EMS : technologie EMS plus avanc\u00e9e, le micro-courant EMS stimulera \u00e0 plusieurs reprises les mouvements musculaires et am\u00e9liorera efficacement le rel\u00e2chement cutan\u00e9.<\/p>\n<p>4.Soins de la peau \u00e0 lumi\u00e8re rouge et bleue : 15 perles de lampe sont deux fois le nombre d'\u00e9quipements de beaut\u00e9 ordinaires, et l'effet de traitement de la lumi\u00e8re rouge et bleue est doubl\u00e9.<\/p>\n<p>5.Contr\u00f4le pr\u00e9cis de la temp\u00e9rature : 120 fois\/1 minute, compresse froide \u00e0 trois niveaux, refroidissement rapide en 5 secondes, r\u00e9tr\u00e9cissement des pores, retient l'humidit\u00e9 et les nutriments<\/p>\n<\/div>\n<div class=\"detailmodule_text\">\n<p class=\"detail-desc-decorate-title\" style=\"font-family: OpenSans; font-size: 20px; font-weight: 900; line-height: 28px; white-space: pre-wrap; color: #000000; margin-bottom: 12px;\">Apr\u00e8s 20 ans, la peau commence \u00e0 vieillir<\/p>\n<\/div>\n<div class=\"detailmodule_image\"><img decoding=\"async\" class=\"detail-desc-decorate-image\" src=\"https:\/\/ae01.alicdn.com\/kf\/A7f2919885ab7441989b8d0bb23df1c466.jpg\" \/><\/div>\n<div class=\"detailmodule_text\">\n<p class=\"detail-desc-decorate-title\" style=\"font-family: OpenSans; font-size: 20px; font-weight: 900; line-height: 28px; white-space: pre-wrap; color: #000000; margin-bottom: 12px;\">Il y a aussi un soin anti-\u00e2ge de niveau salon de beaut\u00e9 \u00e0 la maison<\/p>\n<\/div>\n<div class=\"detailmodule_image\"><img decoding=\"async\" class=\"detail-desc-decorate-image\" src=\"https:\/\/ae01.alicdn.com\/kf\/A861e4618b4574d6191d6b570f0cdcada4.jpg\" \/><\/div>\n<div class=\"detailmodule_text\">\n<p class=\"detail-desc-decorate-content\" style=\"font-family: OpenSans; font-size: 14px; font-weight: 300; line-height: 20px; white-space: pre-wrap; color: #000000; margin-bottom: 12px;\">-M\u00e9thodes de nettoyage ionique<br \/>\n-EMS<br \/>\n-Belle de la lumi\u00e8re rouge<br \/>\n-FR<br \/>\n-Belle de la lumi\u00e8re bleue<br \/>\n-Entretien du refroidissement<br \/>\n-Belle vibrante<br \/>\n-Soins chaleureux<br \/>\n-Introduction de l'ion<\/p>\n<\/div>\n<div class=\"detailmodule_image\"><img decoding=\"async\" class=\"detail-desc-decorate-image\" src=\"https:\/\/ae01.alicdn.com\/kf\/Af9b3b4a02635457dbdf3c1f053bf733cV.jpg\" \/><\/div>\n<div class=\"detailmodule_text\">\n<p class=\"detail-desc-decorate-title\" style=\"font-family: OpenSans; font-size: 20px; font-weight: 900; line-height: 28px; white-space: pre-wrap; color: #000000; margin-bottom: 12px;\">Il y a aussi un soin anti-\u00e2ge de niveau salon de beaut\u00e9 \u00e0 la maison\u301013 effets\u3011<\/p>\n<p class=\"detail-desc-decorate-content\" style=\"font-family: OpenSans; font-size: 14px; font-weight: 300; line-height: 20px; white-space: pre-wrap; color: #000000; margin-bottom: 12px;\">-Nettoyage en profondeur<br \/>\n-Soins des pores<br \/>\n-Importer un hydratant<br \/>\n-Soin hydratant<br \/>\n-Eau serr\u00e9e<br \/>\n-Soins des petites rides<br \/>\n-Am\u00e9liorer les soins<br \/>\n-Soins musculaires \u00e9motionnels<br \/>\n-Soins sombres<br \/>\n-Brillant vers le haut<br \/>\n-Transparent UP<br \/>\n-Am\u00e9lioration \u00e9lastique<br \/>\n-Ligne de visage UP<\/p>\n<\/div>\n<div class=\"detailmodule_image\"><img decoding=\"async\" class=\"detail-desc-decorate-image\" src=\"https:\/\/ae01.alicdn.com\/kf\/A98e98cbd29564c858f7a96a61d515377l.jpg\" \/><\/div>\n<div class=\"detailmodule_text\">\n<p class=\"detail-desc-decorate-title\" style=\"font-family: OpenSans; font-size: 20px; font-weight: 900; line-height: 28px; white-space: pre-wrap; color: #000000; margin-bottom: 12px;\">D\u00e9veloppement ult\u00e9rieur de la fonctionnalit\u00e9 RF<\/p>\n<\/div>\n<div class=\"detailmodule_image\"><img decoding=\"async\" class=\"detail-desc-decorate-image\" src=\"https:\/\/ae01.alicdn.com\/kf\/Ab8ae62ed804d4066985a09f575b1d8f3X.jpg\" \/><img decoding=\"async\" class=\"detail-desc-decorate-image\" src=\"https:\/\/ae01.alicdn.com\/kf\/Ace14d4b60a27474296f0bb4fa890fdf9O.jpg\" \/><img decoding=\"async\" class=\"detail-desc-decorate-image\" src=\"https:\/\/ae01.alicdn.com\/kf\/Afcd31bd7fd03444e91f791aa9ec5f9861.jpg\" \/><\/div>\n<div class=\"detailmodule_image\"><img decoding=\"async\" class=\"detail-desc-decorate-image\" src=\"https:\/\/ae01.alicdn.com\/kf\/Aa4b35b1c6b854f698141567b1cd9ab3aT.jpg\" \/><\/div>\n<div class=\"detailmodule_image\"><img decoding=\"async\" class=\"detail-desc-decorate-image\" src=\"https:\/\/ae01.alicdn.com\/kf\/Ac0d348319bc6440dbbb5813f671d6a114.jpg\" \/><img decoding=\"async\" class=\"detail-desc-decorate-image\" src=\"https:\/\/ae01.alicdn.com\/kf\/A15978485e35d44b19b649cbd86fe7ae3W.jpg\" \/><img decoding=\"async\" class=\"detail-desc-decorate-image\" src=\"https:\/\/ae01.alicdn.com\/kf\/A1c00656bc41347efae18a873e17db0ber.png\" \/><\/div>\n<p>&nbsp;<\/p>\n<\/div>\n<\/div>","protected":false},"excerpt":{"rendered":"<p>&nbsp; Chimique Hign-concern\u00e9:\u00a0Aucun Principe de travail:\u00a0ION +,D&#8217;IONS,LED,EMS,Chaud,Cold,massage vibratoire Fonction:\u00a0Anti-acn\u00e9,Suppression Des imperfections,Anti-Rides,Blanchiment,De levage Type:\u00a0Beauty Device Num\u00e9ro de Mod\u00e8le:\u00a0Multi-polar Beauty Device Pro<\/p>","protected":false},"featured_media":5372,"comment_status":"open","ping_status":"closed","template":"","meta":[],"product_brand":[],"product_cat":[4927],"product_tag":[],"class_list":{"0":"post-5371","1":"product","2":"type-product","3":"status-publish","4":"has-post-thumbnail","6":"product_cat-beard-oil-trimmers","8":"first","9":"instock","10":"shipping-taxable","11":"purchasable","12":"product-type-variable"},"jetpack_sharing_enabled":true,"_links":{"self":[{"href":"https:\/\/afrycom.com\/fr\/wp-json\/wp\/v2\/product\/5371","targetHints":{"allow":["GET"]}}],"collection":[{"href":"https:\/\/afrycom.com\/fr\/wp-json\/wp\/v2\/product"}],"about":[{"href":"https:\/\/afrycom.com\/fr\/wp-json\/wp\/v2\/types\/product"}],"replies":[{"embeddable":true,"href":"https:\/\/afrycom.com\/fr\/wp-json\/wp\/v2\/comments?post=5371"}],"wp:featuredmedia":[{"embeddable":true,"href":"https:\/\/afrycom.com\/fr\/wp-json\/wp\/v2\/media\/5372"}],"wp:attachment":[{"href":"https:\/\/afrycom.com\/fr\/wp-json\/wp\/v2\/media?parent=5371"}],"wp:term":[{"taxonomy":"product_brand","embeddable":true,"href":"https:\/\/afrycom.com\/fr\/wp-json\/wp\/v2\/product_brand?post=5371"},{"taxonomy":"product_cat","embeddable":true,"href":"https:\/\/afrycom.com\/fr\/wp-json\/wp\/v2\/product_cat?post=5371"},{"taxonomy":"product_tag","embeddable":true,"href":"https:\/\/afrycom.com\/fr\/wp-json\/wp\/v2\/product_tag?post=5371"}],"curies":[{"name":"wp","href":"https:\/\/api.w.org\/{rel}","templated":true}]}}