{"id":5352,"date":"2025-03-08T08:04:52","date_gmt":"2025-03-08T08:04:52","guid":{"rendered":"https:\/\/afrycom.com\/product\/browon-veste-longue-en-laine-a-col-rabattu-pour-homme-manteau-monochrome-garde-au-chaud-affaires-decontracte-marque-automne-hiver-nouveau-2025\/"},"modified":"2025-06-09T15:26:40","modified_gmt":"2025-06-09T15:26:40","slug":"browon-veste-longue-en-laine-a-col-rabattu-pour-homme-manteau-monochrome-garde-au-chaud-affaires-decontracte-marque-automne-hiver-nouveau-2025","status":"publish","type":"product","link":"https:\/\/afrycom.com\/fr\/produit\/browon-veste-longue-en-laine-a-col-rabattu-pour-homme-manteau-monochrome-garde-au-chaud-affaires-decontracte-marque-automne-hiver-nouveau-2025\/","title":{"rendered":"BROWON-Veste longue en laine \u00e0 col rabattu pour homme, manteau monochrome, garde au chaud, affaires, d\u00e9contract\u00e9, marque, automne, hiver, nouveau, 2025"},"content":{"rendered":"<p>&nbsp;<\/p>\n<div class=\"product-specs-list-container\">\n<ul class=\"product-specs-list util-clearfix\">\n<li class=\"product-prop line-limit-length\"><span class=\"property-title\">Si l'ouverture compl\u00e8te :\u00a0<\/span><span class=\"property-desc line-limit-length\">Oui<\/span><\/li>\n<li class=\"product-prop line-limit-length\"><span class=\"property-title\">Chimique Hign-concern\u00e9 :\u00a0<\/span><span class=\"property-desc line-limit-length\">Aucun<\/span><\/li>\n<li class=\"product-prop line-limit-length\"><span class=\"property-title\">Artisanat du tissage :\u00a0<\/span><span class=\"property-desc line-limit-length\">Tat<\/span><\/li>\n<li class=\"product-prop line-limit-length\"><span class=\"property-title\">Saison Applicable :\u00a0<\/span><span class=\"property-desc line-limit-length\">Automne Et Hiver<\/span><\/li>\n<li class=\"product-prop line-limit-length\"><span class=\"property-title\">Sc\u00e8ne applicable :\u00a0<\/span><span class=\"property-desc line-limit-length\">Les affaires<\/span><\/li>\n<li class=\"product-prop line-limit-length\"><span class=\"property-title\">Lieu du0027origine :\u00a0<\/span><span class=\"property-desc line-limit-length\">Chine (continent)<\/span><\/li>\n<li class=\"product-prop line-limit-length\"><span class=\"property-title\">Style de Manches :\u00a0<\/span><span class=\"property-desc line-limit-length\">R\u00c9GULIER<\/span><\/li>\n<li class=\"product-prop line-limit-length\"><span class=\"property-title\">Style manchette :\u00a0<\/span><span class=\"property-desc line-limit-length\">Conventionnel<\/span><\/li>\n<li class=\"product-prop line-limit-length\"><span class=\"property-title\">Type de tissu :\u00a0<\/span><span class=\"property-desc line-limit-length\">Laine<\/span><\/li>\n<li class=\"product-prop line-limit-length\"><span class=\"property-title\">Num\u00e9ro de Mod\u00e8le :\u00a0<\/span><span class=\"property-desc line-limit-length\">Vestes d\u00e9contract\u00e9es<\/span><\/li>\n<li class=\"product-prop line-limit-length\"><span class=\"property-title\">Type :\u00a0<\/span><span class=\"property-desc line-limit-length\">R\u00c9GULIER<\/span><\/li>\n<li class=\"product-prop line-limit-length\"><span class=\"property-title\">Partie d\u00e9tachable :\u00a0<\/span><span class=\"property-desc line-limit-length\">AUCUN<\/span><\/li>\n<li class=\"product-prop line-limit-length\"><span class=\"property-title\">D\u00e9coration :\u00a0<\/span><span class=\"property-desc line-limit-length\">POCHES<\/span><\/li>\n<li class=\"product-prop line-limit-length\"><span class=\"property-title\">Mat\u00e9riel Doublure :\u00a0<\/span><span class=\"property-desc line-limit-length\">POLYESTER<\/span><\/li>\n<li class=\"product-prop line-limit-length\"><span class=\"property-title\">\u00c9paisseur :\u00a0<\/span><span class=\"property-desc line-limit-length\">\u00c9pais<\/span><\/li>\n<li class=\"product-prop line-limit-length\"><span class=\"property-title\">\u00c0 capuche :\u00a0<\/span><span class=\"property-desc line-limit-length\">Pas de<\/span><\/li>\n<li class=\"product-prop line-limit-length\"><span class=\"property-title\">Type de fermeture :\u00a0<\/span><span class=\"property-desc line-limit-length\">Seins simples<\/span><\/li>\n<li class=\"product-prop line-limit-length\"><span class=\"property-title\">Type de Motif :\u00a0<\/span><span class=\"property-desc line-limit-length\">Solide<\/span><\/li>\n<li class=\"product-prop line-limit-length\"><span class=\"property-title\">Collier :\u00a0<\/span><span class=\"property-desc line-limit-length\">\u00c0 col rabattu<\/span><\/li>\n<li class=\"product-prop line-limit-length\"><span class=\"property-title\">Style :\u00a0<\/span><span class=\"property-desc line-limit-length\">Le sport<\/span><\/li>\n<li class=\"product-prop line-limit-length\"><span class=\"property-title\">Longueur de V\u00eatement :\u00a0<\/span><span class=\"property-desc line-limit-length\">long<\/span><\/li>\n<li class=\"product-prop line-limit-length\"><span class=\"property-title\">Longueur de Manche (cm) :\u00a0<\/span><span class=\"property-desc line-limit-length\">Plein<\/span><\/li>\n<li class=\"product-prop line-limit-length\"><span class=\"property-title\">Mat\u00e9riau :\u00a0<\/span><span class=\"property-desc line-limit-length\">POLYESTER,Laine<\/span><\/li>\n<li class=\"product-prop line-limit-length\"><span class=\"property-title\">Nom de marque :\u00a0<\/span><span class=\"property-desc line-limit-length\">BROWON<\/span><\/li>\n<li class=\"product-prop line-limit-length\"><span class=\"property-title\">Origine :\u00a0<\/span><span class=\"property-desc line-limit-length\">CN (Origine)<\/span><\/li>\n<li class=\"product-prop line-limit-length\"><span class=\"property-title\">CN :\u00a0<\/span><span class=\"property-desc line-limit-length\">Guangdong<\/span><\/li>\n<li class=\"product-prop line-limit-length\"><span class=\"property-title\">Sexe :\u00a0<\/span><span class=\"property-desc line-limit-length\">MEN<\/span><\/li>\n<li class=\"product-prop line-limit-length\"><span class=\"property-title\">Type de manteaux :\u00a0<\/span><span class=\"property-desc line-limit-length\">tranch\u00e9e<\/span><\/li>\n<li class=\"product-prop line-limit-length\"><span class=\"property-title\">Couleur :\u00a0<\/span><span class=\"property-desc line-limit-length\">Gris\/Noir<\/span><\/li>\n<li class=\"product-prop line-limit-length\"><span class=\"property-title\">Taille :\u00a0<\/span><span class=\"property-desc line-limit-length\">M-4XL<\/span><\/li>\n<li class=\"product-prop line-limit-length\"><span class=\"property-title\">Tissu 1 :\u00a0<\/span><span class=\"property-desc line-limit-length\">40%Wool+60%Polyester<\/span><\/li>\n<li class=\"product-prop line-limit-length\"><span class=\"property-title\">Tissu 2 :\u00a0<\/span><span class=\"property-desc line-limit-length\">lingerie:95%Polyester<\/span><\/li>\n<\/ul>\n<\/div>\n<div class=\"detailmodule_html\">\n<div class=\"detail-desc-decorate-richtext\">\n<div class=\"detailmodule_html\">\n<div class=\"detail-desc-decorate-richtext\">\n<p style=\"font-family: 'Open Sans', Roboto, Arial, Helvetica, sans-serif, SimSun; font-size: 14px; font-weight: 400; letter-spacing: normal; line-height: inherit; text-align: start; white-space: normal; color: #222222; background-color: #ffffff; margin: 0px; padding: 0px; box-sizing: border-box;\" align=\"start\"><span style=\"color: #f44e3b; font-size: 18px; font-family: verdana, geneva, sans-serif;\"><strong>Remarque :<\/strong><\/span><\/p>\n<p style=\"font-family: 'Open Sans', Roboto, Arial, Helvetica, sans-serif, SimSun; font-size: 14px; font-weight: 400; letter-spacing: normal; line-height: inherit; text-align: start; white-space: normal; color: #222222; background-color: #ffffff; margin: 0px; padding: 0px; box-sizing: border-box;\" align=\"start\"><span style=\"color: #f44e3b; font-size: 16px; font-family: verdana, geneva, sans-serif;\">1. Il est en taille chinoise, taille habituelle 1 \u00e0 2 plus petite que la taille EU US,<\/span><\/p>\n<p style=\"font-family: 'Open Sans', Roboto, Arial, Helvetica, sans-serif, SimSun; font-size: 14px; font-weight: 400; letter-spacing: normal; line-height: inherit; text-align: start; white-space: normal; color: #222222; background-color: #ffffff; margin: 0px; padding: 0px; box-sizing: border-box;\" align=\"start\"><span style=\"font-size: 16px; font-family: verdana, geneva, sans-serif;\">2. Veuillez vous r\u00e9f\u00e9rer \u00e0 notre tableau des tailles pour choisir, le tableau des tailles fait r\u00e9f\u00e9rence aux dimensions des v\u00eatements et non aux mesures du corps.<\/span><\/p>\n<p style=\"font-family: 'Open Sans', Roboto, Arial, Helvetica, sans-serif, SimSun; font-size: 14px; font-weight: 400; letter-spacing: normal; line-height: inherit; text-align: start; white-space: normal; color: #222222; background-color: #ffffff; margin: 0px; padding: 0px; box-sizing: border-box;\" align=\"start\"><span style=\"font-size: 16px; font-family: verdana, geneva, sans-serif;\">3. Si vos mesures se situent entre deux tailles, veuillez choisir la plus grande, un peu grande sera mieux que plus petite.<\/span><\/p>\n<p style=\"font-family: 'Open Sans', Roboto, Arial, Helvetica, sans-serif, SimSun; font-size: 14px; font-weight: 400; letter-spacing: normal; line-height: inherit; text-align: start; white-space: normal; color: #222222; background-color: #ffffff; margin: 0px; padding: 0px; box-sizing: border-box;\" align=\"start\"><span style=\"font-size: 16px; font-family: verdana, geneva, sans-serif;\">4. Veuillez permettre une erreur de 1 \u00e0 3 cm en raison de la mesure manuelle.<\/span><\/p>\n<p style=\"font-family: 'Open Sans', Roboto, Arial, Helvetica, sans-serif, SimSun; font-size: 14px; font-weight: 400; letter-spacing: normal; line-height: inherit; text-align: start; white-space: normal; color: #222222; background-color: #ffffff; margin: 0px; padding: 0px; box-sizing: border-box;\" align=\"start\"><span style=\"color: #f44e3b; font-size: 16px; font-family: verdana, geneva, sans-serif;\">5. Si vous avez des probl\u00e8mes pour choisir la taille, veuillez nous contacter, nous sommes professionnels \u00e0 ce sujet,<\/span><\/p>\n<p style=\"font-family: 'Open Sans', Roboto, Arial, Helvetica, sans-serif, SimSun; font-size: 14px; font-weight: 400; letter-spacing: normal; line-height: inherit; text-align: start; white-space: normal; color: #222222; background-color: #ffffff; margin: 0px; padding: 0px; box-sizing: border-box;\" align=\"start\"><span style=\"font-size: 16px; font-family: verdana, geneva, sans-serif;\">6,1 cm = 0,39 pouce, 1 pouce = 2,54 cm<\/span><\/p>\n<p style=\"font-family: 'Open Sans', Roboto, Arial, Helvetica, sans-serif, SimSun; font-size: 14px; font-weight: 400; letter-spacing: normal; line-height: inherit; text-align: start; white-space: normal; color: #222222; background-color: #ffffff; margin: 0px; padding: 0px; box-sizing: border-box;\" align=\"start\"><span style=\"font-size: 16px; font-family: verdana, geneva, sans-serif;\">Poids sugg\u00e9r\u00e9 &gt;&gt;&gt; Bas\u00e9 sur nos nombreuses ann\u00e9es d'exp\u00e9rience \u00e0 fournir, mais uniquement \u00e0 titre de r\u00e9f\u00e9rence, car diff\u00e9rentes personnes ont un corps diff\u00e9rent.<\/span><\/p>\n<p style=\"text-align: left; margin: 0;\"><img decoding=\"async\" src=\"https:\/\/ae01.alicdn.com\/kf\/S0150a50cf9cd4cc29d10515c03cf3e71R.jpg?width=790&amp;height=872&amp;hash=1662\" \/><img decoding=\"async\" src=\"https:\/\/ae01.alicdn.com\/kf\/S09cfc14d2ab343b7892c2fa4019db1edC.jpg?width=790&amp;height=872&amp;hash=1662\" \/><img decoding=\"async\" src=\"https:\/\/ae01.alicdn.com\/kf\/Se548d935d772433d833deb8ec81b9512D.jpg?width=790&amp;height=518&amp;hash=1308\" \/><img decoding=\"async\" src=\"https:\/\/ae01.alicdn.com\/kf\/S4bda5c1ca2294496b3bed84ce5422e52T.jpg?width=790&amp;height=872&amp;hash=1662\" \/><img decoding=\"async\" src=\"https:\/\/ae01.alicdn.com\/kf\/Sc1448f3eae18432f9bc7a11d1ebd56904.jpg?width=800&amp;height=762&amp;hash=1562\" \/><img decoding=\"async\" src=\"https:\/\/ae01.alicdn.com\/kf\/Sf33c33631688430bb774fbb04992ed76g.jpg?width=790&amp;height=604&amp;hash=1394\" \/><img decoding=\"async\" src=\"https:\/\/ae01.alicdn.com\/kf\/S70d4dbbd0c1946f892a46051af9788f1t.jpg?width=790&amp;height=873&amp;hash=1663\" \/><img decoding=\"async\" src=\"https:\/\/ae01.alicdn.com\/kf\/Sf77946253f594eb98e2c4b3127fc082dG.jpg?width=790&amp;height=872&amp;hash=1662\" \/><img decoding=\"async\" src=\"https:\/\/ae01.alicdn.com\/kf\/Sb78b92c71a9a486eb0dd696d5cc949f0w.jpg?width=790&amp;height=779&amp;hash=1569\" \/><img decoding=\"async\" src=\"https:\/\/ae01.alicdn.com\/kf\/S792ff4b38ba349cfa136d5c6ff634569C.jpg?width=790&amp;height=872&amp;hash=1662\" \/><img decoding=\"async\" src=\"https:\/\/ae01.alicdn.com\/kf\/Sf2838f778c9e49eaa2a050d63fc073cdJ.jpg?width=790&amp;height=872&amp;hash=1662\" \/><img decoding=\"async\" src=\"https:\/\/ae01.alicdn.com\/kf\/Sf78b43f36bc143e99d83424c8630a7cf6.jpg?width=790&amp;height=873&amp;hash=1663\" \/><img decoding=\"async\" src=\"https:\/\/ae01.alicdn.com\/kf\/S2c45ae78819a450f9f38386d6a4e74a04.jpg?width=790&amp;height=872&amp;hash=1662\" \/><img decoding=\"async\" src=\"https:\/\/ae01.alicdn.com\/kf\/S3cc9ec0773934c39885459413276c2a87.jpg?width=790&amp;height=872&amp;hash=1662\" \/><img decoding=\"async\" src=\"https:\/\/ae01.alicdn.com\/kf\/S4a6de646d9164528a1f67ca2340b05efm.jpg?width=790&amp;height=872&amp;hash=1662\" \/><img decoding=\"async\" src=\"https:\/\/ae01.alicdn.com\/kf\/Sb6208b454a5c451da9b4c3147360d1efl.jpg?width=790&amp;height=873&amp;hash=1663\" \/><img decoding=\"async\" src=\"https:\/\/ae01.alicdn.com\/kf\/S5806f70542a24c458815fc8f11a2688fv.jpg?width=790&amp;height=872&amp;hash=1662\" \/><img decoding=\"async\" src=\"https:\/\/ae01.alicdn.com\/kf\/Sb946bb69755f4819b1841b7d29aafc4co.jpg?width=790&amp;height=872&amp;hash=1662\" \/><\/p>\n<\/div>\n<\/div>\n<\/div>\n<\/div>","protected":false},"excerpt":{"rendered":"<p>&nbsp; Si l&#8217;ouverture compl\u00e8te:\u00a0Oui Chimique Hign-concern\u00e9:\u00a0Aucun Artisanat du tissage:\u00a0Tat Saison Applicable:\u00a0Automne Et Hiver Applicable Scene:\u00a0Les affaires Lieu du0027origine:\u00a0Chine (continent) Style<\/p>","protected":false},"featured_media":5353,"comment_status":"open","ping_status":"closed","template":"","meta":[],"product_brand":[],"product_cat":[83,4980,1450,5001],"product_tag":[],"class_list":{"0":"post-5352","1":"product","2":"type-product","3":"status-publish","4":"has-post-thumbnail","6":"product_cat-clothings-shoes","7":"product_cat-coats-jackets","8":"product_cat-mens-section","9":"product_cat-suits-formal-wear","11":"first","12":"instock","13":"shipping-taxable","14":"purchasable","15":"product-type-variable"},"jetpack_sharing_enabled":true,"_links":{"self":[{"href":"https:\/\/afrycom.com\/fr\/wp-json\/wp\/v2\/product\/5352","targetHints":{"allow":["GET"]}}],"collection":[{"href":"https:\/\/afrycom.com\/fr\/wp-json\/wp\/v2\/product"}],"about":[{"href":"https:\/\/afrycom.com\/fr\/wp-json\/wp\/v2\/types\/product"}],"replies":[{"embeddable":true,"href":"https:\/\/afrycom.com\/fr\/wp-json\/wp\/v2\/comments?post=5352"}],"wp:featuredmedia":[{"embeddable":true,"href":"https:\/\/afrycom.com\/fr\/wp-json\/wp\/v2\/media\/5353"}],"wp:attachment":[{"href":"https:\/\/afrycom.com\/fr\/wp-json\/wp\/v2\/media?parent=5352"}],"wp:term":[{"taxonomy":"product_brand","embeddable":true,"href":"https:\/\/afrycom.com\/fr\/wp-json\/wp\/v2\/product_brand?post=5352"},{"taxonomy":"product_cat","embeddable":true,"href":"https:\/\/afrycom.com\/fr\/wp-json\/wp\/v2\/product_cat?post=5352"},{"taxonomy":"product_tag","embeddable":true,"href":"https:\/\/afrycom.com\/fr\/wp-json\/wp\/v2\/product_tag?post=5352"}],"curies":[{"name":"wp","href":"https:\/\/api.w.org\/{rel}","templated":true}]}}