{"id":5181,"date":"2025-03-08T07:59:42","date_gmt":"2025-03-08T07:59:42","guid":{"rendered":"https:\/\/afrycom.com\/product\/chaussures-de-course-coordonnantes-pour-hommes-et-femmes-baskets-athletiques-plaque-de-carbone-marathon-respirant-leger-confortable-decontracte\/"},"modified":"2025-07-14T03:24:34","modified_gmt":"2025-07-14T03:24:34","slug":"chaussures-de-course-coordonnantes-pour-hommes-et-femmes-baskets-athletiques-plaque-de-carbone-marathon-respirant-leger-confortable-decontracte","status":"publish","type":"product","link":"https:\/\/afrycom.com\/fr\/produit\/chaussures-de-course-coordonnantes-pour-hommes-et-femmes-baskets-athletiques-plaque-de-carbone-marathon-respirant-leger-confortable-decontracte\/","title":{"rendered":"Chaussures de course coordonnantes pour hommes et femmes, baskets athl\u00e9tiques, plaque de carbone, marathon, respirant, l\u00e9ger, confortable, d\u00e9contract\u00e9"},"content":{"rendered":"<p>&nbsp;<\/p>\n<div class=\"product-specs-list-container\">\n<ul class=\"product-specs-list util-clearfix\">\n<li class=\"product-prop line-limit-length\"><span class=\"property-title\">Type de chaussures :\u00a0<\/span><span class=\"property-desc line-limit-length\">Base<\/span><\/li>\n<li class=\"product-prop line-limit-length\"><span class=\"property-title\">Ajustement :\u00a0<\/span><span class=\"property-desc line-limit-length\">S'adapte \u00e0 la taille, prenez votre taille normale<\/span><\/li>\n<li class=\"product-prop line-limit-length\"><span class=\"property-title\">Mat\u00e9riel de semelle :\u00a0<\/span><span class=\"property-desc line-limit-length\">EVA<\/span><\/li>\n<li class=\"product-prop line-limit-length\"><span class=\"property-title\">Num\u00e9ro de Mod\u00e8le :\u00a0<\/span><span class=\"property-desc line-limit-length\">3362<\/span><\/li>\n<li class=\"product-prop line-limit-length\"><span class=\"property-title\">Mat\u00e9riel Doublure :\u00a0<\/span><span class=\"property-desc line-limit-length\">Soie<\/span><\/li>\n<li class=\"product-prop line-limit-length\"><span class=\"property-title\">Mat\u00e9riau de Semelle Ext\u00e9rieure :\u00a0<\/span><span class=\"property-desc line-limit-length\">EVA<\/span><\/li>\n<li class=\"product-prop line-limit-length\"><span class=\"property-title\">Type de Fermeture :\u00a0<\/span><span class=\"property-desc line-limit-length\">Lacets<\/span><\/li>\n<li class=\"product-prop line-limit-length\"><span class=\"property-title\">Caract\u00e9ristique :\u00a0<\/span><span class=\"property-desc line-limit-length\">respirant,Allum\u00e9,Massage,Absorbant de sueur,light,Anti-odeur<\/span><\/li>\n<li class=\"product-prop line-limit-length\"><span class=\"property-title\">Mat\u00e9riau Sup\u00e9rieur :\u00a0<\/span><span class=\"property-desc line-limit-length\">Maille (Maille d'air)<\/span><\/li>\n<li class=\"product-prop line-limit-length\"><span class=\"property-title\">Origine :\u00a0<\/span><span class=\"property-desc line-limit-length\">CN (Origine)<\/span><\/li>\n<li class=\"product-prop line-limit-length\"><span class=\"property-title\">Type d'article :\u00a0<\/span><span class=\"property-desc line-limit-length\">Chaussures d\u00e9contract\u00e9es<\/span><\/li>\n<li class=\"product-prop line-limit-length\"><span class=\"property-title\">Nom de D\u00e9partement :\u00a0<\/span><span class=\"property-desc line-limit-length\">Adulte<\/span><\/li>\n<li class=\"product-prop line-limit-length\"><span class=\"property-title\">Nom de marque :\u00a0<\/span><span class=\"property-desc line-limit-length\">BEAJIU<\/span><\/li>\n<\/ul>\n<\/div>\n<div class=\"detailmodule_html\">\n<div class=\"detail-desc-decorate-richtext\">\n<p><img decoding=\"async\" src=\"https:\/\/ae01.alicdn.com\/kf\/Se5f6d8203df84b1697b139f6ca4881e40.jpg\" \/><img decoding=\"async\" src=\"https:\/\/ae01.alicdn.com\/kf\/Sd974bb39564f4b9a9708c135df04e785g.jpg\" \/><img decoding=\"async\" src=\"https:\/\/ae01.alicdn.com\/kf\/S0dda0b04b65e4153b446ae5bc18be1c7A.jpg\" \/><img decoding=\"async\" src=\"https:\/\/ae01.alicdn.com\/kf\/S314ca76ef08541a08d78cb489ead1e7fH.jpg\" \/><img decoding=\"async\" src=\"https:\/\/ae01.alicdn.com\/kf\/Sb25fbf015f6f42dea38cf6b327405223h.jpg\" \/><img decoding=\"async\" src=\"https:\/\/ae01.alicdn.com\/kf\/S08fa5cfa40514768a6294f7b16facfba1.jpg\" \/><img decoding=\"async\" src=\"https:\/\/ae01.alicdn.com\/kf\/S77ed8a20ef8d4195a002b612870fb470t.jpg\" \/><img decoding=\"async\" src=\"https:\/\/ae01.alicdn.com\/kf\/S075aeecda3924a2e98713f94167f175at.jpg\" \/><img decoding=\"async\" src=\"https:\/\/ae01.alicdn.com\/kf\/S2319743f7f5d46cbad0552221a518988d.jpg\" \/><img decoding=\"async\" src=\"https:\/\/ae01.alicdn.com\/kf\/S7539491949a04c109b45531f2c222080Y.jpg\" \/><img decoding=\"async\" src=\"https:\/\/ae01.alicdn.com\/kf\/S2bd8be62004247b99b55bc28e6128e852.jpg\" \/><img decoding=\"async\" src=\"https:\/\/ae01.alicdn.com\/kf\/S565e3e335e5d4dd284870e87f3b7dfa3s.jpg\" \/><img decoding=\"async\" src=\"https:\/\/ae01.alicdn.com\/kf\/Sb1124d5a8a334ad4b1601bc0d9fef9c1X.jpg\" \/><img decoding=\"async\" src=\"https:\/\/ae01.alicdn.com\/kf\/S433880b56f7c4617a0549fa3c2639dffT.jpg\" \/><img decoding=\"async\" src=\"https:\/\/ae01.alicdn.com\/kf\/Scd60f77944724228989b17419059029el.jpg\" \/><img decoding=\"async\" src=\"https:\/\/ae01.alicdn.com\/kf\/Sbfad20b891184cd0bd61ebf01cfe7702a.jpg\" \/><img decoding=\"async\" src=\"https:\/\/ae01.alicdn.com\/kf\/Sd3f63e196ec341ec863f93ec9f655fc6n.jpg\" \/><img decoding=\"async\" src=\"https:\/\/ae01.alicdn.com\/kf\/S1b3dbe6efbea4078ae248a3fbebd8eeaw.jpg\" \/><img decoding=\"async\" src=\"https:\/\/ae01.alicdn.com\/kf\/S873f9fcaf82f47fb8c17f0eca4ffdc5dd.jpg\" \/><img decoding=\"async\" src=\"https:\/\/ae01.alicdn.com\/kf\/S86eac1666189473799a628b8e27aabe2f.jpg\" \/><img decoding=\"async\" src=\"https:\/\/ae01.alicdn.com\/kf\/S6df19660f26a4320ac830f44239a46015.jpg\" \/><img decoding=\"async\" src=\"https:\/\/ae01.alicdn.com\/kf\/S0ae4b8e21c32448494c1108f621726b4D.jpg\" \/><img decoding=\"async\" src=\"https:\/\/ae01.alicdn.com\/kf\/S22c1c2148dea49b98ba478ab4ec8a4eeB.jpg\" \/><img decoding=\"async\" src=\"https:\/\/ae01.alicdn.com\/kf\/Sdac91131dcbd413ca88420d6a449a27cY.jpg\" \/><img decoding=\"async\" src=\"https:\/\/ae01.alicdn.com\/kf\/S3adc3d69ba6c468ba0f161550b393c0c0.jpg\" \/><img decoding=\"async\" src=\"https:\/\/ae01.alicdn.com\/kf\/Sfea2ad04c24a4a94a3bc0d8a1e595e0a4.jpg\" \/><img decoding=\"async\" src=\"https:\/\/ae01.alicdn.com\/kf\/S3a51ed0337f9432a9835c27a80ee0117O.jpg\" \/><img decoding=\"async\" src=\"https:\/\/ae01.alicdn.com\/kf\/S0061be0a76114d61aea5564a5ac8b0e42.jpg\" \/><img decoding=\"async\" src=\"https:\/\/ae01.alicdn.com\/kf\/S402d68b0d4dc4f98adf7c11c3c505168J.jpg\" \/><img decoding=\"async\" src=\"https:\/\/ae01.alicdn.com\/kf\/Sf27108ac7095442b94d4a9d0fb0eec53J.jpg\" \/><img decoding=\"async\" src=\"https:\/\/ae01.alicdn.com\/kf\/Se0f44fa404b6498ba7cf45d87400f511m.jpg\" \/><img decoding=\"async\" src=\"https:\/\/ae01.alicdn.com\/kf\/S652f75374a51427491cc8c86f48fbb2aT.jpg\" \/><img decoding=\"async\" src=\"https:\/\/ae01.alicdn.com\/kf\/Sb8c49fe230cb4f2c9770075f03214b4ez.jpg\" \/><img decoding=\"async\" src=\"https:\/\/ae01.alicdn.com\/kf\/S9881e9281d4f4c54b2c580e5d3ba7b12s.jpg\" \/><img decoding=\"async\" src=\"https:\/\/ae01.alicdn.com\/kf\/Sb07ec01001d4454baee2b71349f2c9788.jpg\" \/><img decoding=\"async\" src=\"https:\/\/ae01.alicdn.com\/kf\/S652c2318afa443ce96f9173b69fbff73q.jpg\" \/><img decoding=\"async\" src=\"https:\/\/ae01.alicdn.com\/kf\/Sa11849cfecad4420bc710ba52f942735G.jpg\" \/><img decoding=\"async\" src=\"https:\/\/ae01.alicdn.com\/kf\/S461e62e23ace460eb1586f5b7b1b01b5E.jpg\" \/><img decoding=\"async\" src=\"https:\/\/ae01.alicdn.com\/kf\/S0616de12d3c849b5a20938a22b3e65983.jpg\" \/><img decoding=\"async\" src=\"https:\/\/ae01.alicdn.com\/kf\/S32877ab03c574ee0b214bfa2548cef7e5.jpg\" \/><img decoding=\"async\" src=\"https:\/\/ae01.alicdn.com\/kf\/Sf204037b8c2344b7a8105c739e9d4b7aL.jpg\" \/><img decoding=\"async\" src=\"https:\/\/ae01.alicdn.com\/kf\/Scf43d926068f4ab6a4dbddc61181fe67R.jpg\" \/><img decoding=\"async\" src=\"https:\/\/ae01.alicdn.com\/kf\/Sd60022822e174798a4b69dbf2a699a03D.jpg\" \/><img decoding=\"async\" src=\"https:\/\/ae01.alicdn.com\/kf\/Sdd25d67fc86f493dae4028d83175312fM.jpg\" \/><img decoding=\"async\" src=\"https:\/\/ae01.alicdn.com\/kf\/S0488803af4c54085ac68b01a8018434aD.jpg\" \/><img decoding=\"async\" src=\"https:\/\/ae01.alicdn.com\/kf\/S2f32fc67f253490594af3a6a597082bb2.jpg\" \/><img decoding=\"async\" src=\"https:\/\/ae01.alicdn.com\/kf\/Saa8c4799911748709a955604d37f007d6.jpg\" \/><img decoding=\"async\" src=\"https:\/\/ae01.alicdn.com\/kf\/S1343996b1aa94b258cb5d61e2161cd45V.jpg\" \/><img decoding=\"async\" src=\"https:\/\/ae01.alicdn.com\/kf\/S1410482f67544a6e8d93e63994009806j.jpg\" \/><\/p>\n<\/div>\n<\/div>","protected":false},"excerpt":{"rendered":"<p>&nbsp; Type de chaussures:\u00a0Base Ajustement:\u00a0S&#8217;adapte \u00e0 la taille, prenez votre taille normale Mat\u00e9riel de semelle:\u00a0EVA Num\u00e9ro de Mod\u00e8le:\u00a03362 Mat\u00e9riel Doublure:\u00a0Soie<\/p>","protected":false},"featured_media":5182,"comment_status":"open","ping_status":"closed","template":"","meta":[],"product_brand":[],"product_cat":[1450,4985],"product_tag":[],"class_list":{"0":"post-5181","1":"product","2":"type-product","3":"status-publish","4":"has-post-thumbnail","6":"product_cat-mens-section","7":"product_cat-sport-shoes","9":"first","10":"instock","11":"shipping-taxable","12":"purchasable","13":"product-type-variable"},"jetpack_sharing_enabled":true,"_links":{"self":[{"href":"https:\/\/afrycom.com\/fr\/wp-json\/wp\/v2\/product\/5181","targetHints":{"allow":["GET"]}}],"collection":[{"href":"https:\/\/afrycom.com\/fr\/wp-json\/wp\/v2\/product"}],"about":[{"href":"https:\/\/afrycom.com\/fr\/wp-json\/wp\/v2\/types\/product"}],"replies":[{"embeddable":true,"href":"https:\/\/afrycom.com\/fr\/wp-json\/wp\/v2\/comments?post=5181"}],"wp:featuredmedia":[{"embeddable":true,"href":"https:\/\/afrycom.com\/fr\/wp-json\/wp\/v2\/media\/5182"}],"wp:attachment":[{"href":"https:\/\/afrycom.com\/fr\/wp-json\/wp\/v2\/media?parent=5181"}],"wp:term":[{"taxonomy":"product_brand","embeddable":true,"href":"https:\/\/afrycom.com\/fr\/wp-json\/wp\/v2\/product_brand?post=5181"},{"taxonomy":"product_cat","embeddable":true,"href":"https:\/\/afrycom.com\/fr\/wp-json\/wp\/v2\/product_cat?post=5181"},{"taxonomy":"product_tag","embeddable":true,"href":"https:\/\/afrycom.com\/fr\/wp-json\/wp\/v2\/product_tag?post=5181"}],"curies":[{"name":"wp","href":"https:\/\/api.w.org\/{rel}","templated":true}]}}