{"id":5041,"date":"2025-03-08T07:59:30","date_gmt":"2025-03-08T07:59:30","guid":{"rendered":"https:\/\/afrycom.com\/product\/asics-novablast-5-chaussures-de-sport-legeres-et-confortables-pour-hommes-protection-et-respirabilite-absorbant-les-chocs-en-plein-air\/"},"modified":"2025-06-23T06:31:49","modified_gmt":"2025-06-23T06:31:49","slug":"asics-novablast-5-chaussures-de-sport-legeres-et-confortables-pour-hommes-protection-et-respirabilite-absorbant-les-chocs-en-plein-air","status":"publish","type":"product","link":"https:\/\/afrycom.com\/fr\/produit\/asics-novablast-5-chaussures-de-sport-legeres-et-confortables-pour-hommes-protection-et-respirabilite-absorbant-les-chocs-en-plein-air\/","title":{"rendered":"Asics NOVABLAST 5 chaussures de sport l\u00e9g\u00e8res et confortables pour hommes Protection et respirabilit\u00e9 absorbant les chocs en plein air"},"content":{"rendered":"<p>&nbsp;<\/p>\n<div class=\"product-specs-list-container\">\n<ul class=\"product-specs-list util-clearfix\">\n<li class=\"product-prop line-limit-length\"><span class=\"property-title\">Avec ou installer des accessoires professionnels :\u00a0<\/span><span class=\"property-desc line-limit-length\">Aucun<\/span><\/li>\n<li class=\"product-prop line-limit-length\"><span class=\"property-title\">Que ce soit avec embout en m\u00e9tal :\u00a0<\/span><span class=\"property-desc line-limit-length\">Non<\/span><\/li>\n<li class=\"product-prop line-limit-length\"><span class=\"property-title\">Que ce soit \u00e9tanche :\u00a0<\/span><span class=\"property-desc line-limit-length\">Non<\/span><\/li>\n<li class=\"product-prop line-limit-length\"><span class=\"property-title\">M\u00e9thode de fixation sup\u00e9rieure :\u00a0<\/span><span class=\"property-desc line-limit-length\">Couture<\/span><\/li>\n<li class=\"product-prop line-limit-length\"><span class=\"property-title\">Couverture sup\u00e9rieure :\u00a0<\/span><span class=\"property-desc line-limit-length\">Pas au-dessus de la cheville<\/span><\/li>\n<li class=\"product-prop line-limit-length\"><span class=\"property-title\">Chimique Hign-concern\u00e9 :\u00a0<\/span><span class=\"property-desc line-limit-length\">Aucun<\/span><\/li>\n<li class=\"product-prop line-limit-length\"><span class=\"property-title\">Mat\u00e9riau :\u00a0<\/span><span class=\"property-desc line-limit-length\">POLYESTER<\/span><\/li>\n<li class=\"product-prop line-limit-length\"><span class=\"property-title\">Hauteur sup\u00e9rieure :\u00a0<\/span><span class=\"property-desc line-limit-length\">Faible<\/span><\/li>\n<li class=\"product-prop line-limit-length\"><span class=\"property-title\">Mat\u00e9riel de semelle :\u00a0<\/span><span class=\"property-desc line-limit-length\">PU<\/span><\/li>\n<li class=\"product-prop line-limit-length\"><span class=\"property-title\">Technologie :\u00a0<\/span><span class=\"property-desc line-limit-length\">FORMOTION<\/span><\/li>\n<li class=\"product-prop line-limit-length\"><span class=\"property-title\">Endroit Applicable :\u00a0<\/span><span class=\"property-desc line-limit-length\">Pelouse ext\u00e9rieure<\/span><\/li>\n<li class=\"product-prop line-limit-length\"><span class=\"property-title\">Ajustement :\u00a0<\/span><span class=\"property-desc line-limit-length\">S'adapte \u00e0 la taille, prenez votre taille normale<\/span><\/li>\n<li class=\"product-prop line-limit-length\"><span class=\"property-title\">Fonction :\u00a0<\/span><span class=\"property-desc line-limit-length\">STABILIT\u00c9<\/span><\/li>\n<li class=\"product-prop line-limit-length\"><span class=\"property-title\">Type de Fermeture :\u00a0<\/span><span class=\"property-desc line-limit-length\">Lacets<\/span><\/li>\n<li class=\"product-prop line-limit-length\"><span class=\"property-title\">Largeur des chaussures :\u00a0<\/span><span class=\"property-desc line-limit-length\">Moyen (B,M)<\/span><\/li>\n<li class=\"product-prop line-limit-length\"><span class=\"property-title\">Caract\u00e9ristique :\u00a0<\/span><span class=\"property-desc line-limit-length\">respirant,BALANCE,Massage<\/span><\/li>\n<li class=\"product-prop line-limit-length\"><span class=\"property-title\">Mat\u00e9riau Sup\u00e9rieur :\u00a0<\/span><span class=\"property-desc line-limit-length\">PU<\/span><\/li>\n<li class=\"product-prop line-limit-length\"><span class=\"property-title\">Mat\u00e9riau de Semelle Ext\u00e9rieure :\u00a0<\/span><span class=\"property-desc line-limit-length\">CAOUTCHOUC<\/span><\/li>\n<li class=\"product-prop line-limit-length\"><span class=\"property-title\">Sexe :\u00a0<\/span><span class=\"property-desc line-limit-length\">Unisexe<\/span><\/li>\n<li class=\"product-prop line-limit-length\"><span class=\"property-title\">Nom de marque :\u00a0<\/span><span class=\"property-desc line-limit-length\">Asics<\/span><\/li>\n<li class=\"product-prop line-limit-length\"><span class=\"property-title\">Origine :\u00a0<\/span><span class=\"property-desc line-limit-length\">CN (Origine)<\/span><\/li>\n<li class=\"product-prop line-limit-length\"><span class=\"property-title\">CN :\u00a0<\/span><span class=\"property-desc line-limit-length\">Zhejiang<\/span><\/li>\n<li class=\"product-prop line-limit-length\"><span class=\"property-title\">Nom de D\u00e9partement :\u00a0<\/span><span class=\"property-desc line-limit-length\">Unisexe<\/span><\/li>\n<\/ul>\n<\/div>\n<div class=\"detailmodule_html\">\n<div class=\"detail-desc-decorate-richtext\"><img loading=\"lazy\" decoding=\"async\" style=\"width: 100%; height: auto; vertical-align: middle;\" src=\"https:\/\/ae01.alicdn.com\/kf\/Sd247d386d7fc4a26965405801f4623fej.jpg\" width=\"800\" height=\"646\" \/><img loading=\"lazy\" decoding=\"async\" style=\"width: 100%; height: auto; vertical-align: middle;\" src=\"https:\/\/ae01.alicdn.com\/kf\/S378db635f5c4407690c3c771664a4d90v.jpg\" width=\"941\" height=\"565\" \/><img loading=\"lazy\" decoding=\"async\" style=\"width: 100%; height: auto; vertical-align: middle;\" src=\"https:\/\/ae01.alicdn.com\/kf\/Sfd645019f8bf42598ff6daffa8e48d6cf.jpg?width=1080&amp;height=1080&amp;hash=2160\" width=\"1080\" height=\"1080\" \/><img loading=\"lazy\" decoding=\"async\" style=\"width: 100%; height: auto; vertical-align: middle;\" src=\"https:\/\/ae01.alicdn.com\/kf\/S308ec53ba2134f43baff339222b271b6H.jpg?width=1080&amp;height=1080&amp;hash=2160\" width=\"1080\" height=\"1080\" \/><img loading=\"lazy\" decoding=\"async\" style=\"width: 100%; height: auto; vertical-align: middle;\" src=\"https:\/\/ae01.alicdn.com\/kf\/S02c2df5f38ce4f7f8b267f41d73644ced.jpg?width=1080&amp;height=1080&amp;hash=2160\" width=\"1080\" height=\"1080\" \/><img loading=\"lazy\" decoding=\"async\" style=\"width: 100%; height: auto; vertical-align: middle;\" src=\"https:\/\/ae01.alicdn.com\/kf\/S1c3b0e0f433b4ff5ba47f82bfc8df0c0j.jpg?width=1080&amp;height=1080&amp;hash=2160\" width=\"1080\" height=\"1080\" \/><img loading=\"lazy\" decoding=\"async\" style=\"width: 100%; height: auto; vertical-align: middle;\" src=\"https:\/\/ae01.alicdn.com\/kf\/S2737596be5514d7f89362049aa3a0245p.jpg?width=1080&amp;height=1080&amp;hash=2160\" width=\"1080\" height=\"1080\" \/><img loading=\"lazy\" decoding=\"async\" style=\"width: 100%; height: auto; vertical-align: middle;\" src=\"https:\/\/ae01.alicdn.com\/kf\/S8f400405dd35457f9bb99b886818ff3fI.jpg?width=1080&amp;height=1080&amp;hash=2160\" width=\"1080\" height=\"1080\" \/><img loading=\"lazy\" decoding=\"async\" style=\"width: 100%; height: auto; vertical-align: middle;\" src=\"https:\/\/ae01.alicdn.com\/kf\/S8a46be49d1024346ab3b57b419da3326r.jpg?width=1080&amp;height=1080&amp;hash=2160\" width=\"1080\" height=\"1080\" \/><img loading=\"lazy\" decoding=\"async\" style=\"width: 100%; height: auto; vertical-align: middle;\" src=\"https:\/\/ae01.alicdn.com\/kf\/S8a3bf1f249e646b1b63254880b59f9d1S.jpg?width=1080&amp;height=1080&amp;hash=2160\" width=\"1080\" height=\"1080\" \/><img loading=\"lazy\" decoding=\"async\" style=\"width: 100%; height: auto; vertical-align: middle;\" src=\"https:\/\/ae01.alicdn.com\/kf\/S9fafe242b99f41748c5df473a3189f91T.jpg?width=1080&amp;height=1080&amp;hash=2160\" width=\"1080\" height=\"1080\" \/><img loading=\"lazy\" decoding=\"async\" style=\"width: 100%; height: auto; vertical-align: middle;\" src=\"https:\/\/ae01.alicdn.com\/kf\/Sf532b7bdcbb646b197a86f905befd2f2M.jpg?width=1080&amp;height=1080&amp;hash=2160\" width=\"1080\" height=\"1080\" \/><\/div>\n<\/div>","protected":false},"excerpt":{"rendered":"<p>&nbsp; Avec ou installer des accessoires professionnels:\u00a0Aucun Que ce soit avec embout en m\u00e9tal:\u00a0Non Que ce soit \u00e9tanche:\u00a0Non M\u00e9thode de<\/p>","protected":false},"featured_media":5042,"comment_status":"open","ping_status":"closed","template":"","meta":[],"product_brand":[],"product_cat":[5768,84],"product_tag":[],"class_list":{"0":"post-5041","1":"product","2":"type-product","3":"status-publish","4":"has-post-thumbnail","6":"product_cat-sport-shoes-athletic-apparels","7":"product_cat-sports-outdoors","9":"first","10":"instock","11":"sale","12":"shipping-taxable","13":"purchasable","14":"product-type-variable"},"jetpack_sharing_enabled":true,"_links":{"self":[{"href":"https:\/\/afrycom.com\/fr\/wp-json\/wp\/v2\/product\/5041","targetHints":{"allow":["GET"]}}],"collection":[{"href":"https:\/\/afrycom.com\/fr\/wp-json\/wp\/v2\/product"}],"about":[{"href":"https:\/\/afrycom.com\/fr\/wp-json\/wp\/v2\/types\/product"}],"replies":[{"embeddable":true,"href":"https:\/\/afrycom.com\/fr\/wp-json\/wp\/v2\/comments?post=5041"}],"wp:featuredmedia":[{"embeddable":true,"href":"https:\/\/afrycom.com\/fr\/wp-json\/wp\/v2\/media\/5042"}],"wp:attachment":[{"href":"https:\/\/afrycom.com\/fr\/wp-json\/wp\/v2\/media?parent=5041"}],"wp:term":[{"taxonomy":"product_brand","embeddable":true,"href":"https:\/\/afrycom.com\/fr\/wp-json\/wp\/v2\/product_brand?post=5041"},{"taxonomy":"product_cat","embeddable":true,"href":"https:\/\/afrycom.com\/fr\/wp-json\/wp\/v2\/product_cat?post=5041"},{"taxonomy":"product_tag","embeddable":true,"href":"https:\/\/afrycom.com\/fr\/wp-json\/wp\/v2\/product_tag?post=5041"}],"curies":[{"name":"wp","href":"https:\/\/api.w.org\/{rel}","templated":true}]}}