{"id":4944,"date":"2025-03-08T07:59:23","date_gmt":"2025-03-08T07:59:23","guid":{"rendered":"https:\/\/afrycom.com\/product\/nike-pegasus-41-chaussures-de-course-legeres-rebondissantes-durables-respirantes-et-coupe-basse-pour-hommes-chaussures-nike\/"},"modified":"2025-03-08T08:00:24","modified_gmt":"2025-03-08T08:00:24","slug":"nike-pegasus-41-chaussures-de-course-legeres-rebondissantes-durables-respirantes-et-coupe-basse-pour-hommes-chaussures-nike","status":"publish","type":"product","link":"https:\/\/afrycom.com\/fr\/produit\/nike-pegasus-41-chaussures-de-course-legeres-rebondissantes-durables-respirantes-et-coupe-basse-pour-hommes-chaussures-nike\/","title":{"rendered":"Nike Pegasus 41 Chaussures de course l\u00e9g\u00e8res, rebondissantes, durables, respirantes et coupe basse pour hommes, chaussures Nike"},"content":{"rendered":"<div class=\"product-specs-list-container\">\n<ul class=\"product-specs-list util-clearfix\">\n<li class=\"product-prop line-limit-length\"><span\n                                        class=\"property-title\">Avec ou installer des accessoires professionnels :&nbsp;<\/span><span\n                                        class=\"property-desc line-limit-length\">Aucun<\/span>\n                            <\/li>\n<li class=\"product-prop line-limit-length\"><span\n                                        class=\"property-title\">Que ce soit avec embout en m\u00e9tal :&nbsp;<\/span><span\n                                        class=\"property-desc line-limit-length\">Non<\/span>\n                            <\/li>\n<li class=\"product-prop line-limit-length\"><span\n                                        class=\"property-title\">Que ce soit \u00e9tanche :&nbsp;<\/span><span\n                                        class=\"property-desc line-limit-length\">Non<\/span>\n                            <\/li>\n<li class=\"product-prop line-limit-length\"><span\n                                        class=\"property-title\">M\u00e9thode de fixation sup\u00e9rieure :&nbsp;<\/span><span\n                                        class=\"property-desc line-limit-length\">Moulage par injection<\/span>\n                            <\/li>\n<li class=\"product-prop line-limit-length\"><span\n                                        class=\"property-title\">Couverture sup\u00e9rieure :&nbsp;<\/span><span\n                                        class=\"property-desc line-limit-length\">Au-dessus de la cheville mais pas jusqu&#039;au genou<\/span>\n                            <\/li>\n<li class=\"product-prop line-limit-length\"><span\n                                        class=\"property-title\">Chimique Hign-concern\u00e9 :&nbsp;<\/span><span\n                                        class=\"property-desc line-limit-length\">Aucun<\/span>\n                            <\/li>\n<li class=\"product-prop line-limit-length\"><span\n                                        class=\"property-title\">Mat\u00e9riau :&nbsp;<\/span><span\n                                        class=\"property-desc line-limit-length\">POLYESTER<\/span>\n                            <\/li>\n<li class=\"product-prop line-limit-length\"><span\n                                        class=\"property-title\">Hauteur sup\u00e9rieure :&nbsp;<\/span><span\n                                        class=\"property-desc line-limit-length\">Faible<\/span>\n                            <\/li>\n<li class=\"product-prop line-limit-length\"><span\n                                        class=\"property-title\">Type de sport :&nbsp;<\/span><span\n                                        class=\"property-desc line-limit-length\">Coussin<\/span>\n                            <\/li>\n<li class=\"product-prop line-limit-length\"><span\n                                        class=\"property-title\">Mat\u00e9riel de semelle :&nbsp;<\/span><span\n                                        class=\"property-desc line-limit-length\">EVA<\/span>\n                            <\/li>\n<li class=\"product-prop line-limit-length\"><span\n                                        class=\"property-title\">Num\u00e9ro de Mod\u00e8le :&nbsp;<\/span><span\n                                        class=\"property-desc line-limit-length\">Pegasus 41<\/span>\n                            <\/li>\n<li class=\"product-prop line-limit-length\"><span\n                                        class=\"property-title\">Technologie :&nbsp;<\/span><span\n                                        class=\"property-desc line-limit-length\">SEMELLE D\u2019AIR<\/span>\n                            <\/li>\n<li class=\"product-prop line-limit-length\"><span\n                                        class=\"property-title\">Endroit Applicable :&nbsp;<\/span><span\n                                        class=\"property-desc line-limit-length\">cour dure<\/span>\n                            <\/li>\n<li class=\"product-prop line-limit-length\"><span\n                                        class=\"property-title\">Niveau de pratique :&nbsp;<\/span><span\n                                        class=\"property-desc line-limit-length\">D\u00e9butant<\/span>\n                            <\/li>\n<li class=\"product-prop line-limit-length\"><span\n                                        class=\"property-title\">Ajustement :&nbsp;<\/span><span\n                                        class=\"property-desc line-limit-length\">S&#039;adapte \u00e0 la taille, prenez votre taille normale<\/span>\n                            <\/li>\n<li class=\"product-prop line-limit-length\"><span\n                                        class=\"property-title\">Fonction :&nbsp;<\/span><span\n                                        class=\"property-desc line-limit-length\">Amortissement<\/span>\n                            <\/li>\n<li class=\"product-prop line-limit-length\"><span\n                                        class=\"property-title\">Type de Fermeture :&nbsp;<\/span><span\n                                        class=\"property-desc line-limit-length\">Lacets<\/span>\n                            <\/li>\n<li class=\"product-prop line-limit-length\"><span\n                                        class=\"property-title\">Largeur des chaussures :&nbsp;<\/span><span\n                                        class=\"property-desc line-limit-length\">Moyen (B,M)<\/span>\n                            <\/li>\n<li class=\"product-prop line-limit-length\"><span\n                                        class=\"property-title\">Mat\u00e9riau Sup\u00e9rieur :&nbsp;<\/span><span\n                                        class=\"property-desc line-limit-length\">Maille<\/span>\n                            <\/li>\n<li class=\"product-prop line-limit-length\"><span\n                                        class=\"property-title\">Mat\u00e9riau de Semelle Ext\u00e9rieure :&nbsp;<\/span><span\n                                        class=\"property-desc line-limit-length\">CAOUTCHOUC<\/span>\n                            <\/li>\n<li class=\"product-prop line-limit-length\"><span\n                                        class=\"property-title\">Sexe :&nbsp;<\/span><span\n                                        class=\"property-desc line-limit-length\">Unisexe<\/span>\n                            <\/li>\n<li class=\"product-prop line-limit-length\"><span\n                                        class=\"property-title\">Nom de marque :&nbsp;<\/span><span\n                                        class=\"property-desc line-limit-length\">Nike<\/span>\n                            <\/li>\n<li class=\"product-prop line-limit-length\"><span\n                                        class=\"property-title\">Origine :&nbsp;<\/span><span\n                                        class=\"property-desc line-limit-length\">VN (Origine)<\/span>\n                            <\/li>\n<li class=\"product-prop line-limit-length\"><span\n                                        class=\"property-title\">Nom de D\u00e9partement :&nbsp;<\/span><span\n                                        class=\"property-desc line-limit-length\">Adulte<\/span>\n                            <\/li>\n<li class=\"product-prop line-limit-length\"><span\n                                        class=\"property-title\">Type de Chaussure Sportive :&nbsp;<\/span><span\n                                        class=\"property-desc line-limit-length\">CHAUSSURES DE COURSE<\/span>\n                            <\/li>\n<\/ul><\/div>\n<div class=\"detailmodule_html\">\n<div class=\"detail-desc-decorate-richtext\">\n<div class=\"detailmodule_html\">\n<div class=\"detail-desc-decorate-richtext\">\n<div id=\"ee_boxPhoto1\" style=\"border:0px solid rgb(255, 153, 51);margin:3px auto;margin-bottom:3px;margin-top:3px;margin-left:auto;margin-right:auto;height:auto\" class=\"ee_box zhedie\">\n<p style=\"font-size:0px;overflow:hidden;width:1px;height:0px\">[Xlmodel]-[photo]-[0000]<\/p>\n<div style=\"text-align:center;padding:5px;padding-bottom:5px;padding-top:5px;padding-left:5px;padding-right:5px;display:block;overflow:visible;height:auto\" class=\"ee_box_content ui-sortable\" align=\"center\">\n<p style=\"font-size:0px;padding:0px;padding-bottom:0px;padding-top:0px;padding-left:0px;padding-right:0px\" class=\"detailp\"><img decoding=\"async\" src=\"https:\/\/ae01.alicdn.com\/kf\/S5f1d113fb8ef477cb8c8125f530fff81J.png\" slate-data-type=\"image\"><\/p>\n<p style=\"font-size:0px;padding:0px;padding-bottom:0px;padding-top:0px;padding-left:0px;padding-right:0px\" class=\"detailp\"><img decoding=\"async\" src=\"https:\/\/ae01.alicdn.com\/kf\/Sd8e93962ee694e72a7142660b71cd6aaM.jpg\" slate-data-type=\"image\"><\/p>\n<p style=\"font-size:0px;padding:0px;padding-bottom:0px;padding-top:0px;padding-left:0px;padding-right:0px\" class=\"detailp\"><img decoding=\"async\" src=\"https:\/\/ae01.alicdn.com\/kf\/Sd6b1c0a4a8b342c48c0b9592f464958es.jpg\" slate-data-type=\"image\"><\/p>\n<p style=\"font-size:0px;padding:0px;padding-bottom:0px;padding-top:0px;padding-left:0px;padding-right:0px\" class=\"detailp\"><img decoding=\"async\" src=\"https:\/\/ae01.alicdn.com\/kf\/S5ed8b2c3fcda48f9b0d2553690808a65y.jpg\" slate-data-type=\"image\"><\/p>\n<p style=\"font-size:0px;padding:0px;padding-bottom:0px;padding-top:0px;padding-left:0px;padding-right:0px\" class=\"detailp\"><img decoding=\"async\" src=\"https:\/\/ae01.alicdn.com\/kf\/S8ac9fb1050114d38afdab86441de070e1.jpg\" slate-data-type=\"image\"><\/p>\n<p style=\"font-size:0px;padding:0px;padding-bottom:0px;padding-top:0px;padding-left:0px;padding-right:0px\" class=\"detailp\"><img decoding=\"async\" src=\"https:\/\/ae01.alicdn.com\/kf\/S426cd6c14dee4699bb5950ba8640b856L.jpg\" slate-data-type=\"image\"><\/p>\n<p style=\"font-size:0px;padding:0px;padding-bottom:0px;padding-top:0px;padding-left:0px;padding-right:0px\" class=\"detailp\"><img decoding=\"async\" src=\"https:\/\/ae01.alicdn.com\/kf\/S66211dfae7c94e058e533feb6f3c5dc9E.jpg\" slate-data-type=\"image\"><\/p>\n<p style=\"font-size:0px;padding:0px;padding-bottom:0px;padding-top:0px;padding-left:0px;padding-right:0px\" class=\"detailp\"><img decoding=\"async\" src=\"https:\/\/ae01.alicdn.com\/kf\/S8f5ce8ec5d0a4e26baec7c9d7d4f0c2eE.jpg\" slate-data-type=\"image\"><\/p>\n<p style=\"font-size:0px;padding:0px;padding-bottom:0px;padding-top:0px;padding-left:0px;padding-right:0px\" class=\"detailp\"><img decoding=\"async\" src=\"https:\/\/ae01.alicdn.com\/kf\/S099e49b0e30748ecaa0ced52fa514dbaz.jpg\" slate-data-type=\"image\"><\/p>\n<p style=\"font-size:0px;padding:0px;padding-bottom:0px;padding-top:0px;padding-left:0px;padding-right:0px\" class=\"detailp\"><img decoding=\"async\" src=\"https:\/\/ae01.alicdn.com\/kf\/Scead60779df242aea4a14d49e180b01eV.jpg\" slate-data-type=\"image\"><\/p>\n<p style=\"font-size:0px;padding:0px;padding-bottom:0px;padding-top:0px;padding-left:0px;padding-right:0px\" class=\"detailp\"><img decoding=\"async\" src=\"https:\/\/ae01.alicdn.com\/kf\/S440a25f1a1e54d6d9ea24f90b4bdd89a6.jpg\" slate-data-type=\"image\"><\/p>\n<p style=\"font-size:0px;padding:0px;padding-bottom:0px;padding-top:0px;padding-left:0px;padding-right:0px\" class=\"detailp\"><img decoding=\"async\" src=\"https:\/\/ae01.alicdn.com\/kf\/Sff47f52f3a9644be97824992da89881cv.jpg\" slate-data-type=\"image\"><\/p>\n<p style=\"font-size:0px;padding:0px;padding-bottom:0px;padding-top:0px;padding-left:0px;padding-right:0px\" class=\"detailp\"><img decoding=\"async\" src=\"https:\/\/ae01.alicdn.com\/kf\/Sc6fbf77b86d0474fb462bc4f5a1f678fh.jpg\" slate-data-type=\"image\"><\/p>\n<\/div>\n<\/div>\n<\/div>\n<\/div>\n<p><\/p>\n<\/div>\n<\/div>","protected":false},"excerpt":{"rendered":"<p>Avec ou installer des accessoires professionnels:&nbsp;Aucun Que ce soit avec embout en m\u00e9tal:&nbsp;Non Que ce soit \u00e9tanche:&nbsp;Non M\u00e9thode de fixation<\/p>","protected":false},"featured_media":4945,"comment_status":"open","ping_status":"closed","template":"","meta":[],"product_brand":[],"product_cat":[15],"product_tag":[],"class_list":{"0":"post-4944","1":"product","2":"type-product","3":"status-publish","4":"has-post-thumbnail","6":"product_cat-uncategorized","8":"first","9":"instock","10":"shipping-taxable","11":"purchasable","12":"product-type-variable"},"jetpack_sharing_enabled":true,"_links":{"self":[{"href":"https:\/\/afrycom.com\/fr\/wp-json\/wp\/v2\/product\/4944","targetHints":{"allow":["GET"]}}],"collection":[{"href":"https:\/\/afrycom.com\/fr\/wp-json\/wp\/v2\/product"}],"about":[{"href":"https:\/\/afrycom.com\/fr\/wp-json\/wp\/v2\/types\/product"}],"replies":[{"embeddable":true,"href":"https:\/\/afrycom.com\/fr\/wp-json\/wp\/v2\/comments?post=4944"}],"wp:featuredmedia":[{"embeddable":true,"href":"https:\/\/afrycom.com\/fr\/wp-json\/wp\/v2\/media\/4945"}],"wp:attachment":[{"href":"https:\/\/afrycom.com\/fr\/wp-json\/wp\/v2\/media?parent=4944"}],"wp:term":[{"taxonomy":"product_brand","embeddable":true,"href":"https:\/\/afrycom.com\/fr\/wp-json\/wp\/v2\/product_brand?post=4944"},{"taxonomy":"product_cat","embeddable":true,"href":"https:\/\/afrycom.com\/fr\/wp-json\/wp\/v2\/product_cat?post=4944"},{"taxonomy":"product_tag","embeddable":true,"href":"https:\/\/afrycom.com\/fr\/wp-json\/wp\/v2\/product_tag?post=4944"}],"curies":[{"name":"wp","href":"https:\/\/api.w.org\/{rel}","templated":true}]}}