{"id":4770,"date":"2025-03-08T07:59:13","date_gmt":"2025-03-08T07:59:13","guid":{"rendered":"https:\/\/afrycom.com\/product\/adidas-ult-primeblue-chaussures-de-course-decontractees-pour-hommes-et-femmes-absorbant-les-chocs-resistantes-a-lusure-respirantes-legeres-et-basses\/"},"modified":"2025-06-23T03:51:53","modified_gmt":"2025-06-23T03:51:53","slug":"chaussures-de-course-decontractees-pour-hommes-et-femmes-absorbant-les-chocs-resistantes-a-lusure-respirantes-legeres-et-basses","status":"publish","type":"product","link":"https:\/\/afrycom.com\/fr\/produit\/chaussures-de-course-decontractees-pour-hommes-et-femmes-absorbant-les-chocs-resistantes-a-lusure-respirantes-legeres-et-basses\/","title":{"rendered":"Chaussures de course d\u00e9contract\u00e9es pour hommes et femmes, absorbant les chocs, r\u00e9sistantes \u00e0 l'usure, respirantes, l\u00e9g\u00e8res et basses"},"content":{"rendered":"<p>&nbsp;<\/p>\n<div class=\"product-specs-list-container\">\n<ul class=\"product-specs-list util-clearfix\">\n<li class=\"product-prop line-limit-length\"><span class=\"property-title\">Avec ou installer des accessoires professionnels :\u00a0<\/span><span class=\"property-desc line-limit-length\">Aucun<\/span><\/li>\n<li class=\"product-prop line-limit-length\"><span class=\"property-title\">Que ce soit avec embout en m\u00e9tal :\u00a0<\/span><span class=\"property-desc line-limit-length\">Non<\/span><\/li>\n<li class=\"product-prop line-limit-length\"><span class=\"property-title\">Que ce soit \u00e9tanche :\u00a0<\/span><span class=\"property-desc line-limit-length\">Non<\/span><\/li>\n<li class=\"product-prop line-limit-length\"><span class=\"property-title\">M\u00e9thode de fixation sup\u00e9rieure :\u00a0<\/span><span class=\"property-desc line-limit-length\">Couture<\/span><\/li>\n<li class=\"product-prop line-limit-length\"><span class=\"property-title\">Couverture sup\u00e9rieure :\u00a0<\/span><span class=\"property-desc line-limit-length\">Pas au-dessus de la cheville<\/span><\/li>\n<li class=\"product-prop line-limit-length\"><span class=\"property-title\">Chimique Hign-concern\u00e9 :\u00a0<\/span><span class=\"property-desc line-limit-length\">Aucun<\/span><\/li>\n<li class=\"product-prop line-limit-length\"><span class=\"property-title\">Mat\u00e9riau :\u00a0<\/span><span class=\"property-desc line-limit-length\">POLYESTER<\/span><\/li>\n<li class=\"product-prop line-limit-length\"><span class=\"property-title\">Hauteur sup\u00e9rieure :\u00a0<\/span><span class=\"property-desc line-limit-length\">Faible<\/span><\/li>\n<li class=\"product-prop line-limit-length\"><span class=\"property-title\">Mat\u00e9riel de semelle :\u00a0<\/span><span class=\"property-desc line-limit-length\">EVA<\/span><\/li>\n<li class=\"product-prop line-limit-length\"><span class=\"property-title\">Endroit Applicable :\u00a0<\/span><span class=\"property-desc line-limit-length\">cour dure<\/span><\/li>\n<li class=\"product-prop line-limit-length\"><span class=\"property-title\">Niveau de pratique :\u00a0<\/span><span class=\"property-desc line-limit-length\">D\u00e9butant<\/span><\/li>\n<li class=\"product-prop line-limit-length\"><span class=\"property-title\">Ajustement :\u00a0<\/span><span class=\"property-desc line-limit-length\">S'adapte \u00e0 la taille, prenez votre taille normale<\/span><\/li>\n<li class=\"product-prop line-limit-length\"><span class=\"property-title\">Fonction :\u00a0<\/span><span class=\"property-desc line-limit-length\">Amortissement<\/span><\/li>\n<li class=\"product-prop line-limit-length\"><span class=\"property-title\">Type de Fermeture :\u00a0<\/span><span class=\"property-desc line-limit-length\">Lacets<\/span><\/li>\n<li class=\"product-prop line-limit-length\"><span class=\"property-title\">Mat\u00e9riau Sup\u00e9rieur :\u00a0<\/span><span class=\"property-desc line-limit-length\">Maille<\/span><\/li>\n<li class=\"product-prop line-limit-length\"><span class=\"property-title\">Mat\u00e9riau de Semelle Ext\u00e9rieure :\u00a0<\/span><span class=\"property-desc line-limit-length\">CAOUTCHOUC<\/span><\/li>\n<li class=\"product-prop line-limit-length\"><span class=\"property-title\">Sexe :\u00a0<\/span><span class=\"property-desc line-limit-length\">Unisexe<\/span><\/li>\n<li class=\"product-prop line-limit-length\"><span class=\"property-title\">Nom de marque :\u00a0<\/span><span class=\"property-desc line-limit-length\">Adidas<\/span><\/li>\n<li class=\"product-prop line-limit-length\"><span class=\"property-title\">Origine :\u00a0<\/span><span class=\"property-desc line-limit-length\">VN (Origine)<\/span><\/li>\n<li class=\"product-prop line-limit-length\"><span class=\"property-title\">Nom de D\u00e9partement :\u00a0<\/span><span class=\"property-desc line-limit-length\">Unisexe<\/span><\/li>\n<li class=\"product-prop line-limit-length\"><span class=\"property-title\">Type de Chaussure Sportive :\u00a0<\/span><span class=\"property-desc line-limit-length\">CHAUSSURES DE COURSE<\/span><\/li>\n<\/ul>\n<\/div>\n<div class=\"detailmodule_html\">\n<div class=\"detail-desc-decorate-richtext\">\n<div class=\"detailmodule_html\">\n<div class=\"detail-desc-decorate-richtext\">\n<p style=\"text-align: center;\" align=\"center\">\u00a0 <img decoding=\"async\" src=\"https:\/\/ae01.alicdn.com\/kf\/Se4862db11ae34414ad26271a4b9114bdi.png\" \/><\/p>\n<\/div>\n<\/div>\n<p>&nbsp;<\/p>\n<\/div>\n<\/div>","protected":false},"excerpt":{"rendered":"<p>&nbsp; Avec ou installer des accessoires professionnels:\u00a0Aucun Que ce soit avec embout en m\u00e9tal:\u00a0Non Que ce soit \u00e9tanche:\u00a0Non M\u00e9thode de<\/p>","protected":false},"featured_media":4771,"comment_status":"open","ping_status":"closed","template":"","meta":[],"product_brand":[],"product_cat":[5746,5768,84],"product_tag":[],"class_list":{"0":"post-4770","1":"product","2":"type-product","3":"status-publish","4":"has-post-thumbnail","6":"product_cat-athletic-apparels","7":"product_cat-sport-shoes-athletic-apparels","8":"product_cat-sports-outdoors","10":"first","11":"instock","12":"sale","13":"shipping-taxable","14":"purchasable","15":"product-type-variable"},"jetpack_sharing_enabled":true,"_links":{"self":[{"href":"https:\/\/afrycom.com\/fr\/wp-json\/wp\/v2\/product\/4770","targetHints":{"allow":["GET"]}}],"collection":[{"href":"https:\/\/afrycom.com\/fr\/wp-json\/wp\/v2\/product"}],"about":[{"href":"https:\/\/afrycom.com\/fr\/wp-json\/wp\/v2\/types\/product"}],"replies":[{"embeddable":true,"href":"https:\/\/afrycom.com\/fr\/wp-json\/wp\/v2\/comments?post=4770"}],"wp:featuredmedia":[{"embeddable":true,"href":"https:\/\/afrycom.com\/fr\/wp-json\/wp\/v2\/media\/4771"}],"wp:attachment":[{"href":"https:\/\/afrycom.com\/fr\/wp-json\/wp\/v2\/media?parent=4770"}],"wp:term":[{"taxonomy":"product_brand","embeddable":true,"href":"https:\/\/afrycom.com\/fr\/wp-json\/wp\/v2\/product_brand?post=4770"},{"taxonomy":"product_cat","embeddable":true,"href":"https:\/\/afrycom.com\/fr\/wp-json\/wp\/v2\/product_cat?post=4770"},{"taxonomy":"product_tag","embeddable":true,"href":"https:\/\/afrycom.com\/fr\/wp-json\/wp\/v2\/product_tag?post=4770"}],"curies":[{"name":"wp","href":"https:\/\/api.w.org\/{rel}","templated":true}]}}