{"id":4744,"date":"2025-03-08T07:59:08","date_gmt":"2025-03-08T07:59:08","guid":{"rendered":"https:\/\/afrycom.com\/product\/chaussures-decontractees-au-design-innovant-pour-hommes-pantoufles-de-maison-legeres-a-semelles-souples-eva-diapositives-de-marque-exclusives-de-haute-qualite-en-stock\/"},"modified":"2025-08-01T04:10:32","modified_gmt":"2025-08-01T04:10:32","slug":"chaussures-decontractees-au-design-innovant-pour-hommes-pantoufles-de-maison-legeres-a-semelles-souples-eva-diapositives-de-marque-exclusives-de-haute-qualite-en-stock","status":"publish","type":"product","link":"https:\/\/afrycom.com\/fr\/produit\/chaussures-decontractees-au-design-innovant-pour-hommes-pantoufles-de-maison-legeres-a-semelles-souples-eva-diapositives-de-marque-exclusives-de-haute-qualite-en-stock\/","title":{"rendered":"Chaussures d\u00e9contract\u00e9es au Design innovant pour hommes, pantoufles de maison l\u00e9g\u00e8res \u00e0 semelles souples EVA, diapositives de marque exclusives de haute qualit\u00e9, en stock"},"content":{"rendered":"<p>&nbsp;<\/p>\n<div class=\"product-specs-list-container\">\n<ul class=\"product-specs-list util-clearfix\">\n<li class=\"product-prop line-limit-length\"><span class=\"property-title\">M\u00e9thode de fixation sup\u00e9rieure :\u00a0<\/span><span class=\"property-desc line-limit-length\">Moulage par injection<\/span><\/li>\n<li class=\"product-prop line-limit-length\"><span class=\"property-title\">Sexe :\u00a0<\/span><span class=\"property-desc line-limit-length\">Hommes<\/span><\/li>\n<li class=\"product-prop line-limit-length\"><span class=\"property-title\">Chimique Hign-concern\u00e9 :\u00a0<\/span><span class=\"property-desc line-limit-length\">Aucun<\/span><\/li>\n<li class=\"product-prop line-limit-length\"><span class=\"property-title\">Style :\u00a0<\/span><span class=\"property-desc line-limit-length\">Concis<\/span><\/li>\n<li class=\"product-prop line-limit-length\"><span class=\"property-title\">Hauteur de Talon :\u00a0<\/span><span class=\"property-desc line-limit-length\">Bas (1 cm-3 cm)<\/span><\/li>\n<li class=\"product-prop line-limit-length\"><span class=\"property-title\">\u00c9l\u00e9ment mode :\u00a0<\/span><span class=\"property-desc line-limit-length\">Ostentatoire<\/span><\/li>\n<li class=\"product-prop line-limit-length\"><span class=\"property-title\">Ajustement :\u00a0<\/span><span class=\"property-desc line-limit-length\">Taille plus petit que d'habitude. Veuillez consulter les informations de taille de ce magasin<\/span><\/li>\n<li class=\"product-prop line-limit-length\"><span class=\"property-title\">Mat\u00e9riel Doublure :\u00a0<\/span><span class=\"property-desc line-limit-length\">AUCUN<\/span><\/li>\n<li class=\"product-prop line-limit-length\"><span class=\"property-title\">Saison :\u00a0<\/span><span class=\"property-desc line-limit-length\">\u00c9t\u00e9<\/span><\/li>\n<li class=\"product-prop line-limit-length\"><span class=\"property-title\">Num\u00e9ro de Mod\u00e8le :\u00a0<\/span><span class=\"property-desc line-limit-length\">8017<\/span><\/li>\n<li class=\"product-prop line-limit-length\"><span class=\"property-title\">Type de Motif :\u00a0<\/span><span class=\"property-desc line-limit-length\">Solide<\/span><\/li>\n<li class=\"product-prop line-limit-length\"><span class=\"property-title\">Mat\u00e9riel de semelle :\u00a0<\/span><span class=\"property-desc line-limit-length\">EVA<\/span><\/li>\n<li class=\"product-prop line-limit-length\"><span class=\"property-title\">Type de chaussures :\u00a0<\/span><span class=\"property-desc line-limit-length\">Pantoufles de salle de bains<\/span><\/li>\n<li class=\"product-prop line-limit-length\"><span class=\"property-title\">Mat\u00e9riau de Semelle Ext\u00e9rieure :\u00a0<\/span><span class=\"property-desc line-limit-length\">EVA<\/span><\/li>\n<li class=\"product-prop line-limit-length\"><span class=\"property-title\">Endroit Applicable :\u00a0<\/span><span class=\"property-desc line-limit-length\">Int\u00e9rieur<\/span><\/li>\n<li class=\"product-prop line-limit-length\"><span class=\"property-title\">Mat\u00e9riau Sup\u00e9rieur :\u00a0<\/span><span class=\"property-desc line-limit-length\">EVA<\/span><\/li>\n<li class=\"product-prop line-limit-length\"><span class=\"property-title\">Nom de marque :\u00a0<\/span><span class=\"property-desc line-limit-length\">JIANZONG<\/span><\/li>\n<li class=\"product-prop line-limit-length\"><span class=\"property-title\">Nom de D\u00e9partement :\u00a0<\/span><span class=\"property-desc line-limit-length\">Adulte<\/span><\/li>\n<li class=\"product-prop line-limit-length\"><span class=\"property-title\">Origine :\u00a0<\/span><span class=\"property-desc line-limit-length\">CN (Origine)<\/span><\/li>\n<li class=\"product-prop line-limit-length\"><span class=\"property-title\">CN :\u00a0<\/span><span class=\"property-desc line-limit-length\">Fujian<\/span><\/li>\n<li class=\"product-prop line-limit-length\"><span class=\"property-title\">Type d'article :\u00a0<\/span><span class=\"property-desc line-limit-length\">Pantoufles<\/span><\/li>\n<\/ul>\n<\/div>\n<div class=\"detailmodule_html\">\n<div class=\"detail-desc-decorate-richtext\">\n<p><span style=\"font-size: 20px;\">Chaussures d\u00e9contract\u00e9es au design innovant pour hommes, pantoufles l\u00e9g\u00e8res \u00e0 semelles souples EVA, diapositives de marque exclusives de haute qualit\u00e9, en Stock<\/span><\/p>\n<p>&nbsp;<\/p>\n<p><span style=\"font-size: 20px;\">Taille : 36-37 38-39 40-41 42-43 44-45<\/span><\/p>\n<p>&nbsp;<\/p>\n<p><span style=\"font-size: 20px;\">Couleur : beige, kaki, vert, noir.<\/span><\/p>\n<p>&nbsp;<\/p>\n<p><img decoding=\"async\" src=\"https:\/\/ae01.alicdn.com\/kf\/Sdb58433c76814b6fa69ad2d526ae5b43a.jpg\" \/><\/p>\n<p>&nbsp;<\/p>\n<p style=\"font-family: 'Open Sans', Roboto, Arial, Helvetica, sans-serif, SimSun; font-size: 14px; font-weight: 400; letter-spacing: normal; line-height: inherit; text-align: start; white-space: normal; color: #222222; margin: 0px; padding: 0px; box-sizing: border-box;\" align=\"start\"><span style=\"font-size: 24px;\">Pourquoi c'est cool :<\/span><\/p>\n<p>&nbsp;<\/p>\n<p style=\"font-family: 'Open Sans', Roboto, Arial, Helvetica, sans-serif, SimSun; font-size: 14px; font-weight: 400; letter-spacing: normal; line-height: inherit; text-align: start; white-space: normal; color: #222222; margin: 0px; padding: 0px; box-sizing: border-box;\" align=\"start\"><span style=\"font-size: 24px;\">Ces pantoufles sont tr\u00e8s stables gr\u00e2ce \u00e0 leur conception plate. Il n'y a donc pas lieu de s'inqui\u00e9ter de tomber dans la salle de bain.<\/span><\/p>\n<p>&nbsp;<\/p>\n<p style=\"font-family: 'Open Sans', Roboto, Arial, Helvetica, sans-serif, SimSun; font-size: 14px; font-weight: 400; letter-spacing: normal; line-height: inherit; text-align: start; white-space: normal; color: #222222; margin: 0px; padding: 0px; box-sizing: border-box;\" align=\"start\"><span style=\"font-size: 24px;\">En m\u00eame temps, son design permettra \u00e0 vos v\u00eatements de montrer facilement une grande sensation de luxe.<\/span><\/p>\n<p>&nbsp;<\/p>\n<p style=\"font-family: 'Open Sans', Roboto, Arial, Helvetica, sans-serif, SimSun; font-size: 14px; font-weight: 400; letter-spacing: normal; line-height: inherit; text-align: start; white-space: normal; color: #222222; margin: 0px; padding: 0px; box-sizing: border-box;\" align=\"start\">\n<p style=\"font-family: 'TT Norms Pro', 'Open Sans', Roboto, Arial, Helvetica, sans-serif, SimSun; font-size: 14px; font-weight: 400; letter-spacing: normal; line-height: inherit; text-align: start; white-space: normal; color: #222222; margin: 0px; padding: 0px; box-sizing: border-box;\" align=\"start\"><span style=\"font-size: 22px;\">Caract\u00e9ristique<\/span><\/p>\n<p style=\"font-family: 'TT Norms Pro', 'Open Sans', Roboto, Arial, Helvetica, sans-serif, SimSun; font-size: 14px; font-weight: 400; letter-spacing: normal; line-height: inherit; text-align: start; white-space: normal; color: #222222; margin: 0px; padding: 0px; box-sizing: border-box;\" align=\"start\"><span style=\"font-size: 22px;\">Fabriqu\u00e9 en caoutchouc EVA de haute qualit\u00e9, il est durable et r\u00e9sistant.<\/span><\/p>\n<p style=\"font-family: 'TT Norms Pro', 'Open Sans', Roboto, Arial, Helvetica, sans-serif, SimSun; font-size: 14px; font-weight: 400; letter-spacing: normal; line-height: inherit; text-align: start; white-space: normal; color: #222222; margin: 0px; padding: 0px; box-sizing: border-box;\" align=\"start\"><span style=\"font-size: 22px;\">Support de pied hautement \u00e9lastique, capable de r\u00e9sister aux impacts m\u00eame en position debout et en marche prolong\u00e9e<\/span><\/p>\n<p style=\"font-family: 'TT Norms Pro', 'Open Sans', Roboto, Arial, Helvetica, sans-serif, SimSun; font-size: 14px; font-weight: 400; letter-spacing: normal; line-height: inherit; text-align: start; white-space: normal; color: #222222; margin: 0px; padding: 0px; box-sizing: border-box;\" align=\"start\"><span style=\"font-size: 22px;\">- L\u00e9ger, facile \u00e0 nettoyer, sans humidit\u00e9<\/span><\/p>\n<p style=\"font-family: 'TT Norms Pro', 'Open Sans', Roboto, Arial, Helvetica, sans-serif, SimSun; font-size: 14px; font-weight: 400; letter-spacing: normal; line-height: inherit; text-align: start; white-space: normal; color: #222222; margin: 0px; padding: 0px; box-sizing: border-box;\" align=\"start\">\n<p style=\"font-family: 'TT Norms Pro', 'Open Sans', Roboto, Arial, Helvetica, sans-serif, SimSun; font-size: 14px; font-weight: 400; letter-spacing: normal; line-height: inherit; text-align: start; white-space: normal; color: #222222; margin: 0px; padding: 0px; box-sizing: border-box;\" align=\"start\"><span style=\"font-size: 22px;\">Instructions du produit<\/span><\/p>\n<p style=\"font-family: 'TT Norms Pro', 'Open Sans', Roboto, Arial, Helvetica, sans-serif, SimSun; font-size: 14px; font-weight: 400; letter-spacing: normal; line-height: inherit; text-align: start; white-space: normal; color: #222222; margin: 0px; padding: 0px; box-sizing: border-box;\" align=\"start\"><span style=\"font-size: 22px;\">Ne rangez pas les chaussures dans des conditions chaudes ou ensoleill\u00e9es.<\/span><\/p>\n<p style=\"font-family: 'TT Norms Pro', 'Open Sans', Roboto, Arial, Helvetica, sans-serif, SimSun; font-size: 14px; font-weight: 400; letter-spacing: normal; line-height: inherit; text-align: start; white-space: normal; color: #222222; margin: 0px; padding: 0px; box-sizing: border-box;\" align=\"start\"><span style=\"font-size: 22px;\">Ne placez pas les chaussures dans des endroits humides.<\/span><\/p>\n<p style=\"font-family: 'TT Norms Pro', 'Open Sans', Roboto, Arial, Helvetica, sans-serif, SimSun; font-size: 14px; font-weight: 400; letter-spacing: normal; line-height: inherit; text-align: start; white-space: normal; color: #222222; margin: 0px; padding: 0px; box-sizing: border-box;\" align=\"start\"><span style=\"font-size: 22px;\">Les chaussures doivent \u00eatre stock\u00e9es dans un air bien a\u00e9r\u00e9.<\/span><\/p>\n<p style=\"font-family: 'Open Sans', Roboto, Arial, Helvetica, sans-serif, SimSun; font-size: 14px; font-weight: 400; letter-spacing: normal; line-height: inherit; text-align: start; white-space: normal; color: #222222; margin: 0px; padding: 0px; box-sizing: border-box;\" align=\"start\">\n<p>&nbsp;<\/p>\n<p style=\"font-family: 'TT Norms Pro', 'Open Sans', Roboto, Arial, Helvetica, sans-serif, SimSun; font-size: 14px; font-weight: 400; letter-spacing: normal; line-height: inherit; text-align: start; white-space: normal; color: #222222; margin: 0px; padding: 0px; box-sizing: border-box;\" align=\"start\"><img decoding=\"async\" src=\"https:\/\/ae01.alicdn.com\/kf\/S4a8d1506fd8f46e1b8fa5022dec386d9H.png\" \/><img decoding=\"async\" src=\"https:\/\/ae01.alicdn.com\/kf\/S5d75097ee6a748ff9c387064b5d5bea7N.jpg\" \/><img decoding=\"async\" src=\"https:\/\/ae01.alicdn.com\/kf\/S75a95cfc839c4081828ba71f153a80e00.jpg\" \/><img decoding=\"async\" src=\"https:\/\/ae01.alicdn.com\/kf\/S44e4ebe7931c45f68f1ac13d9242862fK.jpg\" \/><img decoding=\"async\" src=\"https:\/\/ae01.alicdn.com\/kf\/S4af8bbc5fede4617b25a217119234675m.jpg\" \/><img decoding=\"async\" src=\"https:\/\/ae01.alicdn.com\/kf\/S8f6a2f8eff494b4b90b38f40ddc0759ei.jpg\" \/><img decoding=\"async\" src=\"https:\/\/ae01.alicdn.com\/kf\/Sad9002149004480d984c2938715d99a6Z.jpg\" \/><img decoding=\"async\" src=\"https:\/\/ae01.alicdn.com\/kf\/S2095e4d464da4ba3a68146c03641a8d3q.jpg\" \/><img decoding=\"async\" src=\"https:\/\/ae01.alicdn.com\/kf\/S77b420949eba4e6d95cbaaadc1fd1337q.jpg\" \/><img decoding=\"async\" src=\"https:\/\/ae01.alicdn.com\/kf\/S8f5a0adf4cbb4815986dced23ffe16726.jpg\" \/><img decoding=\"async\" src=\"https:\/\/ae01.alicdn.com\/kf\/Saccc252d3df54880b8d299e39896a3a1m.png\" \/><img decoding=\"async\" src=\"https:\/\/ae01.alicdn.com\/kf\/Sa49e30e3202f478d8d95aca4a358e4c6u.png\" \/><img decoding=\"async\" src=\"https:\/\/ae01.alicdn.com\/kf\/S4e5383e71c424213bde5301d02993d61D.png\" \/><img decoding=\"async\" src=\"https:\/\/ae01.alicdn.com\/kf\/S5a0b2774decb43e3bf72b83d2d8c5b98Q.png\" \/><img decoding=\"async\" src=\"https:\/\/ae01.alicdn.com\/kf\/Sf9e884c4aff94553bc94b01ea4318145K.jpg\" \/><\/p>\n<p style=\"font-family: 'TT Norms Pro', 'Open Sans', Roboto, Arial, Helvetica, sans-serif, SimSun; font-size: 14px; font-weight: 400; letter-spacing: normal; line-height: inherit; text-align: start; white-space: normal; color: #222222; margin: 0px; padding: 0px; box-sizing: border-box;\" align=\"start\"><img decoding=\"async\" src=\"https:\/\/ae01.alicdn.com\/kf\/Sc18f1c2f41174976bb6486c316fbf67cL.jpg\" \/><\/p>\n<p>&nbsp;<\/p>\n<\/div>\n<\/div>","protected":false},"excerpt":{"rendered":"<p>&nbsp; M\u00e9thode de fixation sup\u00e9rieure:\u00a0Moulage par injection Sexe:\u00a0Hommes Chimique Hign-concern\u00e9:\u00a0Aucun Style:\u00a0Concis Hauteur de Talon:\u00a0Bas (1 cm-3 cm) \u00c9l\u00e9ment mode:\u00a0Ostentatoire Ajustement:\u00a0Taille<\/p>","protected":false},"featured_media":4745,"comment_status":"open","ping_status":"closed","template":"","meta":[],"product_brand":[],"product_cat":[4994,4984],"product_tag":[],"class_list":{"0":"post-4744","1":"product","2":"type-product","3":"status-publish","4":"has-post-thumbnail","6":"product_cat-flats-confort-shoes","7":"product_cat-sandals-summers-shoes","9":"first","10":"instock","11":"shipping-taxable","12":"purchasable","13":"product-type-variable"},"jetpack_sharing_enabled":true,"_links":{"self":[{"href":"https:\/\/afrycom.com\/fr\/wp-json\/wp\/v2\/product\/4744","targetHints":{"allow":["GET"]}}],"collection":[{"href":"https:\/\/afrycom.com\/fr\/wp-json\/wp\/v2\/product"}],"about":[{"href":"https:\/\/afrycom.com\/fr\/wp-json\/wp\/v2\/types\/product"}],"replies":[{"embeddable":true,"href":"https:\/\/afrycom.com\/fr\/wp-json\/wp\/v2\/comments?post=4744"}],"wp:featuredmedia":[{"embeddable":true,"href":"https:\/\/afrycom.com\/fr\/wp-json\/wp\/v2\/media\/4745"}],"wp:attachment":[{"href":"https:\/\/afrycom.com\/fr\/wp-json\/wp\/v2\/media?parent=4744"}],"wp:term":[{"taxonomy":"product_brand","embeddable":true,"href":"https:\/\/afrycom.com\/fr\/wp-json\/wp\/v2\/product_brand?post=4744"},{"taxonomy":"product_cat","embeddable":true,"href":"https:\/\/afrycom.com\/fr\/wp-json\/wp\/v2\/product_cat?post=4744"},{"taxonomy":"product_tag","embeddable":true,"href":"https:\/\/afrycom.com\/fr\/wp-json\/wp\/v2\/product_tag?post=4744"}],"curies":[{"name":"wp","href":"https:\/\/api.w.org\/{rel}","templated":true}]}}