{"id":4477,"date":"2025-03-08T07:58:52","date_gmt":"2025-03-08T07:58:52","guid":{"rendered":"https:\/\/afrycom.com\/product\/comwarm-mules-en-daim-pour-femmes-pantoufles-sabots-pour-hommes-sandales-a-semelle-interieure-en-liege-avec-support-darc-diapositives-de-plage-en-plein-air-chaussures-de-maison\/"},"modified":"2025-08-01T04:12:51","modified_gmt":"2025-08-01T04:12:51","slug":"comwarm-mules-en-daim-pour-femmes-pantoufles-sabots-pour-hommes-sandales-a-semelle-interieure-en-liege-avec-support-darc-diapositives-de-plage-en-plein-air-chaussures-de-maison","status":"publish","type":"product","link":"https:\/\/afrycom.com\/fr\/produit\/comwarm-mules-en-daim-pour-femmes-pantoufles-sabots-pour-hommes-sandales-a-semelle-interieure-en-liege-avec-support-darc-diapositives-de-plage-en-plein-air-chaussures-de-maison\/","title":{"rendered":"Comwarm - Mules en daim pour femmes, pantoufles, sabots pour hommes, sandales \u00e0 semelle int\u00e9rieure en li\u00e8ge avec Support d'arc, diapositives de plage en plein air, chaussures de maison"},"content":{"rendered":"<p>&nbsp;<\/p>\n<div class=\"product-specs-list-container\">\n<ul class=\"product-specs-list util-clearfix\">\n<li class=\"product-prop line-limit-length\"><span class=\"property-title\">Style :\u00a0<\/span><span class=\"property-desc line-limit-length\">LOISIRS<\/span><\/li>\n<li class=\"product-prop line-limit-length\"><span class=\"property-title\">Type de chaussures :\u00a0<\/span><span class=\"property-desc line-limit-length\">Mules<\/span><\/li>\n<li class=\"product-prop line-limit-length\"><span class=\"property-title\">Type de Talon :\u00a0<\/span><span class=\"property-desc line-limit-length\">Plat avec<\/span><\/li>\n<li class=\"product-prop line-limit-length\"><span class=\"property-title\">Hauteur de Talon :\u00a0<\/span><span class=\"property-desc line-limit-length\">Bas (1 cm-3 cm)<\/span><\/li>\n<li class=\"product-prop line-limit-length\"><span class=\"property-title\">Avec plates-formes :\u00a0<\/span><span class=\"property-desc line-limit-length\">Pas de<\/span><\/li>\n<li class=\"product-prop line-limit-length\"><span class=\"property-title\">\u00c9l\u00e9ment mode :\u00a0<\/span><span class=\"property-desc line-limit-length\">sangle de cheville<\/span><\/li>\n<li class=\"product-prop line-limit-length\"><span class=\"property-title\">Ajustement :\u00a0<\/span><span class=\"property-desc line-limit-length\">S'adapte \u00e0 la taille, prenez votre taille normale<\/span><\/li>\n<li class=\"product-prop line-limit-length\"><span class=\"property-title\">Mat\u00e9riel Doublure :\u00a0<\/span><span class=\"property-desc line-limit-length\">su\u00e8de de vache<\/span><\/li>\n<li class=\"product-prop line-limit-length\"><span class=\"property-title\">Endroit Applicable :\u00a0<\/span><span class=\"property-desc line-limit-length\">ext\u00e9rieur<\/span><\/li>\n<li class=\"product-prop line-limit-length\"><span class=\"property-title\">Saison :\u00a0<\/span><span class=\"property-desc line-limit-length\">\u00c9t\u00e9<\/span><\/li>\n<li class=\"product-prop line-limit-length\"><span class=\"property-title\">Num\u00e9ro de Mod\u00e8le :\u00a0<\/span><span class=\"property-desc line-limit-length\">mules<\/span><\/li>\n<li class=\"product-prop line-limit-length\"><span class=\"property-title\">Mat\u00e9riau de Semelle Ext\u00e9rieure :\u00a0<\/span><span class=\"property-desc line-limit-length\">Li\u00e8ge<\/span><\/li>\n<li class=\"product-prop line-limit-length\"><span class=\"property-title\">Type de Motif :\u00a0<\/span><span class=\"property-desc line-limit-length\">Solide<\/span><\/li>\n<li class=\"product-prop line-limit-length\"><span class=\"property-title\">Mat\u00e9riel de semelle :\u00a0<\/span><span class=\"property-desc line-limit-length\">EVA<\/span><\/li>\n<li class=\"product-prop line-limit-length\"><span class=\"property-title\">Mat\u00e9riau Sup\u00e9rieur :\u00a0<\/span><span class=\"property-desc line-limit-length\">su\u00e8de de vache<\/span><\/li>\n<li class=\"product-prop line-limit-length\"><span class=\"property-title\">Nom de marque :\u00a0<\/span><span class=\"property-desc line-limit-length\">Comwarm<\/span><\/li>\n<li class=\"product-prop line-limit-length\"><span class=\"property-title\">Origine :\u00a0<\/span><span class=\"property-desc line-limit-length\">CN (Origine)<\/span><\/li>\n<li class=\"product-prop line-limit-length\"><span class=\"property-title\">CN :\u00a0<\/span><span class=\"property-desc line-limit-length\">Zhejiang<\/span><\/li>\n<li class=\"product-prop line-limit-length\"><span class=\"property-title\">Type d'article :\u00a0<\/span><span class=\"property-desc line-limit-length\">Pantoufles<\/span><\/li>\n<li class=\"product-prop line-limit-length\"><span class=\"property-title\">Nom de D\u00e9partement :\u00a0<\/span><span class=\"property-desc line-limit-length\">Adulte<\/span><\/li>\n<\/ul>\n<\/div>\n<div class=\"detailmodule_html\">\n<div class=\"detail-desc-decorate-richtext\">\n<div class=\"detailmodule_html\">\n<div class=\"detail-desc-decorate-richtext\">\n<p style=\"text-align: center;\" align=\"center\"><span style=\"background-color: #ffffff; color: #000000; font-size: 22px; font-family: tahoma, geneva, sans-serif;\"><strong>Comwarm - Mules en daim pour femmes, pantoufles pour hommes, sabots, semelle int\u00e9rieure en li\u00e8ge, sandales avec soutien de la vo\u00fbte plantaire, diapositives de plage en plein air, chaussures de maison<\/strong><\/span><\/p>\n<p style=\"text-align: left;\" align=\"left\">\n<p style=\"text-align: left;\" align=\"left\"><img decoding=\"async\" src=\"https:\/\/ae01.alicdn.com\/kf\/S358ef752bdcb49498d90ee7f10f12cfaF.jpg\" \/><\/p>\n<p style=\"text-align: left;\" align=\"left\"><strong><span style=\"font-size: 18px;\">36 - longueur de la chaussure 24 cm - longueur du pied 22,2-22,9 cm<\/span><\/strong><\/p>\n<p style=\"text-align: left;\" align=\"left\"><strong><span style=\"font-size: 18px;\">37-longueur de la chaussure 24,5 cm-longueur du pied 23,2 cm<\/span><\/strong><\/p>\n<p style=\"text-align: left;\" align=\"left\"><strong><span style=\"font-size: 18px;\">38 - longueur de la chaussure 25 cm - longueur du pied 23,5 cm<\/span><\/strong><\/p>\n<p style=\"text-align: left;\" align=\"left\"><strong><span style=\"font-size: 18px;\">39-longueur de la chaussure 26 cm-longueur du pied 24,1-24,4 cm<\/span><\/strong><\/p>\n<p style=\"text-align: left;\" align=\"left\"><strong><span style=\"font-size: 18px;\">40-longueur de la chaussure 26,5 cm-longueur du pied 24,8 cm<\/span><\/strong><\/p>\n<p style=\"text-align: left;\" align=\"left\"><strong><span style=\"font-size: 18px;\">41-longueur de la chaussure 27,5 cm-longueur du pied 25,4-25,7 cm<\/span><\/strong><\/p>\n<p style=\"text-align: left;\" align=\"left\"><strong><span style=\"font-size: 18px;\">42-longueur de la chaussure 28 cm-longueur du pied 26 cm<\/span><\/strong><\/p>\n<p style=\"text-align: left;\" align=\"left\"><strong><span style=\"font-size: 18px;\">43-longueur de la chaussure 29 cm-longueur du pied 26,7-27 cm<\/span><\/strong><\/p>\n<p style=\"text-align: left;\" align=\"left\"><strong><span style=\"font-size: 18px;\">44 - longueur de la chaussure 29,5 cm - longueur du pied 27,9 cm<\/span><\/strong><\/p>\n<div><span style=\"font-size: 18px;\"><strong>45-longueur de la chaussure 30,5 cm-longueur du pied 28,6 cm<\/strong><\/span><\/div>\n<p style=\"text-align: left;\" align=\"left\"><span style=\"font-size: 18px;\"><strong>46 - longueur de la chaussure 31,5 cm - longueur du pied 29,5 cm<\/strong><\/span><\/p>\n<p style=\"text-align: left;\" align=\"left\"><span style=\"font-size: 18px;\"><strong>(Veuillez vous r\u00e9f\u00e9rer \u00e0 ce tableau des tailles avant d'acheter)<\/strong><\/span><\/p>\n<ul class=\"a-unordered-list a-vertical a-spacing-mini\" style=\"font-family: 'font-size:14px;font-weight:400;letter-spacing:normal;text-align:start;white-space:normal;color:#0F1111;background-color:#FFFFFF;margin:0px 0px 0px 18px;padding:0px;list-style:disc;box-sizing:border-box;'; text-align: start;\">\n<li style=\"margin: 0px; padding: 0px; box-sizing: border-box;\">\n<p style=\"text-align: left;\" align=\"left\"><span style=\"color: #000000; font-size: 16px;\"><strong>Chaussures de grotte \u00e9l\u00e9gantes<\/strong><\/span><\/p>\n<\/li>\n<li style=\"margin: 0px; padding: 0px; box-sizing: border-box;\">\n<p style=\"text-align: left;\" align=\"left\">100% vrai s<span style=\"font-size: 14px;\">look uede avec<\/span>sangles \u00e0 boucle m\u00e9tallique r\u00e9glables.Parfait pour le printemps\/\u00e9t\u00e9.Un incontournable pour toutes les saisons.Portez-le et vous recevrez de nombreux compliments !<\/p>\n<\/li>\n<li style=\"margin: 0px; padding: 0px; box-sizing: border-box;\">\n<p style=\"text-align: left;\" align=\"left\"><span style=\"font-size: 16px;\"><strong>Confort exceptionnel<\/strong><\/span><\/p>\n<\/li>\n<li style=\"margin: 0px; padding: 0px; box-sizing: border-box;\">\n<p style=\"text-align: left;\" align=\"left\"><span style=\"font-size: 14px;\">semelle int\u00e9rieure en li\u00e8ge, talon profond, doublure douce enveloppe parfaitement vos pieds.Ils ont un bon maintien de la vo\u00fbte plantaire, un bon amorti et un poids l\u00e9ger.Les chaussures trou\u00e9es ne lient en aucun cas vos pieds et sont confortables \u00e0 porter toute la journ\u00e9e.<\/span><\/p>\n<\/li>\n<li style=\"margin: 0px; padding: 0px; box-sizing: border-box;\">\n<p style=\"text-align: left;\" align=\"left\"><strong><span style=\"font-size: 16px;\">Prime<\/span><\/strong><\/p>\n<\/li>\n<li style=\"margin: 0px; padding: 0px; box-sizing: border-box;\">\n<p style=\"text-align: left;\" align=\"left\"><span style=\"font-size: 14px;\">Boutons solides et structure sup\u00e9rieure durable qui ne se cassera pas ou ne tombera pas.Le bas antid\u00e9rapant de la semelle ext\u00e9rieure a une bonne adh\u00e9rence et s'adapte \u00e0 toutes les surfaces.Il faudra beaucoup de temps pour l'utiliser normalement.<\/span><\/p>\n<\/li>\n<li style=\"margin: 0px; padding: 0px; box-sizing: border-box;\">\n<p style=\"text-align: left;\" align=\"left\"><strong><span style=\"font-size: 16px;\">Multifonctionnel<\/span><\/strong><\/p>\n<\/li>\n<li style=\"margin: 0px; padding: 0px; box-sizing: border-box;\">\n<p style=\"text-align: left;\" align=\"left\"><span style=\"font-size: 14px;\">une p\u00e9dale, \u00e0 porter n'importe o\u00f9, \u00e0 la maison ou \u00e0 l'\u00e9picerie, \u00e0 la salle de sport, \u00e0 marcher, \u00e0 transporter un sac n'importe o\u00f9!Convient pour une utilisation int\u00e9rieure et ext\u00e9rieure.Parfait pour les occasions ou les f\u00eates d\u00e9contract\u00e9es.<\/span><\/p>\n<\/li>\n<li style=\"margin: 0px; padding: 0px; box-sizing: border-box;\">\n<p style=\"text-align: left;\" align=\"left\"><span style=\"font-size: 16px;\"><strong>Nettoyage simple<\/strong><\/span><\/p>\n<\/li>\n<li style=\"margin: 0px; padding: 0px; box-sizing: border-box;\">\n<p style=\"text-align: left;\" align=\"left\"><span style=\"font-size: 14px;\">essuyer avec de l'eau. S\u00e9cher naturellement \u00e0 l'air libre. Si vous souhaitez le porter avec des chaussettes, il est recommand\u00e9 d'acheter une taille plus grande. Sinon, c'est un peu serr\u00e9.<\/span><\/p>\n<div><\/div>\n<p style=\"text-align: left;\" align=\"left\"><img decoding=\"async\" style=\"width: 800px;\" src=\"https:\/\/ae01.alicdn.com\/kf\/S81067a5004244837a9d221c8582ad9c5w.jpg\" width=\"800px\" \/><\/p>\n<p style=\"text-align: left;\" align=\"left\"><img decoding=\"async\" style=\"width: 800px;\" src=\"https:\/\/ae01.alicdn.com\/kf\/Sd50aadcf48504cb9a67cee76fd1d3fa4i.jpg\" width=\"800px\" \/><\/p>\n<p style=\"text-align: left;\" align=\"left\"><img decoding=\"async\" style=\"width: 800px;\" src=\"https:\/\/ae01.alicdn.com\/kf\/S3f606bc90e284725993f90c629fd370cc.jpg\" width=\"800px\" \/><\/p>\n<p style=\"text-align: left;\" align=\"left\"><img decoding=\"async\" style=\"width: 800px;\" src=\"https:\/\/ae01.alicdn.com\/kf\/S31e6ec3c36b64fbaa64085a6f0263fb7U.jpg\" width=\"800px\" \/><\/p>\n<p style=\"text-align: left;\" align=\"left\"><img decoding=\"async\" style=\"width: 800px;\" src=\"https:\/\/ae01.alicdn.com\/kf\/Sd094b8c6b0f6415185d0b6f586c3974bR.jpg\" width=\"800px\" \/><\/p>\n<p style=\"text-align: left;\" align=\"left\"><img decoding=\"async\" style=\"width: 800px;\" src=\"https:\/\/ae01.alicdn.com\/kf\/S1bdb73b19f4b417e98fff0f774909b70r.jpg\" width=\"800px\" \/><\/p>\n<p style=\"text-align: left;\" align=\"left\"><img decoding=\"async\" style=\"width: 800px;\" src=\"https:\/\/ae01.alicdn.com\/kf\/S4193943fcdb845b9993d3b5d4a0027cft.jpg\" width=\"800px\" \/><\/p>\n<p style=\"text-align: left;\" align=\"left\"><img decoding=\"async\" style=\"width: 800px;\" src=\"https:\/\/ae01.alicdn.com\/kf\/S3d6aff261bf84e86a5dc60fe823b2fa2V.jpg\" width=\"800px\" \/><\/p>\n<p style=\"text-align: center;\" align=\"center\"><img decoding=\"async\" style=\"width: 800px;\" src=\"https:\/\/ae01.alicdn.com\/kf\/Sfb8e4730f35a4733bc606d3282b6f76br.jpg\" width=\"800px\" \/><\/p>\n<div style=\"text-align: center;\" align=\"center\"><\/div>\n<p style=\"text-align: center;\" align=\"center\"><img decoding=\"async\" style=\"width: 800px;\" src=\"https:\/\/ae01.alicdn.com\/kf\/S78ff0d26a2554181a1a137845e9ed5d06.jpg\" width=\"800px\" \/><\/p>\n<p style=\"text-align: center;\" align=\"center\"><img decoding=\"async\" style=\"width: 800px;\" src=\"https:\/\/ae01.alicdn.com\/kf\/S0d8b426682ee45e7b883d40edf6ad4b6b.jpg\" width=\"800px\" \/><\/p>\n<p style=\"text-align: center;\" align=\"center\"><img decoding=\"async\" style=\"width: 800px;\" src=\"https:\/\/ae01.alicdn.com\/kf\/Sa0c6a4c7d9c243da9d46115564bc2b45g.jpg\" width=\"800px\" \/><\/p>\n<p style=\"text-align: center;\" align=\"center\"><img decoding=\"async\" style=\"width: 800px;\" src=\"https:\/\/ae01.alicdn.com\/kf\/S341abc2897e94c278e0b7d97c8471841d.jpg\" width=\"800px\" \/><\/p>\n<p style=\"text-align: center;\" align=\"center\"><img decoding=\"async\" style=\"width: 800px;\" src=\"https:\/\/ae01.alicdn.com\/kf\/Sfe3785e80e1543fea24cb0e5712857b2r.jpg\" width=\"800px\" \/><\/p>\n<p style=\"text-align: center;\" align=\"center\"><img decoding=\"async\" style=\"width: 800px;\" src=\"https:\/\/ae01.alicdn.com\/kf\/Sca8c325e6a964e8bb9acf352a15ca2187.jpg\" width=\"800px\" \/><\/p>\n<p style=\"text-align: center;\" align=\"center\"><img decoding=\"async\" style=\"width: 800px;\" src=\"https:\/\/ae01.alicdn.com\/kf\/Sf396bc99d8fd4df29d18f441bbdefd08Y.jpg\" width=\"800px\" \/><\/p>\n<p style=\"text-align: center;\" align=\"center\"><img decoding=\"async\" style=\"width: 800px;\" src=\"https:\/\/ae01.alicdn.com\/kf\/S5051347e3ce247428bbbbb63c9a4daa30.jpg\" width=\"800px\" \/><\/p>\n<p style=\"text-align: center;\" align=\"center\"><img decoding=\"async\" style=\"width: 800px;\" src=\"https:\/\/ae01.alicdn.com\/kf\/Saa78f1c7d3cb442689698ba6673aa227L.jpg\" width=\"800px\" \/><\/p>\n<p style=\"text-align: center;\" align=\"center\"><img decoding=\"async\" style=\"width: 800px;\" src=\"https:\/\/ae01.alicdn.com\/kf\/S3f55cf11d3bd45c7b4359855fd780d32W.jpg\" width=\"800px\" \/><\/p>\n<p style=\"text-align: center;\" align=\"center\"><img decoding=\"async\" style=\"width: 800px;\" src=\"https:\/\/ae01.alicdn.com\/kf\/Sbcb111389f4a4b2fbdf0e714c30aee06c.jpg\" width=\"800px\" \/><\/p>\n<p style=\"text-align: center;\" align=\"center\"><img decoding=\"async\" style=\"width: 800px;\" src=\"https:\/\/ae01.alicdn.com\/kf\/Sa59ed9c137ba4a3288d851ddd0784482K.jpg\" width=\"800px\" \/><\/p>\n<\/li>\n<\/ul>\n<p style=\"text-align: center;\" align=\"center\"><img decoding=\"async\" src=\"https:\/\/ae01.alicdn.com\/kf\/S51a97427e40c4051994b3e793981f36eM.jpg\" \/><img decoding=\"async\" src=\"https:\/\/ae01.alicdn.com\/kf\/S81233cc4c10c4c46a97e9ba6b27bb9698.jpg\" \/><img decoding=\"async\" src=\"https:\/\/ae01.alicdn.com\/kf\/Sa438f66c1c94463593e76c5fcc4054799.jpg\" \/><img decoding=\"async\" src=\"https:\/\/ae01.alicdn.com\/kf\/Sa27a47c0af784567b7125de9c9a18149S.jpg\" \/><img decoding=\"async\" src=\"https:\/\/ae01.alicdn.com\/kf\/S7c18d20bd03c4442b2da2e20334a02e2P.jpg\" \/><img decoding=\"async\" src=\"https:\/\/ae01.alicdn.com\/kf\/Sebb08669678b44c1a67570ea88ca4c3by.jpg\" \/><img decoding=\"async\" src=\"https:\/\/ae01.alicdn.com\/kf\/S89e3cdf8e0ff4116bff137edd3f49526i.jpg\" \/><img decoding=\"async\" src=\"https:\/\/ae01.alicdn.com\/kf\/Sc55bb7c63df14cf0b5a930ab4f3be582z.jpg\" \/><img decoding=\"async\" src=\"https:\/\/ae01.alicdn.com\/kf\/Sb669cedc97b84bc2ae0665ad20876106u.jpg\" \/><img decoding=\"async\" src=\"https:\/\/ae01.alicdn.com\/kf\/S08a06d4371634fb688472405199e1e1aA.jpg\" \/><img decoding=\"async\" src=\"https:\/\/ae01.alicdn.com\/kf\/S09175ed52289427c9c7896317412787ca.jpg\" \/><img decoding=\"async\" src=\"https:\/\/ae01.alicdn.com\/kf\/Sc8af7db14c4c445c9256ec46a14912f1c.jpg\" \/><img decoding=\"async\" src=\"https:\/\/ae01.alicdn.com\/kf\/S22ab3ae80ee74d72b8368b78ec9964efw.jpg\" \/><img decoding=\"async\" src=\"https:\/\/ae01.alicdn.com\/kf\/S2ce4a6dd22f04ea88e23281fe394c2cdY.jpg\" \/><img decoding=\"async\" src=\"https:\/\/ae01.alicdn.com\/kf\/S0d2bf019c9e74249b4fd166bf5466b2ca.jpg\" \/><img decoding=\"async\" src=\"https:\/\/ae01.alicdn.com\/kf\/S34d998e265214335bea79177b2df8a1eT.jpg\" \/><img decoding=\"async\" src=\"https:\/\/ae01.alicdn.com\/kf\/S59cf0dcd53ce47eeac98b97e6fdf846aB.jpg\" \/><img decoding=\"async\" src=\"https:\/\/ae01.alicdn.com\/kf\/Scc2cb329ae9f4dd7aa2f052528534df4Y.jpg\" \/><img decoding=\"async\" src=\"https:\/\/ae01.alicdn.com\/kf\/S3e7c4d4eb6b044daa526b582e9c9c799l.jpg\" \/><img decoding=\"async\" src=\"https:\/\/ae01.alicdn.com\/kf\/S4c816a62a70040aaa0e46907c63a2751s.jpg\" \/><img decoding=\"async\" src=\"https:\/\/ae01.alicdn.com\/kf\/S994a87f3a5274cab814e22700f32ff02L.jpg\" \/><img decoding=\"async\" src=\"https:\/\/ae01.alicdn.com\/kf\/Seebcd843c5134bce8fcd0f404e9d2294V.jpg\" \/><img decoding=\"async\" src=\"https:\/\/ae01.alicdn.com\/kf\/Sf62b109de9d041e18ec566b000b75caeP.jpg\" \/><\/p>\n<p style=\"text-align: center;\" align=\"center\">\n<p>&nbsp;<\/p>\n<\/div>\n<\/div>\n<p>&nbsp;<\/p>\n<\/div>\n<\/div>","protected":false},"excerpt":{"rendered":"<p>&nbsp; Style:\u00a0LEISURE Type de chaussures:\u00a0Mules Type de Talon:\u00a0Plat avec Hauteur de Talon:\u00a0Bas (1 cm-3 cm) Avec plates-formes:\u00a0Pas de \u00c9l\u00e9ment mode:\u00a0sangle<\/p>","protected":false},"featured_media":4482,"comment_status":"open","ping_status":"closed","template":"","meta":[],"product_brand":[],"product_cat":[4994,1451],"product_tag":[],"class_list":{"0":"post-4477","1":"product","2":"type-product","3":"status-publish","4":"has-post-thumbnail","6":"product_cat-flats-confort-shoes","7":"product_cat-womens-section","9":"first","10":"instock","11":"shipping-taxable","12":"purchasable","13":"product-type-variable"},"jetpack_sharing_enabled":true,"_links":{"self":[{"href":"https:\/\/afrycom.com\/fr\/wp-json\/wp\/v2\/product\/4477","targetHints":{"allow":["GET"]}}],"collection":[{"href":"https:\/\/afrycom.com\/fr\/wp-json\/wp\/v2\/product"}],"about":[{"href":"https:\/\/afrycom.com\/fr\/wp-json\/wp\/v2\/types\/product"}],"replies":[{"embeddable":true,"href":"https:\/\/afrycom.com\/fr\/wp-json\/wp\/v2\/comments?post=4477"}],"wp:featuredmedia":[{"embeddable":true,"href":"https:\/\/afrycom.com\/fr\/wp-json\/wp\/v2\/media\/4482"}],"wp:attachment":[{"href":"https:\/\/afrycom.com\/fr\/wp-json\/wp\/v2\/media?parent=4477"}],"wp:term":[{"taxonomy":"product_brand","embeddable":true,"href":"https:\/\/afrycom.com\/fr\/wp-json\/wp\/v2\/product_brand?post=4477"},{"taxonomy":"product_cat","embeddable":true,"href":"https:\/\/afrycom.com\/fr\/wp-json\/wp\/v2\/product_cat?post=4477"},{"taxonomy":"product_tag","embeddable":true,"href":"https:\/\/afrycom.com\/fr\/wp-json\/wp\/v2\/product_tag?post=4477"}],"curies":[{"name":"wp","href":"https:\/\/api.w.org\/{rel}","templated":true}]}}