{"id":4371,"date":"2025-03-08T07:58:47","date_gmt":"2025-03-08T07:58:47","guid":{"rendered":"https:\/\/afrycom.com\/product\/kidmi-femmes-sandales-plates-femmes-pantoufles-en-plein-air-antiderapant-maison-pantoufles-unisexe-plage-diapositives-orthopedique-souffle-doux-pantoufles\/"},"modified":"2025-03-08T07:59:42","modified_gmt":"2025-03-08T07:59:42","slug":"kidmi-femmes-sandales-plates-femmes-pantoufles-en-plein-air-antiderapant-maison-pantoufles-unisexe-plage-diapositives-orthopedique-souffle-doux-pantoufles","status":"publish","type":"product","link":"https:\/\/afrycom.com\/fr\/produit\/kidmi-femmes-sandales-plates-femmes-pantoufles-en-plein-air-antiderapant-maison-pantoufles-unisexe-plage-diapositives-orthopedique-souffle-doux-pantoufles\/","title":{"rendered":"Kidmi femmes sandales plates femmes pantoufles en plein air antid\u00e9rapant maison pantoufles unisexe plage diapositives orthop\u00e9dique souffle doux pantoufles"},"content":{"rendered":"<div class=\"product-specs-list-container\">\n<ul class=\"product-specs-list util-clearfix\">\n<li class=\"product-prop line-limit-length\"><span\n                                        class=\"property-title\">M\u00e9thode de fixation sup\u00e9rieure :&nbsp;<\/span><span\n                                        class=\"property-desc line-limit-length\">Moulage par injection<\/span>\n                            <\/li>\n<li class=\"product-prop line-limit-length\"><span\n                                        class=\"property-title\">Couverture sup\u00e9rieure :&nbsp;<\/span><span\n                                        class=\"property-desc line-limit-length\">Au-dessus de la cheville mais pas jusqu&#039;au genou<\/span>\n                            <\/li>\n<li class=\"product-prop line-limit-length\"><span\n                                        class=\"property-title\">Sexe :&nbsp;<\/span><span\n                                        class=\"property-desc line-limit-length\">Femmes<\/span>\n                            <\/li>\n<li class=\"product-prop line-limit-length\"><span\n                                        class=\"property-title\">Style de vinaigrette:&nbsp;<\/span><span\n                                        class=\"property-desc line-limit-length\">autre<\/span>\n                            <\/li>\n<li class=\"product-prop line-limit-length\"><span\n                                        class=\"property-title\">Chimique Hign-concern\u00e9 :&nbsp;<\/span><span\n                                        class=\"property-desc line-limit-length\">Aucun<\/span>\n                            <\/li>\n<li class=\"product-prop line-limit-length\"><span\n                                        class=\"property-title\">Hauteur de la plate-forme:&nbsp;<\/span><span\n                                        class=\"property-desc line-limit-length\">0-3cm<\/span>\n                            <\/li>\n<li class=\"product-prop line-limit-length\"><span\n                                        class=\"property-title\">Ajustement :&nbsp;<\/span><span\n                                        class=\"property-desc line-limit-length\">S&#039;adapte \u00e0 la taille, prenez votre taille normale<\/span>\n                            <\/li>\n<li class=\"product-prop line-limit-length\"><span\n                                        class=\"property-title\">Mat\u00e9riel Doublure :&nbsp;<\/span><span\n                                        class=\"property-desc line-limit-length\">AUCUN<\/span>\n                            <\/li>\n<li class=\"product-prop line-limit-length\"><span\n                                        class=\"property-title\">Avec plates-formes :&nbsp;<\/span><span\n                                        class=\"property-desc line-limit-length\">Oui<\/span>\n                            <\/li>\n<li class=\"product-prop line-limit-length\"><span\n                                        class=\"property-title\">Type de Talon :&nbsp;<\/span><span\n                                        class=\"property-desc line-limit-length\">Plat avec<\/span>\n                            <\/li>\n<li class=\"product-prop line-limit-length\"><span\n                                        class=\"property-title\">Type d&#039;empeigne lat\u00e9rale:&nbsp;<\/span><span\n                                        class=\"property-desc line-limit-length\">Ouvrir<\/span>\n                            <\/li>\n<li class=\"product-prop line-limit-length\"><span\n                                        class=\"property-title\">\u00c9l\u00e9ment mode :&nbsp;<\/span><span\n                                        class=\"property-desc line-limit-length\">lumi\u00e8re<\/span>\n                            <\/li>\n<li class=\"product-prop line-limit-length\"><span\n                                        class=\"property-title\">Hauteur de Talon :&nbsp;<\/span><span\n                                        class=\"property-desc line-limit-length\">Bas (1 cm-3 cm)<\/span>\n                            <\/li>\n<li class=\"product-prop line-limit-length\"><span\n                                        class=\"property-title\">Style :&nbsp;<\/span><span\n                                        class=\"property-desc line-limit-length\">Concis<\/span>\n                            <\/li>\n<li class=\"product-prop line-limit-length\"><span\n                                        class=\"property-title\">Type de Motif :&nbsp;<\/span><span\n                                        class=\"property-desc line-limit-length\">Solide<\/span>\n                            <\/li>\n<li class=\"product-prop line-limit-length\"><span\n                                        class=\"property-title\">Mat\u00e9riel de semelle :&nbsp;<\/span><span\n                                        class=\"property-desc line-limit-length\">EVA<\/span>\n                            <\/li>\n<li class=\"product-prop line-limit-length\"><span\n                                        class=\"property-title\">Mat\u00e9riau de Semelle Ext\u00e9rieure :&nbsp;<\/span><span\n                                        class=\"property-desc line-limit-length\">EVA<\/span>\n                            <\/li>\n<li class=\"product-prop line-limit-length\"><span\n                                        class=\"property-title\">Type de Fermeture :&nbsp;<\/span><span\n                                        class=\"property-desc line-limit-length\">SLIP-ON<\/span>\n                            <\/li>\n<li class=\"product-prop line-limit-length\"><span\n                                        class=\"property-title\">Occasion :&nbsp;<\/span><span\n                                        class=\"property-desc line-limit-length\">Le sport<\/span>\n                            <\/li>\n<li class=\"product-prop line-limit-length\"><span\n                                        class=\"property-title\">Type de Sandale:&nbsp;<\/span><span\n                                        class=\"property-desc line-limit-length\">Sandales modernes<\/span>\n                            <\/li>\n<li class=\"product-prop line-limit-length\"><span\n                                        class=\"property-title\">Mat\u00e9riau Sup\u00e9rieur :&nbsp;<\/span><span\n                                        class=\"property-desc line-limit-length\">EVA<\/span>\n                            <\/li>\n<li class=\"product-prop line-limit-length\"><span\n                                        class=\"property-title\">Nom de marque :&nbsp;<\/span><span\n                                        class=\"property-desc line-limit-length\">Kidmi<\/span>\n                            <\/li>\n<li class=\"product-prop line-limit-length\"><span\n                                        class=\"property-title\">Origine :&nbsp;<\/span><span\n                                        class=\"property-desc line-limit-length\">CN (Origine)<\/span>\n                            <\/li>\n<li class=\"product-prop line-limit-length\"><span\n                                        class=\"property-title\">Nom de D\u00e9partement :&nbsp;<\/span><span\n                                        class=\"property-desc line-limit-length\">Adulte<\/span>\n                            <\/li>\n<li class=\"product-prop line-limit-length\"><span\n                                        class=\"property-title\">Type d'article :&nbsp;<\/span><span\n                                        class=\"property-desc line-limit-length\">sandales<\/span>\n                            <\/li>\n<\/ul><\/div>\n<div class=\"detailmodule_html\">\n<div class=\"detail-desc-decorate-richtext\"><\/p>\n<div class=\"detailmodule_html\">\n<div class=\"detail-desc-decorate-richtext\">\n<div style=\"text-align:center\" align=\"center\"><\/div>\n<p style=\"text-align:center\" align=\"center\"><strong><span style=\"font-size:22px\">Kidmi \u2013 sandales plates pour femmes, pantoufles d&#8217;ext\u00e9rieur antid\u00e9rapantes, pantoufles de maison unisexes, diapositives de plage, pantoufles orthop\u00e9diques souples<\/span><\/strong><\/p>\n<p><img decoding=\"async\" style=\"width:970px\" width=\"970px\" src=\"https:\/\/ae01.alicdn.com\/kf\/S155c71eabe21463fbce2c0798d28dae92.jpg\" slate-data-type=\"image\"><\/p>\n<div><\/div>\n<p><\/p>\n<p><img decoding=\"async\" style=\"width:970px\" width=\"970px\" src=\"https:\/\/ae01.alicdn.com\/kf\/S75f46cb830e94ea58b7ce82fdf5847bcJ.jpg\" slate-data-type=\"image\"><\/p>\n<p><\/p>\n<p><img decoding=\"async\" style=\"width:1600px\" width=\"1600px\" src=\"https:\/\/ae01.alicdn.com\/kf\/S3296138005d34a98843cfc874a3e90d7w.jpg\" slate-data-type=\"image\"><\/p>\n<p><\/p>\n<p><img decoding=\"async\" style=\"width:1600px\" width=\"1600px\" src=\"https:\/\/ae01.alicdn.com\/kf\/Sede8c4ffb2cd4a7ba2356aa220e0702fG.jpg\" slate-data-type=\"image\"><\/p>\n<p><\/p>\n<p><img decoding=\"async\" style=\"width:1600px\" width=\"1600px\" src=\"https:\/\/ae01.alicdn.com\/kf\/Sc24d78fb4af846a6a4a4364669f9f8393.jpg\" slate-data-type=\"image\"><\/p>\n<p><\/p>\n<p><img decoding=\"async\" style=\"width:1600px\" width=\"1600px\" src=\"https:\/\/ae01.alicdn.com\/kf\/S6eacf6437ff64838bfd5497249c23f71U.jpg\" slate-data-type=\"image\"><\/p>\n<p><img decoding=\"async\" style=\"width:1600px\" width=\"1600px\" src=\"https:\/\/ae01.alicdn.com\/kf\/S1ee733b7062a445fb8535e9285d55678n.jpg\" slate-data-type=\"image\"><\/p>\n<p><img decoding=\"async\" style=\"width:1600px\" width=\"1600px\" src=\"https:\/\/ae01.alicdn.com\/kf\/Sfde20d41d4734f089345bf2e8867e1665.jpg\" slate-data-type=\"image\"><\/p>\n<p><\/p>\n<p><img decoding=\"async\" style=\"width:1600px\" width=\"1600px\" src=\"https:\/\/ae01.alicdn.com\/kf\/Se64fde01994e43ae896905edb98913e9G.jpg\" slate-data-type=\"image\"><\/p>\n<p><\/p>\n<p><img decoding=\"async\" style=\"width:1600px\" width=\"1600px\" src=\"https:\/\/ae01.alicdn.com\/kf\/Sb77e06c70b2f40c4a2a1fecea60c87c9A.jpg\" slate-data-type=\"image\"><\/p>\n<p><img decoding=\"async\" style=\"width:1600px\" width=\"1600px\" src=\"https:\/\/ae01.alicdn.com\/kf\/S25d55413f1f7471c87dc418e339407c2l.jpg\" slate-data-type=\"image\"><\/p>\n<p><\/p>\n<p><img decoding=\"async\" style=\"width:1600px\" width=\"1600px\" src=\"https:\/\/ae01.alicdn.com\/kf\/Sca86d4db189148b4a6cef772514dba7bQ.jpg\" slate-data-type=\"image\"><\/p>\n<p><img decoding=\"async\" style=\"width:1600px\" width=\"1600px\" src=\"https:\/\/ae01.alicdn.com\/kf\/S6f1172d250dc4b7c8fdfbe31ef703468f.jpg\" slate-data-type=\"image\"><\/p>\n<p style=\"text-align:center\" align=\"center\"><strong><br \/><\/strong><\/p>\n<div><\/div>\n<p><strong><br \/><\/strong><\/p>\n<p><\/div>\n<\/div>\n<p><img decoding=\"async\" src=\"https:\/\/ae01.alicdn.com\/kf\/S37ce16f042104f6d9e6973284f1abe902.jpg\" slate-data-type=\"image\"><img decoding=\"async\" src=\"https:\/\/ae01.alicdn.com\/kf\/S2450841a72f84e288a7d4d6f78f5f9f4I.jpg\" slate-data-type=\"image\"><img decoding=\"async\" src=\"https:\/\/ae01.alicdn.com\/kf\/S54d4aff9de674083ada19ce0872de6ddZ.jpg\" slate-data-type=\"image\"><img decoding=\"async\" src=\"https:\/\/ae01.alicdn.com\/kf\/Sed496e2e3fab4249b5f58c24139dfe5dG.jpg\" slate-data-type=\"image\"><img decoding=\"async\" src=\"https:\/\/ae01.alicdn.com\/kf\/Seb557d3e66624a6ea0a2979b371b4b34o.jpg\" slate-data-type=\"image\"><img decoding=\"async\" src=\"https:\/\/ae01.alicdn.com\/kf\/Sde685d8fe91c4c4bb52f1735763d166bo.jpg\" slate-data-type=\"image\"><img decoding=\"async\" src=\"https:\/\/ae01.alicdn.com\/kf\/S8126f5f52cc54bb595e51b340402160d7.jpg\" slate-data-type=\"image\"><img decoding=\"async\" src=\"https:\/\/ae01.alicdn.com\/kf\/S194883cdaaf94fdb85537b5617a1b44cy.jpg\" slate-data-type=\"image\"><img decoding=\"async\" src=\"https:\/\/ae01.alicdn.com\/kf\/S7cfbb6a1252e4887915739ea0b9a8669e.jpg\" slate-data-type=\"image\"><img decoding=\"async\" src=\"https:\/\/ae01.alicdn.com\/kf\/S2d4f96d475a44c0e903c985a49617f60J.jpg\" slate-data-type=\"image\"><img decoding=\"async\" src=\"https:\/\/ae01.alicdn.com\/kf\/S826fb8ed38a241b2a45036a224d3a01fj.jpg\" slate-data-type=\"image\"><img decoding=\"async\" src=\"https:\/\/ae01.alicdn.com\/kf\/S1cd407356d2a45cd9c7be7c3e20892c3c.jpg\" slate-data-type=\"image\"><img decoding=\"async\" src=\"https:\/\/ae01.alicdn.com\/kf\/Sb237ec7b0a7946129fb6dfd90b809815L.jpg\" slate-data-type=\"image\"><img decoding=\"async\" src=\"https:\/\/ae01.alicdn.com\/kf\/Sb26995e0cf5c4574b8f751f0641763ce5.jpg\" slate-data-type=\"image\"><img decoding=\"async\" src=\"https:\/\/ae01.alicdn.com\/kf\/Sced5c3e5ca634c6b8a2e789e3dd75a492.jpg\" slate-data-type=\"image\"><img decoding=\"async\" src=\"https:\/\/ae01.alicdn.com\/kf\/S20ae1c983b274c9e8c67e779bdedf777p.jpg\" slate-data-type=\"image\"><img decoding=\"async\" src=\"https:\/\/ae01.alicdn.com\/kf\/S5bbd3fd666284fce9fe400f9e570aea4Y.jpg\" slate-data-type=\"image\"><img decoding=\"async\" src=\"https:\/\/ae01.alicdn.com\/kf\/Sfe00d83d3e864912844dac5494799d54a.jpg\" slate-data-type=\"image\"><img decoding=\"async\" src=\"https:\/\/ae01.alicdn.com\/kf\/S3df6e3fe7bd14c509906b1547f020244K.jpg\" slate-data-type=\"image\"><img decoding=\"async\" src=\"https:\/\/ae01.alicdn.com\/kf\/S2ef1a7fff9694293a7e51bbd452e6394s.jpg\" slate-data-type=\"image\"><img decoding=\"async\" src=\"https:\/\/ae01.alicdn.com\/kf\/S25d40ee7da394794b7fc7460a7931e8cY.jpg\" slate-data-type=\"image\"><img decoding=\"async\" src=\"https:\/\/ae01.alicdn.com\/kf\/S5ce6d897834241cfa3a2afda1a224fffq.jpg\" slate-data-type=\"image\"><img decoding=\"async\" src=\"https:\/\/ae01.alicdn.com\/kf\/S9feb51524b444a8c99aa73f38513d2cfx.jpg\" slate-data-type=\"image\"><img decoding=\"async\" src=\"https:\/\/ae01.alicdn.com\/kf\/Sb7b50a6de5184aeaa6689e169c375a1cf.jpg\" slate-data-type=\"image\"><img decoding=\"async\" src=\"https:\/\/ae01.alicdn.com\/kf\/Sffc2e9efa7804421bea3067c285f9956r.jpg\" slate-data-type=\"image\"><img decoding=\"async\" src=\"https:\/\/ae01.alicdn.com\/kf\/S6d833d4e78f141e29228d552aa1db478O.jpg\" slate-data-type=\"image\"><img decoding=\"async\" src=\"https:\/\/ae01.alicdn.com\/kf\/S329e1504a2e141f59e224bf0bc2f37d69.jpg\" slate-data-type=\"image\"><img decoding=\"async\" src=\"https:\/\/ae01.alicdn.com\/kf\/S69bda0d3f1234755bf296ce468374e54T.jpg\" slate-data-type=\"image\"><img decoding=\"async\" src=\"https:\/\/ae01.alicdn.com\/kf\/S3b0577aa6e8f40398732de3977482779R.jpg\" slate-data-type=\"image\"><img decoding=\"async\" src=\"https:\/\/ae01.alicdn.com\/kf\/S0bb31ae7bfdf473fab870a889b285f653.jpg\" slate-data-type=\"image\"><img decoding=\"async\" src=\"https:\/\/ae01.alicdn.com\/kf\/S735cf70b5cd843908f8626702aa246f4g.jpg\" slate-data-type=\"image\"><img decoding=\"async\" src=\"https:\/\/ae01.alicdn.com\/kf\/S98f16826e6844f9ca1fabd27efa6ecedN.jpg\" slate-data-type=\"image\"><img decoding=\"async\" src=\"https:\/\/ae01.alicdn.com\/kf\/S3c8d1aa84ec444c08dbfbd95facb654cg.jpg\" slate-data-type=\"image\"><img decoding=\"async\" src=\"https:\/\/ae01.alicdn.com\/kf\/Sdf363f583f9e479a9fbae6373571eecbc.jpg\" slate-data-type=\"image\"><\/p>\n<p><\/p>\n<p><\/div>\n<\/div>","protected":false},"excerpt":{"rendered":"<p>M\u00e9thode de fixation sup\u00e9rieure:&nbsp;Moulage par injection Couverture sup\u00e9rieure:&nbsp;Au-dessus de la cheville mais pas jusqu&#039;au genou Sexe:&nbsp;Femmes Style de vinaigrette:&nbsp;autre Chimique<\/p>","protected":false},"featured_media":4372,"comment_status":"open","ping_status":"closed","template":"","meta":[],"product_brand":[],"product_cat":[15],"product_tag":[],"class_list":{"0":"post-4371","1":"product","2":"type-product","3":"status-publish","4":"has-post-thumbnail","6":"product_cat-uncategorized","8":"first","9":"instock","10":"shipping-taxable","11":"purchasable","12":"product-type-variable"},"jetpack_sharing_enabled":true,"_links":{"self":[{"href":"https:\/\/afrycom.com\/fr\/wp-json\/wp\/v2\/product\/4371","targetHints":{"allow":["GET"]}}],"collection":[{"href":"https:\/\/afrycom.com\/fr\/wp-json\/wp\/v2\/product"}],"about":[{"href":"https:\/\/afrycom.com\/fr\/wp-json\/wp\/v2\/types\/product"}],"replies":[{"embeddable":true,"href":"https:\/\/afrycom.com\/fr\/wp-json\/wp\/v2\/comments?post=4371"}],"wp:featuredmedia":[{"embeddable":true,"href":"https:\/\/afrycom.com\/fr\/wp-json\/wp\/v2\/media\/4372"}],"wp:attachment":[{"href":"https:\/\/afrycom.com\/fr\/wp-json\/wp\/v2\/media?parent=4371"}],"wp:term":[{"taxonomy":"product_brand","embeddable":true,"href":"https:\/\/afrycom.com\/fr\/wp-json\/wp\/v2\/product_brand?post=4371"},{"taxonomy":"product_cat","embeddable":true,"href":"https:\/\/afrycom.com\/fr\/wp-json\/wp\/v2\/product_cat?post=4371"},{"taxonomy":"product_tag","embeddable":true,"href":"https:\/\/afrycom.com\/fr\/wp-json\/wp\/v2\/product_tag?post=4371"}],"curies":[{"name":"wp","href":"https:\/\/api.w.org\/{rel}","templated":true}]}}