{"id":4354,"date":"2025-03-08T07:58:41","date_gmt":"2025-03-08T07:58:41","guid":{"rendered":"https:\/\/afrycom.com\/product\/poedagar-montre-carree-de-luxe-pour-femme-etanche-lumineux-date-dames-montre-en-acier-inoxydable-quartz-femmes-montres-femme-reloj\/"},"modified":"2025-03-08T07:59:20","modified_gmt":"2025-03-08T07:59:20","slug":"poedagar-montre-carree-de-luxe-pour-femme-etanche-lumineux-date-dames-montre-en-acier-inoxydable-quartz-femmes-montres-femme-reloj","status":"publish","type":"product","link":"https:\/\/afrycom.com\/fr\/produit\/poedagar-montre-carree-de-luxe-pour-femme-etanche-lumineux-date-dames-montre-en-acier-inoxydable-quartz-femmes-montres-femme-reloj\/","title":{"rendered":"POEDAGAR montre carr\u00e9e de luxe pour femme \u00e9tanche lumineux Date dames montre en acier inoxydable Quartz femmes montres femme Reloj"},"content":{"rendered":"<div class=\"product-specs-list-container\">\n<ul class=\"product-specs-list util-clearfix\">\n<li class=\"product-prop line-limit-length\"><span\n                                        class=\"property-title\">Chimique Hign-concern\u00e9 :&nbsp;<\/span><span\n                                        class=\"property-desc line-limit-length\">Aucun<\/span>\n                            <\/li>\n<li class=\"product-prop line-limit-length\"><span\n                                        class=\"property-title\">Type d&#039;affichage:&nbsp;<\/span><span\n                                        class=\"property-desc line-limit-length\">Numberless<\/span>\n                            <\/li>\n<li class=\"product-prop line-limit-length\"><span\n                                        class=\"property-title\">Forme de mallettes:&nbsp;<\/span><span\n                                        class=\"property-desc line-limit-length\">Carr\u00e9<\/span>\n                            <\/li>\n<li class=\"product-prop line-limit-length\"><span\n                                        class=\"property-title\">Type de mat\u00e9riau de fen\u00eatre de cadran:&nbsp;<\/span><span\n                                        class=\"property-desc line-limit-length\">Hardlex<\/span>\n                            <\/li>\n<li class=\"product-prop line-limit-length\"><span\n                                        class=\"property-title\">Mat\u00e9riel des bo\u00eetes et mallettes:&nbsp;<\/span><span\n                                        class=\"property-desc line-limit-length\">Papier<\/span>\n                            <\/li>\n<li class=\"product-prop line-limit-length\"><span\n                                        class=\"property-title\">Diam\u00e8tre du cadran:&nbsp;<\/span><span\n                                        class=\"property-desc line-limit-length\">35mm<\/span>\n                            <\/li>\n<li class=\"product-prop line-limit-length\"><span\n                                        class=\"property-title\">\u00c9paisseur du bo\u00eetier:&nbsp;<\/span><span\n                                        class=\"property-desc line-limit-length\">9mm<\/span>\n                            <\/li>\n<li class=\"product-prop line-limit-length\"><span\n                                        class=\"property-title\">Longueur de bande:&nbsp;<\/span><span\n                                        class=\"property-desc line-limit-length\">19cm<\/span>\n                            <\/li>\n<li class=\"product-prop line-limit-length\"><span\n                                        class=\"property-title\">Largeur de bande:&nbsp;<\/span><span\n                                        class=\"property-desc line-limit-length\">20mm<\/span>\n                            <\/li>\n<li class=\"product-prop line-limit-length\"><span\n                                        class=\"property-title\">Type de mat\u00e9riel de bande:&nbsp;<\/span><span\n                                        class=\"property-desc line-limit-length\">Acier inoxydable<\/span>\n                            <\/li>\n<li class=\"product-prop line-limit-length\"><span\n                                        class=\"property-title\">Num\u00e9ro de Mod\u00e8le :&nbsp;<\/span><span\n                                        class=\"property-desc line-limit-length\">789<\/span>\n                            <\/li>\n<li class=\"product-prop line-limit-length\"><span\n                                        class=\"property-title\">Caract\u00e9ristique :&nbsp;<\/span><span\n                                        class=\"property-desc line-limit-length\">Luminous,Date d\u2019auto,Plongeur,R\u00e9sistant \u00e0 l&#039;eau,Nager,luminous hands<\/span>\n                            <\/li>\n<li class=\"product-prop line-limit-length\"><span\n                                        class=\"property-title\">Style :&nbsp;<\/span><span\n                                        class=\"property-desc line-limit-length\">Fashion &amp; casual<\/span>\n                            <\/li>\n<li class=\"product-prop line-limit-length\"><span\n                                        class=\"property-title\">Profondeur de R\u00e9sistance \u00e0 L&#039;eau:&nbsp;<\/span><span\n                                        class=\"property-desc line-limit-length\">Bars<\/span>\n                            <\/li>\n<li class=\"product-prop line-limit-length\"><span\n                                        class=\"property-title\">Type de fermoir:&nbsp;<\/span><span\n                                        class=\"property-desc line-limit-length\">Bouton poussoir Fermeture cach\u00e9e<\/span>\n                            <\/li>\n<li class=\"product-prop line-limit-length\"><span\n                                        class=\"property-title\">Mat\u00e9riau de Bo\u00eete:&nbsp;<\/span><span\n                                        class=\"property-desc line-limit-length\">Acier inoxydable<\/span>\n                            <\/li>\n<li class=\"product-prop line-limit-length\"><span\n                                        class=\"property-title\">Mouvement:&nbsp;<\/span><span\n                                        class=\"property-desc line-limit-length\">QUARTZ<\/span>\n                            <\/li>\n<li class=\"product-prop line-limit-length\"><span\n                                        class=\"property-title\">Nom de marque :&nbsp;<\/span><span\n                                        class=\"property-desc line-limit-length\">POEDAGAR<\/span>\n                            <\/li>\n<li class=\"product-prop line-limit-length\"><span\n                                        class=\"property-title\">Origine :&nbsp;<\/span><span\n                                        class=\"property-desc line-limit-length\">CN (Origine)<\/span>\n                            <\/li>\n<li class=\"product-prop line-limit-length\"><span\n                                        class=\"property-title\">Certification :&nbsp;<\/span><span\n                                        class=\"property-desc line-limit-length\">CE<\/span>\n                            <\/li>\n<\/ul><\/div>\n<div class=\"detailmodule_html\">\n<div class=\"detail-desc-decorate-richtext\">\n<p style=\"font-family:&quot;Open Sans&quot;, Roboto, Arial, Helvetica, sans-serif, SimSun;font-size:14px;font-weight:400;letter-spacing:normal;line-height:inherit;text-align:start;white-space:normal;color:rgb(34, 34, 34);margin:0px;margin-bottom:0px;margin-top:0px;margin-left:0px;margin-right:0px;padding:0px;padding-bottom:0px;padding-top:0px;padding-left:0px;padding-right:0px;box-sizing:border-box\" align=\"start\"><span style=\"font-size:18px\"><strong>Emballage inclus :<\/strong><\/span><\/p>\n<p style=\"font-family:&quot;Open Sans&quot;, Roboto, Arial, Helvetica, sans-serif, SimSun;font-size:14px;font-weight:400;letter-spacing:normal;line-height:inherit;text-align:start;white-space:normal;color:rgb(34, 34, 34);margin:0px;margin-bottom:0px;margin-top:0px;margin-left:0px;margin-right:0px;padding:0px;padding-bottom:0px;padding-top:0px;padding-left:0px;padding-right:0px;box-sizing:border-box\" align=\"start\"><span style=\"font-size:16px\">1 x horloge POEDAGAR<\/span><\/p>\n<p style=\"font-family:&quot;Open Sans&quot;, Roboto, Arial, Helvetica, sans-serif, SimSun;font-size:14px;font-weight:400;letter-spacing:normal;line-height:inherit;text-align:start;white-space:normal;color:rgb(34, 34, 34);margin:0px;margin-bottom:0px;margin-top:0px;margin-left:0px;margin-right:0px;padding:0px;padding-bottom:0px;padding-top:0px;padding-left:0px;padding-right:0px;box-sizing:border-box\" align=\"start\"><span style=\"font-size:16px\">1 x bo\u00eete POEDAGAR<\/span><\/p>\n<p style=\"font-family:&quot;Open Sans&quot;, Roboto, Arial, Helvetica, sans-serif, SimSun;font-size:14px;font-weight:400;letter-spacing:normal;line-height:inherit;text-align:start;white-space:normal;color:rgb(34, 34, 34);margin:0px;margin-bottom:0px;margin-top:0px;margin-left:0px;margin-right:0px;padding:0px;padding-bottom:0px;padding-top:0px;padding-left:0px;padding-right:0px;box-sizing:border-box\" align=\"start\"><span style=\"font-size:16px\">1 x outil de r\u00e9glage du bracelet de montre<\/span><\/p>\n<p style=\"font-family:&quot;Open Sans&quot;, Roboto, Arial, Helvetica, sans-serif, SimSun;font-size:14px;font-weight:400;letter-spacing:normal;line-height:inherit;text-align:start;white-space:normal;color:rgb(34, 34, 34);margin:0px;margin-bottom:0px;margin-top:0px;margin-left:0px;margin-right:0px;padding:0px;padding-bottom:0px;padding-top:0px;padding-left:0px;padding-right:0px;box-sizing:border-box\" align=\"start\"><span style=\"font-size:16px\">1 x lingette de montre<\/span><\/p>\n<p style=\"font-family:&quot;Open Sans&quot;, Roboto, Arial, Helvetica, sans-serif, SimSun;font-size:14px;font-weight:400;letter-spacing:normal;line-height:inherit;text-align:start;white-space:normal;color:rgb(34, 34, 34);margin:0px;margin-bottom:0px;margin-top:0px;margin-left:0px;margin-right:0px;padding:0px;padding-bottom:0px;padding-top:0px;padding-left:0px;padding-right:0px;box-sizing:border-box\" align=\"start\"><span style=\"font-size:16px\">1 x carte de garantie<\/span><\/p>\n<p style=\"font-family:&quot;Open Sans&quot;, Roboto, Arial, Helvetica, sans-serif, SimSun;font-size:14px;font-weight:400;letter-spacing:normal;line-height:inherit;text-align:start;white-space:normal;color:rgb(34, 34, 34);margin:0px;margin-bottom:0px;margin-top:0px;margin-left:0px;margin-right:0px;padding:0px;padding-bottom:0px;padding-top:0px;padding-left:0px;padding-right:0px;box-sizing:border-box\" align=\"start\"><span style=\"font-size:18px\"><strong>Service apr\u00e8s-vente :<\/strong><\/span><\/p>\n<p style=\"font-family:&quot;Open Sans&quot;, Roboto, Arial, Helvetica, sans-serif, SimSun;font-size:14px;font-weight:400;letter-spacing:normal;line-height:inherit;text-align:start;white-space:normal;color:rgb(34, 34, 34);margin:0px;margin-bottom:0px;margin-top:0px;margin-left:0px;margin-right:0px;padding:0px;padding-bottom:0px;padding-top:0px;padding-left:0px;padding-right:0px;box-sizing:border-box\" align=\"start\"><span style=\"font-size:16px\">Si vous avez des questions, veuillez nous contacter par e-mail, nous ferons de notre mieux pour y r\u00e9pondre pour vous. Nous vous r\u00e9pondrons dans les 24 heures.<\/span><\/p>\n<p style=\"font-family:&quot;Open Sans&quot;, Roboto, Arial, Helvetica, sans-serif, SimSun;font-size:14px;font-weight:400;letter-spacing:normal;line-height:inherit;text-align:start;white-space:normal;color:rgb(34, 34, 34);margin:0px;margin-bottom:0px;margin-top:0px;margin-left:0px;margin-right:0px;padding:0px;padding-bottom:0px;padding-top:0px;padding-left:0px;padding-right:0px;box-sizing:border-box\" align=\"start\"><span style=\"font-size:16px\"><\/span><img decoding=\"async\" src=\"https:\/\/ae01.alicdn.com\/kf\/S1f32f410b5a34cdba718d27c15d78bf9U.jpg\" slate-data-type=\"image\"><span style=\"font-size:16px\"><\/span><img decoding=\"async\" src=\"https:\/\/ae01.alicdn.com\/kf\/S958523dfb5134f4f9310123cc73ebaf7o.jpg\" slate-data-type=\"image\"><span style=\"font-size:16px\"><\/span><img decoding=\"async\" src=\"https:\/\/ae01.alicdn.com\/kf\/S7fd83a0db8cb4a7288841090f5927384I.jpg\" slate-data-type=\"image\"><span style=\"font-size:16px\"><\/span><img decoding=\"async\" src=\"https:\/\/ae01.alicdn.com\/kf\/S2549c50436834d95a3b4d6ba9151e5cfZ.jpg\" slate-data-type=\"image\"><span style=\"font-size:16px\"><\/span><img decoding=\"async\" src=\"https:\/\/ae01.alicdn.com\/kf\/Sffb1ce1f105a4755b92758be99c95945P.jpg\" slate-data-type=\"image\"><span style=\"font-size:16px\"><\/span><img decoding=\"async\" src=\"https:\/\/ae01.alicdn.com\/kf\/S4b051d0fcd624fa4873223f420a4bb5f3.jpg\" slate-data-type=\"image\"><span style=\"font-size:16px\"><\/span><img decoding=\"async\" src=\"https:\/\/ae01.alicdn.com\/kf\/Sd885105fe87e4c49972ac0850ba479d2D.jpg\" slate-data-type=\"image\"><span style=\"font-size:16px\"><\/span><img decoding=\"async\" src=\"https:\/\/ae01.alicdn.com\/kf\/S145be4f4effa44df9ce97a648412463cd.jpg\" slate-data-type=\"image\"><span style=\"font-size:16px\"><\/span><img decoding=\"async\" src=\"https:\/\/ae01.alicdn.com\/kf\/Sdc23e0fdb17b4a8495d2f310a61c9936I.jpg\" slate-data-type=\"image\"><span style=\"font-size:16px\"><\/span><img decoding=\"async\" src=\"https:\/\/ae01.alicdn.com\/kf\/S22c94db584d64468bf797885ad984468P.jpg\" slate-data-type=\"image\"><span style=\"font-size:16px\"><\/span><img decoding=\"async\" src=\"https:\/\/ae01.alicdn.com\/kf\/S690198fbabec4b61accc4cab0030ff87j.jpg\" slate-data-type=\"image\"><span style=\"font-size:16px\"><\/span><img decoding=\"async\" src=\"https:\/\/ae01.alicdn.com\/kf\/Sc3030a9a771a431d8e83c6604b8c83310.jpg\" slate-data-type=\"image\"><span style=\"font-size:16px\"><\/span><img decoding=\"async\" src=\"https:\/\/ae01.alicdn.com\/kf\/S5b8d5913ff0c41d1884066ee17c11b387.jpg\" slate-data-type=\"image\"><span style=\"font-size:16px\"><\/span><img decoding=\"async\" src=\"https:\/\/ae01.alicdn.com\/kf\/Sc7b14bfeb63b4dfb9c1358836bf2f5bdz.jpg\" slate-data-type=\"image\"><span style=\"font-size:16px\"><\/span><img decoding=\"async\" src=\"https:\/\/ae01.alicdn.com\/kf\/S1e2e0baef2644759b9c883036a54d2cab.jpg\" slate-data-type=\"image\"><span style=\"font-size:16px\"><\/span><img decoding=\"async\" src=\"https:\/\/ae01.alicdn.com\/kf\/S8f67b88153374b0197c63b7d4e28ad81J.jpg\" slate-data-type=\"image\"><span style=\"font-size:16px\"><\/span><\/p>\n<\/div>\n<\/div>","protected":false},"excerpt":{"rendered":"<p>Chimique Hign-concern\u00e9:&nbsp;Aucun Type d&#039;affichage:&nbsp;Numberless Forme de mallettes:&nbsp;Carr\u00e9 Type de mat\u00e9riau de fen\u00eatre de cadran:&nbsp;Hardlex Mat\u00e9riel des bo\u00eetes et mallettes:&nbsp;Papier Diam\u00e8tre<\/p>","protected":false},"featured_media":4355,"comment_status":"open","ping_status":"closed","template":"","meta":[],"product_brand":[],"product_cat":[15],"product_tag":[],"class_list":{"0":"post-4354","1":"product","2":"type-product","3":"status-publish","4":"has-post-thumbnail","6":"product_cat-uncategorized","8":"first","9":"instock","10":"shipping-taxable","11":"purchasable","12":"product-type-variable"},"jetpack_sharing_enabled":true,"_links":{"self":[{"href":"https:\/\/afrycom.com\/fr\/wp-json\/wp\/v2\/product\/4354","targetHints":{"allow":["GET"]}}],"collection":[{"href":"https:\/\/afrycom.com\/fr\/wp-json\/wp\/v2\/product"}],"about":[{"href":"https:\/\/afrycom.com\/fr\/wp-json\/wp\/v2\/types\/product"}],"replies":[{"embeddable":true,"href":"https:\/\/afrycom.com\/fr\/wp-json\/wp\/v2\/comments?post=4354"}],"wp:featuredmedia":[{"embeddable":true,"href":"https:\/\/afrycom.com\/fr\/wp-json\/wp\/v2\/media\/4355"}],"wp:attachment":[{"href":"https:\/\/afrycom.com\/fr\/wp-json\/wp\/v2\/media?parent=4354"}],"wp:term":[{"taxonomy":"product_brand","embeddable":true,"href":"https:\/\/afrycom.com\/fr\/wp-json\/wp\/v2\/product_brand?post=4354"},{"taxonomy":"product_cat","embeddable":true,"href":"https:\/\/afrycom.com\/fr\/wp-json\/wp\/v2\/product_cat?post=4354"},{"taxonomy":"product_tag","embeddable":true,"href":"https:\/\/afrycom.com\/fr\/wp-json\/wp\/v2\/product_tag?post=4354"}],"curies":[{"name":"wp","href":"https:\/\/api.w.org\/{rel}","templated":true}]}}