{"id":4339,"date":"2025-03-08T07:58:35","date_gmt":"2025-03-08T07:58:35","guid":{"rendered":"https:\/\/afrycom.com\/product\/poedagar-montre-militaire-de-luxe-pour-homme-accessoire-carre-etanche-avec-date-et-semaine-en-acier-inoxydable-a-quartz-avec-boite\/"},"modified":"2025-10-21T03:16:54","modified_gmt":"2025-10-21T03:16:54","slug":"poedagar-montre-militaire-de-luxe-pour-homme-accessoire-carre-etanche-avec-date-et-semaine-en-acier-inoxydable-a-quartz-avec-boite","status":"publish","type":"product","link":"https:\/\/afrycom.com\/fr\/produit\/poedagar-montre-militaire-de-luxe-pour-homme-accessoire-carre-etanche-avec-date-et-semaine-en-acier-inoxydable-a-quartz-avec-boite\/","title":{"rendered":"POEDAGAR-Montre Militaire de Luxe pour Homme, Accessoire Carr\u00e9, \u00c9tanche, avec Date et Semaine, en Acier Inoxydable, \u00e0 Quartz, avec Bo\u00eete"},"content":{"rendered":"<p>&nbsp;<\/p>\n<div class=\"product-specs-list-container\">\n<ul class=\"product-specs-list util-clearfix\">\n<li class=\"product-prop line-limit-length\"><span class=\"property-title\">Chimique Hign-concern\u00e9 :\u00a0<\/span><span class=\"property-desc line-limit-length\">Aucun<\/span><\/li>\n<li class=\"product-prop line-limit-length\"><span class=\"property-title\">Type d'affichage :\u00a0<\/span><span class=\"property-desc line-limit-length\">Numberless<\/span><\/li>\n<li class=\"product-prop line-limit-length\"><span class=\"property-title\">\u00c9paisseur du bo\u00eetier:\u00a0<\/span><span class=\"property-desc line-limit-length\">10mm<\/span><\/li>\n<li class=\"product-prop line-limit-length\"><span class=\"property-title\">Largeur de bande:\u00a0<\/span><span class=\"property-desc line-limit-length\">25 \u00e0 29 mm<\/span><\/li>\n<li class=\"product-prop line-limit-length\"><span class=\"property-title\">Type de mat\u00e9riel de bande:\u00a0<\/span><span class=\"property-desc line-limit-length\">Acier inoxydable<\/span><\/li>\n<li class=\"product-prop line-limit-length\"><span class=\"property-title\">Forme de mallettes:\u00a0<\/span><span class=\"property-desc line-limit-length\">Carr\u00e9<\/span><\/li>\n<li class=\"product-prop line-limit-length\"><span class=\"property-title\">Type de mat\u00e9riau de fen\u00eatre de cadran:\u00a0<\/span><span class=\"property-desc line-limit-length\">Hardlex<\/span><\/li>\n<li class=\"product-prop line-limit-length\"><span class=\"property-title\">Mat\u00e9riel des bo\u00eetes et mallettes:\u00a0<\/span><span class=\"property-desc line-limit-length\">Papier<\/span><\/li>\n<li class=\"product-prop line-limit-length\"><span class=\"property-title\">Num\u00e9ro de Mod\u00e8le :\u00a0<\/span><span class=\"property-desc line-limit-length\">853<\/span><\/li>\n<li class=\"product-prop line-limit-length\"><span class=\"property-title\">Diam\u00e8tre du cadran:\u00a0<\/span><span class=\"property-desc line-limit-length\">40 \u00e0 44 mm<\/span><\/li>\n<li class=\"product-prop line-limit-length\"><span class=\"property-title\">Caract\u00e9ristique :\u00a0<\/span><span class=\"property-desc line-limit-length\">Luminous,Date d\u2019auto,Plongeur,R\u00e9sistant \u00e0 l&#8217;eau,Nager,Affichage de la semaine,luminous hands<\/span><\/li>\n<li class=\"product-prop line-limit-length\"><span class=\"property-title\">Profondeur de R\u00e9sistance \u00e0 L&#8217;eau:\u00a0<\/span><span class=\"property-desc line-limit-length\">Bars<\/span><\/li>\n<li class=\"product-prop line-limit-length\"><span class=\"property-title\">Type de fermoir:\u00a0<\/span><span class=\"property-desc line-limit-length\">Bouton poussoir Fermeture cach\u00e9e<\/span><\/li>\n<li class=\"product-prop line-limit-length\"><span class=\"property-title\">Longueur de bande:\u00a0<\/span><span class=\"property-desc line-limit-length\">23cm<\/span><\/li>\n<li class=\"product-prop line-limit-length\"><span class=\"property-title\">Mat\u00e9riau de Bo\u00eete:\u00a0<\/span><span class=\"property-desc line-limit-length\">Acier inoxydable<\/span><\/li>\n<li class=\"product-prop line-limit-length\"><span class=\"property-title\">Mouvement:\u00a0<\/span><span class=\"property-desc line-limit-length\">QUARTZ<\/span><\/li>\n<li class=\"product-prop line-limit-length\"><span class=\"property-title\">Style :\u00a0<\/span><span class=\"property-desc line-limit-length\">Fashion &amp; casual<\/span><\/li>\n<li class=\"product-prop line-limit-length\"><span class=\"property-title\">Nom de marque :\u00a0<\/span><span class=\"property-desc line-limit-length\">POEDAGAR<\/span><\/li>\n<li class=\"product-prop line-limit-length\"><span class=\"property-title\">Origine :\u00a0<\/span><span class=\"property-desc line-limit-length\">CN (Origine)<\/span><\/li>\n<li class=\"product-prop line-limit-length\"><span class=\"property-title\">Certification :\u00a0<\/span><span class=\"property-desc line-limit-length\">CE<\/span><\/li>\n<li class=\"product-prop line-limit-length\"><span class=\"property-title\">Type d'article :\u00a0<\/span><span class=\"property-desc line-limit-length\">Montres-bracelets \u00e0 quartz<\/span><\/li>\n<\/ul>\n<\/div>\n<div class=\"detailmodule_html\">\n<div class=\"detail-desc-decorate-richtext\">\n<p style=\"font-family: 'Open Sans', Roboto, Arial, Helvetica, sans-serif, SimSun; font-size: 14px; font-weight: 400; letter-spacing: normal; line-height: inherit; text-align: start; white-space: normal; color: #222222; margin: 0px; padding: 0px; box-sizing: border-box;\" align=\"start\"><strong><span id=\"tl_1\" style=\"color: #000000; font-size: 14px; font-family: OpenSans;\">Le paquet comprend :<\/span><\/strong><br \/>\n<span id=\"tl_2\" style=\"color: #000000; font-size: 14px; font-family: OpenSans;\">1 x Horloge POEDAGAR<\/span><br \/>\n<span id=\"tl_3\" style=\"color: #000000; font-size: 14px; font-family: OpenSans;\">1 x Bo\u00eete POEDAGAR<\/span><\/p>\n<p id=\"tl_4\" style=\"font-family: 'Open Sans', Roboto, Arial, Helvetica, sans-serif, SimSun; font-size: 14px; font-weight: 400; letter-spacing: normal; line-height: inherit; text-align: start; white-space: normal; color: #222222; margin: 0px; padding: 0px; box-sizing: border-box;\" align=\"start\">1 x outil de r\u00e9glage de bracelet de montre<br \/>\n<span style=\"color: #000000; font-size: 14px; font-family: OpenSans;\">1 x montre essuyer<\/span><br \/>\n<span style=\"color: #000000; font-size: 14px; font-family: OpenSans;\">1 x Carte de garantie<\/span><br \/>\n<strong><span style=\"color: #000000; font-size: 14px; font-family: OpenSans;\">Service apr\u00e8s-vente:<\/span><\/strong><br \/>\n<span style=\"color: #000000; font-size: 14px; font-family: OpenSans;\">Pour toute question, veuillez nous contacter par e-mail, nous ferons de notre mieux pour vous r\u00e9pondre. Nous vous r\u00e9pondrons dans les 24 heures.<\/span><\/p>\n<p style=\"font-family: 'Open Sans', Roboto, Arial, Helvetica, sans-serif, SimSun; font-size: 14px; font-weight: 400; letter-spacing: normal; line-height: inherit; text-align: start; white-space: normal; color: #222222; margin: 0px; padding: 0px; box-sizing: border-box;\" align=\"start\"><img decoding=\"async\" src=\"https:\/\/ae01.alicdn.com\/kf\/S4d3371e08d9544069648dbd56ed1a4f84.jpg\" \/><img decoding=\"async\" src=\"https:\/\/ae01.alicdn.com\/kf\/Se4d3c54030bd492d94b2bdf891787ef9q.jpg\" \/><img decoding=\"async\" src=\"https:\/\/ae01.alicdn.com\/kf\/S6dd0f679463b415f97bc993b35fdda50q.jpg\" \/><img decoding=\"async\" src=\"https:\/\/ae01.alicdn.com\/kf\/S13135bf0aa544b5dafa70ce7c28855b52.jpg\" \/><img decoding=\"async\" src=\"https:\/\/ae01.alicdn.com\/kf\/S331965eb67274386b77c3e9e77decfc1S.jpg\" \/><img decoding=\"async\" src=\"https:\/\/ae01.alicdn.com\/kf\/S26427fe9ae7a43b5be350b6d5980bcfcQ.jpg\" \/><img decoding=\"async\" src=\"https:\/\/ae01.alicdn.com\/kf\/S522281e7ebf441fba73ffd2055e9678cA.jpg\" \/><img decoding=\"async\" src=\"https:\/\/ae01.alicdn.com\/kf\/S7755c475c00648dcaa5942ee42b318524.jpg\" \/><img decoding=\"async\" src=\"https:\/\/ae01.alicdn.com\/kf\/Saa524d26d18f48ed924cb393b7de7facM.jpg\" \/><img decoding=\"async\" src=\"https:\/\/ae01.alicdn.com\/kf\/S1e3c6c37aae74f8f8407c74f80a32544C.jpg\" \/><img decoding=\"async\" src=\"https:\/\/ae01.alicdn.com\/kf\/S17e935ffcd2a4f7093500de9e3498b930.jpg\" \/><img decoding=\"async\" src=\"https:\/\/ae01.alicdn.com\/kf\/Sf5b7807bc22f4b57aa6946c4c0121a619.jpg\" \/><img decoding=\"async\" src=\"https:\/\/ae01.alicdn.com\/kf\/S9c0109976b5d4d528651b2f4df13bd13N.jpg\" \/><img decoding=\"async\" src=\"https:\/\/ae01.alicdn.com\/kf\/S3fc39391b5a847f299a815c54964586fM.jpg\" \/><img decoding=\"async\" src=\"https:\/\/ae01.alicdn.com\/kf\/S2f163cc9bcd6421ba24e61b180259dc4F.jpg\" \/><img decoding=\"async\" src=\"https:\/\/ae01.alicdn.com\/kf\/S5745cd8bebe044eeb3fb78520f01402bQ.jpg\" \/><img decoding=\"async\" src=\"https:\/\/ae01.alicdn.com\/kf\/Scf1bcae42ccf4a90b3fc1020e3f7bbddl.jpg\" \/><img decoding=\"async\" src=\"https:\/\/ae01.alicdn.com\/kf\/S5c945a4d06d740f9881129c2d9e02716u.jpg\" \/><img decoding=\"async\" src=\"https:\/\/ae01.alicdn.com\/kf\/S40954561cfaf468f9dbe2d5c82582b277.jpg\" \/><\/p>\n<\/div>\n<\/div>","protected":false},"excerpt":{"rendered":"<p>&nbsp; Chimique Hign-concern\u00e9:\u00a0Aucun Type d&#8217;affichage:\u00a0Numberless \u00c9paisseur du bo\u00eetier:\u00a010mm Largeur de bande:\u00a025 \u00e0 29 mm Type de mat\u00e9riel de bande:\u00a0Acier inoxydable<\/p>","protected":false},"featured_media":4340,"comment_status":"open","ping_status":"closed","template":"","meta":[],"product_brand":[],"product_cat":[4995,4999],"product_tag":[],"class_list":{"0":"post-4339","1":"product","2":"type-product","3":"status-publish","4":"has-post-thumbnail","6":"product_cat-fashion","7":"product_cat-gloves-jewelry","9":"first","10":"instock","11":"shipping-taxable","12":"purchasable","13":"product-type-variable"},"jetpack_sharing_enabled":true,"_links":{"self":[{"href":"https:\/\/afrycom.com\/fr\/wp-json\/wp\/v2\/product\/4339","targetHints":{"allow":["GET"]}}],"collection":[{"href":"https:\/\/afrycom.com\/fr\/wp-json\/wp\/v2\/product"}],"about":[{"href":"https:\/\/afrycom.com\/fr\/wp-json\/wp\/v2\/types\/product"}],"replies":[{"embeddable":true,"href":"https:\/\/afrycom.com\/fr\/wp-json\/wp\/v2\/comments?post=4339"}],"wp:featuredmedia":[{"embeddable":true,"href":"https:\/\/afrycom.com\/fr\/wp-json\/wp\/v2\/media\/4340"}],"wp:attachment":[{"href":"https:\/\/afrycom.com\/fr\/wp-json\/wp\/v2\/media?parent=4339"}],"wp:term":[{"taxonomy":"product_brand","embeddable":true,"href":"https:\/\/afrycom.com\/fr\/wp-json\/wp\/v2\/product_brand?post=4339"},{"taxonomy":"product_cat","embeddable":true,"href":"https:\/\/afrycom.com\/fr\/wp-json\/wp\/v2\/product_cat?post=4339"},{"taxonomy":"product_tag","embeddable":true,"href":"https:\/\/afrycom.com\/fr\/wp-json\/wp\/v2\/product_tag?post=4339"}],"curies":[{"name":"wp","href":"https:\/\/api.w.org\/{rel}","templated":true}]}}