{"id":4310,"date":"2025-03-08T07:58:28","date_gmt":"2025-03-08T07:58:28","guid":{"rendered":"https:\/\/afrycom.com\/product\/olevs-montre-bracelet-classique-a-quartz-pour-homme-chronographe-multifonctionnel-phase-de-lune-originale-24-heures-etanche\/"},"modified":"2025-03-08T07:58:34","modified_gmt":"2025-03-08T07:58:34","slug":"olevs-montre-bracelet-classique-a-quartz-pour-homme-chronographe-multifonctionnel-phase-de-lune-originale-24-heures-etanche","status":"publish","type":"product","link":"https:\/\/afrycom.com\/fr\/produit\/olevs-montre-bracelet-classique-a-quartz-pour-homme-chronographe-multifonctionnel-phase-de-lune-originale-24-heures-etanche\/","title":{"rendered":"OLEVS-Montre-bracelet classique \u00e0 quartz pour homme, chronographe multifonctionnel, phase de lune originale, 24 heures, \u00e9tanche"},"content":{"rendered":"<div class=\"product-specs-list-container\">\n<ul class=\"product-specs-list util-clearfix\">\n<li class=\"product-prop line-limit-length\"><span\n                                        class=\"property-title\">Chimique Hign-concern\u00e9 :&nbsp;<\/span><span\n                                        class=\"property-desc line-limit-length\">Aucun<\/span>\n                            <\/li>\n<li class=\"product-prop line-limit-length\"><span\n                                        class=\"property-title\">Type d&#039;affichage:&nbsp;<\/span><span\n                                        class=\"property-desc line-limit-length\">Chiffre romain<\/span>\n                            <\/li>\n<li class=\"product-prop line-limit-length\"><span\n                                        class=\"property-title\">\u00c9paisseur du bo\u00eetier:&nbsp;<\/span><span\n                                        class=\"property-desc line-limit-length\">11.5mm<\/span>\n                            <\/li>\n<li class=\"product-prop line-limit-length\"><span\n                                        class=\"property-title\">Type de mat\u00e9riel de bande:&nbsp;<\/span><span\n                                        class=\"property-desc line-limit-length\">Acier inoxydable<\/span>\n                            <\/li>\n<li class=\"product-prop line-limit-length\"><span\n                                        class=\"property-title\">Forme de mallettes:&nbsp;<\/span><span\n                                        class=\"property-desc line-limit-length\">Ronde<\/span>\n                            <\/li>\n<li class=\"product-prop line-limit-length\"><span\n                                        class=\"property-title\">Mat\u00e9riel des bo\u00eetes et mallettes:&nbsp;<\/span><span\n                                        class=\"property-desc line-limit-length\">Papier<\/span>\n                            <\/li>\n<li class=\"product-prop line-limit-length\"><span\n                                        class=\"property-title\">Num\u00e9ro de Mod\u00e8le :&nbsp;<\/span><span\n                                        class=\"property-desc line-limit-length\">2856<\/span>\n                            <\/li>\n<li class=\"product-prop line-limit-length\"><span\n                                        class=\"property-title\">Caract\u00e9ristique :&nbsp;<\/span><span\n                                        class=\"property-desc line-limit-length\">R\u00e9sistant aux chocs,Luminous,Phase de lune,Chronographe,R\u00e9sistant \u00e0 l&#039;eau,Date d\u2019auto<\/span>\n                            <\/li>\n<li class=\"product-prop line-limit-length\"><span\n                                        class=\"property-title\">Profondeur de R\u00e9sistance \u00e0 L&#039;eau:&nbsp;<\/span><span\n                                        class=\"property-desc line-limit-length\">Bars<\/span>\n                            <\/li>\n<li class=\"product-prop line-limit-length\"><span\n                                        class=\"property-title\">Type de fermoir:&nbsp;<\/span><span\n                                        class=\"property-desc line-limit-length\">Fermoir bracelet<\/span>\n                            <\/li>\n<li class=\"product-prop line-limit-length\"><span\n                                        class=\"property-title\">Longueur de bande:&nbsp;<\/span><span\n                                        class=\"property-desc line-limit-length\">22cm<\/span>\n                            <\/li>\n<li class=\"product-prop line-limit-length\"><span\n                                        class=\"property-title\">Mat\u00e9riau de Bo\u00eete:&nbsp;<\/span><span\n                                        class=\"property-desc line-limit-length\">Acier inoxydable<\/span>\n                            <\/li>\n<li class=\"product-prop line-limit-length\"><span\n                                        class=\"property-title\">Mouvement:&nbsp;<\/span><span\n                                        class=\"property-desc line-limit-length\">QUARTZ<\/span>\n                            <\/li>\n<li class=\"product-prop line-limit-length\"><span\n                                        class=\"property-title\">Style :&nbsp;<\/span><span\n                                        class=\"property-desc line-limit-length\">Fashion &amp; casual<\/span>\n                            <\/li>\n<li class=\"product-prop line-limit-length\"><span\n                                        class=\"property-title\">Nom de marque :&nbsp;<\/span><span\n                                        class=\"property-desc line-limit-length\">OLEVS<\/span>\n                            <\/li>\n<li class=\"product-prop line-limit-length\"><span\n                                        class=\"property-title\">Origine :&nbsp;<\/span><span\n                                        class=\"property-desc line-limit-length\">CN (Origine)<\/span>\n                            <\/li>\n<li class=\"product-prop line-limit-length\"><span\n                                        class=\"property-title\">Certification :&nbsp;<\/span><span\n                                        class=\"property-desc line-limit-length\">CE<\/span>\n                            <\/li>\n<li class=\"product-prop line-limit-length\"><span\n                                        class=\"property-title\">Type d'article :&nbsp;<\/span><span\n                                        class=\"property-desc line-limit-length\">Montres-bracelets \u00e0 quartz<\/span>\n                            <\/li>\n<li class=\"product-prop line-limit-length\"><span\n                                        class=\"property-title\">le poids :&nbsp;<\/span><span\n                                        class=\"property-desc line-limit-length\">129g<\/span>\n                            <\/li>\n<\/ul><\/div>\n<div class=\"detailmodule_html\">\n<div class=\"detail-desc-decorate-richtext\"> <\/p>\n<div id=\"dxbglyxpre\" name=\"dxbglyxpre\" class=\"dxbglyxpre\">\n <img decoding=\"async\" border=\"0\" src=\"https:\/\/ae01.alicdn.com\/kf\/S42a80a04e8e949748145d35c8c24db07F.jpg\" usemap=\"#utUsg2woNLrkV64RN4VE0o4B9sZ0aSix\" slate-data-type=\"image\" \/>\n<\/div>\n<div id=\"dxbglyxpre\" name=\"dxbglyxpre\" class=\"dxbglyxpre\">\n <img decoding=\"async\" border=\"0\" src=\"https:\/\/ae01.alicdn.com\/kf\/S4ff7dfec1120419da81c93b3c2eb1868F.jpg\" usemap=\"#u0SAQoEHOXneytEtQ6buSneOvSzku8EN\" slate-data-type=\"image\" \/>\n<\/div>\n<div id=\"dxbglyxpre\" name=\"dxbglyxpre\" class=\"dxbglyxpre\">\n <img loading=\"lazy\" decoding=\"async\" width=\"944\" height=\"1190\" border=\"0\" src=\"https:\/\/ae01.alicdn.com\/kf\/S9cf70f62de2d4224a33cbd206707d724w.jpg\" usemap=\"#uXUXeTofD02askuVu9VGUnhJvxiZRjR4\" slate-data-type=\"image\" \/>\n<\/div>\n<div class=\"detailmodule_media\">\n<div class=\"video-container-5000196024053\">\n<div class=\"detail-video\" id=\"5000196024053\" data-previewurl=\"https:\/\/ae01.alicdn.com\/kf\/Sf0aad90e156c41208a4a9298c20dd8b6h.jpg\"><\/div><\/div>\n<\/div>\n<p> <\/p>\n<div>\n <img decoding=\"async\" src=\"https:\/\/ae01.alicdn.com\/kf\/S084f72c5300843bdaf4e6e4344e9c0847.png\" slate-data-type=\"image\" \/><br \/>\n <img decoding=\"async\" src=\"https:\/\/ae01.alicdn.com\/kf\/S60f7cdc39dc74828849d716936126eb5w.png\" slate-data-type=\"image\" \/><br \/>\n <img decoding=\"async\" src=\"https:\/\/ae01.alicdn.com\/kf\/Sbb94364437fd438199f6f419edcb5787c.png\" slate-data-type=\"image\" \/><br \/>\n <img decoding=\"async\" src=\"https:\/\/ae01.alicdn.com\/kf\/Sc4d60f6f46ba420d826fec029ba23b65S.jpg\" slate-data-type=\"image\" \/><br \/>\n <img decoding=\"async\" src=\"https:\/\/ae01.alicdn.com\/kf\/S850a92965b024363853f5891b8800aa1K.jpg\" slate-data-type=\"image\" \/><br \/>\n <img decoding=\"async\" src=\"https:\/\/ae01.alicdn.com\/kf\/S6b78c51c9ea34dff9006c2637080155f1.jpg\" slate-data-type=\"image\" \/><br \/>\n <img decoding=\"async\" src=\"https:\/\/ae01.alicdn.com\/kf\/S182d04776fa44600a38bf55ead86af29r.jpg\" slate-data-type=\"image\" \/><br \/>\n <img decoding=\"async\" src=\"https:\/\/ae01.alicdn.com\/kf\/Seec3b318368849bd916379e69436e409L.jpg\" slate-data-type=\"image\" \/><br \/>\n <img decoding=\"async\" src=\"https:\/\/ae01.alicdn.com\/kf\/Sb3f8408619de44e38e34df63a5b5345aW.jpg\" slate-data-type=\"image\" \/><br \/>\n <img decoding=\"async\" src=\"https:\/\/ae01.alicdn.com\/kf\/S137303fe4b5a45718988d1a21e0700a0S.jpg\" slate-data-type=\"image\" \/><br \/>\n <img decoding=\"async\" src=\"https:\/\/ae01.alicdn.com\/kf\/Sca55d7008abc48ffb509bdd61798de285.jpg\" slate-data-type=\"image\" \/><br \/>\n <img decoding=\"async\" src=\"https:\/\/ae01.alicdn.com\/kf\/S6508f32bcf0b41e99e04ea5957632e62O.jpg\" slate-data-type=\"image\" \/><br \/>\n <img decoding=\"async\" src=\"https:\/\/ae01.alicdn.com\/kf\/S7db57a1ce5634daf91a57f535646a8396.jpg\" slate-data-type=\"image\" \/><br \/>\n <img decoding=\"async\" src=\"https:\/\/ae01.alicdn.com\/kf\/S4f6345a7ff244511a1e481459e4d05bf6.jpg\" slate-data-type=\"image\" \/><br \/>\n <img decoding=\"async\" src=\"https:\/\/ae01.alicdn.com\/kf\/S6098e96266314d719f5d84a2e81491a6Y.jpg\" slate-data-type=\"image\" \/><br \/>\n <img decoding=\"async\" src=\"https:\/\/ae01.alicdn.com\/kf\/S9166834740294359bdf140a31275a2d8K.jpg\" slate-data-type=\"image\" \/><br \/>\n <img decoding=\"async\" src=\"https:\/\/ae01.alicdn.com\/kf\/S1ba60878b06f49d695f743cfde876473H.jpg\" slate-data-type=\"image\" \/><br \/>\n <img decoding=\"async\" src=\"https:\/\/ae01.alicdn.com\/kf\/S8caf4762c3944199a63a2ee7aa261d81s.jpg\" slate-data-type=\"image\" \/><br \/>\n <img decoding=\"async\" src=\"https:\/\/ae01.alicdn.com\/kf\/S216860409a30437d86800365bbcbdf0eZ.jpg\" slate-data-type=\"image\" \/><br \/>\n <img decoding=\"async\" src=\"https:\/\/ae01.alicdn.com\/kf\/S3cfc346d96d3488595492f638f320400L.jpg\" slate-data-type=\"image\" \/><br \/>\n <img decoding=\"async\" src=\"https:\/\/ae01.alicdn.com\/kf\/Sfa672b879b9e43ec98b0507be77af713C.jpg\" slate-data-type=\"image\" \/><br \/>\n <img decoding=\"async\" src=\"https:\/\/ae01.alicdn.com\/kf\/S973c213b73d44758a588e57385feb7c08.jpg\" slate-data-type=\"image\" \/><br \/>\n <img decoding=\"async\" src=\"https:\/\/ae01.alicdn.com\/kf\/Sce7b42569f76412da80a81685554ad17g.jpg\" slate-data-type=\"image\" \/>\n<\/div>\n<div>\n <br \/> \n<\/div>\n<p><\/p>\n<p><\/div>\n<\/div>","protected":false},"excerpt":{"rendered":"<p>Chimique Hign-concern\u00e9:&nbsp;Aucun Type d&#039;affichage:&nbsp;Chiffre romain \u00c9paisseur du bo\u00eetier:&nbsp;11.5mm Type de mat\u00e9riel de bande:&nbsp;Acier inoxydable Forme de mallettes:&nbsp;Ronde Mat\u00e9riel des bo\u00eetes<\/p>","protected":false},"featured_media":4311,"comment_status":"open","ping_status":"closed","template":"","meta":[],"product_brand":[],"product_cat":[15],"product_tag":[],"class_list":{"0":"post-4310","1":"product","2":"type-product","3":"status-publish","4":"has-post-thumbnail","6":"product_cat-uncategorized","8":"first","9":"instock","10":"shipping-taxable","11":"purchasable","12":"product-type-variable"},"jetpack_sharing_enabled":true,"_links":{"self":[{"href":"https:\/\/afrycom.com\/fr\/wp-json\/wp\/v2\/product\/4310","targetHints":{"allow":["GET"]}}],"collection":[{"href":"https:\/\/afrycom.com\/fr\/wp-json\/wp\/v2\/product"}],"about":[{"href":"https:\/\/afrycom.com\/fr\/wp-json\/wp\/v2\/types\/product"}],"replies":[{"embeddable":true,"href":"https:\/\/afrycom.com\/fr\/wp-json\/wp\/v2\/comments?post=4310"}],"wp:featuredmedia":[{"embeddable":true,"href":"https:\/\/afrycom.com\/fr\/wp-json\/wp\/v2\/media\/4311"}],"wp:attachment":[{"href":"https:\/\/afrycom.com\/fr\/wp-json\/wp\/v2\/media?parent=4310"}],"wp:term":[{"taxonomy":"product_brand","embeddable":true,"href":"https:\/\/afrycom.com\/fr\/wp-json\/wp\/v2\/product_brand?post=4310"},{"taxonomy":"product_cat","embeddable":true,"href":"https:\/\/afrycom.com\/fr\/wp-json\/wp\/v2\/product_cat?post=4310"},{"taxonomy":"product_tag","embeddable":true,"href":"https:\/\/afrycom.com\/fr\/wp-json\/wp\/v2\/product_tag?post=4310"}],"curies":[{"name":"wp","href":"https:\/\/api.w.org\/{rel}","templated":true}]}}