{"id":4247,"date":"2025-03-08T07:57:36","date_gmt":"2025-03-08T07:57:36","guid":{"rendered":"https:\/\/afrycom.com\/product\/velo-electrique-enfant-16-pouces-velo-coulissant-velo-dequilibre\/"},"modified":"2025-03-08T07:57:46","modified_gmt":"2025-03-08T07:57:46","slug":"velo-electrique-enfant-16-pouces-velo-coulissant-velo-dequilibre","status":"publish","type":"product","link":"https:\/\/afrycom.com\/fr\/produit\/velo-electrique-enfant-16-pouces-velo-coulissant-velo-dequilibre\/","title":{"rendered":"V\u00e9lo \u00e9lectrique enfant 16 pouces, v\u00e9lo coulissant, v\u00e9lo d'\u00e9quilibre,"},"content":{"rendered":"<div class=\"product-specs-list-container\">\n<ul class=\"product-specs-list util-clearfix\">\n<li class=\"product-prop line-limit-length\"><span class=\"property-title\">Chimique Hign-concern\u00e9 :\u00a0<\/span><span class=\"property-desc line-limit-length\">Aucun<\/span><\/li>\n<li class=\"product-prop line-limit-length\"><span class=\"property-title\">Puissance :\u00a0<\/span><span class=\"property-desc line-limit-length\">&lt;200w<\/span><\/li>\n<li class=\"product-prop line-limit-length\"><span class=\"property-title\">Pliable:\u00a0<\/span><span class=\"property-desc line-limit-length\">Pas de<\/span><\/li>\n<li class=\"product-prop line-limit-length\"><span class=\"property-title\">Alimentation \u00c9lectrique:\u00a0<\/span><span class=\"property-desc line-limit-length\">Batterie au lithium<\/span><\/li>\n<li class=\"product-prop line-limit-length\"><span class=\"property-title\">La tension :\u00a0<\/span><span class=\"property-desc line-limit-length\">12v<\/span><\/li>\n<li class=\"product-prop line-limit-length\"><span class=\"property-title\">Origine :\u00a0<\/span><span class=\"property-desc line-limit-length\">CN (Origine)<\/span><\/li>\n<\/ul>\n<\/div>\n<div class=\"detailmodule_html\">\n<div class=\"detail-desc-decorate-richtext\">\n<div id=\"offer-template-0\"><br class=\"img-brk\" \/><br class=\"img-brk\" \/><br class=\"img-brk\" \/><br class=\"img-brk\" \/><img decoding=\"async\" src=\"https:\/\/ae01.alicdn.com\/kf\/Sdd8638fefb2f440491d2174087bccb57y.jpg?width=1920&amp;height=1079&amp;hash=2999\" alt=\"WechatIMG376.jpg\" data-index=\"img8\" \/><br class=\"img-brk\" \/><br class=\"img-brk\" \/><br class=\"img-brk\" \/><br class=\"img-brk\" \/><br class=\"img-brk\" \/><br class=\"img-brk\" \/><br class=\"img-brk\" \/><br class=\"img-brk\" \/><img decoding=\"async\" src=\"https:\/\/ae01.alicdn.com\/kf\/S9cf9f2458fb04a089075fafa637613a4K.jpg?width=1280&amp;height=1280&amp;hash=2560\" alt=\"WechatIMG321\" data-index=\"img11\" \/><br class=\"img-brk\" \/><br class=\"img-brk\" \/><br class=\"img-brk\" \/><br class=\"img-brk\" \/><br class=\"img-brk\" \/><br class=\"img-brk\" \/><br class=\"img-brk\" \/><br class=\"img-brk\" \/><img decoding=\"async\" src=\"https:\/\/ae01.alicdn.com\/kf\/Sb2aa72c0e5fd45d681f8ac8a16cf44aaJ.jpg?width=1920&amp;height=1280&amp;hash=3200\" alt=\"WechatIMG1481.jpg\" data-index=\"img15\" \/><br class=\"img-brk\" \/><br class=\"img-brk\" \/><br class=\"img-brk\" \/><br class=\"img-brk\" \/><br class=\"img-brk\" \/><br class=\"img-brk\" \/><br class=\"img-brk\" \/><br class=\"img-brk\" \/><br class=\"img-brk\" \/><br class=\"img-brk\" \/><br class=\"img-brk\" \/><br class=\"img-brk\" \/><br class=\"img-brk\" \/><br class=\"img-brk\" \/><br class=\"img-brk\" \/><br class=\"img-brk\" \/><br class=\"img-brk\" \/><br class=\"img-brk\" \/><br class=\"img-brk\" \/><br class=\"img-brk\" \/><br class=\"img-brk\" \/><br class=\"img-brk\" \/><br class=\"img-brk\" \/><br class=\"img-brk\" \/><br class=\"img-brk\" \/><br class=\"img-brk\" \/><br class=\"img-brk\" \/><br class=\"img-brk\" \/><br class=\"img-brk\" \/><br class=\"img-brk\" \/><br class=\"img-brk\" \/><br class=\"img-brk\" \/><br class=\"img-brk\" \/><br class=\"img-brk\" \/><br class=\"img-brk\" \/><br class=\"img-brk\" \/><br class=\"img-brk\" \/><br class=\"img-brk\" \/><br class=\"img-brk\" \/><br class=\"img-brk\" \/><br class=\"img-brk\" \/><br class=\"img-brk\" \/><br class=\"img-brk\" \/><br class=\"img-brk\" \/><img decoding=\"async\" src=\"https:\/\/ae01.alicdn.com\/kf\/S67ba0edf7775413eb039aced934e69abU.jpg?width=1920&amp;height=1079&amp;hash=2999\" alt=\"WechatIMG859.jpg\" data-index=\"img31\" \/><br class=\"img-brk\" \/><br class=\"img-brk\" \/><br class=\"img-brk\" \/><br class=\"img-brk\" \/><br class=\"img-brk\" \/><br class=\"img-brk\" \/><br class=\"img-brk\" \/><br class=\"img-brk\" \/><br class=\"img-brk\" \/><br class=\"img-brk\" \/><br class=\"img-brk\" \/><br class=\"img-brk\" \/><br class=\"img-brk\" \/><br class=\"img-brk\" \/><br class=\"img-brk\" \/><br class=\"img-brk\" \/><br class=\"img-brk\" \/><br class=\"img-brk\" \/><br class=\"img-brk\" \/><br class=\"img-brk\" \/><br class=\"img-brk\" \/><br class=\"img-brk\" \/><br class=\"img-brk\" \/><br class=\"img-brk\" \/><img decoding=\"async\" src=\"https:\/\/ae01.alicdn.com\/kf\/Sb35b5e15354b4d4ab3c4ab9585e5a491k.jpg?width=1919&amp;height=1080&amp;hash=2999\" alt=\"undefined\" data-index=\"img43\" \/><br class=\"img-brk\" \/><br class=\"img-brk\" \/><br class=\"img-brk\" \/><br class=\"img-brk\" \/><br class=\"img-brk\" \/><br class=\"img-brk\" \/><br class=\"img-brk\" \/><br class=\"img-brk\" \/><br class=\"img-brk\" \/><br class=\"img-brk\" \/><br class=\"img-brk\" \/><br class=\"img-brk\" \/><br class=\"img-brk\" \/><br class=\"img-brk\" \/><br class=\"img-brk\" \/><br class=\"img-brk\" \/><br class=\"img-brk\" \/><br class=\"img-brk\" \/><br class=\"img-brk\" \/><br class=\"img-brk\" \/><br class=\"img-brk\" \/><br class=\"img-brk\" \/><img decoding=\"async\" src=\"https:\/\/ae01.alicdn.com\/kf\/Sb706974b995242a29c34b519cecd898fh.jpg?width=1280&amp;height=1280&amp;hash=2560\" alt=\"WechatIMG1297\" data-index=\"img54\" \/><br class=\"img-brk\" \/><br class=\"img-brk\" \/><br class=\"img-brk\" \/><br class=\"img-brk\" \/><br class=\"img-brk\" \/><br class=\"img-brk\" \/><br class=\"img-brk\" \/><br class=\"img-brk\" \/><br class=\"img-brk\" \/><br class=\"img-brk\" \/><br class=\"img-brk\" \/><br class=\"img-brk\" \/><br class=\"img-brk\" \/><br class=\"img-brk\" \/><br class=\"img-brk\" \/><br class=\"img-brk\" \/><br class=\"img-brk\" \/><br class=\"img-brk\" \/><img decoding=\"async\" src=\"https:\/\/ae01.alicdn.com\/kf\/Sb9b315239e0a41c8b2a6abaacba9fafao.jpg?width=1168&amp;height=1168&amp;hash=2336\" alt=\"WechatIMG1027\" data-index=\"img63\" \/><br class=\"img-brk\" \/><br class=\"img-brk\" \/><br class=\"img-brk\" \/><br class=\"img-brk\" \/><img decoding=\"async\" src=\"https:\/\/ae01.alicdn.com\/kf\/Sb9b315239e0a41c8b2a6abaacba9fafao.jpg?width=1168&amp;height=1168&amp;hash=2336\" alt=\"WechatIMG1027\" data-index=\"img65\" \/><br class=\"img-brk\" \/><br class=\"img-brk\" \/><br class=\"img-brk\" \/><br class=\"img-brk\" \/><br class=\"img-brk\" \/><br class=\"img-brk\" \/><br class=\"img-brk\" \/><br class=\"img-brk\" \/><br class=\"img-brk\" \/><br class=\"img-brk\" \/><br class=\"img-brk\" \/><br class=\"img-brk\" \/><br class=\"img-brk\" \/><br class=\"img-brk\" \/><br class=\"img-brk\" \/><br class=\"img-brk\" \/><br class=\"img-brk\" \/><br class=\"img-brk\" \/><br class=\"img-brk\" \/><br class=\"img-brk\" \/><br class=\"img-brk\" \/><br class=\"img-brk\" \/><br class=\"img-brk\" \/><br class=\"img-brk\" \/><br class=\"img-brk\" \/><br class=\"img-brk\" \/><br class=\"img-brk\" \/><br class=\"img-brk\" \/><br class=\"img-brk\" \/><br class=\"img-brk\" \/><br class=\"img-brk\" \/><br class=\"img-brk\" \/><br class=\"img-brk\" \/><br class=\"img-brk\" \/><br class=\"img-brk\" \/><br class=\"img-brk\" \/><br class=\"img-brk\" \/><br class=\"img-brk\" \/><br class=\"img-brk\" \/><br class=\"img-brk\" \/><br class=\"img-brk\" \/><br class=\"img-brk\" \/><br class=\"img-brk\" \/><br class=\"img-brk\" \/><br class=\"img-brk\" \/><br class=\"img-brk\" \/><br class=\"img-brk\" \/><br class=\"img-brk\" \/><br class=\"img-brk\" \/><br class=\"img-brk\" \/><br class=\"img-brk\" \/><br class=\"img-brk\" \/><br class=\"img-brk\" \/><br class=\"img-brk\" \/><br class=\"img-brk\" \/><br class=\"img-brk\" \/><br class=\"img-brk\" \/><br class=\"img-brk\" \/><br class=\"img-brk\" \/><br class=\"img-brk\" \/><br class=\"img-brk\" \/><br class=\"img-brk\" \/><br class=\"img-brk\" \/><br class=\"img-brk\" \/><br class=\"img-brk\" \/><br class=\"img-brk\" \/><br class=\"img-brk\" \/><br class=\"img-brk\" \/><br class=\"img-brk\" \/><br class=\"img-brk\" \/><br class=\"img-brk\" \/><br class=\"img-brk\" \/><br class=\"img-brk\" \/><br class=\"img-brk\" \/><br class=\"img-brk\" \/><br class=\"img-brk\" \/><br class=\"img-brk\" \/><br class=\"img-brk\" \/><br class=\"img-brk\" \/><br class=\"img-brk\" \/><br class=\"img-brk\" \/><br class=\"img-brk\" \/><br class=\"img-brk\" \/><br class=\"img-brk\" \/><br class=\"img-brk\" \/><br class=\"img-brk\" \/><br class=\"img-brk\" \/><br class=\"img-brk\" \/><br class=\"img-brk\" \/><br class=\"img-brk\" \/><br class=\"img-brk\" \/><br class=\"img-brk\" \/><br class=\"img-brk\" \/><br class=\"img-brk\" \/><br class=\"img-brk\" \/><br class=\"img-brk\" \/><br class=\"img-brk\" \/><br class=\"img-brk\" \/><br class=\"img-brk\" \/><br class=\"img-brk\" \/><br class=\"img-brk\" \/><br class=\"img-brk\" \/><br class=\"img-brk\" \/><br class=\"img-brk\" \/><br class=\"img-brk\" \/><br class=\"img-brk\" \/><br class=\"img-brk\" \/><br class=\"img-brk\" \/><br class=\"img-brk\" \/><br class=\"img-brk\" \/><br class=\"img-brk\" \/><br class=\"img-brk\" \/><br class=\"img-brk\" \/><br class=\"img-brk\" \/><br class=\"img-brk\" \/><br class=\"img-brk\" \/><br class=\"img-brk\" \/><br class=\"img-brk\" \/><br class=\"img-brk\" \/><br class=\"img-brk\" \/><br class=\"img-brk\" \/><br class=\"img-brk\" \/><br class=\"img-brk\" \/><br class=\"img-brk\" \/><br class=\"img-brk\" \/><br class=\"img-brk\" \/><br class=\"img-brk\" \/><br class=\"img-brk\" \/><br class=\"img-brk\" \/><br class=\"img-brk\" \/><br class=\"img-brk\" \/><br class=\"img-brk\" \/><br class=\"img-brk\" \/><br class=\"img-brk\" \/><br class=\"img-brk\" \/><br class=\"img-brk\" \/><br class=\"img-brk\" \/><br class=\"img-brk\" \/><br class=\"img-brk\" \/><br class=\"img-brk\" \/><br class=\"img-brk\" \/><br class=\"img-brk\" \/><br class=\"img-brk\" \/><br class=\"img-brk\" \/><br class=\"img-brk\" \/><br class=\"img-brk\" \/><br class=\"img-brk\" \/><br class=\"img-brk\" \/><br class=\"img-brk\" \/><br class=\"img-brk\" \/><br class=\"img-brk\" \/><br class=\"img-brk\" \/><br class=\"img-brk\" \/><br class=\"img-brk\" \/><br class=\"img-brk\" \/><br class=\"img-brk\" \/><br class=\"img-brk\" \/><br class=\"img-brk\" \/><br class=\"img-brk\" \/><br class=\"img-brk\" \/><br class=\"img-brk\" \/><br class=\"img-brk\" \/><br class=\"img-brk\" \/><br class=\"img-brk\" \/><br class=\"img-brk\" \/><br class=\"img-brk\" \/><br class=\"img-brk\" \/><br class=\"img-brk\" \/><br class=\"img-brk\" \/><br class=\"img-brk\" \/><br class=\"img-brk\" \/><br class=\"img-brk\" \/><br class=\"img-brk\" \/><br class=\"img-brk\" \/><br class=\"img-brk\" \/><br class=\"img-brk\" \/><br class=\"img-brk\" \/><br class=\"img-brk\" \/><br class=\"img-brk\" \/><br class=\"img-brk\" \/><br class=\"img-brk\" \/><br class=\"img-brk\" \/><br class=\"img-brk\" \/><br class=\"img-brk\" \/><br class=\"img-brk\" \/><br class=\"img-brk\" \/><br class=\"img-brk\" \/><br class=\"img-brk\" \/><br class=\"img-brk\" \/><br class=\"img-brk\" \/><br class=\"img-brk\" \/><br class=\"img-brk\" \/><br class=\"img-brk\" \/><br class=\"img-brk\" \/><br class=\"img-brk\" \/><br class=\"img-brk\" \/><br class=\"img-brk\" \/><br class=\"img-brk\" \/><br class=\"img-brk\" \/><br class=\"img-brk\" \/><br class=\"img-brk\" \/><br class=\"img-brk\" \/><br class=\"img-brk\" \/><br class=\"img-brk\" \/><br class=\"img-brk\" \/><br class=\"img-brk\" \/><br class=\"img-brk\" \/><br class=\"img-brk\" \/><br class=\"img-brk\" \/><br class=\"img-brk\" \/><br class=\"img-brk\" \/><br class=\"img-brk\" \/><br class=\"img-brk\" \/><br class=\"img-brk\" \/><br class=\"img-brk\" \/><br class=\"img-brk\" \/><br class=\"img-brk\" \/><br class=\"img-brk\" \/><br class=\"img-brk\" \/><br class=\"img-brk\" \/><br class=\"img-brk\" \/><br class=\"img-brk\" \/><br class=\"img-brk\" \/><br class=\"img-brk\" \/><br class=\"img-brk\" \/><br class=\"img-brk\" \/><br class=\"img-brk\" \/><br class=\"img-brk\" \/><br class=\"img-brk\" \/><br class=\"img-brk\" \/><br class=\"img-brk\" \/><br class=\"img-brk\" \/><br class=\"img-brk\" \/><br class=\"img-brk\" \/><br class=\"img-brk\" \/><br class=\"img-brk\" \/><br class=\"img-brk\" \/><br class=\"img-brk\" \/><br class=\"img-brk\" \/><br class=\"img-brk\" \/><br class=\"img-brk\" \/><br class=\"img-brk\" \/><br class=\"img-brk\" \/><br class=\"img-brk\" \/><br class=\"img-brk\" \/><br class=\"img-brk\" \/><br class=\"img-brk\" \/><br class=\"img-brk\" \/><br class=\"img-brk\" \/><br class=\"img-brk\" \/><br class=\"img-brk\" \/><br class=\"img-brk\" \/><br class=\"img-brk\" \/><br class=\"img-brk\" \/><br class=\"img-brk\" \/><br class=\"img-brk\" \/><br class=\"img-brk\" \/><br class=\"img-brk\" \/><br class=\"img-brk\" \/><br class=\"img-brk\" \/><br class=\"img-brk\" \/><br class=\"img-brk\" \/><br class=\"img-brk\" \/><br class=\"img-brk\" \/><br class=\"img-brk\" \/><br class=\"img-brk\" \/><br class=\"img-brk\" \/><br class=\"img-brk\" \/><br class=\"img-brk\" \/><br class=\"img-brk\" \/><br class=\"img-brk\" \/><br class=\"img-brk\" \/><br class=\"img-brk\" \/><br class=\"img-brk\" \/><br class=\"img-brk\" \/><br class=\"img-brk\" \/><br class=\"img-brk\" \/><br class=\"img-brk\" \/><br class=\"img-brk\" \/><br class=\"img-brk\" \/><br class=\"img-brk\" \/><br class=\"img-brk\" \/><br class=\"img-brk\" \/><br class=\"img-brk\" \/><br class=\"img-brk\" \/><br class=\"img-brk\" \/><br class=\"img-brk\" \/><br class=\"img-brk\" \/><br class=\"img-brk\" \/><br class=\"img-brk\" \/><br class=\"img-brk\" \/>\u00a0<\/div>\n<\/div>\n<\/div>","protected":false},"excerpt":{"rendered":"<p>Chimique Hign-concern\u00e9:\u00a0Aucun Puissance:\u00a0&lt;200w Pliable:\u00a0Pas de Alimentation \u00c9lectrique:\u00a0Batterie au lithium Tension:\u00a012v Origine:\u00a0CN (Origine) \u00a0<\/p>","protected":false},"featured_media":4248,"comment_status":"open","ping_status":"closed","template":"","meta":[],"product_brand":[],"product_cat":[15],"product_tag":[],"class_list":{"0":"post-4247","1":"product","2":"type-product","3":"status-publish","4":"has-post-thumbnail","6":"product_cat-uncategorized","8":"first","9":"instock","10":"sale","11":"shipping-taxable","12":"purchasable","13":"product-type-variable"},"jetpack_sharing_enabled":true,"_links":{"self":[{"href":"https:\/\/afrycom.com\/fr\/wp-json\/wp\/v2\/product\/4247","targetHints":{"allow":["GET"]}}],"collection":[{"href":"https:\/\/afrycom.com\/fr\/wp-json\/wp\/v2\/product"}],"about":[{"href":"https:\/\/afrycom.com\/fr\/wp-json\/wp\/v2\/types\/product"}],"replies":[{"embeddable":true,"href":"https:\/\/afrycom.com\/fr\/wp-json\/wp\/v2\/comments?post=4247"}],"wp:featuredmedia":[{"embeddable":true,"href":"https:\/\/afrycom.com\/fr\/wp-json\/wp\/v2\/media\/4248"}],"wp:attachment":[{"href":"https:\/\/afrycom.com\/fr\/wp-json\/wp\/v2\/media?parent=4247"}],"wp:term":[{"taxonomy":"product_brand","embeddable":true,"href":"https:\/\/afrycom.com\/fr\/wp-json\/wp\/v2\/product_brand?post=4247"},{"taxonomy":"product_cat","embeddable":true,"href":"https:\/\/afrycom.com\/fr\/wp-json\/wp\/v2\/product_cat?post=4247"},{"taxonomy":"product_tag","embeddable":true,"href":"https:\/\/afrycom.com\/fr\/wp-json\/wp\/v2\/product_tag?post=4247"}],"curies":[{"name":"wp","href":"https:\/\/api.w.org\/{rel}","templated":true}]}}