{"id":4151,"date":"2025-03-08T07:56:05","date_gmt":"2025-03-08T07:56:05","guid":{"rendered":"https:\/\/afrycom.com\/product\/velo-pour-garcons-ages-de-3-a-6-a-9-a-10-ans-velo-pour-enfants-plus-ages-filles-velo-pour-enfants\/"},"modified":"2025-03-08T07:56:19","modified_gmt":"2025-03-08T07:56:19","slug":"velo-pour-garcons-ages-de-3-a-6-a-9-a-10-ans-velo-pour-enfants-plus-ages-filles-velo-pour-enfants","status":"publish","type":"product","link":"https:\/\/afrycom.com\/fr\/produit\/velo-pour-garcons-ages-de-3-a-6-a-9-a-10-ans-velo-pour-enfants-plus-ages-filles-velo-pour-enfants\/","title":{"rendered":"V\u00e9lo pour gar\u00e7ons \u00e2g\u00e9s de 3 \u00e0 6 \u00e0 9 \u00e0 10 ans, v\u00e9lo pour enfants plus \u00e2g\u00e9s, filles, v\u00e9lo pour enfants"},"content":{"rendered":"<div class=\"product-specs-list-container\">\n<ul class=\"product-specs-list util-clearfix\">\n<li class=\"product-prop line-limit-length\"><span\n                                        class=\"property-title\">Chimique Hign-concern\u00e9 :&nbsp;<\/span><span\n                                        class=\"property-desc line-limit-length\">Aucun<\/span>\n                            <\/li>\n<li class=\"product-prop line-limit-length\"><span\n                                        class=\"property-title\">Types de suspension de v\u00e9lo:&nbsp;<\/span><span\n                                        class=\"property-desc line-limit-length\">Bidirectionnel<\/span>\n                            <\/li>\n<li class=\"product-prop line-limit-length\"><span\n                                        class=\"property-title\">Roues de formation:&nbsp;<\/span><span\n                                        class=\"property-desc line-limit-length\">Oui<\/span>\n                            <\/li>\n<li class=\"product-prop line-limit-length\"><span\n                                        class=\"property-title\">Syst\u00e8me de freinage:&nbsp;<\/span><span\n                                        class=\"property-desc line-limit-length\">Pince<\/span>\n                            <\/li>\n<li class=\"product-prop line-limit-length\"><span\n                                        class=\"property-title\">Taille des roues:&nbsp;<\/span><span\n                                        class=\"property-desc line-limit-length\">12 &quot;<\/span>\n                            <\/li>\n<li class=\"product-prop line-limit-length\"><span\n                                        class=\"property-title\">Personnes Applicables :&nbsp;<\/span><span\n                                        class=\"property-desc line-limit-length\">Enfants<\/span>\n                            <\/li>\n<li class=\"product-prop line-limit-length\"><span\n                                        class=\"property-title\">Mat\u00e9riau de Jante:&nbsp;<\/span><span\n                                        class=\"property-desc line-limit-length\">STEEL<\/span>\n                            <\/li>\n<li class=\"product-prop line-limit-length\"><span\n                                        class=\"property-title\">Mat\u00e9riau de Fourche:&nbsp;<\/span><span\n                                        class=\"property-desc line-limit-length\">STEEL<\/span>\n                            <\/li>\n<li class=\"product-prop line-limit-length\"><span\n                                        class=\"property-title\">Mat\u00e9riau de Cadre:&nbsp;<\/span><span\n                                        class=\"property-desc line-limit-length\">Acier au carbone<\/span>\n                            <\/li>\n<li class=\"product-prop line-limit-length\"><span\n                                        class=\"property-title\">Type :&nbsp;<\/span><span\n                                        class=\"property-desc line-limit-length\">V\u00e9lo pour enfant<\/span>\n                            <\/li>\n<li class=\"product-prop line-limit-length\"><span\n                                        class=\"property-title\">Origine :&nbsp;<\/span><span\n                                        class=\"property-desc line-limit-length\">CN (Origine)<\/span>\n                            <\/li>\n<\/ul><\/div>\n<div class=\"detailmodule_html\">\n<div class=\"detail-desc-decorate-richtext\">\n<div id=\"offer-template-0\"><\/div>\n<div style=\"width:790px\">\n <img decoding=\"async\" style=\"display:block;width:100%;height:auto\" width=\"100%\" height=\"auto\" src=\"https:\/\/ae01.alicdn.com\/kf\/S1131c32ed2b64352bc59d12c1fcc1d8eM.jpg?width=790&amp;height=1314&amp;hash=2104\" usemap=\"#_sdmap_0\" slate-data-type=\"image\" \/><br \/>\n <img decoding=\"async\" style=\"display:block;width:100%;height:auto\" width=\"100%\" height=\"auto\" src=\"https:\/\/ae01.alicdn.com\/kf\/Sf4136164840f410183daa69792df90b3H.jpg?width=790&amp;height=1370&amp;hash=2160\" usemap=\"#_sdmap_1\" slate-data-type=\"image\" \/><br \/>\n <img decoding=\"async\" style=\"display:block;width:100%;height:auto\" width=\"100%\" height=\"auto\" src=\"https:\/\/ae01.alicdn.com\/kf\/S2e02101ec5a04dce99da5bd5ba3a1d43h.jpg?width=790&amp;height=1777&amp;hash=2567\" usemap=\"#_sdmap_2\" slate-data-type=\"image\" \/><br \/>\n <img decoding=\"async\" style=\"display:block;width:100%;height:auto\" width=\"100%\" height=\"auto\" src=\"https:\/\/ae01.alicdn.com\/kf\/Sa50a82e3bfb3424abace9848e5e6a068Y.jpg?width=790&amp;height=1274&amp;hash=2064\" usemap=\"#_sdmap_3\" slate-data-type=\"image\" \/><br \/>\n <img decoding=\"async\" style=\"display:block;width:100%;height:auto\" width=\"100%\" height=\"auto\" src=\"https:\/\/ae01.alicdn.com\/kf\/Sacbbf5ad1e6d4d0e9e28ae5a0a8fce3d9.jpg?width=790&amp;height=1276&amp;hash=2066\" usemap=\"#_sdmap_4\" slate-data-type=\"image\" \/><br \/>\n <img decoding=\"async\" style=\"display:block;width:100%;height:auto\" width=\"100%\" height=\"auto\" src=\"https:\/\/ae01.alicdn.com\/kf\/S4e24811dc40d48e0b318cce7b0662022y.jpg?width=790&amp;height=1888&amp;hash=2678\" usemap=\"#_sdmap_5\" slate-data-type=\"image\" \/><br \/>\n <img decoding=\"async\" style=\"display:block;width:100%;height:auto\" width=\"100%\" height=\"auto\" src=\"https:\/\/ae01.alicdn.com\/kf\/S79636f3775ea47ea8d05d5d9132ec97dT.jpg?width=790&amp;height=495&amp;hash=1285\" usemap=\"#_sdmap_6\" slate-data-type=\"image\" \/><br \/>\n <img decoding=\"async\" style=\"display:block;width:100%;height:auto\" width=\"100%\" height=\"auto\" src=\"https:\/\/ae01.alicdn.com\/kf\/S73b2248a12734414872a8e89bc5b5031a.jpg?width=790&amp;height=1410&amp;hash=2200\" usemap=\"#_sdmap_7\" slate-data-type=\"image\" \/><br \/>\n <img decoding=\"async\" style=\"display:block;width:100%;height:auto\" width=\"100%\" height=\"auto\" src=\"https:\/\/ae01.alicdn.com\/kf\/Sc66d786fc6f5443d9fcbdd89b0a120bd7.jpg?width=790&amp;height=1151&amp;hash=1941\" usemap=\"#_sdmap_8\" slate-data-type=\"image\" \/><br \/>\n <img decoding=\"async\" style=\"display:block;width:100%;height:auto\" width=\"100%\" height=\"auto\" src=\"https:\/\/ae01.alicdn.com\/kf\/S650b3f87e2fd457f97036aed46f9cc2fx.jpg?width=790&amp;height=1108&amp;hash=1898\" usemap=\"#_sdmap_9\" slate-data-type=\"image\" \/><br \/>\n <img decoding=\"async\" style=\"display:block;width:100%;height:auto\" width=\"100%\" height=\"auto\" src=\"https:\/\/ae01.alicdn.com\/kf\/S203aab93d7b1442293a6083b1a6a1044A.jpg?width=790&amp;height=1679&amp;hash=2469\" usemap=\"#_sdmap_10\" slate-data-type=\"image\" \/><br \/>\n <img decoding=\"async\" style=\"display:block;width:100%;height:auto\" width=\"100%\" height=\"auto\" src=\"https:\/\/ae01.alicdn.com\/kf\/S8e7e2443af734b92921a8396a85409cbH.jpg?width=790&amp;height=1080&amp;hash=1870\" usemap=\"#_sdmap_11\" slate-data-type=\"image\" \/><br \/>\n <img decoding=\"async\" style=\"display:block;width:100%;height:auto\" width=\"100%\" height=\"auto\" src=\"https:\/\/ae01.alicdn.com\/kf\/S9660f763d790493c83ef7c4fc7158810W.jpg?width=790&amp;height=1693&amp;hash=2483\" usemap=\"#_sdmap_12\" slate-data-type=\"image\" \/><br \/>\n <img decoding=\"async\" style=\"display:block;width:100%;height:auto\" width=\"100%\" height=\"auto\" src=\"https:\/\/ae01.alicdn.com\/kf\/S864b32c8fd0646688dce80fe4a6da8fek.jpg?width=1920&amp;height=1280&amp;hash=3200\" usemap=\"#_sdmap_13\" slate-data-type=\"image\" \/><br \/>\n <img decoding=\"async\" style=\"display:block;width:100%;height:auto\" width=\"100%\" height=\"auto\" src=\"https:\/\/ae01.alicdn.com\/kf\/S0907d1e7a67246e3a551f85277cbd5abq.jpg?width=1920&amp;height=1280&amp;hash=3200\" usemap=\"#_sdmap_14\" slate-data-type=\"image\" \/><br \/>\n <img decoding=\"async\" style=\"display:block;width:100%;height:auto\" width=\"100%\" height=\"auto\" src=\"https:\/\/ae01.alicdn.com\/kf\/Sb9cb4f54a6a0492db37489bbe0164a9dG.jpg?width=1920&amp;height=1280&amp;hash=3200\" usemap=\"#_sdmap_15\" slate-data-type=\"image\" \/><br \/>\n <img decoding=\"async\" style=\"display:block;width:100%;height:auto\" width=\"100%\" height=\"auto\" src=\"https:\/\/ae01.alicdn.com\/kf\/S97e2f3ecd35f4384b26ca10cb160d6b84.jpg?width=1920&amp;height=1279&amp;hash=3199\" usemap=\"#_sdmap_16\" slate-data-type=\"image\" \/>\n<\/div>\n<p><\/div>\n<\/div>","protected":false},"excerpt":{"rendered":"<p>Chimique Hign-concern\u00e9:&nbsp;Aucun Types de suspension de v\u00e9lo:&nbsp;Bidirectionnel Roues de formation:&nbsp;Oui Syst\u00e8me de freinage:&nbsp;Pince Taille des roues:&nbsp;12 &quot; Personnes Applicables:&nbsp;Enfants Mat\u00e9riau<\/p>","protected":false},"featured_media":4152,"comment_status":"open","ping_status":"closed","template":"","meta":[],"product_brand":[],"product_cat":[15],"product_tag":[],"class_list":{"0":"post-4151","1":"product","2":"type-product","3":"status-publish","4":"has-post-thumbnail","6":"product_cat-uncategorized","8":"first","9":"instock","10":"shipping-taxable","11":"purchasable","12":"product-type-variable"},"jetpack_sharing_enabled":true,"_links":{"self":[{"href":"https:\/\/afrycom.com\/fr\/wp-json\/wp\/v2\/product\/4151","targetHints":{"allow":["GET"]}}],"collection":[{"href":"https:\/\/afrycom.com\/fr\/wp-json\/wp\/v2\/product"}],"about":[{"href":"https:\/\/afrycom.com\/fr\/wp-json\/wp\/v2\/types\/product"}],"replies":[{"embeddable":true,"href":"https:\/\/afrycom.com\/fr\/wp-json\/wp\/v2\/comments?post=4151"}],"wp:featuredmedia":[{"embeddable":true,"href":"https:\/\/afrycom.com\/fr\/wp-json\/wp\/v2\/media\/4152"}],"wp:attachment":[{"href":"https:\/\/afrycom.com\/fr\/wp-json\/wp\/v2\/media?parent=4151"}],"wp:term":[{"taxonomy":"product_brand","embeddable":true,"href":"https:\/\/afrycom.com\/fr\/wp-json\/wp\/v2\/product_brand?post=4151"},{"taxonomy":"product_cat","embeddable":true,"href":"https:\/\/afrycom.com\/fr\/wp-json\/wp\/v2\/product_cat?post=4151"},{"taxonomy":"product_tag","embeddable":true,"href":"https:\/\/afrycom.com\/fr\/wp-json\/wp\/v2\/product_tag?post=4151"}],"curies":[{"name":"wp","href":"https:\/\/api.w.org\/{rel}","templated":true}]}}