{"id":3762,"date":"2025-03-08T07:53:04","date_gmt":"2025-03-08T07:53:04","guid":{"rendered":"https:\/\/afrycom.com\/product\/hoverboard-de-scooter-electrique-avec-lumieres-led-hoverboard-a-equilibrage-automatique-cadeaux-de-noel-6-5-po\/"},"modified":"2025-08-09T04:02:14","modified_gmt":"2025-08-09T04:02:14","slug":"hoverboard-de-scooter-electrique-avec-lumieres-led-hoverboard-a-equilibrage-automatique-cadeaux-de-noel-6-5-po","status":"publish","type":"product","link":"https:\/\/afrycom.com\/fr\/produit\/hoverboard-de-scooter-electrique-avec-lumieres-led-hoverboard-a-equilibrage-automatique-cadeaux-de-noel-6-5-po\/","title":{"rendered":"Hoverboard de scooter \u00e9lectrique avec lumi\u00e8res LED, Hoverboard \u00e0 \u00e9quilibrage automatique, cadeaux de No\u00ebl, 6.5 po"},"content":{"rendered":"<div class=\"product-specs-list-container\">\n<ul class=\"product-specs-list util-clearfix\">\n<li class=\"product-prop line-limit-length\"><span class=\"property-title\">Chimique Hign-concern\u00e9 :\u00a0<\/span><span class=\"property-desc line-limit-length\">Aucun<\/span><\/li>\n<li class=\"product-prop line-limit-length\"><span class=\"property-title\">Certification CE :\u00a0<\/span><span class=\"property-desc line-limit-length\">Oui<\/span><\/li>\n<li class=\"product-prop line-limit-length\"><span class=\"property-title\">Origine :\u00a0<\/span><span class=\"property-desc line-limit-length\">CN (Origine)<\/span><\/li>\n<li class=\"product-prop line-limit-length\"><span class=\"property-title\">Lieu d'origine :\u00a0<\/span><span class=\"property-desc line-limit-length\">Zhejiang, Chine<\/span><\/li>\n<li class=\"product-prop line-limit-length\"><span class=\"property-title\">Num\u00e9ro de mod\u00e8le :\u00a0<\/span><span class=\"property-desc line-limit-length\">X5-6,5 pouces<\/span><\/li>\n<li class=\"product-prop line-limit-length\"><span class=\"property-title\">Puissance :\u00a0<\/span><span class=\"property-desc line-limit-length\">201-500w<\/span><\/li>\n<li class=\"product-prop line-limit-length\"><span class=\"property-title\">Tension :\u00a0<\/span><span class=\"property-desc line-limit-length\">36V<\/span><\/li>\n<li class=\"product-prop line-limit-length\"><span class=\"property-title\">Temps de charge :\u00a0<\/span><span class=\"property-desc line-limit-length\">3-4h<\/span><\/li>\n<li class=\"product-prop line-limit-length\"><span class=\"property-title\">Pliable :\u00a0<\/span><span class=\"property-desc line-limit-length\">na<\/span><\/li>\n<li class=\"product-prop line-limit-length\"><span class=\"property-title\">Autonomie par charge :\u00a0<\/span><span class=\"property-desc line-limit-length\">5-10km, 10-15KM<\/span><\/li>\n<li class=\"product-prop line-limit-length\"><span class=\"property-title\">Taille des pneus :\u00a0<\/span><span class=\"property-desc line-limit-length\">6,5 pouces<\/span><\/li>\n<li class=\"product-prop line-limit-length\"><span class=\"property-title\">M\u00e9thode de conduite :\u00a0<\/span><span class=\"property-desc line-limit-length\">Capteur, Bluetooth, \u00e9lectronique<\/span><\/li>\n<li class=\"product-prop line-limit-length\"><span class=\"property-title\">Autre :\u00a0<\/span><span class=\"property-desc line-limit-length\">Scooter auto-\u00e9quilibrant<\/span><\/li>\n<li class=\"product-prop line-limit-length\"><span class=\"property-title\">Nom du produit :\u00a0<\/span><span class=\"property-desc line-limit-length\">X5 Hoverboard<\/span><\/li>\n<li class=\"product-prop line-limit-length\"><span class=\"property-title\">Batterie :\u00a0<\/span><span class=\"property-desc line-limit-length\">Batterie rechargeable 36V, 2.4Ah<\/span><\/li>\n<li class=\"product-prop line-limit-length\"><span class=\"property-title\">Vitesse maximale :\u00a0<\/span><span class=\"property-desc line-limit-length\">16km\/h (en fonction de la route et du poids)<\/span><\/li>\n<li class=\"product-prop line-limit-length\"><span class=\"property-title\">Puissance de charge :\u00a0<\/span><span class=\"property-desc line-limit-length\">AC100-240V\/50~60HZ<\/span><\/li>\n<li class=\"product-prop line-limit-length\"><span class=\"property-title\">CHARGE MAXIMALE :\u00a0<\/span><span class=\"property-desc line-limit-length\">120 kg<\/span><\/li>\n<li class=\"product-prop line-limit-length\"><span class=\"property-title\">APP :\u00a0<\/span><span class=\"property-desc line-limit-length\">Soutien<\/span><\/li>\n<li class=\"product-prop line-limit-length\"><span class=\"property-title\">Lumi\u00e8re LED :\u00a0<\/span><span class=\"property-desc line-limit-length\">Phares, feux de croisement, feux de route, feux de roue<\/span><\/li>\n<li class=\"product-prop line-limit-length\"><span class=\"property-title\">Niveau de protection :\u00a0<\/span><span class=\"property-desc line-limit-length\">IP54<\/span><\/li>\n<li class=\"product-prop line-limit-length\"><span class=\"property-title\">Certification :\u00a0<\/span><span class=\"property-desc line-limit-length\">CE\/ROSH\/FCC\/UL<\/span><\/li>\n<\/ul>\n<\/div>\n<div class=\"detailmodule_html\">\n<div class=\"detail-desc-decorate-richtext\">\n<div id=\"detail_decorate_root\">\n<div id=\"tl_1\"># Detail_decorate_root. magic-0{border-bottom-style : solide ; border-bottom-colour : # 53647a ; famille de polices : Roboto ; taille de la police : 24px ; couleur : # 53647a ; style de police : normal;border-bottom-width:2px;padding-top:8px;padding-bottom:4px}# detail_decorate_root .magic-1{margin-bottom:10px;overflow:hidden}# detail_decorate_root .magic-2{width:750px;border-collapse:collapse}# detail_decorate_root .magic-3{min-height:18px ; rembourrage : 5px 10px ; largeur : 261px;min-height:18px;box-sizing:content-box}# detail_decorate_root .magic-4 {min-hauteur : 18px ; rembourrage : 5px 10px ; largeur : 442px ; min-hauteur : 18px ; bo\u00eete-taille : contenu-bo\u00eete} # detail_decorate_root .magic-5{margin-bottom:10px;line-height:0}# detail_decorate_root .magic-6{margin-bottom:0}# detail_decorate_root .magic-7{position:relative;width:100%}# detail_decorate_root .magic-8{width:750px}# detail_decorate_root .magic-9 {d\u00e9bordement : cach\u00e9 ; largeur : 373px ; hauteur : 373px ; marge-haut : 0 ; marge-bas : 0 ; marge-gauche : 0 ; marge-droite : 0}# detail_decorate_root .magic-10 {marge-haut : 0 ; marge-gauche : 0 ; largeur : 373px ; hauteur : 373px}# detail_decorate_root .magic-11 {d\u00e9bordement : cach\u00e9 ; largeur : 373px ; hauteur : 373px ; marge-haut : 0 ; marge-bas : 0 ; marge-gauche : 4px ; marge-droite : 0}# detail_decorate_root .magic-12 {marge-haut : 0 ; marge-gauche : 0 ; largeur : 373px ; hauteur : 374.0687679083095px}# detail_decorate_root. magique-13 {d\u00e9bordement : cach\u00e9 ; largeur : 247.3333333334px ; hauteur : 163.47187500000004px ; marge-haut : 0 ; marge-bas : 0 ; marge-gauche : 0 ; marge-droite : 0}# detail_decorate_root .magic-14 {marge-haut : 0 ; marge-gauche : 0 ; largeur : 247px ; hauteur : 163px}# detail_decorate_root .magic-15 {d\u00e9bordement : cach\u00e9 ; largeur : 247.333333333334px ; hauteur : 163.2199730094467px ; marge-haut : 0 ; marge-bas : 0 ; marge-gauche : 4px ; marge-droite : 0}# detail_decorate_root .magic-16 {marge-haut : 0 ; marge-gauche : 0 ; largeur : 247px ; hauteur : 165px}# detail_decorate_root .magic-17 {marge-haut : 0 ; marge-gauche : 0 ; largeur : 264px ; hauteur : 163px}# detail_decorate_root .magic-18 {d\u00e9bordement : cach\u00e9 ; largeur : 247.3333333334px ; hauteur : 247.333333334px ; marge-haut : 0 ; marge-bas : 0 ; marge-gauche : 0 ; marge-droite : 0}# detail_decorate_root .magic-19{margin-top:0 ; marge-gauche : 0 ; largeur : 247px ; hauteur : 247px}# detail_decorate_root .magic-20 {d\u00e9bordement : cach\u00e9 ; largeur : 247.333333333334px ; hauteur : 247.3333333337px ; marge-haut : 0 ; marge-bas : 0 ; marge-gauche : 4px ; marge-droite : 0}# detail_decorate_root .magic-21 {marge-haut : 0 ; marge-gauche : 0 ; largeur : 281px ; hauteur : 247px}# detail_decorate_root .magic-22 {marge-haut : 0 ; marge-gauche : 0 ; largeur : 412px ; hauteur : 247px}# detail_decorate_root .magic-23 {d\u00e9bordement : cach\u00e9 ; largeur : 184.5px ; hauteur : 264.3150470219436px ; marge-haut : 0 ; marge-bas : 0 ; marge-gauche : 0 ; marge-droite : 0}# detail_decorate_root .magic-24 {marge-haut : 0 ; marge-gauche : 0 ; largeur : 184px ; hauteur : 264px}# detail_decorate_root .magic-25 {d\u00e9bordement : cach\u00e9 ; largeur : 184.5px ; hauteur : 263.7146739130435px ; marge-haut : 0 ; marge-bas : 0 ; marge-gauche : 4px ; marge-droite : 0}# detail_decorate_root .magic-26 {marge-haut : 0 ; marge-gauche : 0 ; largeur : 184px ; hauteur : 265px}# detail_decorate_root .magic-27{margin-top:0 ; marge-gauche : 0 ; largeur : 184px ; hauteur : 263px}# detail_decorate_root. Magic-28 {marge-haut : 0 ; marge-gauche : 0 ; largeur : 187px ; hauteur : 263px}# detail_decorate_root .magic-29 {d\u00e9bordement : cach\u00e9 ; largeur : 184.5px ; hauteur : 264.5660377358491px ; marge-haut : 0 ; marge-bas : 0 ; marge-gauche : 0 ; marge-droite : 0}# detail_decorate_root .magic-30{alignement vertical:top}# detail_decorate_root .magic-31{alignement vertical:top;display:block;padding-right:4px;box-sizing:border-box;padding-left:4px}# detail_decorate_root .magic-32{alignement vertical:top;padding-bottom:4px;box-sizing:border-box;padding-top:4px}# detail_decorate_root .magic-33 {rembourrage : 0 ; marge : 0 ; espace blanc : pr\u00e9-emballage ; taille de la police : 14px}<\/div>\n<div>\n<div id=\"tl_2\">Profil de l'entreprise<\/div>\n<\/div>\n<div>\u00a0<\/div>\n<div>\n<div id=\"tl_3\">Sp\u00e9cification<\/div>\n<\/div>\n<div>\n<div>\n<table class=\"all magic-2\" style=\"border-collapse: collapse;\">\n<tbody>\n<tr>\n<td colspan=\"1\" rowspan=\"1\">\n<div id=\"tl_4\">Type :<\/div>\n<\/td>\n<td colspan=\"1\" rowspan=\"1\">\n<div id=\"tl_5\">Hoverboard<\/div>\n<\/td>\n<\/tr>\n<tr>\n<td colspan=\"1\" rowspan=\"1\">\n<div id=\"tl_6\">Mod\u00e8le :<\/div>\n<\/td>\n<td colspan=\"1\" rowspan=\"1\">\n<div id=\"tl_7\">X5<\/div>\n<\/td>\n<\/tr>\n<tr>\n<td colspan=\"1\" rowspan=\"1\">\n<div id=\"tl_8\">Taille de la roue<\/div>\n<\/td>\n<td colspan=\"1\" rowspan=\"1\">\n<div id=\"tl_9\">6.5 pouces<\/div>\n<\/td>\n<\/tr>\n<tr>\n<td colspan=\"1\" rowspan=\"1\">\n<div id=\"tl_10\">Taille de la batterie<\/div>\n<\/td>\n<td colspan=\"1\" rowspan=\"1\">\n<div id=\"tl_11\">2,4 Ah<\/div>\n<\/td>\n<\/tr>\n<tr>\n<td colspan=\"1\" rowspan=\"1\">\n<div id=\"tl_12\">Vitesse max<\/div>\n<\/td>\n<td colspan=\"1\" rowspan=\"1\">\n<div id=\"tl_13\">16 KM\/H<\/div>\n<\/td>\n<\/tr>\n<tr>\n<td colspan=\"1\" rowspan=\"1\">\n<div id=\"tl_14\">Distance max<\/div>\n<\/td>\n<td colspan=\"1\" rowspan=\"1\">\n<div id=\"tl_15\">5-10KM<\/div>\n<\/td>\n<\/tr>\n<tr>\n<td colspan=\"1\" rowspan=\"1\">\n<div id=\"tl_16\">Temps de charge<\/div>\n<\/td>\n<td colspan=\"1\" rowspan=\"1\">\n<div id=\"tl_17\">2-3H<\/div>\n<\/td>\n<\/tr>\n<tr>\n<td colspan=\"1\" rowspan=\"1\">\n<div id=\"tl_18\">Escalade<\/div>\n<\/td>\n<td colspan=\"1\" rowspan=\"1\">\n<div>20\u00b0<\/div>\n<\/td>\n<\/tr>\n<tr>\n<td colspan=\"1\" rowspan=\"1\">\n<div id=\"tl_19\">Puissance moteur<\/div>\n<\/td>\n<td colspan=\"1\" rowspan=\"1\">\n<div id=\"tl_20\">350W * 2<\/div>\n<\/td>\n<\/tr>\n<tr>\n<td colspan=\"1\" rowspan=\"1\">\n<div id=\"tl_21\">Charge maximale<\/div>\n<\/td>\n<td colspan=\"1\" rowspan=\"1\">\n<div id=\"tl_22\">100KG<\/div>\n<\/td>\n<\/tr>\n<tr>\n<td colspan=\"1\" rowspan=\"1\">\n<div id=\"tl_23\">Couleur<\/div>\n<\/td>\n<td colspan=\"1\" rowspan=\"1\">\n<div id=\"tl_24\">Blanc Bleu et rose<\/div>\n<\/td>\n<\/tr>\n<tr>\n<td colspan=\"1\" rowspan=\"1\">\n<div id=\"tl_25\">APP<\/div>\n<\/td>\n<td colspan=\"1\" rowspan=\"1\">\n<div id=\"tl_26\">R\u00e9glage du mode\/Vitesse\/Puissance\/\u00c9clairage\/Kilom\u00e9trage\/Commutateur<\/div>\n<\/td>\n<\/tr>\n<tr>\n<td colspan=\"1\" rowspan=\"1\">\n<div id=\"tl_27\">Bluetooth<\/div>\n<\/td>\n<td colspan=\"1\" rowspan=\"1\">\n<div id=\"tl_28\">Haut-parleur Bluetooth sans fil<\/div>\n<\/td>\n<\/tr>\n<tr>\n<td colspan=\"1\" rowspan=\"1\">\n<div id=\"tl_29\">LED<\/div>\n<\/td>\n<td colspan=\"1\" rowspan=\"1\">\n<div id=\"tl_30\">Phares\/feux arri\u00e8re\/feux de circulation\/feux de roue<\/div>\n<\/td>\n<\/tr>\n<tr>\n<td colspan=\"1\" rowspan=\"1\">\n<div id=\"tl_31\">Taille du produit<\/div>\n<\/td>\n<td colspan=\"1\" rowspan=\"1\">\n<div id=\"tl_32\">57*17*17cm<\/div>\n<\/td>\n<\/tr>\n<tr>\n<td colspan=\"1\" rowspan=\"1\">\n<div id=\"tl_33\">NW<\/div>\n<\/td>\n<td colspan=\"1\" rowspan=\"1\">\n<div id=\"tl_34\">5.7KG<\/div>\n<\/td>\n<\/tr>\n<tr>\n<td colspan=\"1\" rowspan=\"1\">\n<div id=\"tl_35\">Taille d'emballage<\/div>\n<\/td>\n<td colspan=\"1\" rowspan=\"1\">\n<div id=\"tl_36\">65X23.5X23.5cm<\/div>\n<\/td>\n<\/tr>\n<tr>\n<td colspan=\"1\" rowspan=\"1\">\n<div id=\"tl_37\">GW<\/div>\n<\/td>\n<td colspan=\"1\" rowspan=\"1\">\n<div id=\"tl_38\">6.5KG<\/div>\n<\/td>\n<\/tr>\n<\/tbody>\n<\/table>\n<\/div>\n<\/div>\n<div>\n<div id=\"tl_39\">Description du produit<\/div>\n<\/div>\n<div>\n<div>\n<div><img decoding=\"async\" class=\"magic-7\" src=\"https:\/\/ae01.alicdn.com\/kf\/S9cad1f232ee641d6ae56631c66410e71x.jpg?width=1000&amp;height=1000&amp;hash=2000\" \/><\/div>\n<div><img decoding=\"async\" class=\"magic-7\" src=\"https:\/\/ae01.alicdn.com\/kf\/S6a2652aac9ca4e3fb1f9f4c8f4b65de1x.jpg?width=1000&amp;height=1000&amp;hash=2000\" \/><\/div>\n<div><img decoding=\"async\" class=\"magic-7\" src=\"https:\/\/ae01.alicdn.com\/kf\/S48a8294176094be1883ea497127087e55.jpg?width=1000&amp;height=1000&amp;hash=2000\" \/><\/div>\n<div><img decoding=\"async\" class=\"magic-7\" src=\"https:\/\/ae01.alicdn.com\/kf\/Sa9eb66e5f5be4957a58b4191e0deb8ae2.jpg?width=1000&amp;height=1000&amp;hash=2000\" \/><\/div>\n<div><img decoding=\"async\" class=\"magic-7\" src=\"https:\/\/ae01.alicdn.com\/kf\/Sc4b15413f3834ecea53a01515c478d73r.jpg?width=1000&amp;height=1000&amp;hash=2000\" \/><\/div>\n<div><img decoding=\"async\" class=\"magic-7\" src=\"https:\/\/ae01.alicdn.com\/kf\/Sd5db910e7bab46e2aed0599e8b522a78Q.jpg?width=1000&amp;height=1000&amp;hash=2000\" \/><\/div>\n<div><img decoding=\"async\" class=\"magic-7\" src=\"https:\/\/ae01.alicdn.com\/kf\/S4caf8e148f0b46ef8e2e4cd4d3f0b04du.jpg?width=1000&amp;height=1000&amp;hash=2000\" \/><\/div>\n<div><img decoding=\"async\" class=\"magic-7\" src=\"https:\/\/ae01.alicdn.com\/kf\/S3d60ceaba115414eb72c1fc190ffdd35d.jpg?width=1000&amp;height=1000&amp;hash=2000\" \/><\/div>\n<\/div>\n<\/div>\n<div>\n<div id=\"tl_40\">Emballage et livraison<\/div>\n<\/div>\n<div>\n<div>\n<div>\n<div>\n<div>\n<div><img decoding=\"async\" class=\"magic-10\" src=\"https:\/\/ae01.alicdn.com\/kf\/S6538f87ac7834f258d355a781ce1d33b5.jpg?width=1000&amp;height=1000&amp;hash=2000\" \/><\/div>\n<div><img decoding=\"async\" class=\"magic-12\" src=\"https:\/\/ae01.alicdn.com\/kf\/S55f106c1f1c6414880f4ce965fb5a8cfy.jpg?width=349&amp;height=350&amp;hash=699\" \/><\/div>\n<\/div>\n<\/div>\n<\/div>\n<\/div>\n<\/div>\n<div>\n<div id=\"tl_41\">Notre exposition<\/div>\n<\/div>\n<div>\n<div>\n<div>\n<div>\n<div>\n<div>\u00a0<\/div>\n<div>\u00a0<\/div>\n<div>\u00a0<\/div>\n<\/div>\n<\/div>\n<\/div>\n<\/div>\n<\/div>\n<div>\n<div>\n<div>\n<div>\n<div>\n<div>\u00a0<\/div>\n<div>\u00a0<\/div>\n<div>\u00a0<\/div>\n<\/div>\n<\/div>\n<\/div>\n<\/div>\n<\/div>\n<div>\n<div id=\"tl_42\">Nos certifications<\/div>\n<\/div>\n<div>\n<div>\n<div>\n<div>\n<div>\n<div>\u00a0<\/div>\n<div>\u00a0<\/div>\n<div>\u00a0<\/div>\n<div>\u00a0<\/div>\n<\/div>\n<\/div>\n<\/div>\n<\/div>\n<\/div>\n<div>\n<div>\n<div>\n<div>\n<div>\n<div>\u00a0<\/div>\n<div>\u00a0<\/div>\n<div>\u00a0<\/div>\n<div>\u00a0<\/div>\n<\/div>\n<\/div>\n<\/div>\n<\/div>\n<\/div>\n<div>\n<div id=\"tl_43\">FAQ<\/div>\n<\/div>\n<div>\n<div>\n<div>\n<div>\n<div>\n<div><span id=\"tl_44\">1. Quelle est la mini commande ? <br \/>L'ordre de petite tra\u00een\u00e9e est disponible, conteneur de 20 pieds avec deux mod\u00e8les diff\u00e9rents peut \u00eatre m\u00e9lang\u00e9. <br \/>2. Combien de temps dure le d\u00e9lai de livraison ? <br \/>Cela prendra de 7 jours \u00e0 45 jours selon le mod\u00e8le et la quantit\u00e9. <br \/>3. Puis-je commander des pi\u00e8ces de rechange ? <br \/>Nous avons toutes les pi\u00e8ces disponibles pour nos mod\u00e8les. <br \/>4. Que diriez-vous de la garantie ? <br \/>Nous offrons une garantie de 6 mois pour la batterie et le moteur. 6 mois pour le panneau PCB. <br \/>5. Que diriez-vous de l'exp\u00e9dition ? <br \/>Nous pouvons organiser pour exp\u00e9dier le conteneur ou vous pouvez avoir le transitaire. <br \/>6. L'\u00e9chantillon est-il disponible ? <br \/>Oui, l'ordre d'\u00e9chantillon est acceptable. <br \/>7. Quel certificat avez-vous pour Hoverbaord ? <br \/>Tous les produits ont CE , ROHS FCC UL2272 et d'autres certificats. Et rapports d'essais de s\u00e9curit\u00e9 de MSDS,UN38.3 <br \/>Notre usine a le certificat ISO9001. <br \/>8. Puis-je faire OEM pour utiliser mon propre LOGO ou design sur les marchandises ? <br \/>Oui. Lorsque vous avez une commande de grande quantit\u00e9, nous pouvons utiliser votre propre LOGO ou votre manuel de langue, etc.<\/span><\/div>\n<\/div>\n<\/div>\n<\/div>\n<\/div>\n<\/div>\n<\/div>\n<p>\u00a0<\/p>\n<\/div>\n<\/div>","protected":false},"excerpt":{"rendered":"<p>Chimique Hign-concern\u00e9:\u00a0Aucun Certification CE:\u00a0Oui Origine:\u00a0CN (Origine) Place of Origin:\u00a0Zhejiang, China Model Number:\u00a0X5-6.5inch Power:\u00a0201-500w Voltage:\u00a036V Charging Time:\u00a03-4h Foldable:\u00a0na Range Per Charge:\u00a05-10km,<\/p>","protected":false},"featured_media":3763,"comment_status":"open","ping_status":"closed","template":"","meta":[],"product_brand":[],"product_cat":[15],"product_tag":[],"class_list":{"0":"post-3762","1":"product","2":"type-product","3":"status-publish","4":"has-post-thumbnail","6":"product_cat-uncategorized","8":"first","9":"instock","10":"shipping-taxable","11":"purchasable","12":"product-type-variable"},"jetpack_sharing_enabled":true,"_links":{"self":[{"href":"https:\/\/afrycom.com\/fr\/wp-json\/wp\/v2\/product\/3762","targetHints":{"allow":["GET"]}}],"collection":[{"href":"https:\/\/afrycom.com\/fr\/wp-json\/wp\/v2\/product"}],"about":[{"href":"https:\/\/afrycom.com\/fr\/wp-json\/wp\/v2\/types\/product"}],"replies":[{"embeddable":true,"href":"https:\/\/afrycom.com\/fr\/wp-json\/wp\/v2\/comments?post=3762"}],"wp:featuredmedia":[{"embeddable":true,"href":"https:\/\/afrycom.com\/fr\/wp-json\/wp\/v2\/media\/3763"}],"wp:attachment":[{"href":"https:\/\/afrycom.com\/fr\/wp-json\/wp\/v2\/media?parent=3762"}],"wp:term":[{"taxonomy":"product_brand","embeddable":true,"href":"https:\/\/afrycom.com\/fr\/wp-json\/wp\/v2\/product_brand?post=3762"},{"taxonomy":"product_cat","embeddable":true,"href":"https:\/\/afrycom.com\/fr\/wp-json\/wp\/v2\/product_cat?post=3762"},{"taxonomy":"product_tag","embeddable":true,"href":"https:\/\/afrycom.com\/fr\/wp-json\/wp\/v2\/product_tag?post=3762"}],"curies":[{"name":"wp","href":"https:\/\/api.w.org\/{rel}","templated":true}]}}