{"id":3750,"date":"2025-03-08T07:52:09","date_gmt":"2025-03-08T07:52:09","guid":{"rendered":"https:\/\/afrycom.com\/product\/extenseur-de-poignet-de-gymnastique-force-de-prehension-5-100kg-renforcement-des-mains-recuperation-musculaire-reglable-exercice-de-force-des-mains\/"},"modified":"2025-07-14T03:37:48","modified_gmt":"2025-07-14T03:37:48","slug":"extenseur-de-poignet-de-gymnastique-force-de-prehension-5-100kg-renforcement-des-mains-recuperation-musculaire-reglable-exercice-de-force-des-mains","status":"publish","type":"product","link":"https:\/\/afrycom.com\/fr\/produit\/extenseur-de-poignet-de-gymnastique-force-de-prehension-5-100kg-renforcement-des-mains-recuperation-musculaire-reglable-exercice-de-force-des-mains\/","title":{"rendered":"Extenseur de poignet de gymnastique, force de pr\u00e9hension 5-100kg, renforcement des mains, r\u00e9cup\u00e9ration musculaire r\u00e9glable, exercice de force des mains"},"content":{"rendered":"<div class=\"product-specs-list-container\">\n<ul class=\"product-specs-list util-clearfix\">\n<li class=\"product-prop line-limit-length\"><span class=\"property-title\">Chimique Hign-concern\u00e9 :\u00a0<\/span><span class=\"property-desc line-limit-length\">Aucun<\/span><\/li>\n<li class=\"product-prop line-limit-length\"><span class=\"property-title\">Site de formation :\u00a0<\/span><span class=\"property-desc line-limit-length\">BRAS,Main,Poignet<\/span><\/li>\n<li class=\"product-prop line-limit-length\"><span class=\"property-title\">Nom de D\u00e9partement :\u00a0<\/span><span class=\"property-desc line-limit-length\">Unisexe<\/span><\/li>\n<li class=\"product-prop line-limit-length\"><span class=\"property-title\">Fonction :\u00a0<\/span><span class=\"property-desc line-limit-length\">ARMS<\/span><\/li>\n<li class=\"product-prop line-limit-length\"><span class=\"property-title\">Type :\u00a0<\/span><span class=\"property-desc line-limit-length\">Poign\u00e9e \u00e0 main en forme de R<\/span><\/li>\n<li class=\"product-prop line-limit-length\"><span class=\"property-title\">Origine :\u00a0<\/span><span class=\"property-desc line-limit-length\">CN (Origine)<\/span><\/li>\n<li class=\"product-prop line-limit-length\"><span class=\"property-title\">Type de Sport :\u00a0<\/span><span class=\"property-desc line-limit-length\">Entra\u00eenement de musculation<\/span><\/li>\n<\/ul>\n<\/div>\n<div class=\"detailmodule_html\">\n<div class=\"detail-desc-decorate-richtext\">\n<p>Caract\u00e9ristique :<\/p>\n<p>\u2b50.R\u00e9sistance de 5 \u00e0 100 kg : ajustez facilement le niveau de r\u00e9sistance de 5 \u00e0 100 kg, ce qui le rend adapt\u00e9 aux personnes de tous niveaux de forme physique.Le r\u00e9glage rotatif de la fonction d'extension de poignet permet un contr\u00f4le pr\u00e9cis de la r\u00e9sistance, r\u00e9pondant aux besoins de diff\u00e9rentes personnes.<\/p>\n<p>\u2b50.Construction durable en acier inoxydable : fabriqu\u00e9e en acier inoxydable de haute qualit\u00e9, cette pince \u00e0 main d'entra\u00eenement en salle de fitness est r\u00e9sistante \u00e0 l'usure, \u00e0 la rouille et \u00e0 la casse.Le ressort renforc\u00e9 \u00e0 haute r\u00e9sistance assure sa durabilit\u00e9 et sa long\u00e9vit\u00e9.<\/p>\n<p>\u2b50.Conception r\u00e9sistante \u00e0 la sueur et antid\u00e9rapante : la conception ergonomique du renfort de poign\u00e9e pr\u00e9sente une courbure r\u00e9sistante \u00e0 la sueur et antid\u00e9rapante qui s'adapte parfaitement \u00e0 la paume et \u00e0 l'arc des doigts.La poign\u00e9e confortable et antid\u00e9rapante assure une prise s\u00fbre pendant les entra\u00eenements.<\/p>\n<p>\u2b50.Le cadeau parfait pour les amateurs de fitness : cette pince antid\u00e9rapante est un cadeau id\u00e9al pour tous ceux qui aiment le fitness et l'entra\u00eenement en force.Surprenez vos proches avec un outil pratique et efficace pour am\u00e9liorer leur force de pr\u00e9hension et leur forme physique globale.<\/p>\n<p>Sp\u00e9cification :<\/p>\n<p>Couleur (facultatif) : orange\/rouge\/gris.<\/p>\n<p>Taille du produit : 160,00 X 110,00 MM\/6,3 X 4,33 pouces<\/p>\n<p><img decoding=\"async\" src=\"https:\/\/ae01.alicdn.com\/kf\/Sdb33056c3fca4357be4731d8ae471b57I.jpg\" \/><img decoding=\"async\" src=\"https:\/\/ae01.alicdn.com\/kf\/S8e94b0e2a20f484c9dc04b71c8fa56c9i.jpg\" \/><img decoding=\"async\" src=\"https:\/\/ae01.alicdn.com\/kf\/S11549acca3d945ebb772487d4b85b506s.jpg\" \/><img decoding=\"async\" src=\"https:\/\/ae01.alicdn.com\/kf\/Sa39e6916d53f46079a67ff5b00867119o.jpg\" \/><img decoding=\"async\" src=\"https:\/\/ae01.alicdn.com\/kf\/S1f67dd5646f245879aa08ef5d54dcc6dw.jpg\" \/><img decoding=\"async\" src=\"https:\/\/ae01.alicdn.com\/kf\/Sdc6c077d89bc471ba6c255f7709db118y.jpg\" \/><img decoding=\"async\" src=\"https:\/\/ae01.alicdn.com\/kf\/S62c391e756b24bfc8f7f51ab7275eb3fJ.jpg\" \/><\/p>\n<\/div>\n<\/div>","protected":false},"excerpt":{"rendered":"<p>Chimique Hign-concern\u00e9:\u00a0Aucun Site de formation:\u00a0ARMS,Hand,Wrist Nom de D\u00e9partement:\u00a0Unisexe Fonction:\u00a0ARMS Type:\u00a0Poign\u00e9e \u00e0 main en forme de R Origine:\u00a0CN (Origine) Type de<\/p>","protected":false},"featured_media":3751,"comment_status":"open","ping_status":"closed","template":"","meta":[],"product_brand":[],"product_cat":[5757,5747],"product_tag":[],"class_list":{"0":"post-3750","1":"product","2":"type-product","3":"status-publish","4":"has-post-thumbnail","6":"product_cat-dumbbells-kettlebelts-barbells","7":"product_cat-fitness-accessories","9":"first","10":"instock","11":"sale","12":"shipping-taxable","13":"purchasable","14":"product-type-variable"},"jetpack_sharing_enabled":true,"_links":{"self":[{"href":"https:\/\/afrycom.com\/fr\/wp-json\/wp\/v2\/product\/3750","targetHints":{"allow":["GET"]}}],"collection":[{"href":"https:\/\/afrycom.com\/fr\/wp-json\/wp\/v2\/product"}],"about":[{"href":"https:\/\/afrycom.com\/fr\/wp-json\/wp\/v2\/types\/product"}],"replies":[{"embeddable":true,"href":"https:\/\/afrycom.com\/fr\/wp-json\/wp\/v2\/comments?post=3750"}],"wp:featuredmedia":[{"embeddable":true,"href":"https:\/\/afrycom.com\/fr\/wp-json\/wp\/v2\/media\/3751"}],"wp:attachment":[{"href":"https:\/\/afrycom.com\/fr\/wp-json\/wp\/v2\/media?parent=3750"}],"wp:term":[{"taxonomy":"product_brand","embeddable":true,"href":"https:\/\/afrycom.com\/fr\/wp-json\/wp\/v2\/product_brand?post=3750"},{"taxonomy":"product_cat","embeddable":true,"href":"https:\/\/afrycom.com\/fr\/wp-json\/wp\/v2\/product_cat?post=3750"},{"taxonomy":"product_tag","embeddable":true,"href":"https:\/\/afrycom.com\/fr\/wp-json\/wp\/v2\/product_tag?post=3750"}],"curies":[{"name":"wp","href":"https:\/\/api.w.org\/{rel}","templated":true}]}}