{"id":3741,"date":"2025-03-08T07:51:13","date_gmt":"2025-03-08T07:51:13","guid":{"rendered":"https:\/\/afrycom.com\/product\/kensen-rasoirs-electriques-pour-hommes-chauve-6d-rasoir-magnetique-tondeuse-a-cheveux-usb-rechargeable-affichage-led-rasoirs-a-barbe-etanches\/"},"modified":"2025-03-08T07:51:23","modified_gmt":"2025-03-08T07:51:23","slug":"kensen-rasoirs-electriques-pour-hommes-chauve-6d-rasoir-magnetique-tondeuse-a-cheveux-usb-rechargeable-affichage-led-rasoirs-a-barbe-etanches","status":"publish","type":"product","link":"https:\/\/afrycom.com\/fr\/produit\/kensen-rasoirs-electriques-pour-hommes-chauve-6d-rasoir-magnetique-tondeuse-a-cheveux-usb-rechargeable-affichage-led-rasoirs-a-barbe-etanches\/","title":{"rendered":"KENSEN rasoirs \u00e9lectriques pour hommes chauve 6D rasoir magn\u00e9tique tondeuse \u00e0 cheveux USB Rechargeable affichage LED rasoirs \u00e0 barbe \u00e9tanches"},"content":{"rendered":"<div class=\"product-specs-list-container\">\n<ul class=\"product-specs-list util-clearfix\">\n<li class=\"product-prop line-limit-length\"><span\n                                        class=\"property-title\">Chimique Hign-concern\u00e9 :&nbsp;<\/span><span\n                                        class=\"property-desc line-limit-length\">Aucun<\/span>\n                            <\/li>\n<li class=\"product-prop line-limit-length\"><span\n                                        class=\"property-title\">Mat\u00e9riau de la lame :&nbsp;<\/span><span\n                                        class=\"property-desc line-limit-length\">Acier inoxydable<\/span>\n                            <\/li>\n<li class=\"product-prop line-limit-length\"><span\n                                        class=\"property-title\">Fonction :&nbsp;<\/span><span\n                                        class=\"property-desc line-limit-length\">T\u00eate flottante,Rasage humide,Rasage \u00e0 sec,Charge rapide,Indication de charge<\/span>\n                            <\/li>\n<li class=\"product-prop line-limit-length\"><span\n                                        class=\"property-title\">Type de buse:&nbsp;<\/span><span\n                                        class=\"property-desc line-limit-length\">autres<\/span>\n                            <\/li>\n<li class=\"product-prop line-limit-length\"><span\n                                        class=\"property-title\">Nombre de bus :&nbsp;<\/span><span\n                                        class=\"property-desc line-limit-length\">1 &#8211; 2 pcs<\/span>\n                            <\/li>\n<li class=\"product-prop line-limit-length\"><span\n                                        class=\"property-title\">Type de rasoir :&nbsp;<\/span><span\n                                        class=\"property-desc line-limit-length\">Maille<\/span>\n                            <\/li>\n<li class=\"product-prop line-limit-length\"><span\n                                        class=\"property-title\">Taille :&nbsp;<\/span><span\n                                        class=\"property-desc line-limit-length\">82 x 82 x 69mm<\/span>\n                            <\/li>\n<li class=\"product-prop line-limit-length\"><span\n                                        class=\"property-title\">Mat\u00e9riau :&nbsp;<\/span><span\n                                        class=\"property-desc line-limit-length\">ABS<\/span>\n                            <\/li>\n<li class=\"product-prop line-limit-length\"><span\n                                        class=\"property-title\">Num\u00e9ro de Mod\u00e8le :&nbsp;<\/span><span\n                                        class=\"property-desc line-limit-length\">FK-8750<\/span>\n                            <\/li>\n<li class=\"product-prop line-limit-length\"><span\n                                        class=\"property-title\">La tension :&nbsp;<\/span><span\n                                        class=\"property-desc line-limit-length\">Universel ( 100 - 240 V )<\/span>\n                            <\/li>\n<li class=\"product-prop line-limit-length\"><span\n                                        class=\"property-title\">Temps de Charge :&nbsp;<\/span><span\n                                        class=\"property-desc line-limit-length\">2H<\/span>\n                            <\/li>\n<li class=\"product-prop line-limit-length\"><span\n                                        class=\"property-title\">Avec dispositif d&#039;\u00e9barbage:&nbsp;<\/span><span\n                                        class=\"property-desc line-limit-length\">Pas de<\/span>\n                            <\/li>\n<li class=\"product-prop line-limit-length\"><span\n                                        class=\"property-title\">Mode de lavage :&nbsp;<\/span><span\n                                        class=\"property-desc line-limit-length\">Lavage du corps entier<\/span>\n                            <\/li>\n<li class=\"product-prop line-limit-length\"><span\n                                        class=\"property-title\">Temps de commercialisation:&nbsp;<\/span><span\n                                        class=\"property-desc line-limit-length\">2020<\/span>\n                            <\/li>\n<li class=\"product-prop line-limit-length\"><span\n                                        class=\"property-title\">Temps d'utilisation :&nbsp;<\/span><span\n                                        class=\"property-desc line-limit-length\">120 Minutes<\/span>\n                            <\/li>\n<li class=\"product-prop line-limit-length\"><span\n                                        class=\"property-title\">Utiliser :&nbsp;<\/span><span\n                                        class=\"property-desc line-limit-length\">Visage<\/span>\n                            <\/li>\n<li class=\"product-prop line-limit-length\"><span\n                                        class=\"property-title\">Caract\u00e9ristique :&nbsp;<\/span><span\n                                        class=\"property-desc line-limit-length\">Une seule lame<\/span>\n                            <\/li>\n<li class=\"product-prop line-limit-length\"><span\n                                        class=\"property-title\">Type D&#039;alimentation:&nbsp;<\/span><span\n                                        class=\"property-desc line-limit-length\">Batterie<\/span>\n                            <\/li>\n<li class=\"product-prop line-limit-length\"><span\n                                        class=\"property-title\">Sexe :&nbsp;<\/span><span\n                                        class=\"property-desc line-limit-length\">M\u00e2le<\/span>\n                            <\/li>\n<li class=\"product-prop line-limit-length\"><span\n                                        class=\"property-title\">Nom de marque :&nbsp;<\/span><span\n                                        class=\"property-desc line-limit-length\">kensen<\/span>\n                            <\/li>\n<li class=\"product-prop line-limit-length\"><span\n                                        class=\"property-title\">Origine :&nbsp;<\/span><span\n                                        class=\"property-desc line-limit-length\">CN (Origine)<\/span>\n                            <\/li>\n<li class=\"product-prop line-limit-length\"><span\n                                        class=\"property-title\">Type d'article :&nbsp;<\/span><span\n                                        class=\"property-desc line-limit-length\">Rasoir \u00e9lectrique<\/span>\n                            <\/li>\n<li class=\"product-prop line-limit-length\"><span\n                                        class=\"property-title\">Certification :&nbsp;<\/span><span\n                                        class=\"property-desc line-limit-length\">CE<\/span>\n                            <\/li>\n<li class=\"product-prop line-limit-length\"><span\n                                        class=\"property-title\">Nom :&nbsp;<\/span><span\n                                        class=\"property-desc line-limit-length\">Head Shaver<\/span>\n                            <\/li>\n<li class=\"product-prop line-limit-length\"><span\n                                        class=\"property-title\">Tension :&nbsp;<\/span><span\n                                        class=\"property-desc line-limit-length\">5V\/1A<\/span>\n                            <\/li>\n<li class=\"product-prop line-limit-length\"><span\n                                        class=\"property-title\">Battery Capacity:&nbsp;<\/span><span\n                                        class=\"property-desc line-limit-length\">1400mAh<\/span>\n                            <\/li>\n<li class=\"product-prop line-limit-length\"><span\n                                        class=\"property-title\">Puissance :&nbsp;<\/span><span\n                                        class=\"property-desc line-limit-length\">5W<\/span>\n                            <\/li>\n<li class=\"product-prop line-limit-length\"><span\n                                        class=\"property-title\">Mat\u00e9riau :&nbsp;<\/span><span\n                                        class=\"property-desc line-limit-length\">ABS<\/span>\n                            <\/li>\n<li class=\"product-prop line-limit-length\"><span\n                                        class=\"property-title\">Waterproof:&nbsp;<\/span><span\n                                        class=\"property-desc line-limit-length\">IPX6<\/span>\n                            <\/li>\n<li class=\"product-prop line-limit-length\"><span\n                                        class=\"property-title\">Poids :&nbsp;<\/span><span\n                                        class=\"property-desc line-limit-length\">192g<\/span>\n                            <\/li>\n<li class=\"product-prop line-limit-length\"><span\n                                        class=\"property-title\">Taille :&nbsp;<\/span><span\n                                        class=\"property-desc line-limit-length\">82 x 82 x 69mm<\/span>\n                            <\/li>\n<li class=\"product-prop line-limit-length\"><span\n                                        class=\"property-title\">Feature 01:&nbsp;<\/span><span\n                                        class=\"property-desc line-limit-length\">Head Shaver for Bald Men<\/span>\n                            <\/li>\n<li class=\"product-prop line-limit-length\"><span\n                                        class=\"property-title\">Feature 02:&nbsp;<\/span><span\n                                        class=\"property-desc line-limit-length\">electric shavers for men<\/span>\n                            <\/li>\n<li class=\"product-prop line-limit-length\"><span\n                                        class=\"property-title\">Feature 03:&nbsp;<\/span><span\n                                        class=\"property-desc line-limit-length\">razor for shaving men<\/span>\n                            <\/li>\n<li class=\"product-prop line-limit-length\"><span\n                                        class=\"property-title\">Feature 04:&nbsp;<\/span><span\n                                        class=\"property-desc line-limit-length\">head razor for men waterproof<\/span>\n                            <\/li>\n<li class=\"product-prop line-limit-length\"><span\n                                        class=\"property-title\">Feature 05:&nbsp;<\/span><span\n                                        class=\"property-desc line-limit-length\">electric head shaver razor<\/span>\n                            <\/li>\n<li class=\"product-prop line-limit-length\"><span\n                                        class=\"property-title\">Feature 06:&nbsp;<\/span><span\n                                        class=\"property-desc line-limit-length\">electric razor for men usb c<\/span>\n                            <\/li>\n<li class=\"product-prop line-limit-length\"><span\n                                        class=\"property-title\">Feature 07:&nbsp;<\/span><span\n                                        class=\"property-desc line-limit-length\">electric shaver with led display<\/span>\n                            <\/li>\n<li class=\"product-prop line-limit-length\"><span\n                                        class=\"property-title\">Feature 08:&nbsp;<\/span><span\n                                        class=\"property-desc line-limit-length\">shaver free shipping sale<\/span>\n                            <\/li>\n<li class=\"product-prop line-limit-length\"><span\n                                        class=\"property-title\">Feature 09:&nbsp;<\/span><span\n                                        class=\"property-desc line-limit-length\">shaving machine for man\/men&#039;s electric shaver<\/span>\n                            <\/li>\n<li class=\"product-prop line-limit-length\"><span\n                                        class=\"property-title\">Caract\u00e9ristique 10 :&nbsp;<\/span><span\n                                        class=\"property-desc line-limit-length\">Shaving machines\/shaver electric men<\/span>\n                            <\/li>\n<\/ul><\/div>\n<div class=\"detailmodule_html\">\n<div class=\"detail-desc-decorate-richtext\"><\/p>\n<p><kse:widget data-widget-type=\"customText\" id=\"1005000004416457\" type=\"relation\"><\/kse:widget><\/p>\n<p><\/p>\n<div class=\"detailmodule_media\">\n<div class=\"video-container-5000127106535\">\n<div class=\"detail-video\" id=\"5000127106535\" data-previewurl=\"https:\/\/ae01.alicdn.com\/kf\/S9d23519e555d4bc3ad06e214a3aaa2dcn.jpg\"><\/div>\n<\/div>\n<\/div>\n<p><\/p>\n<p><span style=\"font-size:18px\"><strong>KENSEN \u2013 rasoir \u00e9lectrique pour hommes chauves, rasoir magn\u00e9tique 6D, tondeuse \u00e0 cheveux, Rechargeable par USB, affichage LED, \u00e9tanche, pour barbe<\/strong><\/span><\/p>\n<p><\/p>\n<p style=\"text-align:left\" align=\"left\"><strong><span style=\"font-size:18px\">Article :<\/span><\/strong><\/p>\n<p style=\"text-align:left\" align=\"left\"><span style=\"font-size:18px\">Nom : rasoir de t\u00eate.<\/span><\/p>\n<p><span style=\"font-size:18px\">Mod\u00e8le : FK-8750<\/span><\/p>\n<p><span style=\"font-size:18px\">Tension : 5 V\/1 A.<\/span><\/p>\n<p><span style=\"font-size:18px\">Capacit\u00e9 de la batterie : 1400 mAh<\/span><\/p>\n<p><span style=\"font-size:18px\">Puissance : 5 W<\/span><\/p>\n<p><span style=\"font-size:18px\">Mat\u00e9riel : ABS<\/span><\/p>\n<p><span style=\"font-size:18px\">Degr\u00e9 d&#8217;\u00e9tanch\u00e9it\u00e9 : IPX6<\/span><\/p>\n<p><span style=\"font-size:18px\">Poids : env.192g<\/span><\/p>\n<p><span style=\"font-size:18px\">Temps de charge : env.2 heures<\/span><\/p>\n<p><span style=\"font-size:18px\">Taille : env.82x82x69mm<\/span><\/p>\n<p><\/p>\n<p><span style=\"font-size:18px\"><strong>Caract\u00e9ristique :<\/strong><\/span><\/p>\n<p><span style=\"font-size:18px\">1.[Lame flottante 6D] nous avons 6 t\u00eates de lame flottantes ind\u00e9pendantes, qui peuvent s&#8217;adapter \u00e0 la peau \u00e0 360\u00b0\u00b0 dans toutes les directions, vous permettant de profiter du processus de rasage ;<\/span><\/p>\n<p><span style=\"font-size:18px\">2.[160 minutes d&#8217;utilisation] Avec une batterie plus grande, il prend en charge la charge pendant l&#8217;utilisation et peut \u00eatre compl\u00e8tement charg\u00e9 en seulement 2 heures ;<\/span><\/p>\n<p><span style=\"font-size:18px\">3.[T\u00eate de lame magn\u00e9tique] La m\u00eame conception de t\u00eate de lame magn\u00e9tique, la t\u00eate de lame est int\u00e9gr\u00e9e, combin\u00e9e \u00e0 la conception magn\u00e9tique, facile \u00e0 d\u00e9monter ; plus facile \u00e0 nettoyer.<\/span><\/p>\n<p><span style=\"font-size:18px\">4.[Conception int\u00e9gr\u00e9e simple] Contr\u00f4le pr\u00e9cis, montrant la masculinit\u00e9 ;<\/span><\/p>\n<p><span style=\"font-size:18px\">5.[Affichage LED intelligent] Il dispose \u00e9galement d&#8217;un affichage num\u00e9rique LED, qui peut afficher la puissance, le verrouillage de voyage et l&#8217;indication de charge ; vous permettant de comprendre plus facilement l&#8217;\u00e9tat du rasoir.<\/span><\/p>\n<p><span style=\"font-size:18px\">6.[Support IPX6 \u00e9tanche] Prend en charge le rasage humide et sec, rin\u00e7age s\u00fbr, propre et hygi\u00e9nique.<\/span><\/p>\n<p><img decoding=\"async\" src=\"https:\/\/ae01.alicdn.com\/kf\/S616ce0a4422348d3ad1932f4bf6cc3b5e.png\" slate-data-type=\"image\"><img decoding=\"async\" src=\"https:\/\/ae01.alicdn.com\/kf\/Scd3178ee4d754e3dac74a5bb4c384771i.png\" slate-data-type=\"image\"><img decoding=\"async\" src=\"https:\/\/ae01.alicdn.com\/kf\/Sfc2597248e794cbe9f51c022d184a01es.png\" slate-data-type=\"image\"><img decoding=\"async\" src=\"https:\/\/ae01.alicdn.com\/kf\/S4a1576e608634a6abcbdd56d88b16dae2.png\" slate-data-type=\"image\"><img decoding=\"async\" src=\"https:\/\/ae01.alicdn.com\/kf\/S2ce1bd9f839f475aa456502d9e2be18cH.png\" slate-data-type=\"image\"><img decoding=\"async\" src=\"https:\/\/ae01.alicdn.com\/kf\/Sfac5f45cc72d425ca7ed66c9686b2f74f.png\" slate-data-type=\"image\"><img decoding=\"async\" src=\"https:\/\/ae01.alicdn.com\/kf\/S4ac1443140f14c44807979f5b7cc97db2.png\" slate-data-type=\"image\"><img decoding=\"async\" src=\"https:\/\/ae01.alicdn.com\/kf\/Sbbeec6a964024691bb8baf6e2e038ea5r.png\" slate-data-type=\"image\"><img decoding=\"async\" src=\"https:\/\/ae01.alicdn.com\/kf\/Sba4cf9cdae624b309290deaec26c2861m.png\" slate-data-type=\"image\"><\/p>\n<p><\/p>\n<p><span style=\"font-size:18px\"><strong>FAQ :<\/strong><\/span><\/p>\n<p><strong>Q : Le produit ne fonctionne pas correctement.Que dois-je faire?<\/strong><\/p>\n<p>R : Il existe deux possibilit\u00e9s.<\/p>\n<p>(1) La lame de la t\u00eate peut rester coinc\u00e9e dans les cheveux, veuillez nettoyer l&#8217;int\u00e9rieur et l&#8217;ext\u00e9rieur de la t\u00eate avec une brosse de nettoyage et r\u00e9essayer.<\/p>\n<p>(2) La batterie est insuffisante ou la charge \u00e9lectrique est \u00e9puis\u00e9e, veuillez la charger compl\u00e8tement et r\u00e9essayer.<\/p>\n<p><\/p>\n<p><strong>Q : J&#8217;ai entendu un bruit inhabituel pendant l&#8217;utilisation.Que dois-je faire?<\/strong><\/p>\n<p>R : Si vous constatez un bruit inhabituel, coupez imm\u00e9diatement l&#8217;alimentation et v\u00e9rifiez si la lame est d\u00e9form\u00e9e ou endommag\u00e9e.<\/p>\n<p><strong>Q : La lame du rasoir peut-elle \u00eatre lav\u00e9e \u00e0 l&#8217;eau?Est-ce qu&#8217;il rouillera apr\u00e8s le lavage \u00e0 l&#8217;eau?<\/strong><\/p>\n<p>R : Vous pouvez le laver \u00e0 l\u2019eau. Le corps est \u00e9tanche IPX6. Apr\u00e8s l&#8217;avoir lav\u00e9 \u00e0 l&#8217;eau, veuillez l&#8217;essuyer avec un chiffon ou un mouchoir, il ne rouillera pas.<\/p>\n<p><kse:widget data-widget-type=\"customText\" id=\"1005000004104408\" type=\"custom\"><\/kse:widget><\/p>\n<p><\/p>\n<p><\/div>\n<\/div>","protected":false},"excerpt":{"rendered":"<p>Chimique Hign-concern\u00e9:&nbsp;Aucun Mat\u00e9riau de la lame:&nbsp;Acier inoxydable Fonction:&nbsp;T\u00eate flottante,Rasage humide,Rasage \u00e0 sec,Charge rapide,Indication de charge Type de buse:&nbsp;other Nombre de<\/p>","protected":false},"featured_media":3742,"comment_status":"open","ping_status":"closed","template":"","meta":[],"product_brand":[],"product_cat":[15],"product_tag":[],"class_list":{"0":"post-3741","1":"product","2":"type-product","3":"status-publish","4":"has-post-thumbnail","6":"product_cat-uncategorized","8":"first","9":"instock","10":"sale","11":"shipping-taxable","12":"purchasable","13":"product-type-variable"},"jetpack_sharing_enabled":true,"_links":{"self":[{"href":"https:\/\/afrycom.com\/fr\/wp-json\/wp\/v2\/product\/3741","targetHints":{"allow":["GET"]}}],"collection":[{"href":"https:\/\/afrycom.com\/fr\/wp-json\/wp\/v2\/product"}],"about":[{"href":"https:\/\/afrycom.com\/fr\/wp-json\/wp\/v2\/types\/product"}],"replies":[{"embeddable":true,"href":"https:\/\/afrycom.com\/fr\/wp-json\/wp\/v2\/comments?post=3741"}],"wp:featuredmedia":[{"embeddable":true,"href":"https:\/\/afrycom.com\/fr\/wp-json\/wp\/v2\/media\/3742"}],"wp:attachment":[{"href":"https:\/\/afrycom.com\/fr\/wp-json\/wp\/v2\/media?parent=3741"}],"wp:term":[{"taxonomy":"product_brand","embeddable":true,"href":"https:\/\/afrycom.com\/fr\/wp-json\/wp\/v2\/product_brand?post=3741"},{"taxonomy":"product_cat","embeddable":true,"href":"https:\/\/afrycom.com\/fr\/wp-json\/wp\/v2\/product_cat?post=3741"},{"taxonomy":"product_tag","embeddable":true,"href":"https:\/\/afrycom.com\/fr\/wp-json\/wp\/v2\/product_tag?post=3741"}],"curies":[{"name":"wp","href":"https:\/\/api.w.org\/{rel}","templated":true}]}}