{"id":3737,"date":"2025-03-08T07:50:59","date_gmt":"2025-03-08T07:50:59","guid":{"rendered":"https:\/\/afrycom.com\/product\/sejoy-kit-de-rasoir-a-barbe-electrique-6-en-1-pour-hommes-et-femmes-tondeuse-a-cheveux-antarctiques-rasoir-a-favoris-rasoir-corporel-portable-ipx5\/"},"modified":"2025-03-08T07:51:02","modified_gmt":"2025-03-08T07:51:02","slug":"sejoy-kit-de-rasoir-a-barbe-electrique-6-en-1-pour-hommes-et-femmes-tondeuse-a-cheveux-antarctiques-rasoir-a-favoris-rasoir-corporel-portable-ipx5","status":"publish","type":"product","link":"https:\/\/afrycom.com\/fr\/produit\/sejoy-kit-de-rasoir-a-barbe-electrique-6-en-1-pour-hommes-et-femmes-tondeuse-a-cheveux-antarctiques-rasoir-a-favoris-rasoir-corporel-portable-ipx5\/","title":{"rendered":"Sejoy-Kit de rasoir \u00e0 barbe \u00e9lectrique 6 en 1 pour hommes et femmes, tondeuse \u00e0 cheveux antarctiques, rasoir \u00e0 favoris, rasoir corporel portable IPX5"},"content":{"rendered":"<div class=\"product-specs-list-container\">\n<ul class=\"product-specs-list util-clearfix\">\n<li class=\"product-prop line-limit-length\"><span class=\"property-title\">Chimique Hign-concern\u00e9 :\u00a0<\/span><span class=\"property-desc line-limit-length\">Aucun<\/span><\/li>\n<li class=\"product-prop line-limit-length\"><span class=\"property-title\">Autonomie de la batterie:\u00a0<\/span><span class=\"property-desc line-limit-length\">51 &#8211; 90 minutes<\/span><\/li>\n<li class=\"product-prop line-limit-length\"><span class=\"property-title\">Type de puissance:\u00a0<\/span><span class=\"property-desc line-limit-length\">Fonctionne sur batterie ou sur secteur<\/span><\/li>\n<li class=\"product-prop line-limit-length\"><span class=\"property-title\">Fonction :\u00a0<\/span><span class=\"property-desc line-limit-length\">Humide coupe,S\u00e8che cheveux,Lavage couteaux sous Eau,Charge rapide,Indication de charge<\/span><\/li>\n<li class=\"product-prop line-limit-length\"><span class=\"property-title\">Longueur m\u00e9thode d&#8217;ajustement:\u00a0<\/span><span class=\"property-desc line-limit-length\">Changement de buses<\/span><\/li>\n<li class=\"product-prop line-limit-length\"><span class=\"property-title\">Nombre de bus :\u00a0<\/span><span class=\"property-desc line-limit-length\">5 pi\u00e8ces ou plus<\/span><\/li>\n<li class=\"product-prop line-limit-length\"><span class=\"property-title\">But:\u00a0<\/span><span class=\"property-desc line-limit-length\">Pour nez et oreilles,Pour la zone du bikini,Pour la barbe et moustache,Pour le corps,Pour les sourcils<\/span><\/li>\n<li class=\"product-prop line-limit-length\"><span class=\"property-title\">Certification de Qualit\u00e9 des Produits :\u00a0<\/span><span class=\"property-desc line-limit-length\">ce<\/span><\/li>\n<li class=\"product-prop line-limit-length\"><span class=\"property-title\">Nom de marque :\u00a0<\/span><span class=\"property-desc line-limit-length\">sejoy<\/span><\/li>\n<li class=\"product-prop line-limit-length\"><span class=\"property-title\">Origine :\u00a0<\/span><span class=\"property-desc line-limit-length\">CN (Origine)<\/span><\/li>\n<li class=\"product-prop line-limit-length\"><span class=\"property-title\">Certification :\u00a0<\/span><span class=\"property-desc line-limit-length\">CE<\/span><\/li>\n<li class=\"product-prop line-limit-length\"><span class=\"property-title\">Type d'article :\u00a0<\/span><span class=\"property-desc line-limit-length\">Tondeuse \u00e0 cheveux<\/span><\/li>\n<\/ul>\n<\/div>\n<div class=\"detailmodule_html\">\n<div class=\"detail-desc-decorate-richtext\">\n<p id=\"tl_1\">Instructions:<\/p>\n<p id=\"tl_2\">Couleur : noir<\/p>\n<p id=\"tl_3\">Tension nominale: 1.5V<\/p>\n<p id=\"tl_4\">Batterie: AAA * 1<\/p>\n<p id=\"tl_5\">Poids net: 73g<\/p>\n<p id=\"tl_6\">Taille du produit: 125*28*28mm<\/p>\n<p id=\"tl_7\">Une batterie dure 365 jours<\/p>\n<p>\u00a0<\/p>\n<p><img decoding=\"async\" src=\"https:\/\/ae01.alicdn.com\/kf\/Sb393e4ea6782425b930e31aac929b6357.jpg\" \/><img decoding=\"async\" src=\"https:\/\/ae01.alicdn.com\/kf\/S60af09e34bda4594a8c909d30d61ec6aD.jpg\" \/><img decoding=\"async\" src=\"https:\/\/ae01.alicdn.com\/kf\/Sc135c5c35ff84ad69dc9a7aedabc4db74.jpg\" \/><img decoding=\"async\" src=\"https:\/\/ae01.alicdn.com\/kf\/Se6e8663d598e4f3e91edca68ae2546df8.jpg\" \/><img decoding=\"async\" src=\"https:\/\/ae01.alicdn.com\/kf\/Sffda55e4201e47cc897af74019be5907m.jpg\" \/><img decoding=\"async\" src=\"https:\/\/ae01.alicdn.com\/kf\/Se61b3564ffe0463ca14dfe4126158ee0H.jpg\" \/><img decoding=\"async\" src=\"https:\/\/ae01.alicdn.com\/kf\/S7b80f5f1cfa94b4cbf3529ac648ea63eN.jpg\" \/><img decoding=\"async\" src=\"https:\/\/ae01.alicdn.com\/kf\/Sfa3b8508c7154ae9b937d093a06b0d1bj.jpg\" \/><img decoding=\"async\" src=\"https:\/\/ae01.alicdn.com\/kf\/S068424266d3b497c9b3be2b764aad378O.jpg\" \/><img decoding=\"async\" src=\"https:\/\/ae01.alicdn.com\/kf\/S27eb4d8435334fcaa21e010eafc7c02ax.jpg\" \/><img decoding=\"async\" src=\"https:\/\/ae01.alicdn.com\/kf\/S4a62faf116344c6a8fa80577a4be31e0g.jpg\" \/><img decoding=\"async\" src=\"https:\/\/ae01.alicdn.com\/kf\/S93f1778e9197496b86638c927f972538Y.jpg\" \/><\/p>\n<\/div>\n<\/div>","protected":false},"excerpt":{"rendered":"<p>Chimique Hign-concern\u00e9:\u00a0Aucun Autonomie de la batterie:\u00a051 &#8211; 90 minutes Type de puissance:\u00a0Fonctionne sur batterie ou sur secteur Fonction:\u00a0Humide coupe,S\u00e8che cheveux,Lavage<\/p>","protected":false},"featured_media":3738,"comment_status":"open","ping_status":"closed","template":"","meta":[],"product_brand":[],"product_cat":[15],"product_tag":[],"class_list":{"0":"post-3737","1":"product","2":"type-product","3":"status-publish","4":"has-post-thumbnail","6":"product_cat-uncategorized","8":"first","9":"instock","10":"sale","11":"shipping-taxable","12":"purchasable","13":"product-type-variable"},"jetpack_sharing_enabled":true,"_links":{"self":[{"href":"https:\/\/afrycom.com\/fr\/wp-json\/wp\/v2\/product\/3737","targetHints":{"allow":["GET"]}}],"collection":[{"href":"https:\/\/afrycom.com\/fr\/wp-json\/wp\/v2\/product"}],"about":[{"href":"https:\/\/afrycom.com\/fr\/wp-json\/wp\/v2\/types\/product"}],"replies":[{"embeddable":true,"href":"https:\/\/afrycom.com\/fr\/wp-json\/wp\/v2\/comments?post=3737"}],"wp:featuredmedia":[{"embeddable":true,"href":"https:\/\/afrycom.com\/fr\/wp-json\/wp\/v2\/media\/3738"}],"wp:attachment":[{"href":"https:\/\/afrycom.com\/fr\/wp-json\/wp\/v2\/media?parent=3737"}],"wp:term":[{"taxonomy":"product_brand","embeddable":true,"href":"https:\/\/afrycom.com\/fr\/wp-json\/wp\/v2\/product_brand?post=3737"},{"taxonomy":"product_cat","embeddable":true,"href":"https:\/\/afrycom.com\/fr\/wp-json\/wp\/v2\/product_cat?post=3737"},{"taxonomy":"product_tag","embeddable":true,"href":"https:\/\/afrycom.com\/fr\/wp-json\/wp\/v2\/product_tag?post=3737"}],"curies":[{"name":"wp","href":"https:\/\/api.w.org\/{rel}","templated":true}]}}