{"id":3718,"date":"2025-03-08T07:49:34","date_gmt":"2025-03-08T07:49:34","guid":{"rendered":"https:\/\/afrycom.com\/product\/semnlan-support-de-bras-de-fleche-de-microphone-avec-ordinateur-de-bureau-professionnel-jeu-mobile-enregistrement-en-direct-reglable-en-porte-a-faux-robuste-lm01\/"},"modified":"2025-03-08T07:49:42","modified_gmt":"2025-03-08T07:49:42","slug":"semnlan-support-de-bras-de-fleche-de-microphone-avec-ordinateur-de-bureau-professionnel-jeu-mobile-enregistrement-en-direct-reglable-en-porte-a-faux-robuste-lm01","status":"publish","type":"product","link":"https:\/\/afrycom.com\/fr\/produit\/semnlan-support-de-bras-de-fleche-de-microphone-avec-ordinateur-de-bureau-professionnel-jeu-mobile-enregistrement-en-direct-reglable-en-porte-a-faux-robuste-lm01\/","title":{"rendered":"SEMNLAN support de bras de fl\u00e8che de Microphone avec ordinateur de bureau professionnel jeu Mobile enregistrement en direct r\u00e9glable en porte-\u00e0-faux robuste LM01"},"content":{"rendered":"<div class=\"product-specs-list-container\">\n<ul class=\"product-specs-list util-clearfix\">\n<li class=\"product-prop line-limit-length\"><span\n                                        class=\"property-title\">Chimique Hign-concern\u00e9 :&nbsp;<\/span><span\n                                        class=\"property-desc line-limit-length\">Aucun<\/span>\n                            <\/li>\n<li class=\"product-prop line-limit-length\"><span\n                                        class=\"property-title\">Num\u00e9ro de Mod\u00e8le :&nbsp;<\/span><span\n                                        class=\"property-desc line-limit-length\">LM01<\/span>\n                            <\/li>\n<li class=\"product-prop line-limit-length\"><span\n                                        class=\"property-title\">Nom de marque :&nbsp;<\/span><span\n                                        class=\"property-desc line-limit-length\">SEMNLAN<\/span>\n                            <\/li>\n<li class=\"product-prop line-limit-length\"><span\n                                        class=\"property-title\">Origine :&nbsp;<\/span><span\n                                        class=\"property-desc line-limit-length\">CN (Origine)<\/span>\n                            <\/li>\n<\/ul><\/div>\n<div class=\"detailmodule_dynamic\"><kse:widget data-widget-type=\"relatedProduct\" id=\"1005000010769602\" title=\"\" type=\"relation\"><\/kse:widget><\/div>\n<div class=\"detailmodule_html\">\n<div class=\"detail-desc-decorate-richtext\">\n<div class=\"detailmodule_dynamic\"><kse:widget data-widget-type=\"relatedProduct\" id=\"1005000010769602\" title=\"\" type=\"relation\"><\/kse:widget><\/div>\n<div class=\"detailmodule_html\">\n<div class=\"detail-desc-decorate-richtext\">\n<p style=\"font-family:&quot;Open Sans&quot;, Roboto, Arial, Helvetica, sans-serif, SimSun;font-size:14px;font-weight:400;letter-spacing:normal;line-height:inherit;text-align:start;white-space:normal;color:rgb(34, 34, 34);margin:0px;margin-bottom:0px;margin-top:0px;margin-left:0px;margin-right:0px;padding:0px;padding-bottom:0px;padding-top:0px;padding-left:0px;padding-right:0px;box-sizing:border-box\" align=\"start\"><strong><span style=\"color:rgb(115, 216, 255);font-size:32px\"><\/span><\/strong><strong><span style=\"color:rgb(115, 216, 255);font-size:32px\">Support de microphone SEMNLAN LM01<\/span><\/strong><\/p>\n<p><\/p>\n<p><span style=\"font-size:26px\">Qualit\u00e9 de la marque SEMNLAN : si vous avez des questions sur nos produits, n&#8217;h\u00e9sitez pas \u00e0 nous contacter. Nous vous fournirons le meilleur service de vente!<\/span><\/p>\n<p><img decoding=\"async\" src=\"https:\/\/ae01.alicdn.com\/kf\/Sc05d3c28de794bba8d40862c55cd99e1I.jpg\" slate-data-type=\"image\"><img decoding=\"async\" src=\"https:\/\/ae01.alicdn.com\/kf\/S69562fb97e6f4f58874b155b114b79edJ.jpg\" slate-data-type=\"image\"><img decoding=\"async\" src=\"https:\/\/ae01.alicdn.com\/kf\/S30bb05519b20478faac06793b729e0bfu.jpg\" slate-data-type=\"image\"><img decoding=\"async\" src=\"https:\/\/ae01.alicdn.com\/kf\/S441a4166e5ce476db3ae33486f3ffa4df.jpg\" slate-data-type=\"image\"><img decoding=\"async\" src=\"https:\/\/ae01.alicdn.com\/kf\/S793d0eee07424c3ebaf297d531a514b2j.jpg\" slate-data-type=\"image\"><\/p>\n<\/div>\n<\/div>\n<\/div>\n<\/div>","protected":false},"excerpt":{"rendered":"<p>Chimique Hign-concern\u00e9:&nbsp;Aucun Num\u00e9ro de Mod\u00e8le:&nbsp;LM01 Nom de marque:&nbsp;SEMNLAN Origine:&nbsp;CN (Origine) Support de microphone SEMNLAN LM01 Qualit\u00e9 de la marque SEMNLAN<\/p>","protected":false},"featured_media":3719,"comment_status":"open","ping_status":"closed","template":"","meta":[],"product_brand":[],"product_cat":[15],"product_tag":[],"class_list":{"0":"post-3718","1":"product","2":"type-product","3":"status-publish","4":"has-post-thumbnail","6":"product_cat-uncategorized","8":"first","9":"instock","10":"shipping-taxable","11":"purchasable","12":"product-type-variable"},"jetpack_sharing_enabled":true,"_links":{"self":[{"href":"https:\/\/afrycom.com\/fr\/wp-json\/wp\/v2\/product\/3718","targetHints":{"allow":["GET"]}}],"collection":[{"href":"https:\/\/afrycom.com\/fr\/wp-json\/wp\/v2\/product"}],"about":[{"href":"https:\/\/afrycom.com\/fr\/wp-json\/wp\/v2\/types\/product"}],"replies":[{"embeddable":true,"href":"https:\/\/afrycom.com\/fr\/wp-json\/wp\/v2\/comments?post=3718"}],"wp:featuredmedia":[{"embeddable":true,"href":"https:\/\/afrycom.com\/fr\/wp-json\/wp\/v2\/media\/3719"}],"wp:attachment":[{"href":"https:\/\/afrycom.com\/fr\/wp-json\/wp\/v2\/media?parent=3718"}],"wp:term":[{"taxonomy":"product_brand","embeddable":true,"href":"https:\/\/afrycom.com\/fr\/wp-json\/wp\/v2\/product_brand?post=3718"},{"taxonomy":"product_cat","embeddable":true,"href":"https:\/\/afrycom.com\/fr\/wp-json\/wp\/v2\/product_cat?post=3718"},{"taxonomy":"product_tag","embeddable":true,"href":"https:\/\/afrycom.com\/fr\/wp-json\/wp\/v2\/product_tag?post=3718"}],"curies":[{"name":"wp","href":"https:\/\/api.w.org\/{rel}","templated":true}]}}