{"id":3697,"date":"2025-03-08T07:49:26","date_gmt":"2025-03-08T07:49:26","guid":{"rendered":"https:\/\/afrycom.com\/product\/szuk-mini-aspirateur-le-plus-vendu-2025-nouveau-aspirateur-sans-fil-985000pa-aspirateur-pour-voiture-puissantportable-aspirateur-a-main-portatif-avec-depoussierage-en-un-clic-et-brosses-multifonct\/"},"modified":"2025-03-08T07:49:32","modified_gmt":"2025-03-08T07:49:32","slug":"szuk-mini-aspirateur-le-plus-vendu-2025-nouveau-aspirateur-sans-fil-985000pa-aspirateur-pour-voiture-puissantportable-aspirateur-a-main-portatif-avec-depoussierage-en-un-clic-et-brosses-multifonct","status":"publish","type":"product","link":"https:\/\/afrycom.com\/fr\/produit\/szuk-mini-aspirateur-le-plus-vendu-2025-nouveau-aspirateur-sans-fil-985000pa-aspirateur-pour-voiture-puissantportable-aspirateur-a-main-portatif-avec-depoussierage-en-un-clic-et-brosses-multifonct\/","title":{"rendered":"SZUK mini aspirateur le plus vendu, 2025 nouvel aspirateur sans fil , 985000Pa aspirateur pour voiture puissant,portable aspirateur \u00e0 main portatif avec d\u00e9poussi\u00e9rage en un clic et brosses multifonctionnelles"},"content":{"rendered":"<div class=\"product-specs-list-container\">\n<ul class=\"product-specs-list util-clearfix\">\n<li class=\"product-prop line-limit-length\"><span class=\"property-title\">Chimique Hign-concern\u00e9 :\u00a0<\/span><span class=\"property-desc line-limit-length\">Aucun<\/span><\/li>\n<li class=\"product-prop line-limit-length\"><span class=\"property-title\">Nombre de bus :\u00a0<\/span><span class=\"property-desc line-limit-length\">&gt; 6 buses<\/span><\/li>\n<li class=\"product-prop line-limit-length\"><span class=\"property-title\">Type De filtre:\u00a0<\/span><span class=\"property-desc line-limit-length\">HEPA<\/span><\/li>\n<li class=\"product-prop line-limit-length\"><span class=\"property-title\">Itin\u00e9raire de nettoyage:\u00a0<\/span><span class=\"property-desc line-limit-length\">Type al\u00e9atoire<\/span><\/li>\n<li class=\"product-prop line-limit-length\"><span class=\"property-title\">Certification :\u00a0<\/span><span class=\"property-desc line-limit-length\">ce,CE<\/span><\/li>\n<li class=\"product-prop line-limit-length\"><span class=\"property-title\">Tension (V) :\u00a0<\/span><span class=\"property-desc line-limit-length\">11,1 V<\/span><\/li>\n<li class=\"product-prop line-limit-length\"><span class=\"property-title\">Puissance (W) :\u00a0<\/span><span class=\"property-desc line-limit-length\">100W<\/span><\/li>\n<li class=\"product-prop line-limit-length\"><span class=\"property-title\">Fonction :\u00a0<\/span><span class=\"property-desc line-limit-length\">humide et sec<\/span><\/li>\n<li class=\"product-prop line-limit-length\"><span class=\"property-title\">Nom de marque :\u00a0<\/span><span class=\"property-desc line-limit-length\">szuk<\/span><\/li>\n<li class=\"product-prop line-limit-length\"><span class=\"property-title\">Origine :\u00a0<\/span><span class=\"property-desc line-limit-length\">CN (Origine)<\/span><\/li>\n<li class=\"product-prop line-limit-length\"><span class=\"property-title\">function1:\u00a0<\/span><span class=\"property-desc line-limit-length\">Aspirateur de voiture<\/span><\/li>\n<li class=\"product-prop line-limit-length\"><span class=\"property-title\">fonction2 :\u00a0<\/span><span class=\"property-desc line-limit-length\">Blow<\/span><\/li>\n<li class=\"product-prop line-limit-length\"><span class=\"property-title\">Special Features:\u00a0<\/span><span class=\"property-desc line-limit-length\">for Car,for Home<\/span><\/li>\n<li class=\"product-prop line-limit-length\"><span class=\"property-title\">usage scenario:\u00a0<\/span><span class=\"property-desc line-limit-length\">Keyboard<\/span><\/li>\n<li class=\"product-prop line-limit-length\"><span class=\"property-title\">Fonction1 :\u00a0<\/span><span class=\"property-desc line-limit-length\">Powerful vacuum cleaner<\/span><\/li>\n<li class=\"product-prop line-limit-length\"><span class=\"property-title\">Fonction2 :\u00a0<\/span><span class=\"property-desc line-limit-length\">handheld vacuum cleaner<\/span><\/li>\n<li class=\"product-prop line-limit-length\"><span class=\"property-title\">Fonction3 :\u00a0<\/span><span class=\"property-desc line-limit-length\">handheld cleaner<\/span><\/li>\n<li class=\"product-prop line-limit-length\"><span class=\"property-title\">Fonction4 :\u00a0<\/span><span class=\"property-desc line-limit-length\">aspirateur sans fil<\/span><\/li>\n<li class=\"product-prop line-limit-length\"><span class=\"property-title\">Fonction5 :\u00a0<\/span><span class=\"property-desc line-limit-length\">wireless cleaner<\/span><\/li>\n<li class=\"product-prop line-limit-length\"><span class=\"property-title\">Fonction6 :\u00a0<\/span><span class=\"property-desc line-limit-length\">nettoyeur de voiture sans fil<\/span><\/li>\n<li class=\"product-prop line-limit-length\"><span class=\"property-title\">Fonction7 :\u00a0<\/span><span class=\"property-desc line-limit-length\">wireless car vacuum cleaner<\/span><\/li>\n<li class=\"product-prop line-limit-length\"><span class=\"property-title\">Fonction8 :\u00a0<\/span><span class=\"property-desc line-limit-length\">Powerful wireless car vacuum cleaner<\/span><\/li>\n<li class=\"product-prop line-limit-length\"><span class=\"property-title\">Fonction9 :\u00a0<\/span><span class=\"property-desc line-limit-length\">Mini aspirateur<\/span><\/li>\n<li class=\"product-prop line-limit-length\"><span class=\"property-title\">Fonction10 :\u00a0<\/span><span class=\"property-desc line-limit-length\">Mini cleaner<\/span><\/li>\n<li class=\"product-prop line-limit-length\"><span class=\"property-title\">Fonction11 :\u00a0<\/span><span class=\"property-desc line-limit-length\">Aspirateur de voiture<\/span><\/li>\n<li class=\"product-prop line-limit-length\"><span class=\"property-title\">Fonction12 :\u00a0<\/span><span class=\"property-desc line-limit-length\">vacuum cleaner for car<\/span><\/li>\n<li class=\"product-prop line-limit-length\"><span class=\"property-title\">Fonction13 :\u00a0<\/span><span class=\"property-desc line-limit-length\">Aspirateur sans fil<\/span><\/li>\n<li class=\"product-prop line-limit-length\"><span class=\"property-title\">Fonction14 :\u00a0<\/span><span class=\"property-desc line-limit-length\">Aspirateur portable<\/span><\/li>\n<li class=\"product-prop line-limit-length\"><span class=\"property-title\">Fonction15 :\u00a0<\/span><span class=\"property-desc line-limit-length\">portable cleaner<\/span><\/li>\n<li class=\"product-prop line-limit-length\"><span class=\"property-title\">Fonction16 :\u00a0<\/span><span class=\"property-desc line-limit-length\">handy vacuum cleaner<\/span><\/li>\n<li class=\"product-prop line-limit-length\"><span class=\"property-title\">Fonction17 :\u00a0<\/span><span class=\"property-desc line-limit-length\">mini aspirateur sans fil<\/span><\/li>\n<li class=\"product-prop line-limit-length\"><span class=\"property-title\">Fonction18 :\u00a0<\/span><span class=\"property-desc line-limit-length\">Wireless handheld vacuum cleaner<\/span><\/li>\n<li class=\"product-prop line-limit-length\"><span class=\"property-title\">Fonction19 :\u00a0<\/span><span class=\"property-desc line-limit-length\">High power wireless vacuum cleaner<\/span><\/li>\n<li class=\"product-prop line-limit-length\"><span class=\"property-title\">Fonction20 :\u00a0<\/span><span class=\"property-desc line-limit-length\">Nettoyeur sans fil pour voiture<\/span><\/li>\n<li class=\"product-prop line-limit-length\"><span class=\"property-title\">Function21:\u00a0<\/span><span class=\"property-desc line-limit-length\">car cleaner<\/span><\/li>\n<\/ul>\n<\/div>\n<div class=\"detailmodule_html\">\n<div class=\"detail-desc-decorate-richtext\">\n<div class=\"detailmodule_html\">\n<div class=\"detail-desc-decorate-richtext\">\n<p>\u00a0<\/p>\n<p><span style=\"font-size: 20px; font-family: arial, helvetica, sans-serif;\"><strong>Description du produit<\/strong><\/span><\/p>\n<p><span style=\"font-size: 16px; font-family: arial, helvetica, sans-serif;\">1.1 Ce produit est un appareil sans fil portable avec une tension nominale de 11,1 V.<\/span><\/p>\n<p><span style=\"font-size: 16px; font-family: arial, helvetica, sans-serif;\">1.2 Le produit a trois fonctions d&#8217;aspiration, de soufflage\/gonflage et d&#8217;\u00e9puisement.<\/span><\/p>\n<p><span style=\"font-size: 16px; font-family: arial, helvetica, sans-serif;\">1.3 Le filtre adopte HEPA et est lavable.<\/span><\/p>\n<p><span style=\"font-size: 16px; font-family: arial, helvetica, sans-serif;\">1.4 Le moteur est un moteur sans balais \u00e0 grande vitesse de 11,1 V.<\/span><\/p>\n<p><span style=\"font-size: 16px; font-family: arial, helvetica, sans-serif;\">1.5 Pales de turbine enti\u00e8rement ferm\u00e9es.<\/span><\/p>\n<div>\u00a0<\/div>\n<p><span style=\"font-size: 18px; font-family: arial, helvetica, sans-serif;\"><strong>Sp\u00e9cifications des composants cl\u00e9s<\/strong><\/span><span style=\"font-size: 18px; font-family: arial, helvetica, sans-serif;\">(se r\u00e9f\u00e9rer \u00e0 la nomenclature, au papier de sp\u00e9cifications techniques pertinentes et aux pr\u00e9cautions d&#8217;inspection et d&#8217;assemblage des pi\u00e8ces pour plus de d\u00e9tails)<\/span><\/p>\n<p><span style=\"font-size: 16px; font-family: arial, helvetica, sans-serif;\">2.1 Pales de ventilateur Pales de ventilateur \u00e0 turbine enti\u00e8rement ferm\u00e9es<\/span><\/p>\n<p><span style=\"font-size: 16px; font-family: arial, helvetica, sans-serif;\">2.2 Mat\u00e9riau de la coque ABS<\/span><\/p>\n<p><span style=\"font-size: 16px; font-family: arial, helvetica, sans-serif;\">2.3 Taille du produit 20X20X6,5 (longueur x largeur x hauteur cm)<\/span><\/p>\n<p><span style=\"font-size: 16px; font-family: arial, helvetica, sans-serif;\">Batterie 2,4 18650*3*2000 mAh 11,1 V<\/span><\/p>\n<p><span style=\"font-size: 16px; font-family: arial, helvetica, sans-serif;\">2.5 Accessoires Brosse, tube plat, grande buse, c\u00e2ble de chargement USB (trois accessoires gonflables), longue tige, brosse \u00e0 longue tige (facultatif : HEPA, godet \u00e0 poussi\u00e8re simple \u00e0 couvercle ouvert, sac)<\/span><\/p>\n<p><span style=\"font-size: 16px; font-family: arial, helvetica, sans-serif;\">2,6 Poids 380g (m\u00e9tal nu)<\/span><\/p>\n<p><span style=\"font-size: 16px; font-family: arial, helvetica, sans-serif;\">2.7 Moteur taille 45 moteur sans balais 100 000 tr\/min<\/span><\/p>\n<p><span style=\"font-size: 16px; font-family: arial, helvetica, sans-serif;\">2.8 Commutateur trois vitesses haute, moyenne et basse (appuyez pendant 3 secondes pour allumer)<\/span><\/p>\n<p><span style=\"font-size: 16px; font-family: arial, helvetica, sans-serif;\">2.9 C\u00e2ble de chargement Type-c 5V 1,5A<\/span><\/p>\n<div>\u00a0<\/div>\n<p><span style=\"font-size: 18px; font-family: arial, helvetica, sans-serif;\"><strong>Param\u00e8tres et performances du produit<\/strong><\/span><\/p>\n<p><span style=\"font-size: 16px; font-family: arial, helvetica, sans-serif;\">3.1 Tension nominale : DC11.1 V<\/span><\/p>\n<p><span style=\"font-size: 16px; font-family: arial, helvetica, sans-serif;\">3.2 Puissance nominale : 100 W<\/span><\/p>\n<p><span style=\"font-size: 16px; font-family: arial, helvetica, sans-serif;\">3.3 Capacit\u00e9 du bac \u00e0 poussi\u00e8re 0,4 L<\/span><\/p>\n<p><span style=\"font-size: 16px; font-family: arial, helvetica, sans-serif;\">3.3 Bruit : valeur de bruit de distance de 1 m environ 80 dB<\/span><\/p>\n<p><span style=\"font-size: 16px; font-family: arial, helvetica, sans-serif;\">3.4 Force d&#8217;aspiration \u00e9lev\u00e9e 15KPa moyenne 1200KPa faible 6KPa<\/span><\/p>\n<p><span style=\"font-size: 16px; font-family: arial, helvetica, sans-serif;\">3.5 Volume de soufflage 680 L\/min maximum<\/span><\/p>\n<p><span style=\"font-size: 16px; font-family: arial, helvetica, sans-serif;\">3.6 Volume d&#8217;aspiration 680L\/min maximum<\/span><\/p>\n<p><span style=\"font-size: 16px; font-family: arial, helvetica, sans-serif;\">3.7 Pression de gonflage 15KPa \u00e9lev\u00e9e<\/span><\/p>\n<p><span style=\"font-size: 16px; font-family: arial, helvetica, sans-serif;\">3.8 Pression d&#8217;\u00e9chappement 15KPa \u00e9lev\u00e9e<\/span><\/p>\n<p><span style=\"font-size: 16px; font-family: arial, helvetica, sans-serif;\">3,9 Temps de charge 4-5 heures<\/span><\/p>\n<p><span style=\"font-size: 16px; font-family: arial, helvetica, sans-serif;\">4.0 Temps d&#8217;utilisation Faible aspiration 30 minutes, au milieu 18 minutes, haut 12 minutes<\/span><\/p>\n<p><span style=\"font-size: 16px; font-family: arial, helvetica, sans-serif;\">4.1 Description de la partie d&#8217;affichage Affichage de charge inf\u00e9rieur : voyant de charge, rouge, vert. Position du commutateur : vert, rouge, orange.<\/span><\/p>\n<\/div>\n<\/div>\n<p><img decoding=\"async\" src=\"https:\/\/ae01.alicdn.com\/kf\/A196c9974f23a44db901d84020730e5e4T.jpg\" \/><img decoding=\"async\" src=\"https:\/\/ae01.alicdn.com\/kf\/Ad17ade893beb4272bab63c6386917ad07.jpg\" \/><img decoding=\"async\" src=\"https:\/\/ae01.alicdn.com\/kf\/Ae758e70b2f684824af17b888a31ce5a3z.jpg\" \/><img decoding=\"async\" src=\"https:\/\/ae01.alicdn.com\/kf\/A54aaff0fc4f046e7ac4aec743be3c908E.jpg\" \/><img decoding=\"async\" src=\"https:\/\/ae01.alicdn.com\/kf\/A0d241d769c30418a91e2aa6f4c1742a8d.jpg\" \/><img decoding=\"async\" src=\"https:\/\/ae01.alicdn.com\/kf\/A272978ddfb7545bebba7ca3aff714711B.jpg\" \/><img decoding=\"async\" src=\"https:\/\/ae01.alicdn.com\/kf\/Aad2f5f3957b84b4da9d55c4f2363e861J.jpg\" \/><img decoding=\"async\" src=\"https:\/\/ae01.alicdn.com\/kf\/A4b39d7da30d8436baea55cc854b1415fK.jpg\" \/><img decoding=\"async\" src=\"https:\/\/ae01.alicdn.com\/kf\/Aea11eb212dc34c23b94088c993348692K.jpg\" \/><img decoding=\"async\" src=\"https:\/\/ae01.alicdn.com\/kf\/A61bb910311134d2f8668723067baf8d6O.jpg\" \/><img decoding=\"async\" src=\"https:\/\/ae01.alicdn.com\/kf\/A216d25d281d84f688c1fa38397befd7fa.jpg\" \/><img decoding=\"async\" src=\"https:\/\/ae01.alicdn.com\/kf\/A811d6dd7bff84fa38c9caf02aedda01cp.jpg\" \/><img decoding=\"async\" src=\"https:\/\/ae01.alicdn.com\/kf\/Aa98f9a04c4c64405a57468935ff42c5eN.jpg\" \/><img decoding=\"async\" src=\"https:\/\/ae01.alicdn.com\/kf\/A4b932e4a720e419c9d9d1710f87d75f4K.jpg\" \/><img decoding=\"async\" src=\"https:\/\/ae01.alicdn.com\/kf\/A59ac8198dc784c0480324831e5f4f385I.jpg\" \/><img decoding=\"async\" src=\"https:\/\/ae01.alicdn.com\/kf\/A6f445479079444e78c0b945a078387e5O.jpg\" \/><img decoding=\"async\" src=\"https:\/\/ae01.alicdn.com\/kf\/A34dff478fd444e389a12dc4a29d27c84b.jpg\" \/><img decoding=\"async\" src=\"https:\/\/ae01.alicdn.com\/kf\/A74dde29944ad4621bdb9436a094c8f5fI.jpg\" \/><img decoding=\"async\" src=\"https:\/\/ae01.alicdn.com\/kf\/A2eafad83172742ae959d8c373631c518s.jpg\" \/><img decoding=\"async\" src=\"https:\/\/ae01.alicdn.com\/kf\/Ac69c0fada38d4d119ebccf8f39498eddi.jpg\" \/><img decoding=\"async\" src=\"https:\/\/ae01.alicdn.com\/kf\/A6b93c27207e54cc6bae8bbb085ebd691q.jpg\" \/><img decoding=\"async\" src=\"https:\/\/ae01.alicdn.com\/kf\/A41ab4a50d4ba48888bebfc0dd514c931u.jpg\" \/><img decoding=\"async\" src=\"https:\/\/ae01.alicdn.com\/kf\/Ab3a8f83e6ca4410badeb6cdd60533b6a1.jpg\" \/><img decoding=\"async\" src=\"https:\/\/ae01.alicdn.com\/kf\/A19804f19d8ae4e5ca8705e035659f940U.jpg\" \/><img decoding=\"async\" src=\"https:\/\/ae01.alicdn.com\/kf\/A016f096da9b642e98809847003fc86109.jpg\" \/><img decoding=\"async\" src=\"https:\/\/ae01.alicdn.com\/kf\/A654cf47151e5474a821621e00bfb5e7ew.jpg\" \/><img decoding=\"async\" src=\"https:\/\/ae01.alicdn.com\/kf\/Abb5b3964a1be49ea8a8406f03dc72594E.jpg\" \/><img decoding=\"async\" src=\"https:\/\/ae01.alicdn.com\/kf\/A7fedaa07d4b14a088dd28d4d21cb66caR.jpg\" \/><img decoding=\"async\" src=\"https:\/\/ae01.alicdn.com\/kf\/Af73ed4f3876b4d9782d6511f1e5c77f0B.jpg\" \/><img decoding=\"async\" src=\"https:\/\/ae01.alicdn.com\/kf\/A64d78ca750b548998652146acca6a6efn.jpg\" \/><img decoding=\"async\" src=\"https:\/\/ae01.alicdn.com\/kf\/Ac3bceb331e9a4cbbba2ededfd2aae1c0J.jpg\" \/><img decoding=\"async\" src=\"https:\/\/ae01.alicdn.com\/kf\/Abcf2403d38b8486aa22f7c7c0276f27eD.jpg\" \/><img decoding=\"async\" src=\"https:\/\/ae01.alicdn.com\/kf\/Ab97adcca3b4240a5ad1958aa9c3f7f75l.jpg\" \/><img decoding=\"async\" src=\"https:\/\/ae01.alicdn.com\/kf\/A728bb462094b424b9bfc0e219ba8fd62U.jpg\" \/><img decoding=\"async\" src=\"https:\/\/ae01.alicdn.com\/kf\/A12658da3277e4d93839ead9060635f3eS.jpg\" \/><img decoding=\"async\" src=\"https:\/\/ae01.alicdn.com\/kf\/A3ba759395a5c4111b67a6855658526bcE.jpg\" \/><img decoding=\"async\" src=\"https:\/\/ae01.alicdn.com\/kf\/A2a0d155f65774ea7bcf84e3b1a6423e1Q.jpg\" \/><img decoding=\"async\" src=\"https:\/\/ae01.alicdn.com\/kf\/Af3af4e1b7f8e4f47bbfc9d17251bb4e0g.jpg\" \/><img decoding=\"async\" src=\"https:\/\/ae01.alicdn.com\/kf\/A9be58a002cb341438d032e24ae77930bI.jpg\" \/><\/p>\n<\/div>\n<\/div>","protected":false},"excerpt":{"rendered":"<p>Chimique Hign-concern\u00e9:\u00a0Aucun Nombre de buses:\u00a0&gt; 6 buses Type De filtre:\u00a0HEPA Itin\u00e9raire de nettoyage:\u00a0Type al\u00e9atoire Certification:\u00a0ce,CE Tension (V):\u00a011,1 V Puissance (W):\u00a0100W<\/p>","protected":false},"featured_media":3698,"comment_status":"open","ping_status":"closed","template":"","meta":[],"product_brand":[],"product_cat":[15],"product_tag":[],"class_list":{"0":"post-3697","1":"product","2":"type-product","3":"status-publish","4":"has-post-thumbnail","6":"product_cat-uncategorized","8":"first","9":"instock","10":"sale","11":"shipping-taxable","12":"purchasable","13":"product-type-variable"},"jetpack_sharing_enabled":true,"_links":{"self":[{"href":"https:\/\/afrycom.com\/fr\/wp-json\/wp\/v2\/product\/3697","targetHints":{"allow":["GET"]}}],"collection":[{"href":"https:\/\/afrycom.com\/fr\/wp-json\/wp\/v2\/product"}],"about":[{"href":"https:\/\/afrycom.com\/fr\/wp-json\/wp\/v2\/types\/product"}],"replies":[{"embeddable":true,"href":"https:\/\/afrycom.com\/fr\/wp-json\/wp\/v2\/comments?post=3697"}],"wp:featuredmedia":[{"embeddable":true,"href":"https:\/\/afrycom.com\/fr\/wp-json\/wp\/v2\/media\/3698"}],"wp:attachment":[{"href":"https:\/\/afrycom.com\/fr\/wp-json\/wp\/v2\/media?parent=3697"}],"wp:term":[{"taxonomy":"product_brand","embeddable":true,"href":"https:\/\/afrycom.com\/fr\/wp-json\/wp\/v2\/product_brand?post=3697"},{"taxonomy":"product_cat","embeddable":true,"href":"https:\/\/afrycom.com\/fr\/wp-json\/wp\/v2\/product_cat?post=3697"},{"taxonomy":"product_tag","embeddable":true,"href":"https:\/\/afrycom.com\/fr\/wp-json\/wp\/v2\/product_tag?post=3697"}],"curies":[{"name":"wp","href":"https:\/\/api.w.org\/{rel}","templated":true}]}}