{"id":3674,"date":"2025-03-08T07:44:00","date_gmt":"2025-03-08T07:44:00","guid":{"rendered":"https:\/\/afrycom.com\/product\/gar1995presse-de-cuisine-en-acier-inoxydable-broyeur-hachoir-presse-manuelle-outil-de-meulage-accessoires-de-cuisine\/"},"modified":"2025-08-12T07:58:35","modified_gmt":"2025-08-12T07:58:35","slug":"presse-de-cuisine-en-acier-inoxydable-broyeur-hachoir-presse-manuelle-outil-de-meulage-accessoires-de-cuisine","status":"publish","type":"product","link":"https:\/\/afrycom.com\/fr\/produit\/presse-de-cuisine-en-acier-inoxydable-broyeur-hachoir-presse-manuelle-outil-de-meulage-accessoires-de-cuisine\/","title":{"rendered":"Presse de cuisine en acier inoxydable, broyeur, hachoir, presse manuelle, outil de meulage, accessoires de cuisine"},"content":{"rendered":"<div class=\"product-specs-list-container\">\n<ul class=\"product-specs-list util-clearfix\">\n<li class=\"product-prop line-limit-length\"><span class=\"property-title\">Chimique Hign-concern\u00e9 :\u00a0<\/span><span class=\"property-desc line-limit-length\">Aucun<\/span><\/li>\n<li class=\"product-prop line-limit-length\"><span class=\"property-title\">Caract\u00e9ristique :\u00a0<\/span><span class=\"property-desc line-limit-length\">Stock\u00e9s<\/span><\/li>\n<li class=\"product-prop line-limit-length\"><span class=\"property-title\">Nom de marque :\u00a0<\/span><span class=\"property-desc line-limit-length\">Famiwarm<\/span><\/li>\n<li class=\"product-prop line-limit-length\"><span class=\"property-title\">Origine :\u00a0<\/span><span class=\"property-desc line-limit-length\">CN (Origine)<\/span><\/li>\n<\/ul>\n<\/div>\n<div class=\"detailmodule_html\">\n<div class=\"detail-desc-decorate-richtext\">\n<div class=\"detailmodule_html\">\n<div class=\"detail-desc-decorate-richtext\">\n<p style=\"text-align: justify;\" align=\"justify\"><img decoding=\"async\" src=\"https:\/\/ae01.alicdn.com\/kf\/S60f04c71faec4722be93d78d0750e8f08.jpg\" \/><\/p>\n<p><span style=\"font-size: 20px; font-family: 'times new roman', times, serif;\">Mat\u00e9riau : alliage d'aluminium.<\/span><\/p>\n<p><span style=\"font-size: 20px; font-family: 'times new roman', times, serif;\">Couleur : comme image<\/span><\/p>\n<p><span style=\"font-size: 20px; font-family: 'times new roman', times, serif;\">Taille : 14,5*5 cm, 16*5 cm<\/span><\/p>\n<p><span style=\"font-size: 20px; font-family: 'times new roman', times, serif;\">Caract\u00e9ristiques : 100 % neuf et de haute qualit\u00e9.<\/span><\/p>\n<p><u><strong><span style=\"font-size: 26px; font-family: 'times new roman', times, serif;\">Remarque :<\/span><\/strong><\/u><\/p>\n<p><span style=\"font-size: 20px; font-family: 'times new roman', times, serif;\">1 En raison de la diff\u00e9rence entre les diff\u00e9rents moniteurs, l'image peut ne pas refl\u00e9ter la couleur r\u00e9elle de l'article. Merci de votre compr\u00e9hension.<\/span><\/p>\n<p><span style=\"font-size: 20px; font-family: 'times new roman', times, serif;\">2. Veuillez permettre une erreur due \u00e0 la mesure manuelle.<\/span><\/p>\n<p><img decoding=\"async\" src=\"https:\/\/ae01.alicdn.com\/kf\/S4ebd19d511a14c29b29c535b048c009f9.jpg\" \/><\/p>\n<p><img loading=\"lazy\" decoding=\"async\" src=\"https:\/\/ae01.alicdn.com\/kf\/Sd12b56233a984946bad9f8ebf090a383V.jpg\" width=\"800\" height=\"800\" \/><\/p>\n<p><img loading=\"lazy\" decoding=\"async\" src=\"https:\/\/ae01.alicdn.com\/kf\/Sd7310c0ebc0348448c0a694f45d9e301s.jpg\" width=\"800\" height=\"800\" \/><\/p>\n<p><img loading=\"lazy\" decoding=\"async\" src=\"https:\/\/ae01.alicdn.com\/kf\/S3d1825eef331407db63fd8811cfe36d8w.jpg\" width=\"800\" height=\"800\" \/><\/p>\n<p><img loading=\"lazy\" decoding=\"async\" src=\"https:\/\/ae01.alicdn.com\/kf\/Sa6f21a9be13043fe91c5db6fc6e0635aL.jpg\" width=\"800\" height=\"800\" \/><\/p>\n<p><img loading=\"lazy\" decoding=\"async\" src=\"https:\/\/ae01.alicdn.com\/kf\/S3b19f3c978bc4be88d6fd1c45d9fa9cfZ.jpg\" width=\"800\" height=\"800\" \/><\/p>\n<p><img loading=\"lazy\" decoding=\"async\" src=\"https:\/\/ae01.alicdn.com\/kf\/S328942c26ce44f4aa246dbecf5dc0cb7o.jpg\" width=\"800\" height=\"499\" \/><\/p>\n<p><img loading=\"lazy\" decoding=\"async\" src=\"https:\/\/ae01.alicdn.com\/kf\/S6869821b0f514e72aa4e33dcd7917e400.jpg\" width=\"801\" height=\"501\" \/><\/p>\n<p><img loading=\"lazy\" decoding=\"async\" src=\"https:\/\/ae01.alicdn.com\/kf\/S1d68ce3d0d994d6fb7d52bd05613599am.jpg\" width=\"800\" height=\"1067\" \/><\/p>\n<p><img loading=\"lazy\" decoding=\"async\" src=\"https:\/\/ae01.alicdn.com\/kf\/S62f526159e32454ab107f33868f223c2x.jpg\" width=\"800\" height=\"800\" \/><\/p>\n<p><img loading=\"lazy\" decoding=\"async\" src=\"https:\/\/ae01.alicdn.com\/kf\/Sef61810b9e05466b8f99c7f2f8ea097f7.jpg\" width=\"800\" height=\"800\" \/><\/p>\n<p><img decoding=\"async\" src=\"https:\/\/ae01.alicdn.com\/kf\/Sc3196e48f40e48a9977260359115e2a7L.jpg\" \/><\/p>\n<\/div>\n<\/div>\n<\/div>\n<\/div>","protected":false},"excerpt":{"rendered":"<p>Chimique Hign-concern\u00e9:\u00a0Aucun Caract\u00e9ristique:\u00a0Stock\u00e9s Nom de marque:\u00a0Famiwarm Origine:\u00a0CN (Origine) Mat\u00e9riau : alliage d&#8217;aluminium. Couleur: comme image Taille: 14,5*5 cm, 16*5 cm<\/p>","protected":false},"featured_media":3675,"comment_status":"open","ping_status":"closed","template":"","meta":[],"product_brand":[],"product_cat":[4945,31],"product_tag":[],"class_list":{"0":"post-3674","1":"product","2":"type-product","3":"status-publish","4":"has-post-thumbnail","6":"product_cat-small-kitchen-appliances","7":"product_cat-small-kitchen-appliances-appliances","9":"first","10":"instock","11":"sale","12":"shipping-taxable","13":"purchasable","14":"product-type-variable"},"jetpack_sharing_enabled":true,"_links":{"self":[{"href":"https:\/\/afrycom.com\/fr\/wp-json\/wp\/v2\/product\/3674","targetHints":{"allow":["GET"]}}],"collection":[{"href":"https:\/\/afrycom.com\/fr\/wp-json\/wp\/v2\/product"}],"about":[{"href":"https:\/\/afrycom.com\/fr\/wp-json\/wp\/v2\/types\/product"}],"replies":[{"embeddable":true,"href":"https:\/\/afrycom.com\/fr\/wp-json\/wp\/v2\/comments?post=3674"}],"wp:featuredmedia":[{"embeddable":true,"href":"https:\/\/afrycom.com\/fr\/wp-json\/wp\/v2\/media\/3675"}],"wp:attachment":[{"href":"https:\/\/afrycom.com\/fr\/wp-json\/wp\/v2\/media?parent=3674"}],"wp:term":[{"taxonomy":"product_brand","embeddable":true,"href":"https:\/\/afrycom.com\/fr\/wp-json\/wp\/v2\/product_brand?post=3674"},{"taxonomy":"product_cat","embeddable":true,"href":"https:\/\/afrycom.com\/fr\/wp-json\/wp\/v2\/product_cat?post=3674"},{"taxonomy":"product_tag","embeddable":true,"href":"https:\/\/afrycom.com\/fr\/wp-json\/wp\/v2\/product_tag?post=3674"}],"curies":[{"name":"wp","href":"https:\/\/api.w.org\/{rel}","templated":true}]}}