{"id":3646,"date":"2025-03-08T07:41:34","date_gmt":"2025-03-08T07:41:34","guid":{"rendered":"https:\/\/afrycom.com\/product\/machine-de-decoupe-de-legumes-electrique-multifonctionnelle-dechiqueteuse-commerciale-trancheuse-coupeur-de-pommes-de-terre-processeur-de-des-de-carottes\/"},"modified":"2025-07-31T07:43:25","modified_gmt":"2025-07-31T07:43:25","slug":"machine-de-decoupe-de-legumes-electrique-multifonctionnelle-dechiqueteuse-commerciale-trancheuse-coupeur-de-pommes-de-terre-processeur-de-des-de-carottes","status":"publish","type":"product","link":"https:\/\/afrycom.com\/fr\/produit\/machine-de-decoupe-de-legumes-electrique-multifonctionnelle-dechiqueteuse-commerciale-trancheuse-coupeur-de-pommes-de-terre-processeur-de-des-de-carottes\/","title":{"rendered":"Machine de d\u00e9coupe de l\u00e9gumes \u00e9lectrique multifonctionnelle, d\u00e9chiqueteuse commerciale, trancheuse, coupeur de pommes de terre, processeur de d\u00e9s de carottes"},"content":{"rendered":"<div class=\"product-specs-list-container\">\n<ul class=\"product-specs-list util-clearfix\">\n<li class=\"product-prop line-limit-length\"><span class=\"property-title\">Mat\u00e9riau :\u00a0<\/span><span class=\"property-desc line-limit-length\">Acier inoxydable<\/span><\/li>\n<li class=\"product-prop line-limit-length\"><span class=\"property-title\">Num\u00e9ro de Mod\u00e8le :\u00a0<\/span><span class=\"property-desc line-limit-length\">QD815<\/span><\/li>\n<li class=\"product-prop line-limit-length\"><span class=\"property-title\">Accessoires:\u00a0<\/span><span class=\"property-desc line-limit-length\">Couvercle de verrouillage<\/span><\/li>\n<li class=\"product-prop line-limit-length\"><span class=\"property-title\">Certification :\u00a0<\/span><span class=\"property-desc line-limit-length\">ce<\/span><\/li>\n<li class=\"product-prop line-limit-length\"><span class=\"property-title\">Fonction :\u00a0<\/span><span class=\"property-desc line-limit-length\">D\u00e9chiquetage<\/span><\/li>\n<li class=\"product-prop line-limit-length\"><span class=\"property-title\">Tension (V) :\u00a0<\/span><span class=\"property-desc line-limit-length\">220V<\/span><\/li>\n<li class=\"product-prop line-limit-length\"><span class=\"property-title\">Puissance (W) :\u00a0<\/span><span class=\"property-desc line-limit-length\">250<\/span><\/li>\n<li class=\"product-prop line-limit-length\"><span class=\"property-title\">Nom de marque :\u00a0<\/span><span class=\"property-desc line-limit-length\">MAIRUIS<\/span><\/li>\n<li class=\"product-prop line-limit-length\"><span class=\"property-title\">Origine :\u00a0<\/span><span class=\"property-desc line-limit-length\">CN (Origine)<\/span><\/li>\n<li class=\"product-prop line-limit-length\"><span class=\"property-title\">Mod\u00e8le :\u00a0<\/span><span class=\"property-desc line-limit-length\">QD815<\/span><\/li>\n<li class=\"product-prop line-limit-length\"><span class=\"property-title\">Nom du produit :\u00a0<\/span><span class=\"property-desc line-limit-length\">Multifunctional Dicing Machine<\/span><\/li>\n<li class=\"product-prop line-limit-length\"><span class=\"property-title\">Mat\u00e9riau :\u00a0<\/span><span class=\"property-desc line-limit-length\">High quality stainless steel<\/span><\/li>\n<li class=\"product-prop line-limit-length\"><span class=\"property-title\">Puissance :\u00a0<\/span><span class=\"property-desc line-limit-length\">250W<\/span><\/li>\n<li class=\"product-prop line-limit-length\"><span class=\"property-title\">Tension :\u00a0<\/span><span class=\"property-desc line-limit-length\">220V\/50Hz<\/span><\/li>\n<li class=\"product-prop line-limit-length\"><span class=\"property-title\">Taille :\u00a0<\/span><span class=\"property-desc line-limit-length\">21 * 32 * 27.5cm<\/span><\/li>\n<li class=\"product-prop line-limit-length\"><span class=\"property-title\">Net weight:\u00a0<\/span><span class=\"property-desc line-limit-length\">6.8KG<\/span><\/li>\n<li class=\"product-prop line-limit-length\"><span class=\"property-title\">Certificate:\u00a0<\/span><span class=\"property-desc line-limit-length\">CE<\/span><\/li>\n<li class=\"product-prop line-limit-length\"><span class=\"property-title\">Origine :\u00a0<\/span><span class=\"property-desc line-limit-length\">Chine<\/span><\/li>\n<li class=\"product-prop line-limit-length\"><span class=\"property-title\">Warranty period:\u00a0<\/span><span class=\"property-desc line-limit-length\">12 months<\/span><\/li>\n<\/ul>\n<\/div>\n<div class=\"detailmodule_html\">\n<div class=\"detail-desc-decorate-richtext\">\n<p>\u00a0<\/p>\n<p>\u00a0<\/p>\n<div class=\"detailmodule_image\"><img decoding=\"async\" class=\"detail-desc-decorate-image\" src=\"https:\/\/ae01.alicdn.com\/kf\/Sc3fa5afa5f7b4ba4a0e4f01bc5baf337r.jpg\" \/><\/div>\n<p>\u00a0<\/p>\n<p>\u00a0<\/p>\n<p>\u00a0<\/p>\n<div class=\"detailmodule_media\">\n<div class=\"video-container-1100199410756\">\n<div id=\"1100199410756\" class=\"detail-video\" data-previewurl=\"https:\/\/ae01.alicdn.com\/kf\/S5761cc99d1654cdab75962868c5f1474v.jpg\">\u00a0<\/div>\n<\/div>\n<\/div>\n<p>\u00a0<\/p>\n<p>\u00a0<\/p>\n<p>\u00a0<\/p>\n<div class=\"detailmodule_text\">\n<p id=\"tl_1\" class=\"detail-desc-decorate-title\" style=\"font-family: OpenSans; font-size: 20px; font-weight: 900; line-height: 28px; white-space: pre-wrap; color: #000000; margin-bottom: 12px;\">Param\u00e8tres du produit<\/p>\n<p id=\"tl_2\" class=\"detail-desc-decorate-content\" style=\"font-family: OpenSans; font-size: 14px; font-weight: 300; line-height: 20px; white-space: pre-wrap; color: #000000; margin-bottom: 12px;\">Nom du produit: Machine de d\u00e9coupe multifonctionnelle <br \/>Mat\u00e9riau: acier inoxydable de haute qualit\u00e9 <br \/>Puissance: 250W <br \/>Tension: 220V\/50Hz <br \/>Taille: 21*32*27.5cm <br \/>Poids net: 6.8KG<\/p>\n<\/div>\n<div class=\"detailmodule_image\"><img decoding=\"async\" class=\"detail-desc-decorate-image\" src=\"https:\/\/ae01.alicdn.com\/kf\/S509f2f0f5a6f41418186e7009e5f2eb7Q.jpg\" \/><br \/><img decoding=\"async\" class=\"detail-desc-decorate-image\" src=\"https:\/\/ae01.alicdn.com\/kf\/S2ec1685244454fe6a40c89c851140dbdM.jpg\" \/><br \/><img decoding=\"async\" class=\"detail-desc-decorate-image\" src=\"https:\/\/ae01.alicdn.com\/kf\/S41c74e0a0d2642cabd579099d1d1c9c5k.jpg\" \/><br \/><img decoding=\"async\" class=\"detail-desc-decorate-image\" src=\"https:\/\/ae01.alicdn.com\/kf\/S45e9da0924244183ae3fc4990f63cd5ft.jpg\" \/><br \/><img decoding=\"async\" class=\"detail-desc-decorate-image\" src=\"https:\/\/ae01.alicdn.com\/kf\/Sfc20375fb7204d99bd7d70ca228acfe9R.jpg\" \/><br \/><img decoding=\"async\" class=\"detail-desc-decorate-image\" src=\"https:\/\/ae01.alicdn.com\/kf\/Sa10c6c0475164864aeecb89e28d43fc7v.jpg\" \/><br \/><img decoding=\"async\" class=\"detail-desc-decorate-image\" src=\"https:\/\/ae01.alicdn.com\/kf\/Sfa08deb5c05b4ba0a245e54422f8db1fl.jpg\" \/><br \/><img decoding=\"async\" class=\"detail-desc-decorate-image\" src=\"https:\/\/ae01.alicdn.com\/kf\/Sf120ed8441e54e8293cd12e2b005fb9dj.jpg\" \/><br \/><img decoding=\"async\" class=\"detail-desc-decorate-image\" src=\"https:\/\/ae01.alicdn.com\/kf\/S0ae1200a1fd44284a040f159ec2cf3d3Z.jpg\" \/><\/div>\n<div class=\"detailmodule_image\"><img decoding=\"async\" class=\"detail-desc-decorate-image\" src=\"https:\/\/ae01.alicdn.com\/kf\/S280854555ce34dda8b48b90f5aaa12e8l.jpg\" \/><br \/><img decoding=\"async\" class=\"detail-desc-decorate-image\" src=\"https:\/\/ae01.alicdn.com\/kf\/S2fdaf0d7a72641068f9e45b18adf1578y.jpg\" \/><\/p>\n<\/div>\n<div class=\"detailmodule_image\">\n<p><img decoding=\"async\" class=\"detail-desc-decorate-image\" src=\"https:\/\/ae01.alicdn.com\/kf\/S1ce88c2061fe4ac0addaf93bec996e00l.jpg\" \/><br \/><img decoding=\"async\" class=\"detail-desc-decorate-image\" src=\"https:\/\/ae01.alicdn.com\/kf\/Sf37fd45779274cf4bb506c4135f2c9195.jpg\" \/><\/p>\n<p><img decoding=\"async\" class=\"detail-desc-decorate-image\" src=\"https:\/\/ae01.alicdn.com\/kf\/Sc255f7805d214f9ca25dd4b44ca755c68.jpg\" \/><\/div>\n<div class=\"detailmodule_text\">\n<p id=\"tl_3\" class=\"detail-desc-decorate-title\" style=\"font-family: OpenSans; font-size: 20px; font-weight: 900; line-height: 28px; white-space: pre-wrap; color: #000000; margin-bottom: 12px;\">Veuillez noter:<\/p>\n<p id=\"tl_4\" class=\"detail-desc-decorate-content\" style=\"font-family: OpenSans; font-size: 14px; font-weight: 300; line-height: 20px; white-space: pre-wrap; color: #000000; margin-bottom: 12px;\">1. Si le produit est mis \u00e0 jour, nous vous enverrons le dernier style. L&#8217;apparence peut changer, mais les param\u00e8tres et les fonctions restent inchang\u00e9s.<\/p>\n<p>2. Si le processus de production de produits m\u00e9caniques n\u00e9cessite un soudage. Il y aura de l\u00e9g\u00e8res traces de soudure au point de soudure. C&#8217;est normal, pas un d\u00e9faut. Si cela vous d\u00e9range, veuillez passer votre commande avec soin. Ou contactez le vendeur pour v\u00e9rifier l&#8217;image d\u00e9taill\u00e9e.<\/p>\n<p>3. Toutes les tailles et tous les poids de la machine mesur\u00e9s par nos mains, il peut y avoir une certaine d\u00e9viation, ne vous inqui\u00e9tez pas.<\/p>\n<\/div>\n<div class=\"detailmodule_text\">\n<p id=\"tl_5\" class=\"detail-desc-decorate-title\" style=\"font-family: OpenSans; font-size: 20px; font-weight: 900; line-height: 28px; white-space: pre-wrap; color: #000000; margin-bottom: 12px;\">Mani\u00e8re de livraison:<\/p>\n<p id=\"tl_6\" class=\"detail-desc-decorate-content\" style=\"font-family: OpenSans; font-size: 14px; font-weight: 300; line-height: 20px; white-space: pre-wrap; color: #000000; margin-bottom: 12px;\">1. Si vous choisissez \u00abM\u00e9thode d&#8217;exp\u00e9dition du vendeur\u00bb <br \/>Nous vous aiderons \u00e0 organiser l&#8217;exp\u00e9dition par mer et \u00e0 livrer \u00e0 votre port maritime le plus proche! <br \/>-Si CFR par mer, cela signifie qu&#8217;apr\u00e8s l&#8217;arriv\u00e9e du port maritime de destination, l&#8217;acheteur doit payer les frais de port de destination (tels que les frais de manutention du terminal, les frais de documents, les frais de stockage, etc.), taxe pour faire le d\u00e9douanement et ramasser les marchandises par vous-m\u00eame.<\/p>\n<p>2. Si vous choisissez \u00abPar Express\u00bb <br \/>Nous vous aiderons \u00e0 organiser l&#8217;exp\u00e9dition par express international (tel que DHL \/ TNT\/ FEDEX \/ARAMEX, ECT) et \u00e0 livrer directement \u00e0 votre adresse (SERVICE PORTE \u00c0 PORTE)! <br \/>Si l&#8217;exp\u00e9dition par expr\u00e8s, apr\u00e8s l&#8217;arriv\u00e9e, l&#8217;acheteur doit seulement payer la taxe et aider la compagnie maritime \u00e0 faire le d\u00e9douanement est ok.<\/p>\n<p>3. Si vous choisissez \u00abPar avion\u00bb <br \/>Nous vous aiderons \u00e0 organiser l&#8217;exp\u00e9dition par avion et \u00e0 livrer \u00e0 votre a\u00e9roport le plus proche! <br \/>Apr\u00e8s l&#8217;arriv\u00e9e \u00e0 l&#8217;a\u00e9roport, l&#8217;acheteur doit payer la taxe pour faire le d\u00e9douanement et ramasser les marchandises par vous-m\u00eame.(YUAN)<\/p>\n<\/div>\n<p>\u00a0<\/p>\n<p>\u00a0<\/p>\n<p>\u00a0<\/p>\n<p>\u00a0<\/p>\n<\/div>\n<\/div>","protected":false},"excerpt":{"rendered":"<p>Mat\u00e9riau:\u00a0Acier inoxydable Num\u00e9ro de Mod\u00e8le:\u00a0QD815 Accessoires:\u00a0Couvercle de verrouillage Certification:\u00a0ce Fonction:\u00a0D\u00e9chiquetage Tension (V):\u00a0220V Puissance (W):\u00a0250 Nom de marque:\u00a0MAIRUIS Origine:\u00a0CN (Origine) Model:\u00a0QD815<\/p>","protected":false},"featured_media":3647,"comment_status":"open","ping_status":"closed","template":"","meta":[],"product_brand":[],"product_cat":[15],"product_tag":[],"class_list":{"0":"post-3646","1":"product","2":"type-product","3":"status-publish","4":"has-post-thumbnail","6":"product_cat-uncategorized","8":"first","9":"instock","10":"sale","11":"shipping-taxable","12":"purchasable","13":"product-type-variable"},"jetpack_sharing_enabled":true,"_links":{"self":[{"href":"https:\/\/afrycom.com\/fr\/wp-json\/wp\/v2\/product\/3646","targetHints":{"allow":["GET"]}}],"collection":[{"href":"https:\/\/afrycom.com\/fr\/wp-json\/wp\/v2\/product"}],"about":[{"href":"https:\/\/afrycom.com\/fr\/wp-json\/wp\/v2\/types\/product"}],"replies":[{"embeddable":true,"href":"https:\/\/afrycom.com\/fr\/wp-json\/wp\/v2\/comments?post=3646"}],"wp:featuredmedia":[{"embeddable":true,"href":"https:\/\/afrycom.com\/fr\/wp-json\/wp\/v2\/media\/3647"}],"wp:attachment":[{"href":"https:\/\/afrycom.com\/fr\/wp-json\/wp\/v2\/media?parent=3646"}],"wp:term":[{"taxonomy":"product_brand","embeddable":true,"href":"https:\/\/afrycom.com\/fr\/wp-json\/wp\/v2\/product_brand?post=3646"},{"taxonomy":"product_cat","embeddable":true,"href":"https:\/\/afrycom.com\/fr\/wp-json\/wp\/v2\/product_cat?post=3646"},{"taxonomy":"product_tag","embeddable":true,"href":"https:\/\/afrycom.com\/fr\/wp-json\/wp\/v2\/product_tag?post=3646"}],"curies":[{"name":"wp","href":"https:\/\/api.w.org\/{rel}","templated":true}]}}