{"id":3639,"date":"2025-03-08T07:38:13","date_gmt":"2025-03-08T07:38:13","guid":{"rendered":"https:\/\/afrycom.com\/product\/batteur-sur-socle-avec-fonction-dimpulsion-crochet-a-pate-batteur-a-sens-protection-anti-eclaboussures-acier-inoxydable-capacite-de-12l\/"},"modified":"2025-03-08T07:38:16","modified_gmt":"2025-03-08T07:38:16","slug":"batteur-sur-socle-avec-fonction-dimpulsion-crochet-a-pate-batteur-a-sens-protection-anti-eclaboussures-acier-inoxydable-capacite-de-12l","status":"publish","type":"product","link":"https:\/\/afrycom.com\/fr\/produit\/batteur-sur-socle-avec-fonction-dimpulsion-crochet-a-pate-batteur-a-sens-protection-anti-eclaboussures-acier-inoxydable-capacite-de-12l\/","title":{"rendered":"Batteur sur socle avec fonction d'impulsion, crochet \u00e0 p\u00e2te, batteur \u00e0 sens, protection anti-\u00e9claboussures, acier inoxydable, capacit\u00e9 de 12L"},"content":{"rendered":"<div class=\"product-specs-list-container\">\n<ul class=\"product-specs-list util-clearfix\">\n<li class=\"product-prop line-limit-length\"><span class=\"property-title\">Chimique Hign-concern\u00e9 :\u00a0<\/span><span class=\"property-desc line-limit-length\">Aucun<\/span><\/li>\n<li class=\"product-prop line-limit-length\"><span class=\"property-title\">Type :\u00a0<\/span><span class=\"property-desc line-limit-length\">Pi\u00e8ces d'outil \u00e0 main<\/span><\/li>\n<li class=\"product-prop line-limit-length\"><span class=\"property-title\">Origine :\u00a0<\/span><span class=\"property-desc line-limit-length\">CN (Origine)<\/span><\/li>\n<li class=\"product-prop line-limit-length\"><span class=\"property-title\">Service apr\u00e8s-vente assur\u00e9 :\u00a0<\/span><span class=\"property-desc line-limit-length\">Pi\u00e8ces d\u00e9tach\u00e9es gratuites<\/span><\/li>\n<li class=\"product-prop line-limit-length\"><span class=\"property-title\">Garantie :\u00a0<\/span><span class=\"property-desc line-limit-length\">1 an<\/span><\/li>\n<li class=\"product-prop line-limit-length\"><span class=\"property-title\">Application :\u00a0<\/span><span class=\"property-desc line-limit-length\">M\u00e9nage<\/span><\/li>\n<li class=\"product-prop line-limit-length\"><span class=\"property-title\">Source d'alimentation :\u00a0<\/span><span class=\"property-desc line-limit-length\">\u00c9lectrique<\/span><\/li>\n<li class=\"product-prop line-limit-length\"><span class=\"property-title\">Contr\u00f4l\u00e9 par application :\u00a0<\/span><span class=\"property-desc line-limit-length\">NON<\/span><\/li>\n<li class=\"product-prop line-limit-length\"><span class=\"property-title\">Moule priv\u00e9 :\u00a0<\/span><span class=\"property-desc line-limit-length\">NON<\/span><\/li>\n<li class=\"product-prop line-limit-length\"><span class=\"property-title\">Structure :\u00a0<\/span><span class=\"property-desc line-limit-length\">Support \/ Table<\/span><\/li>\n<li class=\"product-prop line-limit-length\"><span class=\"property-title\">Le logement :\u00a0<\/span><span class=\"property-desc line-limit-length\">Plastique<\/span><\/li>\n<li class=\"product-prop line-limit-length\"><span class=\"property-title\">Mat\u00e9riau du bol \u00e0 m\u00e9langer :\u00a0<\/span><span class=\"property-desc line-limit-length\">Acier inoxydable<\/span><\/li>\n<li class=\"product-prop line-limit-length\"><span class=\"property-title\">Fonctionnalit\u00e9 :\u00a0<\/span><span class=\"property-desc line-limit-length\">Conception de l'\u00e9l\u00e9vateur de cuvette<\/span><\/li>\n<li class=\"product-prop line-limit-length\"><span class=\"property-title\">Accessoires :\u00a0<\/span><span class=\"property-desc line-limit-length\">Crochet \u00e0 p\u00e2te<\/span><\/li>\n<li class=\"product-prop line-limit-length\"><span class=\"property-title\">Capacit\u00e9 du bol \u00e0 m\u00e9langer :\u00a0<\/span><span class=\"property-desc line-limit-length\">12L<\/span><\/li>\n<li class=\"product-prop line-limit-length\"><span class=\"property-title\">Nombre de r\u00e9glages de la vitesse :\u00a0<\/span><span class=\"property-desc line-limit-length\">6<\/span><\/li>\n<li class=\"product-prop line-limit-length\"><span class=\"property-title\">Puissance (W) :\u00a0<\/span><span class=\"property-desc line-limit-length\">1800<\/span><\/li>\n<li class=\"product-prop line-limit-length\"><span class=\"property-title\">Tension (V) :\u00a0<\/span><span class=\"property-desc line-limit-length\">220<\/span><\/li>\n<li class=\"product-prop line-limit-length\"><span class=\"property-title\">Lieu d'origine :\u00a0<\/span><span class=\"property-desc line-limit-length\">Zhejiang, Chine<\/span><\/li>\n<li class=\"product-prop line-limit-length\"><span class=\"property-title\">Nom de marque :\u00a0<\/span><span class=\"property-desc line-limit-length\">RAF<\/span><\/li>\n<li class=\"product-prop line-limit-length\"><span class=\"property-title\">Num\u00e9ro de mod\u00e8le :\u00a0<\/span><span class=\"property-desc line-limit-length\">R.6673<\/span><\/li>\n<li class=\"product-prop line-limit-length\"><span class=\"property-title\">Couleur :\u00a0<\/span><span class=\"property-desc line-limit-length\">Noir<\/span><\/li>\n<li class=\"product-prop line-limit-length\"><span class=\"property-title\">Utilisation :\u00a0<\/span><span class=\"property-desc line-limit-length\">Appareils de cuisine<\/span><\/li>\n<li class=\"product-prop line-limit-length\"><span class=\"property-title\">Emballage :\u00a0<\/span><span class=\"property-desc line-limit-length\">Bo\u00eete de couleur + carton<\/span><\/li>\n<li class=\"product-prop line-limit-length\"><span class=\"property-title\">Bouchon :\u00a0<\/span><span class=\"property-desc line-limit-length\">L'euro<\/span><\/li>\n<li class=\"product-prop line-limit-length\"><span class=\"property-title\">Type :\u00a0<\/span><span class=\"property-desc line-limit-length\">Mat\u00e9riel de cuisson<\/span><\/li>\n<\/ul>\n<\/div>\n<div class=\"detailmodule_html\">\n<div class=\"detail-desc-decorate-richtext\">\n<p>Nous pouvons soutenir les clients en gros, si vous voulez conna\u00eetre plus de d\u00e9tails sur le mod\u00e8le de produit ou le prix, ajoutez mon WhatsApp:+ 8619310098020(24 heures en ligne)<\/p>\n<div id=\"detail_decorate_root\" data-magic-global=\"%7B%22bizId%22%3A4213408053%2C%22pageId%22%3A21349178697%2C%22siteId%22%3A5005311063%7D\">\n<style type=\"text\/css\">#detail_decorate_root .magic-0{border-bottom-style:solid;border-bottom-color:#53647a;font-family:Roboto;font-size:24px;color:#53647a;font-style:normal;border-bottom-width:2px;padding-top:8px;padding-bottom:4px}#detail_decorate_root .magic-1{margin-bottom:10px;line-height:0}#detail_decorate_root .magic-2{width:750px;height:750px;overflow:hidden;margin-bottom:0}#detail_decorate_root .magic-3{position:relative;left:0;top:0;width:750px;height:750px}#detail_decorate_root .magic-4{margin-bottom:0}#detail_decorate_root .magic-5{position:relative;width:100%}#detail_decorate_root .magic-6{width:750px;border-collapse:collapse}#detail_decorate_root .magic-7{min-height:18px;padding:5px 10px;width:259px;min-height:18px;box-sizing:content-box}#detail_decorate_root .magic-8{min-height:18px;padding:5px 10px;width:442px;min-height:18px;box-sizing:content-box}#detail_decorate_root .magic-9{width:750px}#detail_decorate_root .magic-10{overflow:hidden;width:373px;height:373px;margin-top:0;margin-bottom:0;margin-left:0;margin-right:0}#detail_decorate_root .magic-11{margin-top:0;margin-left:0;width:373px;height:373px}#detail_decorate_root .magic-12{overflow:hidden;width:373px;height:373px;margin-top:0;margin-bottom:0;margin-left:4px;margin-right:0}#detail_decorate_root .magic-13{vertical-align:top}#detail_decorate_root .magic-14{vertical-align:top;display:block;padding-right:4px;box-sizing:border-box;padding-left:4px}#detail_decorate_root .magic-15{vertical-align:top;padding-bottom:4px;box-sizing:border-box;padding-top:4px}#detail_decorate_root .magic-16{padding:0;margin:0;white-space:pre-wrap;font-size:14px}#detail_decorate_root .magic-17{margin-bottom:10px;overflow:hidden}#detail_decorate_root .magic-18{overflow:hidden;width:750px;height:1016.25px;margin-top:0;margin-bottom:0;margin-left:0;margin-right:0}#detail_decorate_root .magic-19{margin-top:0;margin-left:0;width:750px;height:1016.25px}#detail_decorate_root .magic-20{overflow:hidden;width:750px;height:453.75px;margin-top:0;margin-bottom:0;margin-left:0;margin-right:0}#detail_decorate_root .magic-21{margin-top:0;margin-left:0;width:750px;height:453.75px}#detail_decorate_root .magic-22{overflow:hidden;width:750px;height:620.25px;margin-top:0;margin-bottom:0;margin-left:0;margin-right:0}#detail_decorate_root .magic-23{margin-top:0;margin-left:0;width:750px;height:620.25px}#detail_decorate_root .magic-24{overflow:hidden;width:750px;height:804.75px;margin-top:0;margin-bottom:0;margin-left:0;margin-right:0}#detail_decorate_root .magic-25{margin-top:0;margin-left:0;width:750px;height:804.75px}#detail_decorate_root .magic-26{overflow:hidden;width:750px;height:828px;margin-top:0;margin-bottom:0;margin-left:0;margin-right:0}#detail_decorate_root .magic-27{margin-top:0;margin-left:0;width:750px;height:828px}#detail_decorate_root .magic-28{overflow:hidden;width:750px;height:584.25px;margin-top:0;margin-bottom:0;margin-left:0;margin-right:0}#detail_decorate_root .magic-29{margin-top:0;margin-left:0;width:750px;height:584.25px}#detail_decorate_root .magic-30{overflow:hidden;width:750px;height:803.25px;margin-top:0;margin-bottom:0;margin-left:0;margin-right:0}#detail_decorate_root .magic-31{margin-top:0;margin-left:0;width:750px;height:803.25px}#detail_decorate_root .magic-32{overflow:hidden;width:750px;height:937.5px;margin-top:0;margin-bottom:0;margin-left:0;margin-right:0}#detail_decorate_root .magic-33{margin-top:0;margin-left:0;width:750px;height:937.5px} <\/style>\n<div>\n<div id=\"ali-anchor-AliMagic-14doak\" data-section=\"AliMagic-14doak\" data-section-title=\"Product Description\">Description du produit<\/div>\n<\/div>\n<div>\n<div>\n<div><img decoding=\"async\" class=\"magic-3\" src=\"https:\/\/ae01.alicdn.com\/kf\/S4af51cfd4f494b87afe301dc4f2e8351P.jpg?width=1000&amp;height=1000&amp;hash=2000\" \/><\/div>\n<div><img decoding=\"async\" class=\"magic-3\" src=\"https:\/\/ae01.alicdn.com\/kf\/Sd4c7ae42ea144cc89655014f985041d2N.jpg?width=1000&amp;height=1000&amp;hash=2000\" \/><\/div>\n<div><img decoding=\"async\" class=\"magic-3\" src=\"https:\/\/ae01.alicdn.com\/kf\/S332f2c5d3017401998a02d938482aa3dF.jpg?width=1000&amp;height=1000&amp;hash=2000\" \/><\/div>\n<div><img decoding=\"async\" class=\"magic-3\" src=\"https:\/\/ae01.alicdn.com\/kf\/S8ae47f940e504e4dbeb18f1293cf545ai.jpg?width=1000&amp;height=1000&amp;hash=2000\" \/><\/div>\n<div><img decoding=\"async\" class=\"magic-3\" src=\"https:\/\/ae01.alicdn.com\/kf\/Sef598a437b644ec98793c22e7e9409d2b.jpg?width=1000&amp;height=1000&amp;hash=2000\" \/><\/div>\n<div><img decoding=\"async\" class=\"magic-3\" src=\"https:\/\/ae01.alicdn.com\/kf\/S91d2d05122ea4319a81a84b8a55f50672.jpg?width=1000&amp;height=1000&amp;hash=2000\" \/><\/div>\n<div><img decoding=\"async\" class=\"magic-5\" src=\"https:\/\/ae01.alicdn.com\/kf\/S112e8efe8c1f456abb20eca7c2b7fb60H.jpg?width=1000&amp;height=1000&amp;hash=2000\" \/><\/div>\n<div><img decoding=\"async\" class=\"magic-5\" src=\"https:\/\/ae01.alicdn.com\/kf\/S20c9414b7f774bae9ef235f0af1df30dY.jpg?width=1000&amp;height=1000&amp;hash=2000\" \/><\/div>\n<div><img decoding=\"async\" class=\"magic-5\" src=\"https:\/\/ae01.alicdn.com\/kf\/Sc48334e4e8a84512943321a496b257e8s.jpg?width=1000&amp;height=1000&amp;hash=2000\" \/><\/div>\n<div><img decoding=\"async\" class=\"magic-5\" src=\"https:\/\/ae01.alicdn.com\/kf\/Sa0d5c17eccf44d39af959c96a57e31db7.jpg?width=1000&amp;height=1000&amp;hash=2000\" \/><\/div>\n<\/div>\n<\/div>\n<div>\n<div id=\"ali-anchor-AliMagic-8r2wtp\" data-section=\"AliMagic-8r2wtp\" data-section-title=\"Specification\">Sp\u00e9cification<\/div>\n<\/div>\n<div>\n<div>\n<table class=\"has-title all magic-6\">\n<tbody>\n<tr>\n<td colspan=\"1\" rowspan=\"1\">\n<div>Article<\/div>\n<\/td>\n<td colspan=\"1\" rowspan=\"1\">\n<div>Valeur<\/div>\n<\/td>\n<\/tr>\n<tr>\n<td colspan=\"1\" rowspan=\"1\">\n<div>Service apr\u00e8s-vente fourni<\/div>\n<\/td>\n<td colspan=\"1\" rowspan=\"1\">\n<div>Pi\u00e8ces d\u00e9tach\u00e9es gratuites<\/div>\n<\/td>\n<\/tr>\n<tr>\n<td colspan=\"1\" rowspan=\"1\">\n<div>Garantie<\/div>\n<\/td>\n<td colspan=\"1\" rowspan=\"1\">\n<div>1 ann\u00e9e<\/div>\n<\/td>\n<\/tr>\n<tr>\n<td colspan=\"1\" rowspan=\"1\">\n<div>Application<\/div>\n<\/td>\n<td colspan=\"1\" rowspan=\"1\">\n<div>M\u00e9nage<\/div>\n<\/td>\n<\/tr>\n<tr>\n<td colspan=\"1\" rowspan=\"1\">\n<div>Source d'alimentation<\/div>\n<\/td>\n<td colspan=\"1\" rowspan=\"1\">\n<div>\u00c9lectrique<\/div>\n<\/td>\n<\/tr>\n<tr>\n<td colspan=\"1\" rowspan=\"1\">\n<div>App-contr\u00f4l\u00e9<\/div>\n<\/td>\n<td colspan=\"1\" rowspan=\"1\">\n<div>NON<\/div>\n<\/td>\n<\/tr>\n<tr>\n<td colspan=\"1\" rowspan=\"1\">\n<div>Moule priv\u00e9<\/div>\n<\/td>\n<td colspan=\"1\" rowspan=\"1\">\n<div>NON<\/div>\n<\/td>\n<\/tr>\n<tr>\n<td colspan=\"1\" rowspan=\"1\">\n<div>Structure<\/div>\n<\/td>\n<td colspan=\"1\" rowspan=\"1\">\n<div>Support\/tableau<\/div>\n<\/td>\n<\/tr>\n<tr>\n<td colspan=\"1\" rowspan=\"1\">\n<div>\u00a0<\/div>\n<\/td>\n<td colspan=\"1\" rowspan=\"1\">\n<div>12L<\/div>\n<\/td>\n<\/tr>\n<tr>\n<td colspan=\"1\" rowspan=\"1\">\n<div>\u00a0<\/div>\n<\/td>\n<td colspan=\"1\" rowspan=\"1\">\n<div>Acier inoxydable<\/div>\n<\/td>\n<\/tr>\n<tr>\n<td colspan=\"1\" rowspan=\"1\">\n<div>Logement<\/div>\n<\/td>\n<td colspan=\"1\" rowspan=\"1\">\n<div>Plastique<\/div>\n<\/td>\n<\/tr>\n<tr>\n<td colspan=\"1\" rowspan=\"1\">\n<div>Caract\u00e9ristique<\/div>\n<\/td>\n<td colspan=\"1\" rowspan=\"1\">\n<div>Conception de Bol-Ascenseur<\/div>\n<\/td>\n<\/tr>\n<tr>\n<td colspan=\"1\" rowspan=\"1\">\n<div>Accessoires<\/div>\n<\/td>\n<td colspan=\"1\" rowspan=\"1\">\n<div>Crochet \u00e0 p\u00e2te<\/div>\n<\/td>\n<\/tr>\n<tr>\n<td colspan=\"1\" rowspan=\"1\">\n<div>Nombre de r\u00e9glages de vitesse<\/div>\n<\/td>\n<td colspan=\"1\" rowspan=\"1\">\n<div>6<\/div>\n<\/td>\n<\/tr>\n<tr>\n<td colspan=\"1\" rowspan=\"1\">\n<div>Puissance (W)<\/div>\n<\/td>\n<td colspan=\"1\" rowspan=\"1\">\n<div>1800<\/div>\n<\/td>\n<\/tr>\n<tr>\n<td colspan=\"1\" rowspan=\"1\">\n<div>Tension (V)<\/div>\n<\/td>\n<td colspan=\"1\" rowspan=\"1\">\n<div>220<\/div>\n<\/td>\n<\/tr>\n<tr>\n<td colspan=\"1\" rowspan=\"1\">\n<div>Lieu d'origine<\/div>\n<\/td>\n<td colspan=\"1\" rowspan=\"1\">\n<div>Chine<\/div>\n<\/td>\n<\/tr>\n<tr>\n<td colspan=\"1\" rowspan=\"1\">\n<div>\u00a0<\/div>\n<\/td>\n<td colspan=\"1\" rowspan=\"1\">\n<div>Zhejiang<\/div>\n<\/td>\n<\/tr>\n<tr>\n<td colspan=\"1\" rowspan=\"1\">\n<div>Nom de marque<\/div>\n<\/td>\n<td colspan=\"1\" rowspan=\"1\">\n<div>RAF<\/div>\n<\/td>\n<\/tr>\n<tr>\n<td colspan=\"1\" rowspan=\"1\">\n<div>Num\u00e9ro de mod\u00e8le<\/div>\n<\/td>\n<td colspan=\"1\" rowspan=\"1\">\n<div>R.6673<\/div>\n<\/td>\n<\/tr>\n<tr>\n<td colspan=\"1\" rowspan=\"1\">\n<div>Couleur<\/div>\n<\/td>\n<td colspan=\"1\" rowspan=\"1\">\n<div>Noir<\/div>\n<\/td>\n<\/tr>\n<tr>\n<td colspan=\"1\" rowspan=\"1\">\n<div>Utilisation<\/div>\n<\/td>\n<td colspan=\"1\" rowspan=\"1\">\n<div>Appareils de cuisine<\/div>\n<\/td>\n<\/tr>\n<tr>\n<td colspan=\"1\" rowspan=\"1\">\n<div>Emballage<\/div>\n<\/td>\n<td colspan=\"1\" rowspan=\"1\">\n<div>Bo\u00eete de couleur + carton<\/div>\n<\/td>\n<\/tr>\n<tr>\n<td colspan=\"1\" rowspan=\"1\">\n<div>Fiche<\/div>\n<\/td>\n<td colspan=\"1\" rowspan=\"1\">\n<div>L'euro<\/div>\n<\/td>\n<\/tr>\n<tr>\n<td colspan=\"1\" rowspan=\"1\">\n<div>Type<\/div>\n<\/td>\n<td colspan=\"1\" rowspan=\"1\">\n<div>\u00c9quipement de cuisson<\/div>\n<\/td>\n<\/tr>\n<\/tbody>\n<\/table>\n<\/div>\n<\/div>\n<div>\n<div id=\"ali-anchor-AliMagic-h1rxtv\" data-section=\"AliMagic-h1rxtv\" data-section-title=\"Packing &amp; Delivery\">Emballage et livraison<\/div>\n<\/div>\n<div>\n<div>\n<div>\n<div>\n<div>\n<div><img decoding=\"async\" class=\"magic-11\" src=\"https:\/\/ae01.alicdn.com\/kf\/Sb6ae0e1671444714b130121d5fcd6291V.jpg?width=1000&amp;height=1000&amp;hash=2000\" \/><\/div>\n<div><img decoding=\"async\" class=\"magic-11\" src=\"https:\/\/ae01.alicdn.com\/kf\/Sc140514792134c5aaea1b630d6b2be51E.jpg?width=1000&amp;height=1000&amp;hash=2000\" \/><\/div>\n<\/div>\n<\/div>\n<\/div>\n<\/div>\n<\/div>\n<div>\n<div>\n<div>\n<div>\n<div>\n<div>Bo\u00eete de couleur<\/div>\n<\/div>\n<\/div>\n<\/div>\n<\/div>\n<\/div>\n<div>\n<div id=\"ali-anchor-AliMagic-3nfj1t\" data-section=\"AliMagic-3nfj1t\" data-section-title=\"Company Profile\">Profil de l'entreprise<\/div>\n<\/div>\n<div>\n<div data-magic=\"{&quot;mds&quot;:{&quot;assetsVersion&quot;:&quot;0.0.6&quot;,&quot;assetsPackageName&quot;:&quot;icbumod&quot;,&quot;moduleNameAlias&quot;:&quot;icbu-pc-detailVideoShow&quot;,&quot;moduleData&quot;:{&quot;videoInfo&quot;:{&quot;coverUrl&quot;:&quot;https:\/\/sc02.alicdn.com\/kf\/Hddf1be1c759f43f6a60eb93a08153263e.jpg&quot;,&quot;videoId&quot;:&quot;399092564382&quot;},&quot;hideBottom&quot;:false}},&quot;version&quot;:1}\">\u00a0<\/div>\n<\/div>\n<div>\n<div>\n<div>\n<div>\n<div>\n<div>Yiwu Fengtong Electric Appliance Co., Ltd. distribue des fers \u00e9lectriques en gros, des bouilloires \u00e9lectriques, des m\u00e9langeurs de nourriture, des machines \u00e0 caf\u00e9, des machines \u00e0 steak et jouit d'un statut \u00e9lev\u00e9 parmi les consommateurs. La soci\u00e9t\u00e9 a \u00e9tabli des relations de coop\u00e9ration stables \u00e0 long terme avec de nombreux d\u00e9taillants et agents. Yiwu Feng tong Electric Appliance Co. distribue des fers \u00e9lectriques, des bouilloires \u00e0 eau chaude, des m\u00e9langeurs de nourriture, des machines \u00e0 caf\u00e9, des machines \u00e0 steak avec des vari\u00e9t\u00e9s compl\u00e8tes et des prix raisonnables. Yi wu Feng tong Electrical Appliance Co., Ltd. a une forte force et a gagn\u00e9 la confiance des clients en respectant le cr\u00e9dit, en respectant les contrats, en assurant la qualit\u00e9 du produit, caract\u00e9ristiques de fonctionnement de diverses vari\u00e9t\u00e9s et le principe de petits b\u00e9n\u00e9fices et plus de ventes.<\/div>\n<\/div>\n<\/div>\n<\/div>\n<\/div>\n<\/div>\n<div>\n<div>\n<div>\n<div>\n<div>\n<div><img decoding=\"async\" class=\"magic-19\" src=\"https:\/\/ae01.alicdn.com\/kf\/S709eff23d56540da830464705b0cae967.jpg?width=1000&amp;height=1355&amp;hash=2355\" \/><\/div>\n<\/div>\n<\/div>\n<\/div>\n<\/div>\n<\/div>\n<div>\n<div>\n<div>\n<div>\n<div>\n<div><img decoding=\"async\" class=\"magic-21\" src=\"https:\/\/ae01.alicdn.com\/kf\/S0eed267368fb46a283570d44c43f565eR.jpg?width=1000&amp;height=605&amp;hash=1605\" \/><\/div>\n<\/div>\n<\/div>\n<\/div>\n<\/div>\n<\/div>\n<div>\n<div>\n<div>\n<div>\n<div>\n<div><img decoding=\"async\" class=\"magic-23\" src=\"https:\/\/ae01.alicdn.com\/kf\/Saf39329640164b3593c0ad617ee25265k.jpg?width=1000&amp;height=827&amp;hash=1827\" \/><\/div>\n<\/div>\n<\/div>\n<\/div>\n<\/div>\n<\/div>\n<div>\n<div>\n<div>\n<div>\n<div>\n<div><img decoding=\"async\" class=\"magic-25\" src=\"https:\/\/ae01.alicdn.com\/kf\/S6ba6f4bf49e049159432faeef91323b09.jpg?width=1000&amp;height=1073&amp;hash=2073\" \/><\/div>\n<\/div>\n<\/div>\n<\/div>\n<\/div>\n<\/div>\n<div>\n<div>\n<div>\n<div>\n<div>\n<div><img decoding=\"async\" class=\"magic-27\" src=\"https:\/\/ae01.alicdn.com\/kf\/Sbfeefa608da24d5f8ca151021ab65d1de.jpg?width=1000&amp;height=1104&amp;hash=2104\" \/><\/div>\n<\/div>\n<\/div>\n<\/div>\n<\/div>\n<\/div>\n<div>\n<div>\n<div>\n<div>\n<div>\n<div><img decoding=\"async\" class=\"magic-29\" src=\"https:\/\/ae01.alicdn.com\/kf\/S90b08dc4626246ad96b2be65c66261433.jpg?width=1000&amp;height=779&amp;hash=1779\" \/><\/div>\n<\/div>\n<\/div>\n<\/div>\n<\/div>\n<\/div>\n<div>\n<div>\n<div>\n<div>\n<div>\n<div><img decoding=\"async\" class=\"magic-31\" src=\"https:\/\/ae01.alicdn.com\/kf\/S59d33bb5a1bd45c3a5a0b59703344361z.jpg?width=1000&amp;height=1071&amp;hash=2071\" \/><\/div>\n<\/div>\n<\/div>\n<\/div>\n<\/div>\n<\/div>\n<div>\n<div id=\"ali-anchor-AliMagic-24b6yz\" data-section=\"AliMagic-24b6yz\" data-section-title=\"FAQ\">FAQ<\/div>\n<\/div>\n<div>\n<div>\n<div>\n<div>\n<div>\n<div><b>1. Qui sommes-nous ?<\/b><\/p>\n<p>Nous sommes bas\u00e9s dans la province du Zhejiang, en Chine, \u00e0 partir de 2017, vendre en Asie du Sud-Est (25.00%), Afrique (15.00%), Moyen-Orient (15.00%), Europe de l'Est (13.00%), am\u00e9rique du Sud (12.00%), Oc\u00e9anie (10.00%), Europe occidentale (10.00%), Asie du Sud (0.00%), Asie de l'Est (0.00%), Am\u00e9rique du Nord (0.00%), europe du Sud (0.00%), Am\u00e9rique centrale (0.00%), Europe du Nord (0.00%), March\u00e9 int\u00e9rieur (0.00%). Il y a environ 11 \u00e0 50 personnes dans notre bureau.<\/p>\n<p><b>2. Comment pouvons-nous garantir la qualit\u00e9 ?<\/b><\/p>\n<p>Toujours un \u00e9chantillon de pr\u00e9-production avant la production de masse ;<\/p>\n<p>Toujours l'inspection finale avant l'exp\u00e9dition ;<\/p>\n<p><b>3. Que pouvez-vous acheter chez nous ?<\/b><\/p>\n<p>Appareils m\u00e9nagers<\/p>\n<p><b>4. Pourquoi devriez-vous acheter chez nous et non chez d'autres fournisseurs ?<\/b><\/p>\n<p>Yiwu Fengtong Electrical Appliance Co., Ltd. a \u00e9t\u00e9 cr\u00e9\u00e9e en 2017 et est situ\u00e9e \u00e0 Yiwu, en Chine, B\u00e9n\u00e9ficiant d'un transport pratique et d'un bel environnement. Notre soci\u00e9t\u00e9 couvre une superficie de 3 4 0 m\u00e8tres carr\u00e9s et a 20 ~ 50 employ\u00e9s. Nous sommes sp\u00e9cialis\u00e9s<\/p>\n<p><b>5. quels services pouvons-nous fournir ?<\/b><\/p>\n<p>Conditions de livraison accept\u00e9es : FOB,EXW,DDP,DAF ;<\/p>\n<p>Devise de paiement accept\u00e9e : USD,CNY ;<\/p>\n<p>Type de paiement accept\u00e9 : T\/T, carte de cr\u00e9dit, Western Union, esp\u00e8ces ;<\/p>\n<p>Langue parl\u00e9e : anglais, chinois, espagnol, japonais, portugais, allemand, arabe, fran\u00e7ais, russe, cor\u00e9en, hindi, italien<\/p>\n<\/div>\n<\/div>\n<\/div>\n<\/div>\n<\/div>\n<\/div>\n<div>\n<div>\n<div>\n<div>\n<div>\n<div><img decoding=\"async\" class=\"magic-33\" src=\"https:\/\/ae01.alicdn.com\/kf\/S34859a92ddb145c2bc24d0f6fcc54390b.jpg?width=800&amp;height=1000&amp;hash=1800\" \/><\/p>\n<p><img decoding=\"async\" src=\"https:\/\/ae01.alicdn.com\/kf\/Sb6da274ba1be40a083d1dc9a370439c90.jpg?width=1024&amp;height=569&amp;hash=1593\" \/><\/div>\n<\/div>\n<\/div>\n<\/div>\n<\/div>\n<\/div>\n<\/div>\n<\/div>\n<\/div>","protected":false},"excerpt":{"rendered":"<p>Chimique Hign-concern\u00e9:\u00a0Aucun Type:\u00a0Pi\u00e8ces d\u2019outil \u00e0 main Origine:\u00a0CN (Origine) After-sales Service Provided:\u00a0Free spare parts Warranty:\u00a01 Year Application:\u00a0Household Power Source:\u00a0Electric App-Controlled:\u00a0NO Private<\/p>","protected":false},"featured_media":3640,"comment_status":"open","ping_status":"closed","template":"","meta":[],"product_brand":[],"product_cat":[15],"product_tag":[],"class_list":{"0":"post-3639","1":"product","2":"type-product","3":"status-publish","4":"has-post-thumbnail","6":"product_cat-uncategorized","8":"first","9":"instock","10":"shipping-taxable","11":"purchasable","12":"product-type-simple"},"jetpack_sharing_enabled":true,"_links":{"self":[{"href":"https:\/\/afrycom.com\/fr\/wp-json\/wp\/v2\/product\/3639","targetHints":{"allow":["GET"]}}],"collection":[{"href":"https:\/\/afrycom.com\/fr\/wp-json\/wp\/v2\/product"}],"about":[{"href":"https:\/\/afrycom.com\/fr\/wp-json\/wp\/v2\/types\/product"}],"replies":[{"embeddable":true,"href":"https:\/\/afrycom.com\/fr\/wp-json\/wp\/v2\/comments?post=3639"}],"wp:featuredmedia":[{"embeddable":true,"href":"https:\/\/afrycom.com\/fr\/wp-json\/wp\/v2\/media\/3640"}],"wp:attachment":[{"href":"https:\/\/afrycom.com\/fr\/wp-json\/wp\/v2\/media?parent=3639"}],"wp:term":[{"taxonomy":"product_brand","embeddable":true,"href":"https:\/\/afrycom.com\/fr\/wp-json\/wp\/v2\/product_brand?post=3639"},{"taxonomy":"product_cat","embeddable":true,"href":"https:\/\/afrycom.com\/fr\/wp-json\/wp\/v2\/product_cat?post=3639"},{"taxonomy":"product_tag","embeddable":true,"href":"https:\/\/afrycom.com\/fr\/wp-json\/wp\/v2\/product_tag?post=3639"}],"curies":[{"name":"wp","href":"https:\/\/api.w.org\/{rel}","templated":true}]}}