{"id":3616,"date":"2025-03-08T07:37:53","date_gmt":"2025-03-08T07:37:53","guid":{"rendered":"https:\/\/afrycom.com\/product\/tasse-de-melange-de-poudre-de-proteines-electrique-de-650ml-shaker-automatique-melangeur-de-bouteille-bouteille-de-secousse-melangeur-de-lait-et-de-cafe-bouilloire-pour-salle-de-sport-en-plein-ai\/"},"modified":"2025-10-21T03:24:26","modified_gmt":"2025-10-21T03:24:26","slug":"tasse-de-melange-de-poudre-de-proteines-electrique-de-650ml-shaker-automatique-melangeur-de-bouteille-bouteille-de-secousse-melangeur-de-lait-et-de-cafe-bouilloire-pour-salle-de-sport-en-plein-ai","status":"publish","type":"product","link":"https:\/\/afrycom.com\/fr\/produit\/tasse-de-melange-de-poudre-de-proteines-electrique-de-650ml-shaker-automatique-melangeur-de-bouteille-bouteille-de-secousse-melangeur-de-lait-et-de-cafe-bouilloire-pour-salle-de-sport-en-plein-ai\/","title":{"rendered":"Tasse de m\u00e9lange de poudre de prot\u00e9ines \u00e9lectrique de 650ml, Shaker automatique, m\u00e9langeur de bouteille, bouteille de secousse, m\u00e9langeur de lait et de caf\u00e9, bouilloire pour salle de sport en plein air"},"content":{"rendered":"<div class=\"product-specs-list-container\">\n<ul class=\"product-specs-list util-clearfix\">\n<li class=\"product-prop line-limit-length\"><span class=\"property-title\">Chimique Hign-concern\u00e9 :\u00a0<\/span><span class=\"property-desc line-limit-length\">Aucun<\/span><\/li>\n<li class=\"product-prop line-limit-length\"><span class=\"property-title\">Mat\u00e9riau :\u00a0<\/span><span class=\"property-desc line-limit-length\">PE<\/span><\/li>\n<li class=\"product-prop line-limit-length\"><span class=\"property-title\">Nom de marque :\u00a0<\/span><span class=\"property-desc line-limit-length\">DUTRIEUX<\/span><\/li>\n<li class=\"product-prop line-limit-length\"><span class=\"property-title\">Origine :\u00a0<\/span><span class=\"property-desc line-limit-length\">CN (Origine)<\/span><\/li>\n<li class=\"product-prop line-limit-length\"><span class=\"property-title\">Mat\u00e9riau :\u00a0<\/span><span class=\"property-desc line-limit-length\">US Eastman Tritan<\/span><\/li>\n<li class=\"product-prop line-limit-length\"><span class=\"property-title\">Couleur :\u00a0<\/span><span class=\"property-desc line-limit-length\">Noir\/rose\/blanc\/bleu<\/span><\/li>\n<\/ul>\n<\/div>\n<div class=\"detailmodule_html\">\n<div class=\"detail-desc-decorate-richtext\">\n<div>Mat\u00e9riau de la tasse : Tritan, ABS, PP<\/div>\n<div><\/div>\n<div>Capacit\u00e9 de la batterie : 800 mAh<\/div>\n<div><\/div>\n<div>Vitesse du moteur : 7500 tr\/min<\/div>\n<div><\/div>\n<div>Tension et courant d'entr\u00e9e : DC5V1A<\/div>\n<div><\/div>\n<div>Tension nominale : 3,7 V<\/div>\n<div><\/div>\n<div>Puissance : 3 W<\/div>\n<div><\/div>\n<div>M\u00e9thode de d\u00e9marrage : appui long pour d\u00e9marrer<\/div>\n<div><\/div>\n<div>M\u00e9thode de chargement : USB Type C<\/div>\n<div><\/div>\n<div>Temps de charge : environ 2 heures<\/div>\n<div><\/div>\n<div>Temps d'utilisation : environ 30 minutes<\/div>\n<div><\/div>\n<div>\u3010M\u00e9lange efficace, dites adieu aux \" bosses \"\u3011 Le flacon shaker \u00e9lectrique m\u00e9langez uniform\u00e9ment la poudre prot\u00e9ique avec une forte puissance moteur qui tourne \u00e0 7500 tr\/min, assurant un m\u00e9lange fluide sans grumeaux.La fonction super m\u00e9lange n'a pas besoin de s'inqui\u00e9ter des grumeaux qui ne se dissolvent plus dans ces boissons.<\/div>\n<div><\/div>\n<div>\u3010Batterie puissante\u3011 Afin d'obtenir un m\u00e9lange plus puissant, nos moteurs sont des moteurs plus efficaces.Le moteur puissant garantit qu'il n'y a pas de blocs restants (les performances peuvent \u00eatre l\u00e9g\u00e8rement r\u00e9duites lorsque la batterie est faible).Remarque : vous devez appuyer longuement pendant 2 secondes pour allumer la bouteille du shaker \u00e9lectrique.<\/div>\n<div><\/div>\n<div>Facile \u00e0 nettoyer : versez un d\u00e9tergent neutre dans nos bouteilles de mixeur ou simplement de l'eau et cliquez sur le bouton du moteur pour se nettoyer.Laissez le shaker cr\u00e9er un vortex et rincez-le!De plus, nous avons pr\u00e9par\u00e9 pour vous une brosse afin que vous puissiez la nettoyer en profondeur pour prolonger la dur\u00e9e de vie de la bouteille.Remarque : Ne le mettez pas au lave-vaisselle !<\/div>\n<div><\/div>\n<div>\u3010Cadeau incroyable pour les amateurs de fitness\u3011 La bouteille shaker prot\u00e9in\u00e9 est le cadeau de premier choix pour les amateurs de fitness pour les anniversaires, No\u00ebl, Thanksgiving et plus encore.La bouteille shaker \u00e9lectrique aide \u00e0 faire le travail plus facilement, plus rapidement et plus confortablement.<\/div>\n<div><\/div>\n<div>\u3010Conteneur de prot\u00e9ines en poudre\u3011 La diff\u00e9rence par rapport \u00e0 la premi\u00e8re g\u00e9n\u00e9ration est que notre r\u00e9cipient de prot\u00e9ines en poudre peut \u00eatre fix\u00e9 sur le couvercle de la tasse et ne prendra pas de place suppl\u00e9mentaire.<\/div>\n<div class=\"detailmodule_image\"><img decoding=\"async\" class=\"detail-desc-decorate-image\" src=\"https:\/\/sc04.alicdn.com\/kf\/H8d1cdbee374946209c44a57f114bf188X\/222356385\/H8d1cdbee374946209c44a57f114bf188X.jpg\" \/><\/div>\n<div class=\"detailmodule_image\"><img decoding=\"async\" class=\"detail-desc-decorate-image\" src=\"https:\/\/sc04.alicdn.com\/kf\/H0c1533f78ffe4f23ba3b1df3f1b6c9d7y\/222356385\/H0c1533f78ffe4f23ba3b1df3f1b6c9d7y.jpg\" \/><\/div>\n<div class=\"detailmodule_image\"><img decoding=\"async\" class=\"detail-desc-decorate-image\" src=\"https:\/\/sc04.alicdn.com\/kf\/Hcbf7fb54d9134b6b97018af58c1235baP\/222356385\/Hcbf7fb54d9134b6b97018af58c1235baP.jpg\" \/><\/div>\n<div class=\"detailmodule_image\"><img decoding=\"async\" class=\"detail-desc-decorate-image\" src=\"https:\/\/sc04.alicdn.com\/kf\/H4096f6120f45485f95ef38deb6b7f22bC\/222356385\/H4096f6120f45485f95ef38deb6b7f22bC.jpg\" \/><\/div>\n<div class=\"detailmodule_image\"><img decoding=\"async\" class=\"detail-desc-decorate-image\" src=\"https:\/\/sc04.alicdn.com\/kf\/Hbf15cc540bb24970a1a0f3ff7d39f4c3m\/222356385\/Hbf15cc540bb24970a1a0f3ff7d39f4c3m.jpg\" \/><\/div>\n<div class=\"detailmodule_image\"><\/div>\n<div class=\"detailmodule_image\"><\/div>\n<div class=\"detailmodule_image\"><img decoding=\"async\" class=\"detail-desc-decorate-image\" src=\"https:\/\/sc04.alicdn.com\/kf\/H64ac3fcc661747bfa692a17cec705743j\/222356385\/H64ac3fcc661747bfa692a17cec705743j.jpg\" \/><\/div>\n<div class=\"detailmodule_image\"><\/div>\n<div class=\"detailmodule_image\"><img decoding=\"async\" class=\"detail-desc-decorate-image\" src=\"https:\/\/sc04.alicdn.com\/kf\/H3e827b57324e41c1add3ceb06ef2401fW\/222356385\/H3e827b57324e41c1add3ceb06ef2401fW.jpg\" \/><\/div>\n<\/div>\n<\/div>","protected":false},"excerpt":{"rendered":"<p>Chimique Hign-concern\u00e9:\u00a0Aucun Mat\u00e9riau:\u00a0PE Nom de marque:\u00a0DUTRIEUX Origine:\u00a0CN (Origine) Material:\u00a0US Eastman Tritan Color:\u00a0Black\/Pink\/White\/blue Mat\u00e9riau de la tasse : Tritan, ABS, PP<\/p>","protected":false},"featured_media":3617,"comment_status":"open","ping_status":"closed","template":"","meta":[],"product_brand":[],"product_cat":[32,5748,31,5767,5766],"product_tag":[],"class_list":{"0":"post-3616","1":"product","2":"type-product","3":"status-publish","4":"has-post-thumbnail","6":"product_cat-blenders-small-kitchen-appliances-appliances","7":"product_cat-gym-essentials","8":"product_cat-small-kitchen-appliances-appliances","9":"product_cat-sport-nutrition","10":"product_cat-water-bottle","12":"first","13":"instock","14":"sale","15":"shipping-taxable","16":"purchasable","17":"product-type-variable"},"jetpack_sharing_enabled":true,"_links":{"self":[{"href":"https:\/\/afrycom.com\/fr\/wp-json\/wp\/v2\/product\/3616","targetHints":{"allow":["GET"]}}],"collection":[{"href":"https:\/\/afrycom.com\/fr\/wp-json\/wp\/v2\/product"}],"about":[{"href":"https:\/\/afrycom.com\/fr\/wp-json\/wp\/v2\/types\/product"}],"replies":[{"embeddable":true,"href":"https:\/\/afrycom.com\/fr\/wp-json\/wp\/v2\/comments?post=3616"}],"wp:featuredmedia":[{"embeddable":true,"href":"https:\/\/afrycom.com\/fr\/wp-json\/wp\/v2\/media\/3617"}],"wp:attachment":[{"href":"https:\/\/afrycom.com\/fr\/wp-json\/wp\/v2\/media?parent=3616"}],"wp:term":[{"taxonomy":"product_brand","embeddable":true,"href":"https:\/\/afrycom.com\/fr\/wp-json\/wp\/v2\/product_brand?post=3616"},{"taxonomy":"product_cat","embeddable":true,"href":"https:\/\/afrycom.com\/fr\/wp-json\/wp\/v2\/product_cat?post=3616"},{"taxonomy":"product_tag","embeddable":true,"href":"https:\/\/afrycom.com\/fr\/wp-json\/wp\/v2\/product_tag?post=3616"}],"curies":[{"name":"wp","href":"https:\/\/api.w.org\/{rel}","templated":true}]}}