{"id":3605,"date":"2025-03-08T07:36:31","date_gmt":"2025-03-08T07:36:31","guid":{"rendered":"https:\/\/afrycom.com\/product\/bouteille-deau-creative-de-500ml-avec-paille-couvercle-pop-up-en-plastique-portable-tasse-deau-pour-ecoliers-bouteille-de-boisson-mignonne-anti-fuite\/"},"modified":"2025-06-23T06:26:43","modified_gmt":"2025-06-23T06:26:43","slug":"bouteille-deau-creative-de-500ml-avec-paille-couvercle-pop-up-en-plastique-portable-tasse-deau-pour-ecoliers-bouteille-de-boisson-mignonne-anti-fuite","status":"publish","type":"product","link":"https:\/\/afrycom.com\/fr\/produit\/bouteille-deau-creative-de-500ml-avec-paille-couvercle-pop-up-en-plastique-portable-tasse-deau-pour-ecoliers-bouteille-de-boisson-mignonne-anti-fuite\/","title":{"rendered":"Bouteille d'eau cr\u00e9ative de 500ml avec paille, couvercle Pop-Up en plastique Portable, tasse d'eau pour \u00e9coliers, bouteille de boisson mignonne anti-fuite"},"content":{"rendered":"<p>&nbsp;<\/p>\n<div class=\"product-specs-list-container\">\n<ul class=\"product-specs-list util-clearfix\">\n<li class=\"product-prop line-limit-length\"><span class=\"property-title\">R\u00e9utilisabilit\u00e9 :\u00a0<\/span><span class=\"property-desc line-limit-length\">R\u00e9utilisable<\/span><\/li>\n<li class=\"product-prop line-limit-length\"><span class=\"property-title\">Chimique Hign-concern\u00e9 :\u00a0<\/span><span class=\"property-desc line-limit-length\">Aucun<\/span><\/li>\n<li class=\"product-prop line-limit-length\"><span class=\"property-title\">Instructions de soins :\u00a0<\/span><span class=\"property-desc line-limit-length\">Lavage \u00e0 la main seulement<\/span><\/li>\n<li class=\"product-prop line-limit-length\"><span class=\"property-title\">Activit\u00e9 en plein air :\u00a0<\/span><span class=\"property-desc line-limit-length\">Camp<\/span><\/li>\n<li class=\"product-prop line-limit-length\"><span class=\"property-title\">Caract\u00e9ristique :\u00a0<\/span><span class=\"property-desc line-limit-length\">Respect de l'environnement<\/span><\/li>\n<li class=\"product-prop line-limit-length\"><span class=\"property-title\">Certification :\u00a0<\/span><span class=\"property-desc line-limit-length\">CE \/ UE<\/span><\/li>\n<li class=\"product-prop line-limit-length\"><span class=\"property-title\">Forme :\u00a0<\/span><span class=\"property-desc line-limit-length\">avec couvercle<\/span><\/li>\n<li class=\"product-prop line-limit-length\"><span class=\"property-title\">Personnes Applicables :\u00a0<\/span><span class=\"property-desc line-limit-length\">Adultes<\/span><\/li>\n<li class=\"product-prop line-limit-length\"><span class=\"property-title\">Types de mat\u00e9riaux non inclus :\u00a0<\/span><span class=\"property-desc line-limit-length\">Sans BPA<\/span><\/li>\n<li class=\"product-prop line-limit-length\"><span class=\"property-title\">Mat\u00e9riau :\u00a0<\/span><span class=\"property-desc line-limit-length\">plastique<\/span><\/li>\n<li class=\"product-prop line-limit-length\"><span class=\"property-title\">M\u00e9thode d'\u00e9coulement de l'eau :\u00a0<\/span><span class=\"property-desc line-limit-length\">Type de paille<\/span><\/li>\n<li class=\"product-prop line-limit-length\"><span class=\"property-title\">Style :\u00a0<\/span><span class=\"property-desc line-limit-length\">BREF<\/span><\/li>\n<li class=\"product-prop line-limit-length\"><span class=\"property-title\">Origine :\u00a0<\/span><span class=\"property-desc line-limit-length\">CN (Origine)<\/span><\/li>\n<li class=\"product-prop line-limit-length\"><span class=\"property-title\">Type d'ustensiles de boisson :\u00a0<\/span><span class=\"property-desc line-limit-length\">Eau Bouteilles<\/span><\/li>\n<li class=\"product-prop line-limit-length\"><span class=\"property-title\">Fonction :\u00a0<\/span><span class=\"property-desc line-limit-length\">Couvercle pop-up en un clic<\/span><\/li>\n<li class=\"product-prop line-limit-length\"><span class=\"property-title\">Mignon gobelet avec paille :\u00a0<\/span><span class=\"property-desc line-limit-length\">bouteille d'eau transparente<\/span><\/li>\n<li class=\"product-prop line-limit-length\"><span class=\"property-title\">l'eau potable :\u00a0<\/span><span class=\"property-desc line-limit-length\">boissons simples<\/span><\/li>\n<li class=\"product-prop line-limit-length\"><span class=\"property-title\">bouteilles d'eau transparentes r\u00e9utilisables :\u00a0<\/span><span class=\"property-desc line-limit-length\">bouteille pour adolescents<\/span><\/li>\n<li class=\"product-prop line-limit-length\"><span class=\"property-title\">botella de agua :\u00a0<\/span><span class=\"property-desc line-limit-length\">gourde<\/span><\/li>\n<li class=\"product-prop line-limit-length\"><span class=\"property-title\">garrafa de agua :\u00a0<\/span><span class=\"property-desc line-limit-length\">bouteilles d'eau<\/span><\/li>\n<\/ul>\n<\/div>\n<div class=\"detailmodule_html\">\n<div class=\"detail-desc-decorate-richtext\">\n<div class=\"detailmodule_html\">\n<div class=\"detail-desc-decorate-richtext\">\n<div id=\"offer-template-0\"><span style=\"font-size: 24px;\"><strong>Description<\/strong><\/span><\/div>\n<div style=\"text-align: center;\" align=\"center\"><span style=\"font-size: 24px;\"><br \/>\nBouteille d'eau cr\u00e9ative de 500ml avec paille, couvercle Pop-Up en plastique Portable, tasse d'eau pour l'\u00e9cole et les enfants, bouteille \u00e0 boire mignonne anti-fuite<\/span><\/div>\n<div>\n<span style=\"font-size: 20px;\">Sp\u00e9cifications :<br \/>\nCouleur : vert,<\/span><span style=\"font-size: 20px;\"><span style=\"background-color: #ffffff;\">Bleu<\/span><\/span><span style=\"font-size: 20px;\"> , <\/span><span style=\"font-size: 20px;\"><span style=\"background-color: #ffffff;\">Rose<\/span><\/span><span style=\"font-size: 20px;\"> , <\/span><span style=\"font-size: 20px;\"><span style=\"background-color: #ffffff;\">Gris<\/span><\/span><span style=\"font-size: 20px;\"><\/p>\n<p>Capacit\u00e9 : 500 ml<br \/>\nTaille : 7*18,5 cm<\/p>\n<p>Remarque :<br \/>\n1. En raison des diff\u00e9rents effets de moniteur et de lumi\u00e8re, la couleur r\u00e9elle de l'article peut \u00eatre l\u00e9g\u00e8rement diff\u00e9rente de la couleur montr\u00e9e sur les images. Merci de votre compr\u00e9hension.<br \/>\n2. Veuillez permettre un \u00e9cart de mesure de 0,5 \u00e0 3 cm en raison de la mesure manuelle.<\/span><\/div>\n<div style=\"width: 790px;\"><img decoding=\"async\" style=\"display: block; width: 100%; height: auto;\" src=\"https:\/\/ae01.alicdn.com\/kf\/Saea8d37fc49e4733affbe0ddfe1bf558f.jpg?width=800&amp;height=800&amp;hash=1600\" usemap=\"#_sdmap_1\" width=\"100%\" height=\"auto\" \/> <img decoding=\"async\" style=\"display: block; width: 100%; height: auto;\" src=\"https:\/\/ae01.alicdn.com\/kf\/Sc7b9937ee88c42dca38abe5f61ae6844i.jpg?width=800&amp;height=1067&amp;hash=1867\" usemap=\"#_sdmap_2\" width=\"100%\" height=\"auto\" \/> <img decoding=\"async\" style=\"display: block; width: 100%; height: auto;\" src=\"https:\/\/ae01.alicdn.com\/kf\/Se35ab49475a14ff2a3acb94951d699a6z.jpg?width=800&amp;height=1067&amp;hash=1867\" usemap=\"#_sdmap_3\" width=\"100%\" height=\"auto\" \/> <img decoding=\"async\" style=\"display: block; width: 100%; height: auto;\" src=\"https:\/\/ae01.alicdn.com\/kf\/S3154f0cf39c04e2a867a3d774de555f8L.jpg?width=800&amp;height=1067&amp;hash=1867\" usemap=\"#_sdmap_4\" width=\"100%\" height=\"auto\" \/> <img decoding=\"async\" style=\"display: block; width: 100%; height: auto;\" src=\"https:\/\/ae01.alicdn.com\/kf\/Sd27c381e158642bab7f816b5b31139ddX.jpg?width=800&amp;height=1067&amp;hash=1867\" usemap=\"#_sdmap_5\" width=\"100%\" height=\"auto\" \/> <img decoding=\"async\" style=\"display: block; width: 100%; height: auto;\" src=\"https:\/\/ae01.alicdn.com\/kf\/S84e897afa7c94223bb4d97c0183df2f3o.jpg?width=800&amp;height=800&amp;hash=1600\" usemap=\"#_sdmap_6\" width=\"100%\" height=\"auto\" \/> <img decoding=\"async\" style=\"display: block; width: 100%; height: auto;\" src=\"https:\/\/ae01.alicdn.com\/kf\/Sbbf6b918f47742469bd35d635d8e8e755.jpg\" usemap=\"#_sdmap_7\" width=\"100%\" height=\"auto\" \/> <img decoding=\"async\" style=\"display: block; width: 100%; height: auto;\" src=\"https:\/\/ae01.alicdn.com\/kf\/Se0db83759df54ca0becf7148eed5ba63A.jpg?width=800&amp;height=800&amp;hash=1600\" usemap=\"#_sdmap_9\" width=\"100%\" height=\"auto\" \/> <img decoding=\"async\" style=\"display: block; width: 100%; height: auto;\" src=\"https:\/\/ae01.alicdn.com\/kf\/S6adc4300e68f4b19afb1fee342cacf3d3.jpg?width=800&amp;height=800&amp;hash=1600\" usemap=\"#_sdmap_10\" width=\"100%\" height=\"auto\" \/> <img decoding=\"async\" style=\"display: block; width: 100%; height: auto;\" src=\"https:\/\/ae01.alicdn.com\/kf\/S9e5a7bbb67bb455a9bbf3a60be91cc9bi.jpg?width=800&amp;height=800&amp;hash=1600\" usemap=\"#_sdmap_14\" width=\"100%\" height=\"auto\" \/><br \/>\n<span style=\"color: #ffffff;\"><span style=\"font-size: 8px;\"><span style=\"background-color: #ffffff;\">bouteille avec le temps de boire, bouteille de boisson avec paille enfant, bouteille mignonne en plastique pour th\u00e9 au lait, bouteilles d'eau avec pailles couvertes, bouteille de boisson sucr\u00e9e, bouteille d'eau pop,<\/span><\/span><\/span><span style=\"color: #ffffff;\"><span style=\"font-size: 8px;\"><span style=\"font-family: OpenSans, 'Helvetica Neue', Helvetica, Tahoma, Arial, 'PingFang SC', 'Microsoft YaHei';\"><span style=\"background-color: #ffffff;\">\u0431\u0443\u0442\u044b\u043b\u043a\u0430 \u0434\u043b\u044f \u0432\u043e\u0434\u044b<\/span><\/span><\/span><\/span><span style=\"color: #ffffff;\"><span style=\"font-size: 8px;\"><span style=\"background-color: #ffffff;\"> , <\/span><\/span><\/span><span style=\"color: #ffffff;\"><span style=\"font-size: 8px;\"><span style=\"font-family: OpenSans, 'Helvetica Neue', Helvetica, Tahoma, Arial, 'PingFang SC', 'Microsoft YaHei';\"><span style=\"background-color: #ffffff;\">articles de boisson<\/span><\/span><\/span><\/span><span style=\"color: #ffffff;\"><span style=\"font-size: 8px;\"><span style=\"background-color: #ffffff;\"> ,<\/span><\/span><\/span><\/div>\n<\/div>\n<\/div>\n<p>&nbsp;<\/p>\n<\/div>\n<\/div>","protected":false},"excerpt":{"rendered":"<p>&nbsp; R\u00e9utilisabilit\u00e9:\u00a0R\u00e9utilisable Chimique Hign-concern\u00e9:\u00a0Aucun Instructions de soins:\u00a0Lavage \u00e0 la main seulement Activit\u00e9 en plein air:\u00a0Camp Caract\u00e9ristique:\u00a0Eco-friendly Certification:\u00a0CE \/ UE Forme:\u00a0avec<\/p>","protected":false},"featured_media":3606,"comment_status":"open","ping_status":"closed","template":"","meta":[],"product_brand":[],"product_cat":[5748,5766],"product_tag":[],"class_list":{"0":"post-3605","1":"product","2":"type-product","3":"status-publish","4":"has-post-thumbnail","6":"product_cat-gym-essentials","7":"product_cat-water-bottle","9":"first","10":"instock","11":"sale","12":"shipping-taxable","13":"purchasable","14":"product-type-variable"},"jetpack_sharing_enabled":true,"_links":{"self":[{"href":"https:\/\/afrycom.com\/fr\/wp-json\/wp\/v2\/product\/3605","targetHints":{"allow":["GET"]}}],"collection":[{"href":"https:\/\/afrycom.com\/fr\/wp-json\/wp\/v2\/product"}],"about":[{"href":"https:\/\/afrycom.com\/fr\/wp-json\/wp\/v2\/types\/product"}],"replies":[{"embeddable":true,"href":"https:\/\/afrycom.com\/fr\/wp-json\/wp\/v2\/comments?post=3605"}],"wp:featuredmedia":[{"embeddable":true,"href":"https:\/\/afrycom.com\/fr\/wp-json\/wp\/v2\/media\/3606"}],"wp:attachment":[{"href":"https:\/\/afrycom.com\/fr\/wp-json\/wp\/v2\/media?parent=3605"}],"wp:term":[{"taxonomy":"product_brand","embeddable":true,"href":"https:\/\/afrycom.com\/fr\/wp-json\/wp\/v2\/product_brand?post=3605"},{"taxonomy":"product_cat","embeddable":true,"href":"https:\/\/afrycom.com\/fr\/wp-json\/wp\/v2\/product_cat?post=3605"},{"taxonomy":"product_tag","embeddable":true,"href":"https:\/\/afrycom.com\/fr\/wp-json\/wp\/v2\/product_tag?post=3605"}],"curies":[{"name":"wp","href":"https:\/\/api.w.org\/{rel}","templated":true}]}}