{"id":3581,"date":"2025-03-08T07:36:09","date_gmt":"2025-03-08T07:36:09","guid":{"rendered":"https:\/\/afrycom.com\/product\/bouteille-deau-de-grande-capacite-12-l-17-l-25-l-tasse-a-grand-ventre-bouteille-deau-de-sport-seau-de-tonne-tasse-spatiale-en-plastique-portable-pour-etudiant\/"},"modified":"2025-06-22T15:32:00","modified_gmt":"2025-06-22T15:32:00","slug":"bouteille-deau-de-grande-capacite-12-l-17-l-25-l-tasse-a-grand-ventre-bouteille-deau-de-sport-seau-de-tonne-tasse-spatiale-en-plastique-portable-pour-etudiant","status":"publish","type":"product","link":"https:\/\/afrycom.com\/fr\/produit\/bouteille-deau-de-grande-capacite-12-l-17-l-25-l-tasse-a-grand-ventre-bouteille-deau-de-sport-seau-de-tonne-tasse-spatiale-en-plastique-portable-pour-etudiant\/","title":{"rendered":"Bouteille d'eau de grande capacit\u00e9 1,2 l\/1,7 l\/2,5 l, tasse \u00e0 grand ventre, bouteille d'eau de sport, seau de tonne, tasse spatiale en plastique Portable pour \u00e9tudiant"},"content":{"rendered":"<div class=\"product-specs-list-container\">\n<ul class=\"product-specs-list util-clearfix\">\n<li class=\"product-prop line-limit-length\"><span class=\"property-title\">R\u00e9utilisabilit\u00e9 :\u00a0<\/span><span class=\"property-desc line-limit-length\">R\u00e9utilisable<\/span><\/li>\n<li class=\"product-prop line-limit-length\"><span class=\"property-title\">Chimique Hign-concern\u00e9 :\u00a0<\/span><span class=\"property-desc line-limit-length\">Aucun<\/span><\/li>\n<li class=\"product-prop line-limit-length\"><span class=\"property-title\">Instructions de soins :\u00a0<\/span><span class=\"property-desc line-limit-length\">Va au lave-vaisselle<\/span><\/li>\n<li class=\"product-prop line-limit-length\"><span class=\"property-title\">Eau bouillante :\u00a0<\/span><span class=\"property-desc line-limit-length\">applicable<\/span><\/li>\n<li class=\"product-prop line-limit-length\"><span class=\"property-title\">Caract\u00e9ristique :\u00a0<\/span><span class=\"property-desc line-limit-length\">Respect de l'environnement<\/span><\/li>\n<li class=\"product-prop line-limit-length\"><span class=\"property-title\">Certification :\u00a0<\/span><span class=\"property-desc line-limit-length\">CE \/ UE,CIQ<\/span><\/li>\n<li class=\"product-prop line-limit-length\"><span class=\"property-title\">Forme :\u00a0<\/span><span class=\"property-desc line-limit-length\">poign\u00e9e<\/span><\/li>\n<li class=\"product-prop line-limit-length\"><span class=\"property-title\">Personnes Applicables :\u00a0<\/span><span class=\"property-desc line-limit-length\">Adultes<\/span><\/li>\n<li class=\"product-prop line-limit-length\"><span class=\"property-title\">Types de mat\u00e9riaux non inclus :\u00a0<\/span><span class=\"property-desc line-limit-length\">Sans BPA<\/span><\/li>\n<li class=\"product-prop line-limit-length\"><span class=\"property-title\">Type d'alimentation :\u00a0<\/span><span class=\"property-desc line-limit-length\">Articles en stock<\/span><\/li>\n<li class=\"product-prop line-limit-length\"><span class=\"property-title\">Mat\u00e9riau :\u00a0<\/span><span class=\"property-desc line-limit-length\">plastique<\/span><\/li>\n<li class=\"product-prop line-limit-length\"><span class=\"property-title\">M\u00e9thode d'\u00e9coulement de l'eau :\u00a0<\/span><span class=\"property-desc line-limit-length\">Type de paille<\/span><\/li>\n<li class=\"product-prop line-limit-length\"><span class=\"property-title\">Origine :\u00a0<\/span><span class=\"property-desc line-limit-length\">AU (Origine)<\/span><\/li>\n<li class=\"product-prop line-limit-length\"><span class=\"property-title\">Type d'ustensiles de boisson :\u00a0<\/span><span class=\"property-desc line-limit-length\">Eau Bouteilles<\/span><\/li>\n<\/ul>\n<\/div>\n<div class=\"detailmodule_html\">\n<div class=\"detail-desc-decorate-richtext\">\n<div class=\"detailmodule_text\">\n<p id=\"tl_1\" class=\"detail-desc-decorate-content\" style=\"font-family: OpenSans; font-size: 14px; font-weight: 300; line-height: 20px; white-space: pre-wrap; color: #000000; margin-bottom: 12px;\">Sp\u00e9cifications :<\/p>\n<\/div>\n<div class=\"detailmodule_text\">\n<p id=\"tl_2\" class=\"detail-desc-decorate-content\" style=\"font-family: OpenSans; font-size: 14px; font-weight: 300; line-height: 20px; white-space: pre-wrap; color: #000000; margin-bottom: 12px;\">Nom de l'article : bouteille d'eau de sport.<br \/>\nMat\u00e9riau : Polycarbonate<br \/>\nCapacit\u00e9 : 1,2 L\/1,7 L\/2,5 L<br \/>\nCaract\u00e9ristiques : grande capacit\u00e9, \u00e9tanche, transparent.<br \/>\nRemarques :<br \/>\nEn raison des diff\u00e9rences de luminosit\u00e9 et de r\u00e9glage de l'\u00e9cran, la couleur de l'article peut \u00eatre l\u00e9g\u00e8rement diff\u00e9rente de celle des images.Veuillez permettre une l\u00e9g\u00e8re diff\u00e9rence de dimension en raison de diff\u00e9rentes mesures manuelles.<br \/>\nLe forfait comprend :<br \/>\n1 x bouteille d'eau de sport<br \/>\nAper\u00e7u de l'image<\/p>\n<\/div>\n<div class=\"detailmodule_image\"><img decoding=\"async\" class=\"detail-desc-decorate-image\" src=\"https:\/\/ae01.alicdn.com\/kf\/S1f4b21fe2171481d90635bcfdce3a553g.jpg\" \/><br \/>\n<img decoding=\"async\" class=\"detail-desc-decorate-image\" src=\"https:\/\/ae01.alicdn.com\/kf\/S77830ecae31b4d8bafab02a7de71b8cf5.jpg\" \/><br \/>\n<img decoding=\"async\" class=\"detail-desc-decorate-image\" src=\"https:\/\/ae01.alicdn.com\/kf\/S271a33a572b946eea66a3e5fd750d07bJ.jpg\" \/><br \/>\n<img decoding=\"async\" class=\"detail-desc-decorate-image\" src=\"https:\/\/ae01.alicdn.com\/kf\/Saa716be41d8b4ea6859b5df708e5a180g.jpg\" \/><br \/>\n<img decoding=\"async\" class=\"detail-desc-decorate-image\" src=\"https:\/\/ae01.alicdn.com\/kf\/S52bf03ec3b2b4d3db8e6cdfe85066d51p.jpg\" \/><br \/>\n<img decoding=\"async\" class=\"detail-desc-decorate-image\" src=\"https:\/\/ae01.alicdn.com\/kf\/S0a8094dea7304ca1a46c10958a06cce55.jpg\" \/><br \/>\n<img decoding=\"async\" class=\"detail-desc-decorate-image\" src=\"https:\/\/ae01.alicdn.com\/kf\/Sb0d751d579034563a7b0be8daaa2edb2r.jpg\" \/><br \/>\n<img decoding=\"async\" class=\"detail-desc-decorate-image\" src=\"https:\/\/ae01.alicdn.com\/kf\/Se50c4f502c8c4f4092dd8dc9258bce46k.jpg\" \/><br \/>\n<img decoding=\"async\" class=\"detail-desc-decorate-image\" src=\"https:\/\/ae01.alicdn.com\/kf\/Sb37ab47318da49ebad96c6d859954d16s.jpg\" \/><br \/>\n<img decoding=\"async\" class=\"detail-desc-decorate-image\" src=\"https:\/\/ae01.alicdn.com\/kf\/S5d839ae8ec2644d88fcacf57b507ddb8U.jpg\" \/><\/div>\n<\/div>\n<\/div>","protected":false},"excerpt":{"rendered":"<p>R\u00e9utilisabilit\u00e9:\u00a0R\u00e9utilisable Chimique Hign-concern\u00e9:\u00a0Aucun Instructions de soins:\u00a0Va au lave-vaisselle Eau bouillante:\u00a0applicable Caract\u00e9ristique:\u00a0Eco-friendly Certification:\u00a0CE \/ UE,CIQ Forme:\u00a0poign\u00e9e Personnes Applicables:\u00a0Adultes Types de mat\u00e9riaux<\/p>","protected":false},"featured_media":3582,"comment_status":"open","ping_status":"closed","template":"","meta":[],"product_brand":[],"product_cat":[5748,84,5766],"product_tag":[],"class_list":{"0":"post-3581","1":"product","2":"type-product","3":"status-publish","4":"has-post-thumbnail","6":"product_cat-gym-essentials","7":"product_cat-sports-outdoors","8":"product_cat-water-bottle","10":"first","11":"instock","12":"sale","13":"shipping-taxable","14":"purchasable","15":"product-type-variable"},"jetpack_sharing_enabled":true,"_links":{"self":[{"href":"https:\/\/afrycom.com\/fr\/wp-json\/wp\/v2\/product\/3581","targetHints":{"allow":["GET"]}}],"collection":[{"href":"https:\/\/afrycom.com\/fr\/wp-json\/wp\/v2\/product"}],"about":[{"href":"https:\/\/afrycom.com\/fr\/wp-json\/wp\/v2\/types\/product"}],"replies":[{"embeddable":true,"href":"https:\/\/afrycom.com\/fr\/wp-json\/wp\/v2\/comments?post=3581"}],"wp:featuredmedia":[{"embeddable":true,"href":"https:\/\/afrycom.com\/fr\/wp-json\/wp\/v2\/media\/3582"}],"wp:attachment":[{"href":"https:\/\/afrycom.com\/fr\/wp-json\/wp\/v2\/media?parent=3581"}],"wp:term":[{"taxonomy":"product_brand","embeddable":true,"href":"https:\/\/afrycom.com\/fr\/wp-json\/wp\/v2\/product_brand?post=3581"},{"taxonomy":"product_cat","embeddable":true,"href":"https:\/\/afrycom.com\/fr\/wp-json\/wp\/v2\/product_cat?post=3581"},{"taxonomy":"product_tag","embeddable":true,"href":"https:\/\/afrycom.com\/fr\/wp-json\/wp\/v2\/product_tag?post=3581"}],"curies":[{"name":"wp","href":"https:\/\/api.w.org\/{rel}","templated":true}]}}