{"id":3564,"date":"2025-03-08T07:34:45","date_gmt":"2025-03-08T07:34:45","guid":{"rendered":"https:\/\/afrycom.com\/product\/thermos-a-revetement-en-verre-de-1-2l-flacons-sous-vide-bouteille-deau-de-grande-capacite-bouilloire-thermique-de-cuisine-affichage-numerique-domestique-cafe\/"},"modified":"2025-03-21T16:23:34","modified_gmt":"2025-03-21T16:23:34","slug":"thermos-a-revetement-en-verre-de-1-2l-flacons-sous-vide-bouteille-deau-de-grande-capacite-bouilloire-thermique-de-cuisine-affichage-numerique-domestique-cafe","status":"publish","type":"product","link":"https:\/\/afrycom.com\/fr\/produit\/thermos-a-revetement-en-verre-de-1-2l-flacons-sous-vide-bouteille-deau-de-grande-capacite-bouilloire-thermique-de-cuisine-affichage-numerique-domestique-cafe\/","title":{"rendered":"Thermos \u00e0 rev\u00eatement en verre de 1\/2l, flacons sous vide, bouteille d'eau de grande capacit\u00e9, bouilloire thermique de cuisine, affichage num\u00e9rique domestique, caf\u00e9"},"content":{"rendered":"<p>&nbsp;<\/p>\n<div class=\"product-specs-list-container\">\n<ul class=\"product-specs-list util-clearfix\">\n<li class=\"product-prop line-limit-length\"><span class=\"property-title\">Chimique Hign-concern\u00e9 :\u00a0<\/span><span class=\"property-desc line-limit-length\">Aucun<\/span><\/li>\n<li class=\"product-prop line-limit-length\"><span class=\"property-title\">Certification :\u00a0<\/span><span class=\"property-desc line-limit-length\">CE \/ UE,CIQ,Cee,Lfgb,SGS<\/span><\/li>\n<li class=\"product-prop line-limit-length\"><span class=\"property-title\">Caract\u00e9ristique :\u00a0<\/span><span class=\"property-desc line-limit-length\">Respectueux de l'environnement,Grande capacit\u00e9<\/span><\/li>\n<li class=\"product-prop line-limit-length\"><span class=\"property-title\">Personnes Applicables :\u00a0<\/span><span class=\"property-desc line-limit-length\">FEMMES<\/span><\/li>\n<li class=\"product-prop line-limit-length\"><span class=\"property-title\">Mat\u00e9riel du thermos :\u00a0<\/span><span class=\"property-desc line-limit-length\">Acier inoxydable<\/span><\/li>\n<li class=\"product-prop line-limit-length\"><span class=\"property-title\">Type de bouteille :\u00a0<\/span><span class=\"property-desc line-limit-length\">Normal<\/span><\/li>\n<li class=\"product-prop line-limit-length\"><span class=\"property-title\">Mat\u00e9riau de rev\u00eatement en verre :\u00a0<\/span><span class=\"property-desc line-limit-length\">Acier inoxydable<\/span><\/li>\n<li class=\"product-prop line-limit-length\"><span class=\"property-title\">Num\u00e9ro de Mod\u00e8le :\u00a0<\/span><span class=\"property-desc line-limit-length\">1<\/span><\/li>\n<li class=\"product-prop line-limit-length\"><span class=\"property-title\">Forme :\u00a0<\/span><span class=\"property-desc line-limit-length\">Balle<\/span><\/li>\n<li class=\"product-prop line-limit-length\"><span class=\"property-title\">Mat\u00e9riau :\u00a0<\/span><span class=\"property-desc line-limit-length\">Acier inoxydable<\/span><\/li>\n<li class=\"product-prop line-limit-length\"><span class=\"property-title\">Production :\u00a0<\/span><span class=\"property-desc line-limit-length\">Flacons d'aspirateur<\/span><\/li>\n<li class=\"product-prop line-limit-length\"><span class=\"property-title\">Performance de l'isolation thermique :\u00a0<\/span><span class=\"property-desc line-limit-length\">12 \u00e0 24 heures<\/span><\/li>\n<li class=\"product-prop line-limit-length\"><span class=\"property-title\">Type de m\u00e9tal :\u00a0<\/span><span class=\"property-desc line-limit-length\">Acier inoxydable<\/span><\/li>\n<li class=\"product-prop line-limit-length\"><span class=\"property-title\">Origine :\u00a0<\/span><span class=\"property-desc line-limit-length\">CN (Origine)<\/span><\/li>\n<li class=\"product-prop line-limit-length\"><span class=\"property-title\">Type d'ustensiles de boisson :\u00a0<\/span><span class=\"property-desc line-limit-length\">Bouteilles thermos &amp; thermos<\/span><\/li>\n<\/ul>\n<\/div>\n<div class=\"detailmodule_html\">\n<div class=\"detail-desc-decorate-richtext\">\n<div class=\"detailmodule_html\">\n<div class=\"detail-desc-decorate-richtext\">\n<p>Conseils aimables :<br \/>\n1 La taille est mesur\u00e9e manuellement, il y aura une diff\u00e9rence de 2 \u00e0 3 cm, tout d\u00e9pend du produit r\u00e9el re\u00e7u.<br \/>\n2.En raison des diff\u00e9rents param\u00e8tres d'affichage de l'appareil, les couleurs affich\u00e9es par l'appareil sont diff\u00e9rentes.Ne soyez pas surpris lorsque vous recevez la marchandise.merci pour votre compr\u00e9hension<br \/>\n3.\u00c9tant donn\u00e9 que le colis doit \u00eatre transport\u00e9 sur une longue distance, afin d'\u00e9viter d'endommager le colis et d'endommager la marchandise, vous devez ouvrir la bo\u00eete pour v\u00e9rifier si les marchandises sont intactes avant de signer.Veuillez prendre une vid\u00e9o du d\u00e9ballage pour confirmer que les marchandises sont intactes avant de signer.<br \/>\n4. nous promettons : tous les colis perdus ou endommag\u00e9s seront enti\u00e8rement rembours\u00e9s aux acheteurs, n'h\u00e9sitez pas \u00e0 acheter<\/p>\n<p>Nom : bouilloire thermique domestique doubl\u00e9e de verre.<\/p>\n<p>Mat\u00e9riel : verre + ABS + gel de silice<\/p>\n<p>Couleur : jaune, vert, blanc, bleu, rouge<\/p>\n<p>Capacit\u00e9 : 1L\/1,3L\/2,0L<\/p>\n<p>Taille : 1L : 14,2*14.2*24,5 cm (5,5*5*9,5 pouces)<\/p>\n<p>Poids : 600g\/650g\/810g<\/p>\n<p>Liste des produits<\/p>\n<p>Bouilloire isol\u00e9e \u00d7 1<br \/>\n<img decoding=\"async\" src=\"https:\/\/ae01.alicdn.com\/kf\/Sd73f0ea456474910aa44e9bfc32c6bd45.jpg\" \/><\/p>\n<p>&nbsp;<\/p>\n<\/div>\n<\/div>\n<\/div>\n<\/div>","protected":false},"excerpt":{"rendered":"<p>&nbsp; Chimique Hign-concern\u00e9:\u00a0Aucun Certification:\u00a0CE \/ UE,CIQ,Cee,Lfgb,SGS Caract\u00e9ristique:\u00a0Eco-friendly,Grande capacit\u00e9 Personnes Applicables:\u00a0WOMEN Mat\u00e9riel du thermos:\u00a0Acier inoxydable Type de bouteille:\u00a0Normal Mat\u00e9riau de rev\u00eatement<\/p>","protected":false},"featured_media":3565,"comment_status":"open","ping_status":"closed","template":"","meta":[],"product_brand":[],"product_cat":[31],"product_tag":[],"class_list":{"0":"post-3564","1":"product","2":"type-product","3":"status-publish","4":"has-post-thumbnail","6":"product_cat-small-kitchen-appliances-appliances","8":"first","9":"instock","10":"sale","11":"shipping-taxable","12":"purchasable","13":"product-type-variable"},"jetpack_sharing_enabled":true,"_links":{"self":[{"href":"https:\/\/afrycom.com\/fr\/wp-json\/wp\/v2\/product\/3564","targetHints":{"allow":["GET"]}}],"collection":[{"href":"https:\/\/afrycom.com\/fr\/wp-json\/wp\/v2\/product"}],"about":[{"href":"https:\/\/afrycom.com\/fr\/wp-json\/wp\/v2\/types\/product"}],"replies":[{"embeddable":true,"href":"https:\/\/afrycom.com\/fr\/wp-json\/wp\/v2\/comments?post=3564"}],"wp:featuredmedia":[{"embeddable":true,"href":"https:\/\/afrycom.com\/fr\/wp-json\/wp\/v2\/media\/3565"}],"wp:attachment":[{"href":"https:\/\/afrycom.com\/fr\/wp-json\/wp\/v2\/media?parent=3564"}],"wp:term":[{"taxonomy":"product_brand","embeddable":true,"href":"https:\/\/afrycom.com\/fr\/wp-json\/wp\/v2\/product_brand?post=3564"},{"taxonomy":"product_cat","embeddable":true,"href":"https:\/\/afrycom.com\/fr\/wp-json\/wp\/v2\/product_cat?post=3564"},{"taxonomy":"product_tag","embeddable":true,"href":"https:\/\/afrycom.com\/fr\/wp-json\/wp\/v2\/product_tag?post=3564"}],"curies":[{"name":"wp","href":"https:\/\/api.w.org\/{rel}","templated":true}]}}