{"id":3503,"date":"2025-03-08T07:30:38","date_gmt":"2025-03-08T07:30:38","guid":{"rendered":"https:\/\/afrycom.com\/product\/hachoir-a-legumes-multifonctionnel-14-en-1-robot-culinaire-indispensable-pour-trancher-couper-et-germer-compact-et-lavable-au-lave-vaisselle\/"},"modified":"2025-03-08T07:30:53","modified_gmt":"2025-03-08T07:30:53","slug":"hachoir-a-legumes-multifonctionnel-14-en-1-robot-culinaire-indispensable-pour-trancher-couper-et-germer-compact-et-lavable-au-lave-vaisselle","status":"publish","type":"product","link":"https:\/\/afrycom.com\/fr\/produit\/hachoir-a-legumes-multifonctionnel-14-en-1-robot-culinaire-indispensable-pour-trancher-couper-et-germer-compact-et-lavable-au-lave-vaisselle\/","title":{"rendered":"Hachoir \u00e0 l\u00e9gumes multifonctionnel 14 en 1, robot culinaire indispensable pour trancher, couper et germer, Compact et lavable au lave-vaisselle"},"content":{"rendered":"<div class=\"product-specs-list-container\">\n<ul class=\"product-specs-list util-clearfix\">\n<li class=\"product-prop line-limit-length\"><span class=\"property-title\">Chimique Hign-concern\u00e9 :\u00a0<\/span><span class=\"property-desc line-limit-length\">Aucun<\/span><\/li>\n<li class=\"product-prop line-limit-length\"><span class=\"property-title\">Mat\u00e9riau de Lame :\u00a0<\/span><span class=\"property-desc line-limit-length\">Acier inoxydable<\/span><\/li>\n<li class=\"product-prop line-limit-length\"><span class=\"property-title\">Caract\u00e9ristique :\u00a0<\/span><span class=\"property-desc line-limit-length\">Respect de l'environnement<\/span><\/li>\n<li class=\"product-prop line-limit-length\"><span class=\"property-title\">Mat\u00e9riau :\u00a0<\/span><span class=\"property-desc line-limit-length\">plastique<\/span><\/li>\n<li class=\"product-prop line-limit-length\"><span class=\"property-title\">Type D'outils de Fruits &amp; L\u00e9gumes :\u00a0<\/span><span class=\"property-desc line-limit-length\">Broyeurs et Ricers de pomme de terre<\/span><\/li>\n<li class=\"product-prop line-limit-length\"><span class=\"property-title\">Origine :\u00a0<\/span><span class=\"property-desc line-limit-length\">CN (Origine)<\/span><\/li>\n<li class=\"product-prop line-limit-length\"><span class=\"property-title\">Type :\u00a0<\/span><span class=\"property-desc line-limit-length\">Outils &amp; Fruit et L\u00e9gumes<\/span><\/li>\n<\/ul>\n<\/div>\n<div class=\"detailmodule_html\">\n<div class=\"detail-desc-decorate-richtext\">\n<div class=\"detailmodule_html\">\n<div class=\"detail-desc-decorate-richtext\">\n<div>\n<div>\n<div>\n<div>\n<div>\n<div>\n<p style=\"text-align: center;\" align=\"center\"><strong><span id=\"tl_1\" style=\"font-size: 24px; font-family: 'times new roman', times, serif;\">Hachoir \u00e0 l\u00e9gumes multifonctionnel 14\/16 en 1, hachoir \u00e0 oignons, poign\u00e9e, grille alimentaire, hachoir \u00e0 l\u00e9gumes de cuisine, trancheur coup\u00e9<\/span><\/strong><\/p>\n<div>\u00a0<\/div>\n<p id=\"tl_2\" style=\"font-family: 'Open Sans', Roboto, Arial, Helvetica, sans-serif, SimSun; font-size: 14px; font-weight: 400; letter-spacing: normal; line-height: inherit; text-align: start; white-space: normal; color: #222222; margin: 0px; padding: 0px; box-sizing: border-box;\" align=\"start\">Mat\u00e9riel : ABS + PP + acier inoxydable<\/p>\n<div>\u00a0<\/div>\n<p id=\"tl_3\" style=\"font-family: 'Open Sans', Roboto, Arial, Helvetica, sans-serif, SimSun; font-size: 14px; font-weight: 400; letter-spacing: normal; line-height: inherit; text-align: start; white-space: normal; color: #222222; margin: 0px; padding: 0px; box-sizing: border-box;\" align=\"start\">Couleur : gris<\/p>\n<div>\u00a0<\/div>\n<p id=\"tl_4\" style=\"font-family: 'Open Sans', Roboto, Arial, Helvetica, sans-serif, SimSun; font-size: 14px; font-weight: 400; letter-spacing: normal; line-height: inherit; text-align: start; white-space: normal; color: #222222; margin: 0px; padding: 0px; box-sizing: border-box;\" align=\"start\">Caract\u00e9ristique : facile \u00e0 nettoyer et facile \u00e0 ranger pour toutes les parties du hachoir \u00e0 oignons.<\/p>\n<div>\u00a0<\/div>\n<p id=\"tl_5\" style=\"font-family: 'Open Sans', Roboto, Arial, Helvetica, sans-serif, SimSun; font-size: 14px; font-weight: 400; letter-spacing: normal; line-height: inherit; text-align: start; white-space: normal; color: #222222; margin: 0px; padding: 0px; box-sizing: border-box;\" align=\"start\">Conseils de lavage : laver en dessous de 60\u2103<\/p>\n<div>\u00a0<\/div>\n<p id=\"tl_6\" style=\"font-family: 'Open Sans', Roboto, Arial, Helvetica, sans-serif, SimSun; font-size: 14px; font-weight: 400; letter-spacing: normal; line-height: inherit; text-align: start; white-space: normal; color: #222222; margin: 0px; padding: 0px; box-sizing: border-box;\" align=\"start\">- Veuillez ne pas laver au lave-vaisselle pour \u00e9viter tout dommage.<\/p>\n<div>\u00a0<\/div>\n<p id=\"tl_7\">Rappel chaleureux : \u00e9tant donn\u00e9 que la taille est mesur\u00e9e manuellement, il peut y avoir des \u00e9carts !<\/p>\n<p style=\"text-align: left; margin: 0px;\" align=\"left\"><img decoding=\"async\" src=\"https:\/\/ae01.alicdn.com\/kf\/Sa22460ee5b9643868bbf73b8ec57d8d6B.jpg?width=800&amp;height=800&amp;hash=1600\" \/><\/p>\n<p style=\"font-family: 'Open Sans', Roboto, Arial, Helvetica, sans-serif, SimSun; font-size: 14px; font-weight: 400; letter-spacing: normal; line-height: inherit; text-align: center; white-space: normal; color: #222222; margin: 0px; padding: 0px; box-sizing: border-box;\" align=\"center\"><img decoding=\"async\" src=\"https:\/\/ae01.alicdn.com\/kf\/S96c7a38eb47f4103a2ab8298682e11234.jpg?width=800&amp;height=800&amp;hash=1600\" \/><img decoding=\"async\" src=\"https:\/\/ae01.alicdn.com\/kf\/S6705f49ac963447ebaf40a3a19fe1fa8i.jpg?width=800&amp;height=800&amp;hash=1600\" \/><img decoding=\"async\" src=\"https:\/\/ae01.alicdn.com\/kf\/S485cb32812de4b0f92543ffbd849fc9ab.jpg?width=800&amp;height=800&amp;hash=1600\" \/><\/p>\n<p style=\"font-family: 'Open Sans', Roboto, Arial, Helvetica, sans-serif, SimSun; font-size: 14px; font-weight: 400; letter-spacing: normal; line-height: inherit; text-align: center; white-space: normal; color: #222222; margin: 0px; padding: 0px; box-sizing: border-box;\" align=\"center\"><img decoding=\"async\" src=\"https:\/\/ae01.alicdn.com\/kf\/Sfa65acd07467415faed2da477e90d3aap.jpg?width=800&amp;height=800&amp;hash=1600\" \/><\/p>\n<\/div>\n<\/div>\n<div>\u00a0<\/div>\n<\/div>\n<\/div>\n<\/div>\n<\/div>\n<p>\u00a0<\/p>\n<\/div>\n<\/div>\n<\/div>\n<\/div>","protected":false},"excerpt":{"rendered":"<p>Chimique Hign-concern\u00e9:\u00a0Aucun Mat\u00e9riau de Lame:\u00a0Acier inoxydable Caract\u00e9ristique:\u00a0Eco-friendly Mat\u00e9riau:\u00a0plastique Type D&#8217;outils de Fruits &amp; L\u00e9gumes:\u00a0Broyeurs et Ricers de pomme de terre<\/p>","protected":false},"featured_media":3504,"comment_status":"open","ping_status":"closed","template":"","meta":[],"product_brand":[],"product_cat":[15],"product_tag":[],"class_list":{"0":"post-3503","1":"product","2":"type-product","3":"status-publish","4":"has-post-thumbnail","6":"product_cat-uncategorized","8":"first","9":"instock","10":"shipping-taxable","11":"purchasable","12":"product-type-variable"},"jetpack_sharing_enabled":true,"_links":{"self":[{"href":"https:\/\/afrycom.com\/fr\/wp-json\/wp\/v2\/product\/3503","targetHints":{"allow":["GET"]}}],"collection":[{"href":"https:\/\/afrycom.com\/fr\/wp-json\/wp\/v2\/product"}],"about":[{"href":"https:\/\/afrycom.com\/fr\/wp-json\/wp\/v2\/types\/product"}],"replies":[{"embeddable":true,"href":"https:\/\/afrycom.com\/fr\/wp-json\/wp\/v2\/comments?post=3503"}],"wp:featuredmedia":[{"embeddable":true,"href":"https:\/\/afrycom.com\/fr\/wp-json\/wp\/v2\/media\/3504"}],"wp:attachment":[{"href":"https:\/\/afrycom.com\/fr\/wp-json\/wp\/v2\/media?parent=3503"}],"wp:term":[{"taxonomy":"product_brand","embeddable":true,"href":"https:\/\/afrycom.com\/fr\/wp-json\/wp\/v2\/product_brand?post=3503"},{"taxonomy":"product_cat","embeddable":true,"href":"https:\/\/afrycom.com\/fr\/wp-json\/wp\/v2\/product_cat?post=3503"},{"taxonomy":"product_tag","embeddable":true,"href":"https:\/\/afrycom.com\/fr\/wp-json\/wp\/v2\/product_tag?post=3503"}],"curies":[{"name":"wp","href":"https:\/\/api.w.org\/{rel}","templated":true}]}}