{"id":3454,"date":"2025-03-08T05:54:53","date_gmt":"2025-03-08T05:54:53","guid":{"rendered":"https:\/\/afrycom.com\/product\/valise-de-voyage-a-roulettes-100-pp-anti-grattage-marque-ultra-legere-boite-a-la-mode-20-24-28-pouces-nouveaute\/"},"modified":"2025-08-13T16:33:17","modified_gmt":"2025-08-13T16:33:17","slug":"valise-de-voyage-a-roulettes-100-pp-anti-grattage-marque-ultra-legere-boite-a-la-mode-20-24-28-pouces-nouveaute","status":"publish","type":"product","link":"https:\/\/afrycom.com\/fr\/produit\/valise-de-voyage-a-roulettes-100-pp-anti-grattage-marque-ultra-legere-boite-a-la-mode-20-24-28-pouces-nouveaute\/","title":{"rendered":"Valise de Voyage \u00e0 Roulettes 100% PP, Anti-Grattage, Marque Ultra L\u00e9g\u00e8re, Bo\u00eete \u00e0 la Mode, 20, 24, 28 Pouces, Nouveaut\u00e9"},"content":{"rendered":"<p>&nbsp;<\/p>\n<div class=\"product-specs-list-container\">\n<ul class=\"product-specs-list util-clearfix\">\n<li class=\"product-prop line-limit-length\"><span class=\"property-title\">Chimique Hign-concern\u00e9 :\u00a0<\/span><span class=\"property-desc line-limit-length\">Aucun<\/span><\/li>\n<li class=\"product-prop line-limit-length\"><span class=\"property-title\">Hauteur de l'article :\u00a0<\/span><span class=\"property-desc line-limit-length\">55cm<\/span><\/li>\n<li class=\"product-prop line-limit-length\"><span class=\"property-title\">Num\u00e9ro de Mod\u00e8le :\u00a0<\/span><span class=\"property-desc line-limit-length\">Luggage 1230<\/span><\/li>\n<li class=\"product-prop line-limit-length\"><span class=\"property-title\">Largeur de lu0027article :\u00a0<\/span><span class=\"property-desc line-limit-length\">28cm<\/span><\/li>\n<li class=\"product-prop line-limit-length\"><span class=\"property-title\">Poids de lu0027article :\u00a0<\/span><span class=\"property-desc line-limit-length\">4.0kg<\/span><\/li>\n<li class=\"product-prop line-limit-length\"><span class=\"property-title\">Longueur de l'article :\u00a0<\/span><span class=\"property-desc line-limit-length\">36cm<\/span><\/li>\n<li class=\"product-prop line-limit-length\"><span class=\"property-title\">Sexe :\u00a0<\/span><span class=\"property-desc line-limit-length\">Unisexe<\/span><\/li>\n<li class=\"product-prop line-limit-length\"><span class=\"property-title\">A barres de traction :\u00a0<\/span><span class=\"property-desc line-limit-length\">Oui<\/span><\/li>\n<li class=\"product-prop line-limit-length\"><span class=\"property-title\">Type de bagages :\u00a0<\/span><span class=\"property-desc line-limit-length\">Bagages roulants<\/span><\/li>\n<li class=\"product-prop line-limit-length\"><span class=\"property-title\">Avec serrure :\u00a0<\/span><span class=\"property-desc line-limit-length\">Oui<\/span><\/li>\n<li class=\"product-prop line-limit-length\"><span class=\"property-title\">Roulette :\u00a0<\/span><span class=\"property-desc line-limit-length\">Fileur<\/span><\/li>\n<li class=\"product-prop line-limit-length\"><span class=\"property-title\">Mat\u00e9riau Principal :\u00a0<\/span><span class=\"property-desc line-limit-length\">PP<\/span><\/li>\n<li class=\"product-prop line-limit-length\"><span class=\"property-title\">Nom de marque :\u00a0<\/span><span class=\"property-desc line-limit-length\">kmikli<\/span><\/li>\n<li class=\"product-prop line-limit-length\"><span class=\"property-title\">Origine :\u00a0<\/span><span class=\"property-desc line-limit-length\">CN (Origine)<\/span><\/li>\n<li class=\"product-prop line-limit-length\"><span class=\"property-title\">CN :\u00a0<\/span><span class=\"property-desc line-limit-length\">Zhejiang<\/span><\/li>\n<li class=\"product-prop line-limit-length\"><span class=\"property-title\">Type d'article :\u00a0<\/span><span class=\"property-desc line-limit-length\">Bagages<\/span><\/li>\n<\/ul>\n<\/div>\n<div class=\"detailmodule_html\">\n<div class=\"detail-desc-decorate-richtext\">\n<p><img decoding=\"async\" src=\"https:\/\/ae01.alicdn.com\/kf\/HTB1k2S9aovrK1RjSszfq6xJNVXau.jpg\" \/><\/p>\n<h3 style=\"line-height: 22.7pt; margin: 0pt; padding: 0pt 0pt 0pt 0em; padding-bottom: 0pt; padding-top: 0pt; padding-right: 0pt;\"><span id=\"tl_1\" style=\"color: #000000; font-size: 12pt; font-family: helvetica;\">20 pouces taille: 56*36*20cm<\/span><\/h3>\n<h3 style=\"line-height: 22.7pt; margin: 0pt; padding: 0pt 0pt 0pt 0em; padding-bottom: 0pt; padding-top: 0pt; padding-right: 0pt;\"><span id=\"tl_2\" style=\"color: #000000; font-size: 12pt; font-family: arial;\">24 pouces taille: 66*45*25cm<\/span><\/h3>\n<h3 style=\"line-height: 22.7pt; margin: 0pt; padding: 0pt 0pt 0pt 0em; padding-bottom: 0pt; padding-top: 0pt; padding-right: 0pt;\"><span id=\"tl_3\" style=\"color: #000000; font-size: 12pt; font-family: arial;\">Taille de 28 pouces: 76*52*30cm<\/span><\/h3>\n<p>&nbsp;<\/p>\n<h3 style=\"line-height: 22.7pt; margin: 0pt; padding: 0pt 0pt 0pt 0em; padding-bottom: 0pt; padding-top: 0pt; padding-right: 0pt;\"><span id=\"tl_4\" style=\"color: #000000; font-size: 12pt; font-family: arial;\">Mat\u00e9riau: 100% PP<\/span><\/h3>\n<p>&nbsp;<\/p>\n<h3 style=\"line-height: 22.7pt; margin: 0pt; padding: 0pt 0pt 0pt 0em; padding-bottom: 0pt; padding-top: 0pt; padding-right: 0pt;\"><span id=\"tl_5\" style=\"color: #ff0000; font-size: 12pt; font-family: arial;\">Remarque :<\/span><\/h3>\n<h3 style=\"line-height: 22.7pt; margin: 0pt; padding: 0pt 0pt 0pt 0em; padding-bottom: 0pt; padding-top: 0pt; padding-right: 0pt;\"><span id=\"tl_6\" style=\"color: #ff0000; font-size: 12pt; font-family: arial;\">1: Il peut y avoir une l\u00e9g\u00e8re diff\u00e9rence de couleur, en raison des param\u00e8tres de l&#8217;\u00e9cran d&#8217;ordinateur.<\/span><\/h3>\n<h3 style=\"line-height: 22.7pt; margin: 0pt; padding: 0pt 0pt 0pt 0em; padding-bottom: 0pt; padding-top: 0pt; padding-right: 0pt;\"><span id=\"tl_7\" style=\"color: #ff0000; font-size: 12pt; font-family: arial;\">2: En raison de la diff\u00e9rence de m\u00e9thode de mesure, veuillez pr\u00e9voir un \u00e9cart de taille de 1 \u00e0 3cm.<\/span><\/h3>\n<h3 style=\"line-height: 22.7pt; margin: 0pt; padding: 0pt 0pt 0pt 0em; padding-bottom: 0pt; padding-top: 0pt; padding-right: 0pt;\"><span id=\"tl_8\" style=\"color: #ff0000; font-size: 12pt; font-family: arial;\">3: La surface de certains produits est recouverte d&#8217;une couche de film protecteur, afin de prot\u00e9ger.<\/span><\/h3>\n<h3 style=\"line-height: 22.7pt; margin: 0pt; padding: 0pt 0pt 0pt 0em; padding-bottom: 0pt; padding-top: 0pt; padding-right: 0pt;\"><img decoding=\"async\" src=\"https:\/\/ae01.alicdn.com\/kf\/HTB1fKvaadzvK1RkSnfoq6zMwVXaa.jpg\" \/><img decoding=\"async\" src=\"https:\/\/ae01.alicdn.com\/kf\/HTB10Ki.aiHrK1Rjy0Flq6AsaFXa7.jpg\" \/><img decoding=\"async\" src=\"https:\/\/ae01.alicdn.com\/kf\/HTB1lta.ah_rK1RkHFqDq6yJAFXa3.jpg\" \/><img decoding=\"async\" src=\"https:\/\/ae01.alicdn.com\/kf\/HTB17ya_aiLxK1Rjy0Ffq6zYdVXai.jpg\" \/><img decoding=\"async\" src=\"https:\/\/ae01.alicdn.com\/kf\/HTB18crcaoLrK1Rjy0Fjq6zYXFXa7.jpg\" \/><img decoding=\"async\" src=\"https:\/\/ae01.alicdn.com\/kf\/HTB1Aci_aiDxK1Rjy1zcq6yGeXXan.jpg\" \/><img decoding=\"async\" src=\"https:\/\/ae01.alicdn.com\/kf\/HTB1cX9_aizxK1RkSnaVq6xn9VXaC.jpg\" \/><img decoding=\"async\" src=\"https:\/\/ae01.alicdn.com\/kf\/HTB1iMYaajzuK1RjSsppq6xz0XXaO.jpg\" \/><img decoding=\"async\" src=\"https:\/\/ae01.alicdn.com\/kf\/HTB1v5S9ainrK1RjSsziq6xptpXaF.jpg\" \/><img decoding=\"async\" src=\"https:\/\/ae01.alicdn.com\/kf\/HTB1hP2cacrrK1Rjy1zeq6xalFXa0.jpg\" \/><img decoding=\"async\" src=\"https:\/\/ae01.alicdn.com\/kf\/HTB1IPe6aXzsK1Rjy1Xbq6xOaFXa8.jpg\" \/><img decoding=\"async\" src=\"https:\/\/ae01.alicdn.com\/kf\/HTB1csm_aiDxK1Rjy1zcq6yGeXXav.jpg\" \/><img decoding=\"async\" src=\"https:\/\/ae01.alicdn.com\/kf\/HTB10wYaajzuK1RjSsppq6xz0XXaC.jpg\" \/><img decoding=\"async\" src=\"https:\/\/ae01.alicdn.com\/kf\/HTB11wYaajzuK1RjSsppq6xz0XXaV.jpg\" \/><img decoding=\"async\" src=\"https:\/\/ae01.alicdn.com\/kf\/HTB1DUfeajnuK1RkSmFPq6AuzFXah.jpg\" \/><img decoding=\"async\" src=\"https:\/\/ae01.alicdn.com\/kf\/HTB1o2i8acfrK1RjSszcq6xGGFXa2.jpg\" \/><img decoding=\"async\" src=\"https:\/\/ae01.alicdn.com\/kf\/HTB16Dy7acfrK1RkSmLyq6xGApXar.jpg\" \/><img decoding=\"async\" src=\"https:\/\/ae01.alicdn.com\/kf\/Se5f14f026fae4b22a49dbf4df22fb5e9v.jpg\" \/><\/h3>\n<p>&nbsp;<\/p>\n<\/div>\n<\/div>","protected":false},"excerpt":{"rendered":"<p>&nbsp; Chimique Hign-concern\u00e9:\u00a0Aucun Hauteur de l&#8217;article:\u00a055cm Num\u00e9ro de Mod\u00e8le:\u00a0Luggage 1230 Largeur de lu0027article:\u00a028cm Poids de lu0027article:\u00a04.0kg Longueur de l&#8217;article:\u00a036cm Sexe:\u00a0Unisexe<\/p>","protected":false},"featured_media":3456,"comment_status":"open","ping_status":"closed","template":"","meta":[],"product_brand":[],"product_cat":[5000,4995],"product_tag":[],"class_list":{"0":"post-3454","1":"product","2":"type-product","3":"status-publish","4":"has-post-thumbnail","6":"product_cat-bags-luggages","7":"product_cat-fashion","9":"first","10":"instock","11":"shipping-taxable","12":"purchasable","13":"product-type-variable"},"jetpack_sharing_enabled":true,"_links":{"self":[{"href":"https:\/\/afrycom.com\/fr\/wp-json\/wp\/v2\/product\/3454","targetHints":{"allow":["GET"]}}],"collection":[{"href":"https:\/\/afrycom.com\/fr\/wp-json\/wp\/v2\/product"}],"about":[{"href":"https:\/\/afrycom.com\/fr\/wp-json\/wp\/v2\/types\/product"}],"replies":[{"embeddable":true,"href":"https:\/\/afrycom.com\/fr\/wp-json\/wp\/v2\/comments?post=3454"}],"wp:featuredmedia":[{"embeddable":true,"href":"https:\/\/afrycom.com\/fr\/wp-json\/wp\/v2\/media\/3456"}],"wp:attachment":[{"href":"https:\/\/afrycom.com\/fr\/wp-json\/wp\/v2\/media?parent=3454"}],"wp:term":[{"taxonomy":"product_brand","embeddable":true,"href":"https:\/\/afrycom.com\/fr\/wp-json\/wp\/v2\/product_brand?post=3454"},{"taxonomy":"product_cat","embeddable":true,"href":"https:\/\/afrycom.com\/fr\/wp-json\/wp\/v2\/product_cat?post=3454"},{"taxonomy":"product_tag","embeddable":true,"href":"https:\/\/afrycom.com\/fr\/wp-json\/wp\/v2\/product_tag?post=3454"}],"curies":[{"name":"wp","href":"https:\/\/api.w.org\/{rel}","templated":true}]}}