{"id":3402,"date":"2025-03-08T05:54:47","date_gmt":"2025-03-08T05:54:47","guid":{"rendered":"https:\/\/afrycom.com\/product\/valise-a-roulettes-daffaires-en-aluminium-valise-voyage-en-metal-bagage-a-main-cabine-de-voyage-20-po-24-po-100-po-28-30\/"},"modified":"2025-08-13T16:31:39","modified_gmt":"2025-08-13T16:31:39","slug":"valise-a-roulettes-daffaires-en-aluminium-valise-voyage-en-metal-bagage-a-main-cabine-de-voyage-20-po-24-po-100-po-28-30","status":"publish","type":"product","link":"https:\/\/afrycom.com\/fr\/produit\/valise-a-roulettes-daffaires-en-aluminium-valise-voyage-en-metal-bagage-a-main-cabine-de-voyage-20-po-24-po-100-po-28-30\/","title":{"rendered":"Valise \u00e0 roulettes d'affaires en aluminium, valise voyage en m\u00e9tal, bagage \u00e0 main, cabine de voyage, 20 po, 24 po, 100% po, 28\/30"},"content":{"rendered":"<p>&nbsp;<\/p>\n<div class=\"product-specs-list-container\">\n<ul class=\"product-specs-list util-clearfix\">\n<li class=\"product-prop line-limit-length\"><span class=\"property-title\">Chimique Hign-concern\u00e9 :\u00a0<\/span><span class=\"property-desc line-limit-length\">Aucun<\/span><\/li>\n<li class=\"product-prop line-limit-length\"><span class=\"property-title\">Lieu du0027origine :\u00a0<\/span><span class=\"property-desc line-limit-length\">Chine (continent)<\/span><\/li>\n<li class=\"product-prop line-limit-length\"><span class=\"property-title\">Hauteur de l'article :\u00a0<\/span><span class=\"property-desc line-limit-length\">53~72cm<\/span><\/li>\n<li class=\"product-prop line-limit-length\"><span class=\"property-title\">Largeur de lu0027article :\u00a0<\/span><span class=\"property-desc line-limit-length\">20~28cm<\/span><\/li>\n<li class=\"product-prop line-limit-length\"><span class=\"property-title\">Poids de lu0027article :\u00a0<\/span><span class=\"property-desc line-limit-length\">3.7~5.8kg<\/span><\/li>\n<li class=\"product-prop line-limit-length\"><span class=\"property-title\">Longueur de l'article :\u00a0<\/span><span class=\"property-desc line-limit-length\">34~48cm<\/span><\/li>\n<li class=\"product-prop line-limit-length\"><span class=\"property-title\">Sexe :\u00a0<\/span><span class=\"property-desc line-limit-length\">Unisexe<\/span><\/li>\n<li class=\"product-prop line-limit-length\"><span class=\"property-title\">A barres de traction :\u00a0<\/span><span class=\"property-desc line-limit-length\">Oui<\/span><\/li>\n<li class=\"product-prop line-limit-length\"><span class=\"property-title\">Type de bagages :\u00a0<\/span><span class=\"property-desc line-limit-length\">Bagages roulants<\/span><\/li>\n<li class=\"product-prop line-limit-length\"><span class=\"property-title\">Avec serrure :\u00a0<\/span><span class=\"property-desc line-limit-length\">Oui<\/span><\/li>\n<li class=\"product-prop line-limit-length\"><span class=\"property-title\">Roulette :\u00a0<\/span><span class=\"property-desc line-limit-length\">Fileur<\/span><\/li>\n<li class=\"product-prop line-limit-length\"><span class=\"property-title\">Mat\u00e9riau Principal :\u00a0<\/span><span class=\"property-desc line-limit-length\">Aluminium<\/span><\/li>\n<li class=\"product-prop line-limit-length\"><span class=\"property-title\">Nom de marque :\u00a0<\/span><span class=\"property-desc line-limit-length\">LEINASEN<\/span><\/li>\n<li class=\"product-prop line-limit-length\"><span class=\"property-title\">Origine :\u00a0<\/span><span class=\"property-desc line-limit-length\">CN (Origine)<\/span><\/li>\n<li class=\"product-prop line-limit-length\"><span class=\"property-title\">CN :\u00a0<\/span><span class=\"property-desc line-limit-length\">Guangdong<\/span><\/li>\n<li class=\"product-prop line-limit-length\"><span class=\"property-title\">Type d'article :\u00a0<\/span><span class=\"property-desc line-limit-length\">Bagages<\/span><\/li>\n<li class=\"product-prop line-limit-length\"><span class=\"property-title\">Travel suitcase:\u00a0<\/span><span class=\"property-desc line-limit-length\">suitcase travel luggage<\/span><\/li>\n<li class=\"product-prop line-limit-length\"><span class=\"property-title\">suitcases on wheels:\u00a0<\/span><span class=\"property-desc line-limit-length\">travel bag<\/span><\/li>\n<li class=\"product-prop line-limit-length\"><span class=\"property-title\">Suitcases travel:\u00a0<\/span><span class=\"property-desc line-limit-length\">travel suitcases with wheels<\/span><\/li>\n<li class=\"product-prop line-limit-length\"><span class=\"property-title\">travel suitcases with wheels free shippi:\u00a0<\/span><span class=\"property-desc line-limit-length\">suitcase travel luggage<\/span><\/li>\n<li class=\"product-prop line-limit-length\"><span class=\"property-title\">Travel bags with wheels free shipping:\u00a0<\/span><span class=\"property-desc line-limit-length\">travel bags with wheels<\/span><\/li>\n<li class=\"product-prop line-limit-length\"><span class=\"property-title\">travel suitcases offers with wheels:\u00a0<\/span><span class=\"property-desc line-limit-length\">carrier travel bag<\/span><\/li>\n<li class=\"product-prop line-limit-length\"><span class=\"property-title\">large size luggage:\u00a0<\/span><span class=\"property-desc line-limit-length\">travel suitcases<\/span><\/li>\n<li class=\"product-prop line-limit-length\"><span class=\"property-title\">wheel travel bag free shipping:\u00a0<\/span><span class=\"property-desc line-limit-length\">Trolley Case<\/span><\/li>\n<li class=\"product-prop line-limit-length\"><span class=\"property-title\">travel suitcase with wheels:\u00a0<\/span><span class=\"property-desc line-limit-length\">Valise \u00e0 main<\/span><\/li>\n<li class=\"product-prop line-limit-length\"><span class=\"property-title\">travel suitcases:\u00a0<\/span><span class=\"property-desc line-limit-length\">middle size luggage<\/span><\/li>\n<li class=\"product-prop line-limit-length\"><span class=\"property-title\">suitcase travel sets:\u00a0<\/span><span class=\"property-desc line-limit-length\">case for suitcases<\/span><\/li>\n<\/ul>\n<\/div>\n<div class=\"detailmodule_text\">\n<p style=\"color: #000000;\"><img loading=\"lazy\" decoding=\"async\" src=\"https:\/\/ae01.alicdn.com\/kf\/Scfd2e5dab3d84a8695e2b1766d4b40b31.jpg\" width=\"750\" height=\"94\" \/><\/p>\n<p style=\"color: #000000;\">Material: Aluminum<\/p>\n<\/div>\n<div class=\"detailmodule_text\">\n<p style=\"color: #000000;\">Wheel: 360\u00b0 mute caster<\/p>\n<\/div>\n<div class=\"detailmodule_text\">\n<p style=\"color: #000000;\">Frame: Reinforced zipper frame<\/p>\n<\/div>\n<div class=\"detailmodule_text\">\n<p style=\"color: #000000;\">Password lock: Ordinary password lock<\/p>\n<\/div>\n<div class=\"detailmodule_text\">\n<p style=\"color: #000000;\">Tie rod: Thick alloy rod<\/p>\n<\/div>\n<div class=\"detailmodule_text\">\n<p style=\"color: #000000;\">Handle: Comfortable handle<\/p>\n<\/div>\n<div class=\"detailmodule_text\">\n<p style=\"color: #000000;\">Function: waterproof, wear-resistant, shockproof,Pressure resistance<\/p>\n<\/div>\n<div class=\"detailmodule_text\">\n<p style=\"color: #000000;\">Note2: There might be slightly difference in color,becaouse of the computer monitor settings.<\/p>\n<\/div>\n<div class=\"detailmodule_text\">\n<p style=\"color: #000000;\">Note3: With the difference in the measurement method,please allow 1-3cm in size deviation.<\/p>\n<\/div>\n<div class=\"detailmodule_text\">\n<p style=\"color: #000000;\">Note4: Some products surface are covered with a layer of protective film, in order to protection<\/p>\n<\/div>\n<div class=\"detailmodule_image\"><img decoding=\"async\" src=\"https:\/\/ae01.alicdn.com\/kf\/Sc86c2d7b9b13418ca89d849a7f958713k.jpg\" \/><img decoding=\"async\" src=\"https:\/\/ae01.alicdn.com\/kf\/S6bfec8d2e6274e6aaa76c1c67cc2bcd5j.jpg\" \/><img decoding=\"async\" src=\"https:\/\/ae01.alicdn.com\/kf\/S3e5ed71a051d45d3be939ffcc83bb1271.jpg\" \/><img decoding=\"async\" src=\"https:\/\/ae01.alicdn.com\/kf\/S2ef5b2a79836450b8c33060abe4e0712q.jpg\" \/><img decoding=\"async\" src=\"https:\/\/ae01.alicdn.com\/kf\/S16b79180d71e4708ba65838ee3e605d5j.jpg\" \/><img decoding=\"async\" src=\"https:\/\/ae01.alicdn.com\/kf\/Se929a8ea77fe4bea9b4396cf485b70f89.jpg\" \/><img decoding=\"async\" src=\"https:\/\/ae01.alicdn.com\/kf\/S3e28942a898e425597c228761b740452H.jpg\" \/><img decoding=\"async\" src=\"https:\/\/ae01.alicdn.com\/kf\/S1110b4f149314e00a5bb17f67c0a6c7eg.jpg\" \/><img decoding=\"async\" src=\"https:\/\/ae01.alicdn.com\/kf\/S0f330996c41143639fc0f0d63654c4a0G.jpg\" \/><img decoding=\"async\" src=\"https:\/\/ae01.alicdn.com\/kf\/Sffe0defc3878444595d6a4c4c04e0e768.jpg\" \/><img decoding=\"async\" src=\"https:\/\/ae01.alicdn.com\/kf\/Sbbd17417c6e946b09295c684e6e7ffb3C.jpg\" \/><img decoding=\"async\" src=\"https:\/\/ae01.alicdn.com\/kf\/S08e365880b3e4290ad54ecee60f5eae8k.jpg\" \/><img decoding=\"async\" src=\"https:\/\/ae01.alicdn.com\/kf\/S66a4fad7ca9f404591367b7fa20f1fa7g.jpg\" \/><img decoding=\"async\" src=\"https:\/\/ae01.alicdn.com\/kf\/S2ccccd967f9e452bb8e1515a9fe2d64f2.jpg\" \/><img decoding=\"async\" src=\"https:\/\/ae01.alicdn.com\/kf\/Sad4d91310f9c416fb7ea28b624cee50cN.jpg\" \/><img decoding=\"async\" src=\"https:\/\/ae01.alicdn.com\/kf\/Scf4fff6dfb164955b4f6bec855ec25664.jpg\" \/><img decoding=\"async\" src=\"https:\/\/ae01.alicdn.com\/kf\/S4a8666c7fd3345f9ac97ba38babcd1aby.jpg\" \/><img decoding=\"async\" src=\"https:\/\/ae01.alicdn.com\/kf\/S1cec2ae4d9fa483aa0b4077ba554bcbeO.jpg\" \/><img loading=\"lazy\" decoding=\"async\" src=\"https:\/\/ae01.alicdn.com\/kf\/S5c9ee30006e546a78859a69f70a582d89.jpg\" width=\"750\" height=\"750\" \/><\/div>\n<p>&nbsp;<\/p>","protected":false},"excerpt":{"rendered":"<p>&nbsp; Chimique Hign-concern\u00e9:\u00a0Aucun Lieu du0027origine:\u00a0Chine (continent) Hauteur de l&#8217;article:\u00a053~72cm Largeur de lu0027article:\u00a020~28cm Poids de lu0027article:\u00a03.7~5.8kg Longueur de l&#8217;article:\u00a034~48cm Sexe:\u00a0Unisexe A<\/p>","protected":false},"featured_media":3403,"comment_status":"open","ping_status":"closed","template":"","meta":[],"product_brand":[],"product_cat":[5000,4995],"product_tag":[],"class_list":{"0":"post-3402","1":"product","2":"type-product","3":"status-publish","4":"has-post-thumbnail","6":"product_cat-bags-luggages","7":"product_cat-fashion","9":"first","10":"instock","11":"shipping-taxable","12":"purchasable","13":"product-type-variable"},"jetpack_sharing_enabled":true,"_links":{"self":[{"href":"https:\/\/afrycom.com\/fr\/wp-json\/wp\/v2\/product\/3402","targetHints":{"allow":["GET"]}}],"collection":[{"href":"https:\/\/afrycom.com\/fr\/wp-json\/wp\/v2\/product"}],"about":[{"href":"https:\/\/afrycom.com\/fr\/wp-json\/wp\/v2\/types\/product"}],"replies":[{"embeddable":true,"href":"https:\/\/afrycom.com\/fr\/wp-json\/wp\/v2\/comments?post=3402"}],"wp:featuredmedia":[{"embeddable":true,"href":"https:\/\/afrycom.com\/fr\/wp-json\/wp\/v2\/media\/3403"}],"wp:attachment":[{"href":"https:\/\/afrycom.com\/fr\/wp-json\/wp\/v2\/media?parent=3402"}],"wp:term":[{"taxonomy":"product_brand","embeddable":true,"href":"https:\/\/afrycom.com\/fr\/wp-json\/wp\/v2\/product_brand?post=3402"},{"taxonomy":"product_cat","embeddable":true,"href":"https:\/\/afrycom.com\/fr\/wp-json\/wp\/v2\/product_cat?post=3402"},{"taxonomy":"product_tag","embeddable":true,"href":"https:\/\/afrycom.com\/fr\/wp-json\/wp\/v2\/product_tag?post=3402"}],"curies":[{"name":"wp","href":"https:\/\/api.w.org\/{rel}","templated":true}]}}