{"id":3378,"date":"2025-03-08T05:54:43","date_gmt":"2025-03-08T05:54:43","guid":{"rendered":"https:\/\/afrycom.com\/product\/valise-de-voyage-tout-en-alliage-daluminium-magnesium-bagage-daffaires-a-roulettes-sur-roulettes-valise-de-cabine-a-roulettes\/"},"modified":"2025-10-21T03:18:13","modified_gmt":"2025-10-21T03:18:13","slug":"valise-de-voyage-tout-en-alliage-daluminium-magnesium-bagage-daffaires-a-roulettes-sur-roulettes-valise-de-cabine-a-roulettes","status":"publish","type":"product","link":"https:\/\/afrycom.com\/fr\/produit\/valise-de-voyage-tout-en-alliage-daluminium-magnesium-bagage-daffaires-a-roulettes-sur-roulettes-valise-de-cabine-a-roulettes\/","title":{"rendered":"Valise de voyage tout en alliage d'aluminium-magn\u00e9sium, bagage d'affaires \u00e0 roulettes sur roulettes, valise de cabine \u00e0 roulettes"},"content":{"rendered":"<p>&nbsp;<\/p>\n<div class=\"product-specs-list-container\">\n<ul class=\"product-specs-list util-clearfix\">\n<li class=\"product-prop line-limit-length\"><span class=\"property-title\">Chimique Hign-concern\u00e9 :\u00a0<\/span><span class=\"property-desc line-limit-length\">Aucun<\/span><\/li>\n<li class=\"product-prop line-limit-length\"><span class=\"property-title\">Hauteur de l'article :\u00a0<\/span><span class=\"property-desc line-limit-length\">55cm<\/span><\/li>\n<li class=\"product-prop line-limit-length\"><span class=\"property-title\">Num\u00e9ro de Mod\u00e8le :\u00a0<\/span><span class=\"property-desc line-limit-length\">Luggage 1849<\/span><\/li>\n<li class=\"product-prop line-limit-length\"><span class=\"property-title\">Largeur de lu0027article :\u00a0<\/span><span class=\"property-desc line-limit-length\">28cm<\/span><\/li>\n<li class=\"product-prop line-limit-length\"><span class=\"property-title\">Poids de lu0027article :\u00a0<\/span><span class=\"property-desc line-limit-length\">4.0kg<\/span><\/li>\n<li class=\"product-prop line-limit-length\"><span class=\"property-title\">Longueur de l'article :\u00a0<\/span><span class=\"property-desc line-limit-length\">36cm<\/span><\/li>\n<li class=\"product-prop line-limit-length\"><span class=\"property-title\">Sexe :\u00a0<\/span><span class=\"property-desc line-limit-length\">Unisexe<\/span><\/li>\n<li class=\"product-prop line-limit-length\"><span class=\"property-title\">A barres de traction :\u00a0<\/span><span class=\"property-desc line-limit-length\">Oui<\/span><\/li>\n<li class=\"product-prop line-limit-length\"><span class=\"property-title\">Type de bagages :\u00a0<\/span><span class=\"property-desc line-limit-length\">Bagages roulants<\/span><\/li>\n<li class=\"product-prop line-limit-length\"><span class=\"property-title\">Avec serrure :\u00a0<\/span><span class=\"property-desc line-limit-length\">Oui<\/span><\/li>\n<li class=\"product-prop line-limit-length\"><span class=\"property-title\">Roulette :\u00a0<\/span><span class=\"property-desc line-limit-length\">Fileur<\/span><\/li>\n<li class=\"product-prop line-limit-length\"><span class=\"property-title\">Mat\u00e9riau Principal :\u00a0<\/span><span class=\"property-desc line-limit-length\">Aluminium<\/span><\/li>\n<li class=\"product-prop line-limit-length\"><span class=\"property-title\">Nom de marque :\u00a0<\/span><span class=\"property-desc line-limit-length\">kmikli<\/span><\/li>\n<li class=\"product-prop line-limit-length\"><span class=\"property-title\">Origine :\u00a0<\/span><span class=\"property-desc line-limit-length\">CN (Origine)<\/span><\/li>\n<li class=\"product-prop line-limit-length\"><span class=\"property-title\">CN :\u00a0<\/span><span class=\"property-desc line-limit-length\">Zhejiang<\/span><\/li>\n<li class=\"product-prop line-limit-length\"><span class=\"property-title\">Type d'article :\u00a0<\/span><span class=\"property-desc line-limit-length\">Bagages<\/span><\/li>\n<\/ul>\n<\/div>\n<div class=\"detailmodule_html\">\n<div class=\"detail-desc-decorate-richtext\">\n<p><img decoding=\"async\" src=\"https:\/\/ae01.alicdn.com\/kf\/Sc308b7061f6c433d83664af1308cb7b9N.jpg\" \/><\/p>\n<h3 style=\"font-family: 'Open Sans', Roboto, Arial, Helvetica, sans-serif, SimSun; font-size: 16px; font-weight: 400; letter-spacing: normal; line-height: 22.7pt; text-align: start; white-space: normal; color: #222222; background-color: #ffffff; margin: 0pt; padding: 0pt 0pt 0pt 0em; padding-bottom: 0pt; padding-top: 0pt; padding-right: 0pt; box-sizing: border-box;\" align=\"start\"><span style=\"color: #000000; font-size: 12pt; font-family: helvetica;\">Taille de 20 pouces: 35*55*21 cm<\/span><\/h3>\n<h3 style=\"font-family: 'Open Sans', sans-serif; font-size: 16px; font-weight: 400; letter-spacing: normal; line-height: 22.7pt; text-align: start; white-space: normal; color: #000000; background-color: #ffffff; margin: 0pt; padding: 0pt 0pt 0pt 0em; padding-bottom: 0pt; padding-top: 0pt; padding-right: 0pt; box-sizing: border-box;\" align=\"start\"><span style=\"color: #000000; font-size: 12pt; font-family: helvetica;\">Taille de 24 pouces: 40*67*24 cm<\/span><\/h3>\n<h3 style=\"font-family: 'Open Sans', sans-serif; font-size: 16px; font-weight: 400; letter-spacing: normal; line-height: 22.7pt; text-align: start; white-space: normal; color: #000000; background-color: #ffffff; margin: 0pt; padding: 0pt 0pt 0pt 0em; padding-bottom: 0pt; padding-top: 0pt; padding-right: 0pt; box-sizing: border-box;\" align=\"start\"><span style=\"color: #000000; font-size: 12pt; font-family: helvetica;\">Taille de 29 pouces: 46*76*27 cm<\/span><\/h3>\n<h3 style=\"font-family: 'Open Sans', Roboto, Arial, Helvetica, sans-serif, SimSun; font-size: 16px; font-weight: 400; letter-spacing: normal; line-height: 22.7pt; text-align: start; white-space: normal; color: #222222; background-color: #ffffff; margin: 0pt; padding: 0pt 0pt 0pt 0em; padding-bottom: 0pt; padding-top: 0pt; padding-right: 0pt; box-sizing: border-box;\" align=\"start\"><span style=\"color: #000000; font-size: 12pt; font-family: arial;\">Mati\u00e8re : Aluminium<\/span><\/h3>\n<p>&nbsp;<\/p>\n<h3 style=\"line-height: 22.7pt; margin: 0pt; padding: 0pt 0pt 0pt 0em; padding-bottom: 0pt; padding-top: 0pt; padding-right: 0pt;\"><span style=\"color: #ff0000; font-size: 12pt; font-family: arial;\">Remarque :<\/span><\/h3>\n<h3 style=\"line-height: 22.7pt; margin: 0pt; padding: 0pt 0pt 0pt 0em; padding-bottom: 0pt; padding-top: 0pt; padding-right: 0pt;\"><span style=\"color: #ff0000; font-size: 12pt; font-family: arial;\">1 : Il peut y avoir une l\u00e9g\u00e8re diff\u00e9rence de couleur en raison des param\u00e8tres de l\u2019\u00e9cran de l\u2019ordinateur.<\/span><\/h3>\n<h3 style=\"line-height: 22.7pt; margin: 0pt; padding: 0pt 0pt 0pt 0em; padding-bottom: 0pt; padding-top: 0pt; padding-right: 0pt;\"><span style=\"color: #ff0000; font-size: 12pt; font-family: arial;\">2 : En raison de la diff\u00e9rence dans la m\u00e9thode de mesure, veuillez permettre un \u00e9cart de taille de 1 \u00e0 3 cm.<\/span><\/h3>\n<h3 style=\"line-height: 22.7pt; margin: 0pt; padding: 0pt 0pt 0pt 0em; padding-bottom: 0pt; padding-top: 0pt; padding-right: 0pt;\"><span style=\"color: #ff0000; font-size: 12pt; font-family: arial;\">3 : La surface de certains produits est recouverte d\u2019une couche de film protecteur, afin de prot\u00e9ger.<\/span><\/h3>\n<p><img decoding=\"async\" src=\"https:\/\/ae01.alicdn.com\/kf\/Sa2cb6772f44c41c9bb24371a5fab2987b.jpg\" \/><img decoding=\"async\" src=\"https:\/\/ae01.alicdn.com\/kf\/S0fed88886d224fa29c6cf2cceead4891Q.jpg\" \/><img decoding=\"async\" src=\"https:\/\/ae01.alicdn.com\/kf\/Sb5975dda9591460ab44c01e34693ea447.jpg\" \/><img decoding=\"async\" src=\"https:\/\/ae01.alicdn.com\/kf\/Sc61b8d85b2e946c69acbf1e23287a8c7d.jpg\" \/><img decoding=\"async\" src=\"https:\/\/ae01.alicdn.com\/kf\/S52d06fd405b14dd1b43c34fffcd45b20o.jpg\" \/><img decoding=\"async\" src=\"https:\/\/ae01.alicdn.com\/kf\/S0659cd70d43f40cc9d1d5c57091e01aej.jpg\" \/><img decoding=\"async\" src=\"https:\/\/ae01.alicdn.com\/kf\/S0aa8531b218c4eb9b28f7e4bd4c6546dE.jpg\" \/><img decoding=\"async\" src=\"https:\/\/ae01.alicdn.com\/kf\/S1a1aa47e8b834d1fb2eefeb2159ab4a9I.jpg\" \/><img decoding=\"async\" src=\"https:\/\/ae01.alicdn.com\/kf\/S62077dc367e04ac595b7272f2c05323fT.jpg\" \/><img decoding=\"async\" src=\"https:\/\/ae01.alicdn.com\/kf\/Sa78a53e1cc7b4e77a07a6ba40a0441f37.jpg\" \/><img decoding=\"async\" src=\"https:\/\/ae01.alicdn.com\/kf\/Sbbabd5c8b9044dddbac94fd84aea6d9en.jpg\" \/><img decoding=\"async\" src=\"https:\/\/ae01.alicdn.com\/kf\/Sae61bb3bc94042b6940258944b7c19834.jpg\" \/><img decoding=\"async\" src=\"https:\/\/ae01.alicdn.com\/kf\/Safbf7b0ed89a4da482309e65d33bab37s.jpg\" \/><img decoding=\"async\" src=\"https:\/\/ae01.alicdn.com\/kf\/S742b8506e1cf4130b3c88dcb5b60e3e2g.jpg\" \/><img decoding=\"async\" src=\"https:\/\/ae01.alicdn.com\/kf\/Sf2698a39a7a342b9a3aebdb122246576X.jpg\" \/><img decoding=\"async\" src=\"https:\/\/ae01.alicdn.com\/kf\/Sd1192bcf83bf46ed8a8a89eb6b47fe90R.jpg\" \/><img decoding=\"async\" src=\"https:\/\/ae01.alicdn.com\/kf\/S43dfd5d63c604d5aa8b52816800c4c25v.jpg\" \/><img decoding=\"async\" src=\"https:\/\/ae01.alicdn.com\/kf\/Sea2935c5eeea4f0ca833c500284c1a21M.jpg\" \/><img decoding=\"async\" src=\"https:\/\/ae01.alicdn.com\/kf\/S58dfad1dd1124585a3ef06527f63e79cy.jpg\" \/><img decoding=\"async\" src=\"https:\/\/ae01.alicdn.com\/kf\/S9bbfb1ab376f417b90304f52c860881eo.jpg\" \/><img decoding=\"async\" src=\"https:\/\/ae01.alicdn.com\/kf\/Scf8d0e01b660472a89afdcf8d1e0922d0.jpg\" \/><img decoding=\"async\" src=\"https:\/\/ae01.alicdn.com\/kf\/S6a728465f5cf4030a5d3d25ded676a21X.jpg\" \/><\/p>\n<\/div>\n<\/div>","protected":false},"excerpt":{"rendered":"<p>&nbsp; Chimique Hign-concern\u00e9:\u00a0Aucun Hauteur de l&#8217;article:\u00a055cm Num\u00e9ro de Mod\u00e8le:\u00a0Luggage 1849 Largeur de lu0027article:\u00a028cm Poids de lu0027article:\u00a04.0kg Longueur de l&#8217;article:\u00a036cm Sexe:\u00a0Unisexe<\/p>","protected":false},"featured_media":3379,"comment_status":"open","ping_status":"closed","template":"","meta":[],"product_brand":[],"product_cat":[5000,4995],"product_tag":[],"class_list":{"0":"post-3378","1":"product","2":"type-product","3":"status-publish","4":"has-post-thumbnail","6":"product_cat-bags-luggages","7":"product_cat-fashion","9":"first","10":"instock","11":"shipping-taxable","12":"purchasable","13":"product-type-variable"},"jetpack_sharing_enabled":true,"_links":{"self":[{"href":"https:\/\/afrycom.com\/fr\/wp-json\/wp\/v2\/product\/3378","targetHints":{"allow":["GET"]}}],"collection":[{"href":"https:\/\/afrycom.com\/fr\/wp-json\/wp\/v2\/product"}],"about":[{"href":"https:\/\/afrycom.com\/fr\/wp-json\/wp\/v2\/types\/product"}],"replies":[{"embeddable":true,"href":"https:\/\/afrycom.com\/fr\/wp-json\/wp\/v2\/comments?post=3378"}],"wp:featuredmedia":[{"embeddable":true,"href":"https:\/\/afrycom.com\/fr\/wp-json\/wp\/v2\/media\/3379"}],"wp:attachment":[{"href":"https:\/\/afrycom.com\/fr\/wp-json\/wp\/v2\/media?parent=3378"}],"wp:term":[{"taxonomy":"product_brand","embeddable":true,"href":"https:\/\/afrycom.com\/fr\/wp-json\/wp\/v2\/product_brand?post=3378"},{"taxonomy":"product_cat","embeddable":true,"href":"https:\/\/afrycom.com\/fr\/wp-json\/wp\/v2\/product_cat?post=3378"},{"taxonomy":"product_tag","embeddable":true,"href":"https:\/\/afrycom.com\/fr\/wp-json\/wp\/v2\/product_tag?post=3378"}],"curies":[{"name":"wp","href":"https:\/\/api.w.org\/{rel}","templated":true}]}}